{"id":8340,"date":"2023-07-31T16:17:57","date_gmt":"2023-07-31T23:17:57","guid":{"rendered":"https:\/\/yyj.ca\/ressources-sur-le-stationnement-des-employes\/"},"modified":"2023-08-02T13:32:21","modified_gmt":"2023-08-02T20:32:21","slug":"ressources-sur-le-stationnement-des-employes","status":"publish","type":"page","link":"https:\/\/yyj.ca\/fr\/ressources-sur-le-stationnement-des-employes\/","title":{"rendered":"Ressources sur le stationnement des employ\u00e9s"},"content":{"rendered":"\n<section class=\"banner\">\n            <div class=\"image-wrap\" style=\"background-color: #003E52;\"><\/div>\n       <div class=\"container large\">\n                    <h1>Ressources sur le stationnement des employ\u00e9s<\/h1>\n                    <\/div>\n    <div class=\"banner-graphic\">\n        <img decoding=\"async\" src=\"\/wp-content\/themes\/eclipse360\/assets\/images\/banner-bottom.svg\" alt=\"banner-graphic\">\n    <\/div>\n<\/section>\n<section class=\"page-intro\">\n    <div class=\"container\">\n        <div class=\"content\"><p>Toutes les demandes de stationnement des employ\u00e9s doivent \u00eatre soumises en ligne, de m\u00eame que les demandes de remplacement des cartes de stationnement ou des \u00e9tiquettes suspendues en cas de perte, de vol ou de d\u00e9t\u00e9rioration.<\/p>\n<\/div>\n    <\/div>\n<\/section>\n<section class=\"block_background dark\" style=\"background-color: ;\">\n        <div class=\"container moyen\">\n        \n\n<section class=\"accordions dark\">\n        <div class=\"container\">\n                    <h2>Parking pour les employ\u00e9s de YYJ<\/h2>\n         \n                <div class=\"ac-inner\">\n                            <div class=\"accordion\">\n                    <h4 class=\"ac-trigger flex\">Je suis un employ\u00e9 travaillant \u00e0 YYJ<\/h4>\n                    <div class=\"ac-content\"><p><iframe loading=\"lazy\" id=\"employee_parking_form\" src=\"https:\/\/vortex.victoriaairport.com\/forms-iframe\/employee-parking\/permit-application\" title=\"Formulaire de stationnement pour les employ\u00e9s\" width=\"100%\" height=\"740px\"><\/iframe><br \/>\n<script>\nfunction handleMessage(event) {\n  if(typeof event.data['task'] === 'undefined') return;\n  if(event.data['task'] == 'set_height') {\n    document.getElementById('employee_parking_form').height = event.data['height'];\n  }\n  if(event.data['task'] == 'scroll_top') {\n    document.getElementById('employee_parking_form').scrollIntoView({ behavior: 'smooth' });\n  }\n}\nwindow.addEventListener('message', handleMessage);\n<\/script><\/p>\n<\/div>\n                <\/div>\n                            <div class=\"accordion\">\n                    <h4 class=\"ac-trigger flex\">J&rsquo;ai besoin de remplacer ma carte de stationnement ou mon badge d&rsquo;identification.<\/h4>\n                    <div class=\"ac-content\"><p><iframe loading=\"lazy\" id=\"employee_parking_pass\" src=\"https:\/\/vortex.victoriaairport.com\/forms-iframe\/employee-parking\/replacement\" title=\"Formulaire de stationnement pour les employ\u00e9s\" width=\"100%\" height=\"740px\"><\/iframe><br \/>\n<script>\nfunction handleMessage(event) {\n  if(typeof event.data['task'] === 'undefined') return;\n  if(event.data['task'] == 'set_height') {\n    document.getElementById('employee_parking_pass').height = event.data['height'];\n  }\n  if(event.data['task'] == 'scroll_top') {\n    document.getElementById('employee_parking_pass').scrollIntoView({ behavior: 'smooth' });\n  }\n}\nwindow.addEventListener('message', handleMessage);\n<\/script><\/p>\n<\/div>\n                <\/div>\n                            <div class=\"accordion\">\n                    <h4 class=\"ac-trigger flex\">J&rsquo;ai besoin de mettre \u00e0 jour les informations relatives \u00e0 mon v\u00e9hicule ou mes informations personnelles<\/h4>\n                    <div class=\"ac-content\"><p><iframe loading=\"lazy\" id=\"employee_parking_update\" src=\"https:\/\/vortex.victoriaairport.com\/forms-iframe\/employee-parking\/update\" title=\"Formulaire de stationnement pour les employ\u00e9s\" width=\"100%\" height=\"740px\"><\/iframe><br \/>\n<script>\nfunction handleMessage(event) {\n  if(typeof event.data['task'] === 'undefined') return;\n  if(event.data['task'] == 'set_height') {\n    document.getElementById('employee_parking_update').height = event.data['height'];\n  }\n  if(event.data['task'] == 'scroll_top') {\n    document.getElementById('employee_parking_update').scrollIntoView({ behavior: 'smooth' });\n  }\n}\nwindow.addEventListener('message', handleMessage);\n<\/script><\/p>\n<\/div>\n                <\/div>\n                    <\/div>\n    <\/div>\n<\/section>\n\n    <\/div>\n<\/section><section class=\"block_background dark\" style=\"background-color: #e0f7fa;\">\n        <div class=\"container moyen\">\n        \n\n<section class=\"accordions dark\">\n        <div class=\"container\">\n                    <h2>Parking pour les employ\u00e9s des compagnies a\u00e9riennes<\/h2>\n         \n                    <div class=\"intro\"><p><strong>S&rsquo;informer avant de postuler :<\/strong><br \/>\nAfin d&rsquo;obtenir une autorisation de stationnement pour navetteurs YYJ, vous devez soumettre un formulaire de v\u00e9rification d&#8217;emploi \u00e0 jour sur papier \u00e0 en-t\u00eate de l&rsquo;entreprise, sign\u00e9 par votre responsable de base\/station, ou par le repr\u00e9sentant autoris\u00e9 de la compagnie a\u00e9rienne pour v\u00e9rifier votre emploi. Cette lettre doit mentionner le nom du candidat, le titre de son poste, son contact et son lieu d&rsquo;activit\u00e9. Il peut \u00eatre t\u00e9l\u00e9charg\u00e9 avec votre formulaire de candidature ou envoy\u00e9 par courriel \u00e0 <a href=\"mailto:commuterparking@victoriaairport.com\">commuterparking@victoriaairport.com<\/a>, mais <strong>votre candidature ne sera pas trait\u00e9e sans ce document <\/strong>.  <\/p>\n<p><b>Le stationnement pour navetteurs peut \u00eatre pay\u00e9 par carte de cr\u00e9dit sur notre site web : <a href=\"https:\/\/vortex.victoriaairport.com\/payment\" target=\"_blank\" rel=\"noopener\">Cliquez ici<\/a><\/b><\/p>\n<\/div>\n                <div class=\"ac-inner\">\n                            <div class=\"accordion\">\n                    <h4 class=\"ac-trigger flex\">Je suis un employ\u00e9 d&rsquo;une compagnie a\u00e9rienne (h\u00f4tesse de l&rsquo;air ou pilote) qui n&rsquo;est pas bas\u00e9 \u00e0 YYJ.<\/h4>\n                    <div class=\"ac-content\"><p><iframe loading=\"lazy\" id=\"permit_form\" src=\"https:\/\/vortex.victoriaairport.com\/forms-iframe\/commuter-parking\/permit-application\" title=\"Demande de permis\" width=\"100%\" height=\"740px\"><\/iframe><br \/>\n<script>\nfunction handleMessage(event) {\n  if(typeof event.data['task'] === 'undefined') return;\n  if(event.data['task'] == 'set_height') {\n    document.getElementById('permit_form').height = event.data['height'];\n  }\n  if(event.data['task'] == 'scroll_top') {\n    document.getElementById('permit_form').scrollIntoView({ behavior: 'smooth' });\n  }\n}\nwindow.addEventListener('message', handleMessage);\n<\/script><\/p>\n<\/div>\n                <\/div>\n                            <div class=\"accordion\">\n                    <h4 class=\"ac-trigger flex\">J&rsquo;ai besoin de remplacer ma carte de stationnement ou mon badge d&rsquo;identification.<\/h4>\n                    <div class=\"ac-content\"><p><iframe loading=\"lazy\" id=\"replacement_form\" src=\"https:\/\/vortex.victoriaairport.com\/forms-iframe\/commuter-parking\/replacement\" title=\"Formulaire de remplacement\" width=\"100%\" height=\"740px\"><\/iframe><br \/>\n<script>\nfunction handleMessage(event) {\n  if(typeof event.data['task'] === 'undefined') return;\n  if(event.data['task'] == 'set_height') {\n    document.getElementById('replacement_form').height = event.data['height'];\n  }\n  if(event.data['task'] == 'scroll_top') {\n    document.getElementById('replacement_form').scrollIntoView({ behavior: 'smooth' });\n  }\n}\nwindow.addEventListener('message', handleMessage);\n<\/script><\/p>\n<\/div>\n                <\/div>\n                            <div class=\"accordion\">\n                    <h4 class=\"ac-trigger flex\">J&rsquo;ai besoin de mettre \u00e0 jour les informations relatives \u00e0 mon v\u00e9hicule ou mes informations personnelles<\/h4>\n                    <div class=\"ac-content\"><p><iframe loading=\"lazy\" id=\"update_information_form\" src=\"https:\/\/vortex.victoriaairport.com\/forms-iframe\/commuter-parking\/update\" title=\"Formulaire de mise \u00e0 jour\" width=\"100%\" height=\"740px\"><\/iframe><br \/>\n<script>\nfunction handleMessage(event) {\n  if(typeof event.data['task'] === 'undefined') return;\n  if(event.data['task'] == 'set_height') {\n    document.getElementById('update_information_form').height = event.data['height'];\n  }\n  if(event.data['task'] == 'scroll_top') {\n    document.getElementById('update_information_form').scrollIntoView({ behavior: 'smooth' });\n  }\n}\nwindow.addEventListener('message', handleMessage);\n<\/script><\/p>\n<\/div>\n                <\/div>\n                    <\/div>\n    <\/div>\n<\/section>\n\n    <\/div>\n<\/section>","protected":false},"excerpt":{"rendered":"","protected":false},"author":6,"featured_media":0,"parent":0,"menu_order":0,"comment_status":"closed","ping_status":"closed","template":"","meta":{"_acf_changed":false,"footnotes":""},"class_list":["post-8340","page","type-page","status-publish","hentry"],"acf":[],"yoast_head":"<!-- This site is optimized with the Yoast SEO plugin v27.3 - https:\/\/yoast.com\/product\/yoast-seo-wordpress\/ -->\n<title>Ressources sur le stationnement des employ\u00e9s - Victoria Airport Authority<\/title>\n<meta name=\"robots\" content=\"index, follow, max-snippet:-1, max-image-preview:large, max-video-preview:-1\" \/>\n<link rel=\"canonical\" href=\"https:\/\/yyj.ca\/fr\/ressources-sur-le-stationnement-des-employes\/\" \/>\n<meta property=\"og:locale\" content=\"fr_FR\" \/>\n<meta property=\"og:type\" content=\"article\" \/>\n<meta property=\"og:title\" content=\"Ressources sur le stationnement des employ\u00e9s - Victoria Airport Authority\" \/>\n<meta property=\"og:url\" content=\"https:\/\/yyj.ca\/fr\/ressources-sur-le-stationnement-des-employes\/\" \/>\n<meta property=\"og:site_name\" content=\"Victoria Airport Authority\" \/>\n<meta property=\"article:modified_time\" content=\"2023-08-02T20:32:21+00:00\" \/>\n<meta name=\"twitter:card\" content=\"summary_large_image\" \/>\n<script type=\"application\/ld+json\" class=\"yoast-schema-graph\">{\"@context\":\"https:\\\/\\\/schema.org\",\"@graph\":[{\"@type\":\"WebPage\",\"@id\":\"https:\\\/\\\/yyj.ca\\\/fr\\\/ressources-sur-le-stationnement-des-employes\\\/\",\"url\":\"https:\\\/\\\/yyj.ca\\\/fr\\\/ressources-sur-le-stationnement-des-employes\\\/\",\"name\":\"Ressources sur le stationnement des employ\u00e9s - Victoria Airport Authority\",\"isPartOf\":{\"@id\":\"https:\\\/\\\/yyj.ca\\\/fr\\\/#website\"},\"datePublished\":\"2023-07-31T23:17:57+00:00\",\"dateModified\":\"2023-08-02T20:32:21+00:00\",\"breadcrumb\":{\"@id\":\"https:\\\/\\\/yyj.ca\\\/fr\\\/ressources-sur-le-stationnement-des-employes\\\/#breadcrumb\"},\"inLanguage\":\"fr-FR\",\"potentialAction\":[{\"@type\":\"ReadAction\",\"target\":[\"https:\\\/\\\/yyj.ca\\\/fr\\\/ressources-sur-le-stationnement-des-employes\\\/\"]}]},{\"@type\":\"BreadcrumbList\",\"@id\":\"https:\\\/\\\/yyj.ca\\\/fr\\\/ressources-sur-le-stationnement-des-employes\\\/#breadcrumb\",\"itemListElement\":[{\"@type\":\"ListItem\",\"position\":1,\"name\":\"Home\",\"item\":\"https:\\\/\\\/yyj.ca\\\/fr\\\/\"},{\"@type\":\"ListItem\",\"position\":2,\"name\":\"Ressources sur le stationnement des employ\u00e9s\"}]},{\"@type\":\"WebSite\",\"@id\":\"https:\\\/\\\/yyj.ca\\\/fr\\\/#website\",\"url\":\"https:\\\/\\\/yyj.ca\\\/fr\\\/\",\"name\":\"Victoria Airport Authority\",\"description\":\"Victoria International Airport\",\"publisher\":{\"@id\":\"https:\\\/\\\/yyj.ca\\\/fr\\\/#organization\"},\"potentialAction\":[{\"@type\":\"SearchAction\",\"target\":{\"@type\":\"EntryPoint\",\"urlTemplate\":\"https:\\\/\\\/yyj.ca\\\/fr\\\/?s={search_term_string}\"},\"query-input\":{\"@type\":\"PropertyValueSpecification\",\"valueRequired\":true,\"valueName\":\"search_term_string\"}}],\"inLanguage\":\"fr-FR\"},{\"@type\":\"Organization\",\"@id\":\"https:\\\/\\\/yyj.ca\\\/fr\\\/#organization\",\"name\":\"Victoria Inernational Airport\",\"url\":\"https:\\\/\\\/yyj.ca\\\/fr\\\/\",\"logo\":{\"@type\":\"ImageObject\",\"inLanguage\":\"fr-FR\",\"@id\":\"https:\\\/\\\/yyj.ca\\\/fr\\\/#\\\/schema\\\/logo\\\/image\\\/\",\"url\":\"https:\\\/\\\/aeroportdevictoria.com\\\/wp-content\\\/uploads\\\/2023\\\/06\\\/yyj-logo.svg\",\"contentUrl\":\"https:\\\/\\\/aeroportdevictoria.com\\\/wp-content\\\/uploads\\\/2023\\\/06\\\/yyj-logo.svg\",\"width\":378,\"height\":73,\"caption\":\"Victoria Inernational Airport\"},\"image\":{\"@id\":\"https:\\\/\\\/yyj.ca\\\/fr\\\/#\\\/schema\\\/logo\\\/image\\\/\"}}]}<\/script>\n<!-- \/ Yoast SEO plugin. -->","yoast_head_json":{"title":"Ressources sur le stationnement des employ\u00e9s - Victoria Airport Authority","robots":{"index":"index","follow":"follow","max-snippet":"max-snippet:-1","max-image-preview":"max-image-preview:large","max-video-preview":"max-video-preview:-1"},"canonical":"https:\/\/yyj.ca\/fr\/ressources-sur-le-stationnement-des-employes\/","og_locale":"fr_FR","og_type":"article","og_title":"Ressources sur le stationnement des employ\u00e9s - Victoria Airport Authority","og_url":"https:\/\/yyj.ca\/fr\/ressources-sur-le-stationnement-des-employes\/","og_site_name":"Victoria Airport Authority","article_modified_time":"2023-08-02T20:32:21+00:00","twitter_card":"summary_large_image","schema":{"@context":"https:\/\/schema.org","@graph":[{"@type":"WebPage","@id":"https:\/\/yyj.ca\/fr\/ressources-sur-le-stationnement-des-employes\/","url":"https:\/\/yyj.ca\/fr\/ressources-sur-le-stationnement-des-employes\/","name":"Ressources sur le stationnement des employ\u00e9s - Victoria Airport Authority","isPartOf":{"@id":"https:\/\/yyj.ca\/fr\/#website"},"datePublished":"2023-07-31T23:17:57+00:00","dateModified":"2023-08-02T20:32:21+00:00","breadcrumb":{"@id":"https:\/\/yyj.ca\/fr\/ressources-sur-le-stationnement-des-employes\/#breadcrumb"},"inLanguage":"fr-FR","potentialAction":[{"@type":"ReadAction","target":["https:\/\/yyj.ca\/fr\/ressources-sur-le-stationnement-des-employes\/"]}]},{"@type":"BreadcrumbList","@id":"https:\/\/yyj.ca\/fr\/ressources-sur-le-stationnement-des-employes\/#breadcrumb","itemListElement":[{"@type":"ListItem","position":1,"name":"Home","item":"https:\/\/yyj.ca\/fr\/"},{"@type":"ListItem","position":2,"name":"Ressources sur le stationnement des employ\u00e9s"}]},{"@type":"WebSite","@id":"https:\/\/yyj.ca\/fr\/#website","url":"https:\/\/yyj.ca\/fr\/","name":"Victoria Airport Authority","description":"Victoria International Airport","publisher":{"@id":"https:\/\/yyj.ca\/fr\/#organization"},"potentialAction":[{"@type":"SearchAction","target":{"@type":"EntryPoint","urlTemplate":"https:\/\/yyj.ca\/fr\/?s={search_term_string}"},"query-input":{"@type":"PropertyValueSpecification","valueRequired":true,"valueName":"search_term_string"}}],"inLanguage":"fr-FR"},{"@type":"Organization","@id":"https:\/\/yyj.ca\/fr\/#organization","name":"Victoria Inernational Airport","url":"https:\/\/yyj.ca\/fr\/","logo":{"@type":"ImageObject","inLanguage":"fr-FR","@id":"https:\/\/yyj.ca\/fr\/#\/schema\/logo\/image\/","url":"https:\/\/aeroportdevictoria.com\/wp-content\/uploads\/2023\/06\/yyj-logo.svg","contentUrl":"https:\/\/aeroportdevictoria.com\/wp-content\/uploads\/2023\/06\/yyj-logo.svg","width":378,"height":73,"caption":"Victoria Inernational Airport"},"image":{"@id":"https:\/\/yyj.ca\/fr\/#\/schema\/logo\/image\/"}}]}},"_links":{"self":[{"href":"https:\/\/yyj.ca\/fr\/wp-json\/wp\/v2\/pages\/8340","targetHints":{"allow":["GET"]}}],"collection":[{"href":"https:\/\/yyj.ca\/fr\/wp-json\/wp\/v2\/pages"}],"about":[{"href":"https:\/\/yyj.ca\/fr\/wp-json\/wp\/v2\/types\/page"}],"author":[{"embeddable":true,"href":"https:\/\/yyj.ca\/fr\/wp-json\/wp\/v2\/users\/6"}],"replies":[{"embeddable":true,"href":"https:\/\/yyj.ca\/fr\/wp-json\/wp\/v2\/comments?post=8340"}],"version-history":[{"count":0,"href":"https:\/\/yyj.ca\/fr\/wp-json\/wp\/v2\/pages\/8340\/revisions"}],"wp:attachment":[{"href":"https:\/\/yyj.ca\/fr\/wp-json\/wp\/v2\/media?parent=8340"}],"curies":[{"name":"wp","href":"https:\/\/api.w.org\/{rel}","templated":true}]}}