{"id":8315,"date":"2023-07-31T12:53:06","date_gmt":"2023-07-31T19:53:06","guid":{"rendered":"https:\/\/yyj.ca\/centre-de-formation-yyj\/"},"modified":"2025-01-28T11:39:55","modified_gmt":"2025-01-28T18:39:55","slug":"centre-de-formation-yyj","status":"publish","type":"page","link":"https:\/\/yyj.ca\/fr\/centre-de-formation-yyj\/","title":{"rendered":"Centre de formation YYJ"},"content":{"rendered":"\n<section class=\"banner\">\n            <div class=\"image-wrap\" style=\"background-color: #003E52;\"><\/div>\n       <div class=\"container large\">\n                    <h1>Centre de formation YYJ  <\/h1>\n                    <\/div>\n    <div class=\"banner-graphic\">\n        <img decoding=\"async\" src=\"\/wp-content\/themes\/eclipse360\/assets\/images\/banner-bottom.svg\" alt=\"banner-graphic\">\n    <\/div>\n<\/section>\n<section class=\"page-intro\">\n    <div class=\"container\">\n        <div class=\"content\"><p>La page web du centre de formation YYJ a \u00e9t\u00e9 con\u00e7ue pour les employ\u00e9s de l&rsquo;A\u00e9roport international de Victoria qui ont des besoins et des exigences sp\u00e9cifiques en mati\u00e8re de formation. Les ressources ci-dessous comprennent l&rsquo;acc\u00e8s au portail du Centre de formation en ligne du YYJ et un formulaire \u00e9lectronique de demande de formation.<\/p>\n<\/div>\n    <\/div>\n<\/section>\n<section class=\"block_background dark\" style=\"background-color: ;\">\n        <div class=\"container moyen\">\n        \n\n<section class=\"accordions dark\">\n        <div class=\"container\">\n                    <h2>Formulaire de demande de formation<\/h2>\n         \n                    <div class=\"intro\"><p><iframe style=\"width: 100%; height: 200px;\" src=\"https:\/\/vortex.victoriaairport.com\/forms-iframe\/training\"><\/iframe><\/p>\n<\/div>\n                <div class=\"ac-inner\">\n                    <\/div>\n    <\/div>\n<\/section>\n\n    <\/div>\n<\/section><section class=\"block_background light\" style=\"background-color: #97abbf;\">\n        <div class=\"container moyen\">\n        \n<section class=\"block_background light\" style=\"background-color: ;\">\n        <div class=\"container moyen\">\n        \n\n<div class=\"wp-block-media-text alignwide has-media-on-the-right is-stacked-on-mobile is-image-fill\"><div class=\"wp-block-media-text__content\">\n<h3 class=\"wp-block-heading\">Bienvenue au centre de formation en ligne du YYJ<\/h3>\n\n\n\n<p>La vision de YYJ est d&rsquo;\u00eatre le meilleur a\u00e9roport du monde. Notre mission est de fournir un a\u00e9roport s\u00fbr, s\u00e9curis\u00e9 et efficace qui cr\u00e9e de la prosp\u00e9rit\u00e9 pour notre r\u00e9gion en reliant le Grand Victoria au reste du monde.<\/p>\n\n\n\n<div class=\"wp-block-buttons is-layout-flex wp-block-buttons-is-layout-flex\">\n<div class=\"wp-block-button\"><a class=\"wp-block-button__link wp-element-button\" href=\"https:\/\/yyj.rapidlms.com\">En savoir plus<\/a><\/div>\n<\/div>\n<\/div><figure class=\"wp-block-media-text__media\" style=\"background-image:url(https:\/\/yyj.ca\/wp-content\/uploads\/2023\/01\/YYJTraining-1-1024x682.jpg);background-position:50% 50%\"><img loading=\"lazy\" decoding=\"async\" width=\"1024\" height=\"682\" src=\"https:\/\/yyj.ca\/wp-content\/uploads\/2023\/01\/YYJTraining-1-1024x682.jpg\" alt=\"\" class=\"wp-image-4117 size-full\" srcset=\"https:\/\/yyj.ca\/wp-content\/uploads\/2023\/01\/YYJTraining-1-1024x682.jpg 1024w, https:\/\/yyj.ca\/wp-content\/uploads\/2023\/01\/YYJTraining-1-300x200.jpg 300w, https:\/\/yyj.ca\/wp-content\/uploads\/2023\/01\/YYJTraining-1.jpg 1201w\" sizes=\"auto, (max-width: 1024px) 100vw, 1024px\" \/><\/figure><\/div>\n\n\n    <\/div>\n<\/section>\n\n    <\/div>\n<\/section>","protected":false},"excerpt":{"rendered":"","protected":false},"author":6,"featured_media":0,"parent":0,"menu_order":0,"comment_status":"closed","ping_status":"closed","template":"","meta":{"_acf_changed":false,"footnotes":""},"class_list":["post-8315","page","type-page","status-publish","hentry"],"acf":[],"yoast_head":"<!-- This site is optimized with the Yoast SEO plugin v27.3 - https:\/\/yoast.com\/product\/yoast-seo-wordpress\/ -->\n<title>Centre de formation YYJ - Victoria Airport Authority<\/title>\n<meta name=\"robots\" content=\"index, follow, max-snippet:-1, max-image-preview:large, max-video-preview:-1\" \/>\n<link rel=\"canonical\" href=\"https:\/\/yyj.ca\/fr\/centre-de-formation-yyj\/\" \/>\n<meta property=\"og:locale\" content=\"fr_FR\" \/>\n<meta property=\"og:type\" content=\"article\" \/>\n<meta property=\"og:title\" content=\"Centre de formation YYJ - Victoria Airport Authority\" \/>\n<meta property=\"og:url\" content=\"https:\/\/yyj.ca\/fr\/centre-de-formation-yyj\/\" \/>\n<meta property=\"og:site_name\" content=\"Victoria Airport Authority\" \/>\n<meta property=\"article:modified_time\" content=\"2025-01-28T18:39:55+00:00\" \/>\n<meta property=\"og:image\" content=\"https:\/\/yyj.ca\/wp-content\/uploads\/2023\/01\/YYJTraining-1-1024x682.jpg\" \/>\n<meta name=\"twitter:card\" content=\"summary_large_image\" \/>\n<script type=\"application\/ld+json\" class=\"yoast-schema-graph\">{\"@context\":\"https:\\\/\\\/schema.org\",\"@graph\":[{\"@type\":\"WebPage\",\"@id\":\"https:\\\/\\\/yyj.ca\\\/fr\\\/centre-de-formation-yyj\\\/\",\"url\":\"https:\\\/\\\/yyj.ca\\\/fr\\\/centre-de-formation-yyj\\\/\",\"name\":\"Centre de formation YYJ - Victoria Airport Authority\",\"isPartOf\":{\"@id\":\"https:\\\/\\\/yyj.ca\\\/fr\\\/#website\"},\"primaryImageOfPage\":{\"@id\":\"https:\\\/\\\/yyj.ca\\\/fr\\\/centre-de-formation-yyj\\\/#primaryimage\"},\"image\":{\"@id\":\"https:\\\/\\\/yyj.ca\\\/fr\\\/centre-de-formation-yyj\\\/#primaryimage\"},\"thumbnailUrl\":\"https:\\\/\\\/yyj.ca\\\/wp-content\\\/uploads\\\/2023\\\/01\\\/YYJTraining-1-1024x682.jpg\",\"datePublished\":\"2023-07-31T19:53:06+00:00\",\"dateModified\":\"2025-01-28T18:39:55+00:00\",\"breadcrumb\":{\"@id\":\"https:\\\/\\\/yyj.ca\\\/fr\\\/centre-de-formation-yyj\\\/#breadcrumb\"},\"inLanguage\":\"fr-FR\",\"potentialAction\":[{\"@type\":\"ReadAction\",\"target\":[\"https:\\\/\\\/yyj.ca\\\/fr\\\/centre-de-formation-yyj\\\/\"]}]},{\"@type\":\"ImageObject\",\"inLanguage\":\"fr-FR\",\"@id\":\"https:\\\/\\\/yyj.ca\\\/fr\\\/centre-de-formation-yyj\\\/#primaryimage\",\"url\":\"https:\\\/\\\/yyj.ca\\\/wp-content\\\/uploads\\\/2023\\\/01\\\/YYJTraining-1-1024x682.jpg\",\"contentUrl\":\"https:\\\/\\\/yyj.ca\\\/wp-content\\\/uploads\\\/2023\\\/01\\\/YYJTraining-1-1024x682.jpg\"},{\"@type\":\"BreadcrumbList\",\"@id\":\"https:\\\/\\\/yyj.ca\\\/fr\\\/centre-de-formation-yyj\\\/#breadcrumb\",\"itemListElement\":[{\"@type\":\"ListItem\",\"position\":1,\"name\":\"Home\",\"item\":\"https:\\\/\\\/yyj.ca\\\/fr\\\/\"},{\"@type\":\"ListItem\",\"position\":2,\"name\":\"Centre de formation YYJ\"}]},{\"@type\":\"WebSite\",\"@id\":\"https:\\\/\\\/yyj.ca\\\/fr\\\/#website\",\"url\":\"https:\\\/\\\/yyj.ca\\\/fr\\\/\",\"name\":\"Victoria Airport Authority\",\"description\":\"Victoria International Airport\",\"publisher\":{\"@id\":\"https:\\\/\\\/yyj.ca\\\/fr\\\/#organization\"},\"potentialAction\":[{\"@type\":\"SearchAction\",\"target\":{\"@type\":\"EntryPoint\",\"urlTemplate\":\"https:\\\/\\\/yyj.ca\\\/fr\\\/?s={search_term_string}\"},\"query-input\":{\"@type\":\"PropertyValueSpecification\",\"valueRequired\":true,\"valueName\":\"search_term_string\"}}],\"inLanguage\":\"fr-FR\"},{\"@type\":\"Organization\",\"@id\":\"https:\\\/\\\/yyj.ca\\\/fr\\\/#organization\",\"name\":\"Victoria Inernational Airport\",\"url\":\"https:\\\/\\\/yyj.ca\\\/fr\\\/\",\"logo\":{\"@type\":\"ImageObject\",\"inLanguage\":\"fr-FR\",\"@id\":\"https:\\\/\\\/yyj.ca\\\/fr\\\/#\\\/schema\\\/logo\\\/image\\\/\",\"url\":\"https:\\\/\\\/aeroportdevictoria.com\\\/wp-content\\\/uploads\\\/2023\\\/06\\\/yyj-logo.svg\",\"contentUrl\":\"https:\\\/\\\/aeroportdevictoria.com\\\/wp-content\\\/uploads\\\/2023\\\/06\\\/yyj-logo.svg\",\"width\":378,\"height\":73,\"caption\":\"Victoria Inernational Airport\"},\"image\":{\"@id\":\"https:\\\/\\\/yyj.ca\\\/fr\\\/#\\\/schema\\\/logo\\\/image\\\/\"}}]}<\/script>\n<!-- \/ Yoast SEO plugin. -->","yoast_head_json":{"title":"Centre de formation YYJ - Victoria Airport Authority","robots":{"index":"index","follow":"follow","max-snippet":"max-snippet:-1","max-image-preview":"max-image-preview:large","max-video-preview":"max-video-preview:-1"},"canonical":"https:\/\/yyj.ca\/fr\/centre-de-formation-yyj\/","og_locale":"fr_FR","og_type":"article","og_title":"Centre de formation YYJ - Victoria Airport Authority","og_url":"https:\/\/yyj.ca\/fr\/centre-de-formation-yyj\/","og_site_name":"Victoria Airport Authority","article_modified_time":"2025-01-28T18:39:55+00:00","og_image":[{"url":"https:\/\/yyj.ca\/wp-content\/uploads\/2023\/01\/YYJTraining-1-1024x682.jpg","type":"","width":"","height":""}],"twitter_card":"summary_large_image","schema":{"@context":"https:\/\/schema.org","@graph":[{"@type":"WebPage","@id":"https:\/\/yyj.ca\/fr\/centre-de-formation-yyj\/","url":"https:\/\/yyj.ca\/fr\/centre-de-formation-yyj\/","name":"Centre de formation YYJ - Victoria Airport Authority","isPartOf":{"@id":"https:\/\/yyj.ca\/fr\/#website"},"primaryImageOfPage":{"@id":"https:\/\/yyj.ca\/fr\/centre-de-formation-yyj\/#primaryimage"},"image":{"@id":"https:\/\/yyj.ca\/fr\/centre-de-formation-yyj\/#primaryimage"},"thumbnailUrl":"https:\/\/yyj.ca\/wp-content\/uploads\/2023\/01\/YYJTraining-1-1024x682.jpg","datePublished":"2023-07-31T19:53:06+00:00","dateModified":"2025-01-28T18:39:55+00:00","breadcrumb":{"@id":"https:\/\/yyj.ca\/fr\/centre-de-formation-yyj\/#breadcrumb"},"inLanguage":"fr-FR","potentialAction":[{"@type":"ReadAction","target":["https:\/\/yyj.ca\/fr\/centre-de-formation-yyj\/"]}]},{"@type":"ImageObject","inLanguage":"fr-FR","@id":"https:\/\/yyj.ca\/fr\/centre-de-formation-yyj\/#primaryimage","url":"https:\/\/yyj.ca\/wp-content\/uploads\/2023\/01\/YYJTraining-1-1024x682.jpg","contentUrl":"https:\/\/yyj.ca\/wp-content\/uploads\/2023\/01\/YYJTraining-1-1024x682.jpg"},{"@type":"BreadcrumbList","@id":"https:\/\/yyj.ca\/fr\/centre-de-formation-yyj\/#breadcrumb","itemListElement":[{"@type":"ListItem","position":1,"name":"Home","item":"https:\/\/yyj.ca\/fr\/"},{"@type":"ListItem","position":2,"name":"Centre de formation YYJ"}]},{"@type":"WebSite","@id":"https:\/\/yyj.ca\/fr\/#website","url":"https:\/\/yyj.ca\/fr\/","name":"Victoria Airport Authority","description":"Victoria International Airport","publisher":{"@id":"https:\/\/yyj.ca\/fr\/#organization"},"potentialAction":[{"@type":"SearchAction","target":{"@type":"EntryPoint","urlTemplate":"https:\/\/yyj.ca\/fr\/?s={search_term_string}"},"query-input":{"@type":"PropertyValueSpecification","valueRequired":true,"valueName":"search_term_string"}}],"inLanguage":"fr-FR"},{"@type":"Organization","@id":"https:\/\/yyj.ca\/fr\/#organization","name":"Victoria Inernational Airport","url":"https:\/\/yyj.ca\/fr\/","logo":{"@type":"ImageObject","inLanguage":"fr-FR","@id":"https:\/\/yyj.ca\/fr\/#\/schema\/logo\/image\/","url":"https:\/\/aeroportdevictoria.com\/wp-content\/uploads\/2023\/06\/yyj-logo.svg","contentUrl":"https:\/\/aeroportdevictoria.com\/wp-content\/uploads\/2023\/06\/yyj-logo.svg","width":378,"height":73,"caption":"Victoria Inernational Airport"},"image":{"@id":"https:\/\/yyj.ca\/fr\/#\/schema\/logo\/image\/"}}]}},"_links":{"self":[{"href":"https:\/\/yyj.ca\/fr\/wp-json\/wp\/v2\/pages\/8315","targetHints":{"allow":["GET"]}}],"collection":[{"href":"https:\/\/yyj.ca\/fr\/wp-json\/wp\/v2\/pages"}],"about":[{"href":"https:\/\/yyj.ca\/fr\/wp-json\/wp\/v2\/types\/page"}],"author":[{"embeddable":true,"href":"https:\/\/yyj.ca\/fr\/wp-json\/wp\/v2\/users\/6"}],"replies":[{"embeddable":true,"href":"https:\/\/yyj.ca\/fr\/wp-json\/wp\/v2\/comments?post=8315"}],"version-history":[{"count":0,"href":"https:\/\/yyj.ca\/fr\/wp-json\/wp\/v2\/pages\/8315\/revisions"}],"wp:attachment":[{"href":"https:\/\/yyj.ca\/fr\/wp-json\/wp\/v2\/media?parent=8315"}],"curies":[{"name":"wp","href":"https:\/\/api.w.org\/{rel}","templated":true}]}}