{"id":7110,"date":"2023-02-07T12:42:19","date_gmt":"2023-02-07T19:42:19","guid":{"rendered":"https:\/\/yyj.eclipsedev.tk\/a-quoi-sattendre\/"},"modified":"2023-04-28T07:23:44","modified_gmt":"2023-04-28T14:23:44","slug":"a-quoi-sattendre","status":"publish","type":"page","link":"https:\/\/yyj.ca\/fr\/a-quoi-sattendre\/","title":{"rendered":"\u00c0 quoi s&rsquo;attendre"},"content":{"rendered":"\n<section class=\"banner\">\n            <div class=\"image-wrap\">\n            <img fetchpriority=\"high\" decoding=\"async\" width=\"1400\" height=\"933\" src=\"https:\/\/yyj.ca\/wp-content\/uploads\/2023\/03\/YYJ_2023-76.jpg\" class=\"attachment-full size-full\" alt=\"\" loading=\"eager\" srcset=\"https:\/\/yyj.ca\/wp-content\/uploads\/2023\/03\/YYJ_2023-76.jpg 1400w, https:\/\/yyj.ca\/wp-content\/uploads\/2023\/03\/YYJ_2023-76-300x200.jpg 300w, https:\/\/yyj.ca\/wp-content\/uploads\/2023\/03\/YYJ_2023-76-1024x682.jpg 1024w\" sizes=\"(max-width: 1400px) 100vw, 1400px\" \/>        <\/div>\n        <div class=\"container large\">\n                    <h1>\u00c0 quoi s&rsquo;attendre<\/h1>\n                    <\/div>\n    <div class=\"banner-graphic\">\n        <img decoding=\"async\" src=\"\/wp-content\/themes\/eclipse360\/assets\/images\/banner-bottom.svg\" alt=\"banner-graphic\">\n    <\/div>\n<\/section>\n<section class=\"page-intro\">\n    <div class=\"container\">\n        <div class=\"content\"><p>\u00c0 l&rsquo;a\u00e9roport international de Victoria (YYJ), la sant\u00e9 et la s\u00e9curit\u00e9 de nos passagers, partenaires, visiteurs et employ\u00e9s sont notre priorit\u00e9 absolue. C&rsquo;est pourquoi nous avons lanc\u00e9 le <strong>programme TravelSafe YYJ<\/strong>. Nous nous <strong>engageons<\/strong> aupr\u00e8s de vous \u00e0 contribuer \u00e0 enrayer la propagation du COVID-19 et \u00e0 faire en sorte que votre voyage se d\u00e9roule dans les meilleures conditions de s\u00e9curit\u00e9 possibles.<\/p>\n<p>\u00c0 YYJ, nous sommes pr\u00eats \u00e0 accueillir de nouveau les passagers !<\/p>\n<p>&nbsp;<\/p>\n<\/div>\n    <\/div>\n<\/section>\n<section class=\"block_background dark\" style=\"background-color: ;\">\n        <div class=\"container moyen\">\n        \n\n<h3 class=\"wp-block-heading\">Pratiques de nettoyage am\u00e9lior\u00e9es<\/h3>\n\n\n\n<ul class=\"wp-block-list\">\n<li>60 Des stations de d\u00e9sinfection des mains sont r\u00e9parties dans l&rsquo;ensemble de l&rsquo;a\u00e9rogare.  <\/li>\n\n\n\n<li>Tous les chariots \u00e0 bagages sont d\u00e9sinfect\u00e9s pour votre sant\u00e9 et votre s\u00e9curit\u00e9 et peuvent \u00eatre plac\u00e9s \u00e0 n&rsquo;importe quel endroit du terminal, sur le trottoir avant ou dans les parkings.<\/li>\n\n\n\n<li>Toutes les toilettes publiques font l&rsquo;objet d&rsquo;un programme de nettoyage renforc\u00e9. Toutes les poign\u00e9es, les comptoirs, les \u00e9viers et les toilettes sont d\u00e9sinfect\u00e9s toutes les heures.<\/li>\n\n\n\n<li>Tous les espaces publics font l&rsquo;objet d&rsquo;un programme de nettoyage renforc\u00e9. Les zones sont fr\u00e9quemment d\u00e9sinfect\u00e9es \u00e0 l&rsquo;aide de produits de nettoyage de qualit\u00e9 m\u00e9dicale et de dispositifs de nettoyage \u00e9lectrostatique dans les zones publiques, y compris la zone d&rsquo;enregistrement des d\u00e9parts et tous les autres points de contact tels que les poign\u00e9es de porte, les kiosques en libre-service, les mains courantes des escaliers et des escaliers roulants et les ascenseurs.  <\/li>\n<\/ul>\n\n\n\n<p><em>TravelSafeYYJ Fact Smart : Le spray textile probiotique Chrisal utilis\u00e9 prot\u00e8ge les surfaces pendant 48 heures !<\/em><\/p>\n\n\n\n<div class=\"wp-block-columns is-layout-flex wp-container-core-columns-is-layout-9d6595d7 wp-block-columns-is-layout-flex\">\n<div class=\"wp-block-column is-layout-flow wp-block-column-is-layout-flow\"><div class=\"wp-block-image\">\n<figure class=\"aligncenter size-full\"><img loading=\"lazy\" decoding=\"async\" width=\"180\" height=\"180\" src=\"https:\/\/aeroportdevictoria.com\/wp-content\/uploads\/2023\/01\/ACI_AHA_ACCREDITED_H-RESOLUTION-1_f180x180_1605219745.jpeg\" alt=\"\" class=\"wp-image-4001\" srcset=\"https:\/\/yyj.ca\/wp-content\/uploads\/2023\/01\/ACI_AHA_ACCREDITED_H-RESOLUTION-1_f180x180_1605219745.jpeg 180w, https:\/\/yyj.ca\/wp-content\/uploads\/2023\/01\/ACI_AHA_ACCREDITED_H-RESOLUTION-1_f180x180_1605219745-150x150.jpeg 150w\" sizes=\"auto, (max-width: 180px) 100vw, 180px\" \/><\/figure>\n<\/div><\/div>\n\n\n\n<div class=\"wp-block-column is-layout-flow wp-block-column-is-layout-flow\"><div class=\"wp-block-image\">\n<figure class=\"aligncenter size-medium\"><img loading=\"lazy\" decoding=\"async\" width=\"300\" height=\"249\" src=\"https:\/\/yyj.ca\/wp-content\/uploads\/2023\/01\/WTTC-SafeTravels-Stamp-YYJ-300x249.png\" alt=\"\" class=\"wp-image-4002\" srcset=\"https:\/\/yyj.ca\/wp-content\/uploads\/2023\/01\/WTTC-SafeTravels-Stamp-YYJ-300x249.png 300w, https:\/\/yyj.ca\/wp-content\/uploads\/2023\/01\/WTTC-SafeTravels-Stamp-YYJ.png 694w\" sizes=\"auto, (max-width: 300px) 100vw, 300px\" \/><\/figure>\n<\/div><\/div>\n<\/div>\n\n\n\n<div style=\"height:30px\" aria-hidden=\"true\" class=\"wp-block-spacer\"><\/div>\n\n\n\n<figure class=\"wp-block-gallery has-nested-images columns-default is-cropped wp-block-gallery-1 is-layout-flex wp-block-gallery-is-layout-flex\">\n<figure class=\"wp-block-image size-full\"><img loading=\"lazy\" decoding=\"async\" width=\"1200\" height=\"630\" data-id=\"4152\" src=\"https:\/\/aeroportdevictoria.com\/wp-content\/uploads\/2023\/02\/yyj-update-digital-screens_FB-01_1920.png\" alt=\"\" class=\"wp-image-4152\" srcset=\"https:\/\/yyj.ca\/wp-content\/uploads\/2023\/02\/yyj-update-digital-screens_FB-01_1920.png 1200w, https:\/\/yyj.ca\/wp-content\/uploads\/2023\/02\/yyj-update-digital-screens_FB-01_1920-300x158.png 300w, https:\/\/yyj.ca\/wp-content\/uploads\/2023\/02\/yyj-update-digital-screens_FB-01_1920-1024x538.png 1024w\" sizes=\"auto, (max-width: 1200px) 100vw, 1200px\" \/><\/figure>\n\n\n\n<figure class=\"wp-block-image size-full\"><img loading=\"lazy\" decoding=\"async\" width=\"1200\" height=\"630\" data-id=\"4158\" src=\"https:\/\/aeroportdevictoria.com\/wp-content\/uploads\/2023\/02\/yyj-update-digital-screens_FB-03_1920.png\" alt=\"\" class=\"wp-image-4158\" srcset=\"https:\/\/yyj.ca\/wp-content\/uploads\/2023\/02\/yyj-update-digital-screens_FB-03_1920.png 1200w, https:\/\/yyj.ca\/wp-content\/uploads\/2023\/02\/yyj-update-digital-screens_FB-03_1920-300x158.png 300w, https:\/\/yyj.ca\/wp-content\/uploads\/2023\/02\/yyj-update-digital-screens_FB-03_1920-1024x538.png 1024w\" sizes=\"auto, (max-width: 1200px) 100vw, 1200px\" \/><\/figure>\n\n\n\n<figure class=\"wp-block-image size-full\"><img loading=\"lazy\" decoding=\"async\" width=\"1200\" height=\"630\" data-id=\"4154\" src=\"https:\/\/aeroportdevictoria.com\/wp-content\/uploads\/2023\/02\/yyj-update-digital-screens_FB-04_1920.png\" alt=\"\" class=\"wp-image-4154\" srcset=\"https:\/\/yyj.ca\/wp-content\/uploads\/2023\/02\/yyj-update-digital-screens_FB-04_1920.png 1200w, https:\/\/yyj.ca\/wp-content\/uploads\/2023\/02\/yyj-update-digital-screens_FB-04_1920-300x158.png 300w, https:\/\/yyj.ca\/wp-content\/uploads\/2023\/02\/yyj-update-digital-screens_FB-04_1920-1024x538.png 1024w\" sizes=\"auto, (max-width: 1200px) 100vw, 1200px\" \/><\/figure>\n\n\n\n<figure class=\"wp-block-image size-full\"><img loading=\"lazy\" decoding=\"async\" width=\"1200\" height=\"630\" data-id=\"4157\" src=\"https:\/\/aeroportdevictoria.com\/wp-content\/uploads\/2023\/02\/yyj-update-digital-screens_FB-05_1920.png\" alt=\"\" class=\"wp-image-4157\" srcset=\"https:\/\/yyj.ca\/wp-content\/uploads\/2023\/02\/yyj-update-digital-screens_FB-05_1920.png 1200w, https:\/\/yyj.ca\/wp-content\/uploads\/2023\/02\/yyj-update-digital-screens_FB-05_1920-300x158.png 300w, https:\/\/yyj.ca\/wp-content\/uploads\/2023\/02\/yyj-update-digital-screens_FB-05_1920-1024x538.png 1024w\" sizes=\"auto, (max-width: 1200px) 100vw, 1200px\" \/><\/figure>\n\n\n\n<figure class=\"wp-block-image size-full\"><img loading=\"lazy\" decoding=\"async\" width=\"1200\" height=\"630\" data-id=\"4155\" src=\"https:\/\/aeroportdevictoria.com\/wp-content\/uploads\/2023\/02\/yyj-update-digital-screens_FB-06_1920.png\" alt=\"\" class=\"wp-image-4155\" srcset=\"https:\/\/yyj.ca\/wp-content\/uploads\/2023\/02\/yyj-update-digital-screens_FB-06_1920.png 1200w, https:\/\/yyj.ca\/wp-content\/uploads\/2023\/02\/yyj-update-digital-screens_FB-06_1920-300x158.png 300w, https:\/\/yyj.ca\/wp-content\/uploads\/2023\/02\/yyj-update-digital-screens_FB-06_1920-1024x538.png 1024w\" sizes=\"auto, (max-width: 1200px) 100vw, 1200px\" \/><\/figure>\n<\/figure>\n\n\n    <\/div>\n<\/section>","protected":false},"excerpt":{"rendered":"","protected":false},"author":1,"featured_media":0,"parent":0,"menu_order":0,"comment_status":"closed","ping_status":"closed","template":"","meta":{"_acf_changed":false,"footnotes":""},"class_list":["post-7110","page","type-page","status-publish","hentry"],"acf":[],"yoast_head":"<!-- This site is optimized with the Yoast SEO plugin v27.3 - https:\/\/yoast.com\/product\/yoast-seo-wordpress\/ -->\n<title>\u00c0 quoi s&#039;attendre - Victoria Airport Authority<\/title>\n<meta name=\"robots\" content=\"index, follow, max-snippet:-1, max-image-preview:large, max-video-preview:-1\" \/>\n<link rel=\"canonical\" href=\"https:\/\/yyj.ca\/fr\/a-quoi-sattendre\/\" \/>\n<meta property=\"og:locale\" content=\"fr_FR\" \/>\n<meta property=\"og:type\" content=\"article\" \/>\n<meta property=\"og:title\" content=\"\u00c0 quoi s&#039;attendre - Victoria Airport Authority\" \/>\n<meta property=\"og:url\" content=\"https:\/\/yyj.ca\/fr\/a-quoi-sattendre\/\" \/>\n<meta property=\"og:site_name\" content=\"Victoria Airport Authority\" \/>\n<meta property=\"article:modified_time\" content=\"2023-04-28T14:23:44+00:00\" \/>\n<meta property=\"og:image\" content=\"https:\/\/aeroportdevictoria.com\/wp-content\/uploads\/2023\/01\/ACI_AHA_ACCREDITED_H-RESOLUTION-1_f180x180_1605219745.jpeg\" \/>\n<meta name=\"twitter:card\" content=\"summary_large_image\" \/>\n<meta name=\"twitter:label1\" content=\"Dur\u00e9e de lecture estim\u00e9e\" \/>\n\t<meta name=\"twitter:data1\" content=\"1 minute\" \/>\n<script type=\"application\/ld+json\" class=\"yoast-schema-graph\">{\"@context\":\"https:\\\/\\\/schema.org\",\"@graph\":[{\"@type\":\"WebPage\",\"@id\":\"https:\\\/\\\/yyj.ca\\\/fr\\\/a-quoi-sattendre\\\/\",\"url\":\"https:\\\/\\\/yyj.ca\\\/fr\\\/a-quoi-sattendre\\\/\",\"name\":\"\u00c0 quoi s'attendre - Victoria Airport Authority\",\"isPartOf\":{\"@id\":\"https:\\\/\\\/yyj.ca\\\/fr\\\/#website\"},\"primaryImageOfPage\":{\"@id\":\"https:\\\/\\\/yyj.ca\\\/fr\\\/a-quoi-sattendre\\\/#primaryimage\"},\"image\":{\"@id\":\"https:\\\/\\\/yyj.ca\\\/fr\\\/a-quoi-sattendre\\\/#primaryimage\"},\"thumbnailUrl\":\"https:\\\/\\\/aeroportdevictoria.com\\\/wp-content\\\/uploads\\\/2023\\\/01\\\/ACI_AHA_ACCREDITED_H-RESOLUTION-1_f180x180_1605219745.jpeg\",\"datePublished\":\"2023-02-07T19:42:19+00:00\",\"dateModified\":\"2023-04-28T14:23:44+00:00\",\"breadcrumb\":{\"@id\":\"https:\\\/\\\/yyj.ca\\\/fr\\\/a-quoi-sattendre\\\/#breadcrumb\"},\"inLanguage\":\"fr-FR\",\"potentialAction\":[{\"@type\":\"ReadAction\",\"target\":[\"https:\\\/\\\/yyj.ca\\\/fr\\\/a-quoi-sattendre\\\/\"]}]},{\"@type\":\"ImageObject\",\"inLanguage\":\"fr-FR\",\"@id\":\"https:\\\/\\\/yyj.ca\\\/fr\\\/a-quoi-sattendre\\\/#primaryimage\",\"url\":\"https:\\\/\\\/aeroportdevictoria.com\\\/wp-content\\\/uploads\\\/2023\\\/01\\\/ACI_AHA_ACCREDITED_H-RESOLUTION-1_f180x180_1605219745.jpeg\",\"contentUrl\":\"https:\\\/\\\/aeroportdevictoria.com\\\/wp-content\\\/uploads\\\/2023\\\/01\\\/ACI_AHA_ACCREDITED_H-RESOLUTION-1_f180x180_1605219745.jpeg\"},{\"@type\":\"BreadcrumbList\",\"@id\":\"https:\\\/\\\/yyj.ca\\\/fr\\\/a-quoi-sattendre\\\/#breadcrumb\",\"itemListElement\":[{\"@type\":\"ListItem\",\"position\":1,\"name\":\"Home\",\"item\":\"https:\\\/\\\/yyj.ca\\\/fr\\\/\"},{\"@type\":\"ListItem\",\"position\":2,\"name\":\"\u00c0 quoi s&rsquo;attendre\"}]},{\"@type\":\"WebSite\",\"@id\":\"https:\\\/\\\/yyj.ca\\\/fr\\\/#website\",\"url\":\"https:\\\/\\\/yyj.ca\\\/fr\\\/\",\"name\":\"Victoria Airport Authority\",\"description\":\"Victoria International Airport\",\"publisher\":{\"@id\":\"https:\\\/\\\/yyj.ca\\\/fr\\\/#organization\"},\"potentialAction\":[{\"@type\":\"SearchAction\",\"target\":{\"@type\":\"EntryPoint\",\"urlTemplate\":\"https:\\\/\\\/yyj.ca\\\/fr\\\/?s={search_term_string}\"},\"query-input\":{\"@type\":\"PropertyValueSpecification\",\"valueRequired\":true,\"valueName\":\"search_term_string\"}}],\"inLanguage\":\"fr-FR\"},{\"@type\":\"Organization\",\"@id\":\"https:\\\/\\\/yyj.ca\\\/fr\\\/#organization\",\"name\":\"Victoria Inernational Airport\",\"url\":\"https:\\\/\\\/yyj.ca\\\/fr\\\/\",\"logo\":{\"@type\":\"ImageObject\",\"inLanguage\":\"fr-FR\",\"@id\":\"https:\\\/\\\/yyj.ca\\\/fr\\\/#\\\/schema\\\/logo\\\/image\\\/\",\"url\":\"https:\\\/\\\/aeroportdevictoria.com\\\/wp-content\\\/uploads\\\/2023\\\/06\\\/yyj-logo.svg\",\"contentUrl\":\"https:\\\/\\\/aeroportdevictoria.com\\\/wp-content\\\/uploads\\\/2023\\\/06\\\/yyj-logo.svg\",\"width\":378,\"height\":73,\"caption\":\"Victoria Inernational Airport\"},\"image\":{\"@id\":\"https:\\\/\\\/yyj.ca\\\/fr\\\/#\\\/schema\\\/logo\\\/image\\\/\"}}]}<\/script>\n<!-- \/ Yoast SEO plugin. -->","yoast_head_json":{"title":"\u00c0 quoi s'attendre - Victoria Airport Authority","robots":{"index":"index","follow":"follow","max-snippet":"max-snippet:-1","max-image-preview":"max-image-preview:large","max-video-preview":"max-video-preview:-1"},"canonical":"https:\/\/yyj.ca\/fr\/a-quoi-sattendre\/","og_locale":"fr_FR","og_type":"article","og_title":"\u00c0 quoi s'attendre - Victoria Airport Authority","og_url":"https:\/\/yyj.ca\/fr\/a-quoi-sattendre\/","og_site_name":"Victoria Airport Authority","article_modified_time":"2023-04-28T14:23:44+00:00","og_image":[{"url":"https:\/\/aeroportdevictoria.com\/wp-content\/uploads\/2023\/01\/ACI_AHA_ACCREDITED_H-RESOLUTION-1_f180x180_1605219745.jpeg","type":"","width":"","height":""}],"twitter_card":"summary_large_image","twitter_misc":{"Dur\u00e9e de lecture estim\u00e9e":"1 minute"},"schema":{"@context":"https:\/\/schema.org","@graph":[{"@type":"WebPage","@id":"https:\/\/yyj.ca\/fr\/a-quoi-sattendre\/","url":"https:\/\/yyj.ca\/fr\/a-quoi-sattendre\/","name":"\u00c0 quoi s'attendre - Victoria Airport Authority","isPartOf":{"@id":"https:\/\/yyj.ca\/fr\/#website"},"primaryImageOfPage":{"@id":"https:\/\/yyj.ca\/fr\/a-quoi-sattendre\/#primaryimage"},"image":{"@id":"https:\/\/yyj.ca\/fr\/a-quoi-sattendre\/#primaryimage"},"thumbnailUrl":"https:\/\/aeroportdevictoria.com\/wp-content\/uploads\/2023\/01\/ACI_AHA_ACCREDITED_H-RESOLUTION-1_f180x180_1605219745.jpeg","datePublished":"2023-02-07T19:42:19+00:00","dateModified":"2023-04-28T14:23:44+00:00","breadcrumb":{"@id":"https:\/\/yyj.ca\/fr\/a-quoi-sattendre\/#breadcrumb"},"inLanguage":"fr-FR","potentialAction":[{"@type":"ReadAction","target":["https:\/\/yyj.ca\/fr\/a-quoi-sattendre\/"]}]},{"@type":"ImageObject","inLanguage":"fr-FR","@id":"https:\/\/yyj.ca\/fr\/a-quoi-sattendre\/#primaryimage","url":"https:\/\/aeroportdevictoria.com\/wp-content\/uploads\/2023\/01\/ACI_AHA_ACCREDITED_H-RESOLUTION-1_f180x180_1605219745.jpeg","contentUrl":"https:\/\/aeroportdevictoria.com\/wp-content\/uploads\/2023\/01\/ACI_AHA_ACCREDITED_H-RESOLUTION-1_f180x180_1605219745.jpeg"},{"@type":"BreadcrumbList","@id":"https:\/\/yyj.ca\/fr\/a-quoi-sattendre\/#breadcrumb","itemListElement":[{"@type":"ListItem","position":1,"name":"Home","item":"https:\/\/yyj.ca\/fr\/"},{"@type":"ListItem","position":2,"name":"\u00c0 quoi s&rsquo;attendre"}]},{"@type":"WebSite","@id":"https:\/\/yyj.ca\/fr\/#website","url":"https:\/\/yyj.ca\/fr\/","name":"Victoria Airport Authority","description":"Victoria International Airport","publisher":{"@id":"https:\/\/yyj.ca\/fr\/#organization"},"potentialAction":[{"@type":"SearchAction","target":{"@type":"EntryPoint","urlTemplate":"https:\/\/yyj.ca\/fr\/?s={search_term_string}"},"query-input":{"@type":"PropertyValueSpecification","valueRequired":true,"valueName":"search_term_string"}}],"inLanguage":"fr-FR"},{"@type":"Organization","@id":"https:\/\/yyj.ca\/fr\/#organization","name":"Victoria Inernational Airport","url":"https:\/\/yyj.ca\/fr\/","logo":{"@type":"ImageObject","inLanguage":"fr-FR","@id":"https:\/\/yyj.ca\/fr\/#\/schema\/logo\/image\/","url":"https:\/\/aeroportdevictoria.com\/wp-content\/uploads\/2023\/06\/yyj-logo.svg","contentUrl":"https:\/\/aeroportdevictoria.com\/wp-content\/uploads\/2023\/06\/yyj-logo.svg","width":378,"height":73,"caption":"Victoria Inernational Airport"},"image":{"@id":"https:\/\/yyj.ca\/fr\/#\/schema\/logo\/image\/"}}]}},"_links":{"self":[{"href":"https:\/\/yyj.ca\/fr\/wp-json\/wp\/v2\/pages\/7110","targetHints":{"allow":["GET"]}}],"collection":[{"href":"https:\/\/yyj.ca\/fr\/wp-json\/wp\/v2\/pages"}],"about":[{"href":"https:\/\/yyj.ca\/fr\/wp-json\/wp\/v2\/types\/page"}],"author":[{"embeddable":true,"href":"https:\/\/yyj.ca\/fr\/wp-json\/wp\/v2\/users\/1"}],"replies":[{"embeddable":true,"href":"https:\/\/yyj.ca\/fr\/wp-json\/wp\/v2\/comments?post=7110"}],"version-history":[{"count":0,"href":"https:\/\/yyj.ca\/fr\/wp-json\/wp\/v2\/pages\/7110\/revisions"}],"wp:attachment":[{"href":"https:\/\/yyj.ca\/fr\/wp-json\/wp\/v2\/media?parent=7110"}],"curies":[{"name":"wp","href":"https:\/\/api.w.org\/{rel}","templated":true}]}}