{"id":7107,"date":"2023-04-20T09:30:35","date_gmt":"2023-04-20T16:30:35","guid":{"rendered":"https:\/\/yyj.eclipsedev.tk\/plan-de-developpement-durable\/"},"modified":"2025-01-23T10:40:55","modified_gmt":"2025-01-23T17:40:55","slug":"plan-de-developpement-durable","status":"publish","type":"page","link":"https:\/\/yyj.ca\/fr\/environnement-et-developpement-durable\/plan-de-developpement-durable\/","title":{"rendered":"Plan de d\u00e9veloppement durable"},"content":{"rendered":"\n<section class=\"banner\">\n            <div class=\"image-wrap\">\n                    <\/div>\n        <div class=\"container large\">\n                    <h1>Plan de d\u00e9veloppement durable<\/h1>\n                    <\/div>\n    <div class=\"banner-graphic\">\n        <img decoding=\"async\" src=\"\/wp-content\/themes\/eclipse360\/assets\/images\/banner-bottom.svg\" alt=\"banner-graphic\">\n    <\/div>\n<\/section>\n<section class=\"page-intro\">\n    <div class=\"container\">\n        <div class=\"content\"><p>Les initiatives environnementales de l&rsquo;Autorit\u00e9 a\u00e9roportuaire de Victoria (AAV) s&rsquo;appuient sur notre plan de d\u00e9veloppement durable 2020-2024. Les principaux objectifs de d\u00e9veloppement durable des Nations unies ont \u00e9t\u00e9 int\u00e9gr\u00e9s dans nos objectifs de d\u00e9veloppement durable, en mettant l&rsquo;accent sur la quantification et la r\u00e9duction des \u00e9missions de gaz \u00e0 effet de serre (GES), le d\u00e9tournement des d\u00e9chets, l&rsquo;\u00e9cologie et la biodiversit\u00e9, la qualit\u00e9 et la conservation de l&rsquo;eau, l&rsquo;impact social et l&rsquo;impact \u00e9conomique.<\/p>\n<p>En tant qu&rsquo;a\u00e9roport certifi\u00e9 Airport Carbon Accreditation (ACA) de niveau 2, nous avons quantifi\u00e9 l&#8217;empreinte GES de AAV et d\u00e9montr\u00e9 une r\u00e9duction des \u00e9missions, l&rsquo;objectif \u00e9tant de devenir un a\u00e9roport neutre en carbone d&rsquo;ici \u00e0 2030. Dans le cadre de notre plan de d\u00e9veloppement durable, nous avons restaur\u00e9 plus de 1 500 m\u00e8tres de ruisseaux, contribu\u00e9 \u00e0 l&rsquo;am\u00e9lioration de la biodiversit\u00e9 r\u00e9gionale, r\u00e9duit notre consommation d&rsquo;eau dans les terminaux, am\u00e9lior\u00e9 nos pratiques de gestion des d\u00e9chets et sommes fiers de prendre soin de nos communaut\u00e9s locales.<\/p>\n<\/div>\n    <\/div>\n<\/section>\n<section class=\"block_background dark\" style=\"background-color: ;\">\n        <div class=\"container moyen\">\n        \n\n<p><a href=\"https:\/\/yyj.ca\/wp-content\/uploads\/2023\/04\/YYJ-SustainabilityPlan2020-2024-EN.pdf\">Sustainability Plan 2020-2024 (EN)<\/a> <\/p>\n\n\n\n<p><a href=\"https:\/\/yyj.ca\/wp-content\/uploads\/2023\/01\/YYJ-SustainabilityPlan2020-2024-FR.pdf\">Sustainability Plan 2020-2024 (FR)<\/a><\/p>\n\n\n    <\/div>\n<\/section>","protected":false},"excerpt":{"rendered":"","protected":false},"author":9,"featured_media":0,"parent":6843,"menu_order":0,"comment_status":"closed","ping_status":"closed","template":"","meta":{"_acf_changed":false,"footnotes":""},"class_list":["post-7107","page","type-page","status-publish","hentry"],"acf":[],"yoast_head":"<!-- This site is optimized with the Yoast SEO plugin v27.3 - https:\/\/yoast.com\/product\/yoast-seo-wordpress\/ -->\n<title>Plan de d\u00e9veloppement durable - Victoria Airport Authority<\/title>\n<meta name=\"robots\" content=\"index, follow, max-snippet:-1, max-image-preview:large, max-video-preview:-1\" \/>\n<link rel=\"canonical\" href=\"https:\/\/yyj.ca\/fr\/environnement-et-developpement-durable\/plan-de-developpement-durable\/\" \/>\n<meta property=\"og:locale\" content=\"fr_FR\" \/>\n<meta property=\"og:type\" content=\"article\" \/>\n<meta property=\"og:title\" content=\"Plan de d\u00e9veloppement durable - Victoria Airport Authority\" \/>\n<meta property=\"og:url\" content=\"https:\/\/yyj.ca\/fr\/environnement-et-developpement-durable\/plan-de-developpement-durable\/\" \/>\n<meta property=\"og:site_name\" content=\"Victoria Airport Authority\" \/>\n<meta property=\"article:modified_time\" content=\"2025-01-23T17:40:55+00:00\" \/>\n<meta name=\"twitter:card\" content=\"summary_large_image\" \/>\n<script type=\"application\/ld+json\" class=\"yoast-schema-graph\">{\"@context\":\"https:\\\/\\\/schema.org\",\"@graph\":[{\"@type\":\"WebPage\",\"@id\":\"https:\\\/\\\/yyj.ca\\\/fr\\\/environnement-et-developpement-durable\\\/plan-de-developpement-durable\\\/\",\"url\":\"https:\\\/\\\/yyj.ca\\\/fr\\\/environnement-et-developpement-durable\\\/plan-de-developpement-durable\\\/\",\"name\":\"Plan de d\u00e9veloppement durable - Victoria Airport Authority\",\"isPartOf\":{\"@id\":\"https:\\\/\\\/yyj.ca\\\/fr\\\/#website\"},\"datePublished\":\"2023-04-20T16:30:35+00:00\",\"dateModified\":\"2025-01-23T17:40:55+00:00\",\"breadcrumb\":{\"@id\":\"https:\\\/\\\/yyj.ca\\\/fr\\\/environnement-et-developpement-durable\\\/plan-de-developpement-durable\\\/#breadcrumb\"},\"inLanguage\":\"fr-FR\",\"potentialAction\":[{\"@type\":\"ReadAction\",\"target\":[\"https:\\\/\\\/yyj.ca\\\/fr\\\/environnement-et-developpement-durable\\\/plan-de-developpement-durable\\\/\"]}]},{\"@type\":\"BreadcrumbList\",\"@id\":\"https:\\\/\\\/yyj.ca\\\/fr\\\/environnement-et-developpement-durable\\\/plan-de-developpement-durable\\\/#breadcrumb\",\"itemListElement\":[{\"@type\":\"ListItem\",\"position\":1,\"name\":\"Home\",\"item\":\"https:\\\/\\\/yyj.ca\\\/fr\\\/\"},{\"@type\":\"ListItem\",\"position\":2,\"name\":\"Environnement et d\u00e9veloppement durable\",\"item\":\"https:\\\/\\\/yyj.ca\\\/fr\\\/environnement-et-developpement-durable\\\/\"},{\"@type\":\"ListItem\",\"position\":3,\"name\":\"Plan de d\u00e9veloppement durable\"}]},{\"@type\":\"WebSite\",\"@id\":\"https:\\\/\\\/yyj.ca\\\/fr\\\/#website\",\"url\":\"https:\\\/\\\/yyj.ca\\\/fr\\\/\",\"name\":\"Victoria Airport Authority\",\"description\":\"Victoria International Airport\",\"publisher\":{\"@id\":\"https:\\\/\\\/yyj.ca\\\/fr\\\/#organization\"},\"potentialAction\":[{\"@type\":\"SearchAction\",\"target\":{\"@type\":\"EntryPoint\",\"urlTemplate\":\"https:\\\/\\\/yyj.ca\\\/fr\\\/?s={search_term_string}\"},\"query-input\":{\"@type\":\"PropertyValueSpecification\",\"valueRequired\":true,\"valueName\":\"search_term_string\"}}],\"inLanguage\":\"fr-FR\"},{\"@type\":\"Organization\",\"@id\":\"https:\\\/\\\/yyj.ca\\\/fr\\\/#organization\",\"name\":\"Victoria Inernational Airport\",\"url\":\"https:\\\/\\\/yyj.ca\\\/fr\\\/\",\"logo\":{\"@type\":\"ImageObject\",\"inLanguage\":\"fr-FR\",\"@id\":\"https:\\\/\\\/yyj.ca\\\/fr\\\/#\\\/schema\\\/logo\\\/image\\\/\",\"url\":\"https:\\\/\\\/aeroportdevictoria.com\\\/wp-content\\\/uploads\\\/2023\\\/06\\\/yyj-logo.svg\",\"contentUrl\":\"https:\\\/\\\/aeroportdevictoria.com\\\/wp-content\\\/uploads\\\/2023\\\/06\\\/yyj-logo.svg\",\"width\":378,\"height\":73,\"caption\":\"Victoria Inernational Airport\"},\"image\":{\"@id\":\"https:\\\/\\\/yyj.ca\\\/fr\\\/#\\\/schema\\\/logo\\\/image\\\/\"}}]}<\/script>\n<!-- \/ Yoast SEO plugin. -->","yoast_head_json":{"title":"Plan de d\u00e9veloppement durable - Victoria Airport Authority","robots":{"index":"index","follow":"follow","max-snippet":"max-snippet:-1","max-image-preview":"max-image-preview:large","max-video-preview":"max-video-preview:-1"},"canonical":"https:\/\/yyj.ca\/fr\/environnement-et-developpement-durable\/plan-de-developpement-durable\/","og_locale":"fr_FR","og_type":"article","og_title":"Plan de d\u00e9veloppement durable - Victoria Airport Authority","og_url":"https:\/\/yyj.ca\/fr\/environnement-et-developpement-durable\/plan-de-developpement-durable\/","og_site_name":"Victoria Airport Authority","article_modified_time":"2025-01-23T17:40:55+00:00","twitter_card":"summary_large_image","schema":{"@context":"https:\/\/schema.org","@graph":[{"@type":"WebPage","@id":"https:\/\/yyj.ca\/fr\/environnement-et-developpement-durable\/plan-de-developpement-durable\/","url":"https:\/\/yyj.ca\/fr\/environnement-et-developpement-durable\/plan-de-developpement-durable\/","name":"Plan de d\u00e9veloppement durable - Victoria Airport Authority","isPartOf":{"@id":"https:\/\/yyj.ca\/fr\/#website"},"datePublished":"2023-04-20T16:30:35+00:00","dateModified":"2025-01-23T17:40:55+00:00","breadcrumb":{"@id":"https:\/\/yyj.ca\/fr\/environnement-et-developpement-durable\/plan-de-developpement-durable\/#breadcrumb"},"inLanguage":"fr-FR","potentialAction":[{"@type":"ReadAction","target":["https:\/\/yyj.ca\/fr\/environnement-et-developpement-durable\/plan-de-developpement-durable\/"]}]},{"@type":"BreadcrumbList","@id":"https:\/\/yyj.ca\/fr\/environnement-et-developpement-durable\/plan-de-developpement-durable\/#breadcrumb","itemListElement":[{"@type":"ListItem","position":1,"name":"Home","item":"https:\/\/yyj.ca\/fr\/"},{"@type":"ListItem","position":2,"name":"Environnement et d\u00e9veloppement durable","item":"https:\/\/yyj.ca\/fr\/environnement-et-developpement-durable\/"},{"@type":"ListItem","position":3,"name":"Plan de d\u00e9veloppement durable"}]},{"@type":"WebSite","@id":"https:\/\/yyj.ca\/fr\/#website","url":"https:\/\/yyj.ca\/fr\/","name":"Victoria Airport Authority","description":"Victoria International Airport","publisher":{"@id":"https:\/\/yyj.ca\/fr\/#organization"},"potentialAction":[{"@type":"SearchAction","target":{"@type":"EntryPoint","urlTemplate":"https:\/\/yyj.ca\/fr\/?s={search_term_string}"},"query-input":{"@type":"PropertyValueSpecification","valueRequired":true,"valueName":"search_term_string"}}],"inLanguage":"fr-FR"},{"@type":"Organization","@id":"https:\/\/yyj.ca\/fr\/#organization","name":"Victoria Inernational Airport","url":"https:\/\/yyj.ca\/fr\/","logo":{"@type":"ImageObject","inLanguage":"fr-FR","@id":"https:\/\/yyj.ca\/fr\/#\/schema\/logo\/image\/","url":"https:\/\/aeroportdevictoria.com\/wp-content\/uploads\/2023\/06\/yyj-logo.svg","contentUrl":"https:\/\/aeroportdevictoria.com\/wp-content\/uploads\/2023\/06\/yyj-logo.svg","width":378,"height":73,"caption":"Victoria Inernational Airport"},"image":{"@id":"https:\/\/yyj.ca\/fr\/#\/schema\/logo\/image\/"}}]}},"_links":{"self":[{"href":"https:\/\/yyj.ca\/fr\/wp-json\/wp\/v2\/pages\/7107","targetHints":{"allow":["GET"]}}],"collection":[{"href":"https:\/\/yyj.ca\/fr\/wp-json\/wp\/v2\/pages"}],"about":[{"href":"https:\/\/yyj.ca\/fr\/wp-json\/wp\/v2\/types\/page"}],"author":[{"embeddable":true,"href":"https:\/\/yyj.ca\/fr\/wp-json\/wp\/v2\/users\/9"}],"replies":[{"embeddable":true,"href":"https:\/\/yyj.ca\/fr\/wp-json\/wp\/v2\/comments?post=7107"}],"version-history":[{"count":0,"href":"https:\/\/yyj.ca\/fr\/wp-json\/wp\/v2\/pages\/7107\/revisions"}],"up":[{"embeddable":true,"href":"https:\/\/yyj.ca\/fr\/wp-json\/wp\/v2\/pages\/6843"}],"wp:attachment":[{"href":"https:\/\/yyj.ca\/fr\/wp-json\/wp\/v2\/media?parent=7107"}],"curies":[{"name":"wp","href":"https:\/\/api.w.org\/{rel}","templated":true}]}}