{"id":7100,"date":"2023-04-20T10:37:32","date_gmt":"2023-04-20T17:37:32","guid":{"rendered":"https:\/\/yyj.eclipsedev.tk\/informations-sur-les-voyages\/objets-trouves-2\/"},"modified":"2025-01-28T11:38:01","modified_gmt":"2025-01-28T18:38:01","slug":"objets-trouves-2","status":"publish","type":"page","link":"https:\/\/yyj.ca\/fr\/informations-sur-les-voyages\/objets-trouves-2\/","title":{"rendered":"Objets trouv\u00e9s"},"content":{"rendered":"\n<section class=\"banner\">\n            <div class=\"image-wrap\">\n            <img fetchpriority=\"high\" decoding=\"async\" width=\"1400\" height=\"933\" src=\"https:\/\/yyj.ca\/wp-content\/uploads\/2023\/03\/YYJ_2023-39.jpg\" class=\"attachment-full size-full\" alt=\"\" loading=\"eager\" srcset=\"https:\/\/yyj.ca\/wp-content\/uploads\/2023\/03\/YYJ_2023-39.jpg 1400w, https:\/\/yyj.ca\/wp-content\/uploads\/2023\/03\/YYJ_2023-39-300x200.jpg 300w, https:\/\/yyj.ca\/wp-content\/uploads\/2023\/03\/YYJ_2023-39-1024x682.jpg 1024w\" sizes=\"(max-width: 1400px) 100vw, 1400px\" \/>        <\/div>\n        <div class=\"container large\">\n                    <h2 class=\"overline\">Informations pour les voyageurs<\/h2>\n                    <h1>Objets trouv\u00e9s<\/h1>\n                    <\/div>\n    <div class=\"banner-graphic\">\n        <img decoding=\"async\" src=\"\/wp-content\/themes\/eclipse360\/assets\/images\/banner-bottom.svg\" alt=\"banner-graphic\">\n    <\/div>\n<\/section>\n<section class=\"block_background dark\" style=\"background-color: ;\">\n        <div class=\"container moyen\">\n        \n\n<p><strong>Les voyageurs doivent s&rsquo;adresser directement \u00e0 leur <a href=\"https:\/\/aeroportdevictoria.com\/vols\/compagnies-aeriennes-et-destinations\/\">compagnie a\u00e9rienne<\/a> pour obtenir des informations ou de l&rsquo;aide concernant les objets laiss\u00e9s \u00e0 bord des avions et les bagages perdus, retard\u00e9s ou endommag\u00e9s.<\/strong>  <strong>Les objets laiss\u00e9s \u00e0 bord resteront sous la garde de la compagnie a\u00e9rienne.<\/strong><\/p>\n\n\n\n<p>Pour les objets perdus dans l&rsquo;a\u00e9rogare ou sur le site de l&rsquo;a\u00e9roport (enregistrement, arriv\u00e9es ou contr\u00f4le pr\u00e9embarquement), notre service des objets trouv\u00e9s est situ\u00e9 dans notre centre de services a\u00e9roportuaires.  <\/p>\n\n\n\n<p><strong>Pour obtenir des informations sur les objets trouv\u00e9s, veuillez remplir le formulaire ci-dessous et l&rsquo;envoyer.  <\/strong> <\/p>\n\n\n\n<p>Le personnel de l&rsquo;a\u00e9roport fera tout son possible pour retrouver l&rsquo;objet perdu. Si l&rsquo;objet est retrouv\u00e9 et que son propri\u00e9taire peut \u00eatre v\u00e9rifi\u00e9, le propri\u00e9taire peut venir le chercher en personne ou d\u00e9signer un membre de sa famille ou un ami pour aller le chercher au Centre de services a\u00e9roportuaires situ\u00e9 au 1710 Convair Place, North Saanich, BC, V8L 5V4. Il s&rsquo;agit du b\u00e2timent situ\u00e9 juste \u00e0 l&rsquo;est de l&rsquo;a\u00e9rogare.<\/p>\n\n\n\n<p>Veuillez noter que nous n&rsquo;envoyons pas d&rsquo;objets perdus ou trouv\u00e9s par courrier ou par coursier.<\/p>\n\n\n\n<p>L&rsquo;A\u00e9roport international de Victoria n&rsquo;est pas responsable des dommages caus\u00e9s aux objets perdus et trouv\u00e9s. Tous les articles seront stock\u00e9s pendant une p\u00e9riode de trente (30) jours, apr\u00e8s quoi ils seront donn\u00e9s \u00e0 une organisation caritative locale.<\/p>\n\n\n\n<p>Les objets perdus et trouv\u00e9s ne seront pas conserv\u00e9s quand :<\/p>\n\n\n\n<ul class=\"wp-block-list\">\n<li>il existe un probl\u00e8me de s\u00e9curit\u00e9 tel que le stockage de mati\u00e8res dangereuses ;<\/li>\n\n\n\n<li>le ou les objets sont laiss\u00e9s \u00e0 c\u00f4t\u00e9 ou \u00e0 l&rsquo;int\u00e9rieur d&rsquo;une poubelle ; ou<\/li>\n\n\n\n<li>un (des) produit(s) p\u00e9rissable(s).<\/li>\n<\/ul>\n\n\n\n<p>En cas de perte d&rsquo;une pi\u00e8ce d&rsquo;identit\u00e9 personnelle (permis de conduire, carte d&rsquo;\u00e9tudiant, document d\u00e9livr\u00e9 par le gouvernement), le personnel de l&rsquo;a\u00e9roport tentera de contacter le propri\u00e9taire. En cas d&rsquo;\u00e9chec, l&rsquo;article sera d\u00e9pos\u00e9 dans la bo\u00eete aux lettres de Postes Canada la plus proche et renvoy\u00e9 \u00e0 l&rsquo;agence \u00e9mettrice.<\/p>\n\n\n\n<p>Remarque : Tous les passeports trouv\u00e9s ou remis au Centre de services a\u00e9roportuaires seront renvoy\u00e9s au bureau des services de passeports du Canada le plus proche si l&rsquo;on ne parvient pas \u00e0 contacter le propri\u00e9taire.  <\/p>\n\n\n\n<p>Pour tout objet perdu ou oubli\u00e9 \u00e0 l&rsquo;int\u00e9rieur d&rsquo;un taxi, d&rsquo;un v\u00e9hicule de covoiturage, d&rsquo;une navette ou d&rsquo;une voiture de location, veuillez contacter directement la compagnie.<\/p>\n\n\n    <\/div>\n<\/section><section class=\"block_background dark\" style=\"background-color: ;\">\n        <div class=\"container moyen\">\n        \n\n<h3 id=\"lostform\">Objets trouv\u00e9s<\/h3>\n<iframe loading=\"lazy\" id=\"lost_form\" src=\"https:\/\/vortex.victoriaairport.com\/forms-iframe\/lostfound\" title=\"Objets trouv\u00e9s\" width=\"100%\" height=\"740px\"><\/iframe>\n<script>\nfunction handleMessage(event) {\n  if(typeof event.data['task'] === 'undefined') return;\n  if(event.data['task'] == 'set_height') {\n    document.getElementById('lost_form').height = event.data['height'];\n  }\n  if(event.data['task'] == 'scroll_top') {\n    document.getElementById('lostform').scrollIntoView({ behavior: 'smooth' });\n  }\n}\nwindow.addEventListener('message', handleMessage);\n<\/script>\n\n\n    <\/div>\n<\/section>\n<figure class=\"wp-block-gallery has-nested-images columns-5 is-cropped wp-block-gallery-1 is-layout-flex wp-block-gallery-is-layout-flex\">\n<figure class=\"wp-block-image size-full\"><img loading=\"lazy\" decoding=\"async\" width=\"750\" height=\"611\" data-id=\"4173\" src=\"https:\/\/yyj.ca\/wp-content\/uploads\/2023\/02\/YYJ_SAMPLE_IMAGES-19.jpg\" alt=\"\" class=\"wp-image-4173\" srcset=\"https:\/\/yyj.ca\/wp-content\/uploads\/2023\/02\/YYJ_SAMPLE_IMAGES-19.jpg 750w, https:\/\/yyj.ca\/wp-content\/uploads\/2023\/02\/YYJ_SAMPLE_IMAGES-19-300x244.jpg 300w\" sizes=\"auto, (max-width: 750px) 100vw, 750px\" \/><\/figure>\n\n\n\n<figure class=\"wp-block-image size-full\"><img loading=\"lazy\" decoding=\"async\" width=\"750\" height=\"500\" data-id=\"4174\" src=\"https:\/\/yyj.ca\/wp-content\/uploads\/2023\/02\/YYJ_SAMPLE_IMAGES.jpg\" alt=\"\" class=\"wp-image-4174\" srcset=\"https:\/\/yyj.ca\/wp-content\/uploads\/2023\/02\/YYJ_SAMPLE_IMAGES.jpg 750w, https:\/\/yyj.ca\/wp-content\/uploads\/2023\/02\/YYJ_SAMPLE_IMAGES-300x200.jpg 300w\" sizes=\"auto, (max-width: 750px) 100vw, 750px\" \/><\/figure>\n\n\n\n<figure class=\"wp-block-image size-large\"><img loading=\"lazy\" decoding=\"async\" width=\"1024\" height=\"682\" data-id=\"4231\" src=\"https:\/\/yyj.ca\/wp-content\/uploads\/2023\/02\/YYJ_2023-229-1024x682.jpg\" alt=\"\" class=\"wp-image-4231\" srcset=\"https:\/\/yyj.ca\/wp-content\/uploads\/2023\/02\/YYJ_2023-229-1024x682.jpg 1024w, https:\/\/yyj.ca\/wp-content\/uploads\/2023\/02\/YYJ_2023-229-300x200.jpg 300w, https:\/\/yyj.ca\/wp-content\/uploads\/2023\/02\/YYJ_2023-229.jpg 1400w\" sizes=\"auto, (max-width: 1024px) 100vw, 1024px\" \/><\/figure>\n\n\n\n<figure class=\"wp-block-image size-full\"><img loading=\"lazy\" decoding=\"async\" width=\"750\" height=\"500\" data-id=\"4175\" src=\"https:\/\/yyj.ca\/wp-content\/uploads\/2023\/02\/YYJ_SAMPLE_IMAGES-6.jpg\" alt=\"\" class=\"wp-image-4175\" srcset=\"https:\/\/yyj.ca\/wp-content\/uploads\/2023\/02\/YYJ_SAMPLE_IMAGES-6.jpg 750w, https:\/\/yyj.ca\/wp-content\/uploads\/2023\/02\/YYJ_SAMPLE_IMAGES-6-300x200.jpg 300w\" sizes=\"auto, (max-width: 750px) 100vw, 750px\" \/><\/figure>\n\n\n\n<figure class=\"wp-block-image size-large\"><img loading=\"lazy\" decoding=\"async\" width=\"1024\" height=\"682\" data-id=\"4230\" src=\"https:\/\/yyj.ca\/wp-content\/uploads\/2023\/02\/YYJ_2023-30-1024x682.jpg\" alt=\"\" class=\"wp-image-4230\" srcset=\"https:\/\/yyj.ca\/wp-content\/uploads\/2023\/02\/YYJ_2023-30-1024x682.jpg 1024w, https:\/\/yyj.ca\/wp-content\/uploads\/2023\/02\/YYJ_2023-30-300x200.jpg 300w, https:\/\/yyj.ca\/wp-content\/uploads\/2023\/02\/YYJ_2023-30.jpg 1400w\" sizes=\"auto, (max-width: 1024px) 100vw, 1024px\" \/><\/figure>\n<\/figure>\n","protected":false},"excerpt":{"rendered":"","protected":false},"author":1,"featured_media":0,"parent":6937,"menu_order":69,"comment_status":"closed","ping_status":"closed","template":"","meta":{"_acf_changed":false,"footnotes":""},"class_list":["post-7100","page","type-page","status-publish","hentry"],"acf":[],"yoast_head":"<!-- This site is optimized with the Yoast SEO plugin v27.3 - https:\/\/yoast.com\/product\/yoast-seo-wordpress\/ -->\n<title>Objets trouv\u00e9s - Victoria Airport Authority<\/title>\n<meta name=\"robots\" content=\"index, follow, max-snippet:-1, max-image-preview:large, max-video-preview:-1\" \/>\n<link rel=\"canonical\" href=\"https:\/\/yyj.ca\/fr\/informations-sur-les-voyages\/objets-trouves-2\/\" \/>\n<meta property=\"og:locale\" content=\"fr_FR\" \/>\n<meta property=\"og:type\" content=\"article\" \/>\n<meta property=\"og:title\" content=\"Objets trouv\u00e9s - Victoria Airport Authority\" \/>\n<meta property=\"og:url\" content=\"https:\/\/yyj.ca\/fr\/informations-sur-les-voyages\/objets-trouves-2\/\" \/>\n<meta property=\"og:site_name\" content=\"Victoria Airport Authority\" \/>\n<meta property=\"article:modified_time\" content=\"2025-01-28T18:38:01+00:00\" \/>\n<meta name=\"twitter:card\" content=\"summary_large_image\" \/>\n<meta name=\"twitter:label1\" content=\"Dur\u00e9e de lecture estim\u00e9e\" \/>\n\t<meta name=\"twitter:data1\" content=\"2 minutes\" \/>\n<script type=\"application\/ld+json\" class=\"yoast-schema-graph\">{\"@context\":\"https:\\\/\\\/schema.org\",\"@graph\":[{\"@type\":\"WebPage\",\"@id\":\"https:\\\/\\\/yyj.ca\\\/fr\\\/informations-sur-les-voyages\\\/objets-trouves-2\\\/\",\"url\":\"https:\\\/\\\/yyj.ca\\\/fr\\\/informations-sur-les-voyages\\\/objets-trouves-2\\\/\",\"name\":\"Objets trouv\u00e9s - Victoria Airport Authority\",\"isPartOf\":{\"@id\":\"https:\\\/\\\/yyj.ca\\\/fr\\\/#website\"},\"datePublished\":\"2023-04-20T17:37:32+00:00\",\"dateModified\":\"2025-01-28T18:38:01+00:00\",\"breadcrumb\":{\"@id\":\"https:\\\/\\\/yyj.ca\\\/fr\\\/informations-sur-les-voyages\\\/objets-trouves-2\\\/#breadcrumb\"},\"inLanguage\":\"fr-FR\",\"potentialAction\":[{\"@type\":\"ReadAction\",\"target\":[\"https:\\\/\\\/yyj.ca\\\/fr\\\/informations-sur-les-voyages\\\/objets-trouves-2\\\/\"]}]},{\"@type\":\"BreadcrumbList\",\"@id\":\"https:\\\/\\\/yyj.ca\\\/fr\\\/informations-sur-les-voyages\\\/objets-trouves-2\\\/#breadcrumb\",\"itemListElement\":[{\"@type\":\"ListItem\",\"position\":1,\"name\":\"Home\",\"item\":\"https:\\\/\\\/yyj.ca\\\/fr\\\/\"},{\"@type\":\"ListItem\",\"position\":2,\"name\":\"Informations sur les voyages\",\"item\":\"https:\\\/\\\/yyj.ca\\\/fr\\\/informations-sur-les-voyages\\\/\"},{\"@type\":\"ListItem\",\"position\":3,\"name\":\"Objets trouv\u00e9s\"}]},{\"@type\":\"WebSite\",\"@id\":\"https:\\\/\\\/yyj.ca\\\/fr\\\/#website\",\"url\":\"https:\\\/\\\/yyj.ca\\\/fr\\\/\",\"name\":\"Victoria Airport Authority\",\"description\":\"Victoria International Airport\",\"publisher\":{\"@id\":\"https:\\\/\\\/yyj.ca\\\/fr\\\/#organization\"},\"potentialAction\":[{\"@type\":\"SearchAction\",\"target\":{\"@type\":\"EntryPoint\",\"urlTemplate\":\"https:\\\/\\\/yyj.ca\\\/fr\\\/?s={search_term_string}\"},\"query-input\":{\"@type\":\"PropertyValueSpecification\",\"valueRequired\":true,\"valueName\":\"search_term_string\"}}],\"inLanguage\":\"fr-FR\"},{\"@type\":\"Organization\",\"@id\":\"https:\\\/\\\/yyj.ca\\\/fr\\\/#organization\",\"name\":\"Victoria Inernational Airport\",\"url\":\"https:\\\/\\\/yyj.ca\\\/fr\\\/\",\"logo\":{\"@type\":\"ImageObject\",\"inLanguage\":\"fr-FR\",\"@id\":\"https:\\\/\\\/yyj.ca\\\/fr\\\/#\\\/schema\\\/logo\\\/image\\\/\",\"url\":\"https:\\\/\\\/aeroportdevictoria.com\\\/wp-content\\\/uploads\\\/2023\\\/06\\\/yyj-logo.svg\",\"contentUrl\":\"https:\\\/\\\/aeroportdevictoria.com\\\/wp-content\\\/uploads\\\/2023\\\/06\\\/yyj-logo.svg\",\"width\":378,\"height\":73,\"caption\":\"Victoria Inernational Airport\"},\"image\":{\"@id\":\"https:\\\/\\\/yyj.ca\\\/fr\\\/#\\\/schema\\\/logo\\\/image\\\/\"}}]}<\/script>\n<!-- \/ Yoast SEO plugin. -->","yoast_head_json":{"title":"Objets trouv\u00e9s - Victoria Airport Authority","robots":{"index":"index","follow":"follow","max-snippet":"max-snippet:-1","max-image-preview":"max-image-preview:large","max-video-preview":"max-video-preview:-1"},"canonical":"https:\/\/yyj.ca\/fr\/informations-sur-les-voyages\/objets-trouves-2\/","og_locale":"fr_FR","og_type":"article","og_title":"Objets trouv\u00e9s - Victoria Airport Authority","og_url":"https:\/\/yyj.ca\/fr\/informations-sur-les-voyages\/objets-trouves-2\/","og_site_name":"Victoria Airport Authority","article_modified_time":"2025-01-28T18:38:01+00:00","twitter_card":"summary_large_image","twitter_misc":{"Dur\u00e9e de lecture estim\u00e9e":"2 minutes"},"schema":{"@context":"https:\/\/schema.org","@graph":[{"@type":"WebPage","@id":"https:\/\/yyj.ca\/fr\/informations-sur-les-voyages\/objets-trouves-2\/","url":"https:\/\/yyj.ca\/fr\/informations-sur-les-voyages\/objets-trouves-2\/","name":"Objets trouv\u00e9s - Victoria Airport Authority","isPartOf":{"@id":"https:\/\/yyj.ca\/fr\/#website"},"datePublished":"2023-04-20T17:37:32+00:00","dateModified":"2025-01-28T18:38:01+00:00","breadcrumb":{"@id":"https:\/\/yyj.ca\/fr\/informations-sur-les-voyages\/objets-trouves-2\/#breadcrumb"},"inLanguage":"fr-FR","potentialAction":[{"@type":"ReadAction","target":["https:\/\/yyj.ca\/fr\/informations-sur-les-voyages\/objets-trouves-2\/"]}]},{"@type":"BreadcrumbList","@id":"https:\/\/yyj.ca\/fr\/informations-sur-les-voyages\/objets-trouves-2\/#breadcrumb","itemListElement":[{"@type":"ListItem","position":1,"name":"Home","item":"https:\/\/yyj.ca\/fr\/"},{"@type":"ListItem","position":2,"name":"Informations sur les voyages","item":"https:\/\/yyj.ca\/fr\/informations-sur-les-voyages\/"},{"@type":"ListItem","position":3,"name":"Objets trouv\u00e9s"}]},{"@type":"WebSite","@id":"https:\/\/yyj.ca\/fr\/#website","url":"https:\/\/yyj.ca\/fr\/","name":"Victoria Airport Authority","description":"Victoria International Airport","publisher":{"@id":"https:\/\/yyj.ca\/fr\/#organization"},"potentialAction":[{"@type":"SearchAction","target":{"@type":"EntryPoint","urlTemplate":"https:\/\/yyj.ca\/fr\/?s={search_term_string}"},"query-input":{"@type":"PropertyValueSpecification","valueRequired":true,"valueName":"search_term_string"}}],"inLanguage":"fr-FR"},{"@type":"Organization","@id":"https:\/\/yyj.ca\/fr\/#organization","name":"Victoria Inernational Airport","url":"https:\/\/yyj.ca\/fr\/","logo":{"@type":"ImageObject","inLanguage":"fr-FR","@id":"https:\/\/yyj.ca\/fr\/#\/schema\/logo\/image\/","url":"https:\/\/aeroportdevictoria.com\/wp-content\/uploads\/2023\/06\/yyj-logo.svg","contentUrl":"https:\/\/aeroportdevictoria.com\/wp-content\/uploads\/2023\/06\/yyj-logo.svg","width":378,"height":73,"caption":"Victoria Inernational Airport"},"image":{"@id":"https:\/\/yyj.ca\/fr\/#\/schema\/logo\/image\/"}}]}},"_links":{"self":[{"href":"https:\/\/yyj.ca\/fr\/wp-json\/wp\/v2\/pages\/7100","targetHints":{"allow":["GET"]}}],"collection":[{"href":"https:\/\/yyj.ca\/fr\/wp-json\/wp\/v2\/pages"}],"about":[{"href":"https:\/\/yyj.ca\/fr\/wp-json\/wp\/v2\/types\/page"}],"author":[{"embeddable":true,"href":"https:\/\/yyj.ca\/fr\/wp-json\/wp\/v2\/users\/1"}],"replies":[{"embeddable":true,"href":"https:\/\/yyj.ca\/fr\/wp-json\/wp\/v2\/comments?post=7100"}],"version-history":[{"count":0,"href":"https:\/\/yyj.ca\/fr\/wp-json\/wp\/v2\/pages\/7100\/revisions"}],"up":[{"embeddable":true,"href":"https:\/\/yyj.ca\/fr\/wp-json\/wp\/v2\/pages\/6937"}],"wp:attachment":[{"href":"https:\/\/yyj.ca\/fr\/wp-json\/wp\/v2\/media?parent=7100"}],"curies":[{"name":"wp","href":"https:\/\/api.w.org\/{rel}","templated":true}]}}