{"id":7093,"date":"2023-03-31T10:19:39","date_gmt":"2023-03-31T17:19:39","guid":{"rendered":"https:\/\/yyj.eclipsedev.tk\/sinformer-avant-de-partir\/"},"modified":"2025-01-29T08:13:59","modified_gmt":"2025-01-29T15:13:59","slug":"sinformer-avant-de-partir","status":"publish","type":"page","link":"https:\/\/yyj.ca\/fr\/informations-sur-les-voyages\/sinformer-avant-de-partir\/","title":{"rendered":"S&rsquo;informer avant de partir"},"content":{"rendered":"\n<p><\/p>\n\n<section class=\"banner\">\n            <div class=\"image-wrap\">\n            <img fetchpriority=\"high\" decoding=\"async\" width=\"1600\" height=\"1065\" src=\"https:\/\/yyj.ca\/wp-content\/uploads\/2023\/04\/YYJ_2023-80.jpg\" class=\"attachment-full size-full\" alt=\"\" loading=\"eager\" srcset=\"https:\/\/yyj.ca\/wp-content\/uploads\/2023\/04\/YYJ_2023-80.jpg 1600w, https:\/\/yyj.ca\/wp-content\/uploads\/2023\/04\/YYJ_2023-80-300x200.jpg 300w, https:\/\/yyj.ca\/wp-content\/uploads\/2023\/04\/YYJ_2023-80-1024x682.jpg 1024w, https:\/\/yyj.ca\/wp-content\/uploads\/2023\/04\/YYJ_2023-80-1536x1022.jpg 1536w\" sizes=\"(max-width: 1600px) 100vw, 1600px\" \/>        <\/div>\n        <div class=\"container large\">\n                    <h1>S&rsquo;informer avant de partir<\/h1>\n                    <\/div>\n    <div class=\"banner-graphic\">\n        <img decoding=\"async\" src=\"\/wp-content\/themes\/eclipse360\/assets\/images\/banner-bottom.svg\" alt=\"banner-graphic\">\n    <\/div>\n<\/section>\n<section class=\"page-intro\">\n    <div class=\"container\">\n        <div class=\"content\"><p>Quelques ressources pour faciliter votre voyage.<\/p>\n<\/div>\n    <\/div>\n<\/section>\n\n<section class=\"accordions dark pad-top\">\n        <div class=\"container\">\n         \n                <div class=\"ac-inner\">\n                            <div class=\"accordion\">\n                    <h4 class=\"ac-trigger flex\">Vous voyagez vers ou \u00e0 travers le Canada ?<\/h4>\n                    <div class=\"ac-content\"><p>Pour plus d&rsquo;informations sur la pr\u00e9paration de votre voyage, consultez le site de l&rsquo;<a href=\"https:\/\/www.catsa-acsta.gc.ca\/en\">Administration canadienne de la s\u00fbret\u00e9 du transport a\u00e9rien<\/a> pour v\u00e9rifier si les articles doivent \u00eatre plac\u00e9s dans les bagages enregistr\u00e9s ou dans les bagages \u00e0 main. Si vous apportez des cadeaux, laissez-les sans emballage car ils pourraient devoir \u00eatre inspect\u00e9s.<\/p>\n<p>Renseignez-vous aupr\u00e8s de votre <a href=\"https:\/\/aeroportdevictoria.com\/vols\/compagnies-aeriennes-et-destinations\/\">compagnie a\u00e9rienne<\/a> pour conna\u00eetre les restrictions et les frais li\u00e9s aux bagages.<\/p>\n<\/div>\n                <\/div>\n                            <div class=\"accordion\">\n                    <h4 class=\"ac-trigger flex\">Vous vous rendez aux \u00c9tats-Unis ou vous les traversez ?<\/h4>\n                    <div class=\"ac-content\"><p>Pour plus d&rsquo;informations sur la pr\u00e9paration de votre voyage et sur les proc\u00e9dures et politiques de contr\u00f4le de s\u00e9curit\u00e9 aux points de contr\u00f4le, consultez le site web de l&rsquo;<a href=\"http:\/\/www.tsa.gov\/traveler-information\" target=\"_blank\" rel=\"noopener\">administration de la s\u00e9curit\u00e9 des transports (Transport Security Administration<\/a> ).<\/p>\n<p>&nbsp;<\/p>\n<\/div>\n                <\/div>\n                            <div class=\"accordion\">\n                    <h4 class=\"ac-trigger flex\">Le cannabis et les fronti\u00e8res<\/h4>\n                    <div class=\"ac-content\"><p><a href=\"https:\/\/www.canada.ca\/fr\/services\/sante\/campagnes\/cannabis\/frontiere.html\" target=\"_blank\" rel=\"noopener\">Les faits<\/a><\/p>\n<\/div>\n                <\/div>\n                            <div class=\"accordion\">\n                    <h4 class=\"ac-trigger flex\">Passeports<\/h4>\n                    <div class=\"ac-content\"><p>Si vous \u00eates un citoyen canadien et que vous cherchez des informations sur les passeports, veuillez consulter le <a href=\"https:\/\/www.canada.ca\/en\/immigration-refugees-citizenship\/services\/canadian-passports.html\" target=\"_blank\" rel=\"noopener\">site web de Passeport Canada<\/a>.<\/p>\n<p>Si vous \u00eates un citoyen am\u00e9ricain et que vous cherchez des informations sur les passeports, veuillez consulter le <a href=\"http:\/\/www.travel.state.gov\/passport\/passport_1738.html\" target=\"_blank\" rel=\"noopener\">site web du d\u00e9partement d&rsquo;\u00c9tat des<\/a> \u00c9tats-Unis.<\/p>\n<p>Pour les voyages au Mexique, veuillez noter que les agents des douanes et de l&rsquo;immigration mexicains <strong>pourraient refuser l&rsquo;<\/strong> entr\u00e9e \u00e0 toute personne arrivant avec un passeport endommag\u00e9 (d\u00e9chirures, coins manquants ou d\u00e9g\u00e2ts des eaux sur la couverture ou les pages int\u00e9rieures).<\/p>\n<p>Pour plus d&rsquo;informations, veuillez consulter le site<br \/>\n<a href=\"https:\/\/www.cbsa-asfc.gc.ca\/menu-fra.html\" target=\"_blank\" rel=\"noopener\">Douanes et protection des fronti\u00e8res des \u00c9tats-Unis<\/a><br \/>\n<a href=\"http:\/\/www.cbsa-asfc.gc.ca\/menu-eng.html\" target=\"_blank\" rel=\"noopener\">Agence des services frontaliers du Canada<\/a><\/p>\n<div class=\"ac-content\">\n<p>Les visiteurs en provenance ou \u00e0 destination des Am\u00e9riques, y compris les citoyens canadiens, doivent pr\u00e9senter un passeport pour entrer ou revenir aux \u00c9tats-Unis.<\/p>\n<p>L&rsquo;<a class=\"external\" href=\"http:\/\/www.cbsa-asfc.gc.ca\/\" target=\"_blank\" rel=\"noopener nofollow\">Agence des services frontaliers du Canada<\/a> fournit des informations compl\u00e9mentaires sur les r\u00e9glementations frontali\u00e8res entre le Canada et les \u00c9tats-Unis. Des informations sur les demandes de passeport canadien sont disponibles aupr\u00e8s de <a class=\"external\" href=\"https:\/\/www.cbsa-asfc.gc.ca\/menu-fra.html\" target=\"_blank\" rel=\"noopener nofollow\">Passeport Canada<\/a>. Pour de plus amples informations sur la politique des \u00c9tats-Unis, vous pouvez consulter le <a class=\"external\" href=\"http:\/\/www.state.gov\/\" target=\"_blank\" rel=\"noopener nofollow\">d\u00e9partement d&rsquo;\u00c9tat am\u00e9ricain<\/a> ou le <a class=\"external\" href=\"http:\/\/www.uscis.gov\/\" target=\"_blank\" rel=\"noopener nofollow\">service d&rsquo;immigration des \u00c9tats-Unis<\/a>.<\/p>\n<\/div>\n<\/div>\n                <\/div>\n                            <div class=\"accordion\">\n                    <h4 class=\"ac-trigger flex\">Exigences en mati\u00e8re de visa<\/h4>\n                    <div class=\"ac-content\"><p><a href=\"https:\/\/ircc.canada.ca\/francais\/visiter\/visas.asp\" target=\"_blank\" rel=\"noopener\">D\u00e9couvrez si vous avez besoin d&rsquo;un visa pour entrer au Canada<\/a><br \/>\n<a href=\"https:\/\/www.canada.ca\/fr\/immigration-refugies-citoyennete\/services\/visiter-canada\/demande-visa-visiteur.html\" target=\"_blank\" rel=\"noopener\">Plus d&rsquo;informations sur la demande de visa d&rsquo;entr\u00e9e au Canada<\/a><\/p>\n<p>V\u00e9rifiez aupr\u00e8s de votre <a href=\"https:\/\/aeroportdevictoria.com\/vols\/compagnies-aeriennes-et-destinations\/\">compagnie a\u00e9rienne<\/a> pour vous assurer que vous disposez des pi\u00e8ces d\u2019identit\u00e9 et des documents de voyage valides requis pour tous les passagers, y compris les enfants. Si vous n\u2019\u00eates pas citoyen canadien ou am\u00e9ricain et que vous voyagez aux \u00c9tats-Unis, il se peut que vous deviez remplir une demande d\u2019Autorisation de Voyage \u00c9lectronique (Electronic System for Travel Authorization &#8211; ESTA), que vous pouvez effectuer en ligne avant d\u2019arriver \u00e0 l\u2019a\u00e9roport en visitant le <a class=\"icon ext\" href=\"https:\/\/www.cbp.gov\/travel\/international-visitors\/esta\" target=\"_blank\" rel=\"noopener\">site Web d\u2019ESTA<\/a>.<\/p>\n<\/div>\n                <\/div>\n                    <\/div>\n    <\/div>\n<\/section>","protected":false},"excerpt":{"rendered":"","protected":false},"author":1,"featured_media":0,"parent":6937,"menu_order":0,"comment_status":"closed","ping_status":"closed","template":"","meta":{"_acf_changed":false,"footnotes":""},"class_list":["post-7093","page","type-page","status-publish","hentry"],"acf":[],"yoast_head":"<!-- This site is optimized with the Yoast SEO plugin v27.3 - https:\/\/yoast.com\/product\/yoast-seo-wordpress\/ -->\n<title>S&#039;informer avant de partir - Victoria Airport Authority<\/title>\n<meta name=\"robots\" content=\"index, follow, max-snippet:-1, max-image-preview:large, max-video-preview:-1\" \/>\n<link rel=\"canonical\" href=\"https:\/\/yyj.ca\/fr\/informations-sur-les-voyages\/sinformer-avant-de-partir\/\" \/>\n<meta property=\"og:locale\" content=\"fr_FR\" \/>\n<meta property=\"og:type\" content=\"article\" \/>\n<meta property=\"og:title\" content=\"S&#039;informer avant de partir - Victoria Airport Authority\" \/>\n<meta property=\"og:url\" content=\"https:\/\/yyj.ca\/fr\/informations-sur-les-voyages\/sinformer-avant-de-partir\/\" \/>\n<meta property=\"og:site_name\" content=\"Victoria Airport Authority\" \/>\n<meta property=\"article:modified_time\" content=\"2025-01-29T15:13:59+00:00\" \/>\n<meta name=\"twitter:card\" content=\"summary_large_image\" \/>\n<script type=\"application\/ld+json\" class=\"yoast-schema-graph\">{\"@context\":\"https:\\\/\\\/schema.org\",\"@graph\":[{\"@type\":\"WebPage\",\"@id\":\"https:\\\/\\\/yyj.ca\\\/fr\\\/informations-sur-les-voyages\\\/sinformer-avant-de-partir\\\/\",\"url\":\"https:\\\/\\\/yyj.ca\\\/fr\\\/informations-sur-les-voyages\\\/sinformer-avant-de-partir\\\/\",\"name\":\"S'informer avant de partir - Victoria Airport Authority\",\"isPartOf\":{\"@id\":\"https:\\\/\\\/yyj.ca\\\/fr\\\/#website\"},\"datePublished\":\"2023-03-31T17:19:39+00:00\",\"dateModified\":\"2025-01-29T15:13:59+00:00\",\"breadcrumb\":{\"@id\":\"https:\\\/\\\/yyj.ca\\\/fr\\\/informations-sur-les-voyages\\\/sinformer-avant-de-partir\\\/#breadcrumb\"},\"inLanguage\":\"fr-FR\",\"potentialAction\":[{\"@type\":\"ReadAction\",\"target\":[\"https:\\\/\\\/yyj.ca\\\/fr\\\/informations-sur-les-voyages\\\/sinformer-avant-de-partir\\\/\"]}]},{\"@type\":\"BreadcrumbList\",\"@id\":\"https:\\\/\\\/yyj.ca\\\/fr\\\/informations-sur-les-voyages\\\/sinformer-avant-de-partir\\\/#breadcrumb\",\"itemListElement\":[{\"@type\":\"ListItem\",\"position\":1,\"name\":\"Home\",\"item\":\"https:\\\/\\\/yyj.ca\\\/fr\\\/\"},{\"@type\":\"ListItem\",\"position\":2,\"name\":\"Informations sur les voyages\",\"item\":\"https:\\\/\\\/yyj.ca\\\/fr\\\/informations-sur-les-voyages\\\/\"},{\"@type\":\"ListItem\",\"position\":3,\"name\":\"S&rsquo;informer avant de partir\"}]},{\"@type\":\"WebSite\",\"@id\":\"https:\\\/\\\/yyj.ca\\\/fr\\\/#website\",\"url\":\"https:\\\/\\\/yyj.ca\\\/fr\\\/\",\"name\":\"Victoria Airport Authority\",\"description\":\"Victoria International Airport\",\"publisher\":{\"@id\":\"https:\\\/\\\/yyj.ca\\\/fr\\\/#organization\"},\"potentialAction\":[{\"@type\":\"SearchAction\",\"target\":{\"@type\":\"EntryPoint\",\"urlTemplate\":\"https:\\\/\\\/yyj.ca\\\/fr\\\/?s={search_term_string}\"},\"query-input\":{\"@type\":\"PropertyValueSpecification\",\"valueRequired\":true,\"valueName\":\"search_term_string\"}}],\"inLanguage\":\"fr-FR\"},{\"@type\":\"Organization\",\"@id\":\"https:\\\/\\\/yyj.ca\\\/fr\\\/#organization\",\"name\":\"Victoria Inernational Airport\",\"url\":\"https:\\\/\\\/yyj.ca\\\/fr\\\/\",\"logo\":{\"@type\":\"ImageObject\",\"inLanguage\":\"fr-FR\",\"@id\":\"https:\\\/\\\/yyj.ca\\\/fr\\\/#\\\/schema\\\/logo\\\/image\\\/\",\"url\":\"https:\\\/\\\/aeroportdevictoria.com\\\/wp-content\\\/uploads\\\/2023\\\/06\\\/yyj-logo.svg\",\"contentUrl\":\"https:\\\/\\\/aeroportdevictoria.com\\\/wp-content\\\/uploads\\\/2023\\\/06\\\/yyj-logo.svg\",\"width\":378,\"height\":73,\"caption\":\"Victoria Inernational Airport\"},\"image\":{\"@id\":\"https:\\\/\\\/yyj.ca\\\/fr\\\/#\\\/schema\\\/logo\\\/image\\\/\"}}]}<\/script>\n<!-- \/ Yoast SEO plugin. -->","yoast_head_json":{"title":"S'informer avant de partir - Victoria Airport Authority","robots":{"index":"index","follow":"follow","max-snippet":"max-snippet:-1","max-image-preview":"max-image-preview:large","max-video-preview":"max-video-preview:-1"},"canonical":"https:\/\/yyj.ca\/fr\/informations-sur-les-voyages\/sinformer-avant-de-partir\/","og_locale":"fr_FR","og_type":"article","og_title":"S'informer avant de partir - Victoria Airport Authority","og_url":"https:\/\/yyj.ca\/fr\/informations-sur-les-voyages\/sinformer-avant-de-partir\/","og_site_name":"Victoria Airport Authority","article_modified_time":"2025-01-29T15:13:59+00:00","twitter_card":"summary_large_image","schema":{"@context":"https:\/\/schema.org","@graph":[{"@type":"WebPage","@id":"https:\/\/yyj.ca\/fr\/informations-sur-les-voyages\/sinformer-avant-de-partir\/","url":"https:\/\/yyj.ca\/fr\/informations-sur-les-voyages\/sinformer-avant-de-partir\/","name":"S'informer avant de partir - Victoria Airport Authority","isPartOf":{"@id":"https:\/\/yyj.ca\/fr\/#website"},"datePublished":"2023-03-31T17:19:39+00:00","dateModified":"2025-01-29T15:13:59+00:00","breadcrumb":{"@id":"https:\/\/yyj.ca\/fr\/informations-sur-les-voyages\/sinformer-avant-de-partir\/#breadcrumb"},"inLanguage":"fr-FR","potentialAction":[{"@type":"ReadAction","target":["https:\/\/yyj.ca\/fr\/informations-sur-les-voyages\/sinformer-avant-de-partir\/"]}]},{"@type":"BreadcrumbList","@id":"https:\/\/yyj.ca\/fr\/informations-sur-les-voyages\/sinformer-avant-de-partir\/#breadcrumb","itemListElement":[{"@type":"ListItem","position":1,"name":"Home","item":"https:\/\/yyj.ca\/fr\/"},{"@type":"ListItem","position":2,"name":"Informations sur les voyages","item":"https:\/\/yyj.ca\/fr\/informations-sur-les-voyages\/"},{"@type":"ListItem","position":3,"name":"S&rsquo;informer avant de partir"}]},{"@type":"WebSite","@id":"https:\/\/yyj.ca\/fr\/#website","url":"https:\/\/yyj.ca\/fr\/","name":"Victoria Airport Authority","description":"Victoria International Airport","publisher":{"@id":"https:\/\/yyj.ca\/fr\/#organization"},"potentialAction":[{"@type":"SearchAction","target":{"@type":"EntryPoint","urlTemplate":"https:\/\/yyj.ca\/fr\/?s={search_term_string}"},"query-input":{"@type":"PropertyValueSpecification","valueRequired":true,"valueName":"search_term_string"}}],"inLanguage":"fr-FR"},{"@type":"Organization","@id":"https:\/\/yyj.ca\/fr\/#organization","name":"Victoria Inernational Airport","url":"https:\/\/yyj.ca\/fr\/","logo":{"@type":"ImageObject","inLanguage":"fr-FR","@id":"https:\/\/yyj.ca\/fr\/#\/schema\/logo\/image\/","url":"https:\/\/aeroportdevictoria.com\/wp-content\/uploads\/2023\/06\/yyj-logo.svg","contentUrl":"https:\/\/aeroportdevictoria.com\/wp-content\/uploads\/2023\/06\/yyj-logo.svg","width":378,"height":73,"caption":"Victoria Inernational Airport"},"image":{"@id":"https:\/\/yyj.ca\/fr\/#\/schema\/logo\/image\/"}}]}},"_links":{"self":[{"href":"https:\/\/yyj.ca\/fr\/wp-json\/wp\/v2\/pages\/7093","targetHints":{"allow":["GET"]}}],"collection":[{"href":"https:\/\/yyj.ca\/fr\/wp-json\/wp\/v2\/pages"}],"about":[{"href":"https:\/\/yyj.ca\/fr\/wp-json\/wp\/v2\/types\/page"}],"author":[{"embeddable":true,"href":"https:\/\/yyj.ca\/fr\/wp-json\/wp\/v2\/users\/1"}],"replies":[{"embeddable":true,"href":"https:\/\/yyj.ca\/fr\/wp-json\/wp\/v2\/comments?post=7093"}],"version-history":[{"count":0,"href":"https:\/\/yyj.ca\/fr\/wp-json\/wp\/v2\/pages\/7093\/revisions"}],"up":[{"embeddable":true,"href":"https:\/\/yyj.ca\/fr\/wp-json\/wp\/v2\/pages\/6937"}],"wp:attachment":[{"href":"https:\/\/yyj.ca\/fr\/wp-json\/wp\/v2\/media?parent=7093"}],"curies":[{"name":"wp","href":"https:\/\/api.w.org\/{rel}","templated":true}]}}