{"id":7083,"date":"2023-04-10T15:45:13","date_gmt":"2023-04-10T22:45:13","guid":{"rendered":"https:\/\/yyj.eclipsedev.tk\/ressources-pour-les-locataires\/"},"modified":"2025-01-29T11:39:20","modified_gmt":"2025-01-29T18:39:20","slug":"ressources-pour-les-locataires","status":"publish","type":"page","link":"https:\/\/yyj.ca\/fr\/partenariat-avec-nous\/ressources-pour-les-locataires\/","title":{"rendered":"Ressources pour les locataires"},"content":{"rendered":"\n<section class=\"banner\">\n            <div class=\"image-wrap\" style=\"background-color: #003E52;\"><\/div>\n       <div class=\"container large\">\n                    <h1>Ressources pour les locataires<\/h1>\n                    <\/div>\n    <div class=\"banner-graphic\">\n        <img decoding=\"async\" src=\"\/wp-content\/themes\/eclipse360\/assets\/images\/banner-bottom.svg\" alt=\"banner-graphic\">\n    <\/div>\n<\/section>\n<section class=\"page-intro\">\n    <div class=\"container\">\n        <div class=\"content\"><h3>Pour commencer<\/h3>\n<p><a href=\"https:\/\/yyj.ca\/wp-content\/uploads\/2023\/12\/Land-Use-Plan-and-Permitted-Uses.pdf\" target=\"_blank\" rel=\"noreferrer noopener\">Plan d&rsquo;occupation des sols et document sur les utilisations autoris\u00e9es<\/a><\/p>\n<p><a href=\"https:\/\/yyj.ca\/wp-content\/uploads\/2024\/06\/Project-Delivery-Process_20240527.pdf\" target=\"_blank\" rel=\"noreferrer noopener\">Feuille de route du processus d&rsquo;autorisation<\/a><\/p>\n<h4>Loi f\u00e9d\u00e9rale sur l&rsquo;\u00e9valuation des incidences<\/h4>\n<p>  Les terres VAA sont soumises \u00e0 la loi f\u00e9d\u00e9rale sur les \u00e9tudes d&rsquo;impact. Chaque projet doit \u00eatre \u00e9valu\u00e9 afin de d\u00e9terminer s&rsquo;il rel\u00e8ve de la loi sur l&rsquo;\u00e9valuation des incidences. S&rsquo;il est \u00e9tabli que le projet propos\u00e9 rel\u00e8ve de la loi, un plan de protection de l&rsquo;environnement (PPE) \u00e9labor\u00e9 par un professionnel de l&rsquo;environnement sera exig\u00e9 au cours de la phase de d\u00e9livrance du permis de construire avant que la construction ne puisse commencer. Des mises \u00e0 jour des lignes directrices relatives au d\u00e9veloppement et aux permis de construire sont en cours.  <\/p>\n<h4>Votre projet n\u00e9cessite-t-il l&rsquo;intervention d&rsquo;un architecte ?<\/h4>\n<p>  Le 10 f\u00e9vrier 2023, l&rsquo;Architectural Institute of British Columbia (AIBC) passera \u00e0 la <em>Professional Governance Act <\/em>. Cette transition a entra\u00een\u00e9 l&rsquo;abrogation de l&rsquo;<em>Architects Act <\/em>et l&rsquo;introduction de plusieurs nouveaux documents r\u00e9glementaires. Nous vous encourageons \u00e0 consulter ces documents pour d\u00e9terminer si votre projet n\u00e9cessite l&rsquo;intervention d&rsquo;un architecte. Si vous avez des questions concernant l&rsquo;obligation d&rsquo;engager les services d&rsquo;un architecte pour votre projet, veuillez contacter directement l&rsquo;AIBC en envoyant un courriel \u00e0 practiceadvice@aibc.ca ou en composant le 604-305-2699.  <a href=\"https:\/\/www.bclaws.gov.bc.ca\/civix\/document\/id\/complete\/statreg\/18047\">Loi sur la gouvernance professionnelle<\/a><\/p>\n<p><a href=\"https:\/\/yyj.ca\/wp-content\/uploads\/2023\/07\/Architects-Regulation.pdf\">R\u00e8glement de l&rsquo;architecte<\/a><\/p>\n<h4>2024 Code de la construction de la Colombie-Britannique<\/h4>\n<p>  Le code de la construction de la Colombie-Britannique 2024 entrera en vigueur le 8 mars 2024, \u00e0 l&rsquo;exception des modifications li\u00e9es aux tremblements de terre, qui entreront en vigueur le 10 mars 2025.  <a href=\"https:\/\/www2.gov.bc.ca\/gov\/content\/industry\/construction-industry\/building-codes-standards\/bc-codes\/2024-bc-codes\">2024 Code de la construction de la Colombie-Britannique<\/a><\/p>\n<\/div>\n    <\/div>\n<\/section>\n<section class=\"block_background dark\" style=\"background-color: ;\">\n        <div class=\"container moyen\">\n        \n\n<section class=\"accordions dark\">\n        <div class=\"container\">\n         \n                    <div class=\"intro\"><p><br data-mce-bogus=\"1\"><\/p>\n<\/div>\n                <div class=\"ac-inner\">\n                            <div class=\"accordion\">\n                    <h4 class=\"ac-trigger flex\">Permis de construire<\/h4>\n                    <div class=\"ac-content\"><ul>\n<li><a href=\"https:\/\/yyj.ca\/wp-content\/uploads\/2023\/04\/VAA-Development-Permit-Faq.pdf\" target=\"_blank\" rel=\"noopener\" data-mce-href=\"https:\/\/yyj.ca\/wp-content\/uploads\/2023\/04\/VAA-Development-Permit-Faq.pdf\">Questions fr\u00e9quemment pos\u00e9es<\/a><\/li>\n<li><a href=\"https:\/\/yyj.ca\/wp-content\/uploads\/2024\/06\/VAA-Development-Permit-Guidelines-2024-Double-Sided-Print.pdf\" target=\"_blank\" rel=\"noopener\" data-mce-href=\"https:\/\/yyj.ca\/wp-content\/uploads\/2024\/06\/VAA-Development-Permit-Guidelines-2024-Double-Sided-Print.pdf\">Lignes directrices pour les permis de d\u00e9veloppement&nbsp;<\/a>\n<ul>\n<li><a href=\"https:\/\/yyj.ca\/wp-content\/uploads\/2023\/01\/VAA-Authority-to-Act-as-Agent.pdf\" target=\"_blank\" rel=\"noopener\" data-mce-href=\"https:\/\/yyj.ca\/wp-content\/uploads\/2023\/01\/VAA-Authority-to-Act-as-Agent.pdf\">Pouvoir d&rsquo;agir en tant qu&rsquo;agent<\/a><\/li>\n<li><a href=\"https:\/\/yyj.ca\/wp-content\/uploads\/2023\/01\/VAA-Development-Permit-Prescreening-Application-DP1.pdf\" target=\"_blank\" rel=\"noopener\" data-mce-href=\"https:\/\/yyj.ca\/wp-content\/uploads\/2023\/01\/VAA-Development-Permit-Prescreening-Application-DP1.pdf\">Formulaire de pr\u00e9s\u00e9lection de la demande de projet&nbsp;(DP1)<\/a><\/li>\n<li><a href=\"https:\/\/yyj.ca\/wp-content\/uploads\/2024\/06\/VAA-Development-Permit-Application-DP2.pdf\" target=\"_blank\" rel=\"noopener\" data-mce-href=\"https:\/\/yyj.ca\/wp-content\/uploads\/2024\/06\/VAA-Development-Permit-Application-DP2.pdf\">Liste de contr\u00f4le pour la demande de permis de construire&nbsp;(DP2)<\/a><\/li>\n<\/ul>\n<\/li>\n<\/ul>\n<\/div>\n                <\/div>\n                            <div class=\"accordion\">\n                    <h4 class=\"ac-trigger flex\">Permis de construire<\/h4>\n                    <div class=\"ac-content\"><ul>\n<li><a href=\"https:\/\/yyj.ca\/wp-content\/uploads\/2023\/04\/VAA-Building-Permit-Guidelines.pdf\" target=\"_blank\" rel=\"noopener\" data-mce-href=\"https:\/\/yyj.ca\/wp-content\/uploads\/2023\/04\/VAA-Building-Permit-Guidelines.pdf\">Lignes directrices pour les permis de construire<\/a>\n<ul>\n<li><a href=\"https:\/\/yyj.ca\/wp-content\/uploads\/2023\/01\/VAA-Authority-to-Act-as-Agent.pdf\" target=\"_blank\" rel=\"noopener\" data-mce-href=\"https:\/\/yyj.ca\/wp-content\/uploads\/2023\/01\/VAA-Authority-to-Act-as-Agent.pdf\">Pouvoir d&rsquo;agir en tant qu&rsquo;agent<\/a><\/li>\n<li><a href=\"https:\/\/yyj.ca\/wp-content\/uploads\/2023\/04\/VAA-Schedule-of-Fees-BP1.pdf\" target=\"_blank\" rel=\"noopener\" data-mce-href=\"https:\/\/yyj.ca\/wp-content\/uploads\/2023\/04\/VAA-Schedule-of-Fees-BP1.pdf\">Permis de construire &#8211; Bar\u00e8me des taxes (BP1)<\/a><\/li>\n<li><a href=\"https:\/\/yyj.ca\/wp-content\/uploads\/2023\/04\/VAA-Building-Permit-Application-BP2.pdf\" target=\"_blank\" rel=\"noopener\" data-mce-href=\"https:\/\/yyj.ca\/wp-content\/uploads\/2023\/04\/VAA-Building-Permit-Application-BP2.pdf\">Formulaire de demande de permis de construire (BP2)<\/a><\/li>\n<li><a href=\"https:\/\/yyj.ca\/wp-content\/uploads\/2023\/12\/VAA-Building-Permit-License-to-Use-Drawings-BP3.pdf\" target=\"_blank\" rel=\"noopener\" data-mce-href=\"https:\/\/yyj.ca\/wp-content\/uploads\/2023\/12\/VAA-Building-Permit-License-to-Use-Drawings-BP3.pdf\">Licence d&rsquo;utilisation des dessins (BP3)<\/a><\/li>\n<li><a href=\"https:\/\/yyj.ca\/wp-content\/uploads\/2023\/04\/VAA-Building-Permit-Applicable-Codes-and-Standards-BP4.pdf\" target=\"_blank\" rel=\"noopener\" data-mce-href=\"https:\/\/yyj.ca\/wp-content\/uploads\/2023\/04\/VAA-Building-Permit-Applicable-Codes-and-Standards-BP4.pdf\">Codes applicables&nbsp; et normes (BP4)<\/a><\/li>\n<li><a href=\"https:\/\/yyj.ca\/wp-content\/uploads\/2023\/04\/VAA-Building-Permit-Small-Scope-Letters-of-Assurance-BP5.pdf\" target=\"_blank\" rel=\"noopener\" data-mce-href=\"https:\/\/yyj.ca\/wp-content\/uploads\/2023\/04\/VAA-Building-Permit-Small-Scope-Letters-of-Assurance-BP5.pdf\">Lettres d&rsquo;assurance de faible port\u00e9e (BP5)<\/a><\/li>\n<li><a href=\"https:\/\/yyj.ca\/wp-content\/uploads\/2023\/01\/VAA-Building-Permit-Small-Scope-Letters-of-Compliance-for-Construction-Completion-BP6.pdf\" target=\"_blank\" rel=\"noopener\" data-mce-href=\"https:\/\/yyj.ca\/wp-content\/uploads\/2023\/01\/VAA-Building-Permit-Small-Scope-Letters-of-Compliance-for-Construction-Completion-BP6.pdf\">Lettre de conformit\u00e9 du permis de petite envergure pour l&rsquo;ach\u00e8vement de la construction (BP6)<\/a><\/li>\n<li><a href=\"https:\/\/yyj.ca\/wp-content\/uploads\/2023\/04\/VAA-Building-Permit-Application-Checklist-BP7.pdf\" target=\"_blank\" rel=\"noopener\" data-mce-href=\"https:\/\/yyj.ca\/wp-content\/uploads\/2023\/04\/VAA-Building-Permit-Application-Checklist-BP7.pdf\">Liste de contr\u00f4le pour la demande de permis de construire (BP7)<\/a><\/li>\n<li><a href=\"https:\/\/yyj.ca\/wp-content\/uploads\/2023\/04\/VAA-Building-Permit-Interim-Occupancy-Guidelines-BP8.pdf\" target=\"_blank\" rel=\"noopener\" data-mce-href=\"https:\/\/yyj.ca\/wp-content\/uploads\/2023\/04\/VAA-Building-Permit-Interim-Occupancy-Guidelines-BP8.pdf\">Permis de construire &#8211; Lignes directrices pour l&rsquo;occupation provisoire (BP8)<\/a><\/li>\n<li><a href=\"https:\/\/yyj.ca\/wp-content\/uploads\/2023\/04\/VAA-Building-Permit-Occupancy-Application-Checklist-BP9.pdf\" target=\"_blank\" rel=\"noopener\" data-mce-href=\"https:\/\/yyj.ca\/wp-content\/uploads\/2023\/04\/VAA-Building-Permit-Occupancy-Application-Checklist-BP9.pdf\">Liste de contr\u00f4le de la demande d&rsquo;occupation (BP9)<\/a><\/li>\n<li><a href=\"https:\/\/yyj.ca\/wp-content\/uploads\/2023\/04\/VAA-Sign-Permit-Application-SP1.pdf\" target=\"_blank\" rel=\"noopener\" data-mce-href=\"https:\/\/yyj.ca\/wp-content\/uploads\/2023\/04\/VAA-Sign-Permit-Application-SP1.pdf\">Formulaire de demande de permis de signalisation (SP1)<\/a><\/li>\n<\/ul>\n<\/li>\n<\/ul>\n<\/div>\n                <\/div>\n                            <div class=\"accordion\">\n                    <h4 class=\"ac-trigger flex\">Programme de surveillance culturelle des Premi\u00e8res nations du YYJ<\/h4>\n                    <div class=\"ac-content\"><p>YYJ est situ\u00e9 sur les terres des peuples W\u0331S\u00c1NE\u0106.  <em>Nous sommes d\u00e9termin\u00e9s \u00e0 renforcer nos relations avec les Premi\u00e8res nations Tseycum, Tsartlip, Tsawout et Pauquachin en trouvant des possibilit\u00e9s de partenariat significatif dans le cadre des activit\u00e9s courantes et des d\u00e9veloppements futurs de l&rsquo;a\u00e9roport.<\/em>  YYJ a introduit un programme de surveillance culturelle des Premi\u00e8res Nations pour les perturbations du sol en 2005 et a d\u00e9velopp\u00e9 des proc\u00e9dures de recherche de chance en 2018.<br \/>\nLe programme de surveillance culturelle des Premi\u00e8res nations assure la protection des sites culturels en surveillant de pr\u00e8s les travaux de modification du sol.   <strong>Les proc\u00e9dures s&rsquo;appliquent \u00e0 toutes les activit\u00e9s de perturbation du sol, y compris les projets des locataires, les projets VAA, les \u00e9tudes g\u00e9otechniques et les \u00e9tudes environnementales.<\/strong><\/p>\n<ul>\n<li><a href=\"https:\/\/yyj.ca\/wp-content\/uploads\/2024\/07\/FN-Cultural-Monitoring-Procedures.pdf\">Proc\u00e9dures de suivi culturel des Premi\u00e8res nations<\/a><\/li>\n<\/ul>\n<\/div>\n                <\/div>\n                            <div class=\"accordion\">\n                    <h4 class=\"ac-trigger flex\">\u00c9valuations et taxes fonci\u00e8res sur les terrains de l&rsquo;A\u00e9roport international de Victoria<\/h4>\n                    <div class=\"ac-content\"><ul>\n<li><a href=\"https:\/\/yyj.ca\/wp-content\/uploads\/2024\/08\/Property-Assessments-and-Property-Taxes-on-Victoria-International-Airport.pdf\"><a href=\"https:\/\/yyj.ca\/wp-content\/uploads\/2024\/08\/Property-Assessments-and-Property-Taxes-on-Victoria-International-Airport.pdf\">\u00c9valuation fonci\u00e8re et imp\u00f4ts fonciers <\/a> <\/a><\/li>\n<\/ul>\n<\/div>\n                <\/div>\n                            <div class=\"accordion\">\n                    <h4 class=\"ac-trigger flex\">Base d&rsquo;hydravions<\/h4>\n                    <div class=\"ac-content\"><ul>\n<li><a href=\"https:\/\/yyj.ca\/wp-content\/uploads\/2023\/04\/Barging-Operations-Plan-Appendix-D-Seaplane-Base-Request-Form.pdf\" target=\"_blank\" rel=\"noopener\" data-mce-href=\"https:\/\/yyj.ca\/wp-content\/uploads\/2023\/04\/Barging-Operations-Plan-Appendix-D-Seaplane-Base-Request-Form.pdf\">Formulaire de demande d&rsquo;utilisation de la base d&rsquo;hydravions<\/a><\/li>\n<\/ul>\n<\/div>\n                <\/div>\n                            <div class=\"accordion\">\n                    <h4 class=\"ac-trigger flex\">Sub-Subleasing<\/h4>\n                    <div class=\"ac-content\"><ul>\n<li><a href=\"https:\/\/yyj.ca\/wp-content\/uploads\/2023\/04\/Application-for-VAAs-Consent-to-Sub-Sublease.pdf\" target=\"_blank\" rel=\"noopener\" data-mce-href=\"https:\/\/yyj.ca\/wp-content\/uploads\/2023\/04\/Application-for-VAAs-Consent-to-Sub-Sublease.pdf\">Demande&nbsp;de consentement \u00e0&nbsp;Sous-sous-location<\/a><\/li>\n<\/ul>\n<\/div>\n                <\/div>\n                            <div class=\"accordion\">\n                    <h4 class=\"ac-trigger flex\">Ressources compl\u00e9mentaires<\/h4>\n                    <div class=\"ac-content\"><ul>\n<li><a class=\"external\" href=\"https:\/\/www.navcanada.ca\/fr\/information-aeronautique\/programme-dutilisation-de-terrains.aspx\" rel=\"noopener nofollow\" data-mce-href=\"https:\/\/www.navcanada.ca\/en\/aeronautical-information\/land-use-program.aspx\">Formulaires du programme d&rsquo;utilisation des terres de NAVCANADA\u00a0et outils de r\u00e9f\u00e9rence<\/a><\/li>\n<li><a class=\"external\" href=\"http:\/\/www.sidney.ca\/\" rel=\"noopener nofollow\" data-mce-href=\"http:\/\/www.sidney.ca\/\">Ressources de la ville de Sidney<\/a><\/li>\n<li><a class=\"external\" href=\"http:\/\/www.northsaanich.ca\/\" rel=\"noopener nofollow\" data-mce-href=\"http:\/\/www.northsaanich.ca\/\">Ressources du district de North Saanich<\/a><\/li>\n<li><a class=\"external\" href=\"http:\/\/www.crd.bc.ca\/\" rel=\"noopener nofollow\" data-mce-href=\"http:\/\/www.crd.bc.ca\/\">Ressources du district r\u00e9gional de la capitale (CRD)<\/a><\/li>\n<\/ul>\n<\/div>\n                <\/div>\n                    <\/div>\n    <\/div>\n<\/section>\n\n    <\/div>\n<\/section>","protected":false},"excerpt":{"rendered":"","protected":false},"author":1,"featured_media":0,"parent":6872,"menu_order":0,"comment_status":"closed","ping_status":"closed","template":"","meta":{"_acf_changed":false,"footnotes":""},"class_list":["post-7083","page","type-page","status-publish","hentry"],"acf":[],"yoast_head":"<!-- This site is optimized with the Yoast SEO plugin v27.3 - https:\/\/yoast.com\/product\/yoast-seo-wordpress\/ -->\n<title>Ressources pour les locataires - Victoria Airport Authority<\/title>\n<meta name=\"robots\" content=\"index, follow, max-snippet:-1, max-image-preview:large, max-video-preview:-1\" \/>\n<link rel=\"canonical\" href=\"https:\/\/yyj.ca\/fr\/partenariat-avec-nous\/ressources-pour-les-locataires\/\" \/>\n<meta property=\"og:locale\" content=\"fr_FR\" \/>\n<meta property=\"og:type\" content=\"article\" \/>\n<meta property=\"og:title\" content=\"Ressources pour les locataires - Victoria Airport Authority\" \/>\n<meta property=\"og:url\" content=\"https:\/\/yyj.ca\/fr\/partenariat-avec-nous\/ressources-pour-les-locataires\/\" \/>\n<meta property=\"og:site_name\" content=\"Victoria Airport Authority\" \/>\n<meta property=\"article:modified_time\" content=\"2025-01-29T18:39:20+00:00\" \/>\n<meta name=\"twitter:card\" content=\"summary_large_image\" \/>\n<script type=\"application\/ld+json\" class=\"yoast-schema-graph\">{\"@context\":\"https:\\\/\\\/schema.org\",\"@graph\":[{\"@type\":\"WebPage\",\"@id\":\"https:\\\/\\\/yyj.ca\\\/fr\\\/partenariat-avec-nous\\\/ressources-pour-les-locataires\\\/\",\"url\":\"https:\\\/\\\/yyj.ca\\\/fr\\\/partenariat-avec-nous\\\/ressources-pour-les-locataires\\\/\",\"name\":\"Ressources pour les locataires - Victoria Airport Authority\",\"isPartOf\":{\"@id\":\"https:\\\/\\\/yyj.ca\\\/fr\\\/#website\"},\"datePublished\":\"2023-04-10T22:45:13+00:00\",\"dateModified\":\"2025-01-29T18:39:20+00:00\",\"breadcrumb\":{\"@id\":\"https:\\\/\\\/yyj.ca\\\/fr\\\/partenariat-avec-nous\\\/ressources-pour-les-locataires\\\/#breadcrumb\"},\"inLanguage\":\"fr-FR\",\"potentialAction\":[{\"@type\":\"ReadAction\",\"target\":[\"https:\\\/\\\/yyj.ca\\\/fr\\\/partenariat-avec-nous\\\/ressources-pour-les-locataires\\\/\"]}]},{\"@type\":\"BreadcrumbList\",\"@id\":\"https:\\\/\\\/yyj.ca\\\/fr\\\/partenariat-avec-nous\\\/ressources-pour-les-locataires\\\/#breadcrumb\",\"itemListElement\":[{\"@type\":\"ListItem\",\"position\":1,\"name\":\"Home\",\"item\":\"https:\\\/\\\/yyj.ca\\\/fr\\\/\"},{\"@type\":\"ListItem\",\"position\":2,\"name\":\"Partenariat avec nous\",\"item\":\"https:\\\/\\\/yyj.ca\\\/fr\\\/partenariat-avec-nous\\\/\"},{\"@type\":\"ListItem\",\"position\":3,\"name\":\"Ressources pour les locataires\"}]},{\"@type\":\"WebSite\",\"@id\":\"https:\\\/\\\/yyj.ca\\\/fr\\\/#website\",\"url\":\"https:\\\/\\\/yyj.ca\\\/fr\\\/\",\"name\":\"Victoria Airport Authority\",\"description\":\"Victoria International Airport\",\"publisher\":{\"@id\":\"https:\\\/\\\/yyj.ca\\\/fr\\\/#organization\"},\"potentialAction\":[{\"@type\":\"SearchAction\",\"target\":{\"@type\":\"EntryPoint\",\"urlTemplate\":\"https:\\\/\\\/yyj.ca\\\/fr\\\/?s={search_term_string}\"},\"query-input\":{\"@type\":\"PropertyValueSpecification\",\"valueRequired\":true,\"valueName\":\"search_term_string\"}}],\"inLanguage\":\"fr-FR\"},{\"@type\":\"Organization\",\"@id\":\"https:\\\/\\\/yyj.ca\\\/fr\\\/#organization\",\"name\":\"Victoria Inernational Airport\",\"url\":\"https:\\\/\\\/yyj.ca\\\/fr\\\/\",\"logo\":{\"@type\":\"ImageObject\",\"inLanguage\":\"fr-FR\",\"@id\":\"https:\\\/\\\/yyj.ca\\\/fr\\\/#\\\/schema\\\/logo\\\/image\\\/\",\"url\":\"https:\\\/\\\/aeroportdevictoria.com\\\/wp-content\\\/uploads\\\/2023\\\/06\\\/yyj-logo.svg\",\"contentUrl\":\"https:\\\/\\\/aeroportdevictoria.com\\\/wp-content\\\/uploads\\\/2023\\\/06\\\/yyj-logo.svg\",\"width\":378,\"height\":73,\"caption\":\"Victoria Inernational Airport\"},\"image\":{\"@id\":\"https:\\\/\\\/yyj.ca\\\/fr\\\/#\\\/schema\\\/logo\\\/image\\\/\"}}]}<\/script>\n<!-- \/ Yoast SEO plugin. -->","yoast_head_json":{"title":"Ressources pour les locataires - Victoria Airport Authority","robots":{"index":"index","follow":"follow","max-snippet":"max-snippet:-1","max-image-preview":"max-image-preview:large","max-video-preview":"max-video-preview:-1"},"canonical":"https:\/\/yyj.ca\/fr\/partenariat-avec-nous\/ressources-pour-les-locataires\/","og_locale":"fr_FR","og_type":"article","og_title":"Ressources pour les locataires - Victoria Airport Authority","og_url":"https:\/\/yyj.ca\/fr\/partenariat-avec-nous\/ressources-pour-les-locataires\/","og_site_name":"Victoria Airport Authority","article_modified_time":"2025-01-29T18:39:20+00:00","twitter_card":"summary_large_image","schema":{"@context":"https:\/\/schema.org","@graph":[{"@type":"WebPage","@id":"https:\/\/yyj.ca\/fr\/partenariat-avec-nous\/ressources-pour-les-locataires\/","url":"https:\/\/yyj.ca\/fr\/partenariat-avec-nous\/ressources-pour-les-locataires\/","name":"Ressources pour les locataires - Victoria Airport Authority","isPartOf":{"@id":"https:\/\/yyj.ca\/fr\/#website"},"datePublished":"2023-04-10T22:45:13+00:00","dateModified":"2025-01-29T18:39:20+00:00","breadcrumb":{"@id":"https:\/\/yyj.ca\/fr\/partenariat-avec-nous\/ressources-pour-les-locataires\/#breadcrumb"},"inLanguage":"fr-FR","potentialAction":[{"@type":"ReadAction","target":["https:\/\/yyj.ca\/fr\/partenariat-avec-nous\/ressources-pour-les-locataires\/"]}]},{"@type":"BreadcrumbList","@id":"https:\/\/yyj.ca\/fr\/partenariat-avec-nous\/ressources-pour-les-locataires\/#breadcrumb","itemListElement":[{"@type":"ListItem","position":1,"name":"Home","item":"https:\/\/yyj.ca\/fr\/"},{"@type":"ListItem","position":2,"name":"Partenariat avec nous","item":"https:\/\/yyj.ca\/fr\/partenariat-avec-nous\/"},{"@type":"ListItem","position":3,"name":"Ressources pour les locataires"}]},{"@type":"WebSite","@id":"https:\/\/yyj.ca\/fr\/#website","url":"https:\/\/yyj.ca\/fr\/","name":"Victoria Airport Authority","description":"Victoria International Airport","publisher":{"@id":"https:\/\/yyj.ca\/fr\/#organization"},"potentialAction":[{"@type":"SearchAction","target":{"@type":"EntryPoint","urlTemplate":"https:\/\/yyj.ca\/fr\/?s={search_term_string}"},"query-input":{"@type":"PropertyValueSpecification","valueRequired":true,"valueName":"search_term_string"}}],"inLanguage":"fr-FR"},{"@type":"Organization","@id":"https:\/\/yyj.ca\/fr\/#organization","name":"Victoria Inernational Airport","url":"https:\/\/yyj.ca\/fr\/","logo":{"@type":"ImageObject","inLanguage":"fr-FR","@id":"https:\/\/yyj.ca\/fr\/#\/schema\/logo\/image\/","url":"https:\/\/aeroportdevictoria.com\/wp-content\/uploads\/2023\/06\/yyj-logo.svg","contentUrl":"https:\/\/aeroportdevictoria.com\/wp-content\/uploads\/2023\/06\/yyj-logo.svg","width":378,"height":73,"caption":"Victoria Inernational Airport"},"image":{"@id":"https:\/\/yyj.ca\/fr\/#\/schema\/logo\/image\/"}}]}},"_links":{"self":[{"href":"https:\/\/yyj.ca\/fr\/wp-json\/wp\/v2\/pages\/7083","targetHints":{"allow":["GET"]}}],"collection":[{"href":"https:\/\/yyj.ca\/fr\/wp-json\/wp\/v2\/pages"}],"about":[{"href":"https:\/\/yyj.ca\/fr\/wp-json\/wp\/v2\/types\/page"}],"author":[{"embeddable":true,"href":"https:\/\/yyj.ca\/fr\/wp-json\/wp\/v2\/users\/1"}],"replies":[{"embeddable":true,"href":"https:\/\/yyj.ca\/fr\/wp-json\/wp\/v2\/comments?post=7083"}],"version-history":[{"count":0,"href":"https:\/\/yyj.ca\/fr\/wp-json\/wp\/v2\/pages\/7083\/revisions"}],"up":[{"embeddable":true,"href":"https:\/\/yyj.ca\/fr\/wp-json\/wp\/v2\/pages\/6872"}],"wp:attachment":[{"href":"https:\/\/yyj.ca\/fr\/wp-json\/wp\/v2\/media?parent=7083"}],"curies":[{"name":"wp","href":"https:\/\/api.w.org\/{rel}","templated":true}]}}