{"id":7055,"date":"2023-03-22T11:23:22","date_gmt":"2023-03-22T18:23:22","guid":{"rendered":"https:\/\/yyj.eclipsedev.tk\/informations-sur-les-voyages\/zones-et-politiques-daide-aux-animaux\/"},"modified":"2023-10-16T12:08:05","modified_gmt":"2023-10-16T19:08:05","slug":"zones-et-politiques-daide-aux-animaux","status":"publish","type":"page","link":"https:\/\/yyj.ca\/fr\/informations-sur-les-voyages\/zones-et-politiques-daide-aux-animaux\/","title":{"rendered":"Zones et politiques d&rsquo;aide aux animaux"},"content":{"rendered":"\n<section class=\"banner\">\n            <div class=\"image-wrap\">\n            <img fetchpriority=\"high\" decoding=\"async\" width=\"1500\" height=\"1000\" src=\"https:\/\/yyj.ca\/wp-content\/uploads\/2023\/03\/AdobeStock_256047316.jpg\" class=\"attachment-full size-full\" alt=\"\" loading=\"eager\" srcset=\"https:\/\/yyj.ca\/wp-content\/uploads\/2023\/03\/AdobeStock_256047316.jpg 1500w, https:\/\/yyj.ca\/wp-content\/uploads\/2023\/03\/AdobeStock_256047316-300x200.jpg 300w, https:\/\/yyj.ca\/wp-content\/uploads\/2023\/03\/AdobeStock_256047316-1024x683.jpg 1024w\" sizes=\"(max-width: 1500px) 100vw, 1500px\" \/>        <\/div>\n        <div class=\"container large\">\n                    <h2 class=\"overline\">Informations pour les voyageurs<\/h2>\n                    <h1>Zones et politiques d&rsquo;aide aux animaux<\/h1>\n                    <\/div>\n    <div class=\"banner-graphic\">\n        <img decoding=\"async\" src=\"\/wp-content\/themes\/eclipse360\/assets\/images\/banner-bottom.svg\" alt=\"banner-graphic\">\n    <\/div>\n<\/section>\n<section class=\"page-intro\">\n    <div class=\"container\">\n        <div class=\"content\"><p>Deux zones de pr\u00e9-s\u00e9curit\u00e9 sont d\u00e9sign\u00e9es comme zones de secours pour les animaux. L&rsquo;aire de repos des animaux \u00e0 l&rsquo;arriv\u00e9e est situ\u00e9e de l&rsquo;autre c\u00f4t\u00e9 du passage pi\u00e9ton, dans une zone herbeuse. L&rsquo;aire de soulagement des animaux au d\u00e9part est situ\u00e9e juste \u00e0 l&rsquo;ext\u00e9rieur des portes de l&rsquo;a\u00e9rogare, le long du trottoir avant. Ces zones sont \u00e9quip\u00e9es de sacs \u00e0 d\u00e9chets et de r\u00e9ceptacles.<\/p>\n<p>Il existe des toilettes pour animaux situ\u00e9es apr\u00e8s le contr\u00f4le de s\u00e9curit\u00e9 au rez-de-chauss\u00e9e de la salle d&#8217;embarquement des passagers, dans le couloir principal des toilettes.<\/p>\n<\/div>\n    <\/div>\n<\/section>\n\n<div style=\"height:30px\" aria-hidden=\"true\" class=\"wp-block-spacer\"><\/div>\n\n<div class=\"wp-block-media-text alignwide is-stacked-on-mobile\"><figure class=\"wp-block-media-text__media\"><img loading=\"lazy\" decoding=\"async\" width=\"800\" height=\"533\" src=\"https:\/\/aeroportdevictoria.com\/wp-content\/uploads\/2023\/03\/YYJ_2023-382.jpg\" alt=\"\" class=\"wp-image-4907 size-full\" srcset=\"https:\/\/yyj.ca\/wp-content\/uploads\/2023\/03\/YYJ_2023-382.jpg 800w, https:\/\/yyj.ca\/wp-content\/uploads\/2023\/03\/YYJ_2023-382-300x200.jpg 300w\" sizes=\"auto, (max-width: 800px) 100vw, 800px\" \/><\/figure><div class=\"wp-block-media-text__content\">\n<p>Les animaux d&rsquo;assistance, les animaux voyageant avec leur propri\u00e9taire et les animaux domestiques sont autoris\u00e9s \u00e0 l&rsquo;int\u00e9rieur de l&rsquo;a\u00e9rogare. Les animaux ne peuvent pas \u00eatre laiss\u00e9s en libert\u00e9 sur un terrain qui n&rsquo;appartient pas \u00e0 leur propri\u00e9taire, ni \u00eatre autoris\u00e9s \u00e0 crier ou \u00e0 aboyer d&rsquo;une mani\u00e8re qui trouble la paix, ni \u00eatre enferm\u00e9s dans un espace clos ou dans un v\u00e9hicule sans ventilation ad\u00e9quate. Les propri\u00e9taires d&rsquo;animaux sont responsables du nettoyage et de l&rsquo;enl\u00e8vement des excr\u00e9ments et de l&rsquo;urine.<\/p>\n\n\n\n<div class=\"wp-block-buttons is-layout-flex wp-block-buttons-is-layout-flex\">\n<div class=\"wp-block-button\"><a class=\"wp-block-button__link wp-element-button\" href=\"https:\/\/yyj.ca\/wp-content\/uploads\/2023\/01\/Animal-Pets-Sec-Ops-Notice-18-10-11-2.pdf\">En savoir plus<\/a><\/div>\n<\/div>\n<\/div><\/div>\n\n<div style=\"height:23px\" aria-hidden=\"true\" class=\"wp-block-spacer\"><\/div>\n\n<figure class=\"wp-block-gallery has-nested-images columns-5 is-cropped wp-block-gallery-1 is-layout-flex wp-block-gallery-is-layout-flex\">\n<figure class=\"wp-block-image size-full\"><img loading=\"lazy\" decoding=\"async\" width=\"750\" height=\"611\" data-id=\"4173\" src=\"https:\/\/yyj.ca\/wp-content\/uploads\/2023\/02\/YYJ_SAMPLE_IMAGES-19.jpg\" alt=\"\" class=\"wp-image-4173\" srcset=\"https:\/\/yyj.ca\/wp-content\/uploads\/2023\/02\/YYJ_SAMPLE_IMAGES-19.jpg 750w, https:\/\/yyj.ca\/wp-content\/uploads\/2023\/02\/YYJ_SAMPLE_IMAGES-19-300x244.jpg 300w\" sizes=\"auto, (max-width: 750px) 100vw, 750px\" \/><\/figure>\n\n\n\n<figure class=\"wp-block-image size-full\"><img loading=\"lazy\" decoding=\"async\" width=\"750\" height=\"500\" data-id=\"4174\" src=\"https:\/\/yyj.ca\/wp-content\/uploads\/2023\/02\/YYJ_SAMPLE_IMAGES.jpg\" alt=\"\" class=\"wp-image-4174\" srcset=\"https:\/\/yyj.ca\/wp-content\/uploads\/2023\/02\/YYJ_SAMPLE_IMAGES.jpg 750w, https:\/\/yyj.ca\/wp-content\/uploads\/2023\/02\/YYJ_SAMPLE_IMAGES-300x200.jpg 300w\" sizes=\"auto, (max-width: 750px) 100vw, 750px\" \/><\/figure>\n\n\n\n<figure class=\"wp-block-image size-large\"><img loading=\"lazy\" decoding=\"async\" width=\"1024\" height=\"682\" data-id=\"4231\" src=\"https:\/\/yyj.ca\/wp-content\/uploads\/2023\/02\/YYJ_2023-229-1024x682.jpg\" alt=\"\" class=\"wp-image-4231\" srcset=\"https:\/\/yyj.ca\/wp-content\/uploads\/2023\/02\/YYJ_2023-229-1024x682.jpg 1024w, https:\/\/yyj.ca\/wp-content\/uploads\/2023\/02\/YYJ_2023-229-300x200.jpg 300w, https:\/\/yyj.ca\/wp-content\/uploads\/2023\/02\/YYJ_2023-229.jpg 1400w\" sizes=\"auto, (max-width: 1024px) 100vw, 1024px\" \/><\/figure>\n\n\n\n<figure class=\"wp-block-image size-full\"><img loading=\"lazy\" decoding=\"async\" width=\"750\" height=\"500\" data-id=\"4175\" src=\"https:\/\/yyj.ca\/wp-content\/uploads\/2023\/02\/YYJ_SAMPLE_IMAGES-6.jpg\" alt=\"\" class=\"wp-image-4175\" srcset=\"https:\/\/yyj.ca\/wp-content\/uploads\/2023\/02\/YYJ_SAMPLE_IMAGES-6.jpg 750w, https:\/\/yyj.ca\/wp-content\/uploads\/2023\/02\/YYJ_SAMPLE_IMAGES-6-300x200.jpg 300w\" sizes=\"auto, (max-width: 750px) 100vw, 750px\" \/><\/figure>\n\n\n\n<figure class=\"wp-block-image size-large\"><img loading=\"lazy\" decoding=\"async\" width=\"1024\" height=\"682\" data-id=\"4230\" src=\"https:\/\/yyj.ca\/wp-content\/uploads\/2023\/02\/YYJ_2023-30-1024x682.jpg\" alt=\"\" class=\"wp-image-4230\" srcset=\"https:\/\/yyj.ca\/wp-content\/uploads\/2023\/02\/YYJ_2023-30-1024x682.jpg 1024w, https:\/\/yyj.ca\/wp-content\/uploads\/2023\/02\/YYJ_2023-30-300x200.jpg 300w, https:\/\/yyj.ca\/wp-content\/uploads\/2023\/02\/YYJ_2023-30.jpg 1400w\" sizes=\"auto, (max-width: 1024px) 100vw, 1024px\" \/><\/figure>\n<\/figure>\n","protected":false},"excerpt":{"rendered":"","protected":false},"author":1,"featured_media":0,"parent":6937,"menu_order":69,"comment_status":"closed","ping_status":"closed","template":"","meta":{"_acf_changed":false,"footnotes":""},"class_list":["post-7055","page","type-page","status-publish","hentry"],"acf":[],"yoast_head":"<!-- This site is optimized with the Yoast SEO plugin v27.3 - https:\/\/yoast.com\/product\/yoast-seo-wordpress\/ -->\n<title>Zones et politiques d&#039;aide aux animaux - Victoria Airport Authority<\/title>\n<meta name=\"robots\" content=\"index, follow, max-snippet:-1, max-image-preview:large, max-video-preview:-1\" \/>\n<link rel=\"canonical\" href=\"https:\/\/yyj.ca\/fr\/informations-sur-les-voyages\/zones-et-politiques-daide-aux-animaux\/\" \/>\n<meta property=\"og:locale\" content=\"fr_FR\" \/>\n<meta property=\"og:type\" content=\"article\" \/>\n<meta property=\"og:title\" content=\"Zones et politiques d&#039;aide aux animaux - Victoria Airport Authority\" \/>\n<meta property=\"og:url\" content=\"https:\/\/yyj.ca\/fr\/informations-sur-les-voyages\/zones-et-politiques-daide-aux-animaux\/\" \/>\n<meta property=\"og:site_name\" content=\"Victoria Airport Authority\" \/>\n<meta property=\"article:modified_time\" content=\"2023-10-16T19:08:05+00:00\" \/>\n<meta property=\"og:image\" content=\"https:\/\/aeroportdevictoria.com\/wp-content\/uploads\/2023\/03\/YYJ_2023-382.jpg\" \/>\n<meta name=\"twitter:card\" content=\"summary_large_image\" \/>\n<script type=\"application\/ld+json\" class=\"yoast-schema-graph\">{\"@context\":\"https:\\\/\\\/schema.org\",\"@graph\":[{\"@type\":\"WebPage\",\"@id\":\"https:\\\/\\\/yyj.ca\\\/fr\\\/informations-sur-les-voyages\\\/zones-et-politiques-daide-aux-animaux\\\/\",\"url\":\"https:\\\/\\\/yyj.ca\\\/fr\\\/informations-sur-les-voyages\\\/zones-et-politiques-daide-aux-animaux\\\/\",\"name\":\"Zones et politiques d'aide aux animaux - Victoria Airport Authority\",\"isPartOf\":{\"@id\":\"https:\\\/\\\/yyj.ca\\\/fr\\\/#website\"},\"primaryImageOfPage\":{\"@id\":\"https:\\\/\\\/yyj.ca\\\/fr\\\/informations-sur-les-voyages\\\/zones-et-politiques-daide-aux-animaux\\\/#primaryimage\"},\"image\":{\"@id\":\"https:\\\/\\\/yyj.ca\\\/fr\\\/informations-sur-les-voyages\\\/zones-et-politiques-daide-aux-animaux\\\/#primaryimage\"},\"thumbnailUrl\":\"https:\\\/\\\/aeroportdevictoria.com\\\/wp-content\\\/uploads\\\/2023\\\/03\\\/YYJ_2023-382.jpg\",\"datePublished\":\"2023-03-22T18:23:22+00:00\",\"dateModified\":\"2023-10-16T19:08:05+00:00\",\"breadcrumb\":{\"@id\":\"https:\\\/\\\/yyj.ca\\\/fr\\\/informations-sur-les-voyages\\\/zones-et-politiques-daide-aux-animaux\\\/#breadcrumb\"},\"inLanguage\":\"fr-FR\",\"potentialAction\":[{\"@type\":\"ReadAction\",\"target\":[\"https:\\\/\\\/yyj.ca\\\/fr\\\/informations-sur-les-voyages\\\/zones-et-politiques-daide-aux-animaux\\\/\"]}]},{\"@type\":\"ImageObject\",\"inLanguage\":\"fr-FR\",\"@id\":\"https:\\\/\\\/yyj.ca\\\/fr\\\/informations-sur-les-voyages\\\/zones-et-politiques-daide-aux-animaux\\\/#primaryimage\",\"url\":\"https:\\\/\\\/aeroportdevictoria.com\\\/wp-content\\\/uploads\\\/2023\\\/03\\\/YYJ_2023-382.jpg\",\"contentUrl\":\"https:\\\/\\\/aeroportdevictoria.com\\\/wp-content\\\/uploads\\\/2023\\\/03\\\/YYJ_2023-382.jpg\"},{\"@type\":\"BreadcrumbList\",\"@id\":\"https:\\\/\\\/yyj.ca\\\/fr\\\/informations-sur-les-voyages\\\/zones-et-politiques-daide-aux-animaux\\\/#breadcrumb\",\"itemListElement\":[{\"@type\":\"ListItem\",\"position\":1,\"name\":\"Home\",\"item\":\"https:\\\/\\\/yyj.ca\\\/fr\\\/\"},{\"@type\":\"ListItem\",\"position\":2,\"name\":\"Informations sur les voyages\",\"item\":\"https:\\\/\\\/yyj.ca\\\/fr\\\/informations-sur-les-voyages\\\/\"},{\"@type\":\"ListItem\",\"position\":3,\"name\":\"Zones et politiques d&rsquo;aide aux animaux\"}]},{\"@type\":\"WebSite\",\"@id\":\"https:\\\/\\\/yyj.ca\\\/fr\\\/#website\",\"url\":\"https:\\\/\\\/yyj.ca\\\/fr\\\/\",\"name\":\"Victoria Airport Authority\",\"description\":\"Victoria International Airport\",\"publisher\":{\"@id\":\"https:\\\/\\\/yyj.ca\\\/fr\\\/#organization\"},\"potentialAction\":[{\"@type\":\"SearchAction\",\"target\":{\"@type\":\"EntryPoint\",\"urlTemplate\":\"https:\\\/\\\/yyj.ca\\\/fr\\\/?s={search_term_string}\"},\"query-input\":{\"@type\":\"PropertyValueSpecification\",\"valueRequired\":true,\"valueName\":\"search_term_string\"}}],\"inLanguage\":\"fr-FR\"},{\"@type\":\"Organization\",\"@id\":\"https:\\\/\\\/yyj.ca\\\/fr\\\/#organization\",\"name\":\"Victoria Inernational Airport\",\"url\":\"https:\\\/\\\/yyj.ca\\\/fr\\\/\",\"logo\":{\"@type\":\"ImageObject\",\"inLanguage\":\"fr-FR\",\"@id\":\"https:\\\/\\\/yyj.ca\\\/fr\\\/#\\\/schema\\\/logo\\\/image\\\/\",\"url\":\"https:\\\/\\\/aeroportdevictoria.com\\\/wp-content\\\/uploads\\\/2023\\\/06\\\/yyj-logo.svg\",\"contentUrl\":\"https:\\\/\\\/aeroportdevictoria.com\\\/wp-content\\\/uploads\\\/2023\\\/06\\\/yyj-logo.svg\",\"width\":378,\"height\":73,\"caption\":\"Victoria Inernational Airport\"},\"image\":{\"@id\":\"https:\\\/\\\/yyj.ca\\\/fr\\\/#\\\/schema\\\/logo\\\/image\\\/\"}}]}<\/script>\n<!-- \/ Yoast SEO plugin. -->","yoast_head_json":{"title":"Zones et politiques d'aide aux animaux - Victoria Airport Authority","robots":{"index":"index","follow":"follow","max-snippet":"max-snippet:-1","max-image-preview":"max-image-preview:large","max-video-preview":"max-video-preview:-1"},"canonical":"https:\/\/yyj.ca\/fr\/informations-sur-les-voyages\/zones-et-politiques-daide-aux-animaux\/","og_locale":"fr_FR","og_type":"article","og_title":"Zones et politiques d'aide aux animaux - Victoria Airport Authority","og_url":"https:\/\/yyj.ca\/fr\/informations-sur-les-voyages\/zones-et-politiques-daide-aux-animaux\/","og_site_name":"Victoria Airport Authority","article_modified_time":"2023-10-16T19:08:05+00:00","og_image":[{"url":"https:\/\/aeroportdevictoria.com\/wp-content\/uploads\/2023\/03\/YYJ_2023-382.jpg","type":"","width":"","height":""}],"twitter_card":"summary_large_image","schema":{"@context":"https:\/\/schema.org","@graph":[{"@type":"WebPage","@id":"https:\/\/yyj.ca\/fr\/informations-sur-les-voyages\/zones-et-politiques-daide-aux-animaux\/","url":"https:\/\/yyj.ca\/fr\/informations-sur-les-voyages\/zones-et-politiques-daide-aux-animaux\/","name":"Zones et politiques d'aide aux animaux - Victoria Airport Authority","isPartOf":{"@id":"https:\/\/yyj.ca\/fr\/#website"},"primaryImageOfPage":{"@id":"https:\/\/yyj.ca\/fr\/informations-sur-les-voyages\/zones-et-politiques-daide-aux-animaux\/#primaryimage"},"image":{"@id":"https:\/\/yyj.ca\/fr\/informations-sur-les-voyages\/zones-et-politiques-daide-aux-animaux\/#primaryimage"},"thumbnailUrl":"https:\/\/aeroportdevictoria.com\/wp-content\/uploads\/2023\/03\/YYJ_2023-382.jpg","datePublished":"2023-03-22T18:23:22+00:00","dateModified":"2023-10-16T19:08:05+00:00","breadcrumb":{"@id":"https:\/\/yyj.ca\/fr\/informations-sur-les-voyages\/zones-et-politiques-daide-aux-animaux\/#breadcrumb"},"inLanguage":"fr-FR","potentialAction":[{"@type":"ReadAction","target":["https:\/\/yyj.ca\/fr\/informations-sur-les-voyages\/zones-et-politiques-daide-aux-animaux\/"]}]},{"@type":"ImageObject","inLanguage":"fr-FR","@id":"https:\/\/yyj.ca\/fr\/informations-sur-les-voyages\/zones-et-politiques-daide-aux-animaux\/#primaryimage","url":"https:\/\/aeroportdevictoria.com\/wp-content\/uploads\/2023\/03\/YYJ_2023-382.jpg","contentUrl":"https:\/\/aeroportdevictoria.com\/wp-content\/uploads\/2023\/03\/YYJ_2023-382.jpg"},{"@type":"BreadcrumbList","@id":"https:\/\/yyj.ca\/fr\/informations-sur-les-voyages\/zones-et-politiques-daide-aux-animaux\/#breadcrumb","itemListElement":[{"@type":"ListItem","position":1,"name":"Home","item":"https:\/\/yyj.ca\/fr\/"},{"@type":"ListItem","position":2,"name":"Informations sur les voyages","item":"https:\/\/yyj.ca\/fr\/informations-sur-les-voyages\/"},{"@type":"ListItem","position":3,"name":"Zones et politiques d&rsquo;aide aux animaux"}]},{"@type":"WebSite","@id":"https:\/\/yyj.ca\/fr\/#website","url":"https:\/\/yyj.ca\/fr\/","name":"Victoria Airport Authority","description":"Victoria International Airport","publisher":{"@id":"https:\/\/yyj.ca\/fr\/#organization"},"potentialAction":[{"@type":"SearchAction","target":{"@type":"EntryPoint","urlTemplate":"https:\/\/yyj.ca\/fr\/?s={search_term_string}"},"query-input":{"@type":"PropertyValueSpecification","valueRequired":true,"valueName":"search_term_string"}}],"inLanguage":"fr-FR"},{"@type":"Organization","@id":"https:\/\/yyj.ca\/fr\/#organization","name":"Victoria Inernational Airport","url":"https:\/\/yyj.ca\/fr\/","logo":{"@type":"ImageObject","inLanguage":"fr-FR","@id":"https:\/\/yyj.ca\/fr\/#\/schema\/logo\/image\/","url":"https:\/\/aeroportdevictoria.com\/wp-content\/uploads\/2023\/06\/yyj-logo.svg","contentUrl":"https:\/\/aeroportdevictoria.com\/wp-content\/uploads\/2023\/06\/yyj-logo.svg","width":378,"height":73,"caption":"Victoria Inernational Airport"},"image":{"@id":"https:\/\/yyj.ca\/fr\/#\/schema\/logo\/image\/"}}]}},"_links":{"self":[{"href":"https:\/\/yyj.ca\/fr\/wp-json\/wp\/v2\/pages\/7055","targetHints":{"allow":["GET"]}}],"collection":[{"href":"https:\/\/yyj.ca\/fr\/wp-json\/wp\/v2\/pages"}],"about":[{"href":"https:\/\/yyj.ca\/fr\/wp-json\/wp\/v2\/types\/page"}],"author":[{"embeddable":true,"href":"https:\/\/yyj.ca\/fr\/wp-json\/wp\/v2\/users\/1"}],"replies":[{"embeddable":true,"href":"https:\/\/yyj.ca\/fr\/wp-json\/wp\/v2\/comments?post=7055"}],"version-history":[{"count":0,"href":"https:\/\/yyj.ca\/fr\/wp-json\/wp\/v2\/pages\/7055\/revisions"}],"up":[{"embeddable":true,"href":"https:\/\/yyj.ca\/fr\/wp-json\/wp\/v2\/pages\/6937"}],"wp:attachment":[{"href":"https:\/\/yyj.ca\/fr\/wp-json\/wp\/v2\/media?parent=7055"}],"curies":[{"name":"wp","href":"https:\/\/api.w.org\/{rel}","templated":true}]}}