{"id":7052,"date":"2023-04-04T10:00:59","date_gmt":"2023-04-04T17:00:59","guid":{"rendered":"https:\/\/yyj.eclipsedev.tk\/restauration\/"},"modified":"2025-11-20T15:53:00","modified_gmt":"2025-11-20T22:53:00","slug":"restauration","status":"publish","type":"page","link":"https:\/\/yyj.ca\/fr\/a-yyj\/restauration\/","title":{"rendered":"Restauration"},"content":{"rendered":"\n<section class=\"banner\">\n            <div class=\"image-wrap\">\n            <img fetchpriority=\"high\" decoding=\"async\" width=\"1400\" height=\"933\" src=\"https:\/\/yyj.ca\/wp-content\/uploads\/2023\/03\/YYJ_2023-431.jpg\" class=\"attachment-full size-full\" alt=\"\" loading=\"eager\" srcset=\"https:\/\/yyj.ca\/wp-content\/uploads\/2023\/03\/YYJ_2023-431.jpg 1400w, https:\/\/yyj.ca\/wp-content\/uploads\/2023\/03\/YYJ_2023-431-300x200.jpg 300w, https:\/\/yyj.ca\/wp-content\/uploads\/2023\/03\/YYJ_2023-431-1024x682.jpg 1024w\" sizes=\"(max-width: 1400px) 100vw, 1400px\" \/>        <\/div>\n        <div class=\"container large\">\n                    <h1>Restauration  <\/h1>\n                    <\/div>\n    <div class=\"banner-graphic\">\n        <img decoding=\"async\" src=\"\/wp-content\/themes\/eclipse360\/assets\/images\/banner-bottom.svg\" alt=\"banner-graphic\">\n    <\/div>\n<\/section>\n<section class=\"page-intro\">\n    <div class=\"container\">\n        <div class=\"content\"><p>Mangez un morceau avant votre vol. Trouvez un m\u00e9lange d&rsquo;aliments nationaux et locaux \u00e0 d\u00e9guster \u00e0 l&rsquo;a\u00e9roport ou \u00e0 emporter dans l&rsquo;avion.<\/p>\n<\/div>\n    <\/div>\n<\/section>\n\n\n<section class=\"content-slider flex one-col\">\n                    <div class=\"container large\">\n                        <div class=\"slides\" data-animate>\n                            <div class=\"slide has-flyout\">\n                                            <div class=\"image-wrap\">\n                                                    <img loading=\"lazy\" decoding=\"async\" width=\"1200\" height=\"933\" src=\"https:\/\/yyj.ca\/wp-content\/uploads\/2023\/03\/YYJ_2023-196-1200x933.jpg\" class=\"attachment-medium-square size-medium-square\" alt=\"\" \/>                                                <\/div>\n                        <div class=\"tile-content\">\n                                                            <h4>Tim Hortons<\/h4>\n                                                    <\/div>\n                                    <\/div>\n                            <div class=\"slide has-flyout\">\n                                            <div class=\"image-wrap\">\n                                                    <img loading=\"lazy\" decoding=\"async\" width=\"1200\" height=\"933\" src=\"https:\/\/yyj.ca\/wp-content\/uploads\/2023\/02\/YYJ_2023-194-1200x933.jpg\" class=\"attachment-medium-square size-medium-square\" alt=\"\" \/>                                                <\/div>\n                        <div class=\"tile-content\">\n                                                            <h4>La figue capricieuse<\/h4>\n                                                    <\/div>\n                                    <\/div>\n                            <div class=\"slide has-flyout\">\n                                            <div class=\"image-wrap\">\n                                                    <img loading=\"lazy\" decoding=\"async\" width=\"1200\" height=\"1200\" src=\"https:\/\/yyj.ca\/wp-content\/uploads\/2023\/03\/YYJ_2023-403-1200x1200.jpg\" class=\"attachment-medium-square size-medium-square\" alt=\"\" srcset=\"https:\/\/yyj.ca\/wp-content\/uploads\/2023\/03\/YYJ_2023-403-1200x1200.jpg 1200w, https:\/\/yyj.ca\/wp-content\/uploads\/2023\/03\/YYJ_2023-403-150x150.jpg 150w, https:\/\/yyj.ca\/wp-content\/uploads\/2023\/03\/YYJ_2023-403-400x400.jpg 400w, https:\/\/yyj.ca\/wp-content\/uploads\/2023\/03\/YYJ_2023-403-800x800.jpg 800w\" sizes=\"auto, (max-width: 1200px) 100vw, 1200px\" \/>                                                <\/div>\n                        <div class=\"tile-content\">\n                                                            <h4>Spinnakers \u00e0 la vol\u00e9e<\/h4>\n                                                    <\/div>\n                                    <\/div>\n                            <div class=\"slide has-flyout\">\n                                            <div class=\"image-wrap\">\n                                                    <img loading=\"lazy\" decoding=\"async\" width=\"1024\" height=\"1200\" src=\"https:\/\/yyj.ca\/wp-content\/uploads\/2023\/04\/YYJ_2023-378-1024x1200.jpg\" class=\"attachment-medium-square size-medium-square\" alt=\"\" \/>                                                <\/div>\n                        <div class=\"tile-content\">\n                                                            <h4>Caf\u00e9 et bar Fresh Cup  <\/h4>\n                                                    <\/div>\n                                    <\/div>\n                        <\/div>\n        <\/div>\n        <div class=\"flyouts\">\n                <div class=\"flyout flyout-slider flex\">\n                <div class=\"close\"><\/div>\n                <div class=\"image-wrap\">\n                    <img loading=\"lazy\" decoding=\"async\" width=\"1400\" height=\"933\" src=\"https:\/\/yyj.ca\/wp-content\/uploads\/2023\/03\/YYJ_2023-196.jpg\" class=\"attachment-full size-full\" alt=\"\" srcset=\"https:\/\/yyj.ca\/wp-content\/uploads\/2023\/03\/YYJ_2023-196.jpg 1400w, https:\/\/yyj.ca\/wp-content\/uploads\/2023\/03\/YYJ_2023-196-300x200.jpg 300w, https:\/\/yyj.ca\/wp-content\/uploads\/2023\/03\/YYJ_2023-196-1024x682.jpg 1024w\" sizes=\"auto, (max-width: 1400px) 100vw, 1400px\" \/>                <\/div>\n                <div class=\"content\">\n                    <div><p>Tim Hortons<br \/>\nUn classique canadien !<\/p>\n<p><strong>Pr\u00e9-s\u00e9curit\u00e9<\/strong><br \/>\nGroupe Compass Canada<br \/>\n(250) 655-7277<\/p>\n<p><strong>Heures d&rsquo;ouverture :<\/strong> 5:00 &#8211; 21:00<\/p>\n<\/div>\n                <\/div>\n            <\/div>\n                    <div class=\"flyout flyout-slider flex\">\n                <div class=\"close\"><\/div>\n                <div class=\"image-wrap\">\n                    <img loading=\"lazy\" decoding=\"async\" width=\"1024\" height=\"683\" src=\"https:\/\/yyj.ca\/wp-content\/uploads\/2023\/04\/YYJ_2023-251.jpg\" class=\"attachment-full size-full\" alt=\"\" srcset=\"https:\/\/yyj.ca\/wp-content\/uploads\/2023\/04\/YYJ_2023-251.jpg 1024w, https:\/\/yyj.ca\/wp-content\/uploads\/2023\/04\/YYJ_2023-251-300x200.jpg 300w\" sizes=\"auto, (max-width: 1024px) 100vw, 1024px\" \/>                <\/div>\n                <div class=\"content\">\n                    <div><h4>Le march\u00e9 agricole de la Figue capricieuse<\/h4>\n<p>Le toit rouge vif du Fickle Fig Farm Market est visible de l&rsquo;autre c\u00f4t\u00e9 du terrain d&rsquo;aviation depuis l&rsquo;a\u00e9roport. Un caf\u00e9 march\u00e9 hyper-local offrant une s\u00e9lection toujours renouvel\u00e9e de produits de boulangerie et de sandwichs frais de la ferme \u00e0 la vol\u00e9e !<\/p>\n<p><strong>Pr\u00e9-s\u00e9curit\u00e9<\/strong><\/p>\n<p><strong>Heures :<\/strong><br \/>\nDu lundi au vendredi de 5h00 \u00e0 20h00<br \/>\nSamedi et dimanche 6h00 &#8211; 17h00<\/p>\n<\/div>\n                <\/div>\n            <\/div>\n                    <div class=\"flyout flyout-slider flex\">\n                <div class=\"close\"><\/div>\n                <div class=\"image-wrap\">\n                    <img loading=\"lazy\" decoding=\"async\" width=\"1024\" height=\"683\" src=\"https:\/\/yyj.ca\/wp-content\/uploads\/2023\/04\/YYJ_2023-447.jpg\" class=\"attachment-full size-full\" alt=\"\" srcset=\"https:\/\/yyj.ca\/wp-content\/uploads\/2023\/04\/YYJ_2023-447.jpg 1024w, https:\/\/yyj.ca\/wp-content\/uploads\/2023\/04\/YYJ_2023-447-300x200.jpg 300w\" sizes=\"auto, (max-width: 1024px) 100vw, 1024px\" \/>                <\/div>\n                <div class=\"content\">\n                    <div><h4>Spinnakers \u00e0 la vol\u00e9e<\/h4>\n<p>Savourez la saveur de la toute premi\u00e8re brasserie gastro moderne du Canada. Spinnakers On the Fly propose 12 bi\u00e8res Spinnakers, une carte de vins et spiritueux locaux, des plats chauds et un menu \u00ab\u00a0\u00e0 emporter\u00a0\u00bb inspir\u00e9 du style Spinnakers.<\/p>\n<p><strong>L&rsquo;apr\u00e8s-s\u00e9curit\u00e9<\/strong><br \/>\nGroupe Compass Canada<\/p>\n<p><strong>Heures d&rsquo;ouverture :<\/strong> Tous les jours de 4h30 \u00e0 22h30 (ou apr\u00e8s le dernier vol pr\u00e9vu au d\u00e9part)<\/p>\n<p>&nbsp;<\/p>\n<\/div>\n                <\/div>\n            <\/div>\n                    <div class=\"flyout flyout-slider flex\">\n                <div class=\"close\"><\/div>\n                <div class=\"image-wrap\">\n                    <img loading=\"lazy\" decoding=\"async\" width=\"2560\" height=\"1704\" src=\"https:\/\/yyj.ca\/wp-content\/uploads\/2023\/04\/Ray-Shipka-Vic-Airport-Feb-2020-14-7-scaled.jpg\" class=\"attachment-full size-full\" alt=\"\" srcset=\"https:\/\/yyj.ca\/wp-content\/uploads\/2023\/04\/Ray-Shipka-Vic-Airport-Feb-2020-14-7-scaled.jpg 2560w, https:\/\/yyj.ca\/wp-content\/uploads\/2023\/04\/Ray-Shipka-Vic-Airport-Feb-2020-14-7-300x200.jpg 300w, https:\/\/yyj.ca\/wp-content\/uploads\/2023\/04\/Ray-Shipka-Vic-Airport-Feb-2020-14-7-1024x681.jpg 1024w, https:\/\/yyj.ca\/wp-content\/uploads\/2023\/04\/Ray-Shipka-Vic-Airport-Feb-2020-14-7-1536x1022.jpg 1536w, https:\/\/yyj.ca\/wp-content\/uploads\/2023\/04\/Ray-Shipka-Vic-Airport-Feb-2020-14-7-2048x1363.jpg 2048w\" sizes=\"auto, (max-width: 2560px) 100vw, 2560px\" \/>                <\/div>\n                <div class=\"content\">\n                    <div><h4>Fresh Cup Caf\u00e9 et Bar<\/h4>\n<p>Fresh Cup promet aux voyageurs une exp\u00e9rience unique et innovante en mati\u00e8re de nourriture et de boissons. Le caf\u00e9 et le bar proposent du caf\u00e9 Fresh Cup \u00e0 la tasse, des expressos et des caf\u00e9s sp\u00e9ciaux, des grains de caf\u00e9 bio fra\u00eechement torr\u00e9fi\u00e9s, une large s\u00e9lection d&rsquo;en-cas sal\u00e9s et de p\u00e2tisseries, y compris des produits sans gluten, ainsi qu&rsquo;une gamme compl\u00e8te de vins, de bi\u00e8res, de cidres et de spiritueux de la Colombie Britannique.<\/p>\n<p><strong>Portail de post-s\u00e9curit\u00e9 5<\/strong><br \/>\nGroupe Compass Canada<\/p>\n<p><strong>Heures d&rsquo;ouverture :<\/strong> Du vendredi au mardi de 5h00 \u00e0 13h00<\/p>\n<\/div>\n                <\/div>\n            <\/div>\n            <div>\n<\/section>","protected":false},"excerpt":{"rendered":"","protected":false},"author":1,"featured_media":0,"parent":7062,"menu_order":0,"comment_status":"closed","ping_status":"closed","template":"","meta":{"_acf_changed":false,"footnotes":""},"class_list":["post-7052","page","type-page","status-publish","hentry"],"acf":[],"yoast_head":"<!-- This site is optimized with the Yoast SEO plugin v27.3 - https:\/\/yoast.com\/product\/yoast-seo-wordpress\/ -->\n<title>Restauration - Victoria Airport Authority<\/title>\n<meta name=\"robots\" content=\"index, follow, max-snippet:-1, max-image-preview:large, max-video-preview:-1\" \/>\n<link rel=\"canonical\" href=\"https:\/\/yyj.ca\/fr\/a-yyj\/restauration\/\" \/>\n<meta property=\"og:locale\" content=\"fr_FR\" \/>\n<meta property=\"og:type\" content=\"article\" \/>\n<meta property=\"og:title\" content=\"Restauration - Victoria Airport Authority\" \/>\n<meta property=\"og:url\" content=\"https:\/\/yyj.ca\/fr\/a-yyj\/restauration\/\" \/>\n<meta property=\"og:site_name\" content=\"Victoria Airport Authority\" \/>\n<meta property=\"article:modified_time\" content=\"2025-11-20T22:53:00+00:00\" \/>\n<meta name=\"twitter:card\" content=\"summary_large_image\" \/>\n<script type=\"application\/ld+json\" class=\"yoast-schema-graph\">{\"@context\":\"https:\\\/\\\/schema.org\",\"@graph\":[{\"@type\":\"WebPage\",\"@id\":\"https:\\\/\\\/yyj.ca\\\/fr\\\/a-yyj\\\/restauration\\\/\",\"url\":\"https:\\\/\\\/yyj.ca\\\/fr\\\/a-yyj\\\/restauration\\\/\",\"name\":\"Restauration - Victoria Airport Authority\",\"isPartOf\":{\"@id\":\"https:\\\/\\\/yyj.ca\\\/fr\\\/#website\"},\"datePublished\":\"2023-04-04T17:00:59+00:00\",\"dateModified\":\"2025-11-20T22:53:00+00:00\",\"breadcrumb\":{\"@id\":\"https:\\\/\\\/yyj.ca\\\/fr\\\/a-yyj\\\/restauration\\\/#breadcrumb\"},\"inLanguage\":\"fr-FR\",\"potentialAction\":[{\"@type\":\"ReadAction\",\"target\":[\"https:\\\/\\\/yyj.ca\\\/fr\\\/a-yyj\\\/restauration\\\/\"]}]},{\"@type\":\"BreadcrumbList\",\"@id\":\"https:\\\/\\\/yyj.ca\\\/fr\\\/a-yyj\\\/restauration\\\/#breadcrumb\",\"itemListElement\":[{\"@type\":\"ListItem\",\"position\":1,\"name\":\"Home\",\"item\":\"https:\\\/\\\/yyj.ca\\\/fr\\\/\"},{\"@type\":\"ListItem\",\"position\":2,\"name\":\"\u00c0 YYJ\",\"item\":\"https:\\\/\\\/yyj.ca\\\/fr\\\/a-yyj\\\/\"},{\"@type\":\"ListItem\",\"position\":3,\"name\":\"Restauration\"}]},{\"@type\":\"WebSite\",\"@id\":\"https:\\\/\\\/yyj.ca\\\/fr\\\/#website\",\"url\":\"https:\\\/\\\/yyj.ca\\\/fr\\\/\",\"name\":\"Victoria Airport Authority\",\"description\":\"Victoria International Airport\",\"publisher\":{\"@id\":\"https:\\\/\\\/yyj.ca\\\/fr\\\/#organization\"},\"potentialAction\":[{\"@type\":\"SearchAction\",\"target\":{\"@type\":\"EntryPoint\",\"urlTemplate\":\"https:\\\/\\\/yyj.ca\\\/fr\\\/?s={search_term_string}\"},\"query-input\":{\"@type\":\"PropertyValueSpecification\",\"valueRequired\":true,\"valueName\":\"search_term_string\"}}],\"inLanguage\":\"fr-FR\"},{\"@type\":\"Organization\",\"@id\":\"https:\\\/\\\/yyj.ca\\\/fr\\\/#organization\",\"name\":\"Victoria Inernational Airport\",\"url\":\"https:\\\/\\\/yyj.ca\\\/fr\\\/\",\"logo\":{\"@type\":\"ImageObject\",\"inLanguage\":\"fr-FR\",\"@id\":\"https:\\\/\\\/yyj.ca\\\/fr\\\/#\\\/schema\\\/logo\\\/image\\\/\",\"url\":\"https:\\\/\\\/aeroportdevictoria.com\\\/wp-content\\\/uploads\\\/2023\\\/06\\\/yyj-logo.svg\",\"contentUrl\":\"https:\\\/\\\/aeroportdevictoria.com\\\/wp-content\\\/uploads\\\/2023\\\/06\\\/yyj-logo.svg\",\"width\":378,\"height\":73,\"caption\":\"Victoria Inernational Airport\"},\"image\":{\"@id\":\"https:\\\/\\\/yyj.ca\\\/fr\\\/#\\\/schema\\\/logo\\\/image\\\/\"}}]}<\/script>\n<!-- \/ Yoast SEO plugin. -->","yoast_head_json":{"title":"Restauration - Victoria Airport Authority","robots":{"index":"index","follow":"follow","max-snippet":"max-snippet:-1","max-image-preview":"max-image-preview:large","max-video-preview":"max-video-preview:-1"},"canonical":"https:\/\/yyj.ca\/fr\/a-yyj\/restauration\/","og_locale":"fr_FR","og_type":"article","og_title":"Restauration - Victoria Airport Authority","og_url":"https:\/\/yyj.ca\/fr\/a-yyj\/restauration\/","og_site_name":"Victoria Airport Authority","article_modified_time":"2025-11-20T22:53:00+00:00","twitter_card":"summary_large_image","schema":{"@context":"https:\/\/schema.org","@graph":[{"@type":"WebPage","@id":"https:\/\/yyj.ca\/fr\/a-yyj\/restauration\/","url":"https:\/\/yyj.ca\/fr\/a-yyj\/restauration\/","name":"Restauration - Victoria Airport Authority","isPartOf":{"@id":"https:\/\/yyj.ca\/fr\/#website"},"datePublished":"2023-04-04T17:00:59+00:00","dateModified":"2025-11-20T22:53:00+00:00","breadcrumb":{"@id":"https:\/\/yyj.ca\/fr\/a-yyj\/restauration\/#breadcrumb"},"inLanguage":"fr-FR","potentialAction":[{"@type":"ReadAction","target":["https:\/\/yyj.ca\/fr\/a-yyj\/restauration\/"]}]},{"@type":"BreadcrumbList","@id":"https:\/\/yyj.ca\/fr\/a-yyj\/restauration\/#breadcrumb","itemListElement":[{"@type":"ListItem","position":1,"name":"Home","item":"https:\/\/yyj.ca\/fr\/"},{"@type":"ListItem","position":2,"name":"\u00c0 YYJ","item":"https:\/\/yyj.ca\/fr\/a-yyj\/"},{"@type":"ListItem","position":3,"name":"Restauration"}]},{"@type":"WebSite","@id":"https:\/\/yyj.ca\/fr\/#website","url":"https:\/\/yyj.ca\/fr\/","name":"Victoria Airport Authority","description":"Victoria International Airport","publisher":{"@id":"https:\/\/yyj.ca\/fr\/#organization"},"potentialAction":[{"@type":"SearchAction","target":{"@type":"EntryPoint","urlTemplate":"https:\/\/yyj.ca\/fr\/?s={search_term_string}"},"query-input":{"@type":"PropertyValueSpecification","valueRequired":true,"valueName":"search_term_string"}}],"inLanguage":"fr-FR"},{"@type":"Organization","@id":"https:\/\/yyj.ca\/fr\/#organization","name":"Victoria Inernational Airport","url":"https:\/\/yyj.ca\/fr\/","logo":{"@type":"ImageObject","inLanguage":"fr-FR","@id":"https:\/\/yyj.ca\/fr\/#\/schema\/logo\/image\/","url":"https:\/\/aeroportdevictoria.com\/wp-content\/uploads\/2023\/06\/yyj-logo.svg","contentUrl":"https:\/\/aeroportdevictoria.com\/wp-content\/uploads\/2023\/06\/yyj-logo.svg","width":378,"height":73,"caption":"Victoria Inernational Airport"},"image":{"@id":"https:\/\/yyj.ca\/fr\/#\/schema\/logo\/image\/"}}]}},"_links":{"self":[{"href":"https:\/\/yyj.ca\/fr\/wp-json\/wp\/v2\/pages\/7052","targetHints":{"allow":["GET"]}}],"collection":[{"href":"https:\/\/yyj.ca\/fr\/wp-json\/wp\/v2\/pages"}],"about":[{"href":"https:\/\/yyj.ca\/fr\/wp-json\/wp\/v2\/types\/page"}],"author":[{"embeddable":true,"href":"https:\/\/yyj.ca\/fr\/wp-json\/wp\/v2\/users\/1"}],"replies":[{"embeddable":true,"href":"https:\/\/yyj.ca\/fr\/wp-json\/wp\/v2\/comments?post=7052"}],"version-history":[{"count":0,"href":"https:\/\/yyj.ca\/fr\/wp-json\/wp\/v2\/pages\/7052\/revisions"}],"up":[{"embeddable":true,"href":"https:\/\/yyj.ca\/fr\/wp-json\/wp\/v2\/pages\/7062"}],"wp:attachment":[{"href":"https:\/\/yyj.ca\/fr\/wp-json\/wp\/v2\/media?parent=7052"}],"curies":[{"name":"wp","href":"https:\/\/api.w.org\/{rel}","templated":true}]}}