{"id":7050,"date":"2023-04-19T17:04:19","date_gmt":"2023-04-20T00:04:19","guid":{"rendered":"https:\/\/yyj.eclipsedev.tk\/partenariat-avec-nous\/repertoire-des-entreprises-du-secteur-de-laviation\/"},"modified":"2025-01-29T11:28:02","modified_gmt":"2025-01-29T18:28:02","slug":"repertoire-des-entreprises-du-secteur-de-laviation","status":"publish","type":"page","link":"https:\/\/yyj.ca\/fr\/partenariat-avec-nous\/repertoire-des-entreprises-du-secteur-de-laviation\/","title":{"rendered":"R\u00e9pertoire des entreprises du secteur de l&rsquo;aviation"},"content":{"rendered":"\n<section class=\"banner\">\n            <div class=\"image-wrap\">\n            <img fetchpriority=\"high\" decoding=\"async\" width=\"1922\" height=\"951\" src=\"https:\/\/yyj.ca\/wp-content\/uploads\/2022\/10\/resources-bg.svg\" class=\"attachment-full size-full\" alt=\"\" loading=\"eager\" \/>        <\/div>\n        <div class=\"container large\">\n                    <h2 class=\"overline\">SOCI\u00c9T\u00c9<\/h2>\n                    <h1>R\u00e9pertoire des entreprises du secteur de l&rsquo;aviation<\/h1>\n                    <\/div>\n    <div class=\"banner-graphic\">\n        <img decoding=\"async\" src=\"\/wp-content\/themes\/eclipse360\/assets\/images\/banner-bottom.svg\" alt=\"banner-graphic\">\n    <\/div>\n<\/section>\n<section class=\"page-intro\">\n    <div class=\"container\">\n        <div class=\"content\"><p>YYJ accueille des compagnies a\u00e9riennes r\u00e9guli\u00e8res et charter, des \u00e9coles de pilotage, des services de fret a\u00e9rien et de messagerie, des centres de logistique et de distribution, des distributeurs de carburant, des installations de maintenance d&rsquo;a\u00e9ronefs et des op\u00e9rateurs de base fixe. En outre, des entreprises de haute technologie, des entreprises manufacturi\u00e8res et des entreprises industrielles ont toutes \u00e9tabli leur si\u00e8ge \u00e0 l&rsquo;a\u00e9roport international de Victoria.<\/p>\n<\/div>\n    <\/div>\n<\/section>\n<section class=\"block_background dark\" style=\"background-color: ;\">\n    <div class=\"image-wrap\" data-animate-2><img loading=\"lazy\" decoding=\"async\" width=\"1920\" height=\"968\" src=\"https:\/\/yyj.ca\/wp-content\/uploads\/2022\/11\/whats-new-bg.svg\" class=\"attachment-full size-full\" alt=\"background image\" \/><\/div>    <div class=\"container moyen\">\n        \n\n<p><strong>\u00c9coles de pilotage<\/strong><\/p>\n\n\n\n<div class=\"wp-block-columns is-layout-flex wp-container-core-columns-is-layout-9d6595d7 wp-block-columns-is-layout-flex\">\n<div class=\"wp-block-column is-layout-flow wp-block-column-is-layout-flow\">\n<p><a href=\"http:\/\/www.flyvfc.com\/\" target=\"_blank\" rel=\"noreferrer noopener\">Victoria Flying Club<br\/><\/a>250-656-4321<\/p>\n<\/div>\n\n\n\n<div class=\"wp-block-column is-layout-flow wp-block-column-is-layout-flow\">\n<p><br\/> <\/p>\n<\/div>\n<\/div>\n\n\n    <\/div>\n<\/section><section class=\"block_background dark\" style=\"background-color: ;\">\n        <div class=\"container moyen\">\n        \n\n<p><strong>Op\u00e9rateurs de base fixe (FBO), affr\u00e8tement d&rsquo;a\u00e9ronefs, location et autres<\/strong><\/p>\n\n\n\n<div class=\"wp-block-columns is-layout-flex wp-container-core-columns-is-layout-9d6595d7 wp-block-columns-is-layout-flex\">\n<div class=\"wp-block-column is-layout-flow wp-block-column-is-layout-flow\">\n<p><a href=\"http:\/\/www.yyjfbo.com\/\" target=\"_blank\" rel=\"noreferrer noopener\">YYJ FBO Services Ltd. &#8211; Shell Aerocentre<br\/><\/a>250-655-5346<\/p>\n\n\n\n<p><a href=\"http:\/\/www.patbayair.com\/\" target=\"_blank\" rel=\"noreferrer noopener\">Pat Bay Air Seaplanes<br\/><\/a>250-654-0646<\/p>\n\n\n\n<p><a href=\"http:\/\/www.lifeflight.ca\/\" target=\"_blank\" rel=\"noreferrer noopener\">Life Flight International<\/a><\/p>\n\n\n\n<p>250-655-1630<\/p>\n\n\n\n<p>1-800-661-2183<\/p>\n\n\n\n<p><a href=\"https:\/\/www.vihexecujet.com\/\">VIH Execujet Ltd<\/a><\/p>\n\n\n\n<p>250-655-6844<\/p>\n<\/div>\n\n\n\n<div class=\"wp-block-column is-layout-flow wp-block-column-is-layout-flow\">\n<p><a href=\"http:\/\/www.flyvfc.com\/\" target=\"_blank\" rel=\"noreferrer noopener\">Victoria Flying Club<br\/><\/a>250-656-4321<\/p>\n\n\n\n<p><a href=\"http:\/\/www.harbourair.com\/\" target=\"_blank\" rel=\"noreferrer noopener\">Harbour Air Seaplanes<br\/><\/a>1-800-665-0212<\/p>\n\n\n\n<p><a href=\"http:\/\/www.oceanair.ca\/\" target=\"_blank\" rel=\"noreferrer noopener\">Avions \u00e0 flotteurs Ocean Air<\/a><\/p>\n\n\n\n<p>1-866-655-1144<\/p>\n<\/div>\n<\/div>\n\n\n    <\/div>\n<\/section><section class=\"block_background dark\" style=\"background-color: ;\">\n    <div class=\"image-wrap\" data-animate-2><img loading=\"lazy\" decoding=\"async\" width=\"1920\" height=\"968\" src=\"https:\/\/yyj.ca\/wp-content\/uploads\/2022\/11\/whats-new-bg.svg\" class=\"attachment-full size-full\" alt=\"background image\" \/><\/div>    <div class=\"container moyen\">\n        \n\n<p><strong>Maintenance des a\u00e9ronefs<\/strong><\/p>\n\n\n\n<div class=\"wp-block-columns is-layout-flex wp-container-core-columns-is-layout-9d6595d7 wp-block-columns-is-layout-flex\">\n<div class=\"wp-block-column is-layout-flow wp-block-column-is-layout-flow\">\n<p><a href=\"http:\/\/vicair.net\/\" target=\"_blank\" rel=\"noreferrer noopener\">Victoria Air Maintenance<\/a><\/p>\n\n\n\n<p>250-656-7600<\/p>\n\n\n\n<p><a href=\"http:\/\/www.vikingair.com\/\" target=\"_blank\" rel=\"noreferrer noopener\">Viking Air<\/a><\/p>\n\n\n\n<p>250-656-7227<\/p>\n<\/div>\n\n\n\n<div class=\"wp-block-column is-layout-flow wp-block-column-is-layout-flow\">\n<p><a href=\"http:\/\/www.vih.com\/\" target=\"_blank\" rel=\"noreferrer noopener\">VIH Aerospace Inc.<\/a><strong><a href=\"http:\/\/www.vih.com\/\" target=\"_blank\" rel=\"noreferrer noopener\"><br\/><\/a><\/strong>250-656-3987<\/p>\n\n\n\n<p><a href=\"http:\/\/www.victoriaavionics.com\/index.html\" target=\"_blank\" rel=\"noreferrer noopener\">Victoria Avionics<br\/><\/a>250-656-2733<\/p>\n\n\n\n<p><a href=\"https:\/\/www.vihexecujet.com\/\">VIH Execujet Ltd.<\/a><\/p>\n\n\n\n<p>250-655-6844<\/p>\n\n\n\n<p><\/p>\n<\/div>\n<\/div>\n\n\n    <\/div>\n<\/section><section class=\"block_background dark\" style=\"background-color: ;\">\n        <div class=\"container moyen\">\n        \n\n<p><strong>Services d&rsquo;h\u00e9licopt\u00e8res<\/strong><\/p>\n\n\n\n<div class=\"wp-block-columns is-layout-flex wp-container-core-columns-is-layout-9d6595d7 wp-block-columns-is-layout-flex\">\n<div class=\"wp-block-column is-layout-flow wp-block-column-is-layout-flow\">\n<p><a href=\"http:\/\/www.vih.com\/\" target=\"_blank\" rel=\"noreferrer noopener\">VIH Aviation Group<br\/><\/a>250-656-3987<\/p>\n\n\n\n<p><br\/><\/p>\n<\/div>\n\n\n\n<div class=\"wp-block-column is-layout-flow wp-block-column-is-layout-flow\"><\/div>\n<\/div>\n\n\n    <\/div>\n<\/section><section class=\"block_background dark\" style=\"background-color: ;\">\n    <div class=\"image-wrap\" data-animate-2><img loading=\"lazy\" decoding=\"async\" width=\"1920\" height=\"968\" src=\"https:\/\/yyj.ca\/wp-content\/uploads\/2022\/11\/whats-new-bg.svg\" class=\"attachment-full size-full\" alt=\"background image\" \/><\/div>    <div class=\"container moyen\">\n        \n\n<p><strong>Autres entreprises \/ organisations<\/strong><\/p>\n\n\n\n<div class=\"wp-block-columns is-layout-flex wp-container-core-columns-is-layout-9d6595d7 wp-block-columns-is-layout-flex\">\n<div class=\"wp-block-column is-layout-flow wp-block-column-is-layout-flow\">\n<p>676e Escadron des cadets de l&rsquo;air Kittyhawk<strong><br\/><\/strong>250-656-4423<\/p>\n\n\n\n<p><a href=\"http:\/\/www.bcam.net\/\" target=\"_blank\" rel=\"noreferrer noopener\">Mus\u00e9e de l&rsquo;aviation de la Colombie-Britannique<\/a><strong><a href=\"http:\/\/www.bcam.net\/\" target=\"_blank\" rel=\"noreferrer noopener\"><br\/><\/a><\/strong>250-655-3300<\/p>\n\n\n\n<p><a href=\"http:\/\/www.marywinspear.ca\/\" target=\"_blank\" rel=\"noreferrer noopener\">Sidney &amp; North Saanich Memorial Park Society<\/a><br\/>250-656-0275<\/p>\n\n\n\n<p>Viscount Aero Centre<br\/> 778-426-1166<\/p>\n<\/div>\n\n\n\n<div class=\"wp-block-column is-layout-flow wp-block-column-is-layout-flow\">\n<p>Corps des cadets de la marine de l&rsquo;Amiral Budge<strong><br\/><\/strong>250-652-1308<\/p>\n\n\n\n<p>Propri\u00e9t\u00e9s High View<strong><br\/><\/strong>250-380-5984<\/p>\n\n\n\n<p><a href=\"http:\/\/www.nickelbros.com\/\" target=\"_blank\" rel=\"noreferrer noopener\">Nickel Bros. D\u00e9m\u00e9nagement<br\/><\/a>250-656-2237<\/p>\n\n\n\n<p><br\/><\/p>\n<\/div>\n<\/div>\n\n\n    <\/div>\n<\/section><section class=\"block_background dark\" style=\"background-color: ;\">\n        <div class=\"container moyen\">\n        \n\n<p><\/p>\n\n\n\n<div class=\"wp-block-columns is-layout-flex wp-container-core-columns-is-layout-9d6595d7 wp-block-columns-is-layout-flex\">\n<div class=\"wp-block-column is-layout-flow wp-block-column-is-layout-flow\">\n<p><\/p>\n<\/div>\n\n\n\n<div class=\"wp-block-column is-layout-flow wp-block-column-is-layout-flow\"><\/div>\n<\/div>\n\n\n\n<p><strong>Manutentionnaires au sol<\/strong><\/p>\n\n\n\n<p><strong>CANWEST Flight Services<\/strong><\/p>\n\n\n\n<div class=\"wp-block-columns is-layout-flex wp-container-core-columns-is-layout-9d6595d7 wp-block-columns-is-layout-flex\">\n<div class=\"wp-block-column is-layout-flow wp-block-column-is-layout-flow\">\n<p>canwest_yyj@telus.net<br\/>250-656-3034<\/p>\n\n\n\n<p><\/p>\n<\/div>\n\n\n\n<div class=\"wp-block-column is-layout-flow wp-block-column-is-layout-flow\"><\/div>\n<\/div>\n\n\n    <\/div>\n<\/section><section class=\"block_background dark\" style=\"background-color: ;\">\n    <div class=\"image-wrap\" data-animate-2><img loading=\"lazy\" decoding=\"async\" width=\"1920\" height=\"968\" src=\"https:\/\/yyj.ca\/wp-content\/uploads\/2022\/11\/whats-new-bg.svg\" class=\"attachment-full size-full\" alt=\"background image\" \/><\/div>    <div class=\"container moyen\">\n        \n\n<p><strong>Distributeurs de carburant<\/strong><\/p>\n\n\n\n<div class=\"wp-block-columns is-layout-flex wp-container-core-columns-is-layout-9d6595d7 wp-block-columns-is-layout-flex\">\n<div class=\"wp-block-column is-layout-flow wp-block-column-is-layout-flow\">\n<p><strong>World Fuels<\/strong><br\/>250-656-3231<br\/>UNICOM 122.95<\/p>\n<\/div>\n\n\n\n<div class=\"wp-block-column is-layout-flow wp-block-column-is-layout-flow\">\n<p><strong>Shell <\/strong><br\/>250-655-6844 csr@yyjfbo.com<br\/>UNICOM 122,85<\/p>\n<\/div>\n<\/div>\n\n\n    <\/div>\n<\/section>\n<figure class=\"wp-block-gallery has-nested-images columns-5 is-cropped wp-block-gallery-1 is-layout-flex wp-block-gallery-is-layout-flex\">\n<figure class=\"wp-block-image size-full\"><img loading=\"lazy\" decoding=\"async\" width=\"750\" height=\"611\" data-id=\"4173\" src=\"https:\/\/yyj.ca\/wp-content\/uploads\/2023\/02\/YYJ_SAMPLE_IMAGES-19.jpg\" alt=\"\" class=\"wp-image-4173\" srcset=\"https:\/\/yyj.ca\/wp-content\/uploads\/2023\/02\/YYJ_SAMPLE_IMAGES-19.jpg 750w, https:\/\/yyj.ca\/wp-content\/uploads\/2023\/02\/YYJ_SAMPLE_IMAGES-19-300x244.jpg 300w\" sizes=\"auto, (max-width: 750px) 100vw, 750px\" \/><\/figure>\n\n\n\n<figure class=\"wp-block-image size-full\"><img loading=\"lazy\" decoding=\"async\" width=\"750\" height=\"500\" data-id=\"4174\" src=\"https:\/\/yyj.ca\/wp-content\/uploads\/2023\/02\/YYJ_SAMPLE_IMAGES.jpg\" alt=\"\" class=\"wp-image-4174\" srcset=\"https:\/\/yyj.ca\/wp-content\/uploads\/2023\/02\/YYJ_SAMPLE_IMAGES.jpg 750w, https:\/\/yyj.ca\/wp-content\/uploads\/2023\/02\/YYJ_SAMPLE_IMAGES-300x200.jpg 300w\" sizes=\"auto, (max-width: 750px) 100vw, 750px\" \/><\/figure>\n\n\n\n<figure class=\"wp-block-image size-large\"><img loading=\"lazy\" decoding=\"async\" width=\"1024\" height=\"682\" data-id=\"4231\" src=\"https:\/\/yyj.ca\/wp-content\/uploads\/2023\/02\/YYJ_2023-229-1024x682.jpg\" alt=\"\" class=\"wp-image-4231\" srcset=\"https:\/\/yyj.ca\/wp-content\/uploads\/2023\/02\/YYJ_2023-229-1024x682.jpg 1024w, https:\/\/yyj.ca\/wp-content\/uploads\/2023\/02\/YYJ_2023-229-300x200.jpg 300w, https:\/\/yyj.ca\/wp-content\/uploads\/2023\/02\/YYJ_2023-229.jpg 1400w\" sizes=\"auto, (max-width: 1024px) 100vw, 1024px\" \/><\/figure>\n\n\n\n<figure class=\"wp-block-image size-full\"><img loading=\"lazy\" decoding=\"async\" width=\"750\" height=\"500\" data-id=\"4175\" src=\"https:\/\/yyj.ca\/wp-content\/uploads\/2023\/02\/YYJ_SAMPLE_IMAGES-6.jpg\" alt=\"\" class=\"wp-image-4175\" srcset=\"https:\/\/yyj.ca\/wp-content\/uploads\/2023\/02\/YYJ_SAMPLE_IMAGES-6.jpg 750w, https:\/\/yyj.ca\/wp-content\/uploads\/2023\/02\/YYJ_SAMPLE_IMAGES-6-300x200.jpg 300w\" sizes=\"auto, (max-width: 750px) 100vw, 750px\" \/><\/figure>\n\n\n\n<figure class=\"wp-block-image size-large\"><img loading=\"lazy\" decoding=\"async\" width=\"1024\" height=\"682\" data-id=\"4230\" src=\"https:\/\/yyj.ca\/wp-content\/uploads\/2023\/02\/YYJ_2023-30-1024x682.jpg\" alt=\"\" class=\"wp-image-4230\" srcset=\"https:\/\/yyj.ca\/wp-content\/uploads\/2023\/02\/YYJ_2023-30-1024x682.jpg 1024w, https:\/\/yyj.ca\/wp-content\/uploads\/2023\/02\/YYJ_2023-30-300x200.jpg 300w, https:\/\/yyj.ca\/wp-content\/uploads\/2023\/02\/YYJ_2023-30.jpg 1400w\" sizes=\"auto, (max-width: 1024px) 100vw, 1024px\" \/><\/figure>\n<\/figure>\n","protected":false},"excerpt":{"rendered":"","protected":false},"author":9,"featured_media":0,"parent":6872,"menu_order":14,"comment_status":"closed","ping_status":"closed","template":"","meta":{"_acf_changed":false,"footnotes":""},"class_list":["post-7050","page","type-page","status-publish","hentry"],"acf":[],"yoast_head":"<!-- This site is optimized with the Yoast SEO plugin v27.3 - https:\/\/yoast.com\/product\/yoast-seo-wordpress\/ -->\n<title>R\u00e9pertoire des entreprises du secteur de l&#039;aviation - Victoria Airport Authority<\/title>\n<meta name=\"robots\" content=\"index, follow, max-snippet:-1, max-image-preview:large, max-video-preview:-1\" \/>\n<link rel=\"canonical\" href=\"https:\/\/yyj.ca\/fr\/partenariat-avec-nous\/repertoire-des-entreprises-du-secteur-de-laviation\/\" \/>\n<meta property=\"og:locale\" content=\"fr_FR\" \/>\n<meta property=\"og:type\" content=\"article\" \/>\n<meta property=\"og:title\" content=\"R\u00e9pertoire des entreprises du secteur de l&#039;aviation - Victoria Airport Authority\" \/>\n<meta property=\"og:url\" content=\"https:\/\/yyj.ca\/fr\/partenariat-avec-nous\/repertoire-des-entreprises-du-secteur-de-laviation\/\" \/>\n<meta property=\"og:site_name\" content=\"Victoria Airport Authority\" \/>\n<meta property=\"article:modified_time\" content=\"2025-01-29T18:28:02+00:00\" \/>\n<meta name=\"twitter:card\" content=\"summary_large_image\" \/>\n<meta name=\"twitter:label1\" content=\"Dur\u00e9e de lecture estim\u00e9e\" \/>\n\t<meta name=\"twitter:data1\" content=\"1 minute\" \/>\n<script type=\"application\/ld+json\" class=\"yoast-schema-graph\">{\"@context\":\"https:\\\/\\\/schema.org\",\"@graph\":[{\"@type\":\"WebPage\",\"@id\":\"https:\\\/\\\/yyj.ca\\\/fr\\\/partenariat-avec-nous\\\/repertoire-des-entreprises-du-secteur-de-laviation\\\/\",\"url\":\"https:\\\/\\\/yyj.ca\\\/fr\\\/partenariat-avec-nous\\\/repertoire-des-entreprises-du-secteur-de-laviation\\\/\",\"name\":\"R\u00e9pertoire des entreprises du secteur de l'aviation - Victoria Airport Authority\",\"isPartOf\":{\"@id\":\"https:\\\/\\\/yyj.ca\\\/fr\\\/#website\"},\"datePublished\":\"2023-04-20T00:04:19+00:00\",\"dateModified\":\"2025-01-29T18:28:02+00:00\",\"breadcrumb\":{\"@id\":\"https:\\\/\\\/yyj.ca\\\/fr\\\/partenariat-avec-nous\\\/repertoire-des-entreprises-du-secteur-de-laviation\\\/#breadcrumb\"},\"inLanguage\":\"fr-FR\",\"potentialAction\":[{\"@type\":\"ReadAction\",\"target\":[\"https:\\\/\\\/yyj.ca\\\/fr\\\/partenariat-avec-nous\\\/repertoire-des-entreprises-du-secteur-de-laviation\\\/\"]}]},{\"@type\":\"BreadcrumbList\",\"@id\":\"https:\\\/\\\/yyj.ca\\\/fr\\\/partenariat-avec-nous\\\/repertoire-des-entreprises-du-secteur-de-laviation\\\/#breadcrumb\",\"itemListElement\":[{\"@type\":\"ListItem\",\"position\":1,\"name\":\"Home\",\"item\":\"https:\\\/\\\/yyj.ca\\\/fr\\\/\"},{\"@type\":\"ListItem\",\"position\":2,\"name\":\"Partenariat avec nous\",\"item\":\"https:\\\/\\\/yyj.ca\\\/fr\\\/partenariat-avec-nous\\\/\"},{\"@type\":\"ListItem\",\"position\":3,\"name\":\"R\u00e9pertoire des entreprises du secteur de l&rsquo;aviation\"}]},{\"@type\":\"WebSite\",\"@id\":\"https:\\\/\\\/yyj.ca\\\/fr\\\/#website\",\"url\":\"https:\\\/\\\/yyj.ca\\\/fr\\\/\",\"name\":\"Victoria Airport Authority\",\"description\":\"Victoria International Airport\",\"publisher\":{\"@id\":\"https:\\\/\\\/yyj.ca\\\/fr\\\/#organization\"},\"potentialAction\":[{\"@type\":\"SearchAction\",\"target\":{\"@type\":\"EntryPoint\",\"urlTemplate\":\"https:\\\/\\\/yyj.ca\\\/fr\\\/?s={search_term_string}\"},\"query-input\":{\"@type\":\"PropertyValueSpecification\",\"valueRequired\":true,\"valueName\":\"search_term_string\"}}],\"inLanguage\":\"fr-FR\"},{\"@type\":\"Organization\",\"@id\":\"https:\\\/\\\/yyj.ca\\\/fr\\\/#organization\",\"name\":\"Victoria Inernational Airport\",\"url\":\"https:\\\/\\\/yyj.ca\\\/fr\\\/\",\"logo\":{\"@type\":\"ImageObject\",\"inLanguage\":\"fr-FR\",\"@id\":\"https:\\\/\\\/yyj.ca\\\/fr\\\/#\\\/schema\\\/logo\\\/image\\\/\",\"url\":\"https:\\\/\\\/aeroportdevictoria.com\\\/wp-content\\\/uploads\\\/2023\\\/06\\\/yyj-logo.svg\",\"contentUrl\":\"https:\\\/\\\/aeroportdevictoria.com\\\/wp-content\\\/uploads\\\/2023\\\/06\\\/yyj-logo.svg\",\"width\":378,\"height\":73,\"caption\":\"Victoria Inernational Airport\"},\"image\":{\"@id\":\"https:\\\/\\\/yyj.ca\\\/fr\\\/#\\\/schema\\\/logo\\\/image\\\/\"}}]}<\/script>\n<!-- \/ Yoast SEO plugin. -->","yoast_head_json":{"title":"R\u00e9pertoire des entreprises du secteur de l'aviation - Victoria Airport Authority","robots":{"index":"index","follow":"follow","max-snippet":"max-snippet:-1","max-image-preview":"max-image-preview:large","max-video-preview":"max-video-preview:-1"},"canonical":"https:\/\/yyj.ca\/fr\/partenariat-avec-nous\/repertoire-des-entreprises-du-secteur-de-laviation\/","og_locale":"fr_FR","og_type":"article","og_title":"R\u00e9pertoire des entreprises du secteur de l'aviation - Victoria Airport Authority","og_url":"https:\/\/yyj.ca\/fr\/partenariat-avec-nous\/repertoire-des-entreprises-du-secteur-de-laviation\/","og_site_name":"Victoria Airport Authority","article_modified_time":"2025-01-29T18:28:02+00:00","twitter_card":"summary_large_image","twitter_misc":{"Dur\u00e9e de lecture estim\u00e9e":"1 minute"},"schema":{"@context":"https:\/\/schema.org","@graph":[{"@type":"WebPage","@id":"https:\/\/yyj.ca\/fr\/partenariat-avec-nous\/repertoire-des-entreprises-du-secteur-de-laviation\/","url":"https:\/\/yyj.ca\/fr\/partenariat-avec-nous\/repertoire-des-entreprises-du-secteur-de-laviation\/","name":"R\u00e9pertoire des entreprises du secteur de l'aviation - Victoria Airport Authority","isPartOf":{"@id":"https:\/\/yyj.ca\/fr\/#website"},"datePublished":"2023-04-20T00:04:19+00:00","dateModified":"2025-01-29T18:28:02+00:00","breadcrumb":{"@id":"https:\/\/yyj.ca\/fr\/partenariat-avec-nous\/repertoire-des-entreprises-du-secteur-de-laviation\/#breadcrumb"},"inLanguage":"fr-FR","potentialAction":[{"@type":"ReadAction","target":["https:\/\/yyj.ca\/fr\/partenariat-avec-nous\/repertoire-des-entreprises-du-secteur-de-laviation\/"]}]},{"@type":"BreadcrumbList","@id":"https:\/\/yyj.ca\/fr\/partenariat-avec-nous\/repertoire-des-entreprises-du-secteur-de-laviation\/#breadcrumb","itemListElement":[{"@type":"ListItem","position":1,"name":"Home","item":"https:\/\/yyj.ca\/fr\/"},{"@type":"ListItem","position":2,"name":"Partenariat avec nous","item":"https:\/\/yyj.ca\/fr\/partenariat-avec-nous\/"},{"@type":"ListItem","position":3,"name":"R\u00e9pertoire des entreprises du secteur de l&rsquo;aviation"}]},{"@type":"WebSite","@id":"https:\/\/yyj.ca\/fr\/#website","url":"https:\/\/yyj.ca\/fr\/","name":"Victoria Airport Authority","description":"Victoria International Airport","publisher":{"@id":"https:\/\/yyj.ca\/fr\/#organization"},"potentialAction":[{"@type":"SearchAction","target":{"@type":"EntryPoint","urlTemplate":"https:\/\/yyj.ca\/fr\/?s={search_term_string}"},"query-input":{"@type":"PropertyValueSpecification","valueRequired":true,"valueName":"search_term_string"}}],"inLanguage":"fr-FR"},{"@type":"Organization","@id":"https:\/\/yyj.ca\/fr\/#organization","name":"Victoria Inernational Airport","url":"https:\/\/yyj.ca\/fr\/","logo":{"@type":"ImageObject","inLanguage":"fr-FR","@id":"https:\/\/yyj.ca\/fr\/#\/schema\/logo\/image\/","url":"https:\/\/aeroportdevictoria.com\/wp-content\/uploads\/2023\/06\/yyj-logo.svg","contentUrl":"https:\/\/aeroportdevictoria.com\/wp-content\/uploads\/2023\/06\/yyj-logo.svg","width":378,"height":73,"caption":"Victoria Inernational Airport"},"image":{"@id":"https:\/\/yyj.ca\/fr\/#\/schema\/logo\/image\/"}}]}},"_links":{"self":[{"href":"https:\/\/yyj.ca\/fr\/wp-json\/wp\/v2\/pages\/7050","targetHints":{"allow":["GET"]}}],"collection":[{"href":"https:\/\/yyj.ca\/fr\/wp-json\/wp\/v2\/pages"}],"about":[{"href":"https:\/\/yyj.ca\/fr\/wp-json\/wp\/v2\/types\/page"}],"author":[{"embeddable":true,"href":"https:\/\/yyj.ca\/fr\/wp-json\/wp\/v2\/users\/9"}],"replies":[{"embeddable":true,"href":"https:\/\/yyj.ca\/fr\/wp-json\/wp\/v2\/comments?post=7050"}],"version-history":[{"count":0,"href":"https:\/\/yyj.ca\/fr\/wp-json\/wp\/v2\/pages\/7050\/revisions"}],"up":[{"embeddable":true,"href":"https:\/\/yyj.ca\/fr\/wp-json\/wp\/v2\/pages\/6872"}],"wp:attachment":[{"href":"https:\/\/yyj.ca\/fr\/wp-json\/wp\/v2\/media?parent=7050"}],"curies":[{"name":"wp","href":"https:\/\/api.w.org\/{rel}","templated":true}]}}