{"id":7046,"date":"2023-03-22T09:55:26","date_gmt":"2023-03-22T16:55:26","guid":{"rendered":"https:\/\/yyj.eclipsedev.tk\/informations-sur-les-voyages\/telus-wifi\/"},"modified":"2023-04-28T07:23:31","modified_gmt":"2023-04-28T14:23:31","slug":"telus-wifi","status":"publish","type":"page","link":"https:\/\/yyj.ca\/fr\/informations-sur-les-voyages\/telus-wifi\/","title":{"rendered":"Telus Wifi"},"content":{"rendered":"\n<section class=\"banner\">\n            <div class=\"image-wrap\">\n            <img fetchpriority=\"high\" decoding=\"async\" width=\"1400\" height=\"933\" src=\"https:\/\/yyj.ca\/wp-content\/uploads\/2023\/03\/YYJ_2023-471.jpg\" class=\"attachment-full size-full\" alt=\"\" loading=\"eager\" srcset=\"https:\/\/yyj.ca\/wp-content\/uploads\/2023\/03\/YYJ_2023-471.jpg 1400w, https:\/\/yyj.ca\/wp-content\/uploads\/2023\/03\/YYJ_2023-471-300x200.jpg 300w, https:\/\/yyj.ca\/wp-content\/uploads\/2023\/03\/YYJ_2023-471-1024x682.jpg 1024w\" sizes=\"(max-width: 1400px) 100vw, 1400px\" \/>        <\/div>\n        <div class=\"container large\">\n                    <h2 class=\"overline\">Informations pour les voyageurs<\/h2>\n                    <h1>Wifi gratuit \u00e0 l&rsquo;a\u00e9roport YYJ<\/h1>\n                    <\/div>\n    <div class=\"banner-graphic\">\n        <img decoding=\"async\" src=\"\/wp-content\/themes\/eclipse360\/assets\/images\/banner-bottom.svg\" alt=\"banner-graphic\">\n    <\/div>\n<\/section>\n<section class=\"page-intro\">\n    <div class=\"container\">\n        <div class=\"content\"><p>L&rsquo;a\u00e9roport international de Victoria offre un service Internet sans fil gratuit dans l&rsquo;ensemble de son terminal.<\/p>\n<\/div>\n    <\/div>\n<\/section>\n\n<div class=\"wp-block-media-text alignwide is-stacked-on-mobile\"><figure class=\"wp-block-media-text__media\"><img loading=\"lazy\" decoding=\"async\" width=\"1024\" height=\"682\" src=\"https:\/\/yyj.ca\/wp-content\/uploads\/2023\/03\/YYJ_2023-111-1024x682.jpg\" alt=\"\" class=\"wp-image-4935 size-full\" srcset=\"https:\/\/yyj.ca\/wp-content\/uploads\/2023\/03\/YYJ_2023-111-1024x682.jpg 1024w, https:\/\/yyj.ca\/wp-content\/uploads\/2023\/03\/YYJ_2023-111-300x200.jpg 300w, https:\/\/yyj.ca\/wp-content\/uploads\/2023\/03\/YYJ_2023-111.jpg 1400w\" sizes=\"auto, (max-width: 1024px) 100vw, 1024px\" \/><\/figure><div class=\"wp-block-media-text__content\">\n<p>L&rsquo;utilisation du Wi-Fi de TELUS est-elle s\u00e9curitaire ?<br\/>Tout service Wi-Fi public peut faire l&rsquo;objet d&rsquo;une interception par des tiers non autoris\u00e9s. Veillez \u00e0 ce que la configuration de votre appareil soit s\u00e9curis\u00e9e.<\/p>\n\n\n\n<p>Que puis-je faire pour s\u00e9curiser mon appareil ?<br\/>\u00c9vitez les t\u00e2ches telles que les op\u00e9rations bancaires en ligne. Ne stockez pas de donn\u00e9es sensibles sur des appareils utilis\u00e9s dans des points d&rsquo;acc\u00e8s publics. Ne sauvegardez pas vos mots de passe lorsque vous naviguez. Acc\u00e9der uniquement \u00e0 des sites s\u00e9curis\u00e9s (HTTPS).<\/p>\n<\/div><\/div>\n\n<figure class=\"wp-block-gallery has-nested-images columns-5 is-cropped wp-block-gallery-1 is-layout-flex wp-block-gallery-is-layout-flex\">\n<figure class=\"wp-block-image size-full\"><img loading=\"lazy\" decoding=\"async\" width=\"750\" height=\"611\" data-id=\"4173\" src=\"https:\/\/yyj.ca\/wp-content\/uploads\/2023\/02\/YYJ_SAMPLE_IMAGES-19.jpg\" alt=\"\" class=\"wp-image-4173\" srcset=\"https:\/\/yyj.ca\/wp-content\/uploads\/2023\/02\/YYJ_SAMPLE_IMAGES-19.jpg 750w, https:\/\/yyj.ca\/wp-content\/uploads\/2023\/02\/YYJ_SAMPLE_IMAGES-19-300x244.jpg 300w\" sizes=\"auto, (max-width: 750px) 100vw, 750px\" \/><\/figure>\n\n\n\n<figure class=\"wp-block-image size-full\"><img loading=\"lazy\" decoding=\"async\" width=\"750\" height=\"500\" data-id=\"4174\" src=\"https:\/\/yyj.ca\/wp-content\/uploads\/2023\/02\/YYJ_SAMPLE_IMAGES.jpg\" alt=\"\" class=\"wp-image-4174\" srcset=\"https:\/\/yyj.ca\/wp-content\/uploads\/2023\/02\/YYJ_SAMPLE_IMAGES.jpg 750w, https:\/\/yyj.ca\/wp-content\/uploads\/2023\/02\/YYJ_SAMPLE_IMAGES-300x200.jpg 300w\" sizes=\"auto, (max-width: 750px) 100vw, 750px\" \/><\/figure>\n\n\n\n<figure class=\"wp-block-image size-large\"><img loading=\"lazy\" decoding=\"async\" width=\"1024\" height=\"682\" data-id=\"4231\" src=\"https:\/\/yyj.ca\/wp-content\/uploads\/2023\/02\/YYJ_2023-229-1024x682.jpg\" alt=\"\" class=\"wp-image-4231\" srcset=\"https:\/\/yyj.ca\/wp-content\/uploads\/2023\/02\/YYJ_2023-229-1024x682.jpg 1024w, https:\/\/yyj.ca\/wp-content\/uploads\/2023\/02\/YYJ_2023-229-300x200.jpg 300w, https:\/\/yyj.ca\/wp-content\/uploads\/2023\/02\/YYJ_2023-229.jpg 1400w\" sizes=\"auto, (max-width: 1024px) 100vw, 1024px\" \/><\/figure>\n\n\n\n<figure class=\"wp-block-image size-full\"><img loading=\"lazy\" decoding=\"async\" width=\"750\" height=\"500\" data-id=\"4175\" src=\"https:\/\/yyj.ca\/wp-content\/uploads\/2023\/02\/YYJ_SAMPLE_IMAGES-6.jpg\" alt=\"\" class=\"wp-image-4175\" srcset=\"https:\/\/yyj.ca\/wp-content\/uploads\/2023\/02\/YYJ_SAMPLE_IMAGES-6.jpg 750w, https:\/\/yyj.ca\/wp-content\/uploads\/2023\/02\/YYJ_SAMPLE_IMAGES-6-300x200.jpg 300w\" sizes=\"auto, (max-width: 750px) 100vw, 750px\" \/><\/figure>\n\n\n\n<figure class=\"wp-block-image size-large\"><img loading=\"lazy\" decoding=\"async\" width=\"1024\" height=\"682\" data-id=\"4230\" src=\"https:\/\/yyj.ca\/wp-content\/uploads\/2023\/02\/YYJ_2023-30-1024x682.jpg\" alt=\"\" class=\"wp-image-4230\" srcset=\"https:\/\/yyj.ca\/wp-content\/uploads\/2023\/02\/YYJ_2023-30-1024x682.jpg 1024w, https:\/\/yyj.ca\/wp-content\/uploads\/2023\/02\/YYJ_2023-30-300x200.jpg 300w, https:\/\/yyj.ca\/wp-content\/uploads\/2023\/02\/YYJ_2023-30.jpg 1400w\" sizes=\"auto, (max-width: 1024px) 100vw, 1024px\" \/><\/figure>\n<\/figure>\n","protected":false},"excerpt":{"rendered":"<p>L&rsquo;utilisation du Wi-Fi de TELUS est-elle s\u00e9curitaire ?Tout service Wi-Fi public peut faire l&rsquo;objet d&rsquo;une interception par des tiers non autoris\u00e9s. Veillez \u00e0 ce que la configuration de votre appareil soit s\u00e9curis\u00e9e. Que puis-je faire pour s\u00e9curiser mon appareil ?\u00c9vitez les t\u00e2ches telles que les op\u00e9rations bancaires en ligne. Ne stockez pas de donn\u00e9es sensibles <a href=\"https:\/\/yyj.ca\/fr\/informations-sur-les-voyages\/telus-wifi\/\" class=\"more-link\">&#8230;<\/a><\/p>\n","protected":false},"author":1,"featured_media":0,"parent":6937,"menu_order":69,"comment_status":"closed","ping_status":"closed","template":"","meta":{"_acf_changed":false,"footnotes":""},"class_list":["post-7046","page","type-page","status-publish","hentry"],"acf":[],"yoast_head":"<!-- This site is optimized with the Yoast SEO plugin v27.3 - https:\/\/yoast.com\/product\/yoast-seo-wordpress\/ -->\n<title>Telus Wifi - Victoria Airport Authority<\/title>\n<meta name=\"robots\" content=\"index, follow, max-snippet:-1, max-image-preview:large, max-video-preview:-1\" \/>\n<link rel=\"canonical\" href=\"https:\/\/yyj.ca\/fr\/informations-sur-les-voyages\/telus-wifi\/\" \/>\n<meta property=\"og:locale\" content=\"fr_FR\" \/>\n<meta property=\"og:type\" content=\"article\" \/>\n<meta property=\"og:title\" content=\"Telus Wifi - Victoria Airport Authority\" \/>\n<meta property=\"og:description\" content=\"L&rsquo;utilisation du Wi-Fi de TELUS est-elle s\u00e9curitaire ?Tout service Wi-Fi public peut faire l&rsquo;objet d&rsquo;une interception par des tiers non autoris\u00e9s. Veillez \u00e0 ce que la configuration de votre appareil soit s\u00e9curis\u00e9e. Que puis-je faire pour s\u00e9curiser mon appareil ?\u00c9vitez les t\u00e2ches telles que les op\u00e9rations bancaires en ligne. Ne stockez pas de donn\u00e9es sensibles ...\" \/>\n<meta property=\"og:url\" content=\"https:\/\/yyj.ca\/fr\/informations-sur-les-voyages\/telus-wifi\/\" \/>\n<meta property=\"og:site_name\" content=\"Victoria Airport Authority\" \/>\n<meta property=\"article:modified_time\" content=\"2023-04-28T14:23:31+00:00\" \/>\n<meta property=\"og:image\" content=\"https:\/\/yyj.ca\/wp-content\/uploads\/2023\/03\/YYJ_2023-111-1024x682.jpg\" \/>\n<meta name=\"twitter:card\" content=\"summary_large_image\" \/>\n<script type=\"application\/ld+json\" class=\"yoast-schema-graph\">{\"@context\":\"https:\\\/\\\/schema.org\",\"@graph\":[{\"@type\":\"WebPage\",\"@id\":\"https:\\\/\\\/yyj.ca\\\/fr\\\/informations-sur-les-voyages\\\/telus-wifi\\\/\",\"url\":\"https:\\\/\\\/yyj.ca\\\/fr\\\/informations-sur-les-voyages\\\/telus-wifi\\\/\",\"name\":\"Telus Wifi - Victoria Airport Authority\",\"isPartOf\":{\"@id\":\"https:\\\/\\\/yyj.ca\\\/fr\\\/#website\"},\"primaryImageOfPage\":{\"@id\":\"https:\\\/\\\/yyj.ca\\\/fr\\\/informations-sur-les-voyages\\\/telus-wifi\\\/#primaryimage\"},\"image\":{\"@id\":\"https:\\\/\\\/yyj.ca\\\/fr\\\/informations-sur-les-voyages\\\/telus-wifi\\\/#primaryimage\"},\"thumbnailUrl\":\"https:\\\/\\\/yyj.ca\\\/wp-content\\\/uploads\\\/2023\\\/03\\\/YYJ_2023-111-1024x682.jpg\",\"datePublished\":\"2023-03-22T16:55:26+00:00\",\"dateModified\":\"2023-04-28T14:23:31+00:00\",\"breadcrumb\":{\"@id\":\"https:\\\/\\\/yyj.ca\\\/fr\\\/informations-sur-les-voyages\\\/telus-wifi\\\/#breadcrumb\"},\"inLanguage\":\"fr-FR\",\"potentialAction\":[{\"@type\":\"ReadAction\",\"target\":[\"https:\\\/\\\/yyj.ca\\\/fr\\\/informations-sur-les-voyages\\\/telus-wifi\\\/\"]}]},{\"@type\":\"ImageObject\",\"inLanguage\":\"fr-FR\",\"@id\":\"https:\\\/\\\/yyj.ca\\\/fr\\\/informations-sur-les-voyages\\\/telus-wifi\\\/#primaryimage\",\"url\":\"https:\\\/\\\/yyj.ca\\\/wp-content\\\/uploads\\\/2023\\\/03\\\/YYJ_2023-111-1024x682.jpg\",\"contentUrl\":\"https:\\\/\\\/yyj.ca\\\/wp-content\\\/uploads\\\/2023\\\/03\\\/YYJ_2023-111-1024x682.jpg\"},{\"@type\":\"BreadcrumbList\",\"@id\":\"https:\\\/\\\/yyj.ca\\\/fr\\\/informations-sur-les-voyages\\\/telus-wifi\\\/#breadcrumb\",\"itemListElement\":[{\"@type\":\"ListItem\",\"position\":1,\"name\":\"Home\",\"item\":\"https:\\\/\\\/yyj.ca\\\/fr\\\/\"},{\"@type\":\"ListItem\",\"position\":2,\"name\":\"Informations sur les voyages\",\"item\":\"https:\\\/\\\/yyj.ca\\\/fr\\\/informations-sur-les-voyages\\\/\"},{\"@type\":\"ListItem\",\"position\":3,\"name\":\"Telus Wifi\"}]},{\"@type\":\"WebSite\",\"@id\":\"https:\\\/\\\/yyj.ca\\\/fr\\\/#website\",\"url\":\"https:\\\/\\\/yyj.ca\\\/fr\\\/\",\"name\":\"Victoria Airport Authority\",\"description\":\"Victoria International Airport\",\"publisher\":{\"@id\":\"https:\\\/\\\/yyj.ca\\\/fr\\\/#organization\"},\"potentialAction\":[{\"@type\":\"SearchAction\",\"target\":{\"@type\":\"EntryPoint\",\"urlTemplate\":\"https:\\\/\\\/yyj.ca\\\/fr\\\/?s={search_term_string}\"},\"query-input\":{\"@type\":\"PropertyValueSpecification\",\"valueRequired\":true,\"valueName\":\"search_term_string\"}}],\"inLanguage\":\"fr-FR\"},{\"@type\":\"Organization\",\"@id\":\"https:\\\/\\\/yyj.ca\\\/fr\\\/#organization\",\"name\":\"Victoria Inernational Airport\",\"url\":\"https:\\\/\\\/yyj.ca\\\/fr\\\/\",\"logo\":{\"@type\":\"ImageObject\",\"inLanguage\":\"fr-FR\",\"@id\":\"https:\\\/\\\/yyj.ca\\\/fr\\\/#\\\/schema\\\/logo\\\/image\\\/\",\"url\":\"https:\\\/\\\/aeroportdevictoria.com\\\/wp-content\\\/uploads\\\/2023\\\/06\\\/yyj-logo.svg\",\"contentUrl\":\"https:\\\/\\\/aeroportdevictoria.com\\\/wp-content\\\/uploads\\\/2023\\\/06\\\/yyj-logo.svg\",\"width\":378,\"height\":73,\"caption\":\"Victoria Inernational Airport\"},\"image\":{\"@id\":\"https:\\\/\\\/yyj.ca\\\/fr\\\/#\\\/schema\\\/logo\\\/image\\\/\"}}]}<\/script>\n<!-- \/ Yoast SEO plugin. -->","yoast_head_json":{"title":"Telus Wifi - Victoria Airport Authority","robots":{"index":"index","follow":"follow","max-snippet":"max-snippet:-1","max-image-preview":"max-image-preview:large","max-video-preview":"max-video-preview:-1"},"canonical":"https:\/\/yyj.ca\/fr\/informations-sur-les-voyages\/telus-wifi\/","og_locale":"fr_FR","og_type":"article","og_title":"Telus Wifi - Victoria Airport Authority","og_description":"L&rsquo;utilisation du Wi-Fi de TELUS est-elle s\u00e9curitaire ?Tout service Wi-Fi public peut faire l&rsquo;objet d&rsquo;une interception par des tiers non autoris\u00e9s. Veillez \u00e0 ce que la configuration de votre appareil soit s\u00e9curis\u00e9e. Que puis-je faire pour s\u00e9curiser mon appareil ?\u00c9vitez les t\u00e2ches telles que les op\u00e9rations bancaires en ligne. Ne stockez pas de donn\u00e9es sensibles ...","og_url":"https:\/\/yyj.ca\/fr\/informations-sur-les-voyages\/telus-wifi\/","og_site_name":"Victoria Airport Authority","article_modified_time":"2023-04-28T14:23:31+00:00","og_image":[{"url":"https:\/\/yyj.ca\/wp-content\/uploads\/2023\/03\/YYJ_2023-111-1024x682.jpg","type":"","width":"","height":""}],"twitter_card":"summary_large_image","schema":{"@context":"https:\/\/schema.org","@graph":[{"@type":"WebPage","@id":"https:\/\/yyj.ca\/fr\/informations-sur-les-voyages\/telus-wifi\/","url":"https:\/\/yyj.ca\/fr\/informations-sur-les-voyages\/telus-wifi\/","name":"Telus Wifi - Victoria Airport Authority","isPartOf":{"@id":"https:\/\/yyj.ca\/fr\/#website"},"primaryImageOfPage":{"@id":"https:\/\/yyj.ca\/fr\/informations-sur-les-voyages\/telus-wifi\/#primaryimage"},"image":{"@id":"https:\/\/yyj.ca\/fr\/informations-sur-les-voyages\/telus-wifi\/#primaryimage"},"thumbnailUrl":"https:\/\/yyj.ca\/wp-content\/uploads\/2023\/03\/YYJ_2023-111-1024x682.jpg","datePublished":"2023-03-22T16:55:26+00:00","dateModified":"2023-04-28T14:23:31+00:00","breadcrumb":{"@id":"https:\/\/yyj.ca\/fr\/informations-sur-les-voyages\/telus-wifi\/#breadcrumb"},"inLanguage":"fr-FR","potentialAction":[{"@type":"ReadAction","target":["https:\/\/yyj.ca\/fr\/informations-sur-les-voyages\/telus-wifi\/"]}]},{"@type":"ImageObject","inLanguage":"fr-FR","@id":"https:\/\/yyj.ca\/fr\/informations-sur-les-voyages\/telus-wifi\/#primaryimage","url":"https:\/\/yyj.ca\/wp-content\/uploads\/2023\/03\/YYJ_2023-111-1024x682.jpg","contentUrl":"https:\/\/yyj.ca\/wp-content\/uploads\/2023\/03\/YYJ_2023-111-1024x682.jpg"},{"@type":"BreadcrumbList","@id":"https:\/\/yyj.ca\/fr\/informations-sur-les-voyages\/telus-wifi\/#breadcrumb","itemListElement":[{"@type":"ListItem","position":1,"name":"Home","item":"https:\/\/yyj.ca\/fr\/"},{"@type":"ListItem","position":2,"name":"Informations sur les voyages","item":"https:\/\/yyj.ca\/fr\/informations-sur-les-voyages\/"},{"@type":"ListItem","position":3,"name":"Telus Wifi"}]},{"@type":"WebSite","@id":"https:\/\/yyj.ca\/fr\/#website","url":"https:\/\/yyj.ca\/fr\/","name":"Victoria Airport Authority","description":"Victoria International Airport","publisher":{"@id":"https:\/\/yyj.ca\/fr\/#organization"},"potentialAction":[{"@type":"SearchAction","target":{"@type":"EntryPoint","urlTemplate":"https:\/\/yyj.ca\/fr\/?s={search_term_string}"},"query-input":{"@type":"PropertyValueSpecification","valueRequired":true,"valueName":"search_term_string"}}],"inLanguage":"fr-FR"},{"@type":"Organization","@id":"https:\/\/yyj.ca\/fr\/#organization","name":"Victoria Inernational Airport","url":"https:\/\/yyj.ca\/fr\/","logo":{"@type":"ImageObject","inLanguage":"fr-FR","@id":"https:\/\/yyj.ca\/fr\/#\/schema\/logo\/image\/","url":"https:\/\/aeroportdevictoria.com\/wp-content\/uploads\/2023\/06\/yyj-logo.svg","contentUrl":"https:\/\/aeroportdevictoria.com\/wp-content\/uploads\/2023\/06\/yyj-logo.svg","width":378,"height":73,"caption":"Victoria Inernational Airport"},"image":{"@id":"https:\/\/yyj.ca\/fr\/#\/schema\/logo\/image\/"}}]}},"_links":{"self":[{"href":"https:\/\/yyj.ca\/fr\/wp-json\/wp\/v2\/pages\/7046","targetHints":{"allow":["GET"]}}],"collection":[{"href":"https:\/\/yyj.ca\/fr\/wp-json\/wp\/v2\/pages"}],"about":[{"href":"https:\/\/yyj.ca\/fr\/wp-json\/wp\/v2\/types\/page"}],"author":[{"embeddable":true,"href":"https:\/\/yyj.ca\/fr\/wp-json\/wp\/v2\/users\/1"}],"replies":[{"embeddable":true,"href":"https:\/\/yyj.ca\/fr\/wp-json\/wp\/v2\/comments?post=7046"}],"version-history":[{"count":0,"href":"https:\/\/yyj.ca\/fr\/wp-json\/wp\/v2\/pages\/7046\/revisions"}],"up":[{"embeddable":true,"href":"https:\/\/yyj.ca\/fr\/wp-json\/wp\/v2\/pages\/6937"}],"wp:attachment":[{"href":"https:\/\/yyj.ca\/fr\/wp-json\/wp\/v2\/media?parent=7046"}],"curies":[{"name":"wp","href":"https:\/\/api.w.org\/{rel}","templated":true}]}}