{"id":7030,"date":"2023-04-04T09:38:10","date_gmt":"2023-04-04T16:38:10","guid":{"rendered":"https:\/\/yyj.eclipsedev.tk\/achats\/"},"modified":"2024-11-19T10:48:54","modified_gmt":"2024-11-19T17:48:54","slug":"achats","status":"publish","type":"page","link":"https:\/\/yyj.ca\/fr\/a-yyj\/achats\/","title":{"rendered":"Achats"},"content":{"rendered":"\n<section class=\"banner\">\n            <div class=\"image-wrap\">\n            <img fetchpriority=\"high\" decoding=\"async\" width=\"1500\" height=\"729\" src=\"https:\/\/yyj.ca\/wp-content\/uploads\/2023\/04\/shopping.jpg\" class=\"attachment-full size-full\" alt=\"\" loading=\"eager\" srcset=\"https:\/\/yyj.ca\/wp-content\/uploads\/2023\/04\/shopping.jpg 1500w, https:\/\/yyj.ca\/wp-content\/uploads\/2023\/04\/shopping-300x146.jpg 300w, https:\/\/yyj.ca\/wp-content\/uploads\/2023\/04\/shopping-1024x498.jpg 1024w\" sizes=\"(max-width: 1500px) 100vw, 1500px\" \/>        <\/div>\n        <div class=\"container large\">\n                    <h1>Achats<\/h1>\n                    <\/div>\n    <div class=\"banner-graphic\">\n        <img decoding=\"async\" src=\"\/wp-content\/themes\/eclipse360\/assets\/images\/banner-bottom.svg\" alt=\"banner-graphic\">\n    <\/div>\n<\/section>\n<section class=\"page-intro\">\n    <div class=\"container\">\n        <div class=\"content\"><p>Exp\u00e9riences de vente au d\u00e9tail chez YYJ.<\/p>\n<\/div>\n    <\/div>\n<\/section>\n<section class=\"content-slider flex one-col\">\n                    <div class=\"container large\">\n                        <div class=\"slides\" data-animate>\n                            <div class=\"slide has-flyout\">\n                                            <div class=\"image-wrap\">\n                                                    <img loading=\"lazy\" decoding=\"async\" width=\"1200\" height=\"1200\" src=\"https:\/\/yyj.ca\/wp-content\/uploads\/2023\/02\/14-121-1200x1200.jpg\" class=\"attachment-medium-square size-medium-square\" alt=\"\" srcset=\"https:\/\/yyj.ca\/wp-content\/uploads\/2023\/02\/14-121-1200x1200.jpg 1200w, https:\/\/yyj.ca\/wp-content\/uploads\/2023\/02\/14-121-150x150.jpg 150w, https:\/\/yyj.ca\/wp-content\/uploads\/2023\/02\/14-121-400x400.jpg 400w, https:\/\/yyj.ca\/wp-content\/uploads\/2023\/02\/14-121-800x800.jpg 800w\" sizes=\"auto, (max-width: 1200px) 100vw, 1200px\" \/>                                                <\/div>\n                        <div class=\"tile-content\">\n                                                            <h4>Boutique Breakwater<\/h4>\n                                                    <\/div>\n                                    <\/div>\n                            <div class=\"slide has-flyout\">\n                                            <div class=\"image-wrap\">\n                                                    <img loading=\"lazy\" decoding=\"async\" width=\"1030\" height=\"820\" src=\"https:\/\/yyj.ca\/wp-content\/uploads\/2023\/02\/14-62-1030x820-1.jpg\" class=\"attachment-medium-square size-medium-square\" alt=\"\" srcset=\"https:\/\/yyj.ca\/wp-content\/uploads\/2023\/02\/14-62-1030x820-1.jpg 1030w, https:\/\/yyj.ca\/wp-content\/uploads\/2023\/02\/14-62-1030x820-1-300x239.jpg 300w, https:\/\/yyj.ca\/wp-content\/uploads\/2023\/02\/14-62-1030x820-1-1024x815.jpg 1024w\" sizes=\"auto, (max-width: 1030px) 100vw, 1030px\" \/>                                                <\/div>\n                        <div class=\"tile-content\">\n                                                            <h4>Magasins de Harbour Walk<\/h4>\n                                                    <\/div>\n                                    <\/div>\n                            <div class=\"slide has-flyout\">\n                                            <div class=\"image-wrap\">\n                                                    <img loading=\"lazy\" decoding=\"async\" width=\"1200\" height=\"1200\" src=\"https:\/\/yyj.ca\/wp-content\/uploads\/2023\/04\/YYJ_13-1200x1200.jpg\" class=\"attachment-medium-square size-medium-square\" alt=\"\" srcset=\"https:\/\/yyj.ca\/wp-content\/uploads\/2023\/04\/YYJ_13-1200x1200.jpg 1200w, https:\/\/yyj.ca\/wp-content\/uploads\/2023\/04\/YYJ_13-150x150.jpg 150w, https:\/\/yyj.ca\/wp-content\/uploads\/2023\/04\/YYJ_13-400x400.jpg 400w, https:\/\/yyj.ca\/wp-content\/uploads\/2023\/04\/YYJ_13-800x800.jpg 800w\" sizes=\"auto, (max-width: 1200px) 100vw, 1200px\" \/>                                                <\/div>\n                        <div class=\"tile-content\">\n                                                            <h4>Distillateurs de Victoria<\/h4>\n                                                    <\/div>\n                                    <\/div>\n                        <\/div>\n        <\/div>\n        <div class=\"flyouts\">\n                <div class=\"flyout flyout-slider flex\">\n                <div class=\"close\"><\/div>\n                <div class=\"image-wrap\">\n                    <img loading=\"lazy\" decoding=\"async\" width=\"1830\" height=\"1327\" src=\"https:\/\/yyj.ca\/wp-content\/uploads\/2023\/02\/14-121.jpg\" class=\"attachment-full size-full\" alt=\"\" srcset=\"https:\/\/yyj.ca\/wp-content\/uploads\/2023\/02\/14-121.jpg 1830w, https:\/\/yyj.ca\/wp-content\/uploads\/2023\/02\/14-121-300x218.jpg 300w, https:\/\/yyj.ca\/wp-content\/uploads\/2023\/02\/14-121-1024x743.jpg 1024w, https:\/\/yyj.ca\/wp-content\/uploads\/2023\/02\/14-121-1536x1114.jpg 1536w\" sizes=\"auto, (max-width: 1830px) 100vw, 1830px\" \/>                <\/div>\n                <div class=\"content\">\n                    <div><h4>Boutique Breakwater<\/h4>\n<p><em>Paradies Lagard\u00e8re<\/em>, l&rsquo;un des principaux d\u00e9taillants et restaurateurs d&rsquo;Am\u00e9rique du Nord, apporte \u00e0 YYJ son exp\u00e9rience et ses meilleures pratiques en mati\u00e8re de vente au d\u00e9tail, afin d&rsquo;offrir des exp\u00e9riences attrayantes aux voyageurs.<\/p>\n<p><strong>Pr\u00e9-s\u00e9curit\u00e9<\/strong> Nouvelles et cadeaux<br \/>\n(250) 656-0817<\/p>\n<p><strong>Heures d&rsquo;ouverture :<\/strong> 9h00 &#8211; 17h00<\/p>\n<p>&nbsp;<\/p>\n<\/div>\n                <\/div>\n            <\/div>\n                    <div class=\"flyout flyout-slider flex\">\n                <div class=\"close\"><\/div>\n                <div class=\"image-wrap\">\n                                    <\/div>\n                <div class=\"content\">\n                    <div><h4>Magasins de Harbour Walk<\/h4>\n<p><em>Paradies Lagard\u00e8re<\/em>, l&rsquo;un des principaux d\u00e9taillants et restaurateurs d&rsquo;Am\u00e9rique du Nord, apporte \u00e0 YYJ son exp\u00e9rience et ses meilleures pratiques en mati\u00e8re de vente au d\u00e9tail, afin d&rsquo;offrir des exp\u00e9riences attrayantes aux voyageurs.<\/p>\n<p>Boutique de cadeaux <strong>post-s\u00e9curit\u00e9<\/strong>, kiosque \u00e0 journaux et boutique hors taxes<br \/>\n(250) 654-0762<\/p>\n<p><strong>Heures d&rsquo;ouverture :<\/strong> 5:00 a.m. &#8211; 8:00 p.m.<\/p>\n<p>* Les articles hors taxes doivent \u00eatre achet\u00e9s 30 minutes avant l&rsquo;heure d&#8217;embarquement.<\/p>\n<\/div>\n                <\/div>\n            <\/div>\n                    <div class=\"flyout flyout-slider flex\">\n                <div class=\"close\"><\/div>\n                <div class=\"image-wrap\">\n                    <img loading=\"lazy\" decoding=\"async\" width=\"239\" height=\"236\" src=\"https:\/\/yyj.ca\/wp-content\/uploads\/2023\/04\/Empress-1908-Gin.png\" class=\"attachment-full size-full\" alt=\"\" \/>                <\/div>\n                <div class=\"content\">\n                    <div><h4>Distillateurs de Victoria<\/h4>\n<p>Fabricants du c\u00e9l\u00e8bre Empress 1908 Gin<\/p>\n<p>Victoria Distillers YYJ est la premi\u00e8re distillerie active dans un a\u00e9roport au Canada. Les clients peuvent faire l&rsquo;exp\u00e9rience de la distribution, de l&rsquo;\u00e9tiquetage et de la fermeture de leur propre bouteille \u00e0 emporter.<\/p>\n<p>Outre le gin Empress 1908, un assortiment d&rsquo;accessoires et d&rsquo;articles sp\u00e9cialis\u00e9s est disponible.<\/p>\n<p>Commerce de d\u00e9tail sp\u00e9cialis\u00e9 <strong>post-s\u00e9curit\u00e9 <\/strong><\/p>\n<p><strong>Heures d&rsquo;ouverture :<\/strong> Du lundi au mercredi : de 7h00 \u00e0 15h00 Du jeudi au dimanche : de 7h00 \u00e0 18h00<\/p>\n<p>&nbsp;<\/p>\n<p>&nbsp;<\/p>\n<\/div>\n                <\/div>\n            <\/div>\n            <div>\n<\/section>","protected":false},"excerpt":{"rendered":"","protected":false},"author":1,"featured_media":0,"parent":7062,"menu_order":0,"comment_status":"closed","ping_status":"closed","template":"","meta":{"_acf_changed":false,"footnotes":""},"class_list":["post-7030","page","type-page","status-publish","hentry"],"acf":[],"yoast_head":"<!-- This site is optimized with the Yoast SEO plugin v27.3 - https:\/\/yoast.com\/product\/yoast-seo-wordpress\/ -->\n<title>Achats - Victoria Airport Authority<\/title>\n<meta name=\"robots\" content=\"index, follow, max-snippet:-1, max-image-preview:large, max-video-preview:-1\" \/>\n<link rel=\"canonical\" href=\"https:\/\/yyj.ca\/fr\/a-yyj\/achats\/\" \/>\n<meta property=\"og:locale\" content=\"fr_FR\" \/>\n<meta property=\"og:type\" content=\"article\" \/>\n<meta property=\"og:title\" content=\"Achats - Victoria Airport Authority\" \/>\n<meta property=\"og:url\" content=\"https:\/\/yyj.ca\/fr\/a-yyj\/achats\/\" \/>\n<meta property=\"og:site_name\" content=\"Victoria Airport Authority\" \/>\n<meta property=\"article:modified_time\" content=\"2024-11-19T17:48:54+00:00\" \/>\n<meta name=\"twitter:card\" content=\"summary_large_image\" \/>\n<script type=\"application\/ld+json\" class=\"yoast-schema-graph\">{\"@context\":\"https:\\\/\\\/schema.org\",\"@graph\":[{\"@type\":\"WebPage\",\"@id\":\"https:\\\/\\\/yyj.ca\\\/fr\\\/a-yyj\\\/achats\\\/\",\"url\":\"https:\\\/\\\/yyj.ca\\\/fr\\\/a-yyj\\\/achats\\\/\",\"name\":\"Achats - Victoria Airport Authority\",\"isPartOf\":{\"@id\":\"https:\\\/\\\/yyj.ca\\\/fr\\\/#website\"},\"datePublished\":\"2023-04-04T16:38:10+00:00\",\"dateModified\":\"2024-11-19T17:48:54+00:00\",\"breadcrumb\":{\"@id\":\"https:\\\/\\\/yyj.ca\\\/fr\\\/a-yyj\\\/achats\\\/#breadcrumb\"},\"inLanguage\":\"fr-FR\",\"potentialAction\":[{\"@type\":\"ReadAction\",\"target\":[\"https:\\\/\\\/yyj.ca\\\/fr\\\/a-yyj\\\/achats\\\/\"]}]},{\"@type\":\"BreadcrumbList\",\"@id\":\"https:\\\/\\\/yyj.ca\\\/fr\\\/a-yyj\\\/achats\\\/#breadcrumb\",\"itemListElement\":[{\"@type\":\"ListItem\",\"position\":1,\"name\":\"Home\",\"item\":\"https:\\\/\\\/yyj.ca\\\/fr\\\/\"},{\"@type\":\"ListItem\",\"position\":2,\"name\":\"\u00c0 YYJ\",\"item\":\"https:\\\/\\\/yyj.ca\\\/fr\\\/a-yyj\\\/\"},{\"@type\":\"ListItem\",\"position\":3,\"name\":\"Achats\"}]},{\"@type\":\"WebSite\",\"@id\":\"https:\\\/\\\/yyj.ca\\\/fr\\\/#website\",\"url\":\"https:\\\/\\\/yyj.ca\\\/fr\\\/\",\"name\":\"Victoria Airport Authority\",\"description\":\"Victoria International Airport\",\"publisher\":{\"@id\":\"https:\\\/\\\/yyj.ca\\\/fr\\\/#organization\"},\"potentialAction\":[{\"@type\":\"SearchAction\",\"target\":{\"@type\":\"EntryPoint\",\"urlTemplate\":\"https:\\\/\\\/yyj.ca\\\/fr\\\/?s={search_term_string}\"},\"query-input\":{\"@type\":\"PropertyValueSpecification\",\"valueRequired\":true,\"valueName\":\"search_term_string\"}}],\"inLanguage\":\"fr-FR\"},{\"@type\":\"Organization\",\"@id\":\"https:\\\/\\\/yyj.ca\\\/fr\\\/#organization\",\"name\":\"Victoria Inernational Airport\",\"url\":\"https:\\\/\\\/yyj.ca\\\/fr\\\/\",\"logo\":{\"@type\":\"ImageObject\",\"inLanguage\":\"fr-FR\",\"@id\":\"https:\\\/\\\/yyj.ca\\\/fr\\\/#\\\/schema\\\/logo\\\/image\\\/\",\"url\":\"https:\\\/\\\/aeroportdevictoria.com\\\/wp-content\\\/uploads\\\/2023\\\/06\\\/yyj-logo.svg\",\"contentUrl\":\"https:\\\/\\\/aeroportdevictoria.com\\\/wp-content\\\/uploads\\\/2023\\\/06\\\/yyj-logo.svg\",\"width\":378,\"height\":73,\"caption\":\"Victoria Inernational Airport\"},\"image\":{\"@id\":\"https:\\\/\\\/yyj.ca\\\/fr\\\/#\\\/schema\\\/logo\\\/image\\\/\"}}]}<\/script>\n<!-- \/ Yoast SEO plugin. -->","yoast_head_json":{"title":"Achats - Victoria Airport Authority","robots":{"index":"index","follow":"follow","max-snippet":"max-snippet:-1","max-image-preview":"max-image-preview:large","max-video-preview":"max-video-preview:-1"},"canonical":"https:\/\/yyj.ca\/fr\/a-yyj\/achats\/","og_locale":"fr_FR","og_type":"article","og_title":"Achats - Victoria Airport Authority","og_url":"https:\/\/yyj.ca\/fr\/a-yyj\/achats\/","og_site_name":"Victoria Airport Authority","article_modified_time":"2024-11-19T17:48:54+00:00","twitter_card":"summary_large_image","schema":{"@context":"https:\/\/schema.org","@graph":[{"@type":"WebPage","@id":"https:\/\/yyj.ca\/fr\/a-yyj\/achats\/","url":"https:\/\/yyj.ca\/fr\/a-yyj\/achats\/","name":"Achats - Victoria Airport Authority","isPartOf":{"@id":"https:\/\/yyj.ca\/fr\/#website"},"datePublished":"2023-04-04T16:38:10+00:00","dateModified":"2024-11-19T17:48:54+00:00","breadcrumb":{"@id":"https:\/\/yyj.ca\/fr\/a-yyj\/achats\/#breadcrumb"},"inLanguage":"fr-FR","potentialAction":[{"@type":"ReadAction","target":["https:\/\/yyj.ca\/fr\/a-yyj\/achats\/"]}]},{"@type":"BreadcrumbList","@id":"https:\/\/yyj.ca\/fr\/a-yyj\/achats\/#breadcrumb","itemListElement":[{"@type":"ListItem","position":1,"name":"Home","item":"https:\/\/yyj.ca\/fr\/"},{"@type":"ListItem","position":2,"name":"\u00c0 YYJ","item":"https:\/\/yyj.ca\/fr\/a-yyj\/"},{"@type":"ListItem","position":3,"name":"Achats"}]},{"@type":"WebSite","@id":"https:\/\/yyj.ca\/fr\/#website","url":"https:\/\/yyj.ca\/fr\/","name":"Victoria Airport Authority","description":"Victoria International Airport","publisher":{"@id":"https:\/\/yyj.ca\/fr\/#organization"},"potentialAction":[{"@type":"SearchAction","target":{"@type":"EntryPoint","urlTemplate":"https:\/\/yyj.ca\/fr\/?s={search_term_string}"},"query-input":{"@type":"PropertyValueSpecification","valueRequired":true,"valueName":"search_term_string"}}],"inLanguage":"fr-FR"},{"@type":"Organization","@id":"https:\/\/yyj.ca\/fr\/#organization","name":"Victoria Inernational Airport","url":"https:\/\/yyj.ca\/fr\/","logo":{"@type":"ImageObject","inLanguage":"fr-FR","@id":"https:\/\/yyj.ca\/fr\/#\/schema\/logo\/image\/","url":"https:\/\/aeroportdevictoria.com\/wp-content\/uploads\/2023\/06\/yyj-logo.svg","contentUrl":"https:\/\/aeroportdevictoria.com\/wp-content\/uploads\/2023\/06\/yyj-logo.svg","width":378,"height":73,"caption":"Victoria Inernational Airport"},"image":{"@id":"https:\/\/yyj.ca\/fr\/#\/schema\/logo\/image\/"}}]}},"_links":{"self":[{"href":"https:\/\/yyj.ca\/fr\/wp-json\/wp\/v2\/pages\/7030","targetHints":{"allow":["GET"]}}],"collection":[{"href":"https:\/\/yyj.ca\/fr\/wp-json\/wp\/v2\/pages"}],"about":[{"href":"https:\/\/yyj.ca\/fr\/wp-json\/wp\/v2\/types\/page"}],"author":[{"embeddable":true,"href":"https:\/\/yyj.ca\/fr\/wp-json\/wp\/v2\/users\/1"}],"replies":[{"embeddable":true,"href":"https:\/\/yyj.ca\/fr\/wp-json\/wp\/v2\/comments?post=7030"}],"version-history":[{"count":0,"href":"https:\/\/yyj.ca\/fr\/wp-json\/wp\/v2\/pages\/7030\/revisions"}],"up":[{"embeddable":true,"href":"https:\/\/yyj.ca\/fr\/wp-json\/wp\/v2\/pages\/7062"}],"wp:attachment":[{"href":"https:\/\/yyj.ca\/fr\/wp-json\/wp\/v2\/media?parent=7030"}],"curies":[{"name":"wp","href":"https:\/\/api.w.org\/{rel}","templated":true}]}}