{"id":6983,"date":"2022-10-06T12:49:14","date_gmt":"2022-10-06T19:49:14","guid":{"rendered":"https:\/\/yyj.eclipsedev.tk\/informations-sur-les-voyages\/securite\/"},"modified":"2025-01-29T08:35:13","modified_gmt":"2025-01-29T15:35:13","slug":"securite","status":"publish","type":"page","link":"https:\/\/yyj.ca\/fr\/informations-sur-les-voyages\/securite\/","title":{"rendered":"S\u00e9curit\u00e9"},"content":{"rendered":"\n<section class=\"banner\">\n            <div class=\"image-wrap\">\n            <img fetchpriority=\"high\" decoding=\"async\" width=\"1400\" height=\"933\" src=\"https:\/\/yyj.ca\/wp-content\/uploads\/2023\/03\/YYJ_2023-421.jpg\" class=\"attachment-full size-full\" alt=\"\" loading=\"eager\" srcset=\"https:\/\/yyj.ca\/wp-content\/uploads\/2023\/03\/YYJ_2023-421.jpg 1400w, https:\/\/yyj.ca\/wp-content\/uploads\/2023\/03\/YYJ_2023-421-300x200.jpg 300w, https:\/\/yyj.ca\/wp-content\/uploads\/2023\/03\/YYJ_2023-421-1024x682.jpg 1024w\" sizes=\"(max-width: 1400px) 100vw, 1400px\" \/>        <\/div>\n        <div class=\"container large\">\n                    <h2 class=\"overline\">Informations pour les voyageurs<\/h2>\n                    <h1>S\u00e9curit\u00e9<\/h1>\n                    <\/div>\n    <div class=\"banner-graphic\">\n        <img decoding=\"async\" src=\"\/wp-content\/themes\/eclipse360\/assets\/images\/banner-bottom.svg\" alt=\"banner-graphic\">\n    <\/div>\n<\/section>\n<section class=\"page-intro\">\n    <div class=\"container\">\n        <div class=\"content\"><p>Comme nous sommes l\u00e0 pour vous aider \u00e0 voyager sans stress, vous trouverez ci-dessous des informations sur les contr\u00f4les avant l&#8217;embarquement, l&rsquo;arriv\u00e9e \u00e0 YYJ depuis un point de d\u00e9part international et d&rsquo;autres ressources utiles.<\/p>\n<\/div>\n    <\/div>\n<\/section>\n\n<section class=\"accordions dark has-bg\">\n            <div class=\"image-wrap bg\" data-animate-2>\n            <img loading=\"lazy\" decoding=\"async\" width=\"1920\" height=\"968\" src=\"https:\/\/yyj.ca\/wp-content\/uploads\/2022\/11\/whats-new-bg.svg\" class=\"attachment-full size-full\" alt=\"\" \/>        <\/div>\n        <div class=\"container\">\n                    <h2>S\u00e9curit\u00e9<\/h2>\n         \n                <div class=\"ac-inner\">\n                            <div class=\"accordion\">\n                    <h4 class=\"ac-trigger flex\">Administration canadienne de la s\u00fbret\u00e9 du transport a\u00e9rien (ACSTA)<\/h4>\n                    <div class=\"ac-content\"><p>L&rsquo;Administration canadienne de la s\u00fbret\u00e9 du transport a\u00e9rien (ACSTA) supervise les contr\u00f4les dans tous les a\u00e9roports canadiens, y compris l&rsquo;a\u00e9roport international de Victoria (YYJ). Il s&rsquo;agit d&rsquo;une soci\u00e9t\u00e9 d&rsquo;\u00c9tat charg\u00e9e de s\u00e9curiser des \u00e9l\u00e9ments sp\u00e9cifiques du syst\u00e8me de transport a\u00e9rien, depuis le contr\u00f4le des passagers et des bagages jusqu&rsquo;au contr\u00f4le des employ\u00e9s de l&rsquo;a\u00e9roport.<\/p>\n<p>Utilisez le guide et l&rsquo;outil de recherche en ligne de l&rsquo;ACSTA pour d\u00e9terminer si un article peut \u00eatre plac\u00e9 dans votre bagage \u00e0 main ou dans votre bagage enregistr\u00e9.<br \/>\nSi l&rsquo;article ne figure pas dans la liste, visitez le site Web de l&rsquo;ACSTA, appelez-la au 1-888-294-2202 ou contactez-la sur Facebook ou Twitter (de 8 h \u00e0 16 h, heure de l&rsquo;Est, du lundi au vendredi). Vous pouvez m\u00eame envoyer une photo ou poser une question.<\/p>\n<p>Pour les articles n\u00e9cessitant une manutention sp\u00e9ciale, veuillez vous renseigner aupr\u00e8s de votre <a href=\"\/general-travel-info\/\">compagnie a\u00e9rienne<\/a>.<\/p>\n<\/div>\n                <\/div>\n                            <div class=\"accordion\">\n                    <h4 class=\"ac-trigger flex\">Examen pr\u00e9alable \u00e0 l&rsquo;entr\u00e9e en fonction du conseil d&rsquo;administration<\/h4>\n                    <div class=\"ac-content\"><p>Tous les voyageurs doivent se soumettre \u00e0 un contr\u00f4le pr\u00e9alable \u00e0 l&#8217;embarquement. Apr\u00e8s l&rsquo;enregistrement ou, si vous avez d\u00e9j\u00e0 votre carte d&#8217;embarquement et votre bagage \u00e0 main uniquement, rendez-vous au point de contr\u00f4le de s\u00e9curit\u00e9.<\/p>\n<p>\u00c0 l&rsquo;approche du point de contr\u00f4le de s\u00e9curit\u00e9, un agent de contr\u00f4le scanne votre carte d&#8217;embarquement. Vous placerez votre bagage \u00e0 main et vos effets personnels (ordinateur portable, sac \u00e0 main, manteau, ceinture, gels et liquides) dans la poubelle. Il peut \u00e9galement vous \u00eatre demand\u00e9 de retirer vos chaussures. La poubelle sera pass\u00e9e dans une machine \u00e0 rayons X et vous serez invit\u00e9 \u00e0 passer sous un d\u00e9tecteur de m\u00e9taux.<\/p>\n<p>Si vous \u00eates s\u00e9lectionn\u00e9 pour un contr\u00f4le suppl\u00e9mentaire, vous pouvez faire l&rsquo;objet d&rsquo;une fouille corporelle ou \u00eatre invit\u00e9 \u00e0 passer au scanner corporel pour des raisons de s\u00e9curit\u00e9.<\/p>\n<p>Les raisons d&rsquo;un d\u00e9pistage suppl\u00e9mentaire peuvent \u00eatre les suivantes<\/p>\n<ul>\n<li>une alarme s&rsquo;est d\u00e9clench\u00e9e dans le portique de d\u00e9tection de m\u00e9taux<\/li>\n<li>votre sac a d\u00e9clench\u00e9 une alarme dans la machine \u00e0 rayons X<\/li>\n<li>votre sac a \u00e9t\u00e9 s\u00e9lectionn\u00e9 au hasard pour un contr\u00f4le suppl\u00e9mentaire<\/li>\n<\/ul>\n<p>Une fois que vous avez \u00e9t\u00e9 contr\u00f4l\u00e9 par un agent de contr\u00f4le, suivez les panneaux indicateurs jusqu&rsquo;\u00e0 votre porte d&#8217;embarquement.<\/p>\n<\/div>\n                <\/div>\n                            <div class=\"accordion\">\n                    <h4 class=\"ac-trigger flex\">Quelques conseils utiles pour un passage sans stress au point de contr\u00f4le pr\u00e9-embarquement<\/h4>\n                    <div class=\"ac-content\"><p>\u00c9tiqueter vos bagages \u00e0 main et vos bagages enregistr\u00e9s avec vos coordonn\u00e9es.<\/p>\n<p>Pr\u00e9voyez suffisamment de temps pour passer les contr\u00f4les avant l&#8217;embarquement, en particulier pendant les p\u00e9riodes de pointe. \u00c0 YYJ, t\u00f4t le matin, en milieu de matin\u00e9e et en d\u00e9but de soir\u00e9e)<\/p>\n<p>Laisser les chariots \u00e0 bagages vides \u00e0 l&rsquo;endroit d\u00e9sign\u00e9 \u00e0 l&rsquo;ext\u00e9rieur du point de contr\u00f4le de s\u00e9curit\u00e9.<\/p>\n<p>Pr\u00e9parez votre carte d&#8217;embarquement et votre pi\u00e8ce d&rsquo;identit\u00e9 pour les pr\u00e9senter \u00e0 l&rsquo;agent de contr\u00f4le. Assurez-vous que votre t\u00e9l\u00e9phone est charg\u00e9 si vous comptez sur votre t\u00e9l\u00e9phone pour h\u00e9berger votre carte d&#8217;embarquement.<\/p>\n<p>Ne faites jamais de blagues sur les armes \u00e0 feu, les armes ou les bombes dans un a\u00e9roport.<\/p>\n<p>Emballez correctement les liquides, les gels et les a\u00e9rosols. Les contenants de moins de 100 ml doivent \u00eatre plac\u00e9s dans un sac en plastique transparent refermable de 1 litre. Les contenants de plus de 100 ml doivent \u00eatre conserv\u00e9s dans les bagages enregistr\u00e9s. Certains articles sont exempt\u00e9s mais doivent \u00eatre d\u00e9clar\u00e9s \u00e0 la s\u00e9curit\u00e9. Lire la liste des exemptions <a href=\"https:\/\/www.catsa-acsta.gc.ca\/fr\/que-puis-je-emporter\/liquides-aliments-non-solides-et-effets-personnels#section-6\" target=\"_blank\" rel=\"noopener\">Liquides, aliments non solides et articles personnels | CATSA | ACSTA (catsa-acsta.gc.ca)<\/a><\/p>\n<p>Un flacon de d\u00e9sinfectant liquide d\u2019une contenance maximale de 100 ml est autoris\u00e9 dans le bagage \u00e0 main et ne doit pas n\u00e9cessairement \u00eatre contenu dans un sac en plastique transparent.<\/p>\n<p>Videz et jetez vos boissons avant de passer la s\u00e9curit\u00e9. Un \u00e9vier d&rsquo;\u00e9limination des liquides est situ\u00e9 juste apr\u00e8s l&rsquo;entr\u00e9e du point de contr\u00f4le de s\u00e9curit\u00e9. Les bouteilles d&rsquo;eau peuvent \u00eatre remplies dans l&rsquo;une des stations d&rsquo;hydratation apr\u00e8s le contr\u00f4le de s\u00e9curit\u00e9.<\/p>\n<p>Conna\u00eetre les r\u00e8gles applicables aux voyages avec du cannabis. Il est ill\u00e9gal de voyager \u00e0 l&rsquo;\u00e9tranger avec du cannabis. Passez en revue les quantit\u00e9s l\u00e9gales de cannabis que vous pouvez faire passer aux contr\u00f4les de s\u00e9curit\u00e9 lorsque vous voyagez au Canada.  <a href=\"https:\/\/www.catsa-acsta.gc.ca\/fr\/que-puis-je-emporter\/article\/cannabis-marijuana\" target=\"_blank\" rel=\"noopener\">Cannabis (marijuana) | CATSA | ACSTA (catsa-acsta.gc.ca)<\/a><\/p>\n<\/div>\n                <\/div>\n                            <div class=\"accordion\">\n                    <h4 class=\"ac-trigger flex\">Contr\u00f4le des passeports<\/h4>\n                    <div class=\"ac-content\"><p><strong>Agence des services frontaliers du Canada<\/strong><br \/>\nL&rsquo;Agence des services frontaliers du Canada (ASFC) est responsable des proc\u00e9dures de d\u00e9douanement \u00e0 l&rsquo;a\u00e9roport, y compris le soutien au flux de voyageurs et de marchandises l\u00e9gitimes et l&rsquo;application des mesures de s\u00e9curit\u00e9. Les guichets commerciaux de l&rsquo;ASFC sont ouverts de 8h30 \u00e0 16h30 du lundi au vendredi et le traitement des voyageurs \u00e0 la fronti\u00e8re est assur\u00e9 pour tous les vols internationaux \u00e0 l&rsquo;arriv\u00e9e.<\/p>\n<p>Cette liste de contr\u00f4le des formalit\u00e9s frontali\u00e8res vous aidera \u00e0 passer la fronti\u00e8re en douceur.  <a href=\"https:\/\/www.cbsa-asfc.gc.ca\/travel-voyage\/checklist-aidememoire-fra.html\" target=\"_blank\" rel=\"noopener\">Voyageurs &#8211; Aide-m\u00e9moire pour la fronti\u00e8re (cbsa-asfc.gc.ca)<\/a><\/p>\n<p>L&rsquo;ASFC s&rsquo;engage \u00e0 fournir le meilleur service possible, ce qui implique de vous aider \u00e0 savoir \u00e0 quoi vous attendre lorsque vous arrivez \u00e0 la fronti\u00e8re canadienne. Pour obtenir des conseils de voyage de l&rsquo;ASFC, voir <a href=\"https:\/\/www.cbsa-asfc.gc.ca\/travel-voyage\/tt-cv-fra.html\" target=\"_blank\" rel=\"noopener\">Conseils de voyage (cbsa-asfc.gc.ca<\/a>).<\/p>\n<p><strong>Contr\u00f4le pr\u00e9alable<\/strong><br \/>\nUn centre de pr\u00e9d\u00e9douanement permet aux passagers am\u00e9ricains de passer le contr\u00f4le des passeports au Canada et d&rsquo;atterrir aux \u00c9tats-Unis en tant que passagers nationaux.<\/p>\n<p>L&rsquo;A\u00e9roport international de Victoria ne dispose pas actuellement d&rsquo;installations de pr\u00e9d\u00e9douanement. Si les voyageurs passent par un a\u00e9roport canadien b\u00e9n\u00e9ficiant d&rsquo;un pr\u00e9-d\u00e9douanement am\u00e9ricain, ils passeront par cet a\u00e9roport ou par celui de leur destination am\u00e9ricaine.<\/p>\n<p><strong>Autorisation de voyage \u00e9lectronique (eTA)<\/strong><br \/>\nSi vous vous rendez au Canada ou transitez par un a\u00e9roport canadien, vous aurez peut-\u00eatre besoin d&rsquo;une autorisation de voyage \u00e9lectronique. Un eTA est n\u00e9cessaire pour les ressortissants de pays exempt\u00e9s de visa. Les citoyens am\u00e9ricains et les voyageurs munis d&rsquo;un visa en cours de validit\u00e9 font partie des exceptions.<\/p>\n<p>Veuillez consulter le site web du gouvernement du Canada pour en savoir plus sur l&rsquo;eTA et sur les modalit\u00e9s de demande.  <a href=\"https:\/\/www.canada.ca\/fr\/immigration-refugies-citoyennete\/services\/visiter-canada\/ave.html\" target=\"_blank\" rel=\"noopener\">Autorisation de voyage \u00e9lectronique (AVE) &#8211; Canada.ca<\/a><\/p>\n<\/div>\n                <\/div>\n                            <div class=\"accordion\">\n                    <h4 class=\"ac-trigger flex\">Voyager avec des animaux<\/h4>\n                    <div class=\"ac-content\"><p>V\u00e9rifiez aupr\u00e8s de votre compagnie a\u00e9rienne les r\u00e8gles concernant les vols avec des animaux. Chaque compagnie a\u00e9rienne a ses propres r\u00e8gles en mati\u00e8re de transport d&rsquo;animaux.<\/p>\n<p><strong>Zones de secours pour animaux<\/strong><br \/>\nL&rsquo;a\u00e9roport compte trois zones de secours pour les animaux :<\/p>\n<ul>\n<li>\u00c0 l&rsquo;ext\u00e9rieur de l&rsquo;a\u00e9roport, sur le trottoir avant des d\u00e9parts et sur celui des arriv\u00e9es, de l&rsquo;autre c\u00f4t\u00e9 du passage pour pi\u00e9tons. Deux sont situ\u00e9es \u00e0 l&rsquo;ext\u00e9rieur de l&rsquo;a\u00e9rogare.<\/li>\n<li>Aux d\u00e9parts.<\/li>\n<li>Salle d&#8217;embarquement des passagers du niveau inf\u00e9rieur, couloir des toilettes du niveau principal.<\/li>\n<\/ul>\n<p>En 2017, l&rsquo;Autorit\u00e9 a\u00e9roportuaire de Victoria (VAA) a mis en \u0153uvre une politique sur les animaux qui est conforme aux l\u00e9gislations f\u00e9d\u00e9rales et municipales con\u00e7ues pour am\u00e9liorer la sant\u00e9 publique et la s\u00e9curit\u00e9 de tous les utilisateurs de l&rsquo;a\u00e9roport. L&rsquo;alignement de la politique sur le North Saanich Animal Control Bylaw No. 751, le R\u00e8glement sur la circulation sur le c\u00f4t\u00e9 terrestre des a\u00e9roports de Transports Canada et le R\u00e8glement sur la circulation dans les a\u00e9roports, permet \u00e0 VAA, \u00e0 ses repr\u00e9sentants et aux organismes partenaires de renforcer les r\u00e8gles afin d&rsquo;accro\u00eetre la sensibilisation, d&rsquo;encourager l&rsquo;autor\u00e9gulation et d&rsquo;assurer le respect des r\u00e8gles.<\/p>\n<p>Le r\u00e8glement int\u00e9rieur stipule que<\/p>\n<ul>\n<li>Les animaux ne doivent pas \u00eatre o laiss\u00e9s en libert\u00e9 sur un terrain qui n&rsquo;appartient pas \u00e0 leur propri\u00e9taire o autoris\u00e9s \u00e0 crier ou \u00e0 aboyer de mani\u00e8re \u00e0 troubler la paix o enferm\u00e9s dans un espace clos ou dans un v\u00e9hicule sans ventilation ad\u00e9quate<\/li>\n<li>Les propri\u00e9taires d&rsquo;animaux sont responsables du nettoyage et de l&rsquo;enl\u00e8vement des excr\u00e9ments et de l&rsquo;urine. VAA dispose de deux aires de repos pour les animaux de compagnie, situ\u00e9es sur la berme de gazon en face de l&rsquo;a\u00e9rogare, qui sont \u00e9quip\u00e9es de sacs \u00e0 d\u00e9chets et de r\u00e9ceptacles pour faciliter le nettoyage.<\/li>\n<\/ul>\n<p><strong>DIVULGATION NON AUTORIS\u00c9E INTERDITE<\/strong><br \/>\nLes violations de la politique de VAA concernant les animaux seront d&rsquo;abord examin\u00e9es par le personnel de s\u00e9curit\u00e9 de l&rsquo;a\u00e9roport dans le but principal d&rsquo;obtenir un respect volontaire de la politique. Un contrevenant qui ne respecte pas les r\u00e8gles fera l&rsquo;objet d&rsquo;une enqu\u00eate plus approfondie par un agent des r\u00e8glements du Capital Regional District (CRD) ou par la GRC et pourrait \u00eatre soumis \u00e0 des sanctions en vertu du North Saanich Animal Control Bylaw ou du R\u00e8glement sur la circulation dans les a\u00e9roports de Transports Canada.<\/p>\n<p>Les proc\u00e9dures de voyage des transporteurs a\u00e9riens concernant les animaux en cabine, dans le compartiment \u00e0 bagages ou dans le fret restent en vigueur, et les propri\u00e9taires sont tenus de s&rsquo;y conformer.<\/p>\n<\/div>\n                <\/div>\n                    <\/div>\n    <\/div>\n<\/section>\n<figure class=\"wp-block-gallery has-nested-images columns-5 is-cropped wp-block-gallery-1 is-layout-flex wp-block-gallery-is-layout-flex\">\n<figure class=\"wp-block-image size-full\"><img loading=\"lazy\" decoding=\"async\" width=\"750\" height=\"611\" data-id=\"4173\" src=\"https:\/\/yyj.ca\/wp-content\/uploads\/2023\/02\/YYJ_SAMPLE_IMAGES-19.jpg\" alt=\"\" class=\"wp-image-4173\" srcset=\"https:\/\/yyj.ca\/wp-content\/uploads\/2023\/02\/YYJ_SAMPLE_IMAGES-19.jpg 750w, https:\/\/yyj.ca\/wp-content\/uploads\/2023\/02\/YYJ_SAMPLE_IMAGES-19-300x244.jpg 300w\" sizes=\"auto, (max-width: 750px) 100vw, 750px\" \/><\/figure>\n\n\n\n<figure class=\"wp-block-image size-full\"><img loading=\"lazy\" decoding=\"async\" width=\"750\" height=\"500\" data-id=\"4174\" src=\"https:\/\/yyj.ca\/wp-content\/uploads\/2023\/02\/YYJ_SAMPLE_IMAGES.jpg\" alt=\"\" class=\"wp-image-4174\" srcset=\"https:\/\/yyj.ca\/wp-content\/uploads\/2023\/02\/YYJ_SAMPLE_IMAGES.jpg 750w, https:\/\/yyj.ca\/wp-content\/uploads\/2023\/02\/YYJ_SAMPLE_IMAGES-300x200.jpg 300w\" sizes=\"auto, (max-width: 750px) 100vw, 750px\" \/><\/figure>\n\n\n\n<figure class=\"wp-block-image size-large\"><img loading=\"lazy\" decoding=\"async\" width=\"1024\" height=\"682\" data-id=\"4231\" src=\"https:\/\/yyj.ca\/wp-content\/uploads\/2023\/02\/YYJ_2023-229-1024x682.jpg\" alt=\"\" class=\"wp-image-4231\" srcset=\"https:\/\/yyj.ca\/wp-content\/uploads\/2023\/02\/YYJ_2023-229-1024x682.jpg 1024w, https:\/\/yyj.ca\/wp-content\/uploads\/2023\/02\/YYJ_2023-229-300x200.jpg 300w, https:\/\/yyj.ca\/wp-content\/uploads\/2023\/02\/YYJ_2023-229.jpg 1400w\" sizes=\"auto, (max-width: 1024px) 100vw, 1024px\" \/><\/figure>\n\n\n\n<figure class=\"wp-block-image size-full\"><img loading=\"lazy\" decoding=\"async\" width=\"750\" height=\"500\" data-id=\"4175\" src=\"https:\/\/yyj.ca\/wp-content\/uploads\/2023\/02\/YYJ_SAMPLE_IMAGES-6.jpg\" alt=\"\" class=\"wp-image-4175\" srcset=\"https:\/\/yyj.ca\/wp-content\/uploads\/2023\/02\/YYJ_SAMPLE_IMAGES-6.jpg 750w, https:\/\/yyj.ca\/wp-content\/uploads\/2023\/02\/YYJ_SAMPLE_IMAGES-6-300x200.jpg 300w\" sizes=\"auto, (max-width: 750px) 100vw, 750px\" \/><\/figure>\n\n\n\n<figure class=\"wp-block-image size-large\"><img loading=\"lazy\" decoding=\"async\" width=\"1024\" height=\"682\" data-id=\"4230\" src=\"https:\/\/yyj.ca\/wp-content\/uploads\/2023\/02\/YYJ_2023-30-1024x682.jpg\" alt=\"\" class=\"wp-image-4230\" srcset=\"https:\/\/yyj.ca\/wp-content\/uploads\/2023\/02\/YYJ_2023-30-1024x682.jpg 1024w, https:\/\/yyj.ca\/wp-content\/uploads\/2023\/02\/YYJ_2023-30-300x200.jpg 300w, https:\/\/yyj.ca\/wp-content\/uploads\/2023\/02\/YYJ_2023-30.jpg 1400w\" sizes=\"auto, (max-width: 1024px) 100vw, 1024px\" \/><\/figure>\n<\/figure>\n","protected":false},"excerpt":{"rendered":"","protected":false},"author":1,"featured_media":0,"parent":6937,"menu_order":69,"comment_status":"closed","ping_status":"closed","template":"","meta":{"_acf_changed":false,"footnotes":""},"class_list":["post-6983","page","type-page","status-publish","hentry"],"acf":[],"yoast_head":"<!-- This site is optimized with the Yoast SEO plugin v27.3 - https:\/\/yoast.com\/product\/yoast-seo-wordpress\/ -->\n<title>S\u00e9curit\u00e9 - Victoria Airport Authority<\/title>\n<meta name=\"robots\" content=\"index, follow, max-snippet:-1, max-image-preview:large, max-video-preview:-1\" \/>\n<link rel=\"canonical\" href=\"https:\/\/yyj.ca\/fr\/informations-sur-les-voyages\/securite\/\" \/>\n<meta property=\"og:locale\" content=\"fr_FR\" \/>\n<meta property=\"og:type\" content=\"article\" \/>\n<meta property=\"og:title\" content=\"S\u00e9curit\u00e9 - Victoria Airport Authority\" \/>\n<meta property=\"og:url\" content=\"https:\/\/yyj.ca\/fr\/informations-sur-les-voyages\/securite\/\" \/>\n<meta property=\"og:site_name\" content=\"Victoria Airport Authority\" \/>\n<meta property=\"article:modified_time\" content=\"2025-01-29T15:35:13+00:00\" \/>\n<meta name=\"twitter:card\" content=\"summary_large_image\" \/>\n<script type=\"application\/ld+json\" class=\"yoast-schema-graph\">{\"@context\":\"https:\\\/\\\/schema.org\",\"@graph\":[{\"@type\":\"WebPage\",\"@id\":\"https:\\\/\\\/yyj.ca\\\/fr\\\/informations-sur-les-voyages\\\/securite\\\/\",\"url\":\"https:\\\/\\\/yyj.ca\\\/fr\\\/informations-sur-les-voyages\\\/securite\\\/\",\"name\":\"S\u00e9curit\u00e9 - Victoria Airport Authority\",\"isPartOf\":{\"@id\":\"https:\\\/\\\/yyj.ca\\\/fr\\\/#website\"},\"datePublished\":\"2022-10-06T19:49:14+00:00\",\"dateModified\":\"2025-01-29T15:35:13+00:00\",\"breadcrumb\":{\"@id\":\"https:\\\/\\\/yyj.ca\\\/fr\\\/informations-sur-les-voyages\\\/securite\\\/#breadcrumb\"},\"inLanguage\":\"fr-FR\",\"potentialAction\":[{\"@type\":\"ReadAction\",\"target\":[\"https:\\\/\\\/yyj.ca\\\/fr\\\/informations-sur-les-voyages\\\/securite\\\/\"]}]},{\"@type\":\"BreadcrumbList\",\"@id\":\"https:\\\/\\\/yyj.ca\\\/fr\\\/informations-sur-les-voyages\\\/securite\\\/#breadcrumb\",\"itemListElement\":[{\"@type\":\"ListItem\",\"position\":1,\"name\":\"Home\",\"item\":\"https:\\\/\\\/yyj.ca\\\/fr\\\/\"},{\"@type\":\"ListItem\",\"position\":2,\"name\":\"Informations sur les voyages\",\"item\":\"https:\\\/\\\/yyj.ca\\\/fr\\\/informations-sur-les-voyages\\\/\"},{\"@type\":\"ListItem\",\"position\":3,\"name\":\"S\u00e9curit\u00e9\"}]},{\"@type\":\"WebSite\",\"@id\":\"https:\\\/\\\/yyj.ca\\\/fr\\\/#website\",\"url\":\"https:\\\/\\\/yyj.ca\\\/fr\\\/\",\"name\":\"Victoria Airport Authority\",\"description\":\"Victoria International Airport\",\"publisher\":{\"@id\":\"https:\\\/\\\/yyj.ca\\\/fr\\\/#organization\"},\"potentialAction\":[{\"@type\":\"SearchAction\",\"target\":{\"@type\":\"EntryPoint\",\"urlTemplate\":\"https:\\\/\\\/yyj.ca\\\/fr\\\/?s={search_term_string}\"},\"query-input\":{\"@type\":\"PropertyValueSpecification\",\"valueRequired\":true,\"valueName\":\"search_term_string\"}}],\"inLanguage\":\"fr-FR\"},{\"@type\":\"Organization\",\"@id\":\"https:\\\/\\\/yyj.ca\\\/fr\\\/#organization\",\"name\":\"Victoria Inernational Airport\",\"url\":\"https:\\\/\\\/yyj.ca\\\/fr\\\/\",\"logo\":{\"@type\":\"ImageObject\",\"inLanguage\":\"fr-FR\",\"@id\":\"https:\\\/\\\/yyj.ca\\\/fr\\\/#\\\/schema\\\/logo\\\/image\\\/\",\"url\":\"https:\\\/\\\/aeroportdevictoria.com\\\/wp-content\\\/uploads\\\/2023\\\/06\\\/yyj-logo.svg\",\"contentUrl\":\"https:\\\/\\\/aeroportdevictoria.com\\\/wp-content\\\/uploads\\\/2023\\\/06\\\/yyj-logo.svg\",\"width\":378,\"height\":73,\"caption\":\"Victoria Inernational Airport\"},\"image\":{\"@id\":\"https:\\\/\\\/yyj.ca\\\/fr\\\/#\\\/schema\\\/logo\\\/image\\\/\"}}]}<\/script>\n<!-- \/ Yoast SEO plugin. -->","yoast_head_json":{"title":"S\u00e9curit\u00e9 - Victoria Airport Authority","robots":{"index":"index","follow":"follow","max-snippet":"max-snippet:-1","max-image-preview":"max-image-preview:large","max-video-preview":"max-video-preview:-1"},"canonical":"https:\/\/yyj.ca\/fr\/informations-sur-les-voyages\/securite\/","og_locale":"fr_FR","og_type":"article","og_title":"S\u00e9curit\u00e9 - Victoria Airport Authority","og_url":"https:\/\/yyj.ca\/fr\/informations-sur-les-voyages\/securite\/","og_site_name":"Victoria Airport Authority","article_modified_time":"2025-01-29T15:35:13+00:00","twitter_card":"summary_large_image","schema":{"@context":"https:\/\/schema.org","@graph":[{"@type":"WebPage","@id":"https:\/\/yyj.ca\/fr\/informations-sur-les-voyages\/securite\/","url":"https:\/\/yyj.ca\/fr\/informations-sur-les-voyages\/securite\/","name":"S\u00e9curit\u00e9 - Victoria Airport Authority","isPartOf":{"@id":"https:\/\/yyj.ca\/fr\/#website"},"datePublished":"2022-10-06T19:49:14+00:00","dateModified":"2025-01-29T15:35:13+00:00","breadcrumb":{"@id":"https:\/\/yyj.ca\/fr\/informations-sur-les-voyages\/securite\/#breadcrumb"},"inLanguage":"fr-FR","potentialAction":[{"@type":"ReadAction","target":["https:\/\/yyj.ca\/fr\/informations-sur-les-voyages\/securite\/"]}]},{"@type":"BreadcrumbList","@id":"https:\/\/yyj.ca\/fr\/informations-sur-les-voyages\/securite\/#breadcrumb","itemListElement":[{"@type":"ListItem","position":1,"name":"Home","item":"https:\/\/yyj.ca\/fr\/"},{"@type":"ListItem","position":2,"name":"Informations sur les voyages","item":"https:\/\/yyj.ca\/fr\/informations-sur-les-voyages\/"},{"@type":"ListItem","position":3,"name":"S\u00e9curit\u00e9"}]},{"@type":"WebSite","@id":"https:\/\/yyj.ca\/fr\/#website","url":"https:\/\/yyj.ca\/fr\/","name":"Victoria Airport Authority","description":"Victoria International Airport","publisher":{"@id":"https:\/\/yyj.ca\/fr\/#organization"},"potentialAction":[{"@type":"SearchAction","target":{"@type":"EntryPoint","urlTemplate":"https:\/\/yyj.ca\/fr\/?s={search_term_string}"},"query-input":{"@type":"PropertyValueSpecification","valueRequired":true,"valueName":"search_term_string"}}],"inLanguage":"fr-FR"},{"@type":"Organization","@id":"https:\/\/yyj.ca\/fr\/#organization","name":"Victoria Inernational Airport","url":"https:\/\/yyj.ca\/fr\/","logo":{"@type":"ImageObject","inLanguage":"fr-FR","@id":"https:\/\/yyj.ca\/fr\/#\/schema\/logo\/image\/","url":"https:\/\/aeroportdevictoria.com\/wp-content\/uploads\/2023\/06\/yyj-logo.svg","contentUrl":"https:\/\/aeroportdevictoria.com\/wp-content\/uploads\/2023\/06\/yyj-logo.svg","width":378,"height":73,"caption":"Victoria Inernational Airport"},"image":{"@id":"https:\/\/yyj.ca\/fr\/#\/schema\/logo\/image\/"}}]}},"_links":{"self":[{"href":"https:\/\/yyj.ca\/fr\/wp-json\/wp\/v2\/pages\/6983","targetHints":{"allow":["GET"]}}],"collection":[{"href":"https:\/\/yyj.ca\/fr\/wp-json\/wp\/v2\/pages"}],"about":[{"href":"https:\/\/yyj.ca\/fr\/wp-json\/wp\/v2\/types\/page"}],"author":[{"embeddable":true,"href":"https:\/\/yyj.ca\/fr\/wp-json\/wp\/v2\/users\/1"}],"replies":[{"embeddable":true,"href":"https:\/\/yyj.ca\/fr\/wp-json\/wp\/v2\/comments?post=6983"}],"version-history":[{"count":0,"href":"https:\/\/yyj.ca\/fr\/wp-json\/wp\/v2\/pages\/6983\/revisions"}],"up":[{"embeddable":true,"href":"https:\/\/yyj.ca\/fr\/wp-json\/wp\/v2\/pages\/6937"}],"wp:attachment":[{"href":"https:\/\/yyj.ca\/fr\/wp-json\/wp\/v2\/media?parent=6983"}],"curies":[{"name":"wp","href":"https:\/\/api.w.org\/{rel}","templated":true}]}}