{"id":6977,"date":"2022-10-06T13:13:37","date_gmt":"2022-10-06T20:13:37","guid":{"rendered":"https:\/\/yyj.eclipsedev.tk\/actualites-et-medias\/nouvelles\/"},"modified":"2026-03-24T15:38:20","modified_gmt":"2026-03-24T22:38:20","slug":"nouvelles","status":"publish","type":"page","link":"https:\/\/yyj.ca\/fr\/actualites-et-medias\/nouvelles\/","title":{"rendered":"Nouvelles"},"content":{"rendered":"\n<section class=\"banner\">\n            <div class=\"image-wrap\">\n            <img fetchpriority=\"high\" decoding=\"async\" width=\"1400\" height=\"933\" src=\"https:\/\/yyj.ca\/wp-content\/uploads\/2023\/03\/YYJ_2023-212.jpg\" class=\"attachment-full size-full\" alt=\"\" loading=\"eager\" srcset=\"https:\/\/yyj.ca\/wp-content\/uploads\/2023\/03\/YYJ_2023-212.jpg 1400w, https:\/\/yyj.ca\/wp-content\/uploads\/2023\/03\/YYJ_2023-212-300x200.jpg 300w, https:\/\/yyj.ca\/wp-content\/uploads\/2023\/03\/YYJ_2023-212-1024x682.jpg 1024w\" sizes=\"(max-width: 1400px) 100vw, 1400px\" \/>        <\/div>\n        <div class=\"container large\">\n                    <h2 class=\"overline\">Nouvelles<\/h2>\n                    <h1>Quoi de neuf chez YYJ ?<\/h1>\n                    <\/div>\n    <div class=\"banner-graphic\">\n        <img decoding=\"async\" src=\"\/wp-content\/themes\/eclipse360\/assets\/images\/banner-bottom.svg\" alt=\"banner-graphic\">\n    <\/div>\n<\/section>\n\n\n\n<div class=\"wp-block-group\" style=\"padding-top:30px;padding-right:30px;padding-bottom:30px;padding-left:30px\"><div class=\"wp-block-group__inner-container is-layout-flow wp-block-group-is-layout-flow\">\n<div class=\"wp-block-columns is-layout-flex wp-container-core-columns-is-layout-9d6595d7 wp-block-columns-is-layout-flex\">\n<div class=\"wp-block-column is-layout-flow wp-block-column-is-layout-flow\" style=\"flex-basis:100%\">\n<div class=\"wp-block-query is-layout-flow wp-block-query-is-layout-flow\"><ul class=\"columns-3 wp-block-post-template is-layout-grid wp-container-core-post-template-is-layout-2fc57c17 wp-block-post-template-is-layout-grid\"><li class=\"wp-block-post post-13086 post type-post status-publish format-standard has-post-thumbnail hentry category-non-classifiee\">\n<figure class=\"wp-block-post-featured-image\"><a href=\"https:\/\/yyj.ca\/fr\/laeroport-international-de-victoria-recoit-le-prix-qualite-des-services-aeroportuaires-du-conseil-international-des-aeroports-dans-la-categorie-meilleur-aeroport-damerique-du-nord-de\/\" target=\"_self\"  ><img loading=\"lazy\" decoding=\"async\" width=\"1280\" height=\"1280\" src=\"https:\/\/yyj.ca\/wp-content\/uploads\/2026\/03\/1772031133592.jpg\" class=\"attachment-post-thumbnail size-post-thumbnail wp-post-image\" alt=\"L\u2019A\u00e9roport international de Victoria re\u00e7oit le prix Qualit\u00e9 des services a\u00e9roportuaires du Conseil international des a\u00e9roports dans la cat\u00e9gorie Meilleur a\u00e9roport d\u2019Am\u00e9rique du Nord de moins de deux millions de passagers\" style=\"object-fit:cover;\" srcset=\"https:\/\/yyj.ca\/wp-content\/uploads\/2026\/03\/1772031133592.jpg 1280w, https:\/\/yyj.ca\/wp-content\/uploads\/2026\/03\/1772031133592-300x300.jpg 300w, https:\/\/yyj.ca\/wp-content\/uploads\/2026\/03\/1772031133592-1024x1024.jpg 1024w, https:\/\/yyj.ca\/wp-content\/uploads\/2026\/03\/1772031133592-150x150.jpg 150w, https:\/\/yyj.ca\/wp-content\/uploads\/2026\/03\/1772031133592-400x400.jpg 400w, https:\/\/yyj.ca\/wp-content\/uploads\/2026\/03\/1772031133592-800x800.jpg 800w, https:\/\/yyj.ca\/wp-content\/uploads\/2026\/03\/1772031133592-1200x1200.jpg 1200w\" sizes=\"auto, (max-width: 1280px) 100vw, 1280px\" \/><\/a><\/figure>\n\n<div class=\"wp-block-post-date\"><time datetime=\"2026-03-06T13:07:43-07:00\">6 mars 2026<\/time><\/div>\n\n<h4 class=\"wp-block-post-title\"><a href=\"https:\/\/yyj.ca\/fr\/laeroport-international-de-victoria-recoit-le-prix-qualite-des-services-aeroportuaires-du-conseil-international-des-aeroports-dans-la-categorie-meilleur-aeroport-damerique-du-nord-de\/\" target=\"_self\" >L\u2019A\u00e9roport international de Victoria re\u00e7oit le prix Qualit\u00e9 des services a\u00e9roportuaires du Conseil international des a\u00e9roports dans la cat\u00e9gorie Meilleur a\u00e9roport d\u2019Am\u00e9rique du Nord de moins de deux millions de passagers<\/a><\/h4>\n<\/li><li class=\"wp-block-post post-13078 post type-post status-publish format-standard hentry category-non-classifiee\">\n\n\n<div class=\"wp-block-post-date\"><time datetime=\"2026-02-18T17:59:47-07:00\">18 f\u00e9vrier 2026<\/time><\/div>\n\n<h4 class=\"wp-block-post-title\"><a href=\"https:\/\/yyj.ca\/fr\/laeroport-international-de-victoria-sassocie-a-notinmycity-pour-lutter-contre-la-traite-des-etres-humains\/\" target=\"_self\" >L&rsquo;a\u00e9roport international de Victoria s&rsquo;associe \u00e0 #NotInMyCity pour lutter contre la traite des \u00eatres humains<\/a><\/h4>\n<\/li><li class=\"wp-block-post post-13050 post type-post status-publish format-standard has-post-thumbnail hentry category-non-classifiee\">\n<figure class=\"wp-block-post-featured-image\"><a href=\"https:\/\/yyj.ca\/fr\/lautorite-aeroportuaire-de-victoria-reconnue-comme-lun-des-meilleurs-employeurs-de-la-colombie-britannique-pour-2026\/\" target=\"_self\"  ><img loading=\"lazy\" decoding=\"async\" width=\"1080\" height=\"1080\" src=\"https:\/\/yyj.ca\/wp-content\/uploads\/2026\/02\/yyj-top-10-employers-social-media_1080x1080-EN-2.png\" class=\"attachment-post-thumbnail size-post-thumbnail wp-post-image\" alt=\"L&rsquo;autorit\u00e9 a\u00e9roportuaire de Victoria reconnue comme l&rsquo;un des meilleurs employeurs de la Colombie-Britannique pour 2026\" style=\"object-fit:cover;\" srcset=\"https:\/\/yyj.ca\/wp-content\/uploads\/2026\/02\/yyj-top-10-employers-social-media_1080x1080-EN-2.png 1080w, https:\/\/yyj.ca\/wp-content\/uploads\/2026\/02\/yyj-top-10-employers-social-media_1080x1080-EN-2-300x300.png 300w, https:\/\/yyj.ca\/wp-content\/uploads\/2026\/02\/yyj-top-10-employers-social-media_1080x1080-EN-2-1024x1024.png 1024w, https:\/\/yyj.ca\/wp-content\/uploads\/2026\/02\/yyj-top-10-employers-social-media_1080x1080-EN-2-150x150.png 150w, https:\/\/yyj.ca\/wp-content\/uploads\/2026\/02\/yyj-top-10-employers-social-media_1080x1080-EN-2-400x400.png 400w, https:\/\/yyj.ca\/wp-content\/uploads\/2026\/02\/yyj-top-10-employers-social-media_1080x1080-EN-2-800x800.png 800w\" sizes=\"auto, (max-width: 1080px) 100vw, 1080px\" \/><\/a><\/figure>\n\n<div class=\"wp-block-post-date\"><time datetime=\"2026-02-10T15:59:13-07:00\">10 f\u00e9vrier 2026<\/time><\/div>\n\n<h4 class=\"wp-block-post-title\"><a href=\"https:\/\/yyj.ca\/fr\/lautorite-aeroportuaire-de-victoria-reconnue-comme-lun-des-meilleurs-employeurs-de-la-colombie-britannique-pour-2026\/\" target=\"_self\" >L&rsquo;autorit\u00e9 a\u00e9roportuaire de Victoria reconnue comme l&rsquo;un des meilleurs employeurs de la Colombie-Britannique pour 2026<\/a><\/h4>\n<\/li><li class=\"wp-block-post post-13028 post type-post status-publish format-standard has-post-thumbnail hentry category-non-classifiee\">\n<figure class=\"wp-block-post-featured-image\"><a href=\"https:\/\/yyj.ca\/fr\/les-premieres-nations-wsanec-et-lautorite-aeroportuaire-de-victoria-concluent-un-accord-damitie\/\" target=\"_self\"  ><img loading=\"lazy\" decoding=\"async\" width=\"1707\" height=\"2560\" src=\"https:\/\/yyj.ca\/wp-content\/uploads\/2026\/02\/1H8A1087-scaled.jpg\" class=\"attachment-post-thumbnail size-post-thumbnail wp-post-image\" alt=\"Les Premi\u00e8res nations W\u0331S\u00c1NE\u0106 et l&rsquo;autorit\u00e9 a\u00e9roportuaire de Victoria concluent un accord d&rsquo;amiti\u00e9\" style=\"object-fit:cover;\" srcset=\"https:\/\/yyj.ca\/wp-content\/uploads\/2026\/02\/1H8A1087-scaled.jpg 1707w, https:\/\/yyj.ca\/wp-content\/uploads\/2026\/02\/1H8A1087-200x300.jpg 200w, https:\/\/yyj.ca\/wp-content\/uploads\/2026\/02\/1H8A1087-683x1024.jpg 683w, https:\/\/yyj.ca\/wp-content\/uploads\/2026\/02\/1H8A1087-1024x1536.jpg 1024w, https:\/\/yyj.ca\/wp-content\/uploads\/2026\/02\/1H8A1087-1366x2048.jpg 1366w\" sizes=\"auto, (max-width: 1707px) 100vw, 1707px\" \/><\/a><\/figure>\n\n<div class=\"wp-block-post-date\"><time datetime=\"2026-02-04T15:42:47-07:00\">4 f\u00e9vrier 2026<\/time><\/div>\n\n<h4 class=\"wp-block-post-title\"><a href=\"https:\/\/yyj.ca\/fr\/les-premieres-nations-wsanec-et-lautorite-aeroportuaire-de-victoria-concluent-un-accord-damitie\/\" target=\"_self\" >Les Premi\u00e8res nations W\u0331S\u00c1NE\u0106 et l&rsquo;autorit\u00e9 a\u00e9roportuaire de Victoria concluent un accord d&rsquo;amiti\u00e9<\/a><\/h4>\n<\/li><li class=\"wp-block-post post-12997 post type-post status-publish format-standard has-post-thumbnail hentry category-non-classifiee\">\n<figure class=\"wp-block-post-featured-image\"><a href=\"https:\/\/yyj.ca\/fr\/fermeture-du-trottoir-de-laerogare\/\" target=\"_self\"  ><img loading=\"lazy\" decoding=\"async\" width=\"1200\" height=\"701\" src=\"https:\/\/yyj.ca\/wp-content\/uploads\/2023\/04\/default.jpeg\" class=\"attachment-post-thumbnail size-post-thumbnail wp-post-image\" alt=\"Fermeture du trottoir de l\u2019a\u00e9rogare\" style=\"object-fit:cover;\" srcset=\"https:\/\/yyj.ca\/wp-content\/uploads\/2023\/04\/default.jpeg 1200w, https:\/\/yyj.ca\/wp-content\/uploads\/2023\/04\/default-300x175.jpeg 300w, https:\/\/yyj.ca\/wp-content\/uploads\/2023\/04\/default-1024x598.jpeg 1024w\" sizes=\"auto, (max-width: 1200px) 100vw, 1200px\" \/><\/a><\/figure>\n\n<div class=\"wp-block-post-date\"><time datetime=\"2026-01-25T22:01:07-07:00\">25 janvier 2026<\/time><\/div>\n\n<h4 class=\"wp-block-post-title\"><a href=\"https:\/\/yyj.ca\/fr\/fermeture-du-trottoir-de-laerogare\/\" target=\"_self\" >Fermeture du trottoir de l\u2019a\u00e9rogare<\/a><\/h4>\n<\/li><li class=\"wp-block-post post-12879 post type-post status-publish format-standard has-post-thumbnail hentry category-non-classifiee\">\n<figure class=\"wp-block-post-featured-image\"><a href=\"https:\/\/yyj.ca\/fr\/musique-des-fetes-en-direct\/\" target=\"_self\"  ><img loading=\"lazy\" decoding=\"async\" width=\"1080\" height=\"1080\" src=\"https:\/\/yyj.ca\/wp-content\/uploads\/2025\/12\/28599-YYJ-Holiday-Music-1080x10802-2.jpg\" class=\"attachment-post-thumbnail size-post-thumbnail wp-post-image\" alt=\"Musique des F\u00eates en direct !\" style=\"object-fit:cover;\" srcset=\"https:\/\/yyj.ca\/wp-content\/uploads\/2025\/12\/28599-YYJ-Holiday-Music-1080x10802-2.jpg 1080w, https:\/\/yyj.ca\/wp-content\/uploads\/2025\/12\/28599-YYJ-Holiday-Music-1080x10802-2-300x300.jpg 300w, https:\/\/yyj.ca\/wp-content\/uploads\/2025\/12\/28599-YYJ-Holiday-Music-1080x10802-2-1024x1024.jpg 1024w, https:\/\/yyj.ca\/wp-content\/uploads\/2025\/12\/28599-YYJ-Holiday-Music-1080x10802-2-150x150.jpg 150w, https:\/\/yyj.ca\/wp-content\/uploads\/2025\/12\/28599-YYJ-Holiday-Music-1080x10802-2-400x400.jpg 400w, https:\/\/yyj.ca\/wp-content\/uploads\/2025\/12\/28599-YYJ-Holiday-Music-1080x10802-2-800x800.jpg 800w\" sizes=\"auto, (max-width: 1080px) 100vw, 1080px\" \/><\/a><\/figure>\n\n<div class=\"wp-block-post-date\"><time datetime=\"2025-12-16T15:33:20-07:00\">16 d\u00e9cembre 2025<\/time><\/div>\n\n<h4 class=\"wp-block-post-title\"><a href=\"https:\/\/yyj.ca\/fr\/musique-des-fetes-en-direct\/\" target=\"_self\" >Musique des F\u00eates en direct !<\/a><\/h4>\n<\/li><li class=\"wp-block-post post-12799 post type-post status-publish format-standard hentry category-non-classifiee\">\n\n\n<div class=\"wp-block-post-date\"><time datetime=\"2025-10-22T16:02:00-07:00\">22 octobre 2025<\/time><\/div>\n\n<h4 class=\"wp-block-post-title\"><a href=\"https:\/\/yyj.ca\/fr\/trimestre-record-yyj-enregistre-sa-periode-la-plus-frequentee-de-tous-les-temps\/\" target=\"_self\" >Trimestre record : YYJ enregistre sa p\u00e9riode la plus fr\u00e9quent\u00e9e de tous les temps<\/a><\/h4>\n<\/li><li class=\"wp-block-post post-12752 post type-post status-publish format-standard hentry category-non-classifiee\">\n\n\n<div class=\"wp-block-post-date\"><time datetime=\"2025-10-14T18:18:48-07:00\">14 octobre 2025<\/time><\/div>\n\n<h4 class=\"wp-block-post-title\"><a href=\"https:\/\/yyj.ca\/fr\/mise-a-jour-message-audio-non-autorise-a-yyj\/\" target=\"_self\" >MISE \u00c0 JOUR : Message audio non autoris\u00e9 \u00e0 YYJ<\/a><\/h4>\n<\/li><li class=\"wp-block-post post-12721 post type-post status-publish format-standard hentry category-non-classifiee\">\n\n\n<div class=\"wp-block-post-date\"><time datetime=\"2025-09-30T06:00:00-07:00\">30 septembre 2025<\/time><\/div>\n\n<h4 class=\"wp-block-post-title\"><a href=\"https:\/\/yyj.ca\/fr\/journee-nationale-de-la-verite-et-la-reconciliation\/\" target=\"_self\" >Journ\u00e9e nationale de la v\u00e9rit\u00e9 et la r\u00e9conciliation<\/a><\/h4>\n<\/li><\/ul>\n\n\n<div style=\"height:30px\" aria-hidden=\"true\" class=\"wp-block-spacer\"><\/div>\n\n\n<nav class=\"wp-block-query-pagination has-medium-font-size is-content-justification-center is-nowrap is-layout-flex wp-container-core-query-pagination-is-layout-1fb9aab6 wp-block-query-pagination-is-layout-flex\" aria-label=\"Pagination\">\n\n\n<div class=\"wp-block-query-pagination-numbers\"><span aria-current=\"page\" class=\"page-numbers current\">1<\/span>\n<a class=\"page-numbers\" href=\"?query-46-page=2\">2<\/a>\n<a class=\"page-numbers\" href=\"?query-46-page=3\">3<\/a>\n<span class=\"page-numbers dots\">\u2026<\/span>\n<a class=\"page-numbers\" href=\"?query-46-page=7\">7<\/a><\/div>\n\n<a href=\"\/fr\/wp-json\/wp\/v2\/pages\/6977?query-46-page=2\" class=\"wp-block-query-pagination-next\" aria-label=\"Page suivante\"><span class='wp-block-query-pagination-next-arrow is-arrow-arrow' aria-hidden='true'>\u2192<\/span><\/a>\n<\/nav><\/div>\n<\/div>\n<\/div>\n<\/div><\/div>\n","protected":false},"excerpt":{"rendered":"","protected":false},"author":1,"featured_media":0,"parent":6926,"menu_order":56,"comment_status":"closed","ping_status":"closed","template":"","meta":{"_acf_changed":false,"footnotes":""},"class_list":["post-6977","page","type-page","status-publish","hentry"],"acf":[],"yoast_head":"<!-- This site is optimized with the Yoast SEO plugin v27.3 - https:\/\/yoast.com\/product\/yoast-seo-wordpress\/ -->\n<title>Nouvelles - Victoria Airport Authority<\/title>\n<meta name=\"robots\" content=\"index, follow, max-snippet:-1, max-image-preview:large, max-video-preview:-1\" \/>\n<link rel=\"canonical\" href=\"https:\/\/yyj.ca\/fr\/actualites-et-medias\/nouvelles\/\" \/>\n<link rel=\"next\" href=\"https:\/\/yyj.ca\/fr\/actualites-et-medias\/nouvelles\/6977\/?query-46-page=2\" \/>\n<meta property=\"og:locale\" content=\"fr_FR\" \/>\n<meta property=\"og:type\" content=\"article\" \/>\n<meta property=\"og:title\" content=\"Nouvelles - Victoria Airport Authority\" \/>\n<meta property=\"og:url\" content=\"https:\/\/yyj.ca\/fr\/actualites-et-medias\/nouvelles\/\" \/>\n<meta property=\"og:site_name\" content=\"Victoria Airport Authority\" \/>\n<meta property=\"article:modified_time\" content=\"2026-03-24T22:38:20+00:00\" \/>\n<meta name=\"twitter:card\" content=\"summary_large_image\" \/>\n<script type=\"application\/ld+json\" class=\"yoast-schema-graph\">{\"@context\":\"https:\\\/\\\/schema.org\",\"@graph\":[{\"@type\":\"WebPage\",\"@id\":\"https:\\\/\\\/yyj.ca\\\/fr\\\/actualites-et-medias\\\/nouvelles\\\/\",\"url\":\"https:\\\/\\\/yyj.ca\\\/fr\\\/actualites-et-medias\\\/nouvelles\\\/\",\"name\":\"Nouvelles - Victoria Airport Authority\",\"isPartOf\":{\"@id\":\"https:\\\/\\\/yyj.ca\\\/fr\\\/#website\"},\"datePublished\":\"2022-10-06T20:13:37+00:00\",\"dateModified\":\"2026-03-24T22:38:20+00:00\",\"breadcrumb\":{\"@id\":\"https:\\\/\\\/yyj.ca\\\/fr\\\/actualites-et-medias\\\/nouvelles\\\/#breadcrumb\"},\"inLanguage\":\"fr-FR\",\"potentialAction\":[{\"@type\":\"ReadAction\",\"target\":[\"https:\\\/\\\/yyj.ca\\\/fr\\\/actualites-et-medias\\\/nouvelles\\\/\"]}]},{\"@type\":\"BreadcrumbList\",\"@id\":\"https:\\\/\\\/yyj.ca\\\/fr\\\/actualites-et-medias\\\/nouvelles\\\/#breadcrumb\",\"itemListElement\":[{\"@type\":\"ListItem\",\"position\":1,\"name\":\"Home\",\"item\":\"https:\\\/\\\/yyj.ca\\\/fr\\\/\"},{\"@type\":\"ListItem\",\"position\":2,\"name\":\"Actualit\u00e9s et m\u00e9dias\",\"item\":\"https:\\\/\\\/yyj.ca\\\/fr\\\/actualites-et-medias\\\/\"},{\"@type\":\"ListItem\",\"position\":3,\"name\":\"Nouvelles\"}]},{\"@type\":\"WebSite\",\"@id\":\"https:\\\/\\\/yyj.ca\\\/fr\\\/#website\",\"url\":\"https:\\\/\\\/yyj.ca\\\/fr\\\/\",\"name\":\"Victoria Airport Authority\",\"description\":\"Victoria International Airport\",\"publisher\":{\"@id\":\"https:\\\/\\\/yyj.ca\\\/fr\\\/#organization\"},\"potentialAction\":[{\"@type\":\"SearchAction\",\"target\":{\"@type\":\"EntryPoint\",\"urlTemplate\":\"https:\\\/\\\/yyj.ca\\\/fr\\\/?s={search_term_string}\"},\"query-input\":{\"@type\":\"PropertyValueSpecification\",\"valueRequired\":true,\"valueName\":\"search_term_string\"}}],\"inLanguage\":\"fr-FR\"},{\"@type\":\"Organization\",\"@id\":\"https:\\\/\\\/yyj.ca\\\/fr\\\/#organization\",\"name\":\"Victoria Inernational Airport\",\"url\":\"https:\\\/\\\/yyj.ca\\\/fr\\\/\",\"logo\":{\"@type\":\"ImageObject\",\"inLanguage\":\"fr-FR\",\"@id\":\"https:\\\/\\\/yyj.ca\\\/fr\\\/#\\\/schema\\\/logo\\\/image\\\/\",\"url\":\"https:\\\/\\\/aeroportdevictoria.com\\\/wp-content\\\/uploads\\\/2023\\\/06\\\/yyj-logo.svg\",\"contentUrl\":\"https:\\\/\\\/aeroportdevictoria.com\\\/wp-content\\\/uploads\\\/2023\\\/06\\\/yyj-logo.svg\",\"width\":378,\"height\":73,\"caption\":\"Victoria Inernational Airport\"},\"image\":{\"@id\":\"https:\\\/\\\/yyj.ca\\\/fr\\\/#\\\/schema\\\/logo\\\/image\\\/\"}}]}<\/script>\n<!-- \/ Yoast SEO plugin. -->","yoast_head_json":{"title":"Nouvelles - Victoria Airport Authority","robots":{"index":"index","follow":"follow","max-snippet":"max-snippet:-1","max-image-preview":"max-image-preview:large","max-video-preview":"max-video-preview:-1"},"canonical":"https:\/\/yyj.ca\/fr\/actualites-et-medias\/nouvelles\/","next":"https:\/\/yyj.ca\/fr\/actualites-et-medias\/nouvelles\/6977?query-46-page=2","og_locale":"fr_FR","og_type":"article","og_title":"Nouvelles - Victoria Airport Authority","og_url":"https:\/\/yyj.ca\/fr\/actualites-et-medias\/nouvelles\/","og_site_name":"Victoria Airport Authority","article_modified_time":"2026-03-24T22:38:20+00:00","twitter_card":"summary_large_image","schema":{"@context":"https:\/\/schema.org","@graph":[{"@type":"WebPage","@id":"https:\/\/yyj.ca\/fr\/actualites-et-medias\/nouvelles\/","url":"https:\/\/yyj.ca\/fr\/actualites-et-medias\/nouvelles\/","name":"Nouvelles - Victoria Airport Authority","isPartOf":{"@id":"https:\/\/yyj.ca\/fr\/#website"},"datePublished":"2022-10-06T20:13:37+00:00","dateModified":"2026-03-24T22:38:20+00:00","breadcrumb":{"@id":"https:\/\/yyj.ca\/fr\/actualites-et-medias\/nouvelles\/#breadcrumb"},"inLanguage":"fr-FR","potentialAction":[{"@type":"ReadAction","target":["https:\/\/yyj.ca\/fr\/actualites-et-medias\/nouvelles\/"]}]},{"@type":"BreadcrumbList","@id":"https:\/\/yyj.ca\/fr\/actualites-et-medias\/nouvelles\/#breadcrumb","itemListElement":[{"@type":"ListItem","position":1,"name":"Home","item":"https:\/\/yyj.ca\/fr\/"},{"@type":"ListItem","position":2,"name":"Actualit\u00e9s et m\u00e9dias","item":"https:\/\/yyj.ca\/fr\/actualites-et-medias\/"},{"@type":"ListItem","position":3,"name":"Nouvelles"}]},{"@type":"WebSite","@id":"https:\/\/yyj.ca\/fr\/#website","url":"https:\/\/yyj.ca\/fr\/","name":"Victoria Airport Authority","description":"Victoria International Airport","publisher":{"@id":"https:\/\/yyj.ca\/fr\/#organization"},"potentialAction":[{"@type":"SearchAction","target":{"@type":"EntryPoint","urlTemplate":"https:\/\/yyj.ca\/fr\/?s={search_term_string}"},"query-input":{"@type":"PropertyValueSpecification","valueRequired":true,"valueName":"search_term_string"}}],"inLanguage":"fr-FR"},{"@type":"Organization","@id":"https:\/\/yyj.ca\/fr\/#organization","name":"Victoria Inernational Airport","url":"https:\/\/yyj.ca\/fr\/","logo":{"@type":"ImageObject","inLanguage":"fr-FR","@id":"https:\/\/yyj.ca\/fr\/#\/schema\/logo\/image\/","url":"https:\/\/aeroportdevictoria.com\/wp-content\/uploads\/2023\/06\/yyj-logo.svg","contentUrl":"https:\/\/aeroportdevictoria.com\/wp-content\/uploads\/2023\/06\/yyj-logo.svg","width":378,"height":73,"caption":"Victoria Inernational Airport"},"image":{"@id":"https:\/\/yyj.ca\/fr\/#\/schema\/logo\/image\/"}}]}},"_links":{"self":[{"href":"https:\/\/yyj.ca\/fr\/wp-json\/wp\/v2\/pages\/6977","targetHints":{"allow":["GET"]}}],"collection":[{"href":"https:\/\/yyj.ca\/fr\/wp-json\/wp\/v2\/pages"}],"about":[{"href":"https:\/\/yyj.ca\/fr\/wp-json\/wp\/v2\/types\/page"}],"author":[{"embeddable":true,"href":"https:\/\/yyj.ca\/fr\/wp-json\/wp\/v2\/users\/1"}],"replies":[{"embeddable":true,"href":"https:\/\/yyj.ca\/fr\/wp-json\/wp\/v2\/comments?post=6977"}],"version-history":[{"count":1,"href":"https:\/\/yyj.ca\/fr\/wp-json\/wp\/v2\/pages\/6977\/revisions"}],"predecessor-version":[{"id":13140,"href":"https:\/\/yyj.ca\/fr\/wp-json\/wp\/v2\/pages\/6977\/revisions\/13140"}],"up":[{"embeddable":true,"href":"https:\/\/yyj.ca\/fr\/wp-json\/wp\/v2\/pages\/6926"}],"wp:attachment":[{"href":"https:\/\/yyj.ca\/fr\/wp-json\/wp\/v2\/media?parent=6977"}],"curies":[{"name":"wp","href":"https:\/\/api.w.org\/{rel}","templated":true}]}}