{"id":6970,"date":"2022-10-06T13:13:23","date_gmt":"2022-10-06T20:13:23","guid":{"rendered":"https:\/\/yyj.eclipsedev.tk\/environnement-et-developpement-durable\/la-nation-w%cc%b1sanec\/"},"modified":"2026-02-06T14:00:28","modified_gmt":"2026-02-06T21:00:28","slug":"la-nation-wsanec","status":"publish","type":"page","link":"https:\/\/yyj.ca\/fr\/environnement-et-developpement-durable\/la-nation-wsanec\/","title":{"rendered":"La nation W\u0331S\u00c1NE\u0106"},"content":{"rendered":"\n<section class=\"banner\">\n            <div class=\"image-wrap\">\n            <img fetchpriority=\"high\" decoding=\"async\" width=\"1156\" height=\"768\" src=\"https:\/\/yyj.ca\/wp-content\/uploads\/2023\/04\/YYJ-2015-23-Medium.jpg\" class=\"attachment-full size-full\" alt=\"\" loading=\"eager\" srcset=\"https:\/\/yyj.ca\/wp-content\/uploads\/2023\/04\/YYJ-2015-23-Medium.jpg 1156w, https:\/\/yyj.ca\/wp-content\/uploads\/2023\/04\/YYJ-2015-23-Medium-300x199.jpg 300w, https:\/\/yyj.ca\/wp-content\/uploads\/2023\/04\/YYJ-2015-23-Medium-1024x680.jpg 1024w\" sizes=\"(max-width: 1156px) 100vw, 1156px\" \/>        <\/div>\n        <div class=\"container large\">\n                    <h2 class=\"overline\">Communaut\u00e9<\/h2>\n                    <h1>LA NATION W\u0331S\u00c1NE\u0106<\/h1>\n                    <\/div>\n    <div class=\"banner-graphic\">\n        <img decoding=\"async\" src=\"\/wp-content\/themes\/eclipse360\/assets\/images\/banner-bottom.svg\" alt=\"banner-graphic\">\n    <\/div>\n<\/section>\n<section class=\"page-intro\">\n    <div class=\"container\">\n        <div class=\"content\"><p>L\u2019A\u00e9roport international de Victoria est situ\u00e9 sur les terres ancestrales du peuple W\u0331S\u00c1NE\u0106, dont la relation historique avec les terres et les eaux de la p\u00e9ninsule de Saanich existe depuis des temps imm\u00e9moriaux et se poursuit encore aujourd\u2019hui.<\/p>\n<p>Pendant des milliers d\u2019ann\u00e9es, la r\u00e9gion est fa\u00e7onn\u00e9e par un \u00e9cosyst\u00e8me qui abrite une prairie de ch\u00eanes de Garry ainsi que d\u2019autres prairies, bois et champs de fleurs sauvages, y compris des champs de camassias qui fleurissent tous les printemps. Ce paysage reste profond\u00e9ment li\u00e9 aux traditions culturelles, environnementales et spirituelles du peuple W\u0331S\u00c1NE\u0106.<\/p>\n<p>L\u2019A\u00e9roport international de Victoria travaille en partenariat avec les Premi\u00e8res Nations W\u0331S\u00c1NE\u0106 afin de soutenir une relation respectueuse et durable fond\u00e9e sur la reconnaissance des droits des Autochtones, la gestion responsable des terres et l\u2019int\u00e9r\u00eat commun pour l\u2019a\u00e9roport en tant que moteur \u00e9conomique r\u00e9gional ainsi que les futurs partenariats li\u00e9s \u00e0 son exploitation.<\/p>\n<p>Cette relation est guid\u00e9e par l\u2019Entente d\u2019amiti\u00e9 entre l\u2019Autorit\u00e9 a\u00e9roportuaire de Victoria et les Premi\u00e8res nations W\u0331S\u00c1NE\u0106, qui offre un cadre officiel pour la collaboration, la gouvernance et la mobilisation. En vertu de cette entente, l\u2019A\u00e9roport s\u2019est engag\u00e9 \u00e0 faire progresser la r\u00e9conciliation de fa\u00e7on pratique et v\u00e9ritable, conform\u00e9ment \u00e0 l\u2019Appel \u00e0 l\u2019action n o \u00a092 de la Commission de v\u00e9rit\u00e9 et r\u00e9conciliation.<\/p>\n<p><strong>Entente d\u2019amiti\u00e9 avec les Premi\u00e8res Nations W\u0331S\u00c1NE\u0106<\/strong><\/p>\n<p>Le 4 f\u00e9vrier 2026, les quatre Premi\u00e8res Nations W\u0331S\u00c1NE\u0106 \u2014 BO\u1e30E\u0106EN (Pauquachin), W\u0331JO\u023dE\u023dP (Tsartlip), S\u023e\u00c1UTW\u0331 (Tsawout) et W\u0331S\u00cd,\u1e34EM (Tseycum) \u2014 et l\u2019Autorit\u00e9 a\u00e9roportuaire de Victoria (VAA), qui exploite l\u2019A\u00e9roport international de Victoria (YYJ), ont conclu une Entente d\u2019amiti\u00e9 d\u2019une dur\u00e9e de 15 ans. L\u2019entente \u00e9tablit une relation de collaboration \u00e0 long terme fond\u00e9e sur le respect (\u00c1TOL), la coop\u00e9ration (\u0106\u023aINEUEL) et le partenariat (HIWESTEL).<\/p>\n<p>Fruit de plusieurs ann\u00e9es de dialogue et de renforcement des relations, l\u2019Entente d\u2019amiti\u00e9 offre un cadre pratique pour la fa\u00e7on dont la VAA et les Premi\u00e8res Nations W\u0331S\u00c1NE\u0106 travailleront ensemble sur l\u2019exploitation des a\u00e9roports, le d\u00e9veloppement futur et les priorit\u00e9s communes au fil du temps. Cela repr\u00e9sente une \u00e9tape progressive, mais importante, vers une r\u00e9conciliation tourn\u00e9e vers l\u2019avenir, ax\u00e9e sur l\u2019exploitation et fond\u00e9e sur le respect mutuel.<\/p>\n<p><strong>Ce que l\u2019Entente d\u2019amiti\u00e9 soutient<\/strong><br \/>\nL\u2019Entente d\u2019amiti\u00e9 \u00e9tablit des structures et des processus formels pour guider la collaboration entre l\u2019Autorit\u00e9 a\u00e9roportuaire de Victoria et les Premi\u00e8res Nations W\u0331S\u00c1NE\u0106, y compris\u00a0:<\/p>\n<p><strong>Gouvernance et collaboration<\/strong><br \/>\nDes tables de gouvernance et des processus de mobilisation clairs pour appuyer la communication, la consultation et la coordination continues li\u00e9es \u00e0 l\u2019exploitation a\u00e9roportuaire et au d\u00e9veloppement futur.<\/p>\n<p><strong>Culture, patrimoine et cocr\u00e9ation d\u2019espaces publics<\/strong><br \/>\nProtection des valeurs culturelles et arch\u00e9ologiques, formation \u00e0 la sensibilisation culturelle et visibilit\u00e9 accrue de la culture W\u0331S\u00c1NE\u0106, des \u0153uvres d\u2019art et de la langue SEN\u0106O\u0166EN dans toutes les installations et les terrains de l\u2019a\u00e9roport.<\/p>\n<p><strong>Perspectives d\u2019emploi, de formation et commerciales<\/strong><br \/>\nAppui aux perspectives d\u2019emploi, de formation, d\u2019\u00e9ducation et commerciales pour les membres des W\u0331S\u00c1NE\u0106, y compris des pratiques d\u2019approvisionnement autochtones renforc\u00e9es \u00e0 YYJ.<\/p>\n<p><strong>G\u00e9rance environnementale<\/strong><br \/>\nCollaboration \u00e0 des initiatives qui int\u00e8grent le savoir traditionnel W\u0331S\u00c1NE\u0106 dans la planification environnementale, la restauration et les efforts de durabilit\u00e9. <\/p>\n<p><strong>Participation \u00e9conomique \u00e0 long terme<\/strong><br \/>\nContributions \u00e9conomiques li\u00e9es aux recettes de l\u2019a\u00e9roport qui appuient les priorit\u00e9s de la communaut\u00e9 W\u0331S\u00c1NE\u0106 pendant toute la dur\u00e9e de l\u2019entente.<\/p>\n<p><a href=\"https:\/\/yyj.ca\/wp-content\/uploads\/2026\/02\/VAA-and-W\u0331SANEC-Friendship-Agreement_BACKGROUNDER-FR.pdf\" target=\"_blank\">Document d\u2019information<\/a><br \/>\n<a href=\"https:\/\/yyj.ca\/wp-content\/uploads\/2026\/02\/VAA-and-W\u0331SANEC-Friendship-Agreement-Media-Release-FR.pdf\" target=\"_blank\">Communiqu\u00e9<\/a><\/p>\n<\/div>\n    <\/div>\n<\/section>\n\n\n\n<figure class=\"wp-block-gallery has-nested-images columns-5 is-cropped wp-block-gallery-1 is-layout-flex wp-block-gallery-is-layout-flex\">\n<figure class=\"wp-block-image size-full\"><img loading=\"lazy\" decoding=\"async\" width=\"750\" height=\"611\" data-id=\"4173\" src=\"https:\/\/yyj.ca\/wp-content\/uploads\/2023\/02\/YYJ_SAMPLE_IMAGES-19.jpg\" alt=\"\" class=\"wp-image-4173\" srcset=\"https:\/\/yyj.ca\/wp-content\/uploads\/2023\/02\/YYJ_SAMPLE_IMAGES-19.jpg 750w, https:\/\/yyj.ca\/wp-content\/uploads\/2023\/02\/YYJ_SAMPLE_IMAGES-19-300x244.jpg 300w\" sizes=\"auto, (max-width: 750px) 100vw, 750px\" \/><\/figure>\n\n\n\n<figure class=\"wp-block-image size-full\"><img loading=\"lazy\" decoding=\"async\" width=\"750\" height=\"500\" data-id=\"4174\" src=\"https:\/\/yyj.ca\/wp-content\/uploads\/2023\/02\/YYJ_SAMPLE_IMAGES.jpg\" alt=\"\" class=\"wp-image-4174\" srcset=\"https:\/\/yyj.ca\/wp-content\/uploads\/2023\/02\/YYJ_SAMPLE_IMAGES.jpg 750w, https:\/\/yyj.ca\/wp-content\/uploads\/2023\/02\/YYJ_SAMPLE_IMAGES-300x200.jpg 300w\" sizes=\"auto, (max-width: 750px) 100vw, 750px\" \/><\/figure>\n\n\n\n<figure class=\"wp-block-image size-large\"><img loading=\"lazy\" decoding=\"async\" width=\"1024\" height=\"682\" data-id=\"4231\" src=\"https:\/\/yyj.ca\/wp-content\/uploads\/2023\/02\/YYJ_2023-229-1024x682.jpg\" alt=\"\" class=\"wp-image-4231\" srcset=\"https:\/\/yyj.ca\/wp-content\/uploads\/2023\/02\/YYJ_2023-229-1024x682.jpg 1024w, https:\/\/yyj.ca\/wp-content\/uploads\/2023\/02\/YYJ_2023-229-300x200.jpg 300w, https:\/\/yyj.ca\/wp-content\/uploads\/2023\/02\/YYJ_2023-229.jpg 1400w\" sizes=\"auto, (max-width: 1024px) 100vw, 1024px\" \/><\/figure>\n\n\n\n<figure class=\"wp-block-image size-full\"><img loading=\"lazy\" decoding=\"async\" width=\"750\" height=\"500\" data-id=\"4175\" src=\"https:\/\/yyj.ca\/wp-content\/uploads\/2023\/02\/YYJ_SAMPLE_IMAGES-6.jpg\" alt=\"\" class=\"wp-image-4175\" srcset=\"https:\/\/yyj.ca\/wp-content\/uploads\/2023\/02\/YYJ_SAMPLE_IMAGES-6.jpg 750w, https:\/\/yyj.ca\/wp-content\/uploads\/2023\/02\/YYJ_SAMPLE_IMAGES-6-300x200.jpg 300w\" sizes=\"auto, (max-width: 750px) 100vw, 750px\" \/><\/figure>\n\n\n\n<figure class=\"wp-block-image size-large\"><img loading=\"lazy\" decoding=\"async\" width=\"1024\" height=\"682\" data-id=\"4230\" src=\"https:\/\/yyj.ca\/wp-content\/uploads\/2023\/02\/YYJ_2023-30-1024x682.jpg\" alt=\"\" class=\"wp-image-4230\" srcset=\"https:\/\/yyj.ca\/wp-content\/uploads\/2023\/02\/YYJ_2023-30-1024x682.jpg 1024w, https:\/\/yyj.ca\/wp-content\/uploads\/2023\/02\/YYJ_2023-30-300x200.jpg 300w, https:\/\/yyj.ca\/wp-content\/uploads\/2023\/02\/YYJ_2023-30.jpg 1400w\" sizes=\"auto, (max-width: 1024px) 100vw, 1024px\" \/><\/figure>\n<\/figure>\n","protected":false},"excerpt":{"rendered":"","protected":false},"author":1,"featured_media":0,"parent":6843,"menu_order":57,"comment_status":"closed","ping_status":"closed","template":"","meta":{"_acf_changed":false,"footnotes":""},"class_list":["post-6970","page","type-page","status-publish","hentry"],"acf":[],"yoast_head":"<!-- This site is optimized with the Yoast SEO plugin v27.3 - https:\/\/yoast.com\/product\/yoast-seo-wordpress\/ -->\n<title>La nation W\u0331S\u00c1NE\u0106 - Victoria Airport Authority<\/title>\n<meta name=\"robots\" content=\"index, follow, max-snippet:-1, max-image-preview:large, max-video-preview:-1\" \/>\n<link rel=\"canonical\" href=\"https:\/\/yyj.ca\/fr\/environnement-et-developpement-durable\/la-nation-wsanec\/\" \/>\n<meta property=\"og:locale\" content=\"fr_FR\" \/>\n<meta property=\"og:type\" content=\"article\" \/>\n<meta property=\"og:title\" content=\"La nation W\u0331S\u00c1NE\u0106 - Victoria Airport Authority\" \/>\n<meta property=\"og:url\" content=\"https:\/\/yyj.ca\/fr\/environnement-et-developpement-durable\/la-nation-wsanec\/\" \/>\n<meta property=\"og:site_name\" content=\"Victoria Airport Authority\" \/>\n<meta property=\"article:modified_time\" content=\"2026-02-06T21:00:28+00:00\" \/>\n<meta name=\"twitter:card\" content=\"summary_large_image\" \/>\n<meta name=\"twitter:label1\" content=\"Dur\u00e9e de lecture estim\u00e9e\" \/>\n\t<meta name=\"twitter:data1\" content=\"1 minute\" \/>\n<script type=\"application\/ld+json\" class=\"yoast-schema-graph\">{\"@context\":\"https:\\\/\\\/schema.org\",\"@graph\":[{\"@type\":\"WebPage\",\"@id\":\"https:\\\/\\\/yyj.ca\\\/fr\\\/environnement-et-developpement-durable\\\/la-nation-wsanec\\\/\",\"url\":\"https:\\\/\\\/yyj.ca\\\/fr\\\/environnement-et-developpement-durable\\\/la-nation-wsanec\\\/\",\"name\":\"La nation W\u0331S\u00c1NE\u0106 - Victoria Airport Authority\",\"isPartOf\":{\"@id\":\"https:\\\/\\\/yyj.ca\\\/fr\\\/#website\"},\"datePublished\":\"2022-10-06T20:13:23+00:00\",\"dateModified\":\"2026-02-06T21:00:28+00:00\",\"breadcrumb\":{\"@id\":\"https:\\\/\\\/yyj.ca\\\/fr\\\/environnement-et-developpement-durable\\\/la-nation-wsanec\\\/#breadcrumb\"},\"inLanguage\":\"fr-FR\",\"potentialAction\":[{\"@type\":\"ReadAction\",\"target\":[\"https:\\\/\\\/yyj.ca\\\/fr\\\/environnement-et-developpement-durable\\\/la-nation-wsanec\\\/\"]}]},{\"@type\":\"BreadcrumbList\",\"@id\":\"https:\\\/\\\/yyj.ca\\\/fr\\\/environnement-et-developpement-durable\\\/la-nation-wsanec\\\/#breadcrumb\",\"itemListElement\":[{\"@type\":\"ListItem\",\"position\":1,\"name\":\"Home\",\"item\":\"https:\\\/\\\/yyj.ca\\\/fr\\\/\"},{\"@type\":\"ListItem\",\"position\":2,\"name\":\"Environnement et d\u00e9veloppement durable\",\"item\":\"https:\\\/\\\/yyj.ca\\\/fr\\\/environnement-et-developpement-durable\\\/\"},{\"@type\":\"ListItem\",\"position\":3,\"name\":\"La nation W\u0331S\u00c1NE\u0106\"}]},{\"@type\":\"WebSite\",\"@id\":\"https:\\\/\\\/yyj.ca\\\/fr\\\/#website\",\"url\":\"https:\\\/\\\/yyj.ca\\\/fr\\\/\",\"name\":\"Victoria Airport Authority\",\"description\":\"Victoria International Airport\",\"publisher\":{\"@id\":\"https:\\\/\\\/yyj.ca\\\/fr\\\/#organization\"},\"potentialAction\":[{\"@type\":\"SearchAction\",\"target\":{\"@type\":\"EntryPoint\",\"urlTemplate\":\"https:\\\/\\\/yyj.ca\\\/fr\\\/?s={search_term_string}\"},\"query-input\":{\"@type\":\"PropertyValueSpecification\",\"valueRequired\":true,\"valueName\":\"search_term_string\"}}],\"inLanguage\":\"fr-FR\"},{\"@type\":\"Organization\",\"@id\":\"https:\\\/\\\/yyj.ca\\\/fr\\\/#organization\",\"name\":\"Victoria Inernational Airport\",\"url\":\"https:\\\/\\\/yyj.ca\\\/fr\\\/\",\"logo\":{\"@type\":\"ImageObject\",\"inLanguage\":\"fr-FR\",\"@id\":\"https:\\\/\\\/yyj.ca\\\/fr\\\/#\\\/schema\\\/logo\\\/image\\\/\",\"url\":\"https:\\\/\\\/aeroportdevictoria.com\\\/wp-content\\\/uploads\\\/2023\\\/06\\\/yyj-logo.svg\",\"contentUrl\":\"https:\\\/\\\/aeroportdevictoria.com\\\/wp-content\\\/uploads\\\/2023\\\/06\\\/yyj-logo.svg\",\"width\":378,\"height\":73,\"caption\":\"Victoria Inernational Airport\"},\"image\":{\"@id\":\"https:\\\/\\\/yyj.ca\\\/fr\\\/#\\\/schema\\\/logo\\\/image\\\/\"}}]}<\/script>\n<!-- \/ Yoast SEO plugin. -->","yoast_head_json":{"title":"La nation W\u0331S\u00c1NE\u0106 - Victoria Airport Authority","robots":{"index":"index","follow":"follow","max-snippet":"max-snippet:-1","max-image-preview":"max-image-preview:large","max-video-preview":"max-video-preview:-1"},"canonical":"https:\/\/yyj.ca\/fr\/environnement-et-developpement-durable\/la-nation-wsanec\/","og_locale":"fr_FR","og_type":"article","og_title":"La nation W\u0331S\u00c1NE\u0106 - Victoria Airport Authority","og_url":"https:\/\/yyj.ca\/fr\/environnement-et-developpement-durable\/la-nation-wsanec\/","og_site_name":"Victoria Airport Authority","article_modified_time":"2026-02-06T21:00:28+00:00","twitter_card":"summary_large_image","twitter_misc":{"Dur\u00e9e de lecture estim\u00e9e":"1 minute"},"schema":{"@context":"https:\/\/schema.org","@graph":[{"@type":"WebPage","@id":"https:\/\/yyj.ca\/fr\/environnement-et-developpement-durable\/la-nation-wsanec\/","url":"https:\/\/yyj.ca\/fr\/environnement-et-developpement-durable\/la-nation-wsanec\/","name":"La nation W\u0331S\u00c1NE\u0106 - Victoria Airport Authority","isPartOf":{"@id":"https:\/\/yyj.ca\/fr\/#website"},"datePublished":"2022-10-06T20:13:23+00:00","dateModified":"2026-02-06T21:00:28+00:00","breadcrumb":{"@id":"https:\/\/yyj.ca\/fr\/environnement-et-developpement-durable\/la-nation-wsanec\/#breadcrumb"},"inLanguage":"fr-FR","potentialAction":[{"@type":"ReadAction","target":["https:\/\/yyj.ca\/fr\/environnement-et-developpement-durable\/la-nation-wsanec\/"]}]},{"@type":"BreadcrumbList","@id":"https:\/\/yyj.ca\/fr\/environnement-et-developpement-durable\/la-nation-wsanec\/#breadcrumb","itemListElement":[{"@type":"ListItem","position":1,"name":"Home","item":"https:\/\/yyj.ca\/fr\/"},{"@type":"ListItem","position":2,"name":"Environnement et d\u00e9veloppement durable","item":"https:\/\/yyj.ca\/fr\/environnement-et-developpement-durable\/"},{"@type":"ListItem","position":3,"name":"La nation W\u0331S\u00c1NE\u0106"}]},{"@type":"WebSite","@id":"https:\/\/yyj.ca\/fr\/#website","url":"https:\/\/yyj.ca\/fr\/","name":"Victoria Airport Authority","description":"Victoria International Airport","publisher":{"@id":"https:\/\/yyj.ca\/fr\/#organization"},"potentialAction":[{"@type":"SearchAction","target":{"@type":"EntryPoint","urlTemplate":"https:\/\/yyj.ca\/fr\/?s={search_term_string}"},"query-input":{"@type":"PropertyValueSpecification","valueRequired":true,"valueName":"search_term_string"}}],"inLanguage":"fr-FR"},{"@type":"Organization","@id":"https:\/\/yyj.ca\/fr\/#organization","name":"Victoria Inernational Airport","url":"https:\/\/yyj.ca\/fr\/","logo":{"@type":"ImageObject","inLanguage":"fr-FR","@id":"https:\/\/yyj.ca\/fr\/#\/schema\/logo\/image\/","url":"https:\/\/aeroportdevictoria.com\/wp-content\/uploads\/2023\/06\/yyj-logo.svg","contentUrl":"https:\/\/aeroportdevictoria.com\/wp-content\/uploads\/2023\/06\/yyj-logo.svg","width":378,"height":73,"caption":"Victoria Inernational Airport"},"image":{"@id":"https:\/\/yyj.ca\/fr\/#\/schema\/logo\/image\/"}}]}},"_links":{"self":[{"href":"https:\/\/yyj.ca\/fr\/wp-json\/wp\/v2\/pages\/6970","targetHints":{"allow":["GET"]}}],"collection":[{"href":"https:\/\/yyj.ca\/fr\/wp-json\/wp\/v2\/pages"}],"about":[{"href":"https:\/\/yyj.ca\/fr\/wp-json\/wp\/v2\/types\/page"}],"author":[{"embeddable":true,"href":"https:\/\/yyj.ca\/fr\/wp-json\/wp\/v2\/users\/1"}],"replies":[{"embeddable":true,"href":"https:\/\/yyj.ca\/fr\/wp-json\/wp\/v2\/comments?post=6970"}],"version-history":[{"count":0,"href":"https:\/\/yyj.ca\/fr\/wp-json\/wp\/v2\/pages\/6970\/revisions"}],"up":[{"embeddable":true,"href":"https:\/\/yyj.ca\/fr\/wp-json\/wp\/v2\/pages\/6843"}],"wp:attachment":[{"href":"https:\/\/yyj.ca\/fr\/wp-json\/wp\/v2\/media?parent=6970"}],"curies":[{"name":"wp","href":"https:\/\/api.w.org\/{rel}","templated":true}]}}