{"id":6967,"date":"2022-10-06T12:42:25","date_gmt":"2022-10-06T19:42:25","guid":{"rendered":"https:\/\/yyj.eclipsedev.tk\/informations-sur-les-voyages\/travelsafe-yyj\/"},"modified":"2023-04-28T07:23:08","modified_gmt":"2023-04-28T14:23:08","slug":"travelsafe-yyj","status":"publish","type":"page","link":"https:\/\/yyj.ca\/fr\/informations-sur-les-voyages\/travelsafe-yyj\/","title":{"rendered":"TravelSafe YYJ"},"content":{"rendered":"\n<section class=\"banner\">\n            <div class=\"image-wrap\">\n            <img fetchpriority=\"high\" decoding=\"async\" width=\"1500\" height=\"802\" src=\"https:\/\/yyj.ca\/wp-content\/uploads\/2023\/02\/AdobeStock_444910794-1.jpg\" class=\"attachment-full size-full\" alt=\"\" loading=\"eager\" srcset=\"https:\/\/yyj.ca\/wp-content\/uploads\/2023\/02\/AdobeStock_444910794-1.jpg 1500w, https:\/\/yyj.ca\/wp-content\/uploads\/2023\/02\/AdobeStock_444910794-1-300x160.jpg 300w, https:\/\/yyj.ca\/wp-content\/uploads\/2023\/02\/AdobeStock_444910794-1-1024x547.jpg 1024w\" sizes=\"(max-width: 1500px) 100vw, 1500px\" \/>        <\/div>\n        <div class=\"container large\">\n                    <h2 class=\"overline\">Informations pour les voyageurs<\/h2>\n                    <h1>TravelSafe YYJ<\/h1>\n                    <\/div>\n    <div class=\"banner-graphic\">\n        <img decoding=\"async\" src=\"\/wp-content\/themes\/eclipse360\/assets\/images\/banner-bottom.svg\" alt=\"banner-graphic\">\n    <\/div>\n<\/section>\n<section class=\"page-intro\">\n    <div class=\"container\">\n        <div class=\"content\"><p>\u00c0 l&rsquo;a\u00e9roport international de Victoria (YYJ), la sant\u00e9 et la s\u00e9curit\u00e9 de nos passagers, partenaires, visiteurs et employ\u00e9s sont notre priorit\u00e9 absolue. C&rsquo;est pourquoi nous avons lanc\u00e9 le programme TravelSafe YYJ. Nous nous engageons aupr\u00e8s de vous \u00e0 contribuer \u00e0 enrayer la propagation du COVID-19 et \u00e0 faire en sorte que votre voyage se d\u00e9roule dans les meilleures conditions de s\u00e9curit\u00e9 possibles.  <\/p>\n<p>\u00c0 YYJ, nous sommes pr\u00eats \u00e0 accueillir de nouveau les passagers alors que la Colombie-Britannique et le Canada assouplissent les restrictions de voyage et rouvrent le trafic en toute s\u00e9curit\u00e9.<\/p>\n<\/div>\n    <\/div>\n<\/section>\n<section class=\"block_background dark\" style=\"background-color: ;\">\n        <div class=\"container moyen\">\n        \n\n<p><strong>\u00c0 partir du 1er octobre, toutes les mesures frontali\u00e8res seront lev\u00e9es pour les voyages vers le Canada. Les voyageurs, quelle que soit leur nationalit\u00e9, ne seront plus oblig\u00e9s d&rsquo;\u00eatre en possession d&rsquo;un passeport :<\/strong><\/p>\n\n\n\n<ul class=\"wp-block-list\">\n<li>Fournir une preuve de vaccination<\/li>\n\n\n\n<li>se soumettre au test COVID avant le d\u00e9part ou \u00e0 l&rsquo;arriv\u00e9e<\/li>\n\n\n\n<li>faire l&rsquo;objet d&rsquo;une quarantaine ou d&rsquo;un isolement li\u00e9 au COVID<\/li>\n\n\n\n<li>surveiller ou signaler tout sympt\u00f4me de COVID-19 \u00e0 l&rsquo;entr\u00e9e dans le pays<\/li>\n\n\n\n<li>soumettre des informations de sant\u00e9 publique \u00e0 ArriveCAN<\/li>\n\n\n\n<li>porter un masque dans les avions<\/li>\n\n\n\n<li>se soumettre \u00e0 des contr\u00f4les de sant\u00e9 avant l&#8217;embarquement<\/li>\n<\/ul>\n\n\n\n<p><\/p>\n\n\n\n<p><strong><strong>Il est toutefois fortement recommand\u00e9 aux voyageurs de porter des masques de qualit\u00e9 et bien ajust\u00e9s pendant leur voyage.<\/strong><\/strong><\/p>\n\n\n\n<p>Nous restons attach\u00e9s \u00e0 la sant\u00e9 et \u00e0 la s\u00e9curit\u00e9 de nos passagers, de nos partenaires commerciaux et de nos employ\u00e9s, et nous continuerons \u00e0 mettre \u00e0 jour notre site web en fonction des nouveaux d\u00e9veloppements ou des modifications apport\u00e9es aux op\u00e9rations.<\/p>\n\n\n    <\/div>\n<\/section><section class=\"block_background dark\" style=\"background-color: #e0f7fa;\">\n        <div class=\"container moyen\">\n        \n\n<h4 class=\"wp-block-heading\">Programme TravelSafe YYJ<\/h4>\n\n\n\n<p>TravelSafe YYJ est un programme en plusieurs phases et \u00e0 multiples facettes qui comprend des directives de sant\u00e9 et de s\u00e9curit\u00e9 pour les voyageurs a\u00e9riens, des pratiques de nettoyage et d&rsquo;assainissement renforc\u00e9es dans l&rsquo;ensemble de l&rsquo;a\u00e9rogare et des mesures d&rsquo;\u00e9loignement physique.  <\/p>\n\n\n    <\/div>\n<\/section>\n<div style=\"height:30px\" aria-hidden=\"true\" class=\"wp-block-spacer\"><\/div>\n\n<h3 class=\"has-text-align-center wp-block-heading\">Accr\u00e9ditations dans le domaine de la sant\u00e9<\/h3>\n\n<div class=\"wp-block-columns are-vertically-aligned-center is-layout-flex wp-container-core-columns-is-layout-9d6595d7 wp-block-columns-is-layout-flex\">\n<div class=\"wp-block-column is-vertically-aligned-center is-layout-flow wp-block-column-is-layout-flow\"><div class=\"wp-block-image\">\n<figure class=\"aligncenter size-full\"><img loading=\"lazy\" decoding=\"async\" width=\"494\" height=\"494\" src=\"https:\/\/aeroportdevictoria.com\/wp-content\/uploads\/2023\/01\/AirportHealthAccreditation.png\" alt=\"\" class=\"wp-image-4113\" srcset=\"https:\/\/yyj.ca\/wp-content\/uploads\/2023\/01\/AirportHealthAccreditation.png 494w, https:\/\/yyj.ca\/wp-content\/uploads\/2023\/01\/AirportHealthAccreditation-300x300.png 300w, https:\/\/yyj.ca\/wp-content\/uploads\/2023\/01\/AirportHealthAccreditation-150x150.png 150w, https:\/\/yyj.ca\/wp-content\/uploads\/2023\/01\/AirportHealthAccreditation-400x400.png 400w\" sizes=\"auto, (max-width: 494px) 100vw, 494px\" \/><\/figure>\n<\/div><\/div>\n\n\n\n<div class=\"wp-block-column is-vertically-aligned-center is-layout-flow wp-block-column-is-layout-flow\"><div class=\"wp-block-image\">\n<figure class=\"aligncenter size-full\"><img loading=\"lazy\" decoding=\"async\" width=\"494\" height=\"494\" src=\"https:\/\/aeroportdevictoria.com\/wp-content\/uploads\/2023\/01\/SafeTravels.png\" alt=\"\" class=\"wp-image-4115\" srcset=\"https:\/\/yyj.ca\/wp-content\/uploads\/2023\/01\/SafeTravels.png 494w, https:\/\/yyj.ca\/wp-content\/uploads\/2023\/01\/SafeTravels-300x300.png 300w, https:\/\/yyj.ca\/wp-content\/uploads\/2023\/01\/SafeTravels-150x150.png 150w, https:\/\/yyj.ca\/wp-content\/uploads\/2023\/01\/SafeTravels-400x400.png 400w\" sizes=\"auto, (max-width: 494px) 100vw, 494px\" \/><\/figure>\n<\/div><\/div>\n<\/div>\n<section class=\"content-slider flex one-col\">\n                    <div class=\"container large\">\n                            <h2>TravelSafe YYJ<\/h2>\n                        <div class=\"slides\" data-animate>\n                            <div class=\"slide\">\n                    <a href=\"\u00c0 quoi s'attendre\">                        <div class=\"image-wrap\">\n                                                    <img loading=\"lazy\" decoding=\"async\" width=\"1200\" height=\"1200\" src=\"https:\/\/yyj.ca\/wp-content\/uploads\/2023\/03\/YYJ_2023-77-1200x1200.jpg\" class=\"attachment-medium-square size-medium-square\" alt=\"\" srcset=\"https:\/\/yyj.ca\/wp-content\/uploads\/2023\/03\/YYJ_2023-77-1200x1200.jpg 1200w, https:\/\/yyj.ca\/wp-content\/uploads\/2023\/03\/YYJ_2023-77-150x150.jpg 150w, https:\/\/yyj.ca\/wp-content\/uploads\/2023\/03\/YYJ_2023-77-400x400.jpg 400w, https:\/\/yyj.ca\/wp-content\/uploads\/2023\/03\/YYJ_2023-77-800x800.jpg 800w\" sizes=\"auto, (max-width: 1200px) 100vw, 1200px\" \/>                                                <\/div>\n                        <div class=\"tile-content\">\n                                                            <h4>A quoi s&rsquo;attendre \u00e0 YYJ<\/h4>\n                                                    <\/div>\n                    <\/a>                <\/div>\n                            <div class=\"slide\">\n                                            <div class=\"image-wrap\">\n                                                    <img loading=\"lazy\" decoding=\"async\" width=\"1200\" height=\"933\" src=\"https:\/\/yyj.ca\/wp-content\/uploads\/2023\/03\/YYJ_2023-446-1200x933.jpg\" class=\"attachment-medium-square size-medium-square\" alt=\"\" \/>                                                <\/div>\n                        <div class=\"tile-content\">\n                                                            <h4>Directives sur les voyages et ressources compl\u00e9mentaires<\/h4>\n                                                    <\/div>\n                                    <\/div>\n                            <div class=\"slide\">\n                    <a href=\"Dans l'avenir\">                        <div class=\"image-wrap\">\n                                                    <img loading=\"lazy\" decoding=\"async\" width=\"1200\" height=\"1200\" src=\"https:\/\/yyj.ca\/wp-content\/uploads\/2023\/03\/YYJ_2023-476-1200x1200.jpg\" class=\"attachment-medium-square size-medium-square\" alt=\"\" srcset=\"https:\/\/yyj.ca\/wp-content\/uploads\/2023\/03\/YYJ_2023-476-1200x1200.jpg 1200w, https:\/\/yyj.ca\/wp-content\/uploads\/2023\/03\/YYJ_2023-476-150x150.jpg 150w, https:\/\/yyj.ca\/wp-content\/uploads\/2023\/03\/YYJ_2023-476-400x400.jpg 400w, https:\/\/yyj.ca\/wp-content\/uploads\/2023\/03\/YYJ_2023-476-800x800.jpg 800w\" sizes=\"auto, (max-width: 1200px) 100vw, 1200px\" \/>                                                <\/div>\n                        <div class=\"tile-content\">\n                                                            <h4>TravelSafe YYJ aujourd&rsquo;hui et demain<\/h4>\n                                                    <\/div>\n                    <\/a>                <\/div>\n                        <\/div>\n        <\/div>\n        <div class=\"flyouts\">\n                <div class=\"flyout flyout-slider flex\">\n                <div class=\"close\"><\/div>\n                <div class=\"image-wrap\">\n                                    <\/div>\n                <div class=\"content\">\n                    <div><\/div>\n                <\/div>\n            <\/div>\n                    <div class=\"flyout flyout-slider flex\">\n                <div class=\"close\"><\/div>\n                <div class=\"image-wrap\">\n                                    <\/div>\n                <div class=\"content\">\n                    <div><\/div>\n                <\/div>\n            <\/div>\n                    <div class=\"flyout flyout-slider flex\">\n                <div class=\"close\"><\/div>\n                <div class=\"image-wrap\">\n                                    <\/div>\n                <div class=\"content\">\n                    <div><\/div>\n                <\/div>\n            <\/div>\n            <div>\n<\/section>\n<figure class=\"wp-block-gallery has-nested-images columns-5 is-cropped wp-block-gallery-1 is-layout-flex wp-block-gallery-is-layout-flex\">\n<figure class=\"wp-block-image size-full\"><img loading=\"lazy\" decoding=\"async\" width=\"750\" height=\"611\" data-id=\"4173\" src=\"https:\/\/yyj.ca\/wp-content\/uploads\/2023\/02\/YYJ_SAMPLE_IMAGES-19.jpg\" alt=\"\" class=\"wp-image-4173\" srcset=\"https:\/\/yyj.ca\/wp-content\/uploads\/2023\/02\/YYJ_SAMPLE_IMAGES-19.jpg 750w, https:\/\/yyj.ca\/wp-content\/uploads\/2023\/02\/YYJ_SAMPLE_IMAGES-19-300x244.jpg 300w\" sizes=\"auto, (max-width: 750px) 100vw, 750px\" \/><\/figure>\n\n\n\n<figure class=\"wp-block-image size-full\"><img loading=\"lazy\" decoding=\"async\" width=\"750\" height=\"500\" data-id=\"4174\" src=\"https:\/\/yyj.ca\/wp-content\/uploads\/2023\/02\/YYJ_SAMPLE_IMAGES.jpg\" alt=\"\" class=\"wp-image-4174\" srcset=\"https:\/\/yyj.ca\/wp-content\/uploads\/2023\/02\/YYJ_SAMPLE_IMAGES.jpg 750w, https:\/\/yyj.ca\/wp-content\/uploads\/2023\/02\/YYJ_SAMPLE_IMAGES-300x200.jpg 300w\" sizes=\"auto, (max-width: 750px) 100vw, 750px\" \/><\/figure>\n\n\n\n<figure class=\"wp-block-image size-large\"><img loading=\"lazy\" decoding=\"async\" width=\"1024\" height=\"682\" data-id=\"4231\" src=\"https:\/\/yyj.ca\/wp-content\/uploads\/2023\/02\/YYJ_2023-229-1024x682.jpg\" alt=\"\" class=\"wp-image-4231\" srcset=\"https:\/\/yyj.ca\/wp-content\/uploads\/2023\/02\/YYJ_2023-229-1024x682.jpg 1024w, https:\/\/yyj.ca\/wp-content\/uploads\/2023\/02\/YYJ_2023-229-300x200.jpg 300w, https:\/\/yyj.ca\/wp-content\/uploads\/2023\/02\/YYJ_2023-229.jpg 1400w\" sizes=\"auto, (max-width: 1024px) 100vw, 1024px\" \/><\/figure>\n\n\n\n<figure class=\"wp-block-image size-full\"><img loading=\"lazy\" decoding=\"async\" width=\"750\" height=\"500\" data-id=\"4175\" src=\"https:\/\/yyj.ca\/wp-content\/uploads\/2023\/02\/YYJ_SAMPLE_IMAGES-6.jpg\" alt=\"\" class=\"wp-image-4175\" srcset=\"https:\/\/yyj.ca\/wp-content\/uploads\/2023\/02\/YYJ_SAMPLE_IMAGES-6.jpg 750w, https:\/\/yyj.ca\/wp-content\/uploads\/2023\/02\/YYJ_SAMPLE_IMAGES-6-300x200.jpg 300w\" sizes=\"auto, (max-width: 750px) 100vw, 750px\" \/><\/figure>\n\n\n\n<figure class=\"wp-block-image size-large\"><img loading=\"lazy\" decoding=\"async\" width=\"1024\" height=\"682\" data-id=\"4230\" src=\"https:\/\/yyj.ca\/wp-content\/uploads\/2023\/02\/YYJ_2023-30-1024x682.jpg\" alt=\"\" class=\"wp-image-4230\" srcset=\"https:\/\/yyj.ca\/wp-content\/uploads\/2023\/02\/YYJ_2023-30-1024x682.jpg 1024w, https:\/\/yyj.ca\/wp-content\/uploads\/2023\/02\/YYJ_2023-30-300x200.jpg 300w, https:\/\/yyj.ca\/wp-content\/uploads\/2023\/02\/YYJ_2023-30.jpg 1400w\" sizes=\"auto, (max-width: 1024px) 100vw, 1024px\" \/><\/figure>\n<\/figure>\n","protected":false},"excerpt":{"rendered":"<p>Accr\u00e9ditations dans le domaine de la sant\u00e9<\/p>\n","protected":false},"author":1,"featured_media":0,"parent":6937,"menu_order":73,"comment_status":"closed","ping_status":"closed","template":"","meta":{"_acf_changed":false,"footnotes":""},"class_list":["post-6967","page","type-page","status-publish","hentry"],"acf":[],"yoast_head":"<!-- This site is optimized with the Yoast SEO plugin v27.5 - https:\/\/yoast.com\/product\/yoast-seo-wordpress\/ -->\n<title>TravelSafe YYJ - Victoria Airport Authority<\/title>\n<meta name=\"robots\" content=\"index, follow, max-snippet:-1, max-image-preview:large, max-video-preview:-1\" \/>\n<link rel=\"canonical\" href=\"https:\/\/yyj.ca\/fr\/informations-sur-les-voyages\/travelsafe-yyj\/\" \/>\n<meta property=\"og:locale\" content=\"fr_FR\" \/>\n<meta property=\"og:type\" content=\"article\" \/>\n<meta property=\"og:title\" content=\"TravelSafe YYJ - Victoria Airport Authority\" \/>\n<meta property=\"og:description\" content=\"Accr\u00e9ditations dans le domaine de la sant\u00e9\" \/>\n<meta property=\"og:url\" content=\"https:\/\/yyj.ca\/fr\/informations-sur-les-voyages\/travelsafe-yyj\/\" \/>\n<meta property=\"og:site_name\" content=\"Victoria Airport Authority\" \/>\n<meta property=\"article:modified_time\" content=\"2023-04-28T14:23:08+00:00\" \/>\n<meta property=\"og:image\" content=\"https:\/\/aeroportdevictoria.com\/wp-content\/uploads\/2023\/01\/AirportHealthAccreditation.png\" \/>\n<meta name=\"twitter:card\" content=\"summary_large_image\" \/>\n<meta name=\"twitter:label1\" content=\"Dur\u00e9e de lecture estim\u00e9e\" \/>\n\t<meta name=\"twitter:data1\" content=\"1 minute\" \/>\n<script type=\"application\/ld+json\" class=\"yoast-schema-graph\">{\"@context\":\"https:\\\/\\\/schema.org\",\"@graph\":[{\"@type\":\"WebPage\",\"@id\":\"https:\\\/\\\/yyj.ca\\\/fr\\\/informations-sur-les-voyages\\\/travelsafe-yyj\\\/\",\"url\":\"https:\\\/\\\/yyj.ca\\\/fr\\\/informations-sur-les-voyages\\\/travelsafe-yyj\\\/\",\"name\":\"TravelSafe YYJ - Victoria Airport Authority\",\"isPartOf\":{\"@id\":\"https:\\\/\\\/yyj.ca\\\/fr\\\/#website\"},\"primaryImageOfPage\":{\"@id\":\"https:\\\/\\\/yyj.ca\\\/fr\\\/informations-sur-les-voyages\\\/travelsafe-yyj\\\/#primaryimage\"},\"image\":{\"@id\":\"https:\\\/\\\/yyj.ca\\\/fr\\\/informations-sur-les-voyages\\\/travelsafe-yyj\\\/#primaryimage\"},\"thumbnailUrl\":\"https:\\\/\\\/aeroportdevictoria.com\\\/wp-content\\\/uploads\\\/2023\\\/01\\\/AirportHealthAccreditation.png\",\"datePublished\":\"2022-10-06T19:42:25+00:00\",\"dateModified\":\"2023-04-28T14:23:08+00:00\",\"breadcrumb\":{\"@id\":\"https:\\\/\\\/yyj.ca\\\/fr\\\/informations-sur-les-voyages\\\/travelsafe-yyj\\\/#breadcrumb\"},\"inLanguage\":\"fr-FR\",\"potentialAction\":[{\"@type\":\"ReadAction\",\"target\":[\"https:\\\/\\\/yyj.ca\\\/fr\\\/informations-sur-les-voyages\\\/travelsafe-yyj\\\/\"]}]},{\"@type\":\"ImageObject\",\"inLanguage\":\"fr-FR\",\"@id\":\"https:\\\/\\\/yyj.ca\\\/fr\\\/informations-sur-les-voyages\\\/travelsafe-yyj\\\/#primaryimage\",\"url\":\"https:\\\/\\\/aeroportdevictoria.com\\\/wp-content\\\/uploads\\\/2023\\\/01\\\/AirportHealthAccreditation.png\",\"contentUrl\":\"https:\\\/\\\/aeroportdevictoria.com\\\/wp-content\\\/uploads\\\/2023\\\/01\\\/AirportHealthAccreditation.png\"},{\"@type\":\"BreadcrumbList\",\"@id\":\"https:\\\/\\\/yyj.ca\\\/fr\\\/informations-sur-les-voyages\\\/travelsafe-yyj\\\/#breadcrumb\",\"itemListElement\":[{\"@type\":\"ListItem\",\"position\":1,\"name\":\"Home\",\"item\":\"https:\\\/\\\/yyj.ca\\\/fr\\\/\"},{\"@type\":\"ListItem\",\"position\":2,\"name\":\"Informations sur les voyages\",\"item\":\"https:\\\/\\\/yyj.ca\\\/fr\\\/informations-sur-les-voyages\\\/\"},{\"@type\":\"ListItem\",\"position\":3,\"name\":\"TravelSafe YYJ\"}]},{\"@type\":\"WebSite\",\"@id\":\"https:\\\/\\\/yyj.ca\\\/fr\\\/#website\",\"url\":\"https:\\\/\\\/yyj.ca\\\/fr\\\/\",\"name\":\"Victoria Airport Authority\",\"description\":\"Victoria International Airport\",\"publisher\":{\"@id\":\"https:\\\/\\\/yyj.ca\\\/fr\\\/#organization\"},\"potentialAction\":[{\"@type\":\"SearchAction\",\"target\":{\"@type\":\"EntryPoint\",\"urlTemplate\":\"https:\\\/\\\/yyj.ca\\\/fr\\\/?s={search_term_string}\"},\"query-input\":{\"@type\":\"PropertyValueSpecification\",\"valueRequired\":true,\"valueName\":\"search_term_string\"}}],\"inLanguage\":\"fr-FR\"},{\"@type\":\"Organization\",\"@id\":\"https:\\\/\\\/yyj.ca\\\/fr\\\/#organization\",\"name\":\"Victoria Inernational Airport\",\"url\":\"https:\\\/\\\/yyj.ca\\\/fr\\\/\",\"logo\":{\"@type\":\"ImageObject\",\"inLanguage\":\"fr-FR\",\"@id\":\"https:\\\/\\\/yyj.ca\\\/fr\\\/#\\\/schema\\\/logo\\\/image\\\/\",\"url\":\"https:\\\/\\\/aeroportdevictoria.com\\\/wp-content\\\/uploads\\\/2023\\\/06\\\/yyj-logo.svg\",\"contentUrl\":\"https:\\\/\\\/aeroportdevictoria.com\\\/wp-content\\\/uploads\\\/2023\\\/06\\\/yyj-logo.svg\",\"width\":378,\"height\":73,\"caption\":\"Victoria Inernational Airport\"},\"image\":{\"@id\":\"https:\\\/\\\/yyj.ca\\\/fr\\\/#\\\/schema\\\/logo\\\/image\\\/\"}}]}<\/script>\n<!-- \/ Yoast SEO plugin. -->","yoast_head_json":{"title":"TravelSafe YYJ - Victoria Airport Authority","robots":{"index":"index","follow":"follow","max-snippet":"max-snippet:-1","max-image-preview":"max-image-preview:large","max-video-preview":"max-video-preview:-1"},"canonical":"https:\/\/yyj.ca\/fr\/informations-sur-les-voyages\/travelsafe-yyj\/","og_locale":"fr_FR","og_type":"article","og_title":"TravelSafe YYJ - Victoria Airport Authority","og_description":"Accr\u00e9ditations dans le domaine de la sant\u00e9","og_url":"https:\/\/yyj.ca\/fr\/informations-sur-les-voyages\/travelsafe-yyj\/","og_site_name":"Victoria Airport Authority","article_modified_time":"2023-04-28T14:23:08+00:00","og_image":[{"url":"https:\/\/aeroportdevictoria.com\/wp-content\/uploads\/2023\/01\/AirportHealthAccreditation.png","type":"","width":"","height":""}],"twitter_card":"summary_large_image","twitter_misc":{"Dur\u00e9e de lecture estim\u00e9e":"1 minute"},"schema":{"@context":"https:\/\/schema.org","@graph":[{"@type":"WebPage","@id":"https:\/\/yyj.ca\/fr\/informations-sur-les-voyages\/travelsafe-yyj\/","url":"https:\/\/yyj.ca\/fr\/informations-sur-les-voyages\/travelsafe-yyj\/","name":"TravelSafe YYJ - Victoria Airport Authority","isPartOf":{"@id":"https:\/\/yyj.ca\/fr\/#website"},"primaryImageOfPage":{"@id":"https:\/\/yyj.ca\/fr\/informations-sur-les-voyages\/travelsafe-yyj\/#primaryimage"},"image":{"@id":"https:\/\/yyj.ca\/fr\/informations-sur-les-voyages\/travelsafe-yyj\/#primaryimage"},"thumbnailUrl":"https:\/\/aeroportdevictoria.com\/wp-content\/uploads\/2023\/01\/AirportHealthAccreditation.png","datePublished":"2022-10-06T19:42:25+00:00","dateModified":"2023-04-28T14:23:08+00:00","breadcrumb":{"@id":"https:\/\/yyj.ca\/fr\/informations-sur-les-voyages\/travelsafe-yyj\/#breadcrumb"},"inLanguage":"fr-FR","potentialAction":[{"@type":"ReadAction","target":["https:\/\/yyj.ca\/fr\/informations-sur-les-voyages\/travelsafe-yyj\/"]}]},{"@type":"ImageObject","inLanguage":"fr-FR","@id":"https:\/\/yyj.ca\/fr\/informations-sur-les-voyages\/travelsafe-yyj\/#primaryimage","url":"https:\/\/aeroportdevictoria.com\/wp-content\/uploads\/2023\/01\/AirportHealthAccreditation.png","contentUrl":"https:\/\/aeroportdevictoria.com\/wp-content\/uploads\/2023\/01\/AirportHealthAccreditation.png"},{"@type":"BreadcrumbList","@id":"https:\/\/yyj.ca\/fr\/informations-sur-les-voyages\/travelsafe-yyj\/#breadcrumb","itemListElement":[{"@type":"ListItem","position":1,"name":"Home","item":"https:\/\/yyj.ca\/fr\/"},{"@type":"ListItem","position":2,"name":"Informations sur les voyages","item":"https:\/\/yyj.ca\/fr\/informations-sur-les-voyages\/"},{"@type":"ListItem","position":3,"name":"TravelSafe YYJ"}]},{"@type":"WebSite","@id":"https:\/\/yyj.ca\/fr\/#website","url":"https:\/\/yyj.ca\/fr\/","name":"Victoria Airport Authority","description":"Victoria International Airport","publisher":{"@id":"https:\/\/yyj.ca\/fr\/#organization"},"potentialAction":[{"@type":"SearchAction","target":{"@type":"EntryPoint","urlTemplate":"https:\/\/yyj.ca\/fr\/?s={search_term_string}"},"query-input":{"@type":"PropertyValueSpecification","valueRequired":true,"valueName":"search_term_string"}}],"inLanguage":"fr-FR"},{"@type":"Organization","@id":"https:\/\/yyj.ca\/fr\/#organization","name":"Victoria Inernational Airport","url":"https:\/\/yyj.ca\/fr\/","logo":{"@type":"ImageObject","inLanguage":"fr-FR","@id":"https:\/\/yyj.ca\/fr\/#\/schema\/logo\/image\/","url":"https:\/\/aeroportdevictoria.com\/wp-content\/uploads\/2023\/06\/yyj-logo.svg","contentUrl":"https:\/\/aeroportdevictoria.com\/wp-content\/uploads\/2023\/06\/yyj-logo.svg","width":378,"height":73,"caption":"Victoria Inernational Airport"},"image":{"@id":"https:\/\/yyj.ca\/fr\/#\/schema\/logo\/image\/"}}]}},"_links":{"self":[{"href":"https:\/\/yyj.ca\/fr\/wp-json\/wp\/v2\/pages\/6967","targetHints":{"allow":["GET"]}}],"collection":[{"href":"https:\/\/yyj.ca\/fr\/wp-json\/wp\/v2\/pages"}],"about":[{"href":"https:\/\/yyj.ca\/fr\/wp-json\/wp\/v2\/types\/page"}],"author":[{"embeddable":true,"href":"https:\/\/yyj.ca\/fr\/wp-json\/wp\/v2\/users\/1"}],"replies":[{"embeddable":true,"href":"https:\/\/yyj.ca\/fr\/wp-json\/wp\/v2\/comments?post=6967"}],"version-history":[{"count":0,"href":"https:\/\/yyj.ca\/fr\/wp-json\/wp\/v2\/pages\/6967\/revisions"}],"up":[{"embeddable":true,"href":"https:\/\/yyj.ca\/fr\/wp-json\/wp\/v2\/pages\/6937"}],"wp:attachment":[{"href":"https:\/\/yyj.ca\/fr\/wp-json\/wp\/v2\/media?parent=6967"}],"curies":[{"name":"wp","href":"https:\/\/api.w.org\/{rel}","templated":true}]}}