{"id":6963,"date":"2022-10-06T13:33:02","date_gmt":"2022-10-06T20:33:02","guid":{"rendered":"https:\/\/yyj.eclipsedev.tk\/a-propos-de-yyj\/bibliotheque\/"},"modified":"2026-01-30T08:14:34","modified_gmt":"2026-01-30T15:14:34","slug":"bibliotheque","status":"publish","type":"page","link":"https:\/\/yyj.ca\/fr\/a-propos-de-yyj\/bibliotheque\/","title":{"rendered":"Biblioth\u00e8que"},"content":{"rendered":"\n<section class=\"banner\">\n            <div class=\"image-wrap\">\n            <img fetchpriority=\"high\" decoding=\"async\" width=\"1400\" height=\"722\" src=\"https:\/\/yyj.ca\/wp-content\/uploads\/2023\/02\/AdobeStock_167178745-1.jpg\" class=\"attachment-full size-full\" alt=\"\" loading=\"eager\" srcset=\"https:\/\/yyj.ca\/wp-content\/uploads\/2023\/02\/AdobeStock_167178745-1.jpg 1400w, https:\/\/yyj.ca\/wp-content\/uploads\/2023\/02\/AdobeStock_167178745-1-300x155.jpg 300w, https:\/\/yyj.ca\/wp-content\/uploads\/2023\/02\/AdobeStock_167178745-1-1024x528.jpg 1024w\" sizes=\"(max-width: 1400px) 100vw, 1400px\" \/>        <\/div>\n        <div class=\"container large\">\n                    <h2 class=\"overline\">SOCI\u00c9T\u00c9<\/h2>\n                    <h1>Biblioth\u00e8que<\/h1>\n                    <\/div>\n    <div class=\"banner-graphic\">\n        <img decoding=\"async\" src=\"\/wp-content\/themes\/eclipse360\/assets\/images\/banner-bottom.svg\" alt=\"banner-graphic\">\n    <\/div>\n<\/section>\n\n\n\n<section class=\"accordions light has-bg\">\n            <div class=\"image-wrap bg\" data-animate-2>\n            <img loading=\"lazy\" decoding=\"async\" width=\"1920\" height=\"1441\" src=\"https:\/\/yyj.ca\/wp-content\/uploads\/2022\/11\/green-bg.svg\" class=\"attachment-full size-full\" alt=\"\" \/>        <\/div>\n        <div class=\"container\">\n                    <h2>Rapports annuels<\/h2>\n         \n                    <div class=\"intro\"><p><a id=\"annual-reports\" name=\"annual-reports\"><\/a><\/p>\n<\/div>\n                <div class=\"ac-inner\">\n                            <div class=\"accordion\">\n                    <h4 class=\"ac-trigger flex\">Rapports par ann\u00e9e<\/h4>\n                    <div class=\"ac-content\"><p><a href=\"https:\/\/yyj.ca\/wp-content\/uploads\/2023\/12\/2023-VAA-Annual-Report-FINAL-for-web.pdf\">Rapport annuel 2023 EN<\/a><a href=\"https:\/\/yyj.ca\/wp-content\/uploads\/2023\/12\/2023-VAA-Annual-Report-FINAL_translated-for-web.pdf\">Rapport annuel 2023 FR<\/a><a href=\"https:\/\/yyj.ca\/wp-content\/uploads\/2023\/04\/2022-VAA-Annual-Report-Final-WEBSITE-EN.pdf\">2022 Rapport annuel EN<\/a><a href=\"https:\/\/yyj.ca\/wp-content\/uploads\/2023\/09\/2023-05-17-2022-VAA-Annual-Report-FINAL_translated-low-res.pdf\">2022 Rapport annuel FR<\/a><a href=\"https:\/\/yyj.ca\/wp-content\/uploads\/2023\/01\/2022-05-05-2021-VAA-Annual-Report-FINAL-web.pdf\" target=\"_blank\" rel=\"noopener\">2021 Rapport annuel EN<\/a><a href=\"https:\/\/yyj.ca\/wp-content\/uploads\/2023\/01\/2022-05-09-2021-VAA-Annual-Report-FINAL_translated.pdf\" target=\"_blank\" rel=\"noopener\">2021 Rapport annuel FR<\/a><a href=\"https:\/\/yyj.ca\/wp-content\/uploads\/2023\/01\/2021-05-06-2020-VAA-EN-Annual-Report-Spreads-for-Web.pdf\" target=\"_blank\" rel=\"noopener\">Rapport annuel 2020 EN<\/a><a href=\"https:\/\/yyj.ca\/wp-content\/uploads\/2023\/01\/2021-05-06-2020-VAA-FR-Annual-Report-Spreads-for-Web-revised.pdf\" target=\"_blank\" rel=\"noopener\">Rapport annuel 2020 FR<\/a><\/p>\n<\/div>\n                <\/div>\n                    <\/div>\n    <\/div>\n<\/section>\n\n\n<section class=\"accordions dark\">\n        <div class=\"container\">\n                    <h2>Proc\u00e8s-verbal de la r\u00e9union du comit\u00e9 consultatif de l&rsquo;a\u00e9roport<\/h2>\n         \n                    <div class=\"intro\"><p><a id=\"consultative-committee-meetings\" name=\"consultative-committee-meetings\"><\/a><\/p>\n<\/div>\n                <div class=\"ac-inner\">\n                            <div class=\"accordion\">\n                    <h4 class=\"ac-trigger flex\">6 mai 2024<\/h4>\n                    <div class=\"ac-content\"><p>La r\u00e9union du Comit\u00e9 consultatif de l&rsquo;a\u00e9roport de printemps 2024 s&rsquo;est tenue en m\u00eame temps que l&rsquo;Assembl\u00e9e g\u00e9n\u00e9rale annuelle. Veuillez consulter le compte rendu de l&rsquo;AGA 2024 pour plus de d\u00e9tails. <\/p>\n<\/div>\n                <\/div>\n                            <div class=\"accordion\">\n                    <h4 class=\"ac-trigger flex\">15 novembre 2023<\/h4>\n                    <div class=\"ac-content\"><p>Proc\u00e8s-verbal de la r\u00e9union <a href=\"https:\/\/youtu.be\/mEfnV4UPHmw\">Enregistrement de la r\u00e9union<\/a><\/p>\n<\/div>\n                <\/div>\n                            <div class=\"accordion\">\n                    <h4 class=\"ac-trigger flex\">7 mars 2023<\/h4>\n                    <div class=\"ac-content\"><p><a href=\"https:\/\/yyj.ca\/wp-content\/uploads\/2023\/06\/2023-03-07-ACC-Meeting-Minutes-Approved-2023-06-26.pdf\">Proc\u00e8s-verbal de la r\u00e9union<\/a><br \/>\n<a href=\"https:\/\/youtu.be\/RN5GPAe01-Y?si=ubvRJD9vqZYNEE1-\">Enregistrement de la r\u00e9union virtuelle<\/a><\/p>\n<p>\u00a0<\/p>\n<\/div>\n                <\/div>\n                            <div class=\"accordion\">\n                    <h4 class=\"ac-trigger flex\">18 octobre 2022<\/h4>\n                    <div class=\"ac-content\"><p><a href=\"https:\/\/yyj.ca\/wp-content\/uploads\/2023\/11\/2022-10-18-Approved-MINUTES-ACC-Meeting.pdf\">Proc\u00e8s-verbal de la r\u00e9union<\/a><a href=\"https:\/\/youtu.be\/BjqM9RIobSc\" target=\"_blank\" rel=\"noopener\">Enregistrement de la r\u00e9union virtuelle<\/a><\/p>\n<\/div>\n                <\/div>\n                            <div class=\"accordion\">\n                    <h4 class=\"ac-trigger flex\">8 mars 2022<\/h4>\n                    <div class=\"ac-content\"><p><a href=\"https:\/\/yyj.ca\/wp-content\/uploads\/2023\/01\/2022-03-08-APPROVED-MINUTES-ACC-Meeting.pdf\" target=\"_blank\" rel=\"noopener\">Proc\u00e8s-verbal de la r\u00e9union<\/a><a href=\"https:\/\/www.youtube.com\/watch?v=my5uuFBMaEs\" target=\"_blank\" rel=\"noopener\">Enregistrement de la r\u00e9union virtuelle<\/a><\/p>\n<\/div>\n                <\/div>\n                    <\/div>\n    <\/div>\n<\/section>\n\n\n<section class=\"accordions dark has-bg\">\n            <div class=\"image-wrap bg\" data-animate-2>\n            <img loading=\"lazy\" decoding=\"async\" width=\"1920\" height=\"968\" src=\"https:\/\/yyj.ca\/wp-content\/uploads\/2022\/11\/whats-new-bg.svg\" class=\"attachment-full size-full\" alt=\"\" \/>        <\/div>\n        <div class=\"container\">\n                    <h2><br>Proc\u00e8s-verbal et pr\u00e9sentations de l&rsquo;assembl\u00e9e g\u00e9n\u00e9rale publique annuelle<\/h2>\n         \n                <div class=\"ac-inner\">\n                            <div class=\"accordion\">\n                    <h4 class=\"ac-trigger flex\">6 mai 2024<\/h4>\n                    <div class=\"ac-content\"><p><a href=\"https:\/\/yyj.ca\/wp-content\/uploads\/2024\/10\/2024-05-06-APGM-ACC-Summary-of-Proceedings_EN.pdf\">2024-05-06-APGM ACC Summary of Proceedings_EN<\/a><a href=\"https:\/\/yyj.ca\/wp-content\/uploads\/2024\/10\/2024-05-06-APGM_fr.pdf\">2024-05-06- APGM_fr<\/a><\/p>\n<\/div>\n                <\/div>\n                            <div class=\"accordion\">\n                    <h4 class=\"ac-trigger flex\">11 mai 2023<\/h4>\n                    <div class=\"ac-content\"><p><a href=\"https:\/\/yyj.ca\/wp-content\/uploads\/2023\/06\/2023-05-11-APGM-Summary-of-Proceedings.pdf\">2023-05-11- R\u00e9sum\u00e9 des travaux de l&rsquo;APGM<\/a><\/p>\n<\/div>\n                <\/div>\n                            <div class=\"accordion\">\n                    <h4 class=\"ac-trigger flex\">12 mai 2022<\/h4>\n                    <div class=\"ac-content\"><p><a href=\"https:\/\/yyj.ca\/wp-content\/uploads\/2023\/01\/2022-05-12-APPROVED-MINUTES-APGM-Summary-of-Proceedings.pdf\" target=\"_blank\" rel=\"noopener\">Proc\u00e8s-verbal<\/a><a href=\"https:\/\/www.youtube.com\/watch?v=tU43yim2u74\" target=\"_blank\" rel=\"noopener\">Enregistrement de l&rsquo;assembl\u00e9e g\u00e9n\u00e9rale annuelle publique virtuelle<\/a><\/p>\n<\/div>\n                <\/div>\n                    <\/div>\n    <\/div>\n<\/section>\n\n\n<section class=\"accordions light has-bg\">\n            <div class=\"image-wrap bg\" data-animate-2>\n            <img loading=\"lazy\" decoding=\"async\" width=\"1920\" height=\"1441\" src=\"https:\/\/yyj.ca\/wp-content\/uploads\/2022\/11\/green-bg.svg\" class=\"attachment-full size-full\" alt=\"\" \/>        <\/div>\n        <div class=\"container\">\n                    <h2>Plans strat\u00e9giques<\/h2>\n         \n                <div class=\"ac-inner\">\n                            <div class=\"accordion\">\n                    <h4 class=\"ac-trigger flex\">Plan strat\u00e9gique VAA 2023-2027<\/h4>\n                    <div class=\"ac-content\"><p><a href=\"https:\/\/yyj.ca\/wp-content\/uploads\/2023\/04\/VAA-Strategic-Plan-2023-2027-EN.pdf\">Plan strat\u00e9gique VAA 2023-2027 (EN)<\/a><\/p>\n<\/div>\n                <\/div>\n                    <\/div>\n    <\/div>\n<\/section>\n\n\n<section class=\"accordions dark\">\n        <div class=\"container\">\n                    <h2>Durabilit\u00e9 et gestion de l&rsquo;environnement<\/h2>\n         \n                <div class=\"ac-inner\">\n                            <div class=\"accordion\">\n                    <h4 class=\"ac-trigger flex\">Durabilit\u00e9 et gestion de l&rsquo;environnement par ann\u00e9e<\/h4>\n                    <div class=\"ac-content\"><p><a href=\"https:\/\/yyj.ca\/wp-content\/uploads\/2023\/01\/YYJ-SustainabilityPlan2020-2024-EN-1.pdf\" rel=\"noopener\" target=\"_blank\">Plan de d\u00e9veloppement durable 2020 &#8211; 2024 (anglais)<\/a><a href=\"https:\/\/yyj.ca\/wp-content\/uploads\/2023\/01\/YYJ-SustainabilityPlan2020-2024-FR.pdf\" rel=\"noopener\" target=\"_blank\">Plan de d\u00e9veloppement durable 2020 &#8211; 2024 (fran\u00e7ais)<\/a><a href=\"https:\/\/www.youtube.com\/watch?v=3tFlrLiTsK8\" rel=\"noopener\" target=\"_blank\">Vid\u00e9o sur la r\u00e9duction des s\u00e9diments dans le ruisseau TenTen en 2016<\/a><\/p>\n<\/div>\n                <\/div>\n                    <\/div>\n    <\/div>\n<\/section>\n\n\n<figure class=\"wp-block-gallery has-nested-images columns-5 is-cropped wp-block-gallery-1 is-layout-flex wp-block-gallery-is-layout-flex\">\n<figure class=\"wp-block-image size-full\"><img loading=\"lazy\" decoding=\"async\" width=\"750\" height=\"611\" data-id=\"4173\" src=\"https:\/\/yyj.ca\/wp-content\/uploads\/2023\/02\/YYJ_SAMPLE_IMAGES-19.jpg\" alt=\"\" class=\"wp-image-4173\" srcset=\"https:\/\/yyj.ca\/wp-content\/uploads\/2023\/02\/YYJ_SAMPLE_IMAGES-19.jpg 750w, https:\/\/yyj.ca\/wp-content\/uploads\/2023\/02\/YYJ_SAMPLE_IMAGES-19-300x244.jpg 300w\" sizes=\"auto, (max-width: 750px) 100vw, 750px\" \/><\/figure>\n\n\n\n<figure class=\"wp-block-image size-full\"><img loading=\"lazy\" decoding=\"async\" width=\"750\" height=\"500\" data-id=\"4174\" src=\"https:\/\/yyj.ca\/wp-content\/uploads\/2023\/02\/YYJ_SAMPLE_IMAGES.jpg\" alt=\"\" class=\"wp-image-4174\" srcset=\"https:\/\/yyj.ca\/wp-content\/uploads\/2023\/02\/YYJ_SAMPLE_IMAGES.jpg 750w, https:\/\/yyj.ca\/wp-content\/uploads\/2023\/02\/YYJ_SAMPLE_IMAGES-300x200.jpg 300w\" sizes=\"auto, (max-width: 750px) 100vw, 750px\" \/><\/figure>\n\n\n\n<figure class=\"wp-block-image size-large\"><img loading=\"lazy\" decoding=\"async\" width=\"1024\" height=\"682\" data-id=\"4231\" src=\"https:\/\/yyj.ca\/wp-content\/uploads\/2023\/02\/YYJ_2023-229-1024x682.jpg\" alt=\"\" class=\"wp-image-4231\" srcset=\"https:\/\/yyj.ca\/wp-content\/uploads\/2023\/02\/YYJ_2023-229-1024x682.jpg 1024w, https:\/\/yyj.ca\/wp-content\/uploads\/2023\/02\/YYJ_2023-229-300x200.jpg 300w, https:\/\/yyj.ca\/wp-content\/uploads\/2023\/02\/YYJ_2023-229.jpg 1400w\" sizes=\"auto, (max-width: 1024px) 100vw, 1024px\" \/><\/figure>\n\n\n\n<figure class=\"wp-block-image size-full\"><img loading=\"lazy\" decoding=\"async\" width=\"750\" height=\"500\" data-id=\"4175\" src=\"https:\/\/yyj.ca\/wp-content\/uploads\/2023\/02\/YYJ_SAMPLE_IMAGES-6.jpg\" alt=\"\" class=\"wp-image-4175\" srcset=\"https:\/\/yyj.ca\/wp-content\/uploads\/2023\/02\/YYJ_SAMPLE_IMAGES-6.jpg 750w, https:\/\/yyj.ca\/wp-content\/uploads\/2023\/02\/YYJ_SAMPLE_IMAGES-6-300x200.jpg 300w\" sizes=\"auto, (max-width: 750px) 100vw, 750px\" \/><\/figure>\n\n\n\n<figure class=\"wp-block-image size-large\"><img loading=\"lazy\" decoding=\"async\" width=\"1024\" height=\"682\" data-id=\"4230\" src=\"https:\/\/yyj.ca\/wp-content\/uploads\/2023\/02\/YYJ_2023-30-1024x682.jpg\" alt=\"\" class=\"wp-image-4230\" srcset=\"https:\/\/yyj.ca\/wp-content\/uploads\/2023\/02\/YYJ_2023-30-1024x682.jpg 1024w, https:\/\/yyj.ca\/wp-content\/uploads\/2023\/02\/YYJ_2023-30-300x200.jpg 300w, https:\/\/yyj.ca\/wp-content\/uploads\/2023\/02\/YYJ_2023-30.jpg 1400w\" sizes=\"auto, (max-width: 1024px) 100vw, 1024px\" \/><\/figure>\n<\/figure>\n","protected":false},"excerpt":{"rendered":"","protected":false},"author":1,"featured_media":0,"parent":6877,"menu_order":47,"comment_status":"closed","ping_status":"closed","template":"","meta":{"_acf_changed":false,"footnotes":""},"class_list":["post-6963","page","type-page","status-publish","hentry"],"acf":[],"yoast_head":"<!-- This site is optimized with the Yoast SEO plugin v27.3 - https:\/\/yoast.com\/product\/yoast-seo-wordpress\/ -->\n<title>Biblioth\u00e8que - Victoria Airport Authority<\/title>\n<meta name=\"robots\" content=\"index, follow, max-snippet:-1, max-image-preview:large, max-video-preview:-1\" \/>\n<link rel=\"canonical\" href=\"https:\/\/yyj.ca\/fr\/a-propos-de-yyj\/bibliotheque\/\" \/>\n<meta property=\"og:locale\" content=\"fr_FR\" \/>\n<meta property=\"og:type\" content=\"article\" \/>\n<meta property=\"og:title\" content=\"Biblioth\u00e8que - Victoria Airport Authority\" \/>\n<meta property=\"og:url\" content=\"https:\/\/yyj.ca\/fr\/a-propos-de-yyj\/bibliotheque\/\" \/>\n<meta property=\"og:site_name\" content=\"Victoria Airport Authority\" \/>\n<meta property=\"article:modified_time\" content=\"2026-01-30T15:14:34+00:00\" \/>\n<meta name=\"twitter:card\" content=\"summary_large_image\" \/>\n<meta name=\"twitter:label1\" content=\"Dur\u00e9e de lecture estim\u00e9e\" \/>\n\t<meta name=\"twitter:data1\" content=\"1 minute\" \/>\n<script type=\"application\/ld+json\" class=\"yoast-schema-graph\">{\"@context\":\"https:\\\/\\\/schema.org\",\"@graph\":[{\"@type\":\"WebPage\",\"@id\":\"https:\\\/\\\/yyj.ca\\\/fr\\\/a-propos-de-yyj\\\/bibliotheque\\\/\",\"url\":\"https:\\\/\\\/yyj.ca\\\/fr\\\/a-propos-de-yyj\\\/bibliotheque\\\/\",\"name\":\"Biblioth\u00e8que - Victoria Airport Authority\",\"isPartOf\":{\"@id\":\"https:\\\/\\\/yyj.ca\\\/fr\\\/#website\"},\"datePublished\":\"2022-10-06T20:33:02+00:00\",\"dateModified\":\"2026-01-30T15:14:34+00:00\",\"breadcrumb\":{\"@id\":\"https:\\\/\\\/yyj.ca\\\/fr\\\/a-propos-de-yyj\\\/bibliotheque\\\/#breadcrumb\"},\"inLanguage\":\"fr-FR\",\"potentialAction\":[{\"@type\":\"ReadAction\",\"target\":[\"https:\\\/\\\/yyj.ca\\\/fr\\\/a-propos-de-yyj\\\/bibliotheque\\\/\"]}]},{\"@type\":\"BreadcrumbList\",\"@id\":\"https:\\\/\\\/yyj.ca\\\/fr\\\/a-propos-de-yyj\\\/bibliotheque\\\/#breadcrumb\",\"itemListElement\":[{\"@type\":\"ListItem\",\"position\":1,\"name\":\"Home\",\"item\":\"https:\\\/\\\/yyj.ca\\\/fr\\\/\"},{\"@type\":\"ListItem\",\"position\":2,\"name\":\"\u00c0 propos de YYJ\",\"item\":\"https:\\\/\\\/yyj.ca\\\/fr\\\/a-propos-de-yyj\\\/\"},{\"@type\":\"ListItem\",\"position\":3,\"name\":\"Biblioth\u00e8que\"}]},{\"@type\":\"WebSite\",\"@id\":\"https:\\\/\\\/yyj.ca\\\/fr\\\/#website\",\"url\":\"https:\\\/\\\/yyj.ca\\\/fr\\\/\",\"name\":\"Victoria Airport Authority\",\"description\":\"Victoria International Airport\",\"publisher\":{\"@id\":\"https:\\\/\\\/yyj.ca\\\/fr\\\/#organization\"},\"potentialAction\":[{\"@type\":\"SearchAction\",\"target\":{\"@type\":\"EntryPoint\",\"urlTemplate\":\"https:\\\/\\\/yyj.ca\\\/fr\\\/?s={search_term_string}\"},\"query-input\":{\"@type\":\"PropertyValueSpecification\",\"valueRequired\":true,\"valueName\":\"search_term_string\"}}],\"inLanguage\":\"fr-FR\"},{\"@type\":\"Organization\",\"@id\":\"https:\\\/\\\/yyj.ca\\\/fr\\\/#organization\",\"name\":\"Victoria Inernational Airport\",\"url\":\"https:\\\/\\\/yyj.ca\\\/fr\\\/\",\"logo\":{\"@type\":\"ImageObject\",\"inLanguage\":\"fr-FR\",\"@id\":\"https:\\\/\\\/yyj.ca\\\/fr\\\/#\\\/schema\\\/logo\\\/image\\\/\",\"url\":\"https:\\\/\\\/aeroportdevictoria.com\\\/wp-content\\\/uploads\\\/2023\\\/06\\\/yyj-logo.svg\",\"contentUrl\":\"https:\\\/\\\/aeroportdevictoria.com\\\/wp-content\\\/uploads\\\/2023\\\/06\\\/yyj-logo.svg\",\"width\":378,\"height\":73,\"caption\":\"Victoria Inernational Airport\"},\"image\":{\"@id\":\"https:\\\/\\\/yyj.ca\\\/fr\\\/#\\\/schema\\\/logo\\\/image\\\/\"}}]}<\/script>\n<!-- \/ Yoast SEO plugin. -->","yoast_head_json":{"title":"Biblioth\u00e8que - Victoria Airport Authority","robots":{"index":"index","follow":"follow","max-snippet":"max-snippet:-1","max-image-preview":"max-image-preview:large","max-video-preview":"max-video-preview:-1"},"canonical":"https:\/\/yyj.ca\/fr\/a-propos-de-yyj\/bibliotheque\/","og_locale":"fr_FR","og_type":"article","og_title":"Biblioth\u00e8que - Victoria Airport Authority","og_url":"https:\/\/yyj.ca\/fr\/a-propos-de-yyj\/bibliotheque\/","og_site_name":"Victoria Airport Authority","article_modified_time":"2026-01-30T15:14:34+00:00","twitter_card":"summary_large_image","twitter_misc":{"Dur\u00e9e de lecture estim\u00e9e":"1 minute"},"schema":{"@context":"https:\/\/schema.org","@graph":[{"@type":"WebPage","@id":"https:\/\/yyj.ca\/fr\/a-propos-de-yyj\/bibliotheque\/","url":"https:\/\/yyj.ca\/fr\/a-propos-de-yyj\/bibliotheque\/","name":"Biblioth\u00e8que - Victoria Airport Authority","isPartOf":{"@id":"https:\/\/yyj.ca\/fr\/#website"},"datePublished":"2022-10-06T20:33:02+00:00","dateModified":"2026-01-30T15:14:34+00:00","breadcrumb":{"@id":"https:\/\/yyj.ca\/fr\/a-propos-de-yyj\/bibliotheque\/#breadcrumb"},"inLanguage":"fr-FR","potentialAction":[{"@type":"ReadAction","target":["https:\/\/yyj.ca\/fr\/a-propos-de-yyj\/bibliotheque\/"]}]},{"@type":"BreadcrumbList","@id":"https:\/\/yyj.ca\/fr\/a-propos-de-yyj\/bibliotheque\/#breadcrumb","itemListElement":[{"@type":"ListItem","position":1,"name":"Home","item":"https:\/\/yyj.ca\/fr\/"},{"@type":"ListItem","position":2,"name":"\u00c0 propos de YYJ","item":"https:\/\/yyj.ca\/fr\/a-propos-de-yyj\/"},{"@type":"ListItem","position":3,"name":"Biblioth\u00e8que"}]},{"@type":"WebSite","@id":"https:\/\/yyj.ca\/fr\/#website","url":"https:\/\/yyj.ca\/fr\/","name":"Victoria Airport Authority","description":"Victoria International Airport","publisher":{"@id":"https:\/\/yyj.ca\/fr\/#organization"},"potentialAction":[{"@type":"SearchAction","target":{"@type":"EntryPoint","urlTemplate":"https:\/\/yyj.ca\/fr\/?s={search_term_string}"},"query-input":{"@type":"PropertyValueSpecification","valueRequired":true,"valueName":"search_term_string"}}],"inLanguage":"fr-FR"},{"@type":"Organization","@id":"https:\/\/yyj.ca\/fr\/#organization","name":"Victoria Inernational Airport","url":"https:\/\/yyj.ca\/fr\/","logo":{"@type":"ImageObject","inLanguage":"fr-FR","@id":"https:\/\/yyj.ca\/fr\/#\/schema\/logo\/image\/","url":"https:\/\/aeroportdevictoria.com\/wp-content\/uploads\/2023\/06\/yyj-logo.svg","contentUrl":"https:\/\/aeroportdevictoria.com\/wp-content\/uploads\/2023\/06\/yyj-logo.svg","width":378,"height":73,"caption":"Victoria Inernational Airport"},"image":{"@id":"https:\/\/yyj.ca\/fr\/#\/schema\/logo\/image\/"}}]}},"_links":{"self":[{"href":"https:\/\/yyj.ca\/fr\/wp-json\/wp\/v2\/pages\/6963","targetHints":{"allow":["GET"]}}],"collection":[{"href":"https:\/\/yyj.ca\/fr\/wp-json\/wp\/v2\/pages"}],"about":[{"href":"https:\/\/yyj.ca\/fr\/wp-json\/wp\/v2\/types\/page"}],"author":[{"embeddable":true,"href":"https:\/\/yyj.ca\/fr\/wp-json\/wp\/v2\/users\/1"}],"replies":[{"embeddable":true,"href":"https:\/\/yyj.ca\/fr\/wp-json\/wp\/v2\/comments?post=6963"}],"version-history":[{"count":0,"href":"https:\/\/yyj.ca\/fr\/wp-json\/wp\/v2\/pages\/6963\/revisions"}],"up":[{"embeddable":true,"href":"https:\/\/yyj.ca\/fr\/wp-json\/wp\/v2\/pages\/6877"}],"wp:attachment":[{"href":"https:\/\/yyj.ca\/fr\/wp-json\/wp\/v2\/media?parent=6963"}],"curies":[{"name":"wp","href":"https:\/\/api.w.org\/{rel}","templated":true}]}}