{"id":6953,"date":"2022-10-18T13:31:11","date_gmt":"2022-10-18T20:31:11","guid":{"rendered":"https:\/\/yyj.eclipsedev.tk\/engagement-communautaire\/"},"modified":"2025-07-02T14:53:50","modified_gmt":"2025-07-02T21:53:50","slug":"engagement-communautaire","status":"publish","type":"page","link":"https:\/\/yyj.ca\/fr\/engagement-communautaire\/","title":{"rendered":"Engagement communautaire"},"content":{"rendered":"\n<section class=\"banner\">\n            <div class=\"image-wrap\">\n            <img fetchpriority=\"high\" decoding=\"async\" width=\"1491\" height=\"994\" src=\"https:\/\/yyj.ca\/wp-content\/uploads\/2023\/04\/YYJ_2023-228.jpg\" class=\"attachment-full size-full\" alt=\"\" loading=\"eager\" srcset=\"https:\/\/yyj.ca\/wp-content\/uploads\/2023\/04\/YYJ_2023-228.jpg 1491w, https:\/\/yyj.ca\/wp-content\/uploads\/2023\/04\/YYJ_2023-228-300x200.jpg 300w, https:\/\/yyj.ca\/wp-content\/uploads\/2023\/04\/YYJ_2023-228-1024x683.jpg 1024w\" sizes=\"(max-width: 1491px) 100vw, 1491px\" \/>        <\/div>\n        <div class=\"container large\">\n                    <h1>Engagement communautaire<\/h1>\n                    <\/div>\n    <div class=\"banner-graphic\">\n        <img decoding=\"async\" src=\"\/wp-content\/themes\/eclipse360\/assets\/images\/banner-bottom.svg\" alt=\"banner-graphic\">\n    <\/div>\n<\/section>\n<section class=\"page-intro\">\n    <div class=\"container\">\n        <div class=\"content\"><p>Chez YYJ, nous nous effor\u00e7ons d&rsquo;\u00e9tablir des liens. Que ce soit de lieu \u00e0 lieu ou de personne \u00e0 personne, la connexion d\u00e9finit ce qu&rsquo;est un a\u00e9roport et ce qu&rsquo;il fait le mieux. Il peut s&rsquo;agir simplement de faire conna\u00eetre aux nouveaux arrivants sur l&rsquo;\u00eele de Vancouver les endroits sympas \u00e0 visiter dans la r\u00e9gion ou de soutenir un \u00e9v\u00e9nement local ou une collecte de nourriture, mais il faut aussi d\u00e9passer les limites de l&rsquo;a\u00e9roport. Connecting \u00e9tablit des partenariats avec les communaut\u00e9s environnantes afin de favoriser des actions \u00e9clair\u00e9es, de renforcer les relations et de susciter des changements positifs.<\/p>\n<\/div>\n    <\/div>\n<\/section>\n\n\n<section class=\"content-slider flex one-col\">\n                    <div class=\"container large\">\n                        <div class=\"slides\" data-animate>\n                            <div class=\"slide\">\n                    <a href=\"https:\/\/yyj.ca\/fr\/environnement-et-developpement-durable\/la-nation-wsanec\/\">                        <div class=\"image-wrap\">\n                                                    <img loading=\"lazy\" decoding=\"async\" width=\"1156\" height=\"768\" src=\"https:\/\/yyj.ca\/wp-content\/uploads\/2023\/04\/YYJ-2015-23-Medium.jpg\" class=\"attachment-medium-square size-medium-square\" alt=\"\" srcset=\"https:\/\/yyj.ca\/wp-content\/uploads\/2023\/04\/YYJ-2015-23-Medium.jpg 1156w, https:\/\/yyj.ca\/wp-content\/uploads\/2023\/04\/YYJ-2015-23-Medium-300x199.jpg 300w, https:\/\/yyj.ca\/wp-content\/uploads\/2023\/04\/YYJ-2015-23-Medium-1024x680.jpg 1024w\" sizes=\"auto, (max-width: 1156px) 100vw, 1156px\" \/>                                                <\/div>\n                        <div class=\"tile-content\">\n                                                            <h4>La nation WS\u00c1NE\u0106<\/h4>\n                                                    <\/div>\n                    <\/a>                <\/div>\n                            <div class=\"slide\">\n                    <a href=\"https:\/\/yyj.ca\/fr\/engagement-communautaire\/cahier-dactivites-pour-enfants\/\">                        <div class=\"image-wrap\">\n                                                    <img loading=\"lazy\" decoding=\"async\" width=\"673\" height=\"933\" src=\"https:\/\/yyj.ca\/wp-content\/uploads\/2023\/03\/YYJ_2023-164-2.jpg\" class=\"attachment-medium-square size-medium-square\" alt=\"\" srcset=\"https:\/\/yyj.ca\/wp-content\/uploads\/2023\/03\/YYJ_2023-164-2.jpg 673w, https:\/\/yyj.ca\/wp-content\/uploads\/2023\/03\/YYJ_2023-164-2-216x300.jpg 216w\" sizes=\"auto, (max-width: 673px) 100vw, 673px\" \/>                                                <\/div>\n                        <div class=\"tile-content\">\n                                                            <h4>Cahier d&rsquo;activit\u00e9s pour enfants<\/h4>\n                                                    <\/div>\n                    <\/a>                <\/div>\n                            <div class=\"slide\">\n                    <a href=\"https:\/\/yyj.ca\/fr\/engagement-communautaire\/investissement-communautaire\/\">                        <div class=\"image-wrap\">\n                                                    <img loading=\"lazy\" decoding=\"async\" width=\"1200\" height=\"1200\" src=\"https:\/\/yyj.ca\/wp-content\/uploads\/2023\/03\/YYJ_2023-463-1200x1200.jpg\" class=\"attachment-medium-square size-medium-square\" alt=\"\" srcset=\"https:\/\/yyj.ca\/wp-content\/uploads\/2023\/03\/YYJ_2023-463-1200x1200.jpg 1200w, https:\/\/yyj.ca\/wp-content\/uploads\/2023\/03\/YYJ_2023-463-150x150.jpg 150w, https:\/\/yyj.ca\/wp-content\/uploads\/2023\/03\/YYJ_2023-463-400x400.jpg 400w, https:\/\/yyj.ca\/wp-content\/uploads\/2023\/03\/YYJ_2023-463-800x800.jpg 800w\" sizes=\"auto, (max-width: 1200px) 100vw, 1200px\" \/>                                                <\/div>\n                        <div class=\"tile-content\">\n                                                            <h4>Programme d&rsquo;investissement communautaire<\/h4>\n                                                    <\/div>\n                    <\/a>                <\/div>\n                            <div class=\"slide\">\n                    <a href=\"https:\/\/yyj.ca\/fr\/engagement-communautaire\/la-carte-interactive-de-la-trajectoire-de-vol\/\">                        <div class=\"image-wrap\">\n                                                                                                    <\/div>\n                        <div class=\"tile-content\">\n                                                            <h4>La carte interactive de la trajectoire de vol<\/h4>\n                                                    <\/div>\n                    <\/a>                <\/div>\n                            <div class=\"slide\">\n                    <a href=\"https:\/\/yyj.ca\/fr\/engagement-communautaire\/choses-a-faire-a-victoria\/\">                        <div class=\"image-wrap\">\n                                                    <img loading=\"lazy\" decoding=\"async\" width=\"800\" height=\"600\" src=\"https:\/\/yyj.ca\/wp-content\/uploads\/2023\/02\/AdobeStock_162906543.jpg\" class=\"attachment-medium-square size-medium-square\" alt=\"\" srcset=\"https:\/\/yyj.ca\/wp-content\/uploads\/2023\/02\/AdobeStock_162906543.jpg 800w, https:\/\/yyj.ca\/wp-content\/uploads\/2023\/02\/AdobeStock_162906543-300x225.jpg 300w\" sizes=\"auto, (max-width: 800px) 100vw, 800px\" \/>                                                <\/div>\n                        <div class=\"tile-content\">\n                                                            <h4>Choses \u00e0 faire \u00e0 Victoria<\/h4>\n                                                    <\/div>\n                    <\/a>                <\/div>\n                            <div class=\"slide\">\n                    <a href=\"https:\/\/yyj.ca\/fr\/engagement-communautaire\/prix-et-accolades-de-yyj\/\">                        <div class=\"image-wrap\">\n                                                    <img loading=\"lazy\" decoding=\"async\" width=\"1200\" height=\"1200\" src=\"https:\/\/yyj.ca\/wp-content\/uploads\/2023\/02\/YYJ_2023-59-1200x1200.jpg\" class=\"attachment-medium-square size-medium-square\" alt=\"\" srcset=\"https:\/\/yyj.ca\/wp-content\/uploads\/2023\/02\/YYJ_2023-59-1200x1200.jpg 1200w, https:\/\/yyj.ca\/wp-content\/uploads\/2023\/02\/YYJ_2023-59-150x150.jpg 150w, https:\/\/yyj.ca\/wp-content\/uploads\/2023\/02\/YYJ_2023-59-400x400.jpg 400w, https:\/\/yyj.ca\/wp-content\/uploads\/2023\/02\/YYJ_2023-59-800x800.jpg 800w\" sizes=\"auto, (max-width: 1200px) 100vw, 1200px\" \/>                                                <\/div>\n                        <div class=\"tile-content\">\n                                                            <h4>Prix et accolades de YYJ<\/h4>\n                                                    <\/div>\n                    <\/a>                <\/div>\n                            <div class=\"slide\">\n                    <a href=\"https:\/\/yyj.ca\/aeroport-international-de-victoria-plan-daction-pour-les-langues-officielles-2025\/\">                        <div class=\"image-wrap\">\n                                                    <img loading=\"lazy\" decoding=\"async\" width=\"1200\" height=\"1200\" src=\"https:\/\/yyj.ca\/wp-content\/uploads\/2023\/04\/YYJ_2023-425-1200x1200.jpg\" class=\"attachment-medium-square size-medium-square\" alt=\"\" srcset=\"https:\/\/yyj.ca\/wp-content\/uploads\/2023\/04\/YYJ_2023-425-1200x1200.jpg 1200w, https:\/\/yyj.ca\/wp-content\/uploads\/2023\/04\/YYJ_2023-425-300x300.jpg 300w, https:\/\/yyj.ca\/wp-content\/uploads\/2023\/04\/YYJ_2023-425-150x150.jpg 150w, https:\/\/yyj.ca\/wp-content\/uploads\/2023\/04\/YYJ_2023-425-400x400.jpg 400w, https:\/\/yyj.ca\/wp-content\/uploads\/2023\/04\/YYJ_2023-425-800x800.jpg 800w\" sizes=\"auto, (max-width: 1200px) 100vw, 1200px\" \/>                                                <\/div>\n                        <div class=\"tile-content\">\n                                                            <h4>Plan d&rsquo;action pour les langues officielles 2025<\/h4>\n                                                    <\/div>\n                    <\/a>                <\/div>\n                        <\/div>\n        <\/div>\n        <div class=\"flyouts\">\n                <div class=\"flyout flyout-slider flex\">\n                <div class=\"close\"><\/div>\n                <div class=\"image-wrap\">\n                                    <\/div>\n                <div class=\"content\">\n                    <div><\/div>\n                <\/div>\n            <\/div>\n                    <div class=\"flyout flyout-slider flex\">\n                <div class=\"close\"><\/div>\n                <div class=\"image-wrap\">\n                                    <\/div>\n                <div class=\"content\">\n                    <div><\/div>\n                <\/div>\n            <\/div>\n                    <div class=\"flyout flyout-slider flex\">\n                <div class=\"close\"><\/div>\n                <div class=\"image-wrap\">\n                                    <\/div>\n                <div class=\"content\">\n                    <div><\/div>\n                <\/div>\n            <\/div>\n                    <div class=\"flyout flyout-slider flex\">\n                <div class=\"close\"><\/div>\n                <div class=\"image-wrap\">\n                                    <\/div>\n                <div class=\"content\">\n                    <div><\/div>\n                <\/div>\n            <\/div>\n                    <div class=\"flyout flyout-slider flex\">\n                <div class=\"close\"><\/div>\n                <div class=\"image-wrap\">\n                                    <\/div>\n                <div class=\"content\">\n                    <div><\/div>\n                <\/div>\n            <\/div>\n                    <div class=\"flyout flyout-slider flex\">\n                <div class=\"close\"><\/div>\n                <div class=\"image-wrap\">\n                                    <\/div>\n                <div class=\"content\">\n                    <div><\/div>\n                <\/div>\n            <\/div>\n                    <div class=\"flyout flyout-slider flex\">\n                <div class=\"close\"><\/div>\n                <div class=\"image-wrap\">\n                                    <\/div>\n                <div class=\"content\">\n                    <div><\/div>\n                <\/div>\n            <\/div>\n            <div>\n<\/section>","protected":false},"excerpt":{"rendered":"","protected":false},"author":1,"featured_media":0,"parent":0,"menu_order":30,"comment_status":"closed","ping_status":"closed","template":"","meta":{"_acf_changed":false,"footnotes":""},"class_list":["post-6953","page","type-page","status-publish","hentry"],"acf":[],"yoast_head":"<!-- This site is optimized with the Yoast SEO plugin v27.3 - https:\/\/yoast.com\/product\/yoast-seo-wordpress\/ -->\n<title>Engagement communautaire - Victoria Airport Authority<\/title>\n<meta name=\"robots\" content=\"index, follow, max-snippet:-1, max-image-preview:large, max-video-preview:-1\" \/>\n<link rel=\"canonical\" href=\"https:\/\/yyj.ca\/fr\/engagement-communautaire\/\" \/>\n<meta property=\"og:locale\" content=\"fr_FR\" \/>\n<meta property=\"og:type\" content=\"article\" \/>\n<meta property=\"og:title\" content=\"Engagement communautaire - Victoria Airport Authority\" \/>\n<meta property=\"og:url\" content=\"https:\/\/yyj.ca\/fr\/engagement-communautaire\/\" \/>\n<meta property=\"og:site_name\" content=\"Victoria Airport Authority\" \/>\n<meta property=\"article:modified_time\" content=\"2025-07-02T21:53:50+00:00\" \/>\n<meta name=\"twitter:card\" content=\"summary_large_image\" \/>\n<script type=\"application\/ld+json\" class=\"yoast-schema-graph\">{\"@context\":\"https:\\\/\\\/schema.org\",\"@graph\":[{\"@type\":\"WebPage\",\"@id\":\"https:\\\/\\\/yyj.ca\\\/fr\\\/engagement-communautaire\\\/\",\"url\":\"https:\\\/\\\/yyj.ca\\\/fr\\\/engagement-communautaire\\\/\",\"name\":\"Engagement communautaire - Victoria Airport Authority\",\"isPartOf\":{\"@id\":\"https:\\\/\\\/yyj.ca\\\/fr\\\/#website\"},\"datePublished\":\"2022-10-18T20:31:11+00:00\",\"dateModified\":\"2025-07-02T21:53:50+00:00\",\"breadcrumb\":{\"@id\":\"https:\\\/\\\/yyj.ca\\\/fr\\\/engagement-communautaire\\\/#breadcrumb\"},\"inLanguage\":\"fr-FR\",\"potentialAction\":[{\"@type\":\"ReadAction\",\"target\":[\"https:\\\/\\\/yyj.ca\\\/fr\\\/engagement-communautaire\\\/\"]}]},{\"@type\":\"BreadcrumbList\",\"@id\":\"https:\\\/\\\/yyj.ca\\\/fr\\\/engagement-communautaire\\\/#breadcrumb\",\"itemListElement\":[{\"@type\":\"ListItem\",\"position\":1,\"name\":\"Home\",\"item\":\"https:\\\/\\\/yyj.ca\\\/fr\\\/\"},{\"@type\":\"ListItem\",\"position\":2,\"name\":\"Engagement communautaire\"}]},{\"@type\":\"WebSite\",\"@id\":\"https:\\\/\\\/yyj.ca\\\/fr\\\/#website\",\"url\":\"https:\\\/\\\/yyj.ca\\\/fr\\\/\",\"name\":\"Victoria Airport Authority\",\"description\":\"Victoria International Airport\",\"publisher\":{\"@id\":\"https:\\\/\\\/yyj.ca\\\/fr\\\/#organization\"},\"potentialAction\":[{\"@type\":\"SearchAction\",\"target\":{\"@type\":\"EntryPoint\",\"urlTemplate\":\"https:\\\/\\\/yyj.ca\\\/fr\\\/?s={search_term_string}\"},\"query-input\":{\"@type\":\"PropertyValueSpecification\",\"valueRequired\":true,\"valueName\":\"search_term_string\"}}],\"inLanguage\":\"fr-FR\"},{\"@type\":\"Organization\",\"@id\":\"https:\\\/\\\/yyj.ca\\\/fr\\\/#organization\",\"name\":\"Victoria Inernational Airport\",\"url\":\"https:\\\/\\\/yyj.ca\\\/fr\\\/\",\"logo\":{\"@type\":\"ImageObject\",\"inLanguage\":\"fr-FR\",\"@id\":\"https:\\\/\\\/yyj.ca\\\/fr\\\/#\\\/schema\\\/logo\\\/image\\\/\",\"url\":\"https:\\\/\\\/aeroportdevictoria.com\\\/wp-content\\\/uploads\\\/2023\\\/06\\\/yyj-logo.svg\",\"contentUrl\":\"https:\\\/\\\/aeroportdevictoria.com\\\/wp-content\\\/uploads\\\/2023\\\/06\\\/yyj-logo.svg\",\"width\":378,\"height\":73,\"caption\":\"Victoria Inernational Airport\"},\"image\":{\"@id\":\"https:\\\/\\\/yyj.ca\\\/fr\\\/#\\\/schema\\\/logo\\\/image\\\/\"}}]}<\/script>\n<!-- \/ Yoast SEO plugin. -->","yoast_head_json":{"title":"Engagement communautaire - Victoria Airport Authority","robots":{"index":"index","follow":"follow","max-snippet":"max-snippet:-1","max-image-preview":"max-image-preview:large","max-video-preview":"max-video-preview:-1"},"canonical":"https:\/\/yyj.ca\/fr\/engagement-communautaire\/","og_locale":"fr_FR","og_type":"article","og_title":"Engagement communautaire - Victoria Airport Authority","og_url":"https:\/\/yyj.ca\/fr\/engagement-communautaire\/","og_site_name":"Victoria Airport Authority","article_modified_time":"2025-07-02T21:53:50+00:00","twitter_card":"summary_large_image","schema":{"@context":"https:\/\/schema.org","@graph":[{"@type":"WebPage","@id":"https:\/\/yyj.ca\/fr\/engagement-communautaire\/","url":"https:\/\/yyj.ca\/fr\/engagement-communautaire\/","name":"Engagement communautaire - Victoria Airport Authority","isPartOf":{"@id":"https:\/\/yyj.ca\/fr\/#website"},"datePublished":"2022-10-18T20:31:11+00:00","dateModified":"2025-07-02T21:53:50+00:00","breadcrumb":{"@id":"https:\/\/yyj.ca\/fr\/engagement-communautaire\/#breadcrumb"},"inLanguage":"fr-FR","potentialAction":[{"@type":"ReadAction","target":["https:\/\/yyj.ca\/fr\/engagement-communautaire\/"]}]},{"@type":"BreadcrumbList","@id":"https:\/\/yyj.ca\/fr\/engagement-communautaire\/#breadcrumb","itemListElement":[{"@type":"ListItem","position":1,"name":"Home","item":"https:\/\/yyj.ca\/fr\/"},{"@type":"ListItem","position":2,"name":"Engagement communautaire"}]},{"@type":"WebSite","@id":"https:\/\/yyj.ca\/fr\/#website","url":"https:\/\/yyj.ca\/fr\/","name":"Victoria Airport Authority","description":"Victoria International Airport","publisher":{"@id":"https:\/\/yyj.ca\/fr\/#organization"},"potentialAction":[{"@type":"SearchAction","target":{"@type":"EntryPoint","urlTemplate":"https:\/\/yyj.ca\/fr\/?s={search_term_string}"},"query-input":{"@type":"PropertyValueSpecification","valueRequired":true,"valueName":"search_term_string"}}],"inLanguage":"fr-FR"},{"@type":"Organization","@id":"https:\/\/yyj.ca\/fr\/#organization","name":"Victoria Inernational Airport","url":"https:\/\/yyj.ca\/fr\/","logo":{"@type":"ImageObject","inLanguage":"fr-FR","@id":"https:\/\/yyj.ca\/fr\/#\/schema\/logo\/image\/","url":"https:\/\/aeroportdevictoria.com\/wp-content\/uploads\/2023\/06\/yyj-logo.svg","contentUrl":"https:\/\/aeroportdevictoria.com\/wp-content\/uploads\/2023\/06\/yyj-logo.svg","width":378,"height":73,"caption":"Victoria Inernational Airport"},"image":{"@id":"https:\/\/yyj.ca\/fr\/#\/schema\/logo\/image\/"}}]}},"_links":{"self":[{"href":"https:\/\/yyj.ca\/fr\/wp-json\/wp\/v2\/pages\/6953","targetHints":{"allow":["GET"]}}],"collection":[{"href":"https:\/\/yyj.ca\/fr\/wp-json\/wp\/v2\/pages"}],"about":[{"href":"https:\/\/yyj.ca\/fr\/wp-json\/wp\/v2\/types\/page"}],"author":[{"embeddable":true,"href":"https:\/\/yyj.ca\/fr\/wp-json\/wp\/v2\/users\/1"}],"replies":[{"embeddable":true,"href":"https:\/\/yyj.ca\/fr\/wp-json\/wp\/v2\/comments?post=6953"}],"version-history":[{"count":0,"href":"https:\/\/yyj.ca\/fr\/wp-json\/wp\/v2\/pages\/6953\/revisions"}],"wp:attachment":[{"href":"https:\/\/yyj.ca\/fr\/wp-json\/wp\/v2\/media?parent=6953"}],"curies":[{"name":"wp","href":"https:\/\/api.w.org\/{rel}","templated":true}]}}