{"id":6952,"date":"2022-10-07T14:58:21","date_gmt":"2022-10-07T21:58:21","guid":{"rendered":"https:\/\/yyj.eclipsedev.tk\/foire-aux-questions-faq\/"},"modified":"2025-08-26T16:17:25","modified_gmt":"2025-08-26T23:17:25","slug":"foire-aux-questions-faq","status":"publish","type":"page","link":"https:\/\/yyj.ca\/fr\/se-connecter-avec-yyj\/foire-aux-questions-faq\/","title":{"rendered":"Foire aux questions (FAQ)"},"content":{"rendered":"\n<section class=\"banner\">\n            <div class=\"image-wrap\">\n            <img fetchpriority=\"high\" decoding=\"async\" width=\"1400\" height=\"933\" src=\"https:\/\/yyj.ca\/wp-content\/uploads\/2023\/03\/YYJ_2023-416.jpg\" class=\"attachment-full size-full\" alt=\"\" loading=\"eager\" srcset=\"https:\/\/yyj.ca\/wp-content\/uploads\/2023\/03\/YYJ_2023-416.jpg 1400w, https:\/\/yyj.ca\/wp-content\/uploads\/2023\/03\/YYJ_2023-416-300x200.jpg 300w, https:\/\/yyj.ca\/wp-content\/uploads\/2023\/03\/YYJ_2023-416-1024x682.jpg 1024w\" sizes=\"(max-width: 1400px) 100vw, 1400px\" \/>        <\/div>\n        <div class=\"container large\">\n                    <h2 class=\"overline\">Contact<\/h2>\n                    <h1>Foire aux questions (FAQ)<\/h1>\n                    <\/div>\n    <div class=\"banner-graphic\">\n        <img decoding=\"async\" src=\"\/wp-content\/themes\/eclipse360\/assets\/images\/banner-bottom.svg\" alt=\"banner-graphic\">\n    <\/div>\n<\/section>\n\n\n\n<section class=\"accordions dark\">\n        <div class=\"container\">\n         \n                <div class=\"ac-inner\">\n                            <div class=\"accordion\">\n                    <h4 class=\"ac-trigger flex\">\u00c0 quelle heure dois-je arriver \u00e0 l&rsquo;a\u00e9roport pour prendre mon vol ?<\/h4>\n                    <div class=\"ac-content\"><p>\u00c0 Victoria, nous sugg\u00e9rons ce qui suit :<\/p>\n<p>Pour un vol int\u00e9rieur, vous devez arriver \u00e0 l&rsquo;a\u00e9roport au plus tard 1,5 \u00e0 2 heures avant l&rsquo;heure de d\u00e9part.<\/p>\n<p>Pour un vol transfrontalier, vous devez arriver \u00e0 l&rsquo;a\u00e9roport au plus tard 2 heures avant l&rsquo;heure de d\u00e9part.<\/p>\n<p>Pour un vol international, vous devez arriver \u00e0 l&rsquo;a\u00e9roport au plus tard 2 heures avant l&rsquo;heure de d\u00e9part.<\/p>\n<\/div>\n                <\/div>\n                            <div class=\"accordion\">\n                    <h4 class=\"ac-trigger flex\">O\u00f9 puis-je ranger mes effets personnels (cl\u00e9s de voiture, bagages, etc.) ?<\/h4>\n                    <div class=\"ac-content\"><p>En raison des r\u00e8gles de s\u00e9curit\u00e9 mises en place par Transports Canada, l&rsquo;a\u00e9roport international de Victoria (VIA) ne dispose pas d&rsquo;installations d&rsquo;entreposage pour le moment. En outre, pour des raisons de responsabilit\u00e9, l&rsquo;autorit\u00e9 a\u00e9roportuaire de Victoria (VAA) ne conserve pas d&rsquo;articles pour les passagers \u00e0 l&rsquo;a\u00e9roport.<\/p>\n<\/div>\n                <\/div>\n                            <div class=\"accordion\">\n                    <h4 class=\"ac-trigger flex\">De quel type de pi\u00e8ce d&rsquo;identit\u00e9 ai-je besoin pour prendre l&rsquo;avion ?<\/h4>\n                    <div class=\"ac-content\"><p><strong>Pour les vols \u00e0 l&rsquo;int\u00e9rieur du Canada, le passager doit pr\u00e9senter :<\/strong><\/p>\n<p>Deux (2) pi\u00e8ces d&rsquo;identit\u00e9 sans photo d\u00e9livr\u00e9es par le gouvernement avec des noms correspondants, \u00e0 condition qu&rsquo;au moins une pi\u00e8ce comprenne \u00e9galement la date de naissance et le sexe ; ou<\/p>\n<p>Une (1) pi\u00e8ce d&rsquo;identit\u00e9 d\u00e9livr\u00e9e par le gouvernement avec photo indiquant le nom, la date de naissance et le sexe.<\/p>\n<p><strong>Pour tous les vols en dehors du Canada, les passagers doivent \u00eatre munis d&rsquo;un passeport en cours de validit\u00e9.<\/strong><\/p>\n<\/div>\n                <\/div>\n                            <div class=\"accordion\">\n                    <h4 class=\"ac-trigger flex\">\u00cates-vous ouvert 24 heures sur 24 ?<\/h4>\n                    <div class=\"ac-content\"><p>L\u2019a\u00e9roport international de Victoria est ouvert de 4 h \u00e0 1 h \u2013 selon les horaires de d\u00e9part et d\u2019arriv\u00e9e des compagnies a\u00e9riennes.<\/p>\n<\/div>\n                <\/div>\n                            <div class=\"accordion\">\n                    <h4 class=\"ac-trigger flex\">Puis-je passer la nuit \u00e0 l&rsquo;a\u00e9roport ?<\/h4>\n                    <div class=\"ac-content\"><p>Pour des raisons de s\u00fbret\u00e9 et de s\u00e9curit\u00e9, les s\u00e9jours de nuit dans l\u2019a\u00e9rogare ne sont pas permis.<\/p>\n<\/div>\n                <\/div>\n                            <div class=\"accordion\">\n                    <h4 class=\"ac-trigger flex\">Quels sont les objets autoris\u00e9s dans mon bagage \u00e0 main ?<\/h4>\n                    <div class=\"ac-content\"><p>Actuellement, l&rsquo;ACSTA, l&rsquo;Administration canadienne de la s\u00fbret\u00e9 du transport a\u00e9rien, est responsable du contr\u00f4le des passagers avant l&#8217;embarquement \u00e0 l&rsquo;A\u00e9roport international de Victoria et dans d&rsquo;autres a\u00e9roports du Canada. Pour obtenir des informations sur les objets interdits, nous vous recommandons de consulter le site web de l <a href=\"http:\/\/www.catsa.gc.ca\/whatcanIbring\" target=\"_blank\" rel=\"noopener\">&lsquo;ACSTA<\/a>.<\/p>\n<\/div>\n                <\/div>\n                            <div class=\"accordion\">\n                    <h4 class=\"ac-trigger flex\">Je suis \u00e0 mobilit\u00e9 r\u00e9duite et j&rsquo;aurai besoin d&rsquo;un fauteuil roulant et\/ou d&rsquo;une assistance.<\/h4>\n                    <div class=\"ac-content\"><p>Vous devrez informer votre compagnie a\u00e9rienne, au moment de la r\u00e9servation, que vous aurez besoin d\u2019une assistance en fauteuil roulant. Pour votre commodit\u00e9, les compagnies a\u00e9riennes mettent des fauteuils roulants \u00e0 votre disposition juste \u00e0 l\u2019int\u00e9rieur des portes des D\u00e9parts, \u00e0 l\u2019entr\u00e9e de l\u2019a\u00e9rogare. \u00bb<\/p>\n<p>Pour toute question ou pr\u00e9occupation concernant l\u2019accessibilit\u00e9, veuillez communiquer avec nous \u00e0 Accessibilit\u00e9 et nous vous r\u00e9pondrons rapidement. <\/p>\n<p>Assistance en bordure de trottoir<br \/>\nUne nouvelle option \u00e0 YYJ permet aux voyageurs ayant un handicap ou une mobilit\u00e9 r\u00e9duite de b\u00e9n\u00e9ficier d\u2019une assistance depuis la bordure de trottoir jusqu\u2019au comptoir d\u2019enregistrement de la compagnie a\u00e9rienne, ainsi que depuis la zone de retrait des bagages, apr\u00e8s avoir r\u00e9cup\u00e9r\u00e9 leurs valises avec l\u2019agent de la compagnie a\u00e9rienne, jusqu\u2019\u00e0 la bordure de trottoir. Notre objectif est d\u2019offrir un service exceptionnel et de r\u00e9pondre \u00e0 vos besoins en mati\u00e8re d\u2019assistance en bordure de trottoir. Veuillez noter que si vous avez besoin d\u2019assistance pour l\u2019ensemble de votre parcours de voyage, il est important de r\u00e9server ces services directement aupr\u00e8s de votre compagnie a\u00e9rienne. \u00bb<\/p>\n<p>Formulaire de r\u00e9servation pour l\u2019assistance en bordure de trottoir.<\/p>\n<\/div>\n                <\/div>\n                            <div class=\"accordion\">\n                    <h4 class=\"ac-trigger flex\">Si je me rends aux \u00c9tats-Unis, dois-je passer la douane \u00e0 Victoria ou aux \u00c9tats-Unis ?<\/h4>\n                    <div class=\"ac-content\"><p>L&rsquo;A\u00e9roport international de Victoria (YYJ) ne dispose pas actuellement d&rsquo;un centre de pr\u00e9d\u00e9douanement am\u00e9ricain. Si le voyage se fait sans escale vers les \u00c9tats-Unis \u00e0 partir de YYJ, les voyageurs passeront les douanes et l&rsquo;immigration am\u00e9ricaines \u00e0 leur arriv\u00e9e aux \u00c9tats-Unis. Si le voyage vers les \u00c9tats-Unis se fait via Vancouver ou un autre grand a\u00e9roport canadien, ils b\u00e9n\u00e9ficieront d&rsquo;un pr\u00e9-d\u00e9douanement aux \u00c9tats-Unis.<\/p>\n<\/div>\n                <\/div>\n                            <div class=\"accordion\">\n                    <h4 class=\"ac-trigger flex\">Ma compagnie a\u00e9rienne a perdu mes bagages, comment puis-je savoir o\u00f9 ils se trouvent ?<\/h4>\n                    <div class=\"ac-content\"><p>Malheureusement, l\u2019Autorit\u00e9 a\u00e9roportuaire de Victoria (AAV) n\u2019est pas en mesure d\u2019acc\u00e9der \u00e0 ce type d\u2019information en votre nom pour des raisons de confidentialit\u00e9. Vous devez adresser cette demande directement \u00e0 la compagnie a\u00e9rienne avec laquelle vous avez voyag\u00e9.<\/p>\n<\/div>\n                <\/div>\n                            <div class=\"accordion\">\n                    <h4 class=\"ac-trigger flex\">Comment contacter les objets trouv\u00e9s ?<\/h4>\n                    <div class=\"ac-content\"><p>Acc\u00e9der au service des objets perdus de l\u2019a\u00e9roport YYJ. <\/p>\n<p>Veuillez noter que tout objet perdu \u00e0 bord d\u2019un a\u00e9ronef rel\u00e8ve de la responsabilit\u00e9 de la compagnie a\u00e9rienne. Dans ces cas, veuillez communiquer directement avec la compagnie a\u00e9rienne.<\/p>\n<\/div>\n                <\/div>\n                            <div class=\"accordion\">\n                    <h4 class=\"ac-trigger flex\">O\u00f9 puis-je trouver des offres d&#8217;emploi \u00e0 l&rsquo;a\u00e9roport ?<\/h4>\n                    <div class=\"ac-content\"><p>Les possibilit\u00e9s d\u2019emploi actuelles \u00e0 l\u2019Autorit\u00e9 a\u00e9roportuaire de Victoria (AAV) se trouvent dans la section Carri\u00e8res de notre site Web. <\/p>\n<p>L\u2019Autorit\u00e9 a\u00e9roportuaire n\u2019est pas l\u2019employeur des compagnies a\u00e9riennes, des locataires de l\u2019a\u00e9rogare ni des locataires des terrains. Nous vous recommandons de communiquer directement avec ces entreprises pour conna\u00eetre leurs offres d\u2019emploi. <\/p>\n<p>Si vous \u00eates int\u00e9ress\u00e9 par un emploi dans le domaine de la s\u00e9curit\u00e9 en tant qu\u2019agent de contr\u00f4le pr\u00e9-embarquement ou agent de s\u00e9curit\u00e9: <\/p>\n<p>Paladin Airport Security Services<br \/>\n<a href=\"https:\/\/paladinairportsecurity.com\/fr\/\">Entreprise de services de contr\u00f4le au Canada -Services de S\u00e9curit\u00e9 d\u2019A\u00e9roport Paladin<\/a><\/p>\n<p>Paladin Security<br \/>\nA\u00e9roport international de Victoria<br \/>\n201-1640, boulevard Electra<br \/>\nSidney (C.-B.) V8L 5V4<br \/>\n\u00c0 l\u2019attention du directeur des services \u00e0 la client\u00e8le, succursale de Victoria<\/p>\n<\/div>\n                <\/div>\n                            <div class=\"accordion\">\n                    <h4 class=\"ac-trigger flex\">Quels sont les num\u00e9ros de t\u00e9l\u00e9phone des a\u00e9roports ?<\/h4>\n                    <div class=\"ac-content\"><p>Pour obtenir la liste des num\u00e9ros de t\u00e9l\u00e9phone de l\u2019a\u00e9roport, veuillez consulter notre page d\u2019information sur les compagnies a\u00e9riennes ainsi que notre r\u00e9pertoire de contacts<\/p>\n<\/div>\n                <\/div>\n                            <div class=\"accordion\">\n                    <h4 class=\"ac-trigger flex\">Comment puis-je biper quelqu&rsquo;un \u00e0 l&rsquo;a\u00e9roport ?<\/h4>\n                    <div class=\"ac-content\"><p>Notre bureau d&rsquo;information des volontaires en blouse rouge est ouvert de 8 h 30 \u00e0 16 h 30 tous les jours. Vous pouvez appeler ce bureau au (250) 953-7533 ou, en dehors des heures d&rsquo;ouverture, appeler le bureau de la s\u00e9curit\u00e9 de l&rsquo;a\u00e9roport au (250) 953-7511.<\/p>\n<\/div>\n                <\/div>\n                            <div class=\"accordion\">\n                    <h4 class=\"ac-trigger flex\">Quel est le num\u00e9ro de t\u00e9l\u00e9phone du bureau m\u00e9t\u00e9orologique de Victoria ?<\/h4>\n                    <div class=\"ac-content\"><p>Le num\u00e9ro de t\u00e9l\u00e9phone du bureau m\u00e9t\u00e9orologique d&rsquo;Environnement Canada \u00e0 Victoria est le (250) 363-0410.<\/p>\n<\/div>\n                <\/div>\n                            <div class=\"accordion\">\n                    <h4 class=\"ac-trigger flex\">L&rsquo;a\u00e9roport international de Victoria dispose-t-il d&rsquo;une boutique hors taxes ?<\/h4>\n                    <div class=\"ac-content\"><p>Oui. Les services hors taxes sont fournis par LS Retail North America et peuvent \u00eatre contact\u00e9s au (250) 656-0817.<\/p>\n<p>Remarque : les articles hors taxes doivent \u00eatre achet\u00e9s au moins 30 minutes avant l&rsquo;heure d&#8217;embarquement et ne sont disponibles qu&rsquo;au poste de s\u00e9curit\u00e9.<\/p>\n<\/div>\n                <\/div>\n                            <div class=\"accordion\">\n                    <h4 class=\"ac-trigger flex\">L&rsquo;a\u00e9roport international de Victoria dispose-t-il d&rsquo;un service de bus de transport en commun ?<\/h4>\n                    <div class=\"ac-content\"><p>Oui. BC Transit a consid\u00e9rablement augment\u00e9 le service vers et depuis l\u2019a\u00e9rogare de l\u2019a\u00e9roport international de Victoria en juin 2011. Veuillez consulter la section Transport en commun de notre site Web pour plus de d\u00e9tails.<\/p>\n<\/div>\n                <\/div>\n                            <div class=\"accordion\">\n                    <h4 class=\"ac-trigger flex\">Puis-je faire entrer mon animal de compagnie dans l&rsquo;a\u00e9rogare ?<\/h4>\n                    <div class=\"ac-content\"><p>Les animaux d\u2019assistance, les animaux voyageant avec leurs propri\u00e9taires et les animaux de compagnie sont permis \u00e0 l\u2019int\u00e9rieur de l\u2019a\u00e9rogare. Les animaux ne doivent pas \u00eatre laiss\u00e9s en libert\u00e9 sur un terrain qui n\u2019appartient pas \u00e0 leur propri\u00e9taire, ni autoris\u00e9s \u00e0 crier ou aboyer de fa\u00e7on \u00e0 troubler la tranquillit\u00e9, ni \u00eatre confin\u00e9s dans un espace clos ou un v\u00e9hicule sans ventilation ad\u00e9quate. Les propri\u00e9taires d\u2019animaux sont \u00e9galement responsables du nettoyage et de l\u2019\u00e9limination des excr\u00e9ments et de l\u2019urine.<\/p>\n<\/div>\n                <\/div>\n                            <div class=\"accordion\">\n                    <h4 class=\"ac-trigger flex\">O\u00f9 suis-je autoris\u00e9 \u00e0 fumer ?<\/h4>\n                    <div class=\"ac-content\"><p>Il n&rsquo;est permis de fumer que dans la zone abrit\u00e9e du parking de courte dur\u00e9e situ\u00e9 \u00e0 l&rsquo;extr\u00e9mit\u00e9 des arriv\u00e9es du b\u00e2timent de l&rsquo;a\u00e9rogare.<\/p>\n<\/div>\n                <\/div>\n                    <\/div>\n    <\/div>\n<\/section>\n\n\n<figure class=\"wp-block-gallery has-nested-images columns-5 is-cropped wp-block-gallery-1 is-layout-flex wp-block-gallery-is-layout-flex\">\n<figure class=\"wp-block-image size-full\"><img loading=\"lazy\" decoding=\"async\" width=\"750\" height=\"611\" data-id=\"4173\" src=\"https:\/\/yyj.ca\/wp-content\/uploads\/2023\/02\/YYJ_SAMPLE_IMAGES-19.jpg\" alt=\"\" class=\"wp-image-4173\" srcset=\"https:\/\/yyj.ca\/wp-content\/uploads\/2023\/02\/YYJ_SAMPLE_IMAGES-19.jpg 750w, https:\/\/yyj.ca\/wp-content\/uploads\/2023\/02\/YYJ_SAMPLE_IMAGES-19-300x244.jpg 300w\" sizes=\"auto, (max-width: 750px) 100vw, 750px\" \/><\/figure>\n\n\n\n<figure class=\"wp-block-image size-full\"><img loading=\"lazy\" decoding=\"async\" width=\"750\" height=\"500\" data-id=\"4174\" src=\"https:\/\/yyj.ca\/wp-content\/uploads\/2023\/02\/YYJ_SAMPLE_IMAGES.jpg\" alt=\"\" class=\"wp-image-4174\" srcset=\"https:\/\/yyj.ca\/wp-content\/uploads\/2023\/02\/YYJ_SAMPLE_IMAGES.jpg 750w, https:\/\/yyj.ca\/wp-content\/uploads\/2023\/02\/YYJ_SAMPLE_IMAGES-300x200.jpg 300w\" sizes=\"auto, (max-width: 750px) 100vw, 750px\" \/><\/figure>\n\n\n\n<figure class=\"wp-block-image size-large\"><img loading=\"lazy\" decoding=\"async\" width=\"1024\" height=\"682\" data-id=\"4231\" src=\"https:\/\/yyj.ca\/wp-content\/uploads\/2023\/02\/YYJ_2023-229-1024x682.jpg\" alt=\"\" class=\"wp-image-4231\" srcset=\"https:\/\/yyj.ca\/wp-content\/uploads\/2023\/02\/YYJ_2023-229-1024x682.jpg 1024w, https:\/\/yyj.ca\/wp-content\/uploads\/2023\/02\/YYJ_2023-229-300x200.jpg 300w, https:\/\/yyj.ca\/wp-content\/uploads\/2023\/02\/YYJ_2023-229.jpg 1400w\" sizes=\"auto, (max-width: 1024px) 100vw, 1024px\" \/><\/figure>\n\n\n\n<figure class=\"wp-block-image size-full\"><img loading=\"lazy\" decoding=\"async\" width=\"750\" height=\"500\" data-id=\"4175\" src=\"https:\/\/yyj.ca\/wp-content\/uploads\/2023\/02\/YYJ_SAMPLE_IMAGES-6.jpg\" alt=\"\" class=\"wp-image-4175\" srcset=\"https:\/\/yyj.ca\/wp-content\/uploads\/2023\/02\/YYJ_SAMPLE_IMAGES-6.jpg 750w, https:\/\/yyj.ca\/wp-content\/uploads\/2023\/02\/YYJ_SAMPLE_IMAGES-6-300x200.jpg 300w\" sizes=\"auto, (max-width: 750px) 100vw, 750px\" \/><\/figure>\n\n\n\n<figure class=\"wp-block-image size-large\"><img loading=\"lazy\" decoding=\"async\" width=\"1024\" height=\"682\" data-id=\"4230\" src=\"https:\/\/yyj.ca\/wp-content\/uploads\/2023\/02\/YYJ_2023-30-1024x682.jpg\" alt=\"\" class=\"wp-image-4230\" srcset=\"https:\/\/yyj.ca\/wp-content\/uploads\/2023\/02\/YYJ_2023-30-1024x682.jpg 1024w, https:\/\/yyj.ca\/wp-content\/uploads\/2023\/02\/YYJ_2023-30-300x200.jpg 300w, https:\/\/yyj.ca\/wp-content\/uploads\/2023\/02\/YYJ_2023-30.jpg 1400w\" sizes=\"auto, (max-width: 1024px) 100vw, 1024px\" \/><\/figure>\n<\/figure>\n","protected":false},"excerpt":{"rendered":"","protected":false},"author":1,"featured_media":0,"parent":6975,"menu_order":39,"comment_status":"closed","ping_status":"closed","template":"","meta":{"_acf_changed":false,"footnotes":""},"class_list":["post-6952","page","type-page","status-publish","hentry"],"acf":[],"yoast_head":"<!-- This site is optimized with the Yoast SEO plugin v27.3 - https:\/\/yoast.com\/product\/yoast-seo-wordpress\/ -->\n<title>Foire aux questions (FAQ) - Victoria Airport Authority<\/title>\n<meta name=\"robots\" content=\"index, follow, max-snippet:-1, max-image-preview:large, max-video-preview:-1\" \/>\n<link rel=\"canonical\" href=\"https:\/\/yyj.ca\/fr\/se-connecter-avec-yyj\/foire-aux-questions-faq\/\" \/>\n<meta property=\"og:locale\" content=\"fr_FR\" \/>\n<meta property=\"og:type\" content=\"article\" \/>\n<meta property=\"og:title\" content=\"Foire aux questions (FAQ) - Victoria Airport Authority\" \/>\n<meta property=\"og:url\" content=\"https:\/\/yyj.ca\/fr\/se-connecter-avec-yyj\/foire-aux-questions-faq\/\" \/>\n<meta property=\"og:site_name\" content=\"Victoria Airport Authority\" \/>\n<meta property=\"article:modified_time\" content=\"2025-08-26T23:17:25+00:00\" \/>\n<meta name=\"twitter:card\" content=\"summary_large_image\" \/>\n<meta name=\"twitter:label1\" content=\"Dur\u00e9e de lecture estim\u00e9e\" \/>\n\t<meta name=\"twitter:data1\" content=\"1 minute\" \/>\n<script type=\"application\/ld+json\" class=\"yoast-schema-graph\">{\"@context\":\"https:\\\/\\\/schema.org\",\"@graph\":[{\"@type\":\"WebPage\",\"@id\":\"https:\\\/\\\/yyj.ca\\\/fr\\\/se-connecter-avec-yyj\\\/foire-aux-questions-faq\\\/\",\"url\":\"https:\\\/\\\/yyj.ca\\\/fr\\\/se-connecter-avec-yyj\\\/foire-aux-questions-faq\\\/\",\"name\":\"Foire aux questions (FAQ) - Victoria Airport Authority\",\"isPartOf\":{\"@id\":\"https:\\\/\\\/yyj.ca\\\/fr\\\/#website\"},\"datePublished\":\"2022-10-07T21:58:21+00:00\",\"dateModified\":\"2025-08-26T23:17:25+00:00\",\"breadcrumb\":{\"@id\":\"https:\\\/\\\/yyj.ca\\\/fr\\\/se-connecter-avec-yyj\\\/foire-aux-questions-faq\\\/#breadcrumb\"},\"inLanguage\":\"fr-FR\",\"potentialAction\":[{\"@type\":\"ReadAction\",\"target\":[\"https:\\\/\\\/yyj.ca\\\/fr\\\/se-connecter-avec-yyj\\\/foire-aux-questions-faq\\\/\"]}]},{\"@type\":\"BreadcrumbList\",\"@id\":\"https:\\\/\\\/yyj.ca\\\/fr\\\/se-connecter-avec-yyj\\\/foire-aux-questions-faq\\\/#breadcrumb\",\"itemListElement\":[{\"@type\":\"ListItem\",\"position\":1,\"name\":\"Home\",\"item\":\"https:\\\/\\\/yyj.ca\\\/fr\\\/\"},{\"@type\":\"ListItem\",\"position\":2,\"name\":\"Se connecter avec YYJ\",\"item\":\"https:\\\/\\\/yyj.ca\\\/fr\\\/se-connecter-avec-yyj\\\/\"},{\"@type\":\"ListItem\",\"position\":3,\"name\":\"Foire aux questions (FAQ)\"}]},{\"@type\":\"WebSite\",\"@id\":\"https:\\\/\\\/yyj.ca\\\/fr\\\/#website\",\"url\":\"https:\\\/\\\/yyj.ca\\\/fr\\\/\",\"name\":\"Victoria Airport Authority\",\"description\":\"Victoria International Airport\",\"publisher\":{\"@id\":\"https:\\\/\\\/yyj.ca\\\/fr\\\/#organization\"},\"potentialAction\":[{\"@type\":\"SearchAction\",\"target\":{\"@type\":\"EntryPoint\",\"urlTemplate\":\"https:\\\/\\\/yyj.ca\\\/fr\\\/?s={search_term_string}\"},\"query-input\":{\"@type\":\"PropertyValueSpecification\",\"valueRequired\":true,\"valueName\":\"search_term_string\"}}],\"inLanguage\":\"fr-FR\"},{\"@type\":\"Organization\",\"@id\":\"https:\\\/\\\/yyj.ca\\\/fr\\\/#organization\",\"name\":\"Victoria Inernational Airport\",\"url\":\"https:\\\/\\\/yyj.ca\\\/fr\\\/\",\"logo\":{\"@type\":\"ImageObject\",\"inLanguage\":\"fr-FR\",\"@id\":\"https:\\\/\\\/yyj.ca\\\/fr\\\/#\\\/schema\\\/logo\\\/image\\\/\",\"url\":\"https:\\\/\\\/aeroportdevictoria.com\\\/wp-content\\\/uploads\\\/2023\\\/06\\\/yyj-logo.svg\",\"contentUrl\":\"https:\\\/\\\/aeroportdevictoria.com\\\/wp-content\\\/uploads\\\/2023\\\/06\\\/yyj-logo.svg\",\"width\":378,\"height\":73,\"caption\":\"Victoria Inernational Airport\"},\"image\":{\"@id\":\"https:\\\/\\\/yyj.ca\\\/fr\\\/#\\\/schema\\\/logo\\\/image\\\/\"}}]}<\/script>\n<!-- \/ Yoast SEO plugin. -->","yoast_head_json":{"title":"Foire aux questions (FAQ) - Victoria Airport Authority","robots":{"index":"index","follow":"follow","max-snippet":"max-snippet:-1","max-image-preview":"max-image-preview:large","max-video-preview":"max-video-preview:-1"},"canonical":"https:\/\/yyj.ca\/fr\/se-connecter-avec-yyj\/foire-aux-questions-faq\/","og_locale":"fr_FR","og_type":"article","og_title":"Foire aux questions (FAQ) - Victoria Airport Authority","og_url":"https:\/\/yyj.ca\/fr\/se-connecter-avec-yyj\/foire-aux-questions-faq\/","og_site_name":"Victoria Airport Authority","article_modified_time":"2025-08-26T23:17:25+00:00","twitter_card":"summary_large_image","twitter_misc":{"Dur\u00e9e de lecture estim\u00e9e":"1 minute"},"schema":{"@context":"https:\/\/schema.org","@graph":[{"@type":"WebPage","@id":"https:\/\/yyj.ca\/fr\/se-connecter-avec-yyj\/foire-aux-questions-faq\/","url":"https:\/\/yyj.ca\/fr\/se-connecter-avec-yyj\/foire-aux-questions-faq\/","name":"Foire aux questions (FAQ) - Victoria Airport Authority","isPartOf":{"@id":"https:\/\/yyj.ca\/fr\/#website"},"datePublished":"2022-10-07T21:58:21+00:00","dateModified":"2025-08-26T23:17:25+00:00","breadcrumb":{"@id":"https:\/\/yyj.ca\/fr\/se-connecter-avec-yyj\/foire-aux-questions-faq\/#breadcrumb"},"inLanguage":"fr-FR","potentialAction":[{"@type":"ReadAction","target":["https:\/\/yyj.ca\/fr\/se-connecter-avec-yyj\/foire-aux-questions-faq\/"]}]},{"@type":"BreadcrumbList","@id":"https:\/\/yyj.ca\/fr\/se-connecter-avec-yyj\/foire-aux-questions-faq\/#breadcrumb","itemListElement":[{"@type":"ListItem","position":1,"name":"Home","item":"https:\/\/yyj.ca\/fr\/"},{"@type":"ListItem","position":2,"name":"Se connecter avec YYJ","item":"https:\/\/yyj.ca\/fr\/se-connecter-avec-yyj\/"},{"@type":"ListItem","position":3,"name":"Foire aux questions (FAQ)"}]},{"@type":"WebSite","@id":"https:\/\/yyj.ca\/fr\/#website","url":"https:\/\/yyj.ca\/fr\/","name":"Victoria Airport Authority","description":"Victoria International Airport","publisher":{"@id":"https:\/\/yyj.ca\/fr\/#organization"},"potentialAction":[{"@type":"SearchAction","target":{"@type":"EntryPoint","urlTemplate":"https:\/\/yyj.ca\/fr\/?s={search_term_string}"},"query-input":{"@type":"PropertyValueSpecification","valueRequired":true,"valueName":"search_term_string"}}],"inLanguage":"fr-FR"},{"@type":"Organization","@id":"https:\/\/yyj.ca\/fr\/#organization","name":"Victoria Inernational Airport","url":"https:\/\/yyj.ca\/fr\/","logo":{"@type":"ImageObject","inLanguage":"fr-FR","@id":"https:\/\/yyj.ca\/fr\/#\/schema\/logo\/image\/","url":"https:\/\/aeroportdevictoria.com\/wp-content\/uploads\/2023\/06\/yyj-logo.svg","contentUrl":"https:\/\/aeroportdevictoria.com\/wp-content\/uploads\/2023\/06\/yyj-logo.svg","width":378,"height":73,"caption":"Victoria Inernational Airport"},"image":{"@id":"https:\/\/yyj.ca\/fr\/#\/schema\/logo\/image\/"}}]}},"_links":{"self":[{"href":"https:\/\/yyj.ca\/fr\/wp-json\/wp\/v2\/pages\/6952","targetHints":{"allow":["GET"]}}],"collection":[{"href":"https:\/\/yyj.ca\/fr\/wp-json\/wp\/v2\/pages"}],"about":[{"href":"https:\/\/yyj.ca\/fr\/wp-json\/wp\/v2\/types\/page"}],"author":[{"embeddable":true,"href":"https:\/\/yyj.ca\/fr\/wp-json\/wp\/v2\/users\/1"}],"replies":[{"embeddable":true,"href":"https:\/\/yyj.ca\/fr\/wp-json\/wp\/v2\/comments?post=6952"}],"version-history":[{"count":0,"href":"https:\/\/yyj.ca\/fr\/wp-json\/wp\/v2\/pages\/6952\/revisions"}],"up":[{"embeddable":true,"href":"https:\/\/yyj.ca\/fr\/wp-json\/wp\/v2\/pages\/6975"}],"wp:attachment":[{"href":"https:\/\/yyj.ca\/fr\/wp-json\/wp\/v2\/media?parent=6952"}],"curies":[{"name":"wp","href":"https:\/\/api.w.org\/{rel}","templated":true}]}}