{"id":6951,"date":"2022-10-18T13:41:34","date_gmt":"2022-10-18T20:41:34","guid":{"rendered":"https:\/\/yyj.eclipsedev.tk\/notre-avenir\/"},"modified":"2024-07-16T09:50:24","modified_gmt":"2024-07-16T16:50:24","slug":"notre-avenir","status":"publish","type":"page","link":"https:\/\/yyj.ca\/fr\/notre-avenir\/","title":{"rendered":"Notre avenir"},"content":{"rendered":"\n<section class=\"banner\">\n            <div class=\"image-wrap\">\n            <img fetchpriority=\"high\" decoding=\"async\" width=\"1400\" height=\"933\" src=\"https:\/\/yyj.ca\/wp-content\/uploads\/2023\/03\/YYJ_2023-409.jpg\" class=\"attachment-full size-full\" alt=\"\" loading=\"eager\" srcset=\"https:\/\/yyj.ca\/wp-content\/uploads\/2023\/03\/YYJ_2023-409.jpg 1400w, https:\/\/yyj.ca\/wp-content\/uploads\/2023\/03\/YYJ_2023-409-300x200.jpg 300w, https:\/\/yyj.ca\/wp-content\/uploads\/2023\/03\/YYJ_2023-409-1024x682.jpg 1024w\" sizes=\"(max-width: 1400px) 100vw, 1400px\" \/>        <\/div>\n        <div class=\"container large\">\n                    <h1>Notre avenir<\/h1>\n                    <\/div>\n    <div class=\"banner-graphic\">\n        <img decoding=\"async\" src=\"\/wp-content\/themes\/eclipse360\/assets\/images\/banner-bottom.svg\" alt=\"banner-graphic\">\n    <\/div>\n<\/section>\n<section class=\"page-intro\">\n    <div class=\"container\">\n        <div class=\"content\"><p>Chez YYJ, nous regardons toujours vers l&rsquo;avenir &#8211; en anticipant les demandes futures sur notre infrastructure, en travaillant avec nos partenaires et parties prenantes sur leur vision et leurs besoins, et en planifiant les mises \u00e0 niveau, les am\u00e9liorations et les expansions d&rsquo;une mani\u00e8re efficace et responsable sur le plan fiscal. Le plan directeur de l&rsquo;a\u00e9roport fournit une strat\u00e9gie \u00e0 long terme pour le d\u00e9veloppement de YYJ, tandis que le plan strat\u00e9gique de VAA \u00e9tablit des objectifs commerciaux et des mesures de performance pour une p\u00e9riode de cinq ans. Enfin, les projets de l&rsquo;ann\u00e9e en cours et les initiatives de planification sont les m\u00e9canismes qui permettent de r\u00e9aliser ces plans.<\/p>\n<\/div>\n    <\/div>\n<\/section>\n<section class=\"content-slider flex one-col\">\n                    <div class=\"container large\">\n                        <div class=\"slides\" data-animate>\n                            <div class=\"slide\">\n                    <a href=\"https:\/\/yyj.ca\/fr\/notre-avenir\/plan-directeur\/\">                        <div class=\"image-wrap\">\n                                                    <img loading=\"lazy\" decoding=\"async\" width=\"1200\" height=\"933\" src=\"https:\/\/yyj.ca\/wp-content\/uploads\/2023\/02\/YYJ_2023-4-1200x933.jpg\" class=\"attachment-medium-square size-medium-square\" alt=\"\" \/>                                                <\/div>\n                        <div class=\"tile-content\">\n                                                            <h4>Plan directeur<\/h4>\n                                                    <\/div>\n                    <\/a>                <\/div>\n                            <div class=\"slide\">\n                    <a href=\"https:\/\/yyj.ca\/fr\/notre-avenir\/plan-strategique\/\">                        <div class=\"image-wrap\">\n                                                    <img loading=\"lazy\" decoding=\"async\" width=\"1200\" height=\"1200\" src=\"https:\/\/yyj.ca\/wp-content\/uploads\/2023\/03\/YYJ_2023-210-1-1200x1200.jpg\" class=\"attachment-medium-square size-medium-square\" alt=\"\" srcset=\"https:\/\/yyj.ca\/wp-content\/uploads\/2023\/03\/YYJ_2023-210-1-1200x1200.jpg 1200w, https:\/\/yyj.ca\/wp-content\/uploads\/2023\/03\/YYJ_2023-210-1-150x150.jpg 150w, https:\/\/yyj.ca\/wp-content\/uploads\/2023\/03\/YYJ_2023-210-1-400x400.jpg 400w, https:\/\/yyj.ca\/wp-content\/uploads\/2023\/03\/YYJ_2023-210-1-800x800.jpg 800w\" sizes=\"auto, (max-width: 1200px) 100vw, 1200px\" \/>                                                <\/div>\n                        <div class=\"tile-content\">\n                                                            <h4>Plan strat\u00e9gique<\/h4>\n                                                    <\/div>\n                    <\/a>                <\/div>\n                            <div class=\"slide\">\n                    <a href=\"https:\/\/yyj.ca\/fr\/notre-avenir\/projets-et-planification\/\">                        <div class=\"image-wrap\">\n                                                    <img loading=\"lazy\" decoding=\"async\" width=\"1200\" height=\"1200\" src=\"https:\/\/yyj.ca\/wp-content\/uploads\/2024\/06\/DSC_0125-1200x1200.jpg\" class=\"attachment-medium-square size-medium-square\" alt=\"\" srcset=\"https:\/\/yyj.ca\/wp-content\/uploads\/2024\/06\/DSC_0125-1200x1200.jpg 1200w, https:\/\/yyj.ca\/wp-content\/uploads\/2024\/06\/DSC_0125-150x150.jpg 150w, https:\/\/yyj.ca\/wp-content\/uploads\/2024\/06\/DSC_0125-400x400.jpg 400w, https:\/\/yyj.ca\/wp-content\/uploads\/2024\/06\/DSC_0125-800x800.jpg 800w, https:\/\/yyj.ca\/wp-content\/uploads\/2024\/06\/DSC_0125-1600x1600.jpg 1600w\" sizes=\"auto, (max-width: 1200px) 100vw, 1200px\" \/>                                                <\/div>\n                        <div class=\"tile-content\">\n                                                            <h4>Projets et planification<\/h4>\n                                                    <\/div>\n                    <\/a>                <\/div>\n                        <\/div>\n        <\/div>\n        <div class=\"flyouts\">\n                <div class=\"flyout flyout-slider flex\">\n                <div class=\"close\"><\/div>\n                <div class=\"image-wrap\">\n                                    <\/div>\n                <div class=\"content\">\n                    <div><\/div>\n                <\/div>\n            <\/div>\n                    <div class=\"flyout flyout-slider flex\">\n                <div class=\"close\"><\/div>\n                <div class=\"image-wrap\">\n                                    <\/div>\n                <div class=\"content\">\n                    <div><\/div>\n                <\/div>\n            <\/div>\n                    <div class=\"flyout flyout-slider flex\">\n                <div class=\"close\"><\/div>\n                <div class=\"image-wrap\">\n                                    <\/div>\n                <div class=\"content\">\n                    <div><\/div>\n                <\/div>\n            <\/div>\n            <div>\n<\/section>","protected":false},"excerpt":{"rendered":"","protected":false},"author":1,"featured_media":0,"parent":0,"menu_order":20,"comment_status":"closed","ping_status":"closed","template":"","meta":{"_acf_changed":false,"footnotes":""},"class_list":["post-6951","page","type-page","status-publish","hentry"],"acf":[],"yoast_head":"<!-- This site is optimized with the Yoast SEO plugin v27.3 - https:\/\/yoast.com\/product\/yoast-seo-wordpress\/ -->\n<title>Notre avenir - Victoria Airport Authority<\/title>\n<meta name=\"robots\" content=\"index, follow, max-snippet:-1, max-image-preview:large, max-video-preview:-1\" \/>\n<link rel=\"canonical\" href=\"https:\/\/yyj.ca\/fr\/notre-avenir\/\" \/>\n<meta property=\"og:locale\" content=\"fr_FR\" \/>\n<meta property=\"og:type\" content=\"article\" \/>\n<meta property=\"og:title\" content=\"Notre avenir - Victoria Airport Authority\" \/>\n<meta property=\"og:url\" content=\"https:\/\/yyj.ca\/fr\/notre-avenir\/\" \/>\n<meta property=\"og:site_name\" content=\"Victoria Airport Authority\" \/>\n<meta property=\"article:modified_time\" content=\"2024-07-16T16:50:24+00:00\" \/>\n<meta name=\"twitter:card\" content=\"summary_large_image\" \/>\n<script type=\"application\/ld+json\" class=\"yoast-schema-graph\">{\"@context\":\"https:\\\/\\\/schema.org\",\"@graph\":[{\"@type\":\"WebPage\",\"@id\":\"https:\\\/\\\/yyj.ca\\\/fr\\\/notre-avenir\\\/\",\"url\":\"https:\\\/\\\/yyj.ca\\\/fr\\\/notre-avenir\\\/\",\"name\":\"Notre avenir - Victoria Airport Authority\",\"isPartOf\":{\"@id\":\"https:\\\/\\\/yyj.ca\\\/fr\\\/#website\"},\"datePublished\":\"2022-10-18T20:41:34+00:00\",\"dateModified\":\"2024-07-16T16:50:24+00:00\",\"breadcrumb\":{\"@id\":\"https:\\\/\\\/yyj.ca\\\/fr\\\/notre-avenir\\\/#breadcrumb\"},\"inLanguage\":\"fr-FR\",\"potentialAction\":[{\"@type\":\"ReadAction\",\"target\":[\"https:\\\/\\\/yyj.ca\\\/fr\\\/notre-avenir\\\/\"]}]},{\"@type\":\"BreadcrumbList\",\"@id\":\"https:\\\/\\\/yyj.ca\\\/fr\\\/notre-avenir\\\/#breadcrumb\",\"itemListElement\":[{\"@type\":\"ListItem\",\"position\":1,\"name\":\"Home\",\"item\":\"https:\\\/\\\/yyj.ca\\\/fr\\\/\"},{\"@type\":\"ListItem\",\"position\":2,\"name\":\"Notre avenir\"}]},{\"@type\":\"WebSite\",\"@id\":\"https:\\\/\\\/yyj.ca\\\/fr\\\/#website\",\"url\":\"https:\\\/\\\/yyj.ca\\\/fr\\\/\",\"name\":\"Victoria Airport Authority\",\"description\":\"Victoria International Airport\",\"publisher\":{\"@id\":\"https:\\\/\\\/yyj.ca\\\/fr\\\/#organization\"},\"potentialAction\":[{\"@type\":\"SearchAction\",\"target\":{\"@type\":\"EntryPoint\",\"urlTemplate\":\"https:\\\/\\\/yyj.ca\\\/fr\\\/?s={search_term_string}\"},\"query-input\":{\"@type\":\"PropertyValueSpecification\",\"valueRequired\":true,\"valueName\":\"search_term_string\"}}],\"inLanguage\":\"fr-FR\"},{\"@type\":\"Organization\",\"@id\":\"https:\\\/\\\/yyj.ca\\\/fr\\\/#organization\",\"name\":\"Victoria Inernational Airport\",\"url\":\"https:\\\/\\\/yyj.ca\\\/fr\\\/\",\"logo\":{\"@type\":\"ImageObject\",\"inLanguage\":\"fr-FR\",\"@id\":\"https:\\\/\\\/yyj.ca\\\/fr\\\/#\\\/schema\\\/logo\\\/image\\\/\",\"url\":\"https:\\\/\\\/aeroportdevictoria.com\\\/wp-content\\\/uploads\\\/2023\\\/06\\\/yyj-logo.svg\",\"contentUrl\":\"https:\\\/\\\/aeroportdevictoria.com\\\/wp-content\\\/uploads\\\/2023\\\/06\\\/yyj-logo.svg\",\"width\":378,\"height\":73,\"caption\":\"Victoria Inernational Airport\"},\"image\":{\"@id\":\"https:\\\/\\\/yyj.ca\\\/fr\\\/#\\\/schema\\\/logo\\\/image\\\/\"}}]}<\/script>\n<!-- \/ Yoast SEO plugin. -->","yoast_head_json":{"title":"Notre avenir - Victoria Airport Authority","robots":{"index":"index","follow":"follow","max-snippet":"max-snippet:-1","max-image-preview":"max-image-preview:large","max-video-preview":"max-video-preview:-1"},"canonical":"https:\/\/yyj.ca\/fr\/notre-avenir\/","og_locale":"fr_FR","og_type":"article","og_title":"Notre avenir - Victoria Airport Authority","og_url":"https:\/\/yyj.ca\/fr\/notre-avenir\/","og_site_name":"Victoria Airport Authority","article_modified_time":"2024-07-16T16:50:24+00:00","twitter_card":"summary_large_image","schema":{"@context":"https:\/\/schema.org","@graph":[{"@type":"WebPage","@id":"https:\/\/yyj.ca\/fr\/notre-avenir\/","url":"https:\/\/yyj.ca\/fr\/notre-avenir\/","name":"Notre avenir - Victoria Airport Authority","isPartOf":{"@id":"https:\/\/yyj.ca\/fr\/#website"},"datePublished":"2022-10-18T20:41:34+00:00","dateModified":"2024-07-16T16:50:24+00:00","breadcrumb":{"@id":"https:\/\/yyj.ca\/fr\/notre-avenir\/#breadcrumb"},"inLanguage":"fr-FR","potentialAction":[{"@type":"ReadAction","target":["https:\/\/yyj.ca\/fr\/notre-avenir\/"]}]},{"@type":"BreadcrumbList","@id":"https:\/\/yyj.ca\/fr\/notre-avenir\/#breadcrumb","itemListElement":[{"@type":"ListItem","position":1,"name":"Home","item":"https:\/\/yyj.ca\/fr\/"},{"@type":"ListItem","position":2,"name":"Notre avenir"}]},{"@type":"WebSite","@id":"https:\/\/yyj.ca\/fr\/#website","url":"https:\/\/yyj.ca\/fr\/","name":"Victoria Airport Authority","description":"Victoria International Airport","publisher":{"@id":"https:\/\/yyj.ca\/fr\/#organization"},"potentialAction":[{"@type":"SearchAction","target":{"@type":"EntryPoint","urlTemplate":"https:\/\/yyj.ca\/fr\/?s={search_term_string}"},"query-input":{"@type":"PropertyValueSpecification","valueRequired":true,"valueName":"search_term_string"}}],"inLanguage":"fr-FR"},{"@type":"Organization","@id":"https:\/\/yyj.ca\/fr\/#organization","name":"Victoria Inernational Airport","url":"https:\/\/yyj.ca\/fr\/","logo":{"@type":"ImageObject","inLanguage":"fr-FR","@id":"https:\/\/yyj.ca\/fr\/#\/schema\/logo\/image\/","url":"https:\/\/aeroportdevictoria.com\/wp-content\/uploads\/2023\/06\/yyj-logo.svg","contentUrl":"https:\/\/aeroportdevictoria.com\/wp-content\/uploads\/2023\/06\/yyj-logo.svg","width":378,"height":73,"caption":"Victoria Inernational Airport"},"image":{"@id":"https:\/\/yyj.ca\/fr\/#\/schema\/logo\/image\/"}}]}},"_links":{"self":[{"href":"https:\/\/yyj.ca\/fr\/wp-json\/wp\/v2\/pages\/6951","targetHints":{"allow":["GET"]}}],"collection":[{"href":"https:\/\/yyj.ca\/fr\/wp-json\/wp\/v2\/pages"}],"about":[{"href":"https:\/\/yyj.ca\/fr\/wp-json\/wp\/v2\/types\/page"}],"author":[{"embeddable":true,"href":"https:\/\/yyj.ca\/fr\/wp-json\/wp\/v2\/users\/1"}],"replies":[{"embeddable":true,"href":"https:\/\/yyj.ca\/fr\/wp-json\/wp\/v2\/comments?post=6951"}],"version-history":[{"count":0,"href":"https:\/\/yyj.ca\/fr\/wp-json\/wp\/v2\/pages\/6951\/revisions"}],"wp:attachment":[{"href":"https:\/\/yyj.ca\/fr\/wp-json\/wp\/v2\/media?parent=6951"}],"curies":[{"name":"wp","href":"https:\/\/api.w.org\/{rel}","templated":true}]}}