{"id":6949,"date":"2022-10-06T14:30:21","date_gmt":"2022-10-06T21:30:21","guid":{"rendered":"https:\/\/yyj.eclipsedev.tk\/partenariat-avec-nous\/amenagement-du-territoire\/"},"modified":"2025-01-23T10:41:41","modified_gmt":"2025-01-23T17:41:41","slug":"amenagement-du-territoire","status":"publish","type":"page","link":"https:\/\/yyj.ca\/fr\/partenariat-avec-nous\/amenagement-du-territoire\/","title":{"rendered":"Am\u00e9nagement du territoire"},"content":{"rendered":"\n<section class=\"banner\">\n            <div class=\"image-wrap\">\n            <img fetchpriority=\"high\" decoding=\"async\" width=\"1400\" height=\"933\" src=\"https:\/\/yyj.ca\/wp-content\/uploads\/2023\/03\/YYJ_2023-4.jpg\" class=\"attachment-full size-full\" alt=\"\" loading=\"eager\" srcset=\"https:\/\/yyj.ca\/wp-content\/uploads\/2023\/03\/YYJ_2023-4.jpg 1400w, https:\/\/yyj.ca\/wp-content\/uploads\/2023\/03\/YYJ_2023-4-300x200.jpg 300w, https:\/\/yyj.ca\/wp-content\/uploads\/2023\/03\/YYJ_2023-4-1024x682.jpg 1024w\" sizes=\"(max-width: 1400px) 100vw, 1400px\" \/>        <\/div>\n        <div class=\"container large\">\n                    <h2 class=\"overline\">Entreprise<\/h2>\n                    <h1>Am\u00e9nagement du territoire<\/h1>\n                    <\/div>\n    <div class=\"banner-graphic\">\n        <img decoding=\"async\" src=\"\/wp-content\/themes\/eclipse360\/assets\/images\/banner-bottom.svg\" alt=\"banner-graphic\">\n    <\/div>\n<\/section>\n<section class=\"page-intro\">\n    <div class=\"container\">\n        <div class=\"content\"><h2>Terrain \u00e0 louer \u00e0 l&rsquo;a\u00e9roport international de Victoria<\/h2>\n<p>L&rsquo;autorit\u00e9 a\u00e9roportuaire de Victoria recherche activement des entreprises pour d\u00e9velopper des terrains vacants sur notre site de premi\u00e8re qualit\u00e9. En tant que principal g\u00e9n\u00e9rateur \u00e9conomique de la r\u00e9gion, avec une large base d&rsquo;entreprises a\u00e9ronautiques, industrielles et de haute technologie, l&rsquo;a\u00e9roport international de Victoria est bien plac\u00e9 pour poursuivre sa croissance.<\/p>\n<\/div>\n    <\/div>\n<\/section>\n\n<div class=\"wp-block-columns is-layout-flex wp-container-core-columns-is-layout-9d6595d7 wp-block-columns-is-layout-flex\">\n<div class=\"wp-block-column is-layout-flow wp-block-column-is-layout-flow\">\n<h3 class=\"wp-block-heading\">Les dix principaux avantages de l&rsquo;implantation de VOTRE entreprise \u00e0 YYJ<\/h3>\n\n\n\n<ol class=\"wp-block-list\">\n<li>Situation strat\u00e9gique<\/li>\n\n\n\n<li>Des taux de location comp\u00e9titifs<\/li>\n\n\n\n<li>Plusieurs types d&rsquo;utilisation des sols &#8211; pour une vari\u00e9t\u00e9 d&rsquo;opportunit\u00e9s de d\u00e9veloppement<\/li>\n\n\n\n<li>Processus d&rsquo;approbation du d\u00e9veloppement r\u00e9actif en tant qu&rsquo;autorit\u00e9 de contr\u00f4le<\/li>\n\n\n\n<li>Connectivit\u00e9 avec de multiples fournisseurs et r\u00e9seaux de services de transport<\/li>\n\n\n\n<li>Diverses tailles de parcelles pour r\u00e9pondre aux besoins de d\u00e9veloppement<\/li>\n\n\n\n<li>Cinq minutes du centre-ville de Sidney et 20 minutes du centre-ville de Victoria<\/li>\n\n\n\n<li>Victoria compte en moyenne 308 jours de soleil par an, ce qui en fait la 6e ville la plus ensoleill\u00e9e du Canada. Alors que la c\u00f4te ouest est connue pour ses pr\u00e9cipitations abondantes, Victoria re\u00e7oit deux fois moins de pluie que Vancouver.<\/li>\n\n\n\n<li>Situ\u00e9 dans l&rsquo;une des zones \u00e0 la croissance la plus rapide de la Colombie-Britannique, avec un zonage favorisant les nouvelles opportunit\u00e9s commerciales dans les domaines de la haute technologie et de la logistique.<\/li>\n\n\n\n<li>Les contrats de location \u00e0 long terme disponibles assurent la stabilit\u00e9 de l&rsquo;entreprise<\/li>\n<\/ol>\n<\/div>\n<\/div>\n\n<section class=\"accordions light has-bg\">\n            <div class=\"image-wrap bg\" data-animate-2>\n            <img loading=\"lazy\" decoding=\"async\" width=\"1920\" height=\"1441\" src=\"https:\/\/yyj.ca\/wp-content\/uploads\/2022\/11\/green-bg.svg\" class=\"attachment-full size-full\" alt=\"\" \/>        <\/div>\n        <div class=\"container\">\n                    <h2>Ressources<\/h2>\n         \n                <div class=\"ac-inner\">\n                            <div class=\"accordion\">\n                    <h4 class=\"ac-trigger flex\">Utilisations autoris\u00e9es et autorisations<\/h4>\n                    <div class=\"ac-content\"><p><strong>Victoria Airport Authority (VAA) Land Development<\/strong><\/p>\n<ul>\n<li><a href=\"https:\/\/yyj.ca\/wp-content\/uploads\/2023\/01\/Land-Use-Plan-and-Permitted-Uses-2019.pdf\" rel=\"noopener\" target=\"_blank\">Land Use Plan and Permitted Uses Document<\/a><\/li>\n<li><a href=\"https:\/\/yyj.ca\/wp-content\/uploads\/2023\/01\/Project-Delivery-Process_March2018.pdf\" rel=\"noopener\" target=\"_blank\">Permitting Process Road Map<\/a><\/li>\n<li>Federal Impact Assessment Act\n<ul>\n<li>VAA Lands are subject to the Federal Impact Assessment Act.  Every project must be assessed to determine if it falls under the Impact Assessment Act.  If it is determined that the proposed project will fall under the Act, an Environmental Protection Plan (EPP) created by an Environmental Professional will be required during the building permit phase before construction can begin.  Updates to the Development and Building Permit Guidelines are underway.<\/li>\n<\/ul>\n<\/li>\n<\/ul>\n<\/div>\n                <\/div>\n                            <div class=\"accordion\">\n                    <h4 class=\"ac-trigger flex\">Lignes directrices pour le d\u00e9veloppement<\/h4>\n                    <div class=\"ac-content\"><p><strong>Development Permits<\/strong><\/p>\n<ul>\n<li><a href=\"https:\/\/yyj.ca\/wp-content\/uploads\/2023\/01\/VAA-Development-Permit-Faq.pdf\" rel=\"noopener\" target=\"_blank\">Frequently Asked Questions<\/a><\/li>\n<li><a href=\"https:\/\/yyj.ca\/wp-content\/uploads\/2023\/01\/VAA-Development-Permit-Guidelines.pdf\" rel=\"noopener\" target=\"_blank\">Development Permit Guidelines<\/a>\n<ul>\n<li><a href=\"https:\/\/yyj.ca\/wp-content\/uploads\/2023\/01\/VAA-Authority-to-Act-as-Agent.pdf\" rel=\"noopener\" target=\"_blank\">Authority to Act as Agent<\/a><\/li>\n<li><a href=\"https:\/\/yyj.ca\/wp-content\/uploads\/2023\/01\/VAA-Development-Permit-Prescreening-Application-DP1.pdf\" rel=\"noopener\" target=\"_blank\">Pre-screening Project Application Form (DP1)<\/a><\/li>\n<li><a href=\"https:\/\/yyj.ca\/wp-content\/uploads\/2023\/01\/VAA-Development-Permit-Application-DP2.pdf\" rel=\"noopener\" target=\"_blank\">Development Permit Application Checklist (DP2)<\/a><\/li>\n<\/ul>\n<\/li>\n<\/ul>\n<\/div>\n                <\/div>\n                            <div class=\"accordion\">\n                    <h4 class=\"ac-trigger flex\">Lignes directrices pour les permis de construire<\/h4>\n                    <div class=\"ac-content\"><p><strong>Building Permits<\/strong><\/p>\n<ul>\n<li><a href=\"https:\/\/yyj.ca\/wp-content\/uploads\/2023\/01\/VAA-Building-Permit-Guidelines.pdf\" rel=\"noopener\" target=\"_blank\">Building Permit Guidelines<\/a>\n<ul>\n<li><a href=\"https:\/\/yyj.ca\/wp-content\/uploads\/2023\/01\/VAA-Authority-to-Act-as-Agent.pdf\" rel=\"noopener\" target=\"_blank\">Authority to Act as Agent<\/a><\/li>\n<li><a href=\"https:\/\/yyj.ca\/wp-content\/uploads\/2023\/01\/VAA-Schedule-of-Fees-BP1.pdf\" rel=\"noopener\" target=\"_blank\">Building Permit &#8211; Schedule of Fees (BP1)<\/a><\/li>\n<li><a href=\"https:\/\/yyj.ca\/wp-content\/uploads\/2023\/01\/VAA-Building-Permit-Application-BP2.pdf\" rel=\"noopener\" target=\"_blank\">Building Permit Application Form (BP2)<\/a><\/li>\n<li><a href=\"https:\/\/yyj.ca\/wp-content\/uploads\/2023\/01\/VAA-Building-Permit-License-to-Use-Drawings-BP3.pdf\" rel=\"noopener\" target=\"_blank\">License to Use Drawings (BP3)<\/a><\/li>\n<li><a href=\"https:\/\/yyj.ca\/wp-content\/uploads\/2023\/01\/VAA-Building-Permit-Applicable-Codes-and-Standards-BP4.pdf\" rel=\"noopener\" target=\"_blank\">Applicable Codes &amp; Standards (BP4)<\/a><\/li>\n<li><a href=\"https:\/\/yyj.ca\/wp-content\/uploads\/2023\/01\/VAA-Building-Permit-Small-Scope-Letters-of-Assurance-BP5.pdf\" rel=\"noopener\" target=\"_blank\">Small Scope Letters of Assurance (BP5)<\/a><\/li>\n<li><a href=\"https:\/\/yyj.ca\/wp-content\/uploads\/2023\/01\/VAA-Building-Permit-Small-Scope-Letters-of-Compliance-for-Construction-Completion-BP6.pdf\" rel=\"noopener\" target=\"_blank\">Small Scope Permit Letter of Compliance for Construction Completion (BP6)<\/a><\/li>\n<li><a href=\"https:\/\/yyj.ca\/wp-content\/uploads\/2023\/01\/VAA-Building-Permit-Application-Checklist-BP7.pdf\" rel=\"noopener\" target=\"_blank\">Building Permit Application Checklist (BP7)<\/a><\/li>\n<li><a href=\"https:\/\/yyj.ca\/wp-content\/uploads\/2023\/01\/VAA-Building-Permit-Interim-Occupancy-Guidelines-BP8.pdf\" rel=\"noopener\" target=\"_blank\">Building Permit &#8211; Interim Occupancy Guidelines (BP8)<\/a><\/li>\n<li><a href=\"https:\/\/yyj.ca\/wp-content\/uploads\/2023\/01\/VAA-Building-Permit-Occupancy-Application-Checklist-BP9.pdf\" rel=\"noopener\" target=\"_blank\">Occupancy Application Checklist (BP9)<\/a><\/li>\n<li><a href=\"https:\/\/yyj.ca\/wp-content\/uploads\/2023\/01\/VAA-Sign-Permit-Application-SP1.pdf\" rel=\"noopener\" target=\"_blank\">Sign Permit Application Form (SP1)<\/a><\/li>\n<\/ul>\n<\/li>\n<\/ul>\n<p><strong>Seaplane Base<\/strong><\/p>\n<ul>\n<li><a href=\"https:\/\/yyj.ca\/wp-content\/uploads\/2023\/01\/Barging-Operations-Plan-Appendix-D-Seaplane-Base-Request-Form.pdf\" rel=\"noopener\" target=\"_blank\">Seaplane Base Usage Request Form<\/a><\/li>\n<\/ul>\n<p><strong>Sub-Subleasing<\/strong><\/p>\n<ul>\n<li><a href=\"https:\/\/yyj.ca\/wp-content\/uploads\/2023\/01\/Application-for-VAAs-Consent-to-Sub-Sublease.pdf\" rel=\"noopener\" target=\"_blank\">Application for consent to Sub-Sublease<\/a><\/li>\n<\/ul>\n<p><strong>Additional Resources<\/strong><\/p>\n<ul>\n<li><a href=\"http:\/\/www.navcanada.ca\/EN\/products-and-services\/pages\/land-use-program-submission.aspx\" rel=\"noopener\" target=\"_blank\">NAVCANADA Land Use Submission Forms and Reference Tools<\/a><\/li>\n<li><a href=\"http:\/\/www.sidney.ca\/\" rel=\"noopener\" target=\"_blank\">Town of Sidney Resources<\/a><\/li>\n<li><a href=\"http:\/\/www.northsaanich.ca\/\" rel=\"noopener\" target=\"_blank\">District of North Saanich Resources<\/a><\/li>\n<li><a href=\"http:\/\/www.crd.bc.ca\/\" rel=\"noopener\" target=\"_blank\">Capital Regional District (CRD) Resources<\/a><\/li>\n<\/ul>\n<\/div>\n                <\/div>\n                    <\/div>\n    <\/div>\n<\/section><section class=\"block_background dark\" style=\"background-color: ;\">\n        <div class=\"container moyen\">\n        \n\n<p>Situ\u00e9 sur la p\u00e9ninsule de Saanich, \u00e0 environ 25 km au nord de Victoria, l&rsquo;a\u00e9roport permet aux entreprises pr\u00e9sentes sur le site d&rsquo;acc\u00e9der facilement \u00e0 l&rsquo;autoroute Patricia Bay (route 17), aux BC Ferries et, bien s\u00fbr, aux transports a\u00e9riens.<\/p>\n\n\n\n<p>Nous proposons des tarifs de location comp\u00e9titifs et cherchons \u00e0 \u00e9tablir des relations \u00e0 long terme avec les entreprises qui souhaitent s&rsquo;installer ou d\u00e9velopper leurs activit\u00e9s \u00e0 YYJ.<\/p>\n\n\n\n<p>Avec de fantastiques commodit\u00e9s locales, la proximit\u00e9 des fournisseurs et des transports, YYJ pourrait \u00eatre un site id\u00e9al pour votre entreprise.<\/p>\n\n\n\n<p>Pour en savoir plus sur la location \u00e0 YYJ ou sur les possibilit\u00e9s de d\u00e9veloppement actuelles, veuillez nous contacter \u00e0 l&rsquo;adresse suivante : <strong>business@victoriaairport.com<\/strong>.<\/p>\n\n\n\n<p><\/p>\n\n\n    <\/div>\n<\/section>\n<figure class=\"wp-block-gallery has-nested-images columns-5 is-cropped wp-block-gallery-1 is-layout-flex wp-block-gallery-is-layout-flex\">\n<figure class=\"wp-block-image size-full\"><img loading=\"lazy\" decoding=\"async\" width=\"750\" height=\"611\" data-id=\"4173\" src=\"https:\/\/yyj.ca\/wp-content\/uploads\/2023\/02\/YYJ_SAMPLE_IMAGES-19.jpg\" alt=\"\" class=\"wp-image-4173\" srcset=\"https:\/\/yyj.ca\/wp-content\/uploads\/2023\/02\/YYJ_SAMPLE_IMAGES-19.jpg 750w, https:\/\/yyj.ca\/wp-content\/uploads\/2023\/02\/YYJ_SAMPLE_IMAGES-19-300x244.jpg 300w\" sizes=\"auto, (max-width: 750px) 100vw, 750px\" \/><\/figure>\n\n\n\n<figure class=\"wp-block-image size-full\"><img loading=\"lazy\" decoding=\"async\" width=\"750\" height=\"500\" data-id=\"4174\" src=\"https:\/\/yyj.ca\/wp-content\/uploads\/2023\/02\/YYJ_SAMPLE_IMAGES.jpg\" alt=\"\" class=\"wp-image-4174\" srcset=\"https:\/\/yyj.ca\/wp-content\/uploads\/2023\/02\/YYJ_SAMPLE_IMAGES.jpg 750w, https:\/\/yyj.ca\/wp-content\/uploads\/2023\/02\/YYJ_SAMPLE_IMAGES-300x200.jpg 300w\" sizes=\"auto, (max-width: 750px) 100vw, 750px\" \/><\/figure>\n\n\n\n<figure class=\"wp-block-image size-large\"><img loading=\"lazy\" decoding=\"async\" width=\"1024\" height=\"682\" data-id=\"4231\" src=\"https:\/\/yyj.ca\/wp-content\/uploads\/2023\/02\/YYJ_2023-229-1024x682.jpg\" alt=\"\" class=\"wp-image-4231\" srcset=\"https:\/\/yyj.ca\/wp-content\/uploads\/2023\/02\/YYJ_2023-229-1024x682.jpg 1024w, https:\/\/yyj.ca\/wp-content\/uploads\/2023\/02\/YYJ_2023-229-300x200.jpg 300w, https:\/\/yyj.ca\/wp-content\/uploads\/2023\/02\/YYJ_2023-229.jpg 1400w\" sizes=\"auto, (max-width: 1024px) 100vw, 1024px\" \/><\/figure>\n\n\n\n<figure class=\"wp-block-image size-full\"><img loading=\"lazy\" decoding=\"async\" width=\"750\" height=\"500\" data-id=\"4175\" src=\"https:\/\/yyj.ca\/wp-content\/uploads\/2023\/02\/YYJ_SAMPLE_IMAGES-6.jpg\" alt=\"\" class=\"wp-image-4175\" srcset=\"https:\/\/yyj.ca\/wp-content\/uploads\/2023\/02\/YYJ_SAMPLE_IMAGES-6.jpg 750w, https:\/\/yyj.ca\/wp-content\/uploads\/2023\/02\/YYJ_SAMPLE_IMAGES-6-300x200.jpg 300w\" sizes=\"auto, (max-width: 750px) 100vw, 750px\" \/><\/figure>\n\n\n\n<figure class=\"wp-block-image size-large\"><img loading=\"lazy\" decoding=\"async\" width=\"1024\" height=\"682\" data-id=\"4230\" src=\"https:\/\/yyj.ca\/wp-content\/uploads\/2023\/02\/YYJ_2023-30-1024x682.jpg\" alt=\"\" class=\"wp-image-4230\" srcset=\"https:\/\/yyj.ca\/wp-content\/uploads\/2023\/02\/YYJ_2023-30-1024x682.jpg 1024w, https:\/\/yyj.ca\/wp-content\/uploads\/2023\/02\/YYJ_2023-30-300x200.jpg 300w, https:\/\/yyj.ca\/wp-content\/uploads\/2023\/02\/YYJ_2023-30.jpg 1400w\" sizes=\"auto, (max-width: 1024px) 100vw, 1024px\" \/><\/figure>\n<\/figure>\n","protected":false},"excerpt":{"rendered":"<p>Les dix principaux avantages de l&rsquo;implantation de VOTRE entreprise \u00e0 YYJ<\/p>\n","protected":false},"author":1,"featured_media":0,"parent":6872,"menu_order":15,"comment_status":"closed","ping_status":"closed","template":"","meta":{"_acf_changed":false,"footnotes":""},"class_list":["post-6949","page","type-page","status-publish","hentry"],"acf":[],"yoast_head":"<!-- This site is optimized with the Yoast SEO plugin v27.3 - https:\/\/yoast.com\/product\/yoast-seo-wordpress\/ -->\n<title>Am\u00e9nagement du territoire - Victoria Airport Authority<\/title>\n<meta name=\"robots\" content=\"index, follow, max-snippet:-1, max-image-preview:large, max-video-preview:-1\" \/>\n<link rel=\"canonical\" href=\"https:\/\/yyj.ca\/fr\/partenariat-avec-nous\/amenagement-du-territoire\/\" \/>\n<meta property=\"og:locale\" content=\"fr_FR\" \/>\n<meta property=\"og:type\" content=\"article\" \/>\n<meta property=\"og:title\" content=\"Am\u00e9nagement du territoire - Victoria Airport Authority\" \/>\n<meta property=\"og:description\" content=\"Les dix principaux avantages de l&rsquo;implantation de VOTRE entreprise \u00e0 YYJ\" \/>\n<meta property=\"og:url\" content=\"https:\/\/yyj.ca\/fr\/partenariat-avec-nous\/amenagement-du-territoire\/\" \/>\n<meta property=\"og:site_name\" content=\"Victoria Airport Authority\" \/>\n<meta property=\"article:modified_time\" content=\"2025-01-23T17:41:41+00:00\" \/>\n<meta name=\"twitter:card\" content=\"summary_large_image\" \/>\n<meta name=\"twitter:label1\" content=\"Dur\u00e9e de lecture estim\u00e9e\" \/>\n\t<meta name=\"twitter:data1\" content=\"1 minute\" \/>\n<script type=\"application\/ld+json\" class=\"yoast-schema-graph\">{\"@context\":\"https:\\\/\\\/schema.org\",\"@graph\":[{\"@type\":\"WebPage\",\"@id\":\"https:\\\/\\\/yyj.ca\\\/fr\\\/partenariat-avec-nous\\\/amenagement-du-territoire\\\/\",\"url\":\"https:\\\/\\\/yyj.ca\\\/fr\\\/partenariat-avec-nous\\\/amenagement-du-territoire\\\/\",\"name\":\"Am\u00e9nagement du territoire - Victoria Airport Authority\",\"isPartOf\":{\"@id\":\"https:\\\/\\\/yyj.ca\\\/fr\\\/#website\"},\"datePublished\":\"2022-10-06T21:30:21+00:00\",\"dateModified\":\"2025-01-23T17:41:41+00:00\",\"breadcrumb\":{\"@id\":\"https:\\\/\\\/yyj.ca\\\/fr\\\/partenariat-avec-nous\\\/amenagement-du-territoire\\\/#breadcrumb\"},\"inLanguage\":\"fr-FR\",\"potentialAction\":[{\"@type\":\"ReadAction\",\"target\":[\"https:\\\/\\\/yyj.ca\\\/fr\\\/partenariat-avec-nous\\\/amenagement-du-territoire\\\/\"]}]},{\"@type\":\"BreadcrumbList\",\"@id\":\"https:\\\/\\\/yyj.ca\\\/fr\\\/partenariat-avec-nous\\\/amenagement-du-territoire\\\/#breadcrumb\",\"itemListElement\":[{\"@type\":\"ListItem\",\"position\":1,\"name\":\"Home\",\"item\":\"https:\\\/\\\/yyj.ca\\\/fr\\\/\"},{\"@type\":\"ListItem\",\"position\":2,\"name\":\"Partenariat avec nous\",\"item\":\"https:\\\/\\\/yyj.ca\\\/fr\\\/partenariat-avec-nous\\\/\"},{\"@type\":\"ListItem\",\"position\":3,\"name\":\"Am\u00e9nagement du territoire\"}]},{\"@type\":\"WebSite\",\"@id\":\"https:\\\/\\\/yyj.ca\\\/fr\\\/#website\",\"url\":\"https:\\\/\\\/yyj.ca\\\/fr\\\/\",\"name\":\"Victoria Airport Authority\",\"description\":\"Victoria International Airport\",\"publisher\":{\"@id\":\"https:\\\/\\\/yyj.ca\\\/fr\\\/#organization\"},\"potentialAction\":[{\"@type\":\"SearchAction\",\"target\":{\"@type\":\"EntryPoint\",\"urlTemplate\":\"https:\\\/\\\/yyj.ca\\\/fr\\\/?s={search_term_string}\"},\"query-input\":{\"@type\":\"PropertyValueSpecification\",\"valueRequired\":true,\"valueName\":\"search_term_string\"}}],\"inLanguage\":\"fr-FR\"},{\"@type\":\"Organization\",\"@id\":\"https:\\\/\\\/yyj.ca\\\/fr\\\/#organization\",\"name\":\"Victoria Inernational Airport\",\"url\":\"https:\\\/\\\/yyj.ca\\\/fr\\\/\",\"logo\":{\"@type\":\"ImageObject\",\"inLanguage\":\"fr-FR\",\"@id\":\"https:\\\/\\\/yyj.ca\\\/fr\\\/#\\\/schema\\\/logo\\\/image\\\/\",\"url\":\"https:\\\/\\\/aeroportdevictoria.com\\\/wp-content\\\/uploads\\\/2023\\\/06\\\/yyj-logo.svg\",\"contentUrl\":\"https:\\\/\\\/aeroportdevictoria.com\\\/wp-content\\\/uploads\\\/2023\\\/06\\\/yyj-logo.svg\",\"width\":378,\"height\":73,\"caption\":\"Victoria Inernational Airport\"},\"image\":{\"@id\":\"https:\\\/\\\/yyj.ca\\\/fr\\\/#\\\/schema\\\/logo\\\/image\\\/\"}}]}<\/script>\n<!-- \/ Yoast SEO plugin. -->","yoast_head_json":{"title":"Am\u00e9nagement du territoire - Victoria Airport Authority","robots":{"index":"index","follow":"follow","max-snippet":"max-snippet:-1","max-image-preview":"max-image-preview:large","max-video-preview":"max-video-preview:-1"},"canonical":"https:\/\/yyj.ca\/fr\/partenariat-avec-nous\/amenagement-du-territoire\/","og_locale":"fr_FR","og_type":"article","og_title":"Am\u00e9nagement du territoire - Victoria Airport Authority","og_description":"Les dix principaux avantages de l&rsquo;implantation de VOTRE entreprise \u00e0 YYJ","og_url":"https:\/\/yyj.ca\/fr\/partenariat-avec-nous\/amenagement-du-territoire\/","og_site_name":"Victoria Airport Authority","article_modified_time":"2025-01-23T17:41:41+00:00","twitter_card":"summary_large_image","twitter_misc":{"Dur\u00e9e de lecture estim\u00e9e":"1 minute"},"schema":{"@context":"https:\/\/schema.org","@graph":[{"@type":"WebPage","@id":"https:\/\/yyj.ca\/fr\/partenariat-avec-nous\/amenagement-du-territoire\/","url":"https:\/\/yyj.ca\/fr\/partenariat-avec-nous\/amenagement-du-territoire\/","name":"Am\u00e9nagement du territoire - Victoria Airport Authority","isPartOf":{"@id":"https:\/\/yyj.ca\/fr\/#website"},"datePublished":"2022-10-06T21:30:21+00:00","dateModified":"2025-01-23T17:41:41+00:00","breadcrumb":{"@id":"https:\/\/yyj.ca\/fr\/partenariat-avec-nous\/amenagement-du-territoire\/#breadcrumb"},"inLanguage":"fr-FR","potentialAction":[{"@type":"ReadAction","target":["https:\/\/yyj.ca\/fr\/partenariat-avec-nous\/amenagement-du-territoire\/"]}]},{"@type":"BreadcrumbList","@id":"https:\/\/yyj.ca\/fr\/partenariat-avec-nous\/amenagement-du-territoire\/#breadcrumb","itemListElement":[{"@type":"ListItem","position":1,"name":"Home","item":"https:\/\/yyj.ca\/fr\/"},{"@type":"ListItem","position":2,"name":"Partenariat avec nous","item":"https:\/\/yyj.ca\/fr\/partenariat-avec-nous\/"},{"@type":"ListItem","position":3,"name":"Am\u00e9nagement du territoire"}]},{"@type":"WebSite","@id":"https:\/\/yyj.ca\/fr\/#website","url":"https:\/\/yyj.ca\/fr\/","name":"Victoria Airport Authority","description":"Victoria International Airport","publisher":{"@id":"https:\/\/yyj.ca\/fr\/#organization"},"potentialAction":[{"@type":"SearchAction","target":{"@type":"EntryPoint","urlTemplate":"https:\/\/yyj.ca\/fr\/?s={search_term_string}"},"query-input":{"@type":"PropertyValueSpecification","valueRequired":true,"valueName":"search_term_string"}}],"inLanguage":"fr-FR"},{"@type":"Organization","@id":"https:\/\/yyj.ca\/fr\/#organization","name":"Victoria Inernational Airport","url":"https:\/\/yyj.ca\/fr\/","logo":{"@type":"ImageObject","inLanguage":"fr-FR","@id":"https:\/\/yyj.ca\/fr\/#\/schema\/logo\/image\/","url":"https:\/\/aeroportdevictoria.com\/wp-content\/uploads\/2023\/06\/yyj-logo.svg","contentUrl":"https:\/\/aeroportdevictoria.com\/wp-content\/uploads\/2023\/06\/yyj-logo.svg","width":378,"height":73,"caption":"Victoria Inernational Airport"},"image":{"@id":"https:\/\/yyj.ca\/fr\/#\/schema\/logo\/image\/"}}]}},"_links":{"self":[{"href":"https:\/\/yyj.ca\/fr\/wp-json\/wp\/v2\/pages\/6949","targetHints":{"allow":["GET"]}}],"collection":[{"href":"https:\/\/yyj.ca\/fr\/wp-json\/wp\/v2\/pages"}],"about":[{"href":"https:\/\/yyj.ca\/fr\/wp-json\/wp\/v2\/types\/page"}],"author":[{"embeddable":true,"href":"https:\/\/yyj.ca\/fr\/wp-json\/wp\/v2\/users\/1"}],"replies":[{"embeddable":true,"href":"https:\/\/yyj.ca\/fr\/wp-json\/wp\/v2\/comments?post=6949"}],"version-history":[{"count":0,"href":"https:\/\/yyj.ca\/fr\/wp-json\/wp\/v2\/pages\/6949\/revisions"}],"up":[{"embeddable":true,"href":"https:\/\/yyj.ca\/fr\/wp-json\/wp\/v2\/pages\/6872"}],"wp:attachment":[{"href":"https:\/\/yyj.ca\/fr\/wp-json\/wp\/v2\/media?parent=6949"}],"curies":[{"name":"wp","href":"https:\/\/api.w.org\/{rel}","templated":true}]}}