{"id":6937,"date":"2022-10-18T13:46:12","date_gmt":"2022-10-18T20:46:12","guid":{"rendered":"https:\/\/yyj.eclipsedev.tk\/informations-sur-les-voyages\/"},"modified":"2023-07-28T13:46:56","modified_gmt":"2023-07-28T20:46:56","slug":"informations-sur-les-voyages","status":"publish","type":"page","link":"https:\/\/yyj.ca\/fr\/informations-sur-les-voyages\/","title":{"rendered":"Informations sur les voyages"},"content":{"rendered":"\n<section class=\"banner\">\n            <div class=\"image-wrap\">\n            <img fetchpriority=\"high\" decoding=\"async\" width=\"1500\" height=\"887\" src=\"https:\/\/yyj.ca\/wp-content\/uploads\/2023\/04\/YYJ_2023-139.jpg\" class=\"attachment-full size-full\" alt=\"\" loading=\"eager\" srcset=\"https:\/\/yyj.ca\/wp-content\/uploads\/2023\/04\/YYJ_2023-139.jpg 1500w, https:\/\/yyj.ca\/wp-content\/uploads\/2023\/04\/YYJ_2023-139-300x177.jpg 300w, https:\/\/yyj.ca\/wp-content\/uploads\/2023\/04\/YYJ_2023-139-1024x606.jpg 1024w\" sizes=\"(max-width: 1500px) 100vw, 1500px\" \/>        <\/div>\n        <div class=\"container large\">\n                    <h1>Informations sur les voyages<\/h1>\n                    <\/div>\n    <div class=\"banner-graphic\">\n        <img decoding=\"async\" src=\"\/wp-content\/themes\/eclipse360\/assets\/images\/banner-bottom.svg\" alt=\"banner-graphic\">\n    <\/div>\n<\/section>\n<section class=\"page-intro\">\n    <div class=\"container\">\n        <div class=\"content\"><p>Que vous soyez un voyageur chevronn\u00e9 ou que vous preniez l&rsquo;avion pour la premi\u00e8re fois, \u00eatre bien inform\u00e9 facilite toujours votre voyage. Vous trouverez des informations utiles sur la s\u00e9curit\u00e9 et les bagages, nos services et installations accessibles, ainsi que d&rsquo;autres conseils et ressources pour vous aider \u00e0 pr\u00e9parer votre voyage.<\/p>\n<\/div>\n    <\/div>\n<\/section>\n\n<section class=\"link-tiles\">\n    <div class=\"container large\">\n         \n         \n        <div class=\"tiles\">\n                            <a href=\"https:\/\/yyj.ca\/fr\/informations-sur-les-voyages\/sinformer-avant-de-partir\/\" class=\"tile image-wrap\" data-animate>\n                    <img loading=\"lazy\" decoding=\"async\" width=\"900\" height=\"1009\" src=\"https:\/\/yyj.ca\/wp-content\/uploads\/2023\/04\/YYJ_2023-79.jpg\" class=\"attachment-medium-square size-medium-square\" alt=\"\" srcset=\"https:\/\/yyj.ca\/wp-content\/uploads\/2023\/04\/YYJ_2023-79.jpg 900w, https:\/\/yyj.ca\/wp-content\/uploads\/2023\/04\/YYJ_2023-79-268x300.jpg 268w\" sizes=\"auto, (max-width: 900px) 100vw, 900px\" \/>                    <h3>S&rsquo;informer avant de partir<\/h3>\n                                    <\/a>\n                            <a href=\"https:\/\/yyj.ca\/fr\/informations-sur-les-voyages\/bagages\/\" class=\"tile image-wrap\" data-animate>\n                    <img loading=\"lazy\" decoding=\"async\" width=\"1200\" height=\"933\" src=\"https:\/\/yyj.ca\/wp-content\/uploads\/2023\/03\/YYJ_2023-199-1200x933.jpg\" class=\"attachment-medium-square size-medium-square\" alt=\"\" \/>                    <h3>Bagages<\/h3>\n                                    <\/a>\n                            <a href=\"https:\/\/yyj.ca\/fr\/informations-sur-les-voyages\/securite\/\" class=\"tile image-wrap\" data-animate>\n                    <img loading=\"lazy\" decoding=\"async\" width=\"1200\" height=\"1200\" src=\"https:\/\/yyj.ca\/wp-content\/uploads\/2023\/04\/YYJ_2023-425-1200x1200.jpg\" class=\"attachment-medium-square size-medium-square\" alt=\"\" srcset=\"https:\/\/yyj.ca\/wp-content\/uploads\/2023\/04\/YYJ_2023-425-1200x1200.jpg 1200w, https:\/\/yyj.ca\/wp-content\/uploads\/2023\/04\/YYJ_2023-425-300x300.jpg 300w, https:\/\/yyj.ca\/wp-content\/uploads\/2023\/04\/YYJ_2023-425-150x150.jpg 150w, https:\/\/yyj.ca\/wp-content\/uploads\/2023\/04\/YYJ_2023-425-400x400.jpg 400w, https:\/\/yyj.ca\/wp-content\/uploads\/2023\/04\/YYJ_2023-425-800x800.jpg 800w\" sizes=\"auto, (max-width: 1200px) 100vw, 1200px\" \/>                    <h3>S\u00e9curit\u00e9<\/h3>\n                                    <\/a>\n                            <a href=\"https:\/\/yyj.ca\/fr\/informations-sur-les-voyages\/services-daccessibilite\/\" class=\"tile image-wrap\" data-animate>\n                    <img loading=\"lazy\" decoding=\"async\" width=\"1200\" height=\"992\" src=\"https:\/\/yyj.ca\/wp-content\/uploads\/2023\/04\/accessibility-1-1200x992.jpg\" class=\"attachment-medium-square size-medium-square\" alt=\"\" \/>                    <h3>Services d&rsquo;accessibilit\u00e9<\/h3>\n                                    <\/a>\n                    <\/div>\n    <\/div>\n<\/section>\n<section class=\"accordions dark\">\n        <div class=\"container\">\n                    <h2>Liens suppl\u00e9mentaires pour les voyageurs<\/h2>\n         \n                    <div class=\"intro\"><p>Bien que nous nous efforcions de fournir les informations dont vous aurez besoin pour vos voyages vers et \u00e0 travers Victoria, il y a plusieurs autres liens de voyage, de gouvernement et d&rsquo;industrie que vous pourriez trouver utiles.<\/p>\n<\/div>\n                <div class=\"ac-inner\">\n                            <div class=\"accordion\">\n                    <h4 class=\"ac-trigger flex\">Liens de l&rsquo;Organisation de l&rsquo;aviation<\/h4>\n                    <div class=\"ac-content\"><p><a href=\"http:\/\/www.atac.ca\/\" target=\"_blank\" rel=\"noopener\">Association du transport a\u00e9rien du Canada<\/a><br \/>\n<a href=\"http:\/\/www.icao.int\/\" target=\"_blank\" rel=\"noopener\">Organisation de l&rsquo;aviation civile internationale<\/a><br \/>\n<a href=\"http:\/\/www.airports.org\/\" target=\"_blank\" rel=\"noopener\">Conseil international des a\u00e9roports<\/a><br \/>\n<a href=\"http:\/\/www.aaae.org\/\" target=\"_blank\" rel=\"noopener\">Association am\u00e9ricaine des directeurs d&rsquo;a\u00e9roports<\/a><br \/>\n<a href=\"http:\/\/www.cacairports.ca\/\" target=\"_blank\" rel=\"noopener\">Conseil des a\u00e9roports du Canada<\/a><br \/>\n<a href=\"https:\/\/yyj.ca\/includes\/extlink.php?url=http:\/\/www.navcanada.ca\/\" target=\"_blank\" rel=\"noopener\">Nav Canada<\/a><\/p>\n<\/div>\n                <\/div>\n                            <div class=\"accordion\">\n                    <h4 class=\"ac-trigger flex\">Liens du gouvernement canadien<\/h4>\n                    <div class=\"ac-content\"><p><a href=\"http:\/\/www.tc.gc.ca\/\" target=\"_blank\" rel=\"noopener\">Transports Canada<\/a><br \/>\n<a href=\"http:\/\/www.accesstotravel.gc.ca\/\" target=\"_blank\" rel=\"noopener\">Transports Canada &#8211; Acc\u00e8s aux voyages (Source d&rsquo;information sur les besoins sp\u00e9ciaux)<\/a><br \/>\n<a href=\"https:\/\/tc.canada.ca\/en\/aviation\/drone-safety\" target=\"_blank\" rel=\"noopener\">Transport Canada &#8211; S\u00e9curit\u00e9 des drones<\/a><br \/>\n<a href=\"http:\/\/www.tsb.gc.ca\/\" target=\"_blank\" rel=\"noopener\">Bureau de la s\u00e9curit\u00e9 des transports du Canada  <\/a><br \/>\n<a href=\"http:\/\/travel.gc.ca\/\" target=\"_blank\" rel=\"noopener\">Voyage au Canada<\/a><br \/>\n<a href=\"http:\/\/www.catsa-acsta.gc.ca\/\" target=\"_blank\" rel=\"noopener\">Administration canadienne de la s\u00fbret\u00e9 du transport a\u00e9rien<\/a><br \/>\n<a href=\"http:\/\/www.parl.gc.ca\/\" target=\"_blank\" rel=\"noopener\">Site web du Parlement<\/a><br \/>\n<a href=\"http:\/\/www.cta-otc.gc.ca\/\" target=\"_blank\" rel=\"noopener\">Office des transports du Canada<\/a><br \/>\n<a href=\"https:\/\/yyj.ca\/pdfs\/flysmart_e.pdf\" target=\"_blank\" rel=\"noopener\">Office des transports du Canada &#8211; Fly Smart Booklet<\/a><br \/>\n<a href=\"http:\/\/www.cbsa-asfc.gc.ca\/\" target=\"_blank\" rel=\"noopener\">Agence des services frontaliers du Canada<\/a> 1-888-461-9999<br \/>\n<a href=\"http:\/\/dfait-maeci.gc.ca\/\" target=\"_blank\" rel=\"noopener\">Minist\u00e8re des affaires \u00e9trang\u00e8res et du commerce international<\/a> 1-800-267-6788<br \/>\n<a href=\"http:\/\/www.cic.gc.ca\/\" target=\"_blank\" rel=\"noopener\">Citoyennet\u00e9 et immigration Canada<\/a> 1-888-242-2100<br \/>\n<a href=\"http:\/\/inspection.gc.ca\/\" target=\"_blank\" rel=\"noopener\">Agence canadienne d&rsquo;inspection des aliments<\/a> 1-800-442-2342<br \/>\n<a href=\"http:\/\/www.ppt.gc.ca\/\" target=\"_blank\" rel=\"noopener\">Passeport Canada<\/a> 1-800-567-6868<\/p>\n<\/div>\n                <\/div>\n                            <div class=\"accordion\">\n                    <h4 class=\"ac-trigger flex\">Autres agences gouvernementales<\/h4>\n                    <div class=\"ac-content\"><p>Vous vous rendez aux \u00c9tats-Unis ou vous les traversez ?<\/p>\n<p>Pour plus d&rsquo;informations sur la pr\u00e9paration de votre voyage et les nouvelles mesures de s\u00e9curit\u00e9, consultez le <a href=\"http:\/\/www.tsa.gov\/traveler-information\" target=\"_blank\" rel=\"noopener\">site de l&rsquo;administration de la s\u00e9curit\u00e9 des transports<\/a>.<\/p>\n<p>Douanes et protection des fronti\u00e8res des \u00c9tats-Unis NEXUS<\/p>\n<p><a href=\"https:\/\/esta.cbp.dhs.gov\/\" target=\"_blank\" rel=\"noopener\">ESTA (Syst\u00e8me \u00e9lectronique d&rsquo;autorisation de voyage)<\/a><\/p>\n<\/div>\n                <\/div>\n                            <div class=\"accordion\">\n                    <h4 class=\"ac-trigger flex\">Liens touristiques<\/h4>\n                    <div class=\"ac-content\"><p><a href=\"http:\/\/www.bcam.net\/\" target=\"_blank\" rel=\"noopener\">Mus\u00e9e de l&rsquo;aviation de la Colombie-Britannique<\/a><br \/>\n<a href=\"http:\/\/www.bctravel.com\/\" target=\"_blank\" rel=\"noopener\">Guide de voyage de la Colombie-Britannique<\/a><br \/>\n<a href=\"http:\/\/www.victoria.ca\/\" target=\"_blank\" rel=\"noopener\">Ville de Victoria<\/a><br \/>\n<a href=\"http:\/\/www.cyclevancouverisland.ca\/\" target=\"_blank\" rel=\"noopener\">Cyclisme sur l&rsquo;\u00eele de Vancouver<\/a><br \/>\n<a href=\"https:\/\/www.victoriachamber.ca\/\">Chambre de commerce du Grand Victoria<\/a><br \/>\n<a href=\"http:\/\/www.peninsulachamber.ca\/\" target=\"_blank\" rel=\"noopener\">Chambre de commerce de la p\u00e9ninsule de Saanich<\/a><br \/>\n<a href=\"http:\/\/www.tourismvi.ca\/\" target=\"_blank\" rel=\"noopener\">Tourisme sur l&rsquo;\u00eele de Vancouver<\/a><br \/>\n<a href=\"http:\/\/www.tourismvictoria.com\/\" target=\"_blank\" rel=\"noopener\">Destination Greater Victoria<\/a><br \/>\n<a href=\"http:\/\/www.sidney.ca\/\" target=\"_blank\" rel=\"noopener\">Ville de Sidney<\/a><\/p>\n<p>&nbsp;<\/p>\n<\/div>\n                <\/div>\n                    <\/div>\n    <\/div>\n<\/section>","protected":false},"excerpt":{"rendered":"","protected":false},"author":1,"featured_media":0,"parent":0,"menu_order":11,"comment_status":"closed","ping_status":"closed","template":"","meta":{"_acf_changed":false,"footnotes":""},"class_list":["post-6937","page","type-page","status-publish","hentry"],"acf":[],"yoast_head":"<!-- This site is optimized with the Yoast SEO plugin v27.3 - https:\/\/yoast.com\/product\/yoast-seo-wordpress\/ -->\n<title>Informations sur les voyages - Victoria Airport Authority<\/title>\n<meta name=\"robots\" content=\"index, follow, max-snippet:-1, max-image-preview:large, max-video-preview:-1\" \/>\n<link rel=\"canonical\" href=\"https:\/\/yyj.ca\/fr\/informations-sur-les-voyages\/\" \/>\n<meta property=\"og:locale\" content=\"fr_FR\" \/>\n<meta property=\"og:type\" content=\"article\" \/>\n<meta property=\"og:title\" content=\"Informations sur les voyages - Victoria Airport Authority\" \/>\n<meta property=\"og:url\" content=\"https:\/\/yyj.ca\/fr\/informations-sur-les-voyages\/\" \/>\n<meta property=\"og:site_name\" content=\"Victoria Airport Authority\" \/>\n<meta property=\"article:modified_time\" content=\"2023-07-28T20:46:56+00:00\" \/>\n<meta name=\"twitter:card\" content=\"summary_large_image\" \/>\n<script type=\"application\/ld+json\" class=\"yoast-schema-graph\">{\"@context\":\"https:\\\/\\\/schema.org\",\"@graph\":[{\"@type\":\"WebPage\",\"@id\":\"https:\\\/\\\/yyj.ca\\\/fr\\\/informations-sur-les-voyages\\\/\",\"url\":\"https:\\\/\\\/yyj.ca\\\/fr\\\/informations-sur-les-voyages\\\/\",\"name\":\"Informations sur les voyages - Victoria Airport Authority\",\"isPartOf\":{\"@id\":\"https:\\\/\\\/yyj.ca\\\/fr\\\/#website\"},\"datePublished\":\"2022-10-18T20:46:12+00:00\",\"dateModified\":\"2023-07-28T20:46:56+00:00\",\"breadcrumb\":{\"@id\":\"https:\\\/\\\/yyj.ca\\\/fr\\\/informations-sur-les-voyages\\\/#breadcrumb\"},\"inLanguage\":\"fr-FR\",\"potentialAction\":[{\"@type\":\"ReadAction\",\"target\":[\"https:\\\/\\\/yyj.ca\\\/fr\\\/informations-sur-les-voyages\\\/\"]}]},{\"@type\":\"BreadcrumbList\",\"@id\":\"https:\\\/\\\/yyj.ca\\\/fr\\\/informations-sur-les-voyages\\\/#breadcrumb\",\"itemListElement\":[{\"@type\":\"ListItem\",\"position\":1,\"name\":\"Home\",\"item\":\"https:\\\/\\\/yyj.ca\\\/fr\\\/\"},{\"@type\":\"ListItem\",\"position\":2,\"name\":\"Informations sur les voyages\"}]},{\"@type\":\"WebSite\",\"@id\":\"https:\\\/\\\/yyj.ca\\\/fr\\\/#website\",\"url\":\"https:\\\/\\\/yyj.ca\\\/fr\\\/\",\"name\":\"Victoria Airport Authority\",\"description\":\"Victoria International Airport\",\"publisher\":{\"@id\":\"https:\\\/\\\/yyj.ca\\\/fr\\\/#organization\"},\"potentialAction\":[{\"@type\":\"SearchAction\",\"target\":{\"@type\":\"EntryPoint\",\"urlTemplate\":\"https:\\\/\\\/yyj.ca\\\/fr\\\/?s={search_term_string}\"},\"query-input\":{\"@type\":\"PropertyValueSpecification\",\"valueRequired\":true,\"valueName\":\"search_term_string\"}}],\"inLanguage\":\"fr-FR\"},{\"@type\":\"Organization\",\"@id\":\"https:\\\/\\\/yyj.ca\\\/fr\\\/#organization\",\"name\":\"Victoria Inernational Airport\",\"url\":\"https:\\\/\\\/yyj.ca\\\/fr\\\/\",\"logo\":{\"@type\":\"ImageObject\",\"inLanguage\":\"fr-FR\",\"@id\":\"https:\\\/\\\/yyj.ca\\\/fr\\\/#\\\/schema\\\/logo\\\/image\\\/\",\"url\":\"https:\\\/\\\/aeroportdevictoria.com\\\/wp-content\\\/uploads\\\/2023\\\/06\\\/yyj-logo.svg\",\"contentUrl\":\"https:\\\/\\\/aeroportdevictoria.com\\\/wp-content\\\/uploads\\\/2023\\\/06\\\/yyj-logo.svg\",\"width\":378,\"height\":73,\"caption\":\"Victoria Inernational Airport\"},\"image\":{\"@id\":\"https:\\\/\\\/yyj.ca\\\/fr\\\/#\\\/schema\\\/logo\\\/image\\\/\"}}]}<\/script>\n<!-- \/ Yoast SEO plugin. -->","yoast_head_json":{"title":"Informations sur les voyages - Victoria Airport Authority","robots":{"index":"index","follow":"follow","max-snippet":"max-snippet:-1","max-image-preview":"max-image-preview:large","max-video-preview":"max-video-preview:-1"},"canonical":"https:\/\/yyj.ca\/fr\/informations-sur-les-voyages\/","og_locale":"fr_FR","og_type":"article","og_title":"Informations sur les voyages - Victoria Airport Authority","og_url":"https:\/\/yyj.ca\/fr\/informations-sur-les-voyages\/","og_site_name":"Victoria Airport Authority","article_modified_time":"2023-07-28T20:46:56+00:00","twitter_card":"summary_large_image","schema":{"@context":"https:\/\/schema.org","@graph":[{"@type":"WebPage","@id":"https:\/\/yyj.ca\/fr\/informations-sur-les-voyages\/","url":"https:\/\/yyj.ca\/fr\/informations-sur-les-voyages\/","name":"Informations sur les voyages - Victoria Airport Authority","isPartOf":{"@id":"https:\/\/yyj.ca\/fr\/#website"},"datePublished":"2022-10-18T20:46:12+00:00","dateModified":"2023-07-28T20:46:56+00:00","breadcrumb":{"@id":"https:\/\/yyj.ca\/fr\/informations-sur-les-voyages\/#breadcrumb"},"inLanguage":"fr-FR","potentialAction":[{"@type":"ReadAction","target":["https:\/\/yyj.ca\/fr\/informations-sur-les-voyages\/"]}]},{"@type":"BreadcrumbList","@id":"https:\/\/yyj.ca\/fr\/informations-sur-les-voyages\/#breadcrumb","itemListElement":[{"@type":"ListItem","position":1,"name":"Home","item":"https:\/\/yyj.ca\/fr\/"},{"@type":"ListItem","position":2,"name":"Informations sur les voyages"}]},{"@type":"WebSite","@id":"https:\/\/yyj.ca\/fr\/#website","url":"https:\/\/yyj.ca\/fr\/","name":"Victoria Airport Authority","description":"Victoria International Airport","publisher":{"@id":"https:\/\/yyj.ca\/fr\/#organization"},"potentialAction":[{"@type":"SearchAction","target":{"@type":"EntryPoint","urlTemplate":"https:\/\/yyj.ca\/fr\/?s={search_term_string}"},"query-input":{"@type":"PropertyValueSpecification","valueRequired":true,"valueName":"search_term_string"}}],"inLanguage":"fr-FR"},{"@type":"Organization","@id":"https:\/\/yyj.ca\/fr\/#organization","name":"Victoria Inernational Airport","url":"https:\/\/yyj.ca\/fr\/","logo":{"@type":"ImageObject","inLanguage":"fr-FR","@id":"https:\/\/yyj.ca\/fr\/#\/schema\/logo\/image\/","url":"https:\/\/aeroportdevictoria.com\/wp-content\/uploads\/2023\/06\/yyj-logo.svg","contentUrl":"https:\/\/aeroportdevictoria.com\/wp-content\/uploads\/2023\/06\/yyj-logo.svg","width":378,"height":73,"caption":"Victoria Inernational Airport"},"image":{"@id":"https:\/\/yyj.ca\/fr\/#\/schema\/logo\/image\/"}}]}},"_links":{"self":[{"href":"https:\/\/yyj.ca\/fr\/wp-json\/wp\/v2\/pages\/6937","targetHints":{"allow":["GET"]}}],"collection":[{"href":"https:\/\/yyj.ca\/fr\/wp-json\/wp\/v2\/pages"}],"about":[{"href":"https:\/\/yyj.ca\/fr\/wp-json\/wp\/v2\/types\/page"}],"author":[{"embeddable":true,"href":"https:\/\/yyj.ca\/fr\/wp-json\/wp\/v2\/users\/1"}],"replies":[{"embeddable":true,"href":"https:\/\/yyj.ca\/fr\/wp-json\/wp\/v2\/comments?post=6937"}],"version-history":[{"count":0,"href":"https:\/\/yyj.ca\/fr\/wp-json\/wp\/v2\/pages\/6937\/revisions"}],"wp:attachment":[{"href":"https:\/\/yyj.ca\/fr\/wp-json\/wp\/v2\/media?parent=6937"}],"curies":[{"name":"wp","href":"https:\/\/api.w.org\/{rel}","templated":true}]}}