{"id":6935,"date":"2023-01-10T08:27:44","date_gmt":"2023-01-10T15:27:44","guid":{"rendered":"https:\/\/yyj.eclipsedev.tk\/partenariat-avec-nous\/proposition-dhotel-du-groupe-kothari\/"},"modified":"2025-12-10T12:49:22","modified_gmt":"2025-12-10T19:49:22","slug":"proposition-dhotel-du-groupe-kothari","status":"publish","type":"page","link":"https:\/\/yyj.ca\/fr\/partenariat-avec-nous\/proposition-dhotel-du-groupe-kothari\/","title":{"rendered":"D\u00e9veloppement h\u00f4telier du groupe Kothari"},"content":{"rendered":"\n<section class=\"banner\">\n            <div class=\"image-wrap\">\n            <img fetchpriority=\"high\" decoding=\"async\" width=\"2560\" height=\"1015\" src=\"https:\/\/yyj.ca\/wp-content\/uploads\/2023\/08\/20230802_21-039_Sidney-TPS-Render-02logo-scaled.jpg\" class=\"attachment-full size-full\" alt=\"\" loading=\"eager\" srcset=\"https:\/\/yyj.ca\/wp-content\/uploads\/2023\/08\/20230802_21-039_Sidney-TPS-Render-02logo-scaled.jpg 2560w, https:\/\/yyj.ca\/wp-content\/uploads\/2023\/08\/20230802_21-039_Sidney-TPS-Render-02logo-300x119.jpg 300w, https:\/\/yyj.ca\/wp-content\/uploads\/2023\/08\/20230802_21-039_Sidney-TPS-Render-02logo-1024x406.jpg 1024w, https:\/\/yyj.ca\/wp-content\/uploads\/2023\/08\/20230802_21-039_Sidney-TPS-Render-02logo-1536x609.jpg 1536w, https:\/\/yyj.ca\/wp-content\/uploads\/2023\/08\/20230802_21-039_Sidney-TPS-Render-02logo-2048x812.jpg 2048w\" sizes=\"(max-width: 2560px) 100vw, 2560px\" \/>        <\/div>\n        <div class=\"container large\">\n                    <h2 class=\"overline\">SOCI\u00c9T\u00c9<\/h2>\n                    <h1>D\u00c9VELOPPEMENT H\u00d4TELIER DU GROUPE KOTHARI<\/h1>\n                    <\/div>\n    <div class=\"banner-graphic\">\n        <img decoding=\"async\" src=\"\/wp-content\/themes\/eclipse360\/assets\/images\/banner-bottom.svg\" alt=\"banner-graphic\">\n    <\/div>\n<\/section>\n<section class=\"page-intro\">\n    <div class=\"container\">\n        <div class=\"content\"><p><strong>Mise \u00e0 jour le 12 d\u00e9cembre 2025 :<\/strong> La fin des travaux de construction est pr\u00e9vue pour le d\u00e9but de l&rsquo;ann\u00e9e 2026 et l&rsquo;ouverture est pr\u00e9vue pour le 1er mars 2026. Une fois les travaux termin\u00e9s, la construction d&rsquo;un restaurant ind\u00e9pendant commencera. <\/p>\n<p><strong>Mise \u00e0 jour le 4 avril 2024 :<\/strong> L&rsquo;autorit\u00e9 a\u00e9roportuaire de Victoria a le plaisir d&rsquo;annoncer qu&rsquo;elle a approuv\u00e9 la proposition d&rsquo;h\u00f4tel du groupe Kothari pour un TownePlace Suites by Marriott de 129 chambres.<\/p>\n<p>Destin\u00e9 \u00e0 devenir le premier h\u00f4tel \u00e0 s\u00e9jour prolong\u00e9 de la r\u00e9gion, cet h\u00f4tel de trois \u00e9tages, compos\u00e9 uniquement de suites, proposera une combinaison de studios, de chambres \u00e0 coucher et de deux chambres \u00e0 coucher avec des cuisines enti\u00e8rement \u00e9quip\u00e9es, un centre de remise en forme, une piscine et un espace de r\u00e9union d&rsquo;une superficie de 1 500 m\u00e8tres carr\u00e9s. Le projet comprendra \u00e9galement un restaurant \u00e0 service complet, dont l&rsquo;enseigne devrait \u00eatre annonc\u00e9e dans les mois \u00e0 venir.<\/p>\n<p>L&rsquo;activit\u00e9 sur le site commencera au printemps 2024 pour pr\u00e9parer le d\u00e9but de la construction, qui devrait s&rsquo;achever en 2026.<\/p>\n<p>&nbsp;<\/p>\n<\/div>\n    <\/div>\n<\/section>\n<section class=\"block_background dark\" style=\"background-color: ;\">\n        <div class=\"container moyen\">\n        \n\n<p>Vous avez une question ou un commentaire sur le d\u00e9veloppement ? Nous serions ravis de vous entendre. Vous pouvez soumettre une question ou un commentaire \u00e0 : <a href=\"mailto:hotelproject@victoriaairport.com\">hotelproject@victoriaairport.com<\/a><\/p>\n\n\n\n<p>Veuillez cliquer sur chaque image ci-dessous pour l&rsquo;agrandir.<\/p>\n\n\n\n<figure class=\"wp-block-gallery has-nested-images columns-default is-cropped wp-block-gallery-1 is-layout-flex wp-block-gallery-is-layout-flex\">\n<figure class=\"wp-block-image size-large\"><img loading=\"lazy\" decoding=\"async\" width=\"1024\" height=\"406\" data-id=\"8421\" src=\"https:\/\/aeroportdevictoria.com\/wp-content\/uploads\/2023\/08\/20230802_21-039_Sidney-TPS-Render-02logo-1024x406.jpg\" alt=\"\" class=\"wp-image-8421\" srcset=\"https:\/\/yyj.ca\/wp-content\/uploads\/2023\/08\/20230802_21-039_Sidney-TPS-Render-02logo-1024x406.jpg 1024w, https:\/\/yyj.ca\/wp-content\/uploads\/2023\/08\/20230802_21-039_Sidney-TPS-Render-02logo-300x119.jpg 300w, https:\/\/yyj.ca\/wp-content\/uploads\/2023\/08\/20230802_21-039_Sidney-TPS-Render-02logo-1536x609.jpg 1536w, https:\/\/yyj.ca\/wp-content\/uploads\/2023\/08\/20230802_21-039_Sidney-TPS-Render-02logo-2048x812.jpg 2048w\" sizes=\"auto, (max-width: 1024px) 100vw, 1024px\" \/><\/figure>\n\n\n\n<figure class=\"wp-block-image size-large\"><img loading=\"lazy\" decoding=\"async\" width=\"1024\" height=\"415\" data-id=\"8425\" src=\"https:\/\/aeroportdevictoria.com\/wp-content\/uploads\/2023\/08\/20230802_21-039_Sidney-TPS-Render-01logo-1024x415.jpg\" alt=\"\" class=\"wp-image-8425\" srcset=\"https:\/\/yyj.ca\/wp-content\/uploads\/2023\/08\/20230802_21-039_Sidney-TPS-Render-01logo-1024x415.jpg 1024w, https:\/\/yyj.ca\/wp-content\/uploads\/2023\/08\/20230802_21-039_Sidney-TPS-Render-01logo-300x122.jpg 300w, https:\/\/yyj.ca\/wp-content\/uploads\/2023\/08\/20230802_21-039_Sidney-TPS-Render-01logo-1536x622.jpg 1536w, https:\/\/yyj.ca\/wp-content\/uploads\/2023\/08\/20230802_21-039_Sidney-TPS-Render-01logo-2048x829.jpg 2048w\" sizes=\"auto, (max-width: 1024px) 100vw, 1024px\" \/><\/figure>\n\n\n\n<figure class=\"wp-block-image size-large\"><img loading=\"lazy\" decoding=\"async\" width=\"1024\" height=\"456\" data-id=\"8427\" src=\"https:\/\/aeroportdevictoria.com\/wp-content\/uploads\/2023\/08\/20230807_21-039_Sidney-TPS-Render-Night-02logo-1-1-1024x456.jpg\" alt=\"\" class=\"wp-image-8427\" srcset=\"https:\/\/yyj.ca\/wp-content\/uploads\/2023\/08\/20230807_21-039_Sidney-TPS-Render-Night-02logo-1-1-1024x456.jpg 1024w, https:\/\/yyj.ca\/wp-content\/uploads\/2023\/08\/20230807_21-039_Sidney-TPS-Render-Night-02logo-1-1-300x134.jpg 300w, https:\/\/yyj.ca\/wp-content\/uploads\/2023\/08\/20230807_21-039_Sidney-TPS-Render-Night-02logo-1-1-1536x684.jpg 1536w, https:\/\/yyj.ca\/wp-content\/uploads\/2023\/08\/20230807_21-039_Sidney-TPS-Render-Night-02logo-1-1-2048x912.jpg 2048w\" sizes=\"auto, (max-width: 1024px) 100vw, 1024px\" \/><\/figure>\n<\/figure>\n\n\n    <\/div>\n<\/section>\n<figure class=\"wp-block-gallery has-nested-images columns-5 is-cropped wp-block-gallery-2 is-layout-flex wp-block-gallery-is-layout-flex\">\n<figure class=\"wp-block-image size-full\"><img loading=\"lazy\" decoding=\"async\" width=\"750\" height=\"611\" data-id=\"4173\" src=\"https:\/\/yyj.ca\/wp-content\/uploads\/2023\/02\/YYJ_SAMPLE_IMAGES-19.jpg\" alt=\"\" class=\"wp-image-4173\" srcset=\"https:\/\/yyj.ca\/wp-content\/uploads\/2023\/02\/YYJ_SAMPLE_IMAGES-19.jpg 750w, https:\/\/yyj.ca\/wp-content\/uploads\/2023\/02\/YYJ_SAMPLE_IMAGES-19-300x244.jpg 300w\" sizes=\"auto, (max-width: 750px) 100vw, 750px\" \/><\/figure>\n\n\n\n<figure class=\"wp-block-image size-full\"><img loading=\"lazy\" decoding=\"async\" width=\"750\" height=\"500\" data-id=\"4174\" src=\"https:\/\/yyj.ca\/wp-content\/uploads\/2023\/02\/YYJ_SAMPLE_IMAGES.jpg\" alt=\"\" class=\"wp-image-4174\" srcset=\"https:\/\/yyj.ca\/wp-content\/uploads\/2023\/02\/YYJ_SAMPLE_IMAGES.jpg 750w, https:\/\/yyj.ca\/wp-content\/uploads\/2023\/02\/YYJ_SAMPLE_IMAGES-300x200.jpg 300w\" sizes=\"auto, (max-width: 750px) 100vw, 750px\" \/><\/figure>\n\n\n\n<figure class=\"wp-block-image size-large\"><img loading=\"lazy\" decoding=\"async\" width=\"1024\" height=\"682\" data-id=\"4231\" src=\"https:\/\/yyj.ca\/wp-content\/uploads\/2023\/02\/YYJ_2023-229-1024x682.jpg\" alt=\"\" class=\"wp-image-4231\" srcset=\"https:\/\/yyj.ca\/wp-content\/uploads\/2023\/02\/YYJ_2023-229-1024x682.jpg 1024w, https:\/\/yyj.ca\/wp-content\/uploads\/2023\/02\/YYJ_2023-229-300x200.jpg 300w, https:\/\/yyj.ca\/wp-content\/uploads\/2023\/02\/YYJ_2023-229.jpg 1400w\" sizes=\"auto, (max-width: 1024px) 100vw, 1024px\" \/><\/figure>\n\n\n\n<figure class=\"wp-block-image size-full\"><img loading=\"lazy\" decoding=\"async\" width=\"750\" height=\"500\" data-id=\"4175\" src=\"https:\/\/yyj.ca\/wp-content\/uploads\/2023\/02\/YYJ_SAMPLE_IMAGES-6.jpg\" alt=\"\" class=\"wp-image-4175\" srcset=\"https:\/\/yyj.ca\/wp-content\/uploads\/2023\/02\/YYJ_SAMPLE_IMAGES-6.jpg 750w, https:\/\/yyj.ca\/wp-content\/uploads\/2023\/02\/YYJ_SAMPLE_IMAGES-6-300x200.jpg 300w\" sizes=\"auto, (max-width: 750px) 100vw, 750px\" \/><\/figure>\n\n\n\n<figure class=\"wp-block-image size-large\"><img loading=\"lazy\" decoding=\"async\" width=\"1024\" height=\"682\" data-id=\"4230\" src=\"https:\/\/yyj.ca\/wp-content\/uploads\/2023\/02\/YYJ_2023-30-1024x682.jpg\" alt=\"\" class=\"wp-image-4230\" srcset=\"https:\/\/yyj.ca\/wp-content\/uploads\/2023\/02\/YYJ_2023-30-1024x682.jpg 1024w, https:\/\/yyj.ca\/wp-content\/uploads\/2023\/02\/YYJ_2023-30-300x200.jpg 300w, https:\/\/yyj.ca\/wp-content\/uploads\/2023\/02\/YYJ_2023-30.jpg 1400w\" sizes=\"auto, (max-width: 1024px) 100vw, 1024px\" \/><\/figure>\n<\/figure>\n","protected":false},"excerpt":{"rendered":"","protected":false},"author":1,"featured_media":0,"parent":6872,"menu_order":18,"comment_status":"closed","ping_status":"closed","template":"","meta":{"_acf_changed":false,"footnotes":""},"class_list":["post-6935","page","type-page","status-publish","hentry"],"acf":[],"yoast_head":"<!-- This site is optimized with the Yoast SEO plugin v27.3 - https:\/\/yoast.com\/product\/yoast-seo-wordpress\/ -->\n<title>D\u00e9veloppement h\u00f4telier du groupe Kothari - Victoria Airport Authority<\/title>\n<meta name=\"robots\" content=\"index, follow, max-snippet:-1, max-image-preview:large, max-video-preview:-1\" \/>\n<link rel=\"canonical\" href=\"https:\/\/yyj.ca\/fr\/partenariat-avec-nous\/proposition-dhotel-du-groupe-kothari\/\" \/>\n<meta property=\"og:locale\" content=\"fr_FR\" \/>\n<meta property=\"og:type\" content=\"article\" \/>\n<meta property=\"og:title\" content=\"D\u00e9veloppement h\u00f4telier du groupe Kothari - Victoria Airport Authority\" \/>\n<meta property=\"og:url\" content=\"https:\/\/yyj.ca\/fr\/partenariat-avec-nous\/proposition-dhotel-du-groupe-kothari\/\" \/>\n<meta property=\"og:site_name\" content=\"Victoria Airport Authority\" \/>\n<meta property=\"article:modified_time\" content=\"2025-12-10T19:49:22+00:00\" \/>\n<meta property=\"og:image\" content=\"https:\/\/aeroportdevictoria.com\/wp-content\/uploads\/2023\/08\/20230802_21-039_Sidney-TPS-Render-02logo-1024x406.jpg\" \/>\n<meta name=\"twitter:card\" content=\"summary_large_image\" \/>\n<script type=\"application\/ld+json\" class=\"yoast-schema-graph\">{\"@context\":\"https:\\\/\\\/schema.org\",\"@graph\":[{\"@type\":\"WebPage\",\"@id\":\"https:\\\/\\\/yyj.ca\\\/fr\\\/partenariat-avec-nous\\\/proposition-dhotel-du-groupe-kothari\\\/\",\"url\":\"https:\\\/\\\/yyj.ca\\\/fr\\\/partenariat-avec-nous\\\/proposition-dhotel-du-groupe-kothari\\\/\",\"name\":\"D\u00e9veloppement h\u00f4telier du groupe Kothari - Victoria Airport Authority\",\"isPartOf\":{\"@id\":\"https:\\\/\\\/yyj.ca\\\/fr\\\/#website\"},\"primaryImageOfPage\":{\"@id\":\"https:\\\/\\\/yyj.ca\\\/fr\\\/partenariat-avec-nous\\\/proposition-dhotel-du-groupe-kothari\\\/#primaryimage\"},\"image\":{\"@id\":\"https:\\\/\\\/yyj.ca\\\/fr\\\/partenariat-avec-nous\\\/proposition-dhotel-du-groupe-kothari\\\/#primaryimage\"},\"thumbnailUrl\":\"https:\\\/\\\/aeroportdevictoria.com\\\/wp-content\\\/uploads\\\/2023\\\/08\\\/20230802_21-039_Sidney-TPS-Render-02logo-1024x406.jpg\",\"datePublished\":\"2023-01-10T15:27:44+00:00\",\"dateModified\":\"2025-12-10T19:49:22+00:00\",\"breadcrumb\":{\"@id\":\"https:\\\/\\\/yyj.ca\\\/fr\\\/partenariat-avec-nous\\\/proposition-dhotel-du-groupe-kothari\\\/#breadcrumb\"},\"inLanguage\":\"fr-FR\",\"potentialAction\":[{\"@type\":\"ReadAction\",\"target\":[\"https:\\\/\\\/yyj.ca\\\/fr\\\/partenariat-avec-nous\\\/proposition-dhotel-du-groupe-kothari\\\/\"]}]},{\"@type\":\"ImageObject\",\"inLanguage\":\"fr-FR\",\"@id\":\"https:\\\/\\\/yyj.ca\\\/fr\\\/partenariat-avec-nous\\\/proposition-dhotel-du-groupe-kothari\\\/#primaryimage\",\"url\":\"https:\\\/\\\/aeroportdevictoria.com\\\/wp-content\\\/uploads\\\/2023\\\/08\\\/20230802_21-039_Sidney-TPS-Render-02logo-1024x406.jpg\",\"contentUrl\":\"https:\\\/\\\/aeroportdevictoria.com\\\/wp-content\\\/uploads\\\/2023\\\/08\\\/20230802_21-039_Sidney-TPS-Render-02logo-1024x406.jpg\"},{\"@type\":\"BreadcrumbList\",\"@id\":\"https:\\\/\\\/yyj.ca\\\/fr\\\/partenariat-avec-nous\\\/proposition-dhotel-du-groupe-kothari\\\/#breadcrumb\",\"itemListElement\":[{\"@type\":\"ListItem\",\"position\":1,\"name\":\"Home\",\"item\":\"https:\\\/\\\/yyj.ca\\\/fr\\\/\"},{\"@type\":\"ListItem\",\"position\":2,\"name\":\"Partenariat avec nous\",\"item\":\"https:\\\/\\\/yyj.ca\\\/fr\\\/partenariat-avec-nous\\\/\"},{\"@type\":\"ListItem\",\"position\":3,\"name\":\"D\u00e9veloppement h\u00f4telier du groupe Kothari\"}]},{\"@type\":\"WebSite\",\"@id\":\"https:\\\/\\\/yyj.ca\\\/fr\\\/#website\",\"url\":\"https:\\\/\\\/yyj.ca\\\/fr\\\/\",\"name\":\"Victoria Airport Authority\",\"description\":\"Victoria International Airport\",\"publisher\":{\"@id\":\"https:\\\/\\\/yyj.ca\\\/fr\\\/#organization\"},\"potentialAction\":[{\"@type\":\"SearchAction\",\"target\":{\"@type\":\"EntryPoint\",\"urlTemplate\":\"https:\\\/\\\/yyj.ca\\\/fr\\\/?s={search_term_string}\"},\"query-input\":{\"@type\":\"PropertyValueSpecification\",\"valueRequired\":true,\"valueName\":\"search_term_string\"}}],\"inLanguage\":\"fr-FR\"},{\"@type\":\"Organization\",\"@id\":\"https:\\\/\\\/yyj.ca\\\/fr\\\/#organization\",\"name\":\"Victoria Inernational Airport\",\"url\":\"https:\\\/\\\/yyj.ca\\\/fr\\\/\",\"logo\":{\"@type\":\"ImageObject\",\"inLanguage\":\"fr-FR\",\"@id\":\"https:\\\/\\\/yyj.ca\\\/fr\\\/#\\\/schema\\\/logo\\\/image\\\/\",\"url\":\"https:\\\/\\\/aeroportdevictoria.com\\\/wp-content\\\/uploads\\\/2023\\\/06\\\/yyj-logo.svg\",\"contentUrl\":\"https:\\\/\\\/aeroportdevictoria.com\\\/wp-content\\\/uploads\\\/2023\\\/06\\\/yyj-logo.svg\",\"width\":378,\"height\":73,\"caption\":\"Victoria Inernational Airport\"},\"image\":{\"@id\":\"https:\\\/\\\/yyj.ca\\\/fr\\\/#\\\/schema\\\/logo\\\/image\\\/\"}}]}<\/script>\n<!-- \/ Yoast SEO plugin. -->","yoast_head_json":{"title":"D\u00e9veloppement h\u00f4telier du groupe Kothari - Victoria Airport Authority","robots":{"index":"index","follow":"follow","max-snippet":"max-snippet:-1","max-image-preview":"max-image-preview:large","max-video-preview":"max-video-preview:-1"},"canonical":"https:\/\/yyj.ca\/fr\/partenariat-avec-nous\/proposition-dhotel-du-groupe-kothari\/","og_locale":"fr_FR","og_type":"article","og_title":"D\u00e9veloppement h\u00f4telier du groupe Kothari - Victoria Airport Authority","og_url":"https:\/\/yyj.ca\/fr\/partenariat-avec-nous\/proposition-dhotel-du-groupe-kothari\/","og_site_name":"Victoria Airport Authority","article_modified_time":"2025-12-10T19:49:22+00:00","og_image":[{"url":"https:\/\/aeroportdevictoria.com\/wp-content\/uploads\/2023\/08\/20230802_21-039_Sidney-TPS-Render-02logo-1024x406.jpg","type":"","width":"","height":""}],"twitter_card":"summary_large_image","schema":{"@context":"https:\/\/schema.org","@graph":[{"@type":"WebPage","@id":"https:\/\/yyj.ca\/fr\/partenariat-avec-nous\/proposition-dhotel-du-groupe-kothari\/","url":"https:\/\/yyj.ca\/fr\/partenariat-avec-nous\/proposition-dhotel-du-groupe-kothari\/","name":"D\u00e9veloppement h\u00f4telier du groupe Kothari - Victoria Airport Authority","isPartOf":{"@id":"https:\/\/yyj.ca\/fr\/#website"},"primaryImageOfPage":{"@id":"https:\/\/yyj.ca\/fr\/partenariat-avec-nous\/proposition-dhotel-du-groupe-kothari\/#primaryimage"},"image":{"@id":"https:\/\/yyj.ca\/fr\/partenariat-avec-nous\/proposition-dhotel-du-groupe-kothari\/#primaryimage"},"thumbnailUrl":"https:\/\/aeroportdevictoria.com\/wp-content\/uploads\/2023\/08\/20230802_21-039_Sidney-TPS-Render-02logo-1024x406.jpg","datePublished":"2023-01-10T15:27:44+00:00","dateModified":"2025-12-10T19:49:22+00:00","breadcrumb":{"@id":"https:\/\/yyj.ca\/fr\/partenariat-avec-nous\/proposition-dhotel-du-groupe-kothari\/#breadcrumb"},"inLanguage":"fr-FR","potentialAction":[{"@type":"ReadAction","target":["https:\/\/yyj.ca\/fr\/partenariat-avec-nous\/proposition-dhotel-du-groupe-kothari\/"]}]},{"@type":"ImageObject","inLanguage":"fr-FR","@id":"https:\/\/yyj.ca\/fr\/partenariat-avec-nous\/proposition-dhotel-du-groupe-kothari\/#primaryimage","url":"https:\/\/aeroportdevictoria.com\/wp-content\/uploads\/2023\/08\/20230802_21-039_Sidney-TPS-Render-02logo-1024x406.jpg","contentUrl":"https:\/\/aeroportdevictoria.com\/wp-content\/uploads\/2023\/08\/20230802_21-039_Sidney-TPS-Render-02logo-1024x406.jpg"},{"@type":"BreadcrumbList","@id":"https:\/\/yyj.ca\/fr\/partenariat-avec-nous\/proposition-dhotel-du-groupe-kothari\/#breadcrumb","itemListElement":[{"@type":"ListItem","position":1,"name":"Home","item":"https:\/\/yyj.ca\/fr\/"},{"@type":"ListItem","position":2,"name":"Partenariat avec nous","item":"https:\/\/yyj.ca\/fr\/partenariat-avec-nous\/"},{"@type":"ListItem","position":3,"name":"D\u00e9veloppement h\u00f4telier du groupe Kothari"}]},{"@type":"WebSite","@id":"https:\/\/yyj.ca\/fr\/#website","url":"https:\/\/yyj.ca\/fr\/","name":"Victoria Airport Authority","description":"Victoria International Airport","publisher":{"@id":"https:\/\/yyj.ca\/fr\/#organization"},"potentialAction":[{"@type":"SearchAction","target":{"@type":"EntryPoint","urlTemplate":"https:\/\/yyj.ca\/fr\/?s={search_term_string}"},"query-input":{"@type":"PropertyValueSpecification","valueRequired":true,"valueName":"search_term_string"}}],"inLanguage":"fr-FR"},{"@type":"Organization","@id":"https:\/\/yyj.ca\/fr\/#organization","name":"Victoria Inernational Airport","url":"https:\/\/yyj.ca\/fr\/","logo":{"@type":"ImageObject","inLanguage":"fr-FR","@id":"https:\/\/yyj.ca\/fr\/#\/schema\/logo\/image\/","url":"https:\/\/aeroportdevictoria.com\/wp-content\/uploads\/2023\/06\/yyj-logo.svg","contentUrl":"https:\/\/aeroportdevictoria.com\/wp-content\/uploads\/2023\/06\/yyj-logo.svg","width":378,"height":73,"caption":"Victoria Inernational Airport"},"image":{"@id":"https:\/\/yyj.ca\/fr\/#\/schema\/logo\/image\/"}}]}},"_links":{"self":[{"href":"https:\/\/yyj.ca\/fr\/wp-json\/wp\/v2\/pages\/6935","targetHints":{"allow":["GET"]}}],"collection":[{"href":"https:\/\/yyj.ca\/fr\/wp-json\/wp\/v2\/pages"}],"about":[{"href":"https:\/\/yyj.ca\/fr\/wp-json\/wp\/v2\/types\/page"}],"author":[{"embeddable":true,"href":"https:\/\/yyj.ca\/fr\/wp-json\/wp\/v2\/users\/1"}],"replies":[{"embeddable":true,"href":"https:\/\/yyj.ca\/fr\/wp-json\/wp\/v2\/comments?post=6935"}],"version-history":[{"count":0,"href":"https:\/\/yyj.ca\/fr\/wp-json\/wp\/v2\/pages\/6935\/revisions"}],"up":[{"embeddable":true,"href":"https:\/\/yyj.ca\/fr\/wp-json\/wp\/v2\/pages\/6872"}],"wp:attachment":[{"href":"https:\/\/yyj.ca\/fr\/wp-json\/wp\/v2\/media?parent=6935"}],"curies":[{"name":"wp","href":"https:\/\/api.w.org\/{rel}","templated":true}]}}