{"id":6925,"date":"2022-10-07T14:48:09","date_gmt":"2022-10-07T21:48:09","guid":{"rendered":"https:\/\/yyj.eclipsedev.tk\/carrieres-et-emploi\/rencontrez-notre-personnel\/"},"modified":"2026-03-09T14:06:32","modified_gmt":"2026-03-09T21:06:32","slug":"emploi-partenaires","status":"publish","type":"page","link":"https:\/\/yyj.ca\/fr\/carrieres-et-emploi\/emploi-partenaires\/","title":{"rendered":"Possibilit\u00e9s d&#8217;emploi pour les partenaires de l&rsquo;a\u00e9roport"},"content":{"rendered":"\n<section class=\"banner\">\n            <div class=\"image-wrap\">\n            <img fetchpriority=\"high\" decoding=\"async\" width=\"1400\" height=\"933\" src=\"https:\/\/yyj.ca\/wp-content\/uploads\/2023\/02\/YYJ_2023-4.jpg\" class=\"attachment-full size-full\" alt=\"\" loading=\"eager\" srcset=\"https:\/\/yyj.ca\/wp-content\/uploads\/2023\/02\/YYJ_2023-4.jpg 1400w, https:\/\/yyj.ca\/wp-content\/uploads\/2023\/02\/YYJ_2023-4-300x200.jpg 300w, https:\/\/yyj.ca\/wp-content\/uploads\/2023\/02\/YYJ_2023-4-1024x682.jpg 1024w\" sizes=\"(max-width: 1400px) 100vw, 1400px\" \/>        <\/div>\n        <div class=\"container large\">\n                    <h2 class=\"overline\">SOCI\u00c9T\u00c9<\/h2>\n                    <h1>Possibilit\u00e9s d&#8217;emploi pour les partenaires de l&rsquo;a\u00e9roport<\/h1>\n                    <\/div>\n    <div class=\"banner-graphic\">\n        <img decoding=\"async\" src=\"\/wp-content\/themes\/eclipse360\/assets\/images\/banner-bottom.svg\" alt=\"banner-graphic\">\n    <\/div>\n<\/section>\n<section class=\"page-intro\">\n    <div class=\"container\">\n        <div class=\"content\"><p>Avec plus de deux douzaines d&rsquo;entreprises op\u00e9rant dans la seule a\u00e9rogare, nos partenaires a\u00e9roportuaires sont toujours \u00e0 la recherche des meilleurs et des plus brillants pour rejoindre leurs \u00e9quipes. Travailler \u00e0 l&rsquo;a\u00e9roport offre un environnement dynamique et passionnant o\u00f9 chaque poste et, plus important encore, <strong>chaque employ\u00e9<\/strong>, fait la diff\u00e9rence. Ce n&rsquo;est pas pour rien que plus de 2 800 personnes choisissent de travailler \u00e0 l&rsquo;a\u00e9roport international de Victoria. C&rsquo;est peut-\u00eatre \u00e0 votre tour de d\u00e9couvrir pourquoi.<\/p>\n<\/div>\n    <\/div>\n<\/section>\n\n<section class=\"accordions dark has-bg\">\n            <div class=\"image-wrap bg\" data-animate-2>\n            <img loading=\"lazy\" decoding=\"async\" width=\"1920\" height=\"968\" src=\"https:\/\/yyj.ca\/wp-content\/uploads\/2022\/11\/whats-new-bg.svg\" class=\"attachment-full size-full\" alt=\"\" \/>        <\/div>\n        <div class=\"container\">\n                    <h2>Partenaires a\u00e9roportuaires<\/h2>\n         \n                <div class=\"ac-inner\">\n                            <div class=\"accordion\">\n                    <h4 class=\"ac-trigger flex\">Alimentation et boissons \/ Commerce de d\u00e9tail<\/h4>\n                    <div class=\"ac-content\"><p><strong>Concessions de nourriture et de boissons :<\/strong><\/p>\n<p>SSP (Tim Hortons, Spinnakers, Fresh Cup)<\/p>\n<p><a href=\"https:\/\/www.theficklefig.ca\/\">La figue capricieuse<\/a><\/p>\n<p><strong>Concessions de d\u00e9tail :<\/strong><\/p>\n<p><a href=\"https:\/\/recruiting.ultipro.com\/PAR1026PARS\/JobBoard\/b9883763-2d52-4511-a00a-57166395312c\/OpportunityDetail?opportunityId=15c826df-ada3-43e0-a09e-0a71a5c1b427\">Paradies Lagardere Travel Retail<\/a><\/p>\n<p><a href=\"https:\/\/victoriadistillers.com\/\">Distillateurs de Victoria<\/a><\/p>\n<p><a href=\"https:\/\/www.ice-canada.ca\/en\/\">ICE &#8211; March\u00e9 international des changes<\/a><\/p>\n<\/div>\n                <\/div>\n                            <div class=\"accordion\">\n                    <h4 class=\"ac-trigger flex\">Services terminaux<\/h4>\n                    <div class=\"ac-content\"><p><a href=\"https:\/\/best.ca\/\">BEST Janitorial and Maintenance Services<\/a><\/p>\n<p><a href=\"https:\/\/islandtemp.com\/contact\/\">Island Temperature Controls<\/a><\/p>\n<p><a href=\"https:\/\/kprime.net\/careers.aspx\">KPrime Technologies<\/a><\/p>\n<p><a href=\"https:\/\/servicetec.com\/careers\/?lang=en-us\">ServiceTec<\/a><\/p>\n<\/div>\n                <\/div>\n                            <div class=\"accordion\">\n                    <h4 class=\"ac-trigger flex\">Compagnies a\u00e9riennes, assistance en escale (FBO) et soutien op\u00e9rationnel<\/h4>\n                    <div class=\"ac-content\"><p><strong>COMPAGNIES A\u00c9RIENNES<\/strong><\/p>\n<p><a href=\"https:\/\/flyjazz.ca\/en\/careers\/\">Air Canada\/Jazz<\/a><\/p>\n<p><a href=\"https:\/\/www.flyairnorth.com\/about\/careers\">Air North<\/a><\/p>\n<p><a href=\"https:\/\/careers.alaskaair.com\/jobs\/\">Alaska Airlines et Horizon Air<\/a><\/p>\n<p><a href=\"https:\/\/www.pacificcoastal.com\/careers\/\">C\u00f4te Pacifique<\/a><\/p>\n<p><a href=\"https:\/\/careers.flyporter.com\/careers-home\">Porter Airlines<\/a><\/p>\n<p><strong>Services d\u2019assistance en escale<\/strong><\/p>\n<p><a href=\"https:\/\/yyj.ca\/wp-content\/uploads\/2026\/03\/YYJ-FBO-Aircraft-Refueler-Line-Tech-Posting-20FEB26.pdf\"><span data-olk-copy-source=\"MessageBody\">YYJ FBO Services Ltd. (Shell Aerocentre)<\/span><\/a><\/p>\n<p><strong>Soutien op\u00e9rationnel<\/strong><\/p>\n<p><a href=\"https:\/\/yyj.ca\/wp-content\/uploads\/2023\/09\/Executive-Aviation-YYJ-Job-Poster-1.pdf\">Executive Aviation (desservant WestJet, Porter)<\/a><\/p>\n<p>Canwest Flight Services (service pour Air North, Swoop et assistance au sol pour Kenmore Air)<\/p>\n<p>&nbsp;<\/p>\n<\/div>\n                <\/div>\n                            <div class=\"accordion\">\n                    <h4 class=\"ac-trigger flex\">Services de transport terrestre et de stationnement<\/h4>\n                    <div class=\"ac-content\"><p><strong>Gestion des parcs de stationnement :<\/strong><\/p>\n<p><a href=\"tel:250-953-5807\"><img loading=\"lazy\" decoding=\"async\" class=\"alignnone wp-image-12407\" src=\"https:\/\/yyj.ca\/wp-content\/uploads\/2025\/06\/LAZ-Airport-Services_color.png\" alt=\"LAZ Airport Services\" width=\"237\" height=\"126\" srcset=\"https:\/\/yyj.ca\/wp-content\/uploads\/2025\/06\/LAZ-Airport-Services_color.png 1026w, https:\/\/yyj.ca\/wp-content\/uploads\/2025\/06\/LAZ-Airport-Services_color-300x160.png 300w, https:\/\/yyj.ca\/wp-content\/uploads\/2025\/06\/LAZ-Airport-Services_color-1024x545.png 1024w\" sizes=\"auto, (max-width: 237px) 100vw, 237px\" \/><\/a><\/p>\n<p>Visit: <a href=\"http:\/\/www.lazparking.com\">www.lazparking.com<\/a><\/p>\n<p>Email: <a href=\"mailto:airports@lazparking.com\">airports@lazparking.com<\/a><\/p>\n<p>Call: <a href=\"tel:250-953-5807\">(250) 953-5807<\/a><\/p>\n<p>&nbsp;<\/p>\n<p><strong>Soci\u00e9t\u00e9s de location de voitures sur place :<\/strong><\/p>\n<p>Avis<\/p>\n<p>Budget<\/p>\n<p>Hertz\/Thrifty<\/p>\n<p>Nationales<\/p>\n<\/div>\n                <\/div>\n                            <div class=\"accordion\">\n                    <h4 class=\"ac-trigger flex\">S\u00e9curit\u00e9 et application de la loi<\/h4>\n                    <div class=\"ac-content\"><p><a href=\"https:\/\/paladinsecurity.com\/\">Paladin<\/a><\/p>\n<p><a href=\"https:\/\/www.cbsa-asfc.gc.ca\/job-emploi\/menu-eng.html\">Canada Border Services Agency (CBSA)<\/a><\/p>\n<\/div>\n                <\/div>\n                    <\/div>\n    <\/div>\n<\/section>\n<figure class=\"wp-block-gallery has-nested-images columns-5 is-cropped wp-block-gallery-1 is-layout-flex wp-block-gallery-is-layout-flex\">\n<figure class=\"wp-block-image size-full\"><img loading=\"lazy\" decoding=\"async\" width=\"750\" height=\"611\" data-id=\"4173\" src=\"https:\/\/yyj.ca\/wp-content\/uploads\/2023\/02\/YYJ_SAMPLE_IMAGES-19.jpg\" alt=\"\" class=\"wp-image-4173\" srcset=\"https:\/\/yyj.ca\/wp-content\/uploads\/2023\/02\/YYJ_SAMPLE_IMAGES-19.jpg 750w, https:\/\/yyj.ca\/wp-content\/uploads\/2023\/02\/YYJ_SAMPLE_IMAGES-19-300x244.jpg 300w\" sizes=\"auto, (max-width: 750px) 100vw, 750px\" \/><\/figure>\n\n\n\n<figure class=\"wp-block-image size-full\"><img loading=\"lazy\" decoding=\"async\" width=\"750\" height=\"500\" data-id=\"4174\" src=\"https:\/\/yyj.ca\/wp-content\/uploads\/2023\/02\/YYJ_SAMPLE_IMAGES.jpg\" alt=\"\" class=\"wp-image-4174\" srcset=\"https:\/\/yyj.ca\/wp-content\/uploads\/2023\/02\/YYJ_SAMPLE_IMAGES.jpg 750w, https:\/\/yyj.ca\/wp-content\/uploads\/2023\/02\/YYJ_SAMPLE_IMAGES-300x200.jpg 300w\" sizes=\"auto, (max-width: 750px) 100vw, 750px\" \/><\/figure>\n\n\n\n<figure class=\"wp-block-image size-large\"><img loading=\"lazy\" decoding=\"async\" width=\"1024\" height=\"682\" data-id=\"4231\" src=\"https:\/\/yyj.ca\/wp-content\/uploads\/2023\/02\/YYJ_2023-229-1024x682.jpg\" alt=\"\" class=\"wp-image-4231\" srcset=\"https:\/\/yyj.ca\/wp-content\/uploads\/2023\/02\/YYJ_2023-229-1024x682.jpg 1024w, https:\/\/yyj.ca\/wp-content\/uploads\/2023\/02\/YYJ_2023-229-300x200.jpg 300w, https:\/\/yyj.ca\/wp-content\/uploads\/2023\/02\/YYJ_2023-229.jpg 1400w\" sizes=\"auto, (max-width: 1024px) 100vw, 1024px\" \/><\/figure>\n\n\n\n<figure class=\"wp-block-image size-full\"><img loading=\"lazy\" decoding=\"async\" width=\"750\" height=\"500\" data-id=\"4175\" src=\"https:\/\/yyj.ca\/wp-content\/uploads\/2023\/02\/YYJ_SAMPLE_IMAGES-6.jpg\" alt=\"\" class=\"wp-image-4175\" srcset=\"https:\/\/yyj.ca\/wp-content\/uploads\/2023\/02\/YYJ_SAMPLE_IMAGES-6.jpg 750w, https:\/\/yyj.ca\/wp-content\/uploads\/2023\/02\/YYJ_SAMPLE_IMAGES-6-300x200.jpg 300w\" sizes=\"auto, (max-width: 750px) 100vw, 750px\" \/><\/figure>\n\n\n\n<figure class=\"wp-block-image size-large\"><img loading=\"lazy\" decoding=\"async\" width=\"1024\" height=\"682\" data-id=\"4230\" src=\"https:\/\/yyj.ca\/wp-content\/uploads\/2023\/02\/YYJ_2023-30-1024x682.jpg\" alt=\"\" class=\"wp-image-4230\" srcset=\"https:\/\/yyj.ca\/wp-content\/uploads\/2023\/02\/YYJ_2023-30-1024x682.jpg 1024w, https:\/\/yyj.ca\/wp-content\/uploads\/2023\/02\/YYJ_2023-30-300x200.jpg 300w, https:\/\/yyj.ca\/wp-content\/uploads\/2023\/02\/YYJ_2023-30.jpg 1400w\" sizes=\"auto, (max-width: 1024px) 100vw, 1024px\" \/><\/figure>\n<\/figure>\n","protected":false},"excerpt":{"rendered":"","protected":false},"author":1,"featured_media":0,"parent":6913,"menu_order":41,"comment_status":"closed","ping_status":"closed","template":"","meta":{"_acf_changed":false,"footnotes":""},"class_list":["post-6925","page","type-page","status-publish","hentry"],"acf":[],"yoast_head":"<!-- This site is optimized with the Yoast SEO plugin v27.3 - https:\/\/yoast.com\/product\/yoast-seo-wordpress\/ -->\n<title>Possibilit\u00e9s d&#039;emploi pour les partenaires de l&#039;a\u00e9roport - Victoria Airport Authority<\/title>\n<meta name=\"robots\" content=\"index, follow, max-snippet:-1, max-image-preview:large, max-video-preview:-1\" \/>\n<link rel=\"canonical\" href=\"https:\/\/yyj.ca\/fr\/carrieres-et-emploi\/emploi-partenaires\/\" \/>\n<meta property=\"og:locale\" content=\"fr_FR\" \/>\n<meta property=\"og:type\" content=\"article\" \/>\n<meta property=\"og:title\" content=\"Possibilit\u00e9s d&#039;emploi pour les partenaires de l&#039;a\u00e9roport - Victoria Airport Authority\" \/>\n<meta property=\"og:url\" content=\"https:\/\/yyj.ca\/fr\/carrieres-et-emploi\/emploi-partenaires\/\" \/>\n<meta property=\"og:site_name\" content=\"Victoria Airport Authority\" \/>\n<meta property=\"article:modified_time\" content=\"2026-03-09T21:06:32+00:00\" \/>\n<meta name=\"twitter:card\" content=\"summary_large_image\" \/>\n<script type=\"application\/ld+json\" class=\"yoast-schema-graph\">{\"@context\":\"https:\\\/\\\/schema.org\",\"@graph\":[{\"@type\":\"WebPage\",\"@id\":\"https:\\\/\\\/yyj.ca\\\/fr\\\/carrieres-et-emploi\\\/emploi-partenaires\\\/\",\"url\":\"https:\\\/\\\/yyj.ca\\\/fr\\\/carrieres-et-emploi\\\/emploi-partenaires\\\/\",\"name\":\"Possibilit\u00e9s d'emploi pour les partenaires de l'a\u00e9roport - Victoria Airport Authority\",\"isPartOf\":{\"@id\":\"https:\\\/\\\/yyj.ca\\\/fr\\\/#website\"},\"datePublished\":\"2022-10-07T21:48:09+00:00\",\"dateModified\":\"2026-03-09T21:06:32+00:00\",\"breadcrumb\":{\"@id\":\"https:\\\/\\\/yyj.ca\\\/fr\\\/carrieres-et-emploi\\\/emploi-partenaires\\\/#breadcrumb\"},\"inLanguage\":\"fr-FR\",\"potentialAction\":[{\"@type\":\"ReadAction\",\"target\":[\"https:\\\/\\\/yyj.ca\\\/fr\\\/carrieres-et-emploi\\\/emploi-partenaires\\\/\"]}]},{\"@type\":\"BreadcrumbList\",\"@id\":\"https:\\\/\\\/yyj.ca\\\/fr\\\/carrieres-et-emploi\\\/emploi-partenaires\\\/#breadcrumb\",\"itemListElement\":[{\"@type\":\"ListItem\",\"position\":1,\"name\":\"Home\",\"item\":\"https:\\\/\\\/yyj.ca\\\/fr\\\/\"},{\"@type\":\"ListItem\",\"position\":2,\"name\":\"Carri\u00e8res et ressources pour les employ\u00e9s\",\"item\":\"https:\\\/\\\/yyj.ca\\\/fr\\\/carrieres-et-emploi\\\/\"},{\"@type\":\"ListItem\",\"position\":3,\"name\":\"Possibilit\u00e9s d&#8217;emploi pour les partenaires de l&rsquo;a\u00e9roport\"}]},{\"@type\":\"WebSite\",\"@id\":\"https:\\\/\\\/yyj.ca\\\/fr\\\/#website\",\"url\":\"https:\\\/\\\/yyj.ca\\\/fr\\\/\",\"name\":\"Victoria Airport Authority\",\"description\":\"Victoria International Airport\",\"publisher\":{\"@id\":\"https:\\\/\\\/yyj.ca\\\/fr\\\/#organization\"},\"potentialAction\":[{\"@type\":\"SearchAction\",\"target\":{\"@type\":\"EntryPoint\",\"urlTemplate\":\"https:\\\/\\\/yyj.ca\\\/fr\\\/?s={search_term_string}\"},\"query-input\":{\"@type\":\"PropertyValueSpecification\",\"valueRequired\":true,\"valueName\":\"search_term_string\"}}],\"inLanguage\":\"fr-FR\"},{\"@type\":\"Organization\",\"@id\":\"https:\\\/\\\/yyj.ca\\\/fr\\\/#organization\",\"name\":\"Victoria Inernational Airport\",\"url\":\"https:\\\/\\\/yyj.ca\\\/fr\\\/\",\"logo\":{\"@type\":\"ImageObject\",\"inLanguage\":\"fr-FR\",\"@id\":\"https:\\\/\\\/yyj.ca\\\/fr\\\/#\\\/schema\\\/logo\\\/image\\\/\",\"url\":\"https:\\\/\\\/aeroportdevictoria.com\\\/wp-content\\\/uploads\\\/2023\\\/06\\\/yyj-logo.svg\",\"contentUrl\":\"https:\\\/\\\/aeroportdevictoria.com\\\/wp-content\\\/uploads\\\/2023\\\/06\\\/yyj-logo.svg\",\"width\":378,\"height\":73,\"caption\":\"Victoria Inernational Airport\"},\"image\":{\"@id\":\"https:\\\/\\\/yyj.ca\\\/fr\\\/#\\\/schema\\\/logo\\\/image\\\/\"}}]}<\/script>\n<!-- \/ Yoast SEO plugin. -->","yoast_head_json":{"title":"Possibilit\u00e9s d'emploi pour les partenaires de l'a\u00e9roport - Victoria Airport Authority","robots":{"index":"index","follow":"follow","max-snippet":"max-snippet:-1","max-image-preview":"max-image-preview:large","max-video-preview":"max-video-preview:-1"},"canonical":"https:\/\/yyj.ca\/fr\/carrieres-et-emploi\/emploi-partenaires\/","og_locale":"fr_FR","og_type":"article","og_title":"Possibilit\u00e9s d'emploi pour les partenaires de l'a\u00e9roport - Victoria Airport Authority","og_url":"https:\/\/yyj.ca\/fr\/carrieres-et-emploi\/emploi-partenaires\/","og_site_name":"Victoria Airport Authority","article_modified_time":"2026-03-09T21:06:32+00:00","twitter_card":"summary_large_image","schema":{"@context":"https:\/\/schema.org","@graph":[{"@type":"WebPage","@id":"https:\/\/yyj.ca\/fr\/carrieres-et-emploi\/emploi-partenaires\/","url":"https:\/\/yyj.ca\/fr\/carrieres-et-emploi\/emploi-partenaires\/","name":"Possibilit\u00e9s d'emploi pour les partenaires de l'a\u00e9roport - Victoria Airport Authority","isPartOf":{"@id":"https:\/\/yyj.ca\/fr\/#website"},"datePublished":"2022-10-07T21:48:09+00:00","dateModified":"2026-03-09T21:06:32+00:00","breadcrumb":{"@id":"https:\/\/yyj.ca\/fr\/carrieres-et-emploi\/emploi-partenaires\/#breadcrumb"},"inLanguage":"fr-FR","potentialAction":[{"@type":"ReadAction","target":["https:\/\/yyj.ca\/fr\/carrieres-et-emploi\/emploi-partenaires\/"]}]},{"@type":"BreadcrumbList","@id":"https:\/\/yyj.ca\/fr\/carrieres-et-emploi\/emploi-partenaires\/#breadcrumb","itemListElement":[{"@type":"ListItem","position":1,"name":"Home","item":"https:\/\/yyj.ca\/fr\/"},{"@type":"ListItem","position":2,"name":"Carri\u00e8res et ressources pour les employ\u00e9s","item":"https:\/\/yyj.ca\/fr\/carrieres-et-emploi\/"},{"@type":"ListItem","position":3,"name":"Possibilit\u00e9s d&#8217;emploi pour les partenaires de l&rsquo;a\u00e9roport"}]},{"@type":"WebSite","@id":"https:\/\/yyj.ca\/fr\/#website","url":"https:\/\/yyj.ca\/fr\/","name":"Victoria Airport Authority","description":"Victoria International Airport","publisher":{"@id":"https:\/\/yyj.ca\/fr\/#organization"},"potentialAction":[{"@type":"SearchAction","target":{"@type":"EntryPoint","urlTemplate":"https:\/\/yyj.ca\/fr\/?s={search_term_string}"},"query-input":{"@type":"PropertyValueSpecification","valueRequired":true,"valueName":"search_term_string"}}],"inLanguage":"fr-FR"},{"@type":"Organization","@id":"https:\/\/yyj.ca\/fr\/#organization","name":"Victoria Inernational Airport","url":"https:\/\/yyj.ca\/fr\/","logo":{"@type":"ImageObject","inLanguage":"fr-FR","@id":"https:\/\/yyj.ca\/fr\/#\/schema\/logo\/image\/","url":"https:\/\/aeroportdevictoria.com\/wp-content\/uploads\/2023\/06\/yyj-logo.svg","contentUrl":"https:\/\/aeroportdevictoria.com\/wp-content\/uploads\/2023\/06\/yyj-logo.svg","width":378,"height":73,"caption":"Victoria Inernational Airport"},"image":{"@id":"https:\/\/yyj.ca\/fr\/#\/schema\/logo\/image\/"}}]}},"_links":{"self":[{"href":"https:\/\/yyj.ca\/fr\/wp-json\/wp\/v2\/pages\/6925","targetHints":{"allow":["GET"]}}],"collection":[{"href":"https:\/\/yyj.ca\/fr\/wp-json\/wp\/v2\/pages"}],"about":[{"href":"https:\/\/yyj.ca\/fr\/wp-json\/wp\/v2\/types\/page"}],"author":[{"embeddable":true,"href":"https:\/\/yyj.ca\/fr\/wp-json\/wp\/v2\/users\/1"}],"replies":[{"embeddable":true,"href":"https:\/\/yyj.ca\/fr\/wp-json\/wp\/v2\/comments?post=6925"}],"version-history":[{"count":0,"href":"https:\/\/yyj.ca\/fr\/wp-json\/wp\/v2\/pages\/6925\/revisions"}],"up":[{"embeddable":true,"href":"https:\/\/yyj.ca\/fr\/wp-json\/wp\/v2\/pages\/6913"}],"wp:attachment":[{"href":"https:\/\/yyj.ca\/fr\/wp-json\/wp\/v2\/media?parent=6925"}],"curies":[{"name":"wp","href":"https:\/\/api.w.org\/{rel}","templated":true}]}}