{"id":6908,"date":"2022-10-06T13:31:57","date_gmt":"2022-10-06T20:31:57","guid":{"rendered":"https:\/\/yyj.eclipsedev.tk\/a-propos-de-yyj\/message-du-president\/"},"modified":"2025-01-28T10:54:35","modified_gmt":"2025-01-28T17:54:35","slug":"message-du-president","status":"publish","type":"page","link":"https:\/\/yyj.ca\/fr\/a-propos-de-yyj\/message-du-president\/","title":{"rendered":"Message de la Pr\u00e9sidente"},"content":{"rendered":"\n<section class=\"banner\">\n            <div class=\"image-wrap\">\n            <img fetchpriority=\"high\" decoding=\"async\" width=\"1400\" height=\"933\" src=\"https:\/\/yyj.ca\/wp-content\/uploads\/2023\/02\/YYJ_2023-16.jpg\" class=\"attachment-full size-full\" alt=\"\" loading=\"eager\" srcset=\"https:\/\/yyj.ca\/wp-content\/uploads\/2023\/02\/YYJ_2023-16.jpg 1400w, https:\/\/yyj.ca\/wp-content\/uploads\/2023\/02\/YYJ_2023-16-300x200.jpg 300w, https:\/\/yyj.ca\/wp-content\/uploads\/2023\/02\/YYJ_2023-16-1024x682.jpg 1024w\" sizes=\"(max-width: 1400px) 100vw, 1400px\" \/>        <\/div>\n        <div class=\"container large\">\n                    <h2 class=\"overline\">SOCI\u00c9T\u00c9<\/h2>\n                    <h1>MESSAGE DE LA PR\u00c9SIDENTE<\/h1>\n                    <\/div>\n    <div class=\"banner-graphic\">\n        <img decoding=\"async\" src=\"\/wp-content\/themes\/eclipse360\/assets\/images\/banner-bottom.svg\" alt=\"banner-graphic\">\n    <\/div>\n<\/section>\n<div class=\"wp-block-image\">\n<figure class=\"aligncenter size-full is-resized\"><img decoding=\"async\" src=\"https:\/\/aeroportdevictoria.com\/wp-content\/uploads\/2023\/08\/image.png\" alt=\"\" class=\"wp-image-8398\" width=\"-516\" height=\"-516\" srcset=\"https:\/\/yyj.ca\/wp-content\/uploads\/2023\/08\/image.png 494w, https:\/\/yyj.ca\/wp-content\/uploads\/2023\/08\/image-300x300.png 300w, https:\/\/yyj.ca\/wp-content\/uploads\/2023\/08\/image-150x150.png 150w, https:\/\/yyj.ca\/wp-content\/uploads\/2023\/08\/image-400x400.png 400w\" sizes=\"(max-width: 494px) 100vw, 494px\" \/><\/figure>\n<\/div><section class=\"block_background dark\" style=\"background-color: ;\">\n        <div class=\"container moyen\">\n        \n\n<p>Elizabeth M. Brown a \u00e9t\u00e9 nomm\u00e9e pr\u00e9sidente et directrice g\u00e9n\u00e9rale de VAA, \u00e0 compter du 18 septembre 2023. Mme Brown est ravie que ce nouveau r\u00f4le lui permette de rentrer chez elle \u00e0 Sidney, en Colombie-Britannique, apr\u00e8s les 16 derni\u00e8res ann\u00e9es au cours desquelles elle a eu l&rsquo;occasion de travailler dans divers a\u00e9roports en dehors de son pays natal.<\/p>\n\n\n\n<p>Au cours des cinq ann\u00e9es pr\u00e9c\u00e9dant son arriv\u00e9e \u00e0 VAA, Elizabeth a occup\u00e9 le poste de pr\u00e9sidente de TBI US Airports, l&rsquo;organisation responsable de l&rsquo;exploitation de l&rsquo;a\u00e9roport international d&rsquo;Orlando Sanford. Mme Brown \u00e9tait responsable de la conclusion d&rsquo;un contrat de 20 ans avec l&rsquo;autorit\u00e9 a\u00e9roportuaire de Sanford pour la gestion et l&rsquo;exploitation des terminaux de l&rsquo;a\u00e9roport, le contr\u00f4le des rampes d&rsquo;acc\u00e8s et le stationnement.<\/p>\n\n\n\n<p>En tant que cadre trilingue, elle dispose d&rsquo;une vaste exp\u00e9rience internationale et d&rsquo;un bagage en mati\u00e8re de d\u00e9veloppement commercial dans les a\u00e9roports. Elle a occup\u00e9 le poste de Chief Commercial Officer au sein de l&rsquo;unique Cross Border Xpress, un passage frontalier pi\u00e9tonnier entre San Diego (Californie) et l&rsquo;a\u00e9roport international de Tijuana.<\/p>\n\n\n\n<p>Mme Brown a \u00e9galement \u00e9t\u00e9 directrice du marketing avant d&rsquo;\u00eatre nomm\u00e9e directrice commerciale du Vantage Airport Group, o\u00f9 elle a \u00e9labor\u00e9 et mis en \u0153uvre un programme de marketing pour l&rsquo;a\u00e9roport international Sangster de Montego Bay, en Jama\u00efque.<\/p>\n\n\n\n<p>Mme Brown a d\u00e9clar\u00e9 : \u00ab\u00a0Je r\u00eave depuis longtemps de pouvoir revenir \u00e0 Victoria et de contribuer de mani\u00e8re significative au succ\u00e8s continu de l&rsquo;Autorit\u00e9 a\u00e9roportuaire de Victoria. Je suis honor\u00e9e et enthousiaste d&rsquo;avoir \u00e9t\u00e9 choisie pour diriger l&rsquo;Autorit\u00e9 a\u00e9roportuaire de Victoria et je me r\u00e9jouis de travailler avec l&rsquo;\u00e9quipe d\u00e9vou\u00e9e qui a non seulement permis \u00e0 l&rsquo;a\u00e9roport de relever d&rsquo;importants d\u00e9fis, mais qui a aussi trac\u00e9 la voie d&rsquo;une croissance et d&rsquo;un d\u00e9veloppement continus pour r\u00e9pondre aux besoins de la r\u00e9gion de la capitale et de l&rsquo;\u00eele de Vancouver\u00a0\u00bb.<\/p>\n\n\n\n<div style=\"height:30px\" aria-hidden=\"true\" class=\"wp-block-spacer\"><\/div>\n\n\n\n<h5 class=\"wp-block-heading\"><\/h5>\n\n\n\n<p><\/p>\n\n\n\n<p>Elizabeth M. Brown<\/p>\n\n\n\n<p>Pr\u00e9sidente et directrice g\u00e9n\u00e9rale<br\/>A\u00e9roport international de Victoria<\/p>\n\n\n    <\/div>\n<\/section>\n<figure class=\"wp-block-gallery has-nested-images columns-5 is-cropped wp-block-gallery-1 is-layout-flex wp-block-gallery-is-layout-flex\">\n<figure class=\"wp-block-image size-full\"><img loading=\"lazy\" decoding=\"async\" width=\"750\" height=\"611\" data-id=\"4173\" src=\"https:\/\/yyj.ca\/wp-content\/uploads\/2023\/02\/YYJ_SAMPLE_IMAGES-19.jpg\" alt=\"\" class=\"wp-image-4173\" srcset=\"https:\/\/yyj.ca\/wp-content\/uploads\/2023\/02\/YYJ_SAMPLE_IMAGES-19.jpg 750w, https:\/\/yyj.ca\/wp-content\/uploads\/2023\/02\/YYJ_SAMPLE_IMAGES-19-300x244.jpg 300w\" sizes=\"auto, (max-width: 750px) 100vw, 750px\" \/><\/figure>\n\n\n\n<figure class=\"wp-block-image size-full\"><img loading=\"lazy\" decoding=\"async\" width=\"750\" height=\"500\" data-id=\"4174\" src=\"https:\/\/yyj.ca\/wp-content\/uploads\/2023\/02\/YYJ_SAMPLE_IMAGES.jpg\" alt=\"\" class=\"wp-image-4174\" srcset=\"https:\/\/yyj.ca\/wp-content\/uploads\/2023\/02\/YYJ_SAMPLE_IMAGES.jpg 750w, https:\/\/yyj.ca\/wp-content\/uploads\/2023\/02\/YYJ_SAMPLE_IMAGES-300x200.jpg 300w\" sizes=\"auto, (max-width: 750px) 100vw, 750px\" \/><\/figure>\n\n\n\n<figure class=\"wp-block-image size-large\"><img loading=\"lazy\" decoding=\"async\" width=\"1024\" height=\"682\" data-id=\"4231\" src=\"https:\/\/yyj.ca\/wp-content\/uploads\/2023\/02\/YYJ_2023-229-1024x682.jpg\" alt=\"\" class=\"wp-image-4231\" srcset=\"https:\/\/yyj.ca\/wp-content\/uploads\/2023\/02\/YYJ_2023-229-1024x682.jpg 1024w, https:\/\/yyj.ca\/wp-content\/uploads\/2023\/02\/YYJ_2023-229-300x200.jpg 300w, https:\/\/yyj.ca\/wp-content\/uploads\/2023\/02\/YYJ_2023-229.jpg 1400w\" sizes=\"auto, (max-width: 1024px) 100vw, 1024px\" \/><\/figure>\n\n\n\n<figure class=\"wp-block-image size-full\"><img loading=\"lazy\" decoding=\"async\" width=\"750\" height=\"500\" data-id=\"4175\" src=\"https:\/\/yyj.ca\/wp-content\/uploads\/2023\/02\/YYJ_SAMPLE_IMAGES-6.jpg\" alt=\"\" class=\"wp-image-4175\" srcset=\"https:\/\/yyj.ca\/wp-content\/uploads\/2023\/02\/YYJ_SAMPLE_IMAGES-6.jpg 750w, https:\/\/yyj.ca\/wp-content\/uploads\/2023\/02\/YYJ_SAMPLE_IMAGES-6-300x200.jpg 300w\" sizes=\"auto, (max-width: 750px) 100vw, 750px\" \/><\/figure>\n\n\n\n<figure class=\"wp-block-image size-large\"><img loading=\"lazy\" decoding=\"async\" width=\"1024\" height=\"682\" data-id=\"4230\" src=\"https:\/\/yyj.ca\/wp-content\/uploads\/2023\/02\/YYJ_2023-30-1024x682.jpg\" alt=\"\" class=\"wp-image-4230\" srcset=\"https:\/\/yyj.ca\/wp-content\/uploads\/2023\/02\/YYJ_2023-30-1024x682.jpg 1024w, https:\/\/yyj.ca\/wp-content\/uploads\/2023\/02\/YYJ_2023-30-300x200.jpg 300w, https:\/\/yyj.ca\/wp-content\/uploads\/2023\/02\/YYJ_2023-30.jpg 1400w\" sizes=\"auto, (max-width: 1024px) 100vw, 1024px\" \/><\/figure>\n<\/figure>\n","protected":false},"excerpt":{"rendered":"","protected":false},"author":1,"featured_media":0,"parent":6877,"menu_order":35,"comment_status":"closed","ping_status":"closed","template":"","meta":{"_acf_changed":false,"footnotes":""},"class_list":["post-6908","page","type-page","status-publish","hentry"],"acf":[],"yoast_head":"<!-- This site is optimized with the Yoast SEO plugin v27.3 - https:\/\/yoast.com\/product\/yoast-seo-wordpress\/ -->\n<title>Message de la Pr\u00e9sidente - Victoria Airport Authority<\/title>\n<meta name=\"robots\" content=\"index, follow, max-snippet:-1, max-image-preview:large, max-video-preview:-1\" \/>\n<link rel=\"canonical\" href=\"https:\/\/yyj.ca\/fr\/a-propos-de-yyj\/message-du-president\/\" \/>\n<meta property=\"og:locale\" content=\"fr_FR\" \/>\n<meta property=\"og:type\" content=\"article\" \/>\n<meta property=\"og:title\" content=\"Message de la Pr\u00e9sidente - Victoria Airport Authority\" \/>\n<meta property=\"og:url\" content=\"https:\/\/yyj.ca\/fr\/a-propos-de-yyj\/message-du-president\/\" \/>\n<meta property=\"og:site_name\" content=\"Victoria Airport Authority\" \/>\n<meta property=\"article:modified_time\" content=\"2025-01-28T17:54:35+00:00\" \/>\n<meta property=\"og:image\" content=\"https:\/\/aeroportdevictoria.com\/wp-content\/uploads\/2023\/08\/image.png\" \/>\n<meta name=\"twitter:card\" content=\"summary_large_image\" \/>\n<meta name=\"twitter:label1\" content=\"Dur\u00e9e de lecture estim\u00e9e\" \/>\n\t<meta name=\"twitter:data1\" content=\"2 minutes\" \/>\n<script type=\"application\/ld+json\" class=\"yoast-schema-graph\">{\"@context\":\"https:\\\/\\\/schema.org\",\"@graph\":[{\"@type\":\"WebPage\",\"@id\":\"https:\\\/\\\/yyj.ca\\\/fr\\\/a-propos-de-yyj\\\/message-du-president\\\/\",\"url\":\"https:\\\/\\\/yyj.ca\\\/fr\\\/a-propos-de-yyj\\\/message-du-president\\\/\",\"name\":\"Message de la Pr\u00e9sidente - Victoria Airport Authority\",\"isPartOf\":{\"@id\":\"https:\\\/\\\/yyj.ca\\\/fr\\\/#website\"},\"primaryImageOfPage\":{\"@id\":\"https:\\\/\\\/yyj.ca\\\/fr\\\/a-propos-de-yyj\\\/message-du-president\\\/#primaryimage\"},\"image\":{\"@id\":\"https:\\\/\\\/yyj.ca\\\/fr\\\/a-propos-de-yyj\\\/message-du-president\\\/#primaryimage\"},\"thumbnailUrl\":\"https:\\\/\\\/aeroportdevictoria.com\\\/wp-content\\\/uploads\\\/2023\\\/08\\\/image.png\",\"datePublished\":\"2022-10-06T20:31:57+00:00\",\"dateModified\":\"2025-01-28T17:54:35+00:00\",\"breadcrumb\":{\"@id\":\"https:\\\/\\\/yyj.ca\\\/fr\\\/a-propos-de-yyj\\\/message-du-president\\\/#breadcrumb\"},\"inLanguage\":\"fr-FR\",\"potentialAction\":[{\"@type\":\"ReadAction\",\"target\":[\"https:\\\/\\\/yyj.ca\\\/fr\\\/a-propos-de-yyj\\\/message-du-president\\\/\"]}]},{\"@type\":\"ImageObject\",\"inLanguage\":\"fr-FR\",\"@id\":\"https:\\\/\\\/yyj.ca\\\/fr\\\/a-propos-de-yyj\\\/message-du-president\\\/#primaryimage\",\"url\":\"https:\\\/\\\/aeroportdevictoria.com\\\/wp-content\\\/uploads\\\/2023\\\/08\\\/image.png\",\"contentUrl\":\"https:\\\/\\\/aeroportdevictoria.com\\\/wp-content\\\/uploads\\\/2023\\\/08\\\/image.png\"},{\"@type\":\"BreadcrumbList\",\"@id\":\"https:\\\/\\\/yyj.ca\\\/fr\\\/a-propos-de-yyj\\\/message-du-president\\\/#breadcrumb\",\"itemListElement\":[{\"@type\":\"ListItem\",\"position\":1,\"name\":\"Home\",\"item\":\"https:\\\/\\\/yyj.ca\\\/fr\\\/\"},{\"@type\":\"ListItem\",\"position\":2,\"name\":\"\u00c0 propos de YYJ\",\"item\":\"https:\\\/\\\/yyj.ca\\\/fr\\\/a-propos-de-yyj\\\/\"},{\"@type\":\"ListItem\",\"position\":3,\"name\":\"Message de la Pr\u00e9sidente\"}]},{\"@type\":\"WebSite\",\"@id\":\"https:\\\/\\\/yyj.ca\\\/fr\\\/#website\",\"url\":\"https:\\\/\\\/yyj.ca\\\/fr\\\/\",\"name\":\"Victoria Airport Authority\",\"description\":\"Victoria International Airport\",\"publisher\":{\"@id\":\"https:\\\/\\\/yyj.ca\\\/fr\\\/#organization\"},\"potentialAction\":[{\"@type\":\"SearchAction\",\"target\":{\"@type\":\"EntryPoint\",\"urlTemplate\":\"https:\\\/\\\/yyj.ca\\\/fr\\\/?s={search_term_string}\"},\"query-input\":{\"@type\":\"PropertyValueSpecification\",\"valueRequired\":true,\"valueName\":\"search_term_string\"}}],\"inLanguage\":\"fr-FR\"},{\"@type\":\"Organization\",\"@id\":\"https:\\\/\\\/yyj.ca\\\/fr\\\/#organization\",\"name\":\"Victoria Inernational Airport\",\"url\":\"https:\\\/\\\/yyj.ca\\\/fr\\\/\",\"logo\":{\"@type\":\"ImageObject\",\"inLanguage\":\"fr-FR\",\"@id\":\"https:\\\/\\\/yyj.ca\\\/fr\\\/#\\\/schema\\\/logo\\\/image\\\/\",\"url\":\"https:\\\/\\\/aeroportdevictoria.com\\\/wp-content\\\/uploads\\\/2023\\\/06\\\/yyj-logo.svg\",\"contentUrl\":\"https:\\\/\\\/aeroportdevictoria.com\\\/wp-content\\\/uploads\\\/2023\\\/06\\\/yyj-logo.svg\",\"width\":378,\"height\":73,\"caption\":\"Victoria Inernational Airport\"},\"image\":{\"@id\":\"https:\\\/\\\/yyj.ca\\\/fr\\\/#\\\/schema\\\/logo\\\/image\\\/\"}}]}<\/script>\n<!-- \/ Yoast SEO plugin. -->","yoast_head_json":{"title":"Message de la Pr\u00e9sidente - Victoria Airport Authority","robots":{"index":"index","follow":"follow","max-snippet":"max-snippet:-1","max-image-preview":"max-image-preview:large","max-video-preview":"max-video-preview:-1"},"canonical":"https:\/\/yyj.ca\/fr\/a-propos-de-yyj\/message-du-president\/","og_locale":"fr_FR","og_type":"article","og_title":"Message de la Pr\u00e9sidente - Victoria Airport Authority","og_url":"https:\/\/yyj.ca\/fr\/a-propos-de-yyj\/message-du-president\/","og_site_name":"Victoria Airport Authority","article_modified_time":"2025-01-28T17:54:35+00:00","og_image":[{"url":"https:\/\/aeroportdevictoria.com\/wp-content\/uploads\/2023\/08\/image.png","type":"","width":"","height":""}],"twitter_card":"summary_large_image","twitter_misc":{"Dur\u00e9e de lecture estim\u00e9e":"2 minutes"},"schema":{"@context":"https:\/\/schema.org","@graph":[{"@type":"WebPage","@id":"https:\/\/yyj.ca\/fr\/a-propos-de-yyj\/message-du-president\/","url":"https:\/\/yyj.ca\/fr\/a-propos-de-yyj\/message-du-president\/","name":"Message de la Pr\u00e9sidente - Victoria Airport Authority","isPartOf":{"@id":"https:\/\/yyj.ca\/fr\/#website"},"primaryImageOfPage":{"@id":"https:\/\/yyj.ca\/fr\/a-propos-de-yyj\/message-du-president\/#primaryimage"},"image":{"@id":"https:\/\/yyj.ca\/fr\/a-propos-de-yyj\/message-du-president\/#primaryimage"},"thumbnailUrl":"https:\/\/aeroportdevictoria.com\/wp-content\/uploads\/2023\/08\/image.png","datePublished":"2022-10-06T20:31:57+00:00","dateModified":"2025-01-28T17:54:35+00:00","breadcrumb":{"@id":"https:\/\/yyj.ca\/fr\/a-propos-de-yyj\/message-du-president\/#breadcrumb"},"inLanguage":"fr-FR","potentialAction":[{"@type":"ReadAction","target":["https:\/\/yyj.ca\/fr\/a-propos-de-yyj\/message-du-president\/"]}]},{"@type":"ImageObject","inLanguage":"fr-FR","@id":"https:\/\/yyj.ca\/fr\/a-propos-de-yyj\/message-du-president\/#primaryimage","url":"https:\/\/aeroportdevictoria.com\/wp-content\/uploads\/2023\/08\/image.png","contentUrl":"https:\/\/aeroportdevictoria.com\/wp-content\/uploads\/2023\/08\/image.png"},{"@type":"BreadcrumbList","@id":"https:\/\/yyj.ca\/fr\/a-propos-de-yyj\/message-du-president\/#breadcrumb","itemListElement":[{"@type":"ListItem","position":1,"name":"Home","item":"https:\/\/yyj.ca\/fr\/"},{"@type":"ListItem","position":2,"name":"\u00c0 propos de YYJ","item":"https:\/\/yyj.ca\/fr\/a-propos-de-yyj\/"},{"@type":"ListItem","position":3,"name":"Message de la Pr\u00e9sidente"}]},{"@type":"WebSite","@id":"https:\/\/yyj.ca\/fr\/#website","url":"https:\/\/yyj.ca\/fr\/","name":"Victoria Airport Authority","description":"Victoria International Airport","publisher":{"@id":"https:\/\/yyj.ca\/fr\/#organization"},"potentialAction":[{"@type":"SearchAction","target":{"@type":"EntryPoint","urlTemplate":"https:\/\/yyj.ca\/fr\/?s={search_term_string}"},"query-input":{"@type":"PropertyValueSpecification","valueRequired":true,"valueName":"search_term_string"}}],"inLanguage":"fr-FR"},{"@type":"Organization","@id":"https:\/\/yyj.ca\/fr\/#organization","name":"Victoria Inernational Airport","url":"https:\/\/yyj.ca\/fr\/","logo":{"@type":"ImageObject","inLanguage":"fr-FR","@id":"https:\/\/yyj.ca\/fr\/#\/schema\/logo\/image\/","url":"https:\/\/aeroportdevictoria.com\/wp-content\/uploads\/2023\/06\/yyj-logo.svg","contentUrl":"https:\/\/aeroportdevictoria.com\/wp-content\/uploads\/2023\/06\/yyj-logo.svg","width":378,"height":73,"caption":"Victoria Inernational Airport"},"image":{"@id":"https:\/\/yyj.ca\/fr\/#\/schema\/logo\/image\/"}}]}},"_links":{"self":[{"href":"https:\/\/yyj.ca\/fr\/wp-json\/wp\/v2\/pages\/6908","targetHints":{"allow":["GET"]}}],"collection":[{"href":"https:\/\/yyj.ca\/fr\/wp-json\/wp\/v2\/pages"}],"about":[{"href":"https:\/\/yyj.ca\/fr\/wp-json\/wp\/v2\/types\/page"}],"author":[{"embeddable":true,"href":"https:\/\/yyj.ca\/fr\/wp-json\/wp\/v2\/users\/1"}],"replies":[{"embeddable":true,"href":"https:\/\/yyj.ca\/fr\/wp-json\/wp\/v2\/comments?post=6908"}],"version-history":[{"count":0,"href":"https:\/\/yyj.ca\/fr\/wp-json\/wp\/v2\/pages\/6908\/revisions"}],"up":[{"embeddable":true,"href":"https:\/\/yyj.ca\/fr\/wp-json\/wp\/v2\/pages\/6877"}],"wp:attachment":[{"href":"https:\/\/yyj.ca\/fr\/wp-json\/wp\/v2\/media?parent=6908"}],"curies":[{"name":"wp","href":"https:\/\/api.w.org\/{rel}","templated":true}]}}