{"id":6901,"date":"2022-10-18T13:38:56","date_gmt":"2022-10-18T20:38:56","guid":{"rendered":"https:\/\/yyj.eclipsedev.tk\/participez\/"},"modified":"2024-10-22T14:58:03","modified_gmt":"2024-10-22T21:58:03","slug":"participez","status":"publish","type":"page","link":"https:\/\/yyj.ca\/fr\/participez\/","title":{"rendered":"Participez"},"content":{"rendered":"\n<section class=\"banner\">\n            <div class=\"image-wrap\">\n            <img fetchpriority=\"high\" decoding=\"async\" width=\"1400\" height=\"933\" src=\"https:\/\/yyj.ca\/wp-content\/uploads\/2023\/02\/YYJ_2023-165.jpg\" class=\"attachment-full size-full\" alt=\"\" loading=\"eager\" srcset=\"https:\/\/yyj.ca\/wp-content\/uploads\/2023\/02\/YYJ_2023-165.jpg 1400w, https:\/\/yyj.ca\/wp-content\/uploads\/2023\/02\/YYJ_2023-165-300x200.jpg 300w, https:\/\/yyj.ca\/wp-content\/uploads\/2023\/02\/YYJ_2023-165-1024x682.jpg 1024w\" sizes=\"(max-width: 1400px) 100vw, 1400px\" \/>        <\/div>\n        <div class=\"container large\">\n                    <h1>Participez<\/h1>\n                    <\/div>\n    <div class=\"banner-graphic\">\n        <img decoding=\"async\" src=\"\/wp-content\/themes\/eclipse360\/assets\/images\/banner-bottom.svg\" alt=\"banner-graphic\">\n    <\/div>\n<\/section>\n<section class=\"page-intro\">\n    <div class=\"container\">\n        <div class=\"content\"><p>Qu&rsquo;il s&rsquo;agisse d&rsquo;entendre les enthousiastes de l&rsquo;a\u00e9roport lors de l&rsquo;une de nos r\u00e9unions publiques ou d&rsquo;accueillir un nouveau b\u00e9n\u00e9vole dans le cadre de notre programme Red Coat, nous essayons toujours de trouver des moyens de nous engager aupr\u00e8s de vous, nos pr\u00e9cieux clients et parties prenantes.<\/p>\n<\/div>\n    <\/div>\n<\/section>\n<section class=\"content-slider flex one-col\">\n                    <div class=\"container large\">\n                        <div class=\"slides\" data-animate>\n                            <div class=\"slide\">\n                    <a href=\"https:\/\/yyj.ca\/fr\/participez\/benevole-a-yyj\/\">                        <div class=\"image-wrap\">\n                                                    <img loading=\"lazy\" decoding=\"async\" width=\"1200\" height=\"933\" src=\"https:\/\/yyj.ca\/wp-content\/uploads\/2023\/03\/YYJ_2023-162-1200x933.jpg\" class=\"attachment-medium-square size-medium-square\" alt=\"\" \/>                                                <\/div>\n                        <div class=\"tile-content\">\n                                                            <h4>B\u00e9n\u00e9vole \u00e0 YYJ<\/h4>\n                                                    <\/div>\n                    <\/a>                <\/div>\n                            <div class=\"slide\">\n                    <a href=\"https:\/\/yyj.ca\/fr\/consultation-de-la-communaute\/\">                        <div class=\"image-wrap\">\n                                                    <img loading=\"lazy\" decoding=\"async\" width=\"710\" height=\"475\" src=\"https:\/\/yyj.ca\/wp-content\/uploads\/2023\/02\/DSC06833_710x500.jpg\" class=\"attachment-medium-square size-medium-square\" alt=\"\" srcset=\"https:\/\/yyj.ca\/wp-content\/uploads\/2023\/02\/DSC06833_710x500.jpg 710w, https:\/\/yyj.ca\/wp-content\/uploads\/2023\/02\/DSC06833_710x500-300x201.jpg 300w\" sizes=\"auto, (max-width: 710px) 100vw, 710px\" \/>                                                <\/div>\n                        <div class=\"tile-content\">\n                                                            <h4>Comit\u00e9 consultatif et assembl\u00e9e g\u00e9n\u00e9rale annuelle<\/h4>\n                                                    <\/div>\n                    <\/a>                <\/div>\n                            <div class=\"slide\">\n                    <a href=\"https:\/\/yyj.ca\/fr\/annonces-de-journees-portes-ouvertes-et-evenements-communautaires\/\">                        <div class=\"image-wrap\">\n                                                    <img loading=\"lazy\" decoding=\"async\" width=\"1200\" height=\"933\" src=\"https:\/\/yyj.ca\/wp-content\/uploads\/2023\/02\/YYJ_2023-4-1200x933.jpg\" class=\"attachment-medium-square size-medium-square\" alt=\"\" \/>                                                <\/div>\n                        <div class=\"tile-content\">\n                                                            <h4>Annonces de journ\u00e9es portes ouvertes et \u00e9v\u00e9nements communautaires<\/h4>\n                                                    <\/div>\n                    <\/a>                <\/div>\n                        <\/div>\n        <\/div>\n        <div class=\"flyouts\">\n                <div class=\"flyout flyout-slider flex\">\n                <div class=\"close\"><\/div>\n                <div class=\"image-wrap\">\n                                    <\/div>\n                <div class=\"content\">\n                    <div><\/div>\n                <\/div>\n            <\/div>\n                    <div class=\"flyout flyout-slider flex\">\n                <div class=\"close\"><\/div>\n                <div class=\"image-wrap\">\n                                    <\/div>\n                <div class=\"content\">\n                    <div><\/div>\n                <\/div>\n            <\/div>\n                    <div class=\"flyout flyout-slider flex\">\n                <div class=\"close\"><\/div>\n                <div class=\"image-wrap\">\n                                    <\/div>\n                <div class=\"content\">\n                    <div><\/div>\n                <\/div>\n            <\/div>\n            <div>\n<\/section>","protected":false},"excerpt":{"rendered":"","protected":false},"author":1,"featured_media":0,"parent":0,"menu_order":26,"comment_status":"closed","ping_status":"closed","template":"","meta":{"_acf_changed":false,"footnotes":""},"class_list":["post-6901","page","type-page","status-publish","hentry"],"acf":[],"yoast_head":"<!-- This site is optimized with the Yoast SEO plugin v27.3 - https:\/\/yoast.com\/product\/yoast-seo-wordpress\/ -->\n<title>Participez - Victoria Airport Authority<\/title>\n<meta name=\"robots\" content=\"index, follow, max-snippet:-1, max-image-preview:large, max-video-preview:-1\" \/>\n<link rel=\"canonical\" href=\"https:\/\/yyj.ca\/fr\/participez\/\" \/>\n<meta property=\"og:locale\" content=\"fr_FR\" \/>\n<meta property=\"og:type\" content=\"article\" \/>\n<meta property=\"og:title\" content=\"Participez - Victoria Airport Authority\" \/>\n<meta property=\"og:url\" content=\"https:\/\/yyj.ca\/fr\/participez\/\" \/>\n<meta property=\"og:site_name\" content=\"Victoria Airport Authority\" \/>\n<meta property=\"article:modified_time\" content=\"2024-10-22T21:58:03+00:00\" \/>\n<meta name=\"twitter:card\" content=\"summary_large_image\" \/>\n<script type=\"application\/ld+json\" class=\"yoast-schema-graph\">{\"@context\":\"https:\\\/\\\/schema.org\",\"@graph\":[{\"@type\":\"WebPage\",\"@id\":\"https:\\\/\\\/yyj.ca\\\/fr\\\/participez\\\/\",\"url\":\"https:\\\/\\\/yyj.ca\\\/fr\\\/participez\\\/\",\"name\":\"Participez - Victoria Airport Authority\",\"isPartOf\":{\"@id\":\"https:\\\/\\\/yyj.ca\\\/fr\\\/#website\"},\"datePublished\":\"2022-10-18T20:38:56+00:00\",\"dateModified\":\"2024-10-22T21:58:03+00:00\",\"breadcrumb\":{\"@id\":\"https:\\\/\\\/yyj.ca\\\/fr\\\/participez\\\/#breadcrumb\"},\"inLanguage\":\"fr-FR\",\"potentialAction\":[{\"@type\":\"ReadAction\",\"target\":[\"https:\\\/\\\/yyj.ca\\\/fr\\\/participez\\\/\"]}]},{\"@type\":\"BreadcrumbList\",\"@id\":\"https:\\\/\\\/yyj.ca\\\/fr\\\/participez\\\/#breadcrumb\",\"itemListElement\":[{\"@type\":\"ListItem\",\"position\":1,\"name\":\"Home\",\"item\":\"https:\\\/\\\/yyj.ca\\\/fr\\\/\"},{\"@type\":\"ListItem\",\"position\":2,\"name\":\"Participez\"}]},{\"@type\":\"WebSite\",\"@id\":\"https:\\\/\\\/yyj.ca\\\/fr\\\/#website\",\"url\":\"https:\\\/\\\/yyj.ca\\\/fr\\\/\",\"name\":\"Victoria Airport Authority\",\"description\":\"Victoria International Airport\",\"publisher\":{\"@id\":\"https:\\\/\\\/yyj.ca\\\/fr\\\/#organization\"},\"potentialAction\":[{\"@type\":\"SearchAction\",\"target\":{\"@type\":\"EntryPoint\",\"urlTemplate\":\"https:\\\/\\\/yyj.ca\\\/fr\\\/?s={search_term_string}\"},\"query-input\":{\"@type\":\"PropertyValueSpecification\",\"valueRequired\":true,\"valueName\":\"search_term_string\"}}],\"inLanguage\":\"fr-FR\"},{\"@type\":\"Organization\",\"@id\":\"https:\\\/\\\/yyj.ca\\\/fr\\\/#organization\",\"name\":\"Victoria Inernational Airport\",\"url\":\"https:\\\/\\\/yyj.ca\\\/fr\\\/\",\"logo\":{\"@type\":\"ImageObject\",\"inLanguage\":\"fr-FR\",\"@id\":\"https:\\\/\\\/yyj.ca\\\/fr\\\/#\\\/schema\\\/logo\\\/image\\\/\",\"url\":\"https:\\\/\\\/aeroportdevictoria.com\\\/wp-content\\\/uploads\\\/2023\\\/06\\\/yyj-logo.svg\",\"contentUrl\":\"https:\\\/\\\/aeroportdevictoria.com\\\/wp-content\\\/uploads\\\/2023\\\/06\\\/yyj-logo.svg\",\"width\":378,\"height\":73,\"caption\":\"Victoria Inernational Airport\"},\"image\":{\"@id\":\"https:\\\/\\\/yyj.ca\\\/fr\\\/#\\\/schema\\\/logo\\\/image\\\/\"}}]}<\/script>\n<!-- \/ Yoast SEO plugin. -->","yoast_head_json":{"title":"Participez - Victoria Airport Authority","robots":{"index":"index","follow":"follow","max-snippet":"max-snippet:-1","max-image-preview":"max-image-preview:large","max-video-preview":"max-video-preview:-1"},"canonical":"https:\/\/yyj.ca\/fr\/participez\/","og_locale":"fr_FR","og_type":"article","og_title":"Participez - Victoria Airport Authority","og_url":"https:\/\/yyj.ca\/fr\/participez\/","og_site_name":"Victoria Airport Authority","article_modified_time":"2024-10-22T21:58:03+00:00","twitter_card":"summary_large_image","schema":{"@context":"https:\/\/schema.org","@graph":[{"@type":"WebPage","@id":"https:\/\/yyj.ca\/fr\/participez\/","url":"https:\/\/yyj.ca\/fr\/participez\/","name":"Participez - Victoria Airport Authority","isPartOf":{"@id":"https:\/\/yyj.ca\/fr\/#website"},"datePublished":"2022-10-18T20:38:56+00:00","dateModified":"2024-10-22T21:58:03+00:00","breadcrumb":{"@id":"https:\/\/yyj.ca\/fr\/participez\/#breadcrumb"},"inLanguage":"fr-FR","potentialAction":[{"@type":"ReadAction","target":["https:\/\/yyj.ca\/fr\/participez\/"]}]},{"@type":"BreadcrumbList","@id":"https:\/\/yyj.ca\/fr\/participez\/#breadcrumb","itemListElement":[{"@type":"ListItem","position":1,"name":"Home","item":"https:\/\/yyj.ca\/fr\/"},{"@type":"ListItem","position":2,"name":"Participez"}]},{"@type":"WebSite","@id":"https:\/\/yyj.ca\/fr\/#website","url":"https:\/\/yyj.ca\/fr\/","name":"Victoria Airport Authority","description":"Victoria International Airport","publisher":{"@id":"https:\/\/yyj.ca\/fr\/#organization"},"potentialAction":[{"@type":"SearchAction","target":{"@type":"EntryPoint","urlTemplate":"https:\/\/yyj.ca\/fr\/?s={search_term_string}"},"query-input":{"@type":"PropertyValueSpecification","valueRequired":true,"valueName":"search_term_string"}}],"inLanguage":"fr-FR"},{"@type":"Organization","@id":"https:\/\/yyj.ca\/fr\/#organization","name":"Victoria Inernational Airport","url":"https:\/\/yyj.ca\/fr\/","logo":{"@type":"ImageObject","inLanguage":"fr-FR","@id":"https:\/\/yyj.ca\/fr\/#\/schema\/logo\/image\/","url":"https:\/\/aeroportdevictoria.com\/wp-content\/uploads\/2023\/06\/yyj-logo.svg","contentUrl":"https:\/\/aeroportdevictoria.com\/wp-content\/uploads\/2023\/06\/yyj-logo.svg","width":378,"height":73,"caption":"Victoria Inernational Airport"},"image":{"@id":"https:\/\/yyj.ca\/fr\/#\/schema\/logo\/image\/"}}]}},"_links":{"self":[{"href":"https:\/\/yyj.ca\/fr\/wp-json\/wp\/v2\/pages\/6901","targetHints":{"allow":["GET"]}}],"collection":[{"href":"https:\/\/yyj.ca\/fr\/wp-json\/wp\/v2\/pages"}],"about":[{"href":"https:\/\/yyj.ca\/fr\/wp-json\/wp\/v2\/types\/page"}],"author":[{"embeddable":true,"href":"https:\/\/yyj.ca\/fr\/wp-json\/wp\/v2\/users\/1"}],"replies":[{"embeddable":true,"href":"https:\/\/yyj.ca\/fr\/wp-json\/wp\/v2\/comments?post=6901"}],"version-history":[{"count":0,"href":"https:\/\/yyj.ca\/fr\/wp-json\/wp\/v2\/pages\/6901\/revisions"}],"wp:attachment":[{"href":"https:\/\/yyj.ca\/fr\/wp-json\/wp\/v2\/media?parent=6901"}],"curies":[{"name":"wp","href":"https:\/\/api.w.org\/{rel}","templated":true}]}}