{"id":6892,"date":"2022-10-06T13:15:04","date_gmt":"2022-10-06T20:15:04","guid":{"rendered":"https:\/\/yyj.eclipsedev.tk\/choses-a-faire-a-victoria\/"},"modified":"2025-01-29T10:47:08","modified_gmt":"2025-01-29T17:47:08","slug":"choses-a-faire-a-victoria","status":"publish","type":"page","link":"https:\/\/yyj.ca\/fr\/engagement-communautaire\/choses-a-faire-a-victoria\/","title":{"rendered":"Choses \u00e0 faire \u00e0 Victoria"},"content":{"rendered":"\n<section class=\"banner\">\n            <div class=\"image-wrap\" style=\"background-color: #003E52;\"><\/div>\n       <div class=\"container large\">\n                    <\/div>\n    <div class=\"banner-graphic\">\n        <img decoding=\"async\" src=\"\/wp-content\/themes\/eclipse360\/assets\/images\/banner-bottom.svg\" alt=\"banner-graphic\">\n    <\/div>\n<\/section>\n<section class=\"content-slider flex one-col\">\n                    <div class=\"container large\">\n                            <h2>Attractions populaires<\/h2>\n                        <div class=\"slides\" data-animate>\n                            <div class=\"slide has-flyout\">\n                                            <div class=\"image-wrap\">\n                                                    <img loading=\"lazy\" decoding=\"async\" width=\"1200\" height=\"1200\" src=\"https:\/\/yyj.ca\/wp-content\/uploads\/2023\/04\/TOURISM-Fairmont-Empress-2018-exterior-day-3-1200x1200.jpg\" class=\"attachment-medium-square size-medium-square\" alt=\"\" srcset=\"https:\/\/yyj.ca\/wp-content\/uploads\/2023\/04\/TOURISM-Fairmont-Empress-2018-exterior-day-3-1200x1200.jpg 1200w, https:\/\/yyj.ca\/wp-content\/uploads\/2023\/04\/TOURISM-Fairmont-Empress-2018-exterior-day-3-150x150.jpg 150w, https:\/\/yyj.ca\/wp-content\/uploads\/2023\/04\/TOURISM-Fairmont-Empress-2018-exterior-day-3-400x400.jpg 400w, https:\/\/yyj.ca\/wp-content\/uploads\/2023\/04\/TOURISM-Fairmont-Empress-2018-exterior-day-3-800x800.jpg 800w, https:\/\/yyj.ca\/wp-content\/uploads\/2023\/04\/TOURISM-Fairmont-Empress-2018-exterior-day-3-1600x1600.jpg 1600w\" sizes=\"auto, (max-width: 1200px) 100vw, 1200px\" \/>                                                <\/div>\n                        <div class=\"tile-content\">\n                                                            <h4>L&rsquo;h\u00f4tel Empress<\/h4>\n                                                    <\/div>\n                                    <\/div>\n                            <div class=\"slide has-flyout\">\n                                            <div class=\"image-wrap\">\n                                                    <img loading=\"lazy\" decoding=\"async\" width=\"1200\" height=\"1200\" src=\"https:\/\/yyj.ca\/wp-content\/uploads\/2023\/04\/TOURISM-The-Butchart-Gardens-Exterior-Day-Fall-Walk-Family-Flowers-1200x1200.jpg\" class=\"attachment-medium-square size-medium-square\" alt=\"\" srcset=\"https:\/\/yyj.ca\/wp-content\/uploads\/2023\/04\/TOURISM-The-Butchart-Gardens-Exterior-Day-Fall-Walk-Family-Flowers-1200x1200.jpg 1200w, https:\/\/yyj.ca\/wp-content\/uploads\/2023\/04\/TOURISM-The-Butchart-Gardens-Exterior-Day-Fall-Walk-Family-Flowers-150x150.jpg 150w, https:\/\/yyj.ca\/wp-content\/uploads\/2023\/04\/TOURISM-The-Butchart-Gardens-Exterior-Day-Fall-Walk-Family-Flowers-400x400.jpg 400w, https:\/\/yyj.ca\/wp-content\/uploads\/2023\/04\/TOURISM-The-Butchart-Gardens-Exterior-Day-Fall-Walk-Family-Flowers-800x800.jpg 800w, https:\/\/yyj.ca\/wp-content\/uploads\/2023\/04\/TOURISM-The-Butchart-Gardens-Exterior-Day-Fall-Walk-Family-Flowers-1600x1600.jpg 1600w\" sizes=\"auto, (max-width: 1200px) 100vw, 1200px\" \/>                                                <\/div>\n                        <div class=\"tile-content\">\n                                                            <h4>Les jardins Butchart<\/h4>\n                                                    <\/div>\n                                    <\/div>\n                            <div class=\"slide has-flyout\">\n                                            <div class=\"image-wrap\">\n                                                    <img loading=\"lazy\" decoding=\"async\" width=\"1200\" height=\"1200\" src=\"https:\/\/yyj.ca\/wp-content\/uploads\/2023\/04\/TOURISM-RBCM-Exterior-night-1200x1200.jpg\" class=\"attachment-medium-square size-medium-square\" alt=\"\" srcset=\"https:\/\/yyj.ca\/wp-content\/uploads\/2023\/04\/TOURISM-RBCM-Exterior-night-1200x1200.jpg 1200w, https:\/\/yyj.ca\/wp-content\/uploads\/2023\/04\/TOURISM-RBCM-Exterior-night-150x150.jpg 150w, https:\/\/yyj.ca\/wp-content\/uploads\/2023\/04\/TOURISM-RBCM-Exterior-night-400x400.jpg 400w, https:\/\/yyj.ca\/wp-content\/uploads\/2023\/04\/TOURISM-RBCM-Exterior-night-800x800.jpg 800w, https:\/\/yyj.ca\/wp-content\/uploads\/2023\/04\/TOURISM-RBCM-Exterior-night-1600x1600.jpg 1600w\" sizes=\"auto, (max-width: 1200px) 100vw, 1200px\" \/>                                                <\/div>\n                        <div class=\"tile-content\">\n                                                            <h4>Mus\u00e9e royal de la Colombie-Britannique<\/h4>\n                                                    <\/div>\n                                    <\/div>\n                            <div class=\"slide has-flyout\">\n                                            <div class=\"image-wrap\">\n                                                    <img loading=\"lazy\" decoding=\"async\" width=\"1200\" height=\"1200\" src=\"https:\/\/yyj.ca\/wp-content\/uploads\/2023\/04\/TOURISM-Fishermans-Wharf-1200x1200.jpg\" class=\"attachment-medium-square size-medium-square\" alt=\"\" srcset=\"https:\/\/yyj.ca\/wp-content\/uploads\/2023\/04\/TOURISM-Fishermans-Wharf-1200x1200.jpg 1200w, https:\/\/yyj.ca\/wp-content\/uploads\/2023\/04\/TOURISM-Fishermans-Wharf-150x150.jpg 150w, https:\/\/yyj.ca\/wp-content\/uploads\/2023\/04\/TOURISM-Fishermans-Wharf-400x400.jpg 400w, https:\/\/yyj.ca\/wp-content\/uploads\/2023\/04\/TOURISM-Fishermans-Wharf-800x800.jpg 800w, https:\/\/yyj.ca\/wp-content\/uploads\/2023\/04\/TOURISM-Fishermans-Wharf-1600x1600.jpg 1600w\" sizes=\"auto, (max-width: 1200px) 100vw, 1200px\" \/>                                                <\/div>\n                        <div class=\"tile-content\">\n                                                            <h4>Le quai des p\u00eacheurs<\/h4>\n                                                    <\/div>\n                                    <\/div>\n                            <div class=\"slide has-flyout\">\n                                            <div class=\"image-wrap\">\n                                                    <img loading=\"lazy\" decoding=\"async\" width=\"1200\" height=\"1200\" src=\"https:\/\/yyj.ca\/wp-content\/uploads\/2023\/04\/TOURISM-Craigdarroch-Castle-Sunset-1200x1200.jpg\" class=\"attachment-medium-square size-medium-square\" alt=\"\" srcset=\"https:\/\/yyj.ca\/wp-content\/uploads\/2023\/04\/TOURISM-Craigdarroch-Castle-Sunset-1200x1200.jpg 1200w, https:\/\/yyj.ca\/wp-content\/uploads\/2023\/04\/TOURISM-Craigdarroch-Castle-Sunset-150x150.jpg 150w, https:\/\/yyj.ca\/wp-content\/uploads\/2023\/04\/TOURISM-Craigdarroch-Castle-Sunset-400x400.jpg 400w, https:\/\/yyj.ca\/wp-content\/uploads\/2023\/04\/TOURISM-Craigdarroch-Castle-Sunset-800x800.jpg 800w, https:\/\/yyj.ca\/wp-content\/uploads\/2023\/04\/TOURISM-Craigdarroch-Castle-Sunset-1600x1600.jpg 1600w\" sizes=\"auto, (max-width: 1200px) 100vw, 1200px\" \/>                                                <\/div>\n                        <div class=\"tile-content\">\n                                                            <h4>Ch\u00e2teau de Craigdarroch<\/h4>\n                                                    <\/div>\n                                    <\/div>\n                        <\/div>\n        <\/div>\n        <div class=\"flyouts\">\n                <div class=\"flyout flyout-slider flex\">\n                <div class=\"close\"><\/div>\n                <div class=\"image-wrap\">\n                    <img loading=\"lazy\" decoding=\"async\" width=\"2560\" height=\"1707\" src=\"https:\/\/yyj.ca\/wp-content\/uploads\/2023\/04\/TOURISM-Fairmont-Empress-2018-exterior-day-3-scaled.jpg\" class=\"attachment-full size-full\" alt=\"\" srcset=\"https:\/\/yyj.ca\/wp-content\/uploads\/2023\/04\/TOURISM-Fairmont-Empress-2018-exterior-day-3-scaled.jpg 2560w, https:\/\/yyj.ca\/wp-content\/uploads\/2023\/04\/TOURISM-Fairmont-Empress-2018-exterior-day-3-300x200.jpg 300w, https:\/\/yyj.ca\/wp-content\/uploads\/2023\/04\/TOURISM-Fairmont-Empress-2018-exterior-day-3-1024x683.jpg 1024w, https:\/\/yyj.ca\/wp-content\/uploads\/2023\/04\/TOURISM-Fairmont-Empress-2018-exterior-day-3-1536x1024.jpg 1536w, https:\/\/yyj.ca\/wp-content\/uploads\/2023\/04\/TOURISM-Fairmont-Empress-2018-exterior-day-3-2048x1365.jpg 2048w, https:\/\/yyj.ca\/wp-content\/uploads\/2023\/04\/TOURISM-Fairmont-Empress-2018-exterior-day-3-768x512.jpg 768w\" sizes=\"auto, (max-width: 2560px) 100vw, 2560px\" \/>                <\/div>\n                <div class=\"content\">\n                    <div><p><a href=\"https:\/\/www.fairmont.fr\/empress-victoria\/\">L\u2019h\u00f4tel Empress<\/a><\/p>\n<p>721 Government Street<br \/>\nVictoria, BC V8W 1W5<\/p>\n<p>Tel +1 250 384 8111<\/p>\n<\/div>\n                <\/div>\n            <\/div>\n                    <div class=\"flyout flyout-slider flex\">\n                <div class=\"close\"><\/div>\n                <div class=\"image-wrap\">\n                    <img loading=\"lazy\" decoding=\"async\" width=\"1707\" height=\"2560\" src=\"https:\/\/yyj.ca\/wp-content\/uploads\/2023\/04\/TOURISM-The-Butchart-Gardens-Exterior-Day-Fall-Walk-Family-Flowers-scaled.jpg\" class=\"attachment-full size-full\" alt=\"\" srcset=\"https:\/\/yyj.ca\/wp-content\/uploads\/2023\/04\/TOURISM-The-Butchart-Gardens-Exterior-Day-Fall-Walk-Family-Flowers-scaled.jpg 1707w, https:\/\/yyj.ca\/wp-content\/uploads\/2023\/04\/TOURISM-The-Butchart-Gardens-Exterior-Day-Fall-Walk-Family-Flowers-200x300.jpg 200w, https:\/\/yyj.ca\/wp-content\/uploads\/2023\/04\/TOURISM-The-Butchart-Gardens-Exterior-Day-Fall-Walk-Family-Flowers-683x1024.jpg 683w, https:\/\/yyj.ca\/wp-content\/uploads\/2023\/04\/TOURISM-The-Butchart-Gardens-Exterior-Day-Fall-Walk-Family-Flowers-768x1152.jpg 768w, https:\/\/yyj.ca\/wp-content\/uploads\/2023\/04\/TOURISM-The-Butchart-Gardens-Exterior-Day-Fall-Walk-Family-Flowers-1024x1536.jpg 1024w, https:\/\/yyj.ca\/wp-content\/uploads\/2023\/04\/TOURISM-The-Butchart-Gardens-Exterior-Day-Fall-Walk-Family-Flowers-1365x2048.jpg 1365w\" sizes=\"auto, (max-width: 1707px) 100vw, 1707px\" \/>                <\/div>\n                <div class=\"content\">\n                    <div><p><a href=\"https:\/\/www.butchartgardens.com\/?lang=fr\">Les jardins Butchart<\/a><\/p>\n<p>800 Benvenuto Avenue<br \/>\nBrentwood Bay, BC V8M 1J8<\/p>\n<p>+1 250 653 4422<br \/>\nToll-Free +1 866 652 4422<\/p>\n<\/div>\n                <\/div>\n            <\/div>\n                    <div class=\"flyout flyout-slider flex\">\n                <div class=\"close\"><\/div>\n                <div class=\"image-wrap\">\n                    <img loading=\"lazy\" decoding=\"async\" width=\"2560\" height=\"2284\" src=\"https:\/\/yyj.ca\/wp-content\/uploads\/2023\/04\/TOURISM-RBCM-Exterior-night-scaled.jpg\" class=\"attachment-full size-full\" alt=\"\" srcset=\"https:\/\/yyj.ca\/wp-content\/uploads\/2023\/04\/TOURISM-RBCM-Exterior-night-scaled.jpg 2560w, https:\/\/yyj.ca\/wp-content\/uploads\/2023\/04\/TOURISM-RBCM-Exterior-night-300x268.jpg 300w, https:\/\/yyj.ca\/wp-content\/uploads\/2023\/04\/TOURISM-RBCM-Exterior-night-1024x913.jpg 1024w, https:\/\/yyj.ca\/wp-content\/uploads\/2023\/04\/TOURISM-RBCM-Exterior-night-768x685.jpg 768w, https:\/\/yyj.ca\/wp-content\/uploads\/2023\/04\/TOURISM-RBCM-Exterior-night-1536x1370.jpg 1536w, https:\/\/yyj.ca\/wp-content\/uploads\/2023\/04\/TOURISM-RBCM-Exterior-night-2048x1827.jpg 2048w\" sizes=\"auto, (max-width: 2560px) 100vw, 2560px\" \/>                <\/div>\n                <div class=\"content\">\n                    <div><p><a href=\"https:\/\/royalbcmuseum.bc.ca\/\">Mus\u00e9e royal de la Colombie-Britannique<\/a><\/p>\n<p>675 Belleville Street<br \/>\nVictoria, BC V8W 9W2<\/p>\n<p>+1 250 356 7226<br \/>\nToll-Free +1 888 447 7977<\/p>\n<\/div>\n                <\/div>\n            <\/div>\n                    <div class=\"flyout flyout-slider flex\">\n                <div class=\"close\"><\/div>\n                <div class=\"image-wrap\">\n                    <img loading=\"lazy\" decoding=\"async\" width=\"2383\" height=\"1665\" src=\"https:\/\/yyj.ca\/wp-content\/uploads\/2023\/04\/TOURISM-Fishermans-Wharf.jpg\" class=\"attachment-full size-full\" alt=\"\" srcset=\"https:\/\/yyj.ca\/wp-content\/uploads\/2023\/04\/TOURISM-Fishermans-Wharf.jpg 2383w, https:\/\/yyj.ca\/wp-content\/uploads\/2023\/04\/TOURISM-Fishermans-Wharf-300x210.jpg 300w, https:\/\/yyj.ca\/wp-content\/uploads\/2023\/04\/TOURISM-Fishermans-Wharf-1024x715.jpg 1024w, https:\/\/yyj.ca\/wp-content\/uploads\/2023\/04\/TOURISM-Fishermans-Wharf-1536x1073.jpg 1536w, https:\/\/yyj.ca\/wp-content\/uploads\/2023\/04\/TOURISM-Fishermans-Wharf-2048x1431.jpg 2048w\" sizes=\"auto, (max-width: 2383px) 100vw, 2383px\" \/>                <\/div>\n                <div class=\"content\">\n                    <div><p><a href=\"https:\/\/fishermanswharfvictoria.ca\/\">Le quai des p\u00eacheurs<\/a><\/p>\n<p>&nbsp;<\/p>\n<\/div>\n                <\/div>\n            <\/div>\n                    <div class=\"flyout flyout-slider flex\">\n                <div class=\"close\"><\/div>\n                <div class=\"image-wrap\">\n                    <img loading=\"lazy\" decoding=\"async\" width=\"2560\" height=\"2176\" src=\"https:\/\/yyj.ca\/wp-content\/uploads\/2023\/04\/TOURISM-Craigdarroch-Castle-Sunset-scaled.jpg\" class=\"attachment-full size-full\" alt=\"\" srcset=\"https:\/\/yyj.ca\/wp-content\/uploads\/2023\/04\/TOURISM-Craigdarroch-Castle-Sunset-scaled.jpg 2560w, https:\/\/yyj.ca\/wp-content\/uploads\/2023\/04\/TOURISM-Craigdarroch-Castle-Sunset-300x255.jpg 300w, https:\/\/yyj.ca\/wp-content\/uploads\/2023\/04\/TOURISM-Craigdarroch-Castle-Sunset-1024x870.jpg 1024w, https:\/\/yyj.ca\/wp-content\/uploads\/2023\/04\/TOURISM-Craigdarroch-Castle-Sunset-1536x1306.jpg 1536w, https:\/\/yyj.ca\/wp-content\/uploads\/2023\/04\/TOURISM-Craigdarroch-Castle-Sunset-2048x1741.jpg 2048w\" sizes=\"auto, (max-width: 2560px) 100vw, 2560px\" \/>                <\/div>\n                <div class=\"content\">\n                    <div><p><a href=\"https:\/\/thecastle.ca\/\">Ch\u00e2teau de Craigdarroch<\/a><\/p>\n<p>1050 Joan Crescent<br \/>\nVictoria, BC V8S 3L5<\/p>\n<p>+1 250 592 5323<\/p>\n<\/div>\n                <\/div>\n            <\/div>\n            <div>\n<\/section><section class=\"block_background dark\" style=\"background-color: ;\">\n        <div class=\"container moyen\">\n        \n\n<p>Vous cherchez quelque chose \u00e0 faire pendant votre s\u00e9jour \u00e0 Victoria ? <a href=\"https:\/\/www.tourismvictoria.com\/see-do\/festivals-events\/calendar-of-events\">Cliquez ici<\/a> pour consulter le calendrier des festivals et des \u00e9v\u00e9nements de nos amis de Destination Greater Victoria.<\/p>\n\n\n    <\/div>\n<\/section>\n<figure class=\"wp-block-gallery has-nested-images columns-5 is-cropped wp-block-gallery-1 is-layout-flex wp-block-gallery-is-layout-flex\">\n<figure class=\"wp-block-image size-full\"><img loading=\"lazy\" decoding=\"async\" width=\"750\" height=\"611\" data-id=\"4173\" src=\"https:\/\/yyj.ca\/wp-content\/uploads\/2023\/02\/YYJ_SAMPLE_IMAGES-19.jpg\" alt=\"\" class=\"wp-image-4173\" srcset=\"https:\/\/yyj.ca\/wp-content\/uploads\/2023\/02\/YYJ_SAMPLE_IMAGES-19.jpg 750w, https:\/\/yyj.ca\/wp-content\/uploads\/2023\/02\/YYJ_SAMPLE_IMAGES-19-300x244.jpg 300w\" sizes=\"auto, (max-width: 750px) 100vw, 750px\" \/><\/figure>\n\n\n\n<figure class=\"wp-block-image size-full\"><img loading=\"lazy\" decoding=\"async\" width=\"750\" height=\"500\" data-id=\"4174\" src=\"https:\/\/yyj.ca\/wp-content\/uploads\/2023\/02\/YYJ_SAMPLE_IMAGES.jpg\" alt=\"\" class=\"wp-image-4174\" srcset=\"https:\/\/yyj.ca\/wp-content\/uploads\/2023\/02\/YYJ_SAMPLE_IMAGES.jpg 750w, https:\/\/yyj.ca\/wp-content\/uploads\/2023\/02\/YYJ_SAMPLE_IMAGES-300x200.jpg 300w\" sizes=\"auto, (max-width: 750px) 100vw, 750px\" \/><\/figure>\n\n\n\n<figure class=\"wp-block-image size-large\"><img loading=\"lazy\" decoding=\"async\" width=\"1024\" height=\"682\" data-id=\"4231\" src=\"https:\/\/yyj.ca\/wp-content\/uploads\/2023\/02\/YYJ_2023-229-1024x682.jpg\" alt=\"\" class=\"wp-image-4231\" srcset=\"https:\/\/yyj.ca\/wp-content\/uploads\/2023\/02\/YYJ_2023-229-1024x682.jpg 1024w, https:\/\/yyj.ca\/wp-content\/uploads\/2023\/02\/YYJ_2023-229-300x200.jpg 300w, https:\/\/yyj.ca\/wp-content\/uploads\/2023\/02\/YYJ_2023-229.jpg 1400w\" sizes=\"auto, (max-width: 1024px) 100vw, 1024px\" \/><\/figure>\n\n\n\n<figure class=\"wp-block-image size-full\"><img loading=\"lazy\" decoding=\"async\" width=\"750\" height=\"500\" data-id=\"4175\" src=\"https:\/\/yyj.ca\/wp-content\/uploads\/2023\/02\/YYJ_SAMPLE_IMAGES-6.jpg\" alt=\"\" class=\"wp-image-4175\" srcset=\"https:\/\/yyj.ca\/wp-content\/uploads\/2023\/02\/YYJ_SAMPLE_IMAGES-6.jpg 750w, https:\/\/yyj.ca\/wp-content\/uploads\/2023\/02\/YYJ_SAMPLE_IMAGES-6-300x200.jpg 300w\" sizes=\"auto, (max-width: 750px) 100vw, 750px\" \/><\/figure>\n\n\n\n<figure class=\"wp-block-image size-large\"><img loading=\"lazy\" decoding=\"async\" width=\"1024\" height=\"682\" data-id=\"4230\" src=\"https:\/\/yyj.ca\/wp-content\/uploads\/2023\/02\/YYJ_2023-30-1024x682.jpg\" alt=\"\" class=\"wp-image-4230\" srcset=\"https:\/\/yyj.ca\/wp-content\/uploads\/2023\/02\/YYJ_2023-30-1024x682.jpg 1024w, https:\/\/yyj.ca\/wp-content\/uploads\/2023\/02\/YYJ_2023-30-300x200.jpg 300w, https:\/\/yyj.ca\/wp-content\/uploads\/2023\/02\/YYJ_2023-30.jpg 1400w\" sizes=\"auto, (max-width: 1024px) 100vw, 1024px\" \/><\/figure>\n<\/figure>\n","protected":false},"excerpt":{"rendered":"","protected":false},"author":1,"featured_media":0,"parent":6953,"menu_order":53,"comment_status":"closed","ping_status":"closed","template":"","meta":{"_acf_changed":false,"footnotes":""},"class_list":["post-6892","page","type-page","status-publish","hentry"],"acf":[],"yoast_head":"<!-- This site is optimized with the Yoast SEO plugin v27.3 - https:\/\/yoast.com\/product\/yoast-seo-wordpress\/ -->\n<title>Choses \u00e0 faire \u00e0 Victoria - Victoria Airport Authority<\/title>\n<meta name=\"robots\" content=\"index, follow, max-snippet:-1, max-image-preview:large, max-video-preview:-1\" \/>\n<link rel=\"canonical\" href=\"https:\/\/yyj.ca\/fr\/engagement-communautaire\/choses-a-faire-a-victoria\/\" \/>\n<meta property=\"og:locale\" content=\"fr_FR\" \/>\n<meta property=\"og:type\" content=\"article\" \/>\n<meta property=\"og:title\" content=\"Choses \u00e0 faire \u00e0 Victoria - Victoria Airport Authority\" \/>\n<meta property=\"og:url\" content=\"https:\/\/yyj.ca\/fr\/engagement-communautaire\/choses-a-faire-a-victoria\/\" \/>\n<meta property=\"og:site_name\" content=\"Victoria Airport Authority\" \/>\n<meta property=\"article:modified_time\" content=\"2025-01-29T17:47:08+00:00\" \/>\n<meta name=\"twitter:card\" content=\"summary_large_image\" \/>\n<script type=\"application\/ld+json\" class=\"yoast-schema-graph\">{\"@context\":\"https:\\\/\\\/schema.org\",\"@graph\":[{\"@type\":\"WebPage\",\"@id\":\"https:\\\/\\\/yyj.ca\\\/fr\\\/engagement-communautaire\\\/choses-a-faire-a-victoria\\\/\",\"url\":\"https:\\\/\\\/yyj.ca\\\/fr\\\/engagement-communautaire\\\/choses-a-faire-a-victoria\\\/\",\"name\":\"Choses \u00e0 faire \u00e0 Victoria - Victoria Airport Authority\",\"isPartOf\":{\"@id\":\"https:\\\/\\\/yyj.ca\\\/fr\\\/#website\"},\"datePublished\":\"2022-10-06T20:15:04+00:00\",\"dateModified\":\"2025-01-29T17:47:08+00:00\",\"breadcrumb\":{\"@id\":\"https:\\\/\\\/yyj.ca\\\/fr\\\/engagement-communautaire\\\/choses-a-faire-a-victoria\\\/#breadcrumb\"},\"inLanguage\":\"fr-FR\",\"potentialAction\":[{\"@type\":\"ReadAction\",\"target\":[\"https:\\\/\\\/yyj.ca\\\/fr\\\/engagement-communautaire\\\/choses-a-faire-a-victoria\\\/\"]}]},{\"@type\":\"BreadcrumbList\",\"@id\":\"https:\\\/\\\/yyj.ca\\\/fr\\\/engagement-communautaire\\\/choses-a-faire-a-victoria\\\/#breadcrumb\",\"itemListElement\":[{\"@type\":\"ListItem\",\"position\":1,\"name\":\"Home\",\"item\":\"https:\\\/\\\/yyj.ca\\\/fr\\\/\"},{\"@type\":\"ListItem\",\"position\":2,\"name\":\"Engagement communautaire\",\"item\":\"https:\\\/\\\/yyj.ca\\\/fr\\\/engagement-communautaire\\\/\"},{\"@type\":\"ListItem\",\"position\":3,\"name\":\"Choses \u00e0 faire \u00e0 Victoria\"}]},{\"@type\":\"WebSite\",\"@id\":\"https:\\\/\\\/yyj.ca\\\/fr\\\/#website\",\"url\":\"https:\\\/\\\/yyj.ca\\\/fr\\\/\",\"name\":\"Victoria Airport Authority\",\"description\":\"Victoria International Airport\",\"publisher\":{\"@id\":\"https:\\\/\\\/yyj.ca\\\/fr\\\/#organization\"},\"potentialAction\":[{\"@type\":\"SearchAction\",\"target\":{\"@type\":\"EntryPoint\",\"urlTemplate\":\"https:\\\/\\\/yyj.ca\\\/fr\\\/?s={search_term_string}\"},\"query-input\":{\"@type\":\"PropertyValueSpecification\",\"valueRequired\":true,\"valueName\":\"search_term_string\"}}],\"inLanguage\":\"fr-FR\"},{\"@type\":\"Organization\",\"@id\":\"https:\\\/\\\/yyj.ca\\\/fr\\\/#organization\",\"name\":\"Victoria Inernational Airport\",\"url\":\"https:\\\/\\\/yyj.ca\\\/fr\\\/\",\"logo\":{\"@type\":\"ImageObject\",\"inLanguage\":\"fr-FR\",\"@id\":\"https:\\\/\\\/yyj.ca\\\/fr\\\/#\\\/schema\\\/logo\\\/image\\\/\",\"url\":\"https:\\\/\\\/aeroportdevictoria.com\\\/wp-content\\\/uploads\\\/2023\\\/06\\\/yyj-logo.svg\",\"contentUrl\":\"https:\\\/\\\/aeroportdevictoria.com\\\/wp-content\\\/uploads\\\/2023\\\/06\\\/yyj-logo.svg\",\"width\":378,\"height\":73,\"caption\":\"Victoria Inernational Airport\"},\"image\":{\"@id\":\"https:\\\/\\\/yyj.ca\\\/fr\\\/#\\\/schema\\\/logo\\\/image\\\/\"}}]}<\/script>\n<!-- \/ Yoast SEO plugin. -->","yoast_head_json":{"title":"Choses \u00e0 faire \u00e0 Victoria - Victoria Airport Authority","robots":{"index":"index","follow":"follow","max-snippet":"max-snippet:-1","max-image-preview":"max-image-preview:large","max-video-preview":"max-video-preview:-1"},"canonical":"https:\/\/yyj.ca\/fr\/engagement-communautaire\/choses-a-faire-a-victoria\/","og_locale":"fr_FR","og_type":"article","og_title":"Choses \u00e0 faire \u00e0 Victoria - Victoria Airport Authority","og_url":"https:\/\/yyj.ca\/fr\/engagement-communautaire\/choses-a-faire-a-victoria\/","og_site_name":"Victoria Airport Authority","article_modified_time":"2025-01-29T17:47:08+00:00","twitter_card":"summary_large_image","schema":{"@context":"https:\/\/schema.org","@graph":[{"@type":"WebPage","@id":"https:\/\/yyj.ca\/fr\/engagement-communautaire\/choses-a-faire-a-victoria\/","url":"https:\/\/yyj.ca\/fr\/engagement-communautaire\/choses-a-faire-a-victoria\/","name":"Choses \u00e0 faire \u00e0 Victoria - Victoria Airport Authority","isPartOf":{"@id":"https:\/\/yyj.ca\/fr\/#website"},"datePublished":"2022-10-06T20:15:04+00:00","dateModified":"2025-01-29T17:47:08+00:00","breadcrumb":{"@id":"https:\/\/yyj.ca\/fr\/engagement-communautaire\/choses-a-faire-a-victoria\/#breadcrumb"},"inLanguage":"fr-FR","potentialAction":[{"@type":"ReadAction","target":["https:\/\/yyj.ca\/fr\/engagement-communautaire\/choses-a-faire-a-victoria\/"]}]},{"@type":"BreadcrumbList","@id":"https:\/\/yyj.ca\/fr\/engagement-communautaire\/choses-a-faire-a-victoria\/#breadcrumb","itemListElement":[{"@type":"ListItem","position":1,"name":"Home","item":"https:\/\/yyj.ca\/fr\/"},{"@type":"ListItem","position":2,"name":"Engagement communautaire","item":"https:\/\/yyj.ca\/fr\/engagement-communautaire\/"},{"@type":"ListItem","position":3,"name":"Choses \u00e0 faire \u00e0 Victoria"}]},{"@type":"WebSite","@id":"https:\/\/yyj.ca\/fr\/#website","url":"https:\/\/yyj.ca\/fr\/","name":"Victoria Airport Authority","description":"Victoria International Airport","publisher":{"@id":"https:\/\/yyj.ca\/fr\/#organization"},"potentialAction":[{"@type":"SearchAction","target":{"@type":"EntryPoint","urlTemplate":"https:\/\/yyj.ca\/fr\/?s={search_term_string}"},"query-input":{"@type":"PropertyValueSpecification","valueRequired":true,"valueName":"search_term_string"}}],"inLanguage":"fr-FR"},{"@type":"Organization","@id":"https:\/\/yyj.ca\/fr\/#organization","name":"Victoria Inernational Airport","url":"https:\/\/yyj.ca\/fr\/","logo":{"@type":"ImageObject","inLanguage":"fr-FR","@id":"https:\/\/yyj.ca\/fr\/#\/schema\/logo\/image\/","url":"https:\/\/aeroportdevictoria.com\/wp-content\/uploads\/2023\/06\/yyj-logo.svg","contentUrl":"https:\/\/aeroportdevictoria.com\/wp-content\/uploads\/2023\/06\/yyj-logo.svg","width":378,"height":73,"caption":"Victoria Inernational Airport"},"image":{"@id":"https:\/\/yyj.ca\/fr\/#\/schema\/logo\/image\/"}}]}},"_links":{"self":[{"href":"https:\/\/yyj.ca\/fr\/wp-json\/wp\/v2\/pages\/6892","targetHints":{"allow":["GET"]}}],"collection":[{"href":"https:\/\/yyj.ca\/fr\/wp-json\/wp\/v2\/pages"}],"about":[{"href":"https:\/\/yyj.ca\/fr\/wp-json\/wp\/v2\/types\/page"}],"author":[{"embeddable":true,"href":"https:\/\/yyj.ca\/fr\/wp-json\/wp\/v2\/users\/1"}],"replies":[{"embeddable":true,"href":"https:\/\/yyj.ca\/fr\/wp-json\/wp\/v2\/comments?post=6892"}],"version-history":[{"count":0,"href":"https:\/\/yyj.ca\/fr\/wp-json\/wp\/v2\/pages\/6892\/revisions"}],"up":[{"embeddable":true,"href":"https:\/\/yyj.ca\/fr\/wp-json\/wp\/v2\/pages\/6953"}],"wp:attachment":[{"href":"https:\/\/yyj.ca\/fr\/wp-json\/wp\/v2\/media?parent=6892"}],"curies":[{"name":"wp","href":"https:\/\/api.w.org\/{rel}","templated":true}]}}