{"id":6877,"date":"2022-10-18T13:15:37","date_gmt":"2022-10-18T20:15:37","guid":{"rendered":"https:\/\/yyj.eclipsedev.tk\/a-propos-de-yyj\/"},"modified":"2024-01-04T16:44:27","modified_gmt":"2024-01-04T23:44:27","slug":"a-propos-de-yyj","status":"publish","type":"page","link":"https:\/\/yyj.ca\/fr\/a-propos-de-yyj\/","title":{"rendered":"\u00c0 propos de YYJ"},"content":{"rendered":"\n<section class=\"banner\">\n            <div class=\"image-wrap\">\n            <img fetchpriority=\"high\" decoding=\"async\" width=\"1400\" height=\"933\" src=\"https:\/\/yyj.ca\/wp-content\/uploads\/2023\/02\/YYJ_2023-146.jpg\" class=\"attachment-full size-full\" alt=\"\" loading=\"eager\" srcset=\"https:\/\/yyj.ca\/wp-content\/uploads\/2023\/02\/YYJ_2023-146.jpg 1400w, https:\/\/yyj.ca\/wp-content\/uploads\/2023\/02\/YYJ_2023-146-300x200.jpg 300w, https:\/\/yyj.ca\/wp-content\/uploads\/2023\/02\/YYJ_2023-146-1024x682.jpg 1024w\" sizes=\"(max-width: 1400px) 100vw, 1400px\" \/>        <\/div>\n        <div class=\"container large\">\n                    <h1>\u00c0 propos de YYJ<\/h1>\n                    <\/div>\n    <div class=\"banner-graphic\">\n        <img decoding=\"async\" src=\"\/wp-content\/themes\/eclipse360\/assets\/images\/banner-bottom.svg\" alt=\"banner-graphic\">\n    <\/div>\n<\/section>\n<section class=\"block_background dark\" style=\"background-color: ;\">\n        <div class=\"container moyen\">\n        \n\n<p>YYJ est le 11\u00e8me a\u00e9roport le plus fr\u00e9quent\u00e9 du Canada avec pr\u00e8s de 2 millions de passagers par an. Laur\u00e9at de nombreux prix, YYJ a \u00e9t\u00e9 class\u00e9 parmi les dix a\u00e9roports les plus appr\u00e9ci\u00e9s au monde par CNN Travel et s&rsquo;est vu d\u00e9cerner les prix suivants : Top 100 Employer in BC (2020, 2021 et 2022) ; Airport Service Quality &#8211; Best Airport by Size and Region (North America) ; Best Hygiene Measures in North America ; Excellence in Airport Concessions ; and Most Efficient Airport with under 5 Million Passengers in North America. Plus qu&rsquo;un centre de transport, YYJ est aussi une source de fiert\u00e9 pour les habitants de la r\u00e9gion et un catalyseur \u00e9conomique et un g\u00e9n\u00e9rateur d&rsquo;entreprises pour le sud de l&rsquo;\u00eele de Vancouver dans son ensemble.  <\/p>\n\n\n\n<p>L&rsquo;a\u00e9roport lui-m\u00eame est situ\u00e9 \u00e0 environ 25 km au nord de la capitale de la Colombie-Britannique, Victoria. En se rendant \u00e0 l&rsquo;a\u00e9roport ou en en revenant, les visiteurs passent devant la station baln\u00e9aire de Sidney-by-the-Sea, la campagne de North Saanich et les districts de Central Saanich et Saanich. Le terminal est suffisamment petit pour \u00eatre tr\u00e8s pratique tout en \u00e9tant moderne, car des am\u00e9liorations et des mises \u00e0 niveau consid\u00e9rables ont \u00e9t\u00e9 r\u00e9alis\u00e9es au cours des 5 \u00e0 10 derni\u00e8res ann\u00e9es.  <\/p>\n\n\n\n<p>VAA est une autorit\u00e9 \u00e0 but non lucratif qui g\u00e8re, exploite et d\u00e9veloppe YYJ d&rsquo;une mani\u00e8re s\u00fbre, s\u00e9curis\u00e9e, efficace et financi\u00e8rement responsable au nom des communaut\u00e9s environnantes. VAA am\u00e9nage les terrains a\u00e9roportuaires, d\u00e9veloppe les installations de transport et g\u00e9n\u00e8re une activit\u00e9 \u00e9conomique compatible avec le transport a\u00e9rien. Depuis que le gouvernement f\u00e9d\u00e9ral a transf\u00e9r\u00e9 la responsabilit\u00e9 de la gestion et de l&rsquo;exploitation de YYJ \u00e0 VAA en 1997, 226 millions de dollars ont \u00e9t\u00e9 consacr\u00e9s \u00e0 l&rsquo;infrastructure a\u00e9roportuaire, avec des projets tels que l&rsquo;agrandissement des terminaux, le r\u00e9alignement des routes, l&rsquo;agrandissement des aires de trafic, l&rsquo;agrandissement des parkings, etc.<\/p>\n\n\n    <\/div>\n<\/section><section class=\"content-slider flex one-col\">\n                    <div class=\"container large\">\n                        <div class=\"slides\" data-animate>\n                            <div class=\"slide\">\n                    <a href=\"https:\/\/yyj.ca\/fr\/a-propos-de-yyj\/notre-histoire\/\">                        <div class=\"image-wrap\">\n                                                    <img loading=\"lazy\" decoding=\"async\" width=\"1200\" height=\"701\" src=\"https:\/\/yyj.ca\/wp-content\/uploads\/2023\/04\/default.jpeg\" class=\"attachment-medium-square size-medium-square\" alt=\"\" srcset=\"https:\/\/yyj.ca\/wp-content\/uploads\/2023\/04\/default.jpeg 1200w, https:\/\/yyj.ca\/wp-content\/uploads\/2023\/04\/default-300x175.jpeg 300w, https:\/\/yyj.ca\/wp-content\/uploads\/2023\/04\/default-1024x598.jpeg 1024w\" sizes=\"auto, (max-width: 1200px) 100vw, 1200px\" \/>                                                <\/div>\n                        <div class=\"tile-content\">\n                                                            <h4>Notre histoire<\/h4>\n                                                    <\/div>\n                    <\/a>                <\/div>\n                            <div class=\"slide\">\n                    <a href=\"https:\/\/yyj.ca\/fr\/a-propos-de-yyj\/message-du-president\/\">                        <div class=\"image-wrap\">\n                                                    <img loading=\"lazy\" decoding=\"async\" width=\"494\" height=\"494\" src=\"https:\/\/yyj.ca\/wp-content\/uploads\/2023\/08\/image.png\" class=\"attachment-medium-square size-medium-square\" alt=\"\" srcset=\"https:\/\/yyj.ca\/wp-content\/uploads\/2023\/08\/image.png 494w, https:\/\/yyj.ca\/wp-content\/uploads\/2023\/08\/image-300x300.png 300w, https:\/\/yyj.ca\/wp-content\/uploads\/2023\/08\/image-150x150.png 150w, https:\/\/yyj.ca\/wp-content\/uploads\/2023\/08\/image-400x400.png 400w\" sizes=\"auto, (max-width: 494px) 100vw, 494px\" \/>                                                <\/div>\n                        <div class=\"tile-content\">\n                                                            <h4>Message du Pr\u00e9sident<\/h4>\n                                                    <\/div>\n                    <\/a>                <\/div>\n                            <div class=\"slide\">\n                    <a href=\"https:\/\/yyj.ca\/fr\/a-propos-de-yyj\/conseil-dadministration\/\">                        <div class=\"image-wrap\">\n                                                    <img loading=\"lazy\" decoding=\"async\" width=\"1024\" height=\"683\" src=\"https:\/\/yyj.ca\/wp-content\/uploads\/2023\/04\/YYJ_2023-279.jpg\" class=\"attachment-medium-square size-medium-square\" alt=\"\" srcset=\"https:\/\/yyj.ca\/wp-content\/uploads\/2023\/04\/YYJ_2023-279.jpg 1024w, https:\/\/yyj.ca\/wp-content\/uploads\/2023\/04\/YYJ_2023-279-300x200.jpg 300w\" sizes=\"auto, (max-width: 1024px) 100vw, 1024px\" \/>                                                <\/div>\n                        <div class=\"tile-content\">\n                                                            <h4>Conseil d&rsquo;administration<\/h4>\n                                                    <\/div>\n                    <\/a>                <\/div>\n                            <div class=\"slide\">\n                    <a href=\"https:\/\/yyj.ca\/fr\/a-propos-de-yyj\/tarifs-et-frais\/\">                        <div class=\"image-wrap\">\n                                                    <img loading=\"lazy\" decoding=\"async\" width=\"1200\" height=\"1200\" src=\"https:\/\/yyj.ca\/wp-content\/uploads\/2023\/03\/YYJ_2023-425-1200x1200.jpg\" class=\"attachment-medium-square size-medium-square\" alt=\"\" srcset=\"https:\/\/yyj.ca\/wp-content\/uploads\/2023\/03\/YYJ_2023-425-1200x1200.jpg 1200w, https:\/\/yyj.ca\/wp-content\/uploads\/2023\/03\/YYJ_2023-425-150x150.jpg 150w, https:\/\/yyj.ca\/wp-content\/uploads\/2023\/03\/YYJ_2023-425-400x400.jpg 400w, https:\/\/yyj.ca\/wp-content\/uploads\/2023\/03\/YYJ_2023-425-800x800.jpg 800w\" sizes=\"auto, (max-width: 1200px) 100vw, 1200px\" \/>                                                <\/div>\n                        <div class=\"tile-content\">\n                                                            <h4>Tarifs et frais<\/h4>\n                                                    <\/div>\n                    <\/a>                <\/div>\n                            <div class=\"slide\">\n                    <a href=\"https:\/\/yyj.ca\/fr\/a-propos-de-yyj\/faits-et-statistiques\/\">                        <div class=\"image-wrap\">\n                                                    <img loading=\"lazy\" decoding=\"async\" width=\"1200\" height=\"722\" src=\"https:\/\/yyj.ca\/wp-content\/uploads\/2023\/02\/AdobeStock_167178745-1-1200x722.jpg\" class=\"attachment-medium-square size-medium-square\" alt=\"\" \/>                                                <\/div>\n                        <div class=\"tile-content\">\n                                                            <h4>Faits et statistiques<\/h4>\n                                                    <\/div>\n                    <\/a>                <\/div>\n                        <\/div>\n        <\/div>\n        <div class=\"flyouts\">\n                <div class=\"flyout flyout-slider flex\">\n                <div class=\"close\"><\/div>\n                <div class=\"image-wrap\">\n                                    <\/div>\n                <div class=\"content\">\n                    <div><\/div>\n                <\/div>\n            <\/div>\n                    <div class=\"flyout flyout-slider flex\">\n                <div class=\"close\"><\/div>\n                <div class=\"image-wrap\">\n                                    <\/div>\n                <div class=\"content\">\n                    <div><\/div>\n                <\/div>\n            <\/div>\n                    <div class=\"flyout flyout-slider flex\">\n                <div class=\"close\"><\/div>\n                <div class=\"image-wrap\">\n                                    <\/div>\n                <div class=\"content\">\n                    <div><\/div>\n                <\/div>\n            <\/div>\n                    <div class=\"flyout flyout-slider flex\">\n                <div class=\"close\"><\/div>\n                <div class=\"image-wrap\">\n                                    <\/div>\n                <div class=\"content\">\n                    <div><\/div>\n                <\/div>\n            <\/div>\n                    <div class=\"flyout flyout-slider flex\">\n                <div class=\"close\"><\/div>\n                <div class=\"image-wrap\">\n                                    <\/div>\n                <div class=\"content\">\n                    <div><\/div>\n                <\/div>\n            <\/div>\n            <div>\n<\/section>","protected":false},"excerpt":{"rendered":"","protected":false},"author":1,"featured_media":0,"parent":0,"menu_order":33,"comment_status":"closed","ping_status":"closed","template":"","meta":{"_acf_changed":false,"footnotes":""},"class_list":["post-6877","page","type-page","status-publish","hentry"],"acf":[],"yoast_head":"<!-- This site is optimized with the Yoast SEO plugin v27.3 - https:\/\/yoast.com\/product\/yoast-seo-wordpress\/ -->\n<title>\u00c0 propos de YYJ - Victoria Airport Authority<\/title>\n<meta name=\"robots\" content=\"index, follow, max-snippet:-1, max-image-preview:large, max-video-preview:-1\" \/>\n<link rel=\"canonical\" href=\"https:\/\/yyj.ca\/fr\/a-propos-de-yyj\/\" \/>\n<meta property=\"og:locale\" content=\"fr_FR\" \/>\n<meta property=\"og:type\" content=\"article\" \/>\n<meta property=\"og:title\" content=\"\u00c0 propos de YYJ - Victoria Airport Authority\" \/>\n<meta property=\"og:url\" content=\"https:\/\/yyj.ca\/fr\/a-propos-de-yyj\/\" \/>\n<meta property=\"og:site_name\" content=\"Victoria Airport Authority\" \/>\n<meta property=\"article:modified_time\" content=\"2024-01-04T23:44:27+00:00\" \/>\n<meta name=\"twitter:card\" content=\"summary_large_image\" \/>\n<meta name=\"twitter:label1\" content=\"Dur\u00e9e de lecture estim\u00e9e\" \/>\n\t<meta name=\"twitter:data1\" content=\"2 minutes\" \/>\n<script type=\"application\/ld+json\" class=\"yoast-schema-graph\">{\"@context\":\"https:\\\/\\\/schema.org\",\"@graph\":[{\"@type\":\"WebPage\",\"@id\":\"https:\\\/\\\/yyj.ca\\\/fr\\\/a-propos-de-yyj\\\/\",\"url\":\"https:\\\/\\\/yyj.ca\\\/fr\\\/a-propos-de-yyj\\\/\",\"name\":\"\u00c0 propos de YYJ - Victoria Airport Authority\",\"isPartOf\":{\"@id\":\"https:\\\/\\\/yyj.ca\\\/fr\\\/#website\"},\"datePublished\":\"2022-10-18T20:15:37+00:00\",\"dateModified\":\"2024-01-04T23:44:27+00:00\",\"breadcrumb\":{\"@id\":\"https:\\\/\\\/yyj.ca\\\/fr\\\/a-propos-de-yyj\\\/#breadcrumb\"},\"inLanguage\":\"fr-FR\",\"potentialAction\":[{\"@type\":\"ReadAction\",\"target\":[\"https:\\\/\\\/yyj.ca\\\/fr\\\/a-propos-de-yyj\\\/\"]}]},{\"@type\":\"BreadcrumbList\",\"@id\":\"https:\\\/\\\/yyj.ca\\\/fr\\\/a-propos-de-yyj\\\/#breadcrumb\",\"itemListElement\":[{\"@type\":\"ListItem\",\"position\":1,\"name\":\"Home\",\"item\":\"https:\\\/\\\/yyj.ca\\\/fr\\\/\"},{\"@type\":\"ListItem\",\"position\":2,\"name\":\"\u00c0 propos de YYJ\"}]},{\"@type\":\"WebSite\",\"@id\":\"https:\\\/\\\/yyj.ca\\\/fr\\\/#website\",\"url\":\"https:\\\/\\\/yyj.ca\\\/fr\\\/\",\"name\":\"Victoria Airport Authority\",\"description\":\"Victoria International Airport\",\"publisher\":{\"@id\":\"https:\\\/\\\/yyj.ca\\\/fr\\\/#organization\"},\"potentialAction\":[{\"@type\":\"SearchAction\",\"target\":{\"@type\":\"EntryPoint\",\"urlTemplate\":\"https:\\\/\\\/yyj.ca\\\/fr\\\/?s={search_term_string}\"},\"query-input\":{\"@type\":\"PropertyValueSpecification\",\"valueRequired\":true,\"valueName\":\"search_term_string\"}}],\"inLanguage\":\"fr-FR\"},{\"@type\":\"Organization\",\"@id\":\"https:\\\/\\\/yyj.ca\\\/fr\\\/#organization\",\"name\":\"Victoria Inernational Airport\",\"url\":\"https:\\\/\\\/yyj.ca\\\/fr\\\/\",\"logo\":{\"@type\":\"ImageObject\",\"inLanguage\":\"fr-FR\",\"@id\":\"https:\\\/\\\/yyj.ca\\\/fr\\\/#\\\/schema\\\/logo\\\/image\\\/\",\"url\":\"https:\\\/\\\/aeroportdevictoria.com\\\/wp-content\\\/uploads\\\/2023\\\/06\\\/yyj-logo.svg\",\"contentUrl\":\"https:\\\/\\\/aeroportdevictoria.com\\\/wp-content\\\/uploads\\\/2023\\\/06\\\/yyj-logo.svg\",\"width\":378,\"height\":73,\"caption\":\"Victoria Inernational Airport\"},\"image\":{\"@id\":\"https:\\\/\\\/yyj.ca\\\/fr\\\/#\\\/schema\\\/logo\\\/image\\\/\"}}]}<\/script>\n<!-- \/ Yoast SEO plugin. -->","yoast_head_json":{"title":"\u00c0 propos de YYJ - Victoria Airport Authority","robots":{"index":"index","follow":"follow","max-snippet":"max-snippet:-1","max-image-preview":"max-image-preview:large","max-video-preview":"max-video-preview:-1"},"canonical":"https:\/\/yyj.ca\/fr\/a-propos-de-yyj\/","og_locale":"fr_FR","og_type":"article","og_title":"\u00c0 propos de YYJ - Victoria Airport Authority","og_url":"https:\/\/yyj.ca\/fr\/a-propos-de-yyj\/","og_site_name":"Victoria Airport Authority","article_modified_time":"2024-01-04T23:44:27+00:00","twitter_card":"summary_large_image","twitter_misc":{"Dur\u00e9e de lecture estim\u00e9e":"2 minutes"},"schema":{"@context":"https:\/\/schema.org","@graph":[{"@type":"WebPage","@id":"https:\/\/yyj.ca\/fr\/a-propos-de-yyj\/","url":"https:\/\/yyj.ca\/fr\/a-propos-de-yyj\/","name":"\u00c0 propos de YYJ - Victoria Airport Authority","isPartOf":{"@id":"https:\/\/yyj.ca\/fr\/#website"},"datePublished":"2022-10-18T20:15:37+00:00","dateModified":"2024-01-04T23:44:27+00:00","breadcrumb":{"@id":"https:\/\/yyj.ca\/fr\/a-propos-de-yyj\/#breadcrumb"},"inLanguage":"fr-FR","potentialAction":[{"@type":"ReadAction","target":["https:\/\/yyj.ca\/fr\/a-propos-de-yyj\/"]}]},{"@type":"BreadcrumbList","@id":"https:\/\/yyj.ca\/fr\/a-propos-de-yyj\/#breadcrumb","itemListElement":[{"@type":"ListItem","position":1,"name":"Home","item":"https:\/\/yyj.ca\/fr\/"},{"@type":"ListItem","position":2,"name":"\u00c0 propos de YYJ"}]},{"@type":"WebSite","@id":"https:\/\/yyj.ca\/fr\/#website","url":"https:\/\/yyj.ca\/fr\/","name":"Victoria Airport Authority","description":"Victoria International Airport","publisher":{"@id":"https:\/\/yyj.ca\/fr\/#organization"},"potentialAction":[{"@type":"SearchAction","target":{"@type":"EntryPoint","urlTemplate":"https:\/\/yyj.ca\/fr\/?s={search_term_string}"},"query-input":{"@type":"PropertyValueSpecification","valueRequired":true,"valueName":"search_term_string"}}],"inLanguage":"fr-FR"},{"@type":"Organization","@id":"https:\/\/yyj.ca\/fr\/#organization","name":"Victoria Inernational Airport","url":"https:\/\/yyj.ca\/fr\/","logo":{"@type":"ImageObject","inLanguage":"fr-FR","@id":"https:\/\/yyj.ca\/fr\/#\/schema\/logo\/image\/","url":"https:\/\/aeroportdevictoria.com\/wp-content\/uploads\/2023\/06\/yyj-logo.svg","contentUrl":"https:\/\/aeroportdevictoria.com\/wp-content\/uploads\/2023\/06\/yyj-logo.svg","width":378,"height":73,"caption":"Victoria Inernational Airport"},"image":{"@id":"https:\/\/yyj.ca\/fr\/#\/schema\/logo\/image\/"}}]}},"_links":{"self":[{"href":"https:\/\/yyj.ca\/fr\/wp-json\/wp\/v2\/pages\/6877","targetHints":{"allow":["GET"]}}],"collection":[{"href":"https:\/\/yyj.ca\/fr\/wp-json\/wp\/v2\/pages"}],"about":[{"href":"https:\/\/yyj.ca\/fr\/wp-json\/wp\/v2\/types\/page"}],"author":[{"embeddable":true,"href":"https:\/\/yyj.ca\/fr\/wp-json\/wp\/v2\/users\/1"}],"replies":[{"embeddable":true,"href":"https:\/\/yyj.ca\/fr\/wp-json\/wp\/v2\/comments?post=6877"}],"version-history":[{"count":0,"href":"https:\/\/yyj.ca\/fr\/wp-json\/wp\/v2\/pages\/6877\/revisions"}],"wp:attachment":[{"href":"https:\/\/yyj.ca\/fr\/wp-json\/wp\/v2\/media?parent=6877"}],"curies":[{"name":"wp","href":"https:\/\/api.w.org\/{rel}","templated":true}]}}