{"id":6874,"date":"2022-10-06T13:33:26","date_gmt":"2022-10-06T20:33:26","guid":{"rendered":"https:\/\/yyj.eclipsedev.tk\/plan-directeur\/"},"modified":"2023-04-28T07:22:57","modified_gmt":"2023-04-28T14:22:57","slug":"plan-directeur","status":"publish","type":"page","link":"https:\/\/yyj.ca\/fr\/notre-avenir\/plan-directeur\/","title":{"rendered":"Plan directeur"},"content":{"rendered":"\n<section class=\"banner\">\n            <div class=\"image-wrap\">\n            <img fetchpriority=\"high\" decoding=\"async\" width=\"1400\" height=\"933\" src=\"https:\/\/yyj.ca\/wp-content\/uploads\/2023\/02\/YYJ_2023-341.jpg\" class=\"attachment-full size-full\" alt=\"\" loading=\"eager\" srcset=\"https:\/\/yyj.ca\/wp-content\/uploads\/2023\/02\/YYJ_2023-341.jpg 1400w, https:\/\/yyj.ca\/wp-content\/uploads\/2023\/02\/YYJ_2023-341-300x200.jpg 300w, https:\/\/yyj.ca\/wp-content\/uploads\/2023\/02\/YYJ_2023-341-1024x682.jpg 1024w\" sizes=\"(max-width: 1400px) 100vw, 1400px\" \/>        <\/div>\n        <div class=\"container large\">\n                    <h2 class=\"overline\">SOCI\u00c9T\u00c9<\/h2>\n                    <h1>PLAN DIRECTEUR<\/h1>\n                    <\/div>\n    <div class=\"banner-graphic\">\n        <img decoding=\"async\" src=\"\/wp-content\/themes\/eclipse360\/assets\/images\/banner-bottom.svg\" alt=\"banner-graphic\">\n    <\/div>\n<\/section>\n<section class=\"page-intro\">\n    <div class=\"container\">\n        <div class=\"content\"><p>Le plan directeur de l&rsquo;autorit\u00e9 a\u00e9roportuaire de Victoria fournit une feuille de route pour les investissements en capital, les am\u00e9liorations et les consid\u00e9rations op\u00e9rationnelles qui contribuent \u00e0 garantir un a\u00e9roport sain et dynamique pour notre communaut\u00e9. Ce document fournit un cadre permettant \u00e0 l&rsquo;Autorit\u00e9 de reconna\u00eetre le calendrier des investissements dans des infrastructures sp\u00e9cifiques, en fonction de la demande des clients.<\/p>\n<p>L&rsquo;a\u00e9roport est un lieu dynamique qui se d\u00e9veloppe continuellement pour les passagers, les compagnies a\u00e9riennes et les locataires. Il est essentiel que l&rsquo;Autorit\u00e9 reste en avance sur la courbe de la demande, mais pas trop, afin de pouvoir continuer \u00e0 maintenir une structure de co\u00fbts comp\u00e9titive. Comme pour tout document de planification, les conditions du march\u00e9 peuvent changer, c&rsquo;est pourquoi le c\u0153ur de notre planification est g\u00e9n\u00e9ralement ax\u00e9 sur les am\u00e9liorations des immobilisations qui soutiennent les domaines de la plus forte croissance avec un avantage maximal pour les utilisateurs de l&rsquo;a\u00e9roport.<\/p>\n<p>L&rsquo;Autorit\u00e9 a\u00e9roportuaire reconna\u00eet \u00e9galement l&rsquo;importance des investissements communautaires et prend en compte l&rsquo;environnement et les impacts sonores dans le cadre du processus de planification. Ce document contient des pr\u00e9visions de bruit d\u00e9taill\u00e9es, des plans d&rsquo;occupation des sols et les co\u00fbts associ\u00e9s aux investissements envisag\u00e9s.<\/p>\n<\/div>\n    <\/div>\n<\/section>\n<section class=\"block_background light\" style=\"background-color: ;\">\n        <div class=\"container moyen\">\n        \n<section class=\"block_background dark\" style=\"background-color: ;\">\n        <div class=\"container moyen\">\n        \n\n<p><\/p>\n\n\n\n<div class=\"wp-block-file\"><a id=\"wp-block-file--media-02a38b21-65cb-4676-b5c1-5ed7fb8e31ec\" href=\"https:\/\/yyj.ca\/wp-content\/uploads\/2023\/04\/YYJ-Master-Plan-2023-2042.pdf\">Plan directeur YYJ 2023-2042<\/a><a href=\"https:\/\/yyj.ca\/wp-content\/uploads\/2023\/04\/YYJ-Master-Plan-2023-2042.pdf\" class=\"wp-block-file__button wp-element-button\" download=\"\" aria-describedby=\"wp-block-file--media-02a38b21-65cb-4676-b5c1-5ed7fb8e31ec\">T\u00e9l\u00e9charger<\/a><\/div>\n\n\n\n<p>Si vous avez des questions ou des commentaires, n&rsquo;h\u00e9sitez pas \u00e0 nous contacter via le <a href=\"https:\/\/aeroportdevictoria.com\/se-connecter-avec-yyj\/contact\/\">formulaire de contact de<\/a> notre site web.<\/p>\n\n\n    <\/div>\n<\/section>\n\n    <\/div>\n<\/section>\n<figure class=\"wp-block-gallery has-nested-images columns-default is-cropped wp-block-gallery-1 is-layout-flex wp-block-gallery-is-layout-flex\">\n<figure class=\"wp-block-image size-large\"><img loading=\"lazy\" decoding=\"async\" width=\"1024\" height=\"682\" data-id=\"4443\" src=\"https:\/\/yyj.ca\/wp-content\/uploads\/2023\/02\/YYJ_2023-352-1024x682.jpg\" alt=\"\" class=\"wp-image-4443\" srcset=\"https:\/\/yyj.ca\/wp-content\/uploads\/2023\/02\/YYJ_2023-352-1024x682.jpg 1024w, https:\/\/yyj.ca\/wp-content\/uploads\/2023\/02\/YYJ_2023-352-300x200.jpg 300w, https:\/\/yyj.ca\/wp-content\/uploads\/2023\/02\/YYJ_2023-352.jpg 1400w\" sizes=\"auto, (max-width: 1024px) 100vw, 1024px\" \/><\/figure>\n\n\n\n<figure class=\"wp-block-image size-large\"><img loading=\"lazy\" decoding=\"async\" width=\"730\" height=\"487\" data-id=\"3849\" src=\"https:\/\/aeroportdevictoria.com\/wp-content\/uploads\/2023\/01\/masterplan_2_730.jpeg\" alt=\"\" class=\"wp-image-3849\" srcset=\"https:\/\/yyj.ca\/wp-content\/uploads\/2023\/01\/masterplan_2_730.jpeg 730w, https:\/\/yyj.ca\/wp-content\/uploads\/2023\/01\/masterplan_2_730-300x200.jpeg 300w\" sizes=\"auto, (max-width: 730px) 100vw, 730px\" \/><\/figure>\n\n\n\n<figure class=\"wp-block-image size-large\"><img loading=\"lazy\" decoding=\"async\" width=\"1024\" height=\"682\" data-id=\"4444\" src=\"https:\/\/yyj.ca\/wp-content\/uploads\/2023\/02\/YYJ_2023-338-1024x682.jpg\" alt=\"\" class=\"wp-image-4444\" srcset=\"https:\/\/yyj.ca\/wp-content\/uploads\/2023\/02\/YYJ_2023-338-1024x682.jpg 1024w, https:\/\/yyj.ca\/wp-content\/uploads\/2023\/02\/YYJ_2023-338-300x200.jpg 300w, https:\/\/yyj.ca\/wp-content\/uploads\/2023\/02\/YYJ_2023-338.jpg 1400w\" sizes=\"auto, (max-width: 1024px) 100vw, 1024px\" \/><\/figure>\n<\/figure>\n","protected":false},"excerpt":{"rendered":"","protected":false},"author":1,"featured_media":0,"parent":6951,"menu_order":21,"comment_status":"closed","ping_status":"closed","template":"","meta":{"_acf_changed":false,"footnotes":""},"class_list":["post-6874","page","type-page","status-publish","hentry"],"acf":[],"yoast_head":"<!-- This site is optimized with the Yoast SEO plugin v27.3 - https:\/\/yoast.com\/product\/yoast-seo-wordpress\/ -->\n<title>Plan directeur - Victoria Airport Authority<\/title>\n<meta name=\"robots\" content=\"index, follow, max-snippet:-1, max-image-preview:large, max-video-preview:-1\" \/>\n<link rel=\"canonical\" href=\"https:\/\/yyj.ca\/fr\/notre-avenir\/plan-directeur\/\" \/>\n<meta property=\"og:locale\" content=\"fr_FR\" \/>\n<meta property=\"og:type\" content=\"article\" \/>\n<meta property=\"og:title\" content=\"Plan directeur - Victoria Airport Authority\" \/>\n<meta property=\"og:url\" content=\"https:\/\/yyj.ca\/fr\/notre-avenir\/plan-directeur\/\" \/>\n<meta property=\"og:site_name\" content=\"Victoria Airport Authority\" \/>\n<meta property=\"article:modified_time\" content=\"2023-04-28T14:22:57+00:00\" \/>\n<meta property=\"og:image\" content=\"https:\/\/yyj.ca\/wp-content\/uploads\/2023\/02\/YYJ_2023-352-1024x682.jpg\" \/>\n<meta name=\"twitter:card\" content=\"summary_large_image\" \/>\n<script type=\"application\/ld+json\" class=\"yoast-schema-graph\">{\"@context\":\"https:\\\/\\\/schema.org\",\"@graph\":[{\"@type\":\"WebPage\",\"@id\":\"https:\\\/\\\/yyj.ca\\\/fr\\\/notre-avenir\\\/plan-directeur\\\/\",\"url\":\"https:\\\/\\\/yyj.ca\\\/fr\\\/notre-avenir\\\/plan-directeur\\\/\",\"name\":\"Plan directeur - Victoria Airport Authority\",\"isPartOf\":{\"@id\":\"https:\\\/\\\/yyj.ca\\\/fr\\\/#website\"},\"primaryImageOfPage\":{\"@id\":\"https:\\\/\\\/yyj.ca\\\/fr\\\/notre-avenir\\\/plan-directeur\\\/#primaryimage\"},\"image\":{\"@id\":\"https:\\\/\\\/yyj.ca\\\/fr\\\/notre-avenir\\\/plan-directeur\\\/#primaryimage\"},\"thumbnailUrl\":\"https:\\\/\\\/yyj.ca\\\/wp-content\\\/uploads\\\/2023\\\/02\\\/YYJ_2023-352-1024x682.jpg\",\"datePublished\":\"2022-10-06T20:33:26+00:00\",\"dateModified\":\"2023-04-28T14:22:57+00:00\",\"breadcrumb\":{\"@id\":\"https:\\\/\\\/yyj.ca\\\/fr\\\/notre-avenir\\\/plan-directeur\\\/#breadcrumb\"},\"inLanguage\":\"fr-FR\",\"potentialAction\":[{\"@type\":\"ReadAction\",\"target\":[\"https:\\\/\\\/yyj.ca\\\/fr\\\/notre-avenir\\\/plan-directeur\\\/\"]}]},{\"@type\":\"ImageObject\",\"inLanguage\":\"fr-FR\",\"@id\":\"https:\\\/\\\/yyj.ca\\\/fr\\\/notre-avenir\\\/plan-directeur\\\/#primaryimage\",\"url\":\"https:\\\/\\\/yyj.ca\\\/wp-content\\\/uploads\\\/2023\\\/02\\\/YYJ_2023-352-1024x682.jpg\",\"contentUrl\":\"https:\\\/\\\/yyj.ca\\\/wp-content\\\/uploads\\\/2023\\\/02\\\/YYJ_2023-352-1024x682.jpg\"},{\"@type\":\"BreadcrumbList\",\"@id\":\"https:\\\/\\\/yyj.ca\\\/fr\\\/notre-avenir\\\/plan-directeur\\\/#breadcrumb\",\"itemListElement\":[{\"@type\":\"ListItem\",\"position\":1,\"name\":\"Home\",\"item\":\"https:\\\/\\\/yyj.ca\\\/fr\\\/\"},{\"@type\":\"ListItem\",\"position\":2,\"name\":\"Notre avenir\",\"item\":\"https:\\\/\\\/yyj.ca\\\/fr\\\/notre-avenir\\\/\"},{\"@type\":\"ListItem\",\"position\":3,\"name\":\"Plan directeur\"}]},{\"@type\":\"WebSite\",\"@id\":\"https:\\\/\\\/yyj.ca\\\/fr\\\/#website\",\"url\":\"https:\\\/\\\/yyj.ca\\\/fr\\\/\",\"name\":\"Victoria Airport Authority\",\"description\":\"Victoria International Airport\",\"publisher\":{\"@id\":\"https:\\\/\\\/yyj.ca\\\/fr\\\/#organization\"},\"potentialAction\":[{\"@type\":\"SearchAction\",\"target\":{\"@type\":\"EntryPoint\",\"urlTemplate\":\"https:\\\/\\\/yyj.ca\\\/fr\\\/?s={search_term_string}\"},\"query-input\":{\"@type\":\"PropertyValueSpecification\",\"valueRequired\":true,\"valueName\":\"search_term_string\"}}],\"inLanguage\":\"fr-FR\"},{\"@type\":\"Organization\",\"@id\":\"https:\\\/\\\/yyj.ca\\\/fr\\\/#organization\",\"name\":\"Victoria Inernational Airport\",\"url\":\"https:\\\/\\\/yyj.ca\\\/fr\\\/\",\"logo\":{\"@type\":\"ImageObject\",\"inLanguage\":\"fr-FR\",\"@id\":\"https:\\\/\\\/yyj.ca\\\/fr\\\/#\\\/schema\\\/logo\\\/image\\\/\",\"url\":\"https:\\\/\\\/aeroportdevictoria.com\\\/wp-content\\\/uploads\\\/2023\\\/06\\\/yyj-logo.svg\",\"contentUrl\":\"https:\\\/\\\/aeroportdevictoria.com\\\/wp-content\\\/uploads\\\/2023\\\/06\\\/yyj-logo.svg\",\"width\":378,\"height\":73,\"caption\":\"Victoria Inernational Airport\"},\"image\":{\"@id\":\"https:\\\/\\\/yyj.ca\\\/fr\\\/#\\\/schema\\\/logo\\\/image\\\/\"}}]}<\/script>\n<!-- \/ Yoast SEO plugin. -->","yoast_head_json":{"title":"Plan directeur - Victoria Airport Authority","robots":{"index":"index","follow":"follow","max-snippet":"max-snippet:-1","max-image-preview":"max-image-preview:large","max-video-preview":"max-video-preview:-1"},"canonical":"https:\/\/yyj.ca\/fr\/notre-avenir\/plan-directeur\/","og_locale":"fr_FR","og_type":"article","og_title":"Plan directeur - Victoria Airport Authority","og_url":"https:\/\/yyj.ca\/fr\/notre-avenir\/plan-directeur\/","og_site_name":"Victoria Airport Authority","article_modified_time":"2023-04-28T14:22:57+00:00","og_image":[{"url":"https:\/\/yyj.ca\/wp-content\/uploads\/2023\/02\/YYJ_2023-352-1024x682.jpg","type":"","width":"","height":""}],"twitter_card":"summary_large_image","schema":{"@context":"https:\/\/schema.org","@graph":[{"@type":"WebPage","@id":"https:\/\/yyj.ca\/fr\/notre-avenir\/plan-directeur\/","url":"https:\/\/yyj.ca\/fr\/notre-avenir\/plan-directeur\/","name":"Plan directeur - Victoria Airport Authority","isPartOf":{"@id":"https:\/\/yyj.ca\/fr\/#website"},"primaryImageOfPage":{"@id":"https:\/\/yyj.ca\/fr\/notre-avenir\/plan-directeur\/#primaryimage"},"image":{"@id":"https:\/\/yyj.ca\/fr\/notre-avenir\/plan-directeur\/#primaryimage"},"thumbnailUrl":"https:\/\/yyj.ca\/wp-content\/uploads\/2023\/02\/YYJ_2023-352-1024x682.jpg","datePublished":"2022-10-06T20:33:26+00:00","dateModified":"2023-04-28T14:22:57+00:00","breadcrumb":{"@id":"https:\/\/yyj.ca\/fr\/notre-avenir\/plan-directeur\/#breadcrumb"},"inLanguage":"fr-FR","potentialAction":[{"@type":"ReadAction","target":["https:\/\/yyj.ca\/fr\/notre-avenir\/plan-directeur\/"]}]},{"@type":"ImageObject","inLanguage":"fr-FR","@id":"https:\/\/yyj.ca\/fr\/notre-avenir\/plan-directeur\/#primaryimage","url":"https:\/\/yyj.ca\/wp-content\/uploads\/2023\/02\/YYJ_2023-352-1024x682.jpg","contentUrl":"https:\/\/yyj.ca\/wp-content\/uploads\/2023\/02\/YYJ_2023-352-1024x682.jpg"},{"@type":"BreadcrumbList","@id":"https:\/\/yyj.ca\/fr\/notre-avenir\/plan-directeur\/#breadcrumb","itemListElement":[{"@type":"ListItem","position":1,"name":"Home","item":"https:\/\/yyj.ca\/fr\/"},{"@type":"ListItem","position":2,"name":"Notre avenir","item":"https:\/\/yyj.ca\/fr\/notre-avenir\/"},{"@type":"ListItem","position":3,"name":"Plan directeur"}]},{"@type":"WebSite","@id":"https:\/\/yyj.ca\/fr\/#website","url":"https:\/\/yyj.ca\/fr\/","name":"Victoria Airport Authority","description":"Victoria International Airport","publisher":{"@id":"https:\/\/yyj.ca\/fr\/#organization"},"potentialAction":[{"@type":"SearchAction","target":{"@type":"EntryPoint","urlTemplate":"https:\/\/yyj.ca\/fr\/?s={search_term_string}"},"query-input":{"@type":"PropertyValueSpecification","valueRequired":true,"valueName":"search_term_string"}}],"inLanguage":"fr-FR"},{"@type":"Organization","@id":"https:\/\/yyj.ca\/fr\/#organization","name":"Victoria Inernational Airport","url":"https:\/\/yyj.ca\/fr\/","logo":{"@type":"ImageObject","inLanguage":"fr-FR","@id":"https:\/\/yyj.ca\/fr\/#\/schema\/logo\/image\/","url":"https:\/\/aeroportdevictoria.com\/wp-content\/uploads\/2023\/06\/yyj-logo.svg","contentUrl":"https:\/\/aeroportdevictoria.com\/wp-content\/uploads\/2023\/06\/yyj-logo.svg","width":378,"height":73,"caption":"Victoria Inernational Airport"},"image":{"@id":"https:\/\/yyj.ca\/fr\/#\/schema\/logo\/image\/"}}]}},"_links":{"self":[{"href":"https:\/\/yyj.ca\/fr\/wp-json\/wp\/v2\/pages\/6874","targetHints":{"allow":["GET"]}}],"collection":[{"href":"https:\/\/yyj.ca\/fr\/wp-json\/wp\/v2\/pages"}],"about":[{"href":"https:\/\/yyj.ca\/fr\/wp-json\/wp\/v2\/types\/page"}],"author":[{"embeddable":true,"href":"https:\/\/yyj.ca\/fr\/wp-json\/wp\/v2\/users\/1"}],"replies":[{"embeddable":true,"href":"https:\/\/yyj.ca\/fr\/wp-json\/wp\/v2\/comments?post=6874"}],"version-history":[{"count":0,"href":"https:\/\/yyj.ca\/fr\/wp-json\/wp\/v2\/pages\/6874\/revisions"}],"up":[{"embeddable":true,"href":"https:\/\/yyj.ca\/fr\/wp-json\/wp\/v2\/pages\/6951"}],"wp:attachment":[{"href":"https:\/\/yyj.ca\/fr\/wp-json\/wp\/v2\/media?parent=6874"}],"curies":[{"name":"wp","href":"https:\/\/api.w.org\/{rel}","templated":true}]}}