{"id":6868,"date":"2022-10-06T13:14:28","date_gmt":"2022-10-06T20:14:28","guid":{"rendered":"https:\/\/yyj.eclipsedev.tk\/la-carte-interactive-de-la-trajectoire-de-vol\/"},"modified":"2025-09-22T13:46:27","modified_gmt":"2025-09-22T20:46:27","slug":"la-carte-interactive-de-la-trajectoire-de-vol","status":"publish","type":"page","link":"https:\/\/yyj.ca\/fr\/engagement-communautaire\/la-carte-interactive-de-la-trajectoire-de-vol\/","title":{"rendered":"La carte interactive de la trajectoire de vol"},"content":{"rendered":"\n<section class=\"banner\">\n            <div class=\"image-wrap\">\n            <img fetchpriority=\"high\" decoding=\"async\" width=\"2560\" height=\"1702\" src=\"https:\/\/yyj.ca\/wp-content\/uploads\/2023\/04\/DSC_0038-scaled.jpg\" class=\"attachment-full size-full\" alt=\"\" loading=\"eager\" srcset=\"https:\/\/yyj.ca\/wp-content\/uploads\/2023\/04\/DSC_0038-scaled.jpg 2560w, https:\/\/yyj.ca\/wp-content\/uploads\/2023\/04\/DSC_0038-300x199.jpg 300w, https:\/\/yyj.ca\/wp-content\/uploads\/2023\/04\/DSC_0038-1024x681.jpg 1024w, https:\/\/yyj.ca\/wp-content\/uploads\/2023\/04\/DSC_0038-1536x1021.jpg 1536w, https:\/\/yyj.ca\/wp-content\/uploads\/2023\/04\/DSC_0038-2048x1362.jpg 2048w\" sizes=\"(max-width: 2560px) 100vw, 2560px\" \/>        <\/div>\n        <div class=\"container large\">\n                    <h2 class=\"overline\">Trajectoire de vol<\/h2>\n                    <h1>Carte interactive<\/h1>\n                    <\/div>\n    <div class=\"banner-graphic\">\n        <img decoding=\"async\" src=\"\/wp-content\/themes\/eclipse360\/assets\/images\/banner-bottom.svg\" alt=\"banner-graphic\">\n    <\/div>\n<\/section>\n<section class=\"page-intro\">\n    <div class=\"container\">\n        <div class=\"content\"><p>Une piste cyclable et p\u00e9destre de 9,3 km autour de l&rsquo;a\u00e9roport. Amenez toute la famille pour d\u00e9couvrir ce centre de loisirs unique en son genre !<\/p>\n<p>Situ\u00e9 autour du p\u00e9rim\u00e8tre de l&rsquo;a\u00e9roport international de Victoria, un lieu bucolique, venez faire du v\u00e9lo, de la randonn\u00e9e ou une promenade et profitez de la beaut\u00e9 naturelle de la p\u00e9ninsule de Saanich. La trajectoire de vol est ponctu\u00e9e d&rsquo;arr\u00eats intrigants, avec des panneaux de signalisation int\u00e9ressants. Il s&rsquo;agit d&rsquo;une exp\u00e9rience \u00e9ducative sur les diff\u00e9rentes significations historiques de l&rsquo;a\u00e9roport et de ses environs !<\/p>\n<\/div>\n    <\/div>\n<\/section>\n<section class=\"block_background light\" style=\"background-color: ;\">\n    <div class=\"image-wrap\" data-animate-2><img loading=\"lazy\" decoding=\"async\" width=\"1922\" height=\"951\" src=\"https:\/\/yyj.ca\/wp-content\/uploads\/2022\/10\/resources-bg.svg\" class=\"attachment-full size-full\" alt=\"background image\" \/><\/div>    <div class=\"container moyen\">\n        \n<div class=\"flightpath\" id=\"flightpath\">\n    <div id=\"flightpath-container\">\n        <div id=\"maparea\">\n            <div class=\"icon hydration\" style=\"left: 205px; top: 149px; display: block;\"><img decoding=\"async\" src=\"\/wp-content\/themes\/eclipse360\/assets\/flightpath\/hydration.png\" title=\"Hydration Station\" alt=\"Hydration Station\"><\/div>\n            <div class=\"icon washroom\" style=\"left: 77px; top: 159px; display: block;\"><img decoding=\"async\" src=\"\/wp-content\/themes\/eclipse360\/assets\/flightpath\/washroom.png\" title=\"Washroom\" alt=\"Washroom\"><\/div>\n            <div class=\"icon washroom\" style=\"left: 438px; top: 480px; display: block;\"><img decoding=\"async\" src=\"\/wp-content\/themes\/eclipse360\/assets\/flightpath\/washroom.png\" title=\"Washroom\" alt=\"Washroom\"><\/div>\n            <div class=\"icon washroom\" style=\"left: 319px; top: 471px; display: block;\"><img decoding=\"async\" src=\"\/wp-content\/themes\/eclipse360\/assets\/flightpath\/washroom.png\" title=\"Washroom\" alt=\"Washroom\"><\/div>\n            <div class=\"icon viewing\" style=\"left: 186px; top: 168px; display: block;\"><img decoding=\"async\" src=\"\/wp-content\/themes\/eclipse360\/assets\/flightpath\/viewing.png\" title=\"Viewing Area\" alt=\"Viewing Area\"><\/div>\n            <div class=\"icon viewing\" style=\"left: 53px; top: 172px; display: block;\"><img decoding=\"async\" src=\"\/wp-content\/themes\/eclipse360\/assets\/flightpath\/viewing.png\" title=\"Viewing Area\" alt=\"Viewing Area\"><\/div>\n            <div class=\"icon viewing\" style=\"left: 496px; top: 361px; display: block;\"><img decoding=\"async\" src=\"\/wp-content\/themes\/eclipse360\/assets\/flightpath\/viewing.png\" title=\"Viewing Area\" alt=\"Viewing Area\"><\/div>\n            <div class=\"icon viewing\" style=\"left: 260px; top: 459px; display: block;\"><img decoding=\"async\" src=\"\/wp-content\/themes\/eclipse360\/assets\/flightpath\/viewing.png\" title=\"Viewing Area\" alt=\"Viewing Area\"><\/div>\n            <div class=\"icon distance\" style=\"left: 249px; top: 149px; display: block;\"><img decoding=\"async\" src=\"\/wp-content\/themes\/eclipse360\/assets\/flightpath\/1.png\" title=\"Distance Markers\" alt=\"Distance Markers\"><\/div>\n            <div class=\"icon distance\" style=\"left: 449px; top: 149px; display: block;\"><img decoding=\"async\" src=\"\/wp-content\/themes\/eclipse360\/assets\/flightpath\/2.png\" title=\"Distance Markers\" alt=\"Distance Markers\"><\/div>\n            <div class=\"icon distance\" style=\"left: 552px; top: 285px; display: block;\"><img decoding=\"async\" src=\"\/wp-content\/themes\/eclipse360\/assets\/flightpath\/3.png\" title=\"Distance Markers\" alt=\"Distance Markers\"><\/div>\n            <div class=\"icon distance\" style=\"left: 641px; top: 386px; display: block;\"><img decoding=\"async\" src=\"\/wp-content\/themes\/eclipse360\/assets\/flightpath\/4.png\" title=\"Distance Markers\" alt=\"Distance Markers\"><\/div>\n            <div class=\"icon distance\" style=\"left: 488px; top: 458px; display: block;\"><img decoding=\"async\" src=\"\/wp-content\/themes\/eclipse360\/assets\/flightpath\/5.png\" title=\"Distance Markers\" alt=\"Distance Markers\"><\/div>\n            <div class=\"icon distance\" style=\"left: 437px; top: 578px; display: block;\"><img decoding=\"async\" src=\"\/wp-content\/themes\/eclipse360\/assets\/flightpath\/6.png\" title=\"Distance Markers\" alt=\"Distance Markers\"><\/div>\n            <div class=\"icon distance\" style=\"left: 236px; top: 544px; display: block;\"><img decoding=\"async\" src=\"\/wp-content\/themes\/eclipse360\/assets\/flightpath\/7.png\" title=\"Distance Markers\" alt=\"Distance Markers\"><\/div>\n            <div class=\"icon distance\" style=\"left: 195px; top: 391px; display: block;\"><img decoding=\"async\" src=\"\/wp-content\/themes\/eclipse360\/assets\/flightpath\/8.png\" title=\"Distance Markers\" alt=\"Distance Markers\"><\/div>\n            <div class=\"icon distance\" style=\"left: 95px; top: 213px; display: block;\"><img decoding=\"async\" src=\"\/wp-content\/themes\/eclipse360\/assets\/flightpath\/9.png\" title=\"Distance Markers\" alt=\"Distance Markers\"><\/div>\n            <div class=\"icon sign\" style=\"left: 88px; top: 185px;\"><a href=\"https:\/\/yyj.ca\/wp-content\/uploads\/2025\/02\/PatBay2021_Web.jpg\" data-fancybox=\"gallery\" ><img decoding=\"async\" src=\"\/wp-content\/themes\/eclipse360\/assets\/flightpath\/PulsingPin.gif\" title=\"Flight Path Feature Sign\" alt=\"Flight Path Feature Sign\"><\/a><\/div>\n            <div class=\"icon sign\" style=\"left: 195px; top: 154px;\"><a href=\"\/wp-content\/themes\/eclipse360\/assets\/flightpath\/HospitalHill2021_Web.jpg\" data-fancybox=\"gallery\" ><img decoding=\"async\" src=\"\/wp-content\/themes\/eclipse360\/assets\/flightpath\/PulsingPin.gif\" title=\"Flight Path Feature Sign\" alt=\"Flight Path Feature Sign\"><\/a><\/div>\n            <div class=\"icon sign\" style=\"left: 230px; top: 154px;\"><a href=\"\/wp-content\/themes\/eclipse360\/assets\/flightpath\/LostAirman2021_Web.jpg\" data-fancybox=\"gallery\" ><img decoding=\"async\" src=\"\/wp-content\/themes\/eclipse360\/assets\/flightpath\/PulsingPin.gif\" title=\"Flight Path Feature Sign\" alt=\"Flight Path Feature Sign\"><\/a><\/div>\n            <div class=\"icon sign\" style=\"left: 610px; top: 310px;\"><a href=\"\/wp-content\/themes\/eclipse360\/assets\/flightpath\/Airfields2021_Web.jpg\" data-fancybox=\"gallery\" ><img decoding=\"async\" src=\"\/wp-content\/themes\/eclipse360\/assets\/flightpath\/PulsingPin.gif\" title=\"Flight Path Feature Sign\" alt=\"Flight Path Feature Sign\"><\/a><\/div>\n            <div class=\"icon sign\" style=\"left: 490px; top: 500px;\"><a href=\"\/wp-content\/themes\/eclipse360\/assets\/flightpath\/ReayCreek2021_Web.jpg\" data-fancybox=\"gallery\" ><img decoding=\"async\" src=\"\/wp-content\/themes\/eclipse360\/assets\/flightpath\/PulsingPin.gif\" title=\"Flight Path Feature Sign\" alt=\"Flight Path Feature Sign\"><\/a><\/div>\n            <div class=\"icon sign\" style=\"left: 425px; top: 600px;\"><a href=\"\/wp-content\/themes\/eclipse360\/assets\/flightpath\/RailHistory2021_Web.jpg\" data-fancybox=\"gallery\" ><img decoding=\"async\" src=\"\/wp-content\/themes\/eclipse360\/assets\/flightpath\/PulsingPin.gif\" title=\"Flight Path Feature Sign\" alt=\"Flight Path Feature Sign\"><\/a><\/div>\n            <div class=\"icon sign\" style=\"left: 310px; top: 559px;\"><a href=\"\/wp-content\/themes\/eclipse360\/assets\/flightpath\/AirTerminal_Web.jpg\" data-fancybox=\"gallery\" ><img decoding=\"async\" src=\"\/wp-content\/themes\/eclipse360\/assets\/flightpath\/PulsingPin.gif\" title=\"Flight Path Feature Sign\" alt=\"Flight Path Feature Sign\"><\/a><\/div>\n            <div class=\"icon sign\" style=\"left: 202px; top: 459px;\"><a href=\"\/wp-content\/themes\/eclipse360\/assets\/flightpath\/AgriculturalHistory2021_Web.jpg\" data-fancybox=\"gallery\" ><img decoding=\"async\" src=\"\/wp-content\/themes\/eclipse360\/assets\/flightpath\/PulsingPin.gif\" title=\"Flight Path Feature Sign\" alt=\"Flight Path Feature Sign\"><\/a><\/div>\n            <div class=\"icon sign\" style=\"left: 203px; top: 381px;\"><a href=\"\/wp-content\/themes\/eclipse360\/assets\/flightpath\/TenTenCreek2021_Web.jpg\" data-fancybox=\"gallery\" ><img decoding=\"async\" src=\"\/wp-content\/themes\/eclipse360\/assets\/flightpath\/PulsingPin.gif\" title=\"Flight Path Feature Sign\" alt=\"Flight Path Feature Sign\"><\/a><\/div>\n            <div class=\"icon sign\" style=\"left: 173px; top: 317px;\"><a href=\"\/wp-content\/themes\/eclipse360\/assets\/flightpath\/MilitaryHistory2021_Web.jpg\" data-fancybox=\"gallery\" ><img decoding=\"async\" src=\"\/wp-content\/themes\/eclipse360\/assets\/flightpath\/PulsingPin.gif\" title=\"Flight Path Feature Sign\" alt=\"Flight Path Feature Sign\"><\/a><\/div>\n        <\/div>\n        <div id=\"mapcontrols\">\n            <div id=\"mapselectors\">\n                <h2>Select &amp; View Flight Path Features<\/h2>\n                <div class=\"selectors\">\n                    <div id=\"selector_hydration\" onclick=\"showhide_selector(&#39;hydration&#39;);\" class=\"selector active\">\n                        <div class=\"checkbox\"><\/div><img decoding=\"async\" src=\"\/wp-content\/themes\/eclipse360\/assets\/flightpath\/hydration.png\" alt=\"Hydration Station\">Hydration Station<\/div>\n                    <div id=\"selector_washroom\" onclick=\"showhide_selector(&#39;washroom&#39;);\" class=\"selector active\" style=\"width: 140px;\">\n                        <div class=\"checkbox\"><\/div><img decoding=\"async\" src=\"\/wp-content\/themes\/eclipse360\/assets\/flightpath\/washroom.png\" alt=\"Washroom\">Washroom<\/div>\n                    <div id=\"selector_viewing\" onclick=\"showhide_selector(&#39;viewing&#39;);\" class=\"selector active\">\n                        <div class=\"checkbox\"><\/div><img decoding=\"async\" src=\"\/wp-content\/themes\/eclipse360\/assets\/flightpath\/viewing.png\" alt=\"Viewing Area\">Viewing Area<\/div>\n                    <div id=\"selector_distance\" onclick=\"showhide_selector(&#39;distance&#39;);\" class=\"selector active\">\n                        <div class=\"checkbox\"><\/div><img decoding=\"async\" src=\"\/wp-content\/themes\/eclipse360\/assets\/flightpath\/distance.png\" alt=\"Distance Markers\">Distance Markers<\/div>\n                    <div id=\"selector_sign\" onclick=\"showhide_selector(&#39;sign&#39;);\" class=\"selector active\" style=\"color: #000;\">\n                        <div class=\"checkbox\"><\/div><img decoding=\"async\" src=\"\/wp-content\/themes\/eclipse360\/assets\/flightpath\/sign.png\" alt=\"Flight Path Feature Sign\">Flight Path Feature Sign<\/div>\n                <\/div>\n            <\/div>\n            <div id=\"maplink\">\n                <div class=\"distinfo\">Total Distance: 9.3KM<\/div>\n                <div class=\"pdf\"><a href=\"\/wp-content\/themes\/eclipse360\/assets\/flightpath\/YYJ-Flight-Path-Inteactive-Map.pdf\" target=\"_new\"><img loading=\"lazy\" decoding=\"async\" src=\"\/wp-content\/themes\/eclipse360\/assets\/flightpath\/pdf.png\" width=\"27\" height=\"33\" alt=\"PDF\"><\/a><\/div>\n                <div class=\"pdflink\"><a href=\"\/wp-content\/themes\/eclipse360\/assets\/flightpath\/YYJ-Flight-Path-Inteactive-Map.pdf\" target=\"_new\">Printer-Friendly Map<\/a><\/div>\n                <div class=\"pdf2\"><a href=\"\/wp-content\/themes\/eclipse360\/assets\/flightpath\/YYJ-Flight-Path-Etiquette.pdf\" target=\"_new\"><img loading=\"lazy\" decoding=\"async\" src=\"\/wp-content\/themes\/eclipse360\/assets\/flightpath\/pdf.png\" width=\"27\" height=\"33\" alt=\"PDF\"><\/a><\/div>\n                <div class=\"pdflink2\"><a href=\"\/wp-content\/themes\/eclipse360\/assets\/flightpath\/YYJ-Flight-Path-Etiquette.pdf\" target=\"_new\">Flight Path Etiquette<\/a><\/div>\n            <\/div>\n        <\/div>\n    <\/div>\n<\/div>\n\n    <\/div>\n<\/section>\n<figure class=\"wp-block-gallery has-nested-images columns-default is-cropped wp-block-gallery-1 is-layout-flex wp-block-gallery-is-layout-flex\">\n<figure class=\"wp-block-image size-full\"><img loading=\"lazy\" decoding=\"async\" width=\"1920\" height=\"1277\" data-id=\"3730\" src=\"https:\/\/yyj.ca\/wp-content\/uploads\/2022\/11\/DSC_0081_1920.jpg\" alt=\"\" class=\"wp-image-3730\" srcset=\"https:\/\/yyj.ca\/wp-content\/uploads\/2022\/11\/DSC_0081_1920.jpg 1920w, https:\/\/yyj.ca\/wp-content\/uploads\/2022\/11\/DSC_0081_1920-300x200.jpg 300w, https:\/\/yyj.ca\/wp-content\/uploads\/2022\/11\/DSC_0081_1920-1024x681.jpg 1024w, https:\/\/yyj.ca\/wp-content\/uploads\/2022\/11\/DSC_0081_1920-1536x1022.jpg 1536w\" sizes=\"auto, (max-width: 1920px) 100vw, 1920px\" \/><\/figure>\n\n\n\n<figure class=\"wp-block-image size-full\"><img loading=\"lazy\" decoding=\"async\" width=\"1140\" height=\"1140\" data-id=\"11487\" src=\"https:\/\/aeroportdevictoria.com\/wp-content\/uploads\/2025\/01\/Camassiaquamash_Custom_1400x.webp\" alt=\"\" class=\"wp-image-11487\" srcset=\"https:\/\/yyj.ca\/wp-content\/uploads\/2025\/01\/Camassiaquamash_Custom_1400x.webp 1140w, https:\/\/yyj.ca\/wp-content\/uploads\/2025\/01\/Camassiaquamash_Custom_1400x-300x300.webp 300w, https:\/\/yyj.ca\/wp-content\/uploads\/2025\/01\/Camassiaquamash_Custom_1400x-1024x1024.webp 1024w, https:\/\/yyj.ca\/wp-content\/uploads\/2025\/01\/Camassiaquamash_Custom_1400x-150x150.webp 150w, https:\/\/yyj.ca\/wp-content\/uploads\/2025\/01\/Camassiaquamash_Custom_1400x-400x400.webp 400w, https:\/\/yyj.ca\/wp-content\/uploads\/2025\/01\/Camassiaquamash_Custom_1400x-800x800.webp 800w, https:\/\/yyj.ca\/wp-content\/uploads\/2025\/01\/Camassiaquamash_Custom_1400x-600x600.webp 600w\" sizes=\"auto, (max-width: 1140px) 100vw, 1140px\" \/><figcaption class=\"wp-element-caption\">Source : P\u00e9pini\u00e8res Satinflower<\/figcaption><\/figure>\n\n\n\n<figure class=\"wp-block-image size-full\"><img loading=\"lazy\" decoding=\"async\" width=\"730\" height=\"485\" data-id=\"3729\" src=\"https:\/\/yyj.ca\/wp-content\/uploads\/2022\/11\/FlightPath_2_730_1920.jpg\" alt=\"\" class=\"wp-image-3729\" srcset=\"https:\/\/yyj.ca\/wp-content\/uploads\/2022\/11\/FlightPath_2_730_1920.jpg 730w, https:\/\/yyj.ca\/wp-content\/uploads\/2022\/11\/FlightPath_2_730_1920-300x199.jpg 300w\" sizes=\"auto, (max-width: 730px) 100vw, 730px\" \/><\/figure>\n<\/figure>\n\n<p><\/p>\n","protected":false},"excerpt":{"rendered":"","protected":false},"author":1,"featured_media":0,"parent":6953,"menu_order":54,"comment_status":"closed","ping_status":"closed","template":"","meta":{"_acf_changed":false,"footnotes":""},"class_list":["post-6868","page","type-page","status-publish","hentry"],"acf":[],"yoast_head":"<!-- This site is optimized with the Yoast SEO plugin v27.3 - https:\/\/yoast.com\/product\/yoast-seo-wordpress\/ -->\n<title>La carte interactive de la trajectoire de vol - Victoria Airport Authority<\/title>\n<meta name=\"robots\" content=\"index, follow, max-snippet:-1, max-image-preview:large, max-video-preview:-1\" \/>\n<link rel=\"canonical\" href=\"https:\/\/yyj.ca\/fr\/engagement-communautaire\/la-carte-interactive-de-la-trajectoire-de-vol\/\" \/>\n<meta property=\"og:locale\" content=\"fr_FR\" \/>\n<meta property=\"og:type\" content=\"article\" \/>\n<meta property=\"og:title\" content=\"La carte interactive de la trajectoire de vol - Victoria Airport Authority\" \/>\n<meta property=\"og:url\" content=\"https:\/\/yyj.ca\/fr\/engagement-communautaire\/la-carte-interactive-de-la-trajectoire-de-vol\/\" \/>\n<meta property=\"og:site_name\" content=\"Victoria Airport Authority\" \/>\n<meta property=\"article:modified_time\" content=\"2025-09-22T20:46:27+00:00\" \/>\n<meta property=\"og:image\" content=\"https:\/\/yyj.ca\/wp-content\/uploads\/2022\/11\/DSC_0081_1920.jpg\" \/>\n<meta name=\"twitter:card\" content=\"summary_large_image\" \/>\n<meta name=\"twitter:label1\" content=\"Dur\u00e9e de lecture estim\u00e9e\" \/>\n\t<meta name=\"twitter:data1\" content=\"1 minute\" \/>\n<script type=\"application\/ld+json\" class=\"yoast-schema-graph\">{\"@context\":\"https:\\\/\\\/schema.org\",\"@graph\":[{\"@type\":\"WebPage\",\"@id\":\"https:\\\/\\\/yyj.ca\\\/fr\\\/engagement-communautaire\\\/la-carte-interactive-de-la-trajectoire-de-vol\\\/\",\"url\":\"https:\\\/\\\/yyj.ca\\\/fr\\\/engagement-communautaire\\\/la-carte-interactive-de-la-trajectoire-de-vol\\\/\",\"name\":\"La carte interactive de la trajectoire de vol - Victoria Airport Authority\",\"isPartOf\":{\"@id\":\"https:\\\/\\\/yyj.ca\\\/fr\\\/#website\"},\"primaryImageOfPage\":{\"@id\":\"https:\\\/\\\/yyj.ca\\\/fr\\\/engagement-communautaire\\\/la-carte-interactive-de-la-trajectoire-de-vol\\\/#primaryimage\"},\"image\":{\"@id\":\"https:\\\/\\\/yyj.ca\\\/fr\\\/engagement-communautaire\\\/la-carte-interactive-de-la-trajectoire-de-vol\\\/#primaryimage\"},\"thumbnailUrl\":\"https:\\\/\\\/yyj.ca\\\/wp-content\\\/uploads\\\/2022\\\/11\\\/DSC_0081_1920.jpg\",\"datePublished\":\"2022-10-06T20:14:28+00:00\",\"dateModified\":\"2025-09-22T20:46:27+00:00\",\"breadcrumb\":{\"@id\":\"https:\\\/\\\/yyj.ca\\\/fr\\\/engagement-communautaire\\\/la-carte-interactive-de-la-trajectoire-de-vol\\\/#breadcrumb\"},\"inLanguage\":\"fr-FR\",\"potentialAction\":[{\"@type\":\"ReadAction\",\"target\":[\"https:\\\/\\\/yyj.ca\\\/fr\\\/engagement-communautaire\\\/la-carte-interactive-de-la-trajectoire-de-vol\\\/\"]}]},{\"@type\":\"ImageObject\",\"inLanguage\":\"fr-FR\",\"@id\":\"https:\\\/\\\/yyj.ca\\\/fr\\\/engagement-communautaire\\\/la-carte-interactive-de-la-trajectoire-de-vol\\\/#primaryimage\",\"url\":\"https:\\\/\\\/yyj.ca\\\/wp-content\\\/uploads\\\/2022\\\/11\\\/DSC_0081_1920.jpg\",\"contentUrl\":\"https:\\\/\\\/yyj.ca\\\/wp-content\\\/uploads\\\/2022\\\/11\\\/DSC_0081_1920.jpg\"},{\"@type\":\"BreadcrumbList\",\"@id\":\"https:\\\/\\\/yyj.ca\\\/fr\\\/engagement-communautaire\\\/la-carte-interactive-de-la-trajectoire-de-vol\\\/#breadcrumb\",\"itemListElement\":[{\"@type\":\"ListItem\",\"position\":1,\"name\":\"Home\",\"item\":\"https:\\\/\\\/yyj.ca\\\/fr\\\/\"},{\"@type\":\"ListItem\",\"position\":2,\"name\":\"Engagement communautaire\",\"item\":\"https:\\\/\\\/yyj.ca\\\/fr\\\/engagement-communautaire\\\/\"},{\"@type\":\"ListItem\",\"position\":3,\"name\":\"La carte interactive de la trajectoire de vol\"}]},{\"@type\":\"WebSite\",\"@id\":\"https:\\\/\\\/yyj.ca\\\/fr\\\/#website\",\"url\":\"https:\\\/\\\/yyj.ca\\\/fr\\\/\",\"name\":\"Victoria Airport Authority\",\"description\":\"Victoria International Airport\",\"publisher\":{\"@id\":\"https:\\\/\\\/yyj.ca\\\/fr\\\/#organization\"},\"potentialAction\":[{\"@type\":\"SearchAction\",\"target\":{\"@type\":\"EntryPoint\",\"urlTemplate\":\"https:\\\/\\\/yyj.ca\\\/fr\\\/?s={search_term_string}\"},\"query-input\":{\"@type\":\"PropertyValueSpecification\",\"valueRequired\":true,\"valueName\":\"search_term_string\"}}],\"inLanguage\":\"fr-FR\"},{\"@type\":\"Organization\",\"@id\":\"https:\\\/\\\/yyj.ca\\\/fr\\\/#organization\",\"name\":\"Victoria Inernational Airport\",\"url\":\"https:\\\/\\\/yyj.ca\\\/fr\\\/\",\"logo\":{\"@type\":\"ImageObject\",\"inLanguage\":\"fr-FR\",\"@id\":\"https:\\\/\\\/yyj.ca\\\/fr\\\/#\\\/schema\\\/logo\\\/image\\\/\",\"url\":\"https:\\\/\\\/aeroportdevictoria.com\\\/wp-content\\\/uploads\\\/2023\\\/06\\\/yyj-logo.svg\",\"contentUrl\":\"https:\\\/\\\/aeroportdevictoria.com\\\/wp-content\\\/uploads\\\/2023\\\/06\\\/yyj-logo.svg\",\"width\":378,\"height\":73,\"caption\":\"Victoria Inernational Airport\"},\"image\":{\"@id\":\"https:\\\/\\\/yyj.ca\\\/fr\\\/#\\\/schema\\\/logo\\\/image\\\/\"}}]}<\/script>\n<!-- \/ Yoast SEO plugin. -->","yoast_head_json":{"title":"La carte interactive de la trajectoire de vol - Victoria Airport Authority","robots":{"index":"index","follow":"follow","max-snippet":"max-snippet:-1","max-image-preview":"max-image-preview:large","max-video-preview":"max-video-preview:-1"},"canonical":"https:\/\/yyj.ca\/fr\/engagement-communautaire\/la-carte-interactive-de-la-trajectoire-de-vol\/","og_locale":"fr_FR","og_type":"article","og_title":"La carte interactive de la trajectoire de vol - Victoria Airport Authority","og_url":"https:\/\/yyj.ca\/fr\/engagement-communautaire\/la-carte-interactive-de-la-trajectoire-de-vol\/","og_site_name":"Victoria Airport Authority","article_modified_time":"2025-09-22T20:46:27+00:00","og_image":[{"url":"https:\/\/yyj.ca\/wp-content\/uploads\/2022\/11\/DSC_0081_1920.jpg","type":"","width":"","height":""}],"twitter_card":"summary_large_image","twitter_misc":{"Dur\u00e9e de lecture estim\u00e9e":"1 minute"},"schema":{"@context":"https:\/\/schema.org","@graph":[{"@type":"WebPage","@id":"https:\/\/yyj.ca\/fr\/engagement-communautaire\/la-carte-interactive-de-la-trajectoire-de-vol\/","url":"https:\/\/yyj.ca\/fr\/engagement-communautaire\/la-carte-interactive-de-la-trajectoire-de-vol\/","name":"La carte interactive de la trajectoire de vol - Victoria Airport Authority","isPartOf":{"@id":"https:\/\/yyj.ca\/fr\/#website"},"primaryImageOfPage":{"@id":"https:\/\/yyj.ca\/fr\/engagement-communautaire\/la-carte-interactive-de-la-trajectoire-de-vol\/#primaryimage"},"image":{"@id":"https:\/\/yyj.ca\/fr\/engagement-communautaire\/la-carte-interactive-de-la-trajectoire-de-vol\/#primaryimage"},"thumbnailUrl":"https:\/\/yyj.ca\/wp-content\/uploads\/2022\/11\/DSC_0081_1920.jpg","datePublished":"2022-10-06T20:14:28+00:00","dateModified":"2025-09-22T20:46:27+00:00","breadcrumb":{"@id":"https:\/\/yyj.ca\/fr\/engagement-communautaire\/la-carte-interactive-de-la-trajectoire-de-vol\/#breadcrumb"},"inLanguage":"fr-FR","potentialAction":[{"@type":"ReadAction","target":["https:\/\/yyj.ca\/fr\/engagement-communautaire\/la-carte-interactive-de-la-trajectoire-de-vol\/"]}]},{"@type":"ImageObject","inLanguage":"fr-FR","@id":"https:\/\/yyj.ca\/fr\/engagement-communautaire\/la-carte-interactive-de-la-trajectoire-de-vol\/#primaryimage","url":"https:\/\/yyj.ca\/wp-content\/uploads\/2022\/11\/DSC_0081_1920.jpg","contentUrl":"https:\/\/yyj.ca\/wp-content\/uploads\/2022\/11\/DSC_0081_1920.jpg"},{"@type":"BreadcrumbList","@id":"https:\/\/yyj.ca\/fr\/engagement-communautaire\/la-carte-interactive-de-la-trajectoire-de-vol\/#breadcrumb","itemListElement":[{"@type":"ListItem","position":1,"name":"Home","item":"https:\/\/yyj.ca\/fr\/"},{"@type":"ListItem","position":2,"name":"Engagement communautaire","item":"https:\/\/yyj.ca\/fr\/engagement-communautaire\/"},{"@type":"ListItem","position":3,"name":"La carte interactive de la trajectoire de vol"}]},{"@type":"WebSite","@id":"https:\/\/yyj.ca\/fr\/#website","url":"https:\/\/yyj.ca\/fr\/","name":"Victoria Airport Authority","description":"Victoria International Airport","publisher":{"@id":"https:\/\/yyj.ca\/fr\/#organization"},"potentialAction":[{"@type":"SearchAction","target":{"@type":"EntryPoint","urlTemplate":"https:\/\/yyj.ca\/fr\/?s={search_term_string}"},"query-input":{"@type":"PropertyValueSpecification","valueRequired":true,"valueName":"search_term_string"}}],"inLanguage":"fr-FR"},{"@type":"Organization","@id":"https:\/\/yyj.ca\/fr\/#organization","name":"Victoria Inernational Airport","url":"https:\/\/yyj.ca\/fr\/","logo":{"@type":"ImageObject","inLanguage":"fr-FR","@id":"https:\/\/yyj.ca\/fr\/#\/schema\/logo\/image\/","url":"https:\/\/aeroportdevictoria.com\/wp-content\/uploads\/2023\/06\/yyj-logo.svg","contentUrl":"https:\/\/aeroportdevictoria.com\/wp-content\/uploads\/2023\/06\/yyj-logo.svg","width":378,"height":73,"caption":"Victoria Inernational Airport"},"image":{"@id":"https:\/\/yyj.ca\/fr\/#\/schema\/logo\/image\/"}}]}},"_links":{"self":[{"href":"https:\/\/yyj.ca\/fr\/wp-json\/wp\/v2\/pages\/6868","targetHints":{"allow":["GET"]}}],"collection":[{"href":"https:\/\/yyj.ca\/fr\/wp-json\/wp\/v2\/pages"}],"about":[{"href":"https:\/\/yyj.ca\/fr\/wp-json\/wp\/v2\/types\/page"}],"author":[{"embeddable":true,"href":"https:\/\/yyj.ca\/fr\/wp-json\/wp\/v2\/users\/1"}],"replies":[{"embeddable":true,"href":"https:\/\/yyj.ca\/fr\/wp-json\/wp\/v2\/comments?post=6868"}],"version-history":[{"count":0,"href":"https:\/\/yyj.ca\/fr\/wp-json\/wp\/v2\/pages\/6868\/revisions"}],"up":[{"embeddable":true,"href":"https:\/\/yyj.ca\/fr\/wp-json\/wp\/v2\/pages\/6953"}],"wp:attachment":[{"href":"https:\/\/yyj.ca\/fr\/wp-json\/wp\/v2\/media?parent=6868"}],"curies":[{"name":"wp","href":"https:\/\/api.w.org\/{rel}","templated":true}]}}