{"id":6865,"date":"2022-11-30T16:38:33","date_gmt":"2022-11-30T23:38:33","guid":{"rendered":"https:\/\/yyj.eclipsedev.tk\/politique-de-confidentialite\/"},"modified":"2025-01-23T10:48:41","modified_gmt":"2025-01-23T17:48:41","slug":"politique-de-confidentialite","status":"publish","type":"page","link":"https:\/\/yyj.ca\/fr\/politique-de-confidentialite\/","title":{"rendered":"Politique de confidentialit\u00e9"},"content":{"rendered":"\n<section class=\"banner\">\n            <div class=\"image-wrap\" style=\"background-color: #003E52;\"><\/div>\n       <div class=\"container large\">\n                    <h2 class=\"overline\">Vie priv\u00e9e<\/h2>\n                    <h1>Politique<\/h1>\n                    <\/div>\n    <div class=\"banner-graphic\">\n        <img decoding=\"async\" src=\"\/wp-content\/themes\/eclipse360\/assets\/images\/banner-bottom.svg\" alt=\"banner-graphic\">\n    <\/div>\n<\/section>\n<section class=\"page-intro\">\n    <div class=\"container\">\n        <div class=\"content\"><p>Lorsque vous visitez notre site web, nous prenons des mesures pour respecter et prot\u00e9ger votre vie priv\u00e9e.<\/p>\n<\/div>\n    <\/div>\n<\/section>\n\n<div class=\"wp-block-columns is-layout-flex wp-container-core-columns-is-layout-9d6595d7 wp-block-columns-is-layout-flex\">\n<div class=\"wp-block-column is-layout-flow wp-block-column-is-layout-flow\">\n<p>Un cookie est une information sur la fa\u00e7on dont vous utilisez un site et sur le moment o\u00f9 vous l&rsquo;utilisez, qu&rsquo;un serveur web cr\u00e9e lors de votre visite. Ces donn\u00e9es sont plac\u00e9es sur le disque dur de votre ordinateur sous la forme d&rsquo;un petit fichier texte. Il existe deux types de cookies : les cookies de session et les cookies persistants. Les cookies de session ne sont utilis\u00e9s que pour la dur\u00e9e de votre visite sur le site web. Lorsque vous quittez le site, ils expirent et ne sont plus actifs. Les cookies persistants sont plus permanents et peuvent \u00eatre relus lorsque vous retournez sur le site qui les a plac\u00e9s sur votre ordinateur. Nous n&rsquo;utilisons pas les cookies pour extraire des donn\u00e9es de votre disque dur ou pour obtenir votre adresse \u00e9lectronique ou d&rsquo;autres informations personnelles.<\/p>\n\n\n\n<p>Vous pouvez choisir de ne pas accepter les cookies en param\u00e9trant les options de votre navigateur pour qu&rsquo;il vous informe de l&rsquo;envoi de cookies ou pour qu&rsquo;il les refuse compl\u00e8tement. Notez toutefois qu&rsquo;en refusant les cookies, vous risquez de limiter les fonctionnalit\u00e9s que nous pouvons vous offrir lorsque vous visitez notre site web.<\/p>\n\n\n\n<p>Pour nous aider \u00e0 mieux vous servir, nous recueillons automatiquement des informations g\u00e9n\u00e9riques et non personnelles sur les visites de notre site web. Nous ne recueillons pas d&rsquo;informations personnelles telles que le nom, l&rsquo;\u00e2ge, le num\u00e9ro de t\u00e9l\u00e9phone, l&rsquo;adresse ou l&rsquo;adresse \u00e9lectronique des visiteurs de notre site web. Nous ne recueillons pas d&rsquo;informations sur le profil individuel des visiteurs sur plusieurs sites et n&rsquo;agr\u00e9geons pas d&rsquo;informations provenant d&rsquo;autres sources sur les habitudes de navigation des visiteurs sur plusieurs sites.<\/p>\n\n\n\n<p>Nous recueillons des informations s\u00e9lectionn\u00e9es sur les visiteurs, telles que les adresses IP, les visites des anciens visiteurs, les pages de r\u00e9f\u00e9rence, les pages visit\u00e9es et le temps pass\u00e9 sur le site web. Nous collectons ces informations non personnellement identifiables afin d&rsquo;obtenir une analyse statistique des sch\u00e9mas de trafic des pages web de notre site web, d&rsquo;administrer notre site web et nos serveurs, de permettre l&rsquo;audit de nos services par des tiers et d&rsquo;am\u00e9liorer nos services. Nous collectons des donn\u00e9es sous forme agr\u00e9g\u00e9e, et les donn\u00e9es ne sont pas enregistr\u00e9es ou stock\u00e9es sur les visiteurs individuels.<\/p>\n\n\n\n<p><strong>Questions ou commentaires<\/strong><\/p>\n\n\n\n<p>Nous ferons de notre mieux pour r\u00e9pondre \u00e0 vos questions ou commentaires. Appelez le 250.953.7500, <a href=\"mailto:info@victoriaairport.com\">envoyez-nous un courriel<\/a> ou \u00e9crivez \u00e0 Manager, Corporate Resources at Autorit\u00e9 a\u00e9roportuaire de Victoria 201-1640 Boul. Electra, Sidney, CB, V8L 5V4. Si, apr\u00e8s nous avoir fait part de vos pr\u00e9occupations, vous n&rsquo;\u00eates toujours pas satisfait, vous pouvez d\u00e9poser une plainte aupr\u00e8s du Commissaire \u00e0 la protection de la vie priv\u00e9e du Canada en appelant le 1.800.282.1376 ou en \u00e9crivant au Commissaire \u00e0 la protection de la vie priv\u00e9e du Canada au 112 Kent Street Ottawa, ON K1A 1H3.<\/p>\n<\/div>\n<\/div>\n","protected":false},"excerpt":{"rendered":"<p>Un cookie est une information sur la fa\u00e7on dont vous utilisez un site et sur le moment o\u00f9 vous l&rsquo;utilisez, qu&rsquo;un serveur web cr\u00e9e lors de votre visite. Ces donn\u00e9es sont plac\u00e9es sur le disque dur de votre ordinateur sous la forme d&rsquo;un petit fichier texte. Il existe deux types de cookies : les cookies <a href=\"https:\/\/yyj.ca\/fr\/politique-de-confidentialite\/\" class=\"more-link\">&#8230;<\/a><\/p>\n","protected":false},"author":1,"featured_media":0,"parent":0,"menu_order":0,"comment_status":"closed","ping_status":"closed","template":"","meta":{"_acf_changed":false,"footnotes":""},"class_list":["post-6865","page","type-page","status-publish","hentry"],"acf":[],"yoast_head":"<!-- This site is optimized with the Yoast SEO plugin v27.3 - https:\/\/yoast.com\/product\/yoast-seo-wordpress\/ -->\n<title>Politique de confidentialit\u00e9 - Victoria Airport Authority<\/title>\n<meta name=\"robots\" content=\"index, follow, max-snippet:-1, max-image-preview:large, max-video-preview:-1\" \/>\n<link rel=\"canonical\" href=\"https:\/\/yyj.ca\/fr\/politique-de-confidentialite\/\" \/>\n<meta property=\"og:locale\" content=\"fr_FR\" \/>\n<meta property=\"og:type\" content=\"article\" \/>\n<meta property=\"og:title\" content=\"Politique de confidentialit\u00e9 - Victoria Airport Authority\" \/>\n<meta property=\"og:description\" content=\"Un cookie est une information sur la fa\u00e7on dont vous utilisez un site et sur le moment o\u00f9 vous l&rsquo;utilisez, qu&rsquo;un serveur web cr\u00e9e lors de votre visite. Ces donn\u00e9es sont plac\u00e9es sur le disque dur de votre ordinateur sous la forme d&rsquo;un petit fichier texte. Il existe deux types de cookies : les cookies ...\" \/>\n<meta property=\"og:url\" content=\"https:\/\/yyj.ca\/fr\/politique-de-confidentialite\/\" \/>\n<meta property=\"og:site_name\" content=\"Victoria Airport Authority\" \/>\n<meta property=\"article:modified_time\" content=\"2025-01-23T17:48:41+00:00\" \/>\n<meta name=\"twitter:card\" content=\"summary_large_image\" \/>\n<meta name=\"twitter:label1\" content=\"Dur\u00e9e de lecture estim\u00e9e\" \/>\n\t<meta name=\"twitter:data1\" content=\"2 minutes\" \/>\n<script type=\"application\/ld+json\" class=\"yoast-schema-graph\">{\"@context\":\"https:\\\/\\\/schema.org\",\"@graph\":[{\"@type\":\"WebPage\",\"@id\":\"https:\\\/\\\/yyj.ca\\\/fr\\\/politique-de-confidentialite\\\/\",\"url\":\"https:\\\/\\\/yyj.ca\\\/fr\\\/politique-de-confidentialite\\\/\",\"name\":\"Politique de confidentialit\u00e9 - Victoria Airport Authority\",\"isPartOf\":{\"@id\":\"https:\\\/\\\/yyj.ca\\\/fr\\\/#website\"},\"datePublished\":\"2022-11-30T23:38:33+00:00\",\"dateModified\":\"2025-01-23T17:48:41+00:00\",\"breadcrumb\":{\"@id\":\"https:\\\/\\\/yyj.ca\\\/fr\\\/politique-de-confidentialite\\\/#breadcrumb\"},\"inLanguage\":\"fr-FR\",\"potentialAction\":[{\"@type\":\"ReadAction\",\"target\":[\"https:\\\/\\\/yyj.ca\\\/fr\\\/politique-de-confidentialite\\\/\"]}]},{\"@type\":\"BreadcrumbList\",\"@id\":\"https:\\\/\\\/yyj.ca\\\/fr\\\/politique-de-confidentialite\\\/#breadcrumb\",\"itemListElement\":[{\"@type\":\"ListItem\",\"position\":1,\"name\":\"Home\",\"item\":\"https:\\\/\\\/yyj.ca\\\/fr\\\/\"},{\"@type\":\"ListItem\",\"position\":2,\"name\":\"Politique de confidentialit\u00e9\"}]},{\"@type\":\"WebSite\",\"@id\":\"https:\\\/\\\/yyj.ca\\\/fr\\\/#website\",\"url\":\"https:\\\/\\\/yyj.ca\\\/fr\\\/\",\"name\":\"Victoria Airport Authority\",\"description\":\"Victoria International Airport\",\"publisher\":{\"@id\":\"https:\\\/\\\/yyj.ca\\\/fr\\\/#organization\"},\"potentialAction\":[{\"@type\":\"SearchAction\",\"target\":{\"@type\":\"EntryPoint\",\"urlTemplate\":\"https:\\\/\\\/yyj.ca\\\/fr\\\/?s={search_term_string}\"},\"query-input\":{\"@type\":\"PropertyValueSpecification\",\"valueRequired\":true,\"valueName\":\"search_term_string\"}}],\"inLanguage\":\"fr-FR\"},{\"@type\":\"Organization\",\"@id\":\"https:\\\/\\\/yyj.ca\\\/fr\\\/#organization\",\"name\":\"Victoria Inernational Airport\",\"url\":\"https:\\\/\\\/yyj.ca\\\/fr\\\/\",\"logo\":{\"@type\":\"ImageObject\",\"inLanguage\":\"fr-FR\",\"@id\":\"https:\\\/\\\/yyj.ca\\\/fr\\\/#\\\/schema\\\/logo\\\/image\\\/\",\"url\":\"https:\\\/\\\/aeroportdevictoria.com\\\/wp-content\\\/uploads\\\/2023\\\/06\\\/yyj-logo.svg\",\"contentUrl\":\"https:\\\/\\\/aeroportdevictoria.com\\\/wp-content\\\/uploads\\\/2023\\\/06\\\/yyj-logo.svg\",\"width\":378,\"height\":73,\"caption\":\"Victoria Inernational Airport\"},\"image\":{\"@id\":\"https:\\\/\\\/yyj.ca\\\/fr\\\/#\\\/schema\\\/logo\\\/image\\\/\"}}]}<\/script>\n<!-- \/ Yoast SEO plugin. -->","yoast_head_json":{"title":"Politique de confidentialit\u00e9 - Victoria Airport Authority","robots":{"index":"index","follow":"follow","max-snippet":"max-snippet:-1","max-image-preview":"max-image-preview:large","max-video-preview":"max-video-preview:-1"},"canonical":"https:\/\/yyj.ca\/fr\/politique-de-confidentialite\/","og_locale":"fr_FR","og_type":"article","og_title":"Politique de confidentialit\u00e9 - Victoria Airport Authority","og_description":"Un cookie est une information sur la fa\u00e7on dont vous utilisez un site et sur le moment o\u00f9 vous l&rsquo;utilisez, qu&rsquo;un serveur web cr\u00e9e lors de votre visite. Ces donn\u00e9es sont plac\u00e9es sur le disque dur de votre ordinateur sous la forme d&rsquo;un petit fichier texte. Il existe deux types de cookies : les cookies ...","og_url":"https:\/\/yyj.ca\/fr\/politique-de-confidentialite\/","og_site_name":"Victoria Airport Authority","article_modified_time":"2025-01-23T17:48:41+00:00","twitter_card":"summary_large_image","twitter_misc":{"Dur\u00e9e de lecture estim\u00e9e":"2 minutes"},"schema":{"@context":"https:\/\/schema.org","@graph":[{"@type":"WebPage","@id":"https:\/\/yyj.ca\/fr\/politique-de-confidentialite\/","url":"https:\/\/yyj.ca\/fr\/politique-de-confidentialite\/","name":"Politique de confidentialit\u00e9 - Victoria Airport Authority","isPartOf":{"@id":"https:\/\/yyj.ca\/fr\/#website"},"datePublished":"2022-11-30T23:38:33+00:00","dateModified":"2025-01-23T17:48:41+00:00","breadcrumb":{"@id":"https:\/\/yyj.ca\/fr\/politique-de-confidentialite\/#breadcrumb"},"inLanguage":"fr-FR","potentialAction":[{"@type":"ReadAction","target":["https:\/\/yyj.ca\/fr\/politique-de-confidentialite\/"]}]},{"@type":"BreadcrumbList","@id":"https:\/\/yyj.ca\/fr\/politique-de-confidentialite\/#breadcrumb","itemListElement":[{"@type":"ListItem","position":1,"name":"Home","item":"https:\/\/yyj.ca\/fr\/"},{"@type":"ListItem","position":2,"name":"Politique de confidentialit\u00e9"}]},{"@type":"WebSite","@id":"https:\/\/yyj.ca\/fr\/#website","url":"https:\/\/yyj.ca\/fr\/","name":"Victoria Airport Authority","description":"Victoria International Airport","publisher":{"@id":"https:\/\/yyj.ca\/fr\/#organization"},"potentialAction":[{"@type":"SearchAction","target":{"@type":"EntryPoint","urlTemplate":"https:\/\/yyj.ca\/fr\/?s={search_term_string}"},"query-input":{"@type":"PropertyValueSpecification","valueRequired":true,"valueName":"search_term_string"}}],"inLanguage":"fr-FR"},{"@type":"Organization","@id":"https:\/\/yyj.ca\/fr\/#organization","name":"Victoria Inernational Airport","url":"https:\/\/yyj.ca\/fr\/","logo":{"@type":"ImageObject","inLanguage":"fr-FR","@id":"https:\/\/yyj.ca\/fr\/#\/schema\/logo\/image\/","url":"https:\/\/aeroportdevictoria.com\/wp-content\/uploads\/2023\/06\/yyj-logo.svg","contentUrl":"https:\/\/aeroportdevictoria.com\/wp-content\/uploads\/2023\/06\/yyj-logo.svg","width":378,"height":73,"caption":"Victoria Inernational Airport"},"image":{"@id":"https:\/\/yyj.ca\/fr\/#\/schema\/logo\/image\/"}}]}},"_links":{"self":[{"href":"https:\/\/yyj.ca\/fr\/wp-json\/wp\/v2\/pages\/6865","targetHints":{"allow":["GET"]}}],"collection":[{"href":"https:\/\/yyj.ca\/fr\/wp-json\/wp\/v2\/pages"}],"about":[{"href":"https:\/\/yyj.ca\/fr\/wp-json\/wp\/v2\/types\/page"}],"author":[{"embeddable":true,"href":"https:\/\/yyj.ca\/fr\/wp-json\/wp\/v2\/users\/1"}],"replies":[{"embeddable":true,"href":"https:\/\/yyj.ca\/fr\/wp-json\/wp\/v2\/comments?post=6865"}],"version-history":[{"count":0,"href":"https:\/\/yyj.ca\/fr\/wp-json\/wp\/v2\/pages\/6865\/revisions"}],"wp:attachment":[{"href":"https:\/\/yyj.ca\/fr\/wp-json\/wp\/v2\/media?parent=6865"}],"curies":[{"name":"wp","href":"https:\/\/api.w.org\/{rel}","templated":true}]}}