{"id":6846,"date":"2022-10-06T14:30:51","date_gmt":"2022-10-06T21:30:51","guid":{"rendered":"https:\/\/yyj.eclipsedev.tk\/demandes-de-propositions\/"},"modified":"2026-01-08T12:44:55","modified_gmt":"2026-01-08T19:44:55","slug":"demandes-de-propositions","status":"publish","type":"page","link":"https:\/\/yyj.ca\/fr\/partenariat-avec-nous\/demandes-de-propositions\/","title":{"rendered":"Demandes de propositions"},"content":{"rendered":"\n<section class=\"banner\">\n            <div class=\"image-wrap\">\n            <img fetchpriority=\"high\" decoding=\"async\" width=\"1400\" height=\"933\" src=\"https:\/\/yyj.ca\/wp-content\/uploads\/2023\/03\/YYJ_2023-281.jpg\" class=\"attachment-full size-full\" alt=\"\" loading=\"eager\" srcset=\"https:\/\/yyj.ca\/wp-content\/uploads\/2023\/03\/YYJ_2023-281.jpg 1400w, https:\/\/yyj.ca\/wp-content\/uploads\/2023\/03\/YYJ_2023-281-300x200.jpg 300w, https:\/\/yyj.ca\/wp-content\/uploads\/2023\/03\/YYJ_2023-281-1024x682.jpg 1024w\" sizes=\"(max-width: 1400px) 100vw, 1400px\" \/>        <\/div>\n        <div class=\"container large\">\n                    <h2 class=\"overline\">SOCI\u00c9T\u00c9<\/h2>\n                    <h1>LES DEMANDES DE PROPOSITIONS OU DE QUALIFICATION ET LES APPELS D&rsquo;OFFRES<\/h1>\n                    <\/div>\n    <div class=\"banner-graphic\">\n        <img decoding=\"async\" src=\"\/wp-content\/themes\/eclipse360\/assets\/images\/banner-bottom.svg\" alt=\"banner-graphic\">\n    <\/div>\n<\/section>\n<section class=\"page-intro\">\n    <div class=\"container\">\n        <div class=\"content\"><p>L&rsquo;autorit\u00e9 a\u00e9roportuaire de Victoria lance p\u00e9riodiquement des appels \u00e0 manifestation d&rsquo;int\u00e9r\u00eat, des appels d&rsquo;offres, des demandes de propositions ou des d\u00e9clarations de qualifications pour des projets op\u00e9rationnels.<\/p>\n<p>Cliquez sur le titre de l&rsquo;\u00e9l\u00e9ment ci-dessous pour t\u00e9l\u00e9charger les documents correspondants.<\/p>\n<\/div>\n    <\/div>\n<\/section>\n\n\n<section class=\"block_background dark\" style=\"background-color: ;\">\n        <div class=\"container moyen\">\n        \n<center><table style=\"width: 1260px; margin: 10px auto 60px auto;\"><tr><th style=\"font-weight: bold; text-align: left;\">Demande de qualification (RFQ), proposition (RFP), appel d&rsquo;offres ou manifestation d&rsquo;int\u00e9r\u00eat (EOI)<\/th><th style=\"font-weight: bold; text-align: left;\">Date d&rsquo;\u00e9mission<\/th><th style=\"font-weight: bold; text-align: left;\">Date de cl\u00f4ture  <\/th><th style=\"font-weight: bold; text-align: left;\">Statut<\/th><\/tr><tr style=\"background-color: #daead4; padding: 15px; border-bottom: 1px solid #dadbdd;\"><td><a href=\"https:\/\/aeroportdevictoria.com\/wp-content\/uploads\/2026\/01\/RFP_2026-01-07_IPD-Facilitator-Services-1.pdf\" target=\"_blank\" style=\"color: #003e52;\"> Agrandissement de l\u2019a\u00e9rogare \u2013 Services de facilitation en r\u00e9alisation de projet int\u00e9gr\u00e9e (RPI)<\/a><br \/><\/td><td>Jan 7, 2026<\/td><td>F\u00e9v 6, 2026<\/td><td>Open<\/td><\/tr><tr><td colspan=\"4\" style=\"padding: 0;\"><div style=\"height: 5px;\"><\/div><\/td><\/tr><tr style=\"background-color: #FFFFFF; padding: 15px; border-bottom: 1px solid #dadbdd;\"><td><div style=\"color: #003e52;\">Remplacement du r\u00e9seau et am\u00e9lioration de la cybers\u00e9curit\u00e9<\/div><\/td><td>Ao\u00fbt 27, 2025<\/td><td>Sep 17, 2025<\/td><td>Closed<\/td><\/tr><tr><td colspan=\"4\" style=\"padding: 0;\"><div style=\"height: 5px;\"><\/div><\/td><\/tr><\/table><\/center>\n\n    <\/div>\n<\/section>\n\n\n<figure class=\"wp-block-gallery has-nested-images columns-5 is-cropped wp-block-gallery-1 is-layout-flex wp-block-gallery-is-layout-flex\">\n<figure class=\"wp-block-image size-full\"><img loading=\"lazy\" decoding=\"async\" width=\"750\" height=\"611\" data-id=\"4173\" src=\"https:\/\/yyj.ca\/wp-content\/uploads\/2023\/02\/YYJ_SAMPLE_IMAGES-19.jpg\" alt=\"\" class=\"wp-image-4173\" srcset=\"https:\/\/yyj.ca\/wp-content\/uploads\/2023\/02\/YYJ_SAMPLE_IMAGES-19.jpg 750w, https:\/\/yyj.ca\/wp-content\/uploads\/2023\/02\/YYJ_SAMPLE_IMAGES-19-300x244.jpg 300w\" sizes=\"auto, (max-width: 750px) 100vw, 750px\" \/><\/figure>\n\n\n\n<figure class=\"wp-block-image size-full\"><img loading=\"lazy\" decoding=\"async\" width=\"750\" height=\"500\" data-id=\"4174\" src=\"https:\/\/yyj.ca\/wp-content\/uploads\/2023\/02\/YYJ_SAMPLE_IMAGES.jpg\" alt=\"\" class=\"wp-image-4174\" srcset=\"https:\/\/yyj.ca\/wp-content\/uploads\/2023\/02\/YYJ_SAMPLE_IMAGES.jpg 750w, https:\/\/yyj.ca\/wp-content\/uploads\/2023\/02\/YYJ_SAMPLE_IMAGES-300x200.jpg 300w\" sizes=\"auto, (max-width: 750px) 100vw, 750px\" \/><\/figure>\n\n\n\n<figure class=\"wp-block-image size-large\"><img loading=\"lazy\" decoding=\"async\" width=\"1024\" height=\"682\" data-id=\"4231\" src=\"https:\/\/yyj.ca\/wp-content\/uploads\/2023\/02\/YYJ_2023-229-1024x682.jpg\" alt=\"\" class=\"wp-image-4231\" srcset=\"https:\/\/yyj.ca\/wp-content\/uploads\/2023\/02\/YYJ_2023-229-1024x682.jpg 1024w, https:\/\/yyj.ca\/wp-content\/uploads\/2023\/02\/YYJ_2023-229-300x200.jpg 300w, https:\/\/yyj.ca\/wp-content\/uploads\/2023\/02\/YYJ_2023-229.jpg 1400w\" sizes=\"auto, (max-width: 1024px) 100vw, 1024px\" \/><\/figure>\n\n\n\n<figure class=\"wp-block-image size-full\"><img loading=\"lazy\" decoding=\"async\" width=\"750\" height=\"500\" data-id=\"4175\" src=\"https:\/\/yyj.ca\/wp-content\/uploads\/2023\/02\/YYJ_SAMPLE_IMAGES-6.jpg\" alt=\"\" class=\"wp-image-4175\" srcset=\"https:\/\/yyj.ca\/wp-content\/uploads\/2023\/02\/YYJ_SAMPLE_IMAGES-6.jpg 750w, https:\/\/yyj.ca\/wp-content\/uploads\/2023\/02\/YYJ_SAMPLE_IMAGES-6-300x200.jpg 300w\" sizes=\"auto, (max-width: 750px) 100vw, 750px\" \/><\/figure>\n\n\n\n<figure class=\"wp-block-image size-large\"><img loading=\"lazy\" decoding=\"async\" width=\"1024\" height=\"682\" data-id=\"4230\" src=\"https:\/\/yyj.ca\/wp-content\/uploads\/2023\/02\/YYJ_2023-30-1024x682.jpg\" alt=\"\" class=\"wp-image-4230\" srcset=\"https:\/\/yyj.ca\/wp-content\/uploads\/2023\/02\/YYJ_2023-30-1024x682.jpg 1024w, https:\/\/yyj.ca\/wp-content\/uploads\/2023\/02\/YYJ_2023-30-300x200.jpg 300w, https:\/\/yyj.ca\/wp-content\/uploads\/2023\/02\/YYJ_2023-30.jpg 1400w\" sizes=\"auto, (max-width: 1024px) 100vw, 1024px\" \/><\/figure>\n<\/figure>\n","protected":false},"excerpt":{"rendered":"","protected":false},"author":1,"featured_media":0,"parent":6872,"menu_order":16,"comment_status":"closed","ping_status":"closed","template":"","meta":{"_acf_changed":false,"footnotes":""},"class_list":["post-6846","page","type-page","status-publish","hentry"],"acf":[],"yoast_head":"<!-- This site is optimized with the Yoast SEO plugin v27.3 - https:\/\/yoast.com\/product\/yoast-seo-wordpress\/ -->\n<title>Demandes de propositions - Victoria Airport Authority<\/title>\n<meta name=\"robots\" content=\"index, follow, max-snippet:-1, max-image-preview:large, max-video-preview:-1\" \/>\n<link rel=\"canonical\" href=\"https:\/\/yyj.ca\/fr\/partenariat-avec-nous\/demandes-de-propositions\/\" \/>\n<meta property=\"og:locale\" content=\"fr_FR\" \/>\n<meta property=\"og:type\" content=\"article\" \/>\n<meta property=\"og:title\" content=\"Demandes de propositions - Victoria Airport Authority\" \/>\n<meta property=\"og:url\" content=\"https:\/\/yyj.ca\/fr\/partenariat-avec-nous\/demandes-de-propositions\/\" \/>\n<meta property=\"og:site_name\" content=\"Victoria Airport Authority\" \/>\n<meta property=\"article:modified_time\" content=\"2026-01-08T19:44:55+00:00\" \/>\n<meta name=\"twitter:card\" content=\"summary_large_image\" \/>\n<meta name=\"twitter:label1\" content=\"Dur\u00e9e de lecture estim\u00e9e\" \/>\n\t<meta name=\"twitter:data1\" content=\"1 minute\" \/>\n<script type=\"application\/ld+json\" class=\"yoast-schema-graph\">{\"@context\":\"https:\\\/\\\/schema.org\",\"@graph\":[{\"@type\":\"WebPage\",\"@id\":\"https:\\\/\\\/yyj.ca\\\/fr\\\/partenariat-avec-nous\\\/demandes-de-propositions\\\/\",\"url\":\"https:\\\/\\\/yyj.ca\\\/fr\\\/partenariat-avec-nous\\\/demandes-de-propositions\\\/\",\"name\":\"Demandes de propositions - Victoria Airport Authority\",\"isPartOf\":{\"@id\":\"https:\\\/\\\/yyj.ca\\\/fr\\\/#website\"},\"datePublished\":\"2022-10-06T21:30:51+00:00\",\"dateModified\":\"2026-01-08T19:44:55+00:00\",\"breadcrumb\":{\"@id\":\"https:\\\/\\\/yyj.ca\\\/fr\\\/partenariat-avec-nous\\\/demandes-de-propositions\\\/#breadcrumb\"},\"inLanguage\":\"fr-FR\",\"potentialAction\":[{\"@type\":\"ReadAction\",\"target\":[\"https:\\\/\\\/yyj.ca\\\/fr\\\/partenariat-avec-nous\\\/demandes-de-propositions\\\/\"]}]},{\"@type\":\"BreadcrumbList\",\"@id\":\"https:\\\/\\\/yyj.ca\\\/fr\\\/partenariat-avec-nous\\\/demandes-de-propositions\\\/#breadcrumb\",\"itemListElement\":[{\"@type\":\"ListItem\",\"position\":1,\"name\":\"Home\",\"item\":\"https:\\\/\\\/yyj.ca\\\/fr\\\/\"},{\"@type\":\"ListItem\",\"position\":2,\"name\":\"Partenariat avec nous\",\"item\":\"https:\\\/\\\/yyj.ca\\\/fr\\\/partenariat-avec-nous\\\/\"},{\"@type\":\"ListItem\",\"position\":3,\"name\":\"Demandes de propositions\"}]},{\"@type\":\"WebSite\",\"@id\":\"https:\\\/\\\/yyj.ca\\\/fr\\\/#website\",\"url\":\"https:\\\/\\\/yyj.ca\\\/fr\\\/\",\"name\":\"Victoria Airport Authority\",\"description\":\"Victoria International Airport\",\"publisher\":{\"@id\":\"https:\\\/\\\/yyj.ca\\\/fr\\\/#organization\"},\"potentialAction\":[{\"@type\":\"SearchAction\",\"target\":{\"@type\":\"EntryPoint\",\"urlTemplate\":\"https:\\\/\\\/yyj.ca\\\/fr\\\/?s={search_term_string}\"},\"query-input\":{\"@type\":\"PropertyValueSpecification\",\"valueRequired\":true,\"valueName\":\"search_term_string\"}}],\"inLanguage\":\"fr-FR\"},{\"@type\":\"Organization\",\"@id\":\"https:\\\/\\\/yyj.ca\\\/fr\\\/#organization\",\"name\":\"Victoria Inernational Airport\",\"url\":\"https:\\\/\\\/yyj.ca\\\/fr\\\/\",\"logo\":{\"@type\":\"ImageObject\",\"inLanguage\":\"fr-FR\",\"@id\":\"https:\\\/\\\/yyj.ca\\\/fr\\\/#\\\/schema\\\/logo\\\/image\\\/\",\"url\":\"https:\\\/\\\/aeroportdevictoria.com\\\/wp-content\\\/uploads\\\/2023\\\/06\\\/yyj-logo.svg\",\"contentUrl\":\"https:\\\/\\\/aeroportdevictoria.com\\\/wp-content\\\/uploads\\\/2023\\\/06\\\/yyj-logo.svg\",\"width\":378,\"height\":73,\"caption\":\"Victoria Inernational Airport\"},\"image\":{\"@id\":\"https:\\\/\\\/yyj.ca\\\/fr\\\/#\\\/schema\\\/logo\\\/image\\\/\"}}]}<\/script>\n<!-- \/ Yoast SEO plugin. -->","yoast_head_json":{"title":"Demandes de propositions - Victoria Airport Authority","robots":{"index":"index","follow":"follow","max-snippet":"max-snippet:-1","max-image-preview":"max-image-preview:large","max-video-preview":"max-video-preview:-1"},"canonical":"https:\/\/yyj.ca\/fr\/partenariat-avec-nous\/demandes-de-propositions\/","og_locale":"fr_FR","og_type":"article","og_title":"Demandes de propositions - Victoria Airport Authority","og_url":"https:\/\/yyj.ca\/fr\/partenariat-avec-nous\/demandes-de-propositions\/","og_site_name":"Victoria Airport Authority","article_modified_time":"2026-01-08T19:44:55+00:00","twitter_card":"summary_large_image","twitter_misc":{"Dur\u00e9e de lecture estim\u00e9e":"1 minute"},"schema":{"@context":"https:\/\/schema.org","@graph":[{"@type":"WebPage","@id":"https:\/\/yyj.ca\/fr\/partenariat-avec-nous\/demandes-de-propositions\/","url":"https:\/\/yyj.ca\/fr\/partenariat-avec-nous\/demandes-de-propositions\/","name":"Demandes de propositions - Victoria Airport Authority","isPartOf":{"@id":"https:\/\/yyj.ca\/fr\/#website"},"datePublished":"2022-10-06T21:30:51+00:00","dateModified":"2026-01-08T19:44:55+00:00","breadcrumb":{"@id":"https:\/\/yyj.ca\/fr\/partenariat-avec-nous\/demandes-de-propositions\/#breadcrumb"},"inLanguage":"fr-FR","potentialAction":[{"@type":"ReadAction","target":["https:\/\/yyj.ca\/fr\/partenariat-avec-nous\/demandes-de-propositions\/"]}]},{"@type":"BreadcrumbList","@id":"https:\/\/yyj.ca\/fr\/partenariat-avec-nous\/demandes-de-propositions\/#breadcrumb","itemListElement":[{"@type":"ListItem","position":1,"name":"Home","item":"https:\/\/yyj.ca\/fr\/"},{"@type":"ListItem","position":2,"name":"Partenariat avec nous","item":"https:\/\/yyj.ca\/fr\/partenariat-avec-nous\/"},{"@type":"ListItem","position":3,"name":"Demandes de propositions"}]},{"@type":"WebSite","@id":"https:\/\/yyj.ca\/fr\/#website","url":"https:\/\/yyj.ca\/fr\/","name":"Victoria Airport Authority","description":"Victoria International Airport","publisher":{"@id":"https:\/\/yyj.ca\/fr\/#organization"},"potentialAction":[{"@type":"SearchAction","target":{"@type":"EntryPoint","urlTemplate":"https:\/\/yyj.ca\/fr\/?s={search_term_string}"},"query-input":{"@type":"PropertyValueSpecification","valueRequired":true,"valueName":"search_term_string"}}],"inLanguage":"fr-FR"},{"@type":"Organization","@id":"https:\/\/yyj.ca\/fr\/#organization","name":"Victoria Inernational Airport","url":"https:\/\/yyj.ca\/fr\/","logo":{"@type":"ImageObject","inLanguage":"fr-FR","@id":"https:\/\/yyj.ca\/fr\/#\/schema\/logo\/image\/","url":"https:\/\/aeroportdevictoria.com\/wp-content\/uploads\/2023\/06\/yyj-logo.svg","contentUrl":"https:\/\/aeroportdevictoria.com\/wp-content\/uploads\/2023\/06\/yyj-logo.svg","width":378,"height":73,"caption":"Victoria Inernational Airport"},"image":{"@id":"https:\/\/yyj.ca\/fr\/#\/schema\/logo\/image\/"}}]}},"_links":{"self":[{"href":"https:\/\/yyj.ca\/fr\/wp-json\/wp\/v2\/pages\/6846","targetHints":{"allow":["GET"]}}],"collection":[{"href":"https:\/\/yyj.ca\/fr\/wp-json\/wp\/v2\/pages"}],"about":[{"href":"https:\/\/yyj.ca\/fr\/wp-json\/wp\/v2\/types\/page"}],"author":[{"embeddable":true,"href":"https:\/\/yyj.ca\/fr\/wp-json\/wp\/v2\/users\/1"}],"replies":[{"embeddable":true,"href":"https:\/\/yyj.ca\/fr\/wp-json\/wp\/v2\/comments?post=6846"}],"version-history":[{"count":0,"href":"https:\/\/yyj.ca\/fr\/wp-json\/wp\/v2\/pages\/6846\/revisions"}],"up":[{"embeddable":true,"href":"https:\/\/yyj.ca\/fr\/wp-json\/wp\/v2\/pages\/6872"}],"wp:attachment":[{"href":"https:\/\/yyj.ca\/fr\/wp-json\/wp\/v2\/media?parent=6846"}],"curies":[{"name":"wp","href":"https:\/\/api.w.org\/{rel}","templated":true}]}}