{"id":6845,"date":"2022-10-06T13:26:24","date_gmt":"2022-10-06T20:26:24","guid":{"rendered":"https:\/\/yyj.eclipsedev.tk\/prix-et-accolades-de-yyj\/"},"modified":"2025-02-24T16:03:40","modified_gmt":"2025-02-24T23:03:40","slug":"prix-et-accolades-de-yyj","status":"publish","type":"page","link":"https:\/\/yyj.ca\/fr\/engagement-communautaire\/prix-et-accolades-de-yyj\/","title":{"rendered":"Prix et accolades de YYJ"},"content":{"rendered":"\n<section class=\"banner\">\n            <div class=\"image-wrap\">\n            <img fetchpriority=\"high\" decoding=\"async\" width=\"1702\" height=\"2560\" src=\"https:\/\/yyj.ca\/wp-content\/uploads\/2023\/04\/DSC_0005-scaled.jpg\" class=\"attachment-full size-full\" alt=\"\" loading=\"eager\" srcset=\"https:\/\/yyj.ca\/wp-content\/uploads\/2023\/04\/DSC_0005-scaled.jpg 1702w, https:\/\/yyj.ca\/wp-content\/uploads\/2023\/04\/DSC_0005-199x300.jpg 199w, https:\/\/yyj.ca\/wp-content\/uploads\/2023\/04\/DSC_0005-681x1024.jpg 681w, https:\/\/yyj.ca\/wp-content\/uploads\/2023\/04\/DSC_0005-1021x1536.jpg 1021w, https:\/\/yyj.ca\/wp-content\/uploads\/2023\/04\/DSC_0005-1362x2048.jpg 1362w\" sizes=\"(max-width: 1702px) 100vw, 1702px\" \/>        <\/div>\n        <div class=\"container large\">\n                    <h2 class=\"overline\">Communaut\u00e9<\/h2>\n                    <h1>Prix et accolades de YYJ<\/h1>\n                    <\/div>\n    <div class=\"banner-graphic\">\n        <img decoding=\"async\" src=\"\/wp-content\/themes\/eclipse360\/assets\/images\/banner-bottom.svg\" alt=\"banner-graphic\">\n    <\/div>\n<\/section>\n<section class=\"page-intro\">\n    <div class=\"container\">\n        <div class=\"content\"><p>Chez YYJ, nous sommes fiers de l&rsquo;excellence dont notre personnel et nos partenaires commerciaux font preuve chaque jour dans leur travail. Que nous soyons reconnus pour l&rsquo;efficacit\u00e9 de nos pratiques op\u00e9rationnelles, l&rsquo;excellence de nos services \u00e0 la client\u00e8le, de nos installations ou de notre gestion financi\u00e8re, ces r\u00e9alisations sont le fruit du travail de tous ceux qui, \u00e0 YYJ, s&rsquo;efforcent de faire en sorte que votre exp\u00e9rience de voyage soit la meilleure possible. Apr\u00e8s tout, c&rsquo;est notre <em>vision<\/em>: <strong>\u00eatre le meilleur a\u00e9roport du monde<\/strong>.<\/p>\n<\/div>\n    <\/div>\n<\/section>\n\n\n\n<section class=\"accordions dark\">\n        <div class=\"container\">\n         \n                <div class=\"ac-inner\">\n                            <div class=\"accordion\">\n                    <h4 class=\"ac-trigger flex\">2025<\/h4>\n                    <div class=\"ac-content\"><p><a href=\"https:\/\/aeroportdevictoria.com\/la-victoria-airport-authority-se-classe-parmi-les-meilleurs-employeurs-de-la-c-b-2025\/\">L&rsquo;autorit\u00e9 a\u00e9roportuaire de Victoria reconnue comme l&rsquo;un des meilleurs employeurs de la Colombie-Britannique<\/a><\/p>\n<\/div>\n                <\/div>\n                            <div class=\"accordion\">\n                    <h4 class=\"ac-trigger flex\">2024<\/h4>\n                    <div class=\"ac-content\"><p><a href=\"https:\/\/aeroportdevictoria.com\/lautorite-aeroportuaire-de-victoria-reconnue-comme-lun-des-meilleurs-employeurs-de-la-colombie-britannique\/\">L&rsquo;autorit\u00e9 a\u00e9roportuaire de Victoria reconnue comme l&rsquo;un des meilleurs employeurs de la Colombie-Britannique<\/a><\/p>\n<\/div>\n                <\/div>\n                            <div class=\"accordion\">\n                    <h4 class=\"ac-trigger flex\">2022<\/h4>\n                    <div class=\"ac-content\"><p><a href=\"https:\/\/aeroportdevictoria.com\/laeroport-international-de-victoria-yyj-reconnu-comme-laeroport-le-plus-efficace-damerique-du-nord-avec-moins-de-5-millions-de-passagers-2\/\">L&rsquo;a\u00e9roport international de Victoria (YYJ) reconnu comme l&rsquo;a\u00e9roport le plus efficace d&rsquo;Am\u00e9rique du Nord avec moins de 5 millions de passagers<\/a><\/p>\n<p><a href=\"https:\/\/aeroportdevictoria.com\/laeroport-international-de-victoria-yyj-recoit-le-prix-de-lexcellence-en-matiere-de-concessions-aeroportuaires\/\">L&rsquo;a\u00e9roport international de Victoria (YYJ) re\u00e7oit un prix d&rsquo;excellence pour les concessions a\u00e9roportuaires<\/a><\/p>\n<p><a href=\"https:\/\/aeroportdevictoria.com\/laeroport-international-de-victoria-yyj-recoit-le-prix-du-conseil-international-des-aeroports-aci-pour-les-meilleures-mesures-dhygiene-en-amerique-du-nord\/\">L&rsquo;a\u00e9roport international de Victoria (YYJ) a re\u00e7u le prix du Conseil international des a\u00e9roports (ACI) pour les meilleures mesures d&rsquo;hygi\u00e8ne en Am\u00e9rique du Nord.<\/a><\/p>\n<p><a href=\"https:\/\/aeroportdevictoria.com\/lautorite-aeroportuaire-de-victoria-vaa-reconnue-comme-lun-des-meilleurs-employeurs-en-colombie-britannique\/\">L&rsquo;Administration de l&rsquo;a\u00e9roport de Victoria (VAA) reconnue comme l&rsquo;un des meilleurs employeurs en Colombie-Britannique<\/a> <\/p>\n<\/div>\n                <\/div>\n                            <div class=\"accordion\">\n                    <h4 class=\"ac-trigger flex\">2021<\/h4>\n                    <div class=\"ac-content\"><p><a href=\"https:\/\/aeroportdevictoria.com\/lautorite-aeroportuaire-de-victoria-reconnue-comme-lun-des-meilleurs-employeurs-de-la-colombie-britannique\/\">L&rsquo;administration a\u00e9roportuaire de Victoria est reconnue comme l&rsquo;un des meilleurs employeurs de la C.-B.<\/a><\/p>\n<p><a href=\"https:\/\/aeroportdevictoria.com\/laeroport-international-de-victoria-yyj-obtient-la-certification-or-en-matiere-daccessibilite-de-la-fondation-rick-hansen\/\">L&rsquo;a\u00e9roport international de Victoria (YYJ) obtient la certification d&rsquo;accessibilit\u00e9 Or de la Fondation Rick Hansen<\/a><\/p>\n<\/div>\n                <\/div>\n                            <div class=\"accordion\">\n                    <h4 class=\"ac-trigger flex\">2020<\/h4>\n                    <div class=\"ac-content\"><p><a href=\"https:\/\/aeroportdevictoria.com\/laeroport-international-de-victoria-yyj-obtient-lagrement-sanitaire\/\">L&rsquo;a\u00e9roport international de Victoria (YYJ) obtient l&rsquo;accr\u00e9ditation en mati\u00e8re de sant\u00e9<\/a><\/p>\n<p><a href=\"https:\/\/yyj.ca\/victoria-international-airport-yyj-recognized-as-most-efficient-airport-with-under-5-million-passengers-in-north-america\/\">L&rsquo;a\u00e9roport international de Victoria (YYJ) est reconnu comme l&rsquo;a\u00e9roport le plus efficace d&rsquo;Am\u00e9rique du Nord avec moins de 5 millions de passagers<\/a><\/p>\n<p><a href=\"https:\/\/aeroportdevictoria.com\/lautorite-aeroportuaire-de-victoria-reconnue-comme-lun-des-meilleurs-employeurs-de-la-colombie-britannique\/\">L&rsquo;autorit\u00e9 a\u00e9roportuaire de Victoria reconnue comme l&rsquo;un des meilleurs employeurs de la Colombie-Britannique<\/a><\/p>\n<\/div>\n                <\/div>\n                            <div class=\"accordion\">\n                    <h4 class=\"ac-trigger flex\">2019<\/h4>\n                    <div class=\"ac-content\"><p><a href=\"https:\/\/aeroportdevictoria.com\/lautorite-aeroportuaire-de-victoria-obtient-le-niveau-2-de-lairport-carbon-accreditation\/\">L&rsquo;autorit\u00e9 a\u00e9roportuaire de Victoria obtient le niveau 2 de l&rsquo;Airport Carbon Accreditation<\/a><\/p>\n<\/div>\n                <\/div>\n                            <div class=\"accordion\">\n                    <h4 class=\"ac-trigger flex\">2018<\/h4>\n                    <div class=\"ac-content\"><p><a href=\"https:\/\/aeroportdevictoria.com\/lautorite-aeroportuaire-de-victoria-recoit-le-prix-environnemental-du-british-columbia-aviation-council-bcac-pour-lassainissement-du-ruisseau-tenten\/\">L&rsquo;autorit\u00e9 a\u00e9roportuaire de Victoria re\u00e7oit le prix environnemental du British Columbia Aviation Council (BCAC) pour l&rsquo;assainissement du ruisseau TenTen<\/a><\/p>\n<\/div>\n                <\/div>\n                            <div class=\"accordion\">\n                    <h4 class=\"ac-trigger flex\">2017<\/h4>\n                    <div class=\"ac-content\"><p><a href=\"https:\/\/aeroportdevictoria.com\/lautorite-aeroportuaire-de-victoria-remporte-le-prix-ecostar-2017\/\">L&rsquo;autorit\u00e9 a\u00e9roportuaire de Victoria remporte le prix EcoStar 2017<\/a><\/p>\n<\/div>\n                <\/div>\n                            <div class=\"accordion\">\n                    <h4 class=\"ac-trigger flex\">2015<\/h4>\n                    <div class=\"ac-content\"><p><a href=\"https:\/\/aeroportdevictoria.com\/laeroport-international-de-victoria-recoit-a-nouveau-le-prestigieux-prix-du-service-a-la-clientele\/\">L&rsquo;a\u00e9roport international de Victoria re\u00e7oit \u00e0 nouveau le prestigieux prix du service \u00e0 la client\u00e8le<\/a><\/p>\n<\/div>\n                <\/div>\n                    <\/div>\n    <\/div>\n<\/section>\n\n\n<figure class=\"wp-block-gallery has-nested-images columns-5 is-cropped wp-block-gallery-1 is-layout-flex wp-block-gallery-is-layout-flex\">\n<figure class=\"wp-block-image size-full\"><img loading=\"lazy\" decoding=\"async\" width=\"750\" height=\"611\" data-id=\"4173\" src=\"https:\/\/yyj.ca\/wp-content\/uploads\/2023\/02\/YYJ_SAMPLE_IMAGES-19.jpg\" alt=\"\" class=\"wp-image-4173\" srcset=\"https:\/\/yyj.ca\/wp-content\/uploads\/2023\/02\/YYJ_SAMPLE_IMAGES-19.jpg 750w, https:\/\/yyj.ca\/wp-content\/uploads\/2023\/02\/YYJ_SAMPLE_IMAGES-19-300x244.jpg 300w\" sizes=\"auto, (max-width: 750px) 100vw, 750px\" \/><\/figure>\n\n\n\n<figure class=\"wp-block-image size-full\"><img loading=\"lazy\" decoding=\"async\" width=\"750\" height=\"500\" data-id=\"4174\" src=\"https:\/\/yyj.ca\/wp-content\/uploads\/2023\/02\/YYJ_SAMPLE_IMAGES.jpg\" alt=\"\" class=\"wp-image-4174\" srcset=\"https:\/\/yyj.ca\/wp-content\/uploads\/2023\/02\/YYJ_SAMPLE_IMAGES.jpg 750w, https:\/\/yyj.ca\/wp-content\/uploads\/2023\/02\/YYJ_SAMPLE_IMAGES-300x200.jpg 300w\" sizes=\"auto, (max-width: 750px) 100vw, 750px\" \/><\/figure>\n\n\n\n<figure class=\"wp-block-image size-large\"><img loading=\"lazy\" decoding=\"async\" width=\"1024\" height=\"682\" data-id=\"4231\" src=\"https:\/\/yyj.ca\/wp-content\/uploads\/2023\/02\/YYJ_2023-229-1024x682.jpg\" alt=\"\" class=\"wp-image-4231\" srcset=\"https:\/\/yyj.ca\/wp-content\/uploads\/2023\/02\/YYJ_2023-229-1024x682.jpg 1024w, https:\/\/yyj.ca\/wp-content\/uploads\/2023\/02\/YYJ_2023-229-300x200.jpg 300w, https:\/\/yyj.ca\/wp-content\/uploads\/2023\/02\/YYJ_2023-229.jpg 1400w\" sizes=\"auto, (max-width: 1024px) 100vw, 1024px\" \/><\/figure>\n\n\n\n<figure class=\"wp-block-image size-full\"><img loading=\"lazy\" decoding=\"async\" width=\"750\" height=\"500\" data-id=\"4175\" src=\"https:\/\/yyj.ca\/wp-content\/uploads\/2023\/02\/YYJ_SAMPLE_IMAGES-6.jpg\" alt=\"\" class=\"wp-image-4175\" srcset=\"https:\/\/yyj.ca\/wp-content\/uploads\/2023\/02\/YYJ_SAMPLE_IMAGES-6.jpg 750w, https:\/\/yyj.ca\/wp-content\/uploads\/2023\/02\/YYJ_SAMPLE_IMAGES-6-300x200.jpg 300w\" sizes=\"auto, (max-width: 750px) 100vw, 750px\" \/><\/figure>\n\n\n\n<figure class=\"wp-block-image size-large\"><img loading=\"lazy\" decoding=\"async\" width=\"1024\" height=\"682\" data-id=\"4230\" src=\"https:\/\/yyj.ca\/wp-content\/uploads\/2023\/02\/YYJ_2023-30-1024x682.jpg\" alt=\"\" class=\"wp-image-4230\" srcset=\"https:\/\/yyj.ca\/wp-content\/uploads\/2023\/02\/YYJ_2023-30-1024x682.jpg 1024w, https:\/\/yyj.ca\/wp-content\/uploads\/2023\/02\/YYJ_2023-30-300x200.jpg 300w, https:\/\/yyj.ca\/wp-content\/uploads\/2023\/02\/YYJ_2023-30.jpg 1400w\" sizes=\"auto, (max-width: 1024px) 100vw, 1024px\" \/><\/figure>\n<\/figure>\n","protected":false},"excerpt":{"rendered":"","protected":false},"author":1,"featured_media":0,"parent":6953,"menu_order":48,"comment_status":"closed","ping_status":"closed","template":"","meta":{"_acf_changed":false,"footnotes":""},"class_list":["post-6845","page","type-page","status-publish","hentry"],"acf":[],"yoast_head":"<!-- This site is optimized with the Yoast SEO plugin v27.3 - https:\/\/yoast.com\/product\/yoast-seo-wordpress\/ -->\n<title>Prix et accolades de YYJ - Victoria Airport Authority<\/title>\n<meta name=\"robots\" content=\"index, follow, max-snippet:-1, max-image-preview:large, max-video-preview:-1\" \/>\n<link rel=\"canonical\" href=\"https:\/\/yyj.ca\/fr\/engagement-communautaire\/prix-et-accolades-de-yyj\/\" \/>\n<meta property=\"og:locale\" content=\"fr_FR\" \/>\n<meta property=\"og:type\" content=\"article\" \/>\n<meta property=\"og:title\" content=\"Prix et accolades de YYJ - Victoria Airport Authority\" \/>\n<meta property=\"og:url\" content=\"https:\/\/yyj.ca\/fr\/engagement-communautaire\/prix-et-accolades-de-yyj\/\" \/>\n<meta property=\"og:site_name\" content=\"Victoria Airport Authority\" \/>\n<meta property=\"article:modified_time\" content=\"2025-02-24T23:03:40+00:00\" \/>\n<meta name=\"twitter:card\" content=\"summary_large_image\" \/>\n<meta name=\"twitter:label1\" content=\"Dur\u00e9e de lecture estim\u00e9e\" \/>\n\t<meta name=\"twitter:data1\" content=\"1 minute\" \/>\n<script type=\"application\/ld+json\" class=\"yoast-schema-graph\">{\"@context\":\"https:\\\/\\\/schema.org\",\"@graph\":[{\"@type\":\"WebPage\",\"@id\":\"https:\\\/\\\/yyj.ca\\\/fr\\\/engagement-communautaire\\\/prix-et-accolades-de-yyj\\\/\",\"url\":\"https:\\\/\\\/yyj.ca\\\/fr\\\/engagement-communautaire\\\/prix-et-accolades-de-yyj\\\/\",\"name\":\"Prix et accolades de YYJ - Victoria Airport Authority\",\"isPartOf\":{\"@id\":\"https:\\\/\\\/yyj.ca\\\/fr\\\/#website\"},\"datePublished\":\"2022-10-06T20:26:24+00:00\",\"dateModified\":\"2025-02-24T23:03:40+00:00\",\"breadcrumb\":{\"@id\":\"https:\\\/\\\/yyj.ca\\\/fr\\\/engagement-communautaire\\\/prix-et-accolades-de-yyj\\\/#breadcrumb\"},\"inLanguage\":\"fr-FR\",\"potentialAction\":[{\"@type\":\"ReadAction\",\"target\":[\"https:\\\/\\\/yyj.ca\\\/fr\\\/engagement-communautaire\\\/prix-et-accolades-de-yyj\\\/\"]}]},{\"@type\":\"BreadcrumbList\",\"@id\":\"https:\\\/\\\/yyj.ca\\\/fr\\\/engagement-communautaire\\\/prix-et-accolades-de-yyj\\\/#breadcrumb\",\"itemListElement\":[{\"@type\":\"ListItem\",\"position\":1,\"name\":\"Home\",\"item\":\"https:\\\/\\\/yyj.ca\\\/fr\\\/\"},{\"@type\":\"ListItem\",\"position\":2,\"name\":\"Engagement communautaire\",\"item\":\"https:\\\/\\\/yyj.ca\\\/fr\\\/engagement-communautaire\\\/\"},{\"@type\":\"ListItem\",\"position\":3,\"name\":\"Prix et accolades de YYJ\"}]},{\"@type\":\"WebSite\",\"@id\":\"https:\\\/\\\/yyj.ca\\\/fr\\\/#website\",\"url\":\"https:\\\/\\\/yyj.ca\\\/fr\\\/\",\"name\":\"Victoria Airport Authority\",\"description\":\"Victoria International Airport\",\"publisher\":{\"@id\":\"https:\\\/\\\/yyj.ca\\\/fr\\\/#organization\"},\"potentialAction\":[{\"@type\":\"SearchAction\",\"target\":{\"@type\":\"EntryPoint\",\"urlTemplate\":\"https:\\\/\\\/yyj.ca\\\/fr\\\/?s={search_term_string}\"},\"query-input\":{\"@type\":\"PropertyValueSpecification\",\"valueRequired\":true,\"valueName\":\"search_term_string\"}}],\"inLanguage\":\"fr-FR\"},{\"@type\":\"Organization\",\"@id\":\"https:\\\/\\\/yyj.ca\\\/fr\\\/#organization\",\"name\":\"Victoria Inernational Airport\",\"url\":\"https:\\\/\\\/yyj.ca\\\/fr\\\/\",\"logo\":{\"@type\":\"ImageObject\",\"inLanguage\":\"fr-FR\",\"@id\":\"https:\\\/\\\/yyj.ca\\\/fr\\\/#\\\/schema\\\/logo\\\/image\\\/\",\"url\":\"https:\\\/\\\/aeroportdevictoria.com\\\/wp-content\\\/uploads\\\/2023\\\/06\\\/yyj-logo.svg\",\"contentUrl\":\"https:\\\/\\\/aeroportdevictoria.com\\\/wp-content\\\/uploads\\\/2023\\\/06\\\/yyj-logo.svg\",\"width\":378,\"height\":73,\"caption\":\"Victoria Inernational Airport\"},\"image\":{\"@id\":\"https:\\\/\\\/yyj.ca\\\/fr\\\/#\\\/schema\\\/logo\\\/image\\\/\"}}]}<\/script>\n<!-- \/ Yoast SEO plugin. -->","yoast_head_json":{"title":"Prix et accolades de YYJ - Victoria Airport Authority","robots":{"index":"index","follow":"follow","max-snippet":"max-snippet:-1","max-image-preview":"max-image-preview:large","max-video-preview":"max-video-preview:-1"},"canonical":"https:\/\/yyj.ca\/fr\/engagement-communautaire\/prix-et-accolades-de-yyj\/","og_locale":"fr_FR","og_type":"article","og_title":"Prix et accolades de YYJ - Victoria Airport Authority","og_url":"https:\/\/yyj.ca\/fr\/engagement-communautaire\/prix-et-accolades-de-yyj\/","og_site_name":"Victoria Airport Authority","article_modified_time":"2025-02-24T23:03:40+00:00","twitter_card":"summary_large_image","twitter_misc":{"Dur\u00e9e de lecture estim\u00e9e":"1 minute"},"schema":{"@context":"https:\/\/schema.org","@graph":[{"@type":"WebPage","@id":"https:\/\/yyj.ca\/fr\/engagement-communautaire\/prix-et-accolades-de-yyj\/","url":"https:\/\/yyj.ca\/fr\/engagement-communautaire\/prix-et-accolades-de-yyj\/","name":"Prix et accolades de YYJ - Victoria Airport Authority","isPartOf":{"@id":"https:\/\/yyj.ca\/fr\/#website"},"datePublished":"2022-10-06T20:26:24+00:00","dateModified":"2025-02-24T23:03:40+00:00","breadcrumb":{"@id":"https:\/\/yyj.ca\/fr\/engagement-communautaire\/prix-et-accolades-de-yyj\/#breadcrumb"},"inLanguage":"fr-FR","potentialAction":[{"@type":"ReadAction","target":["https:\/\/yyj.ca\/fr\/engagement-communautaire\/prix-et-accolades-de-yyj\/"]}]},{"@type":"BreadcrumbList","@id":"https:\/\/yyj.ca\/fr\/engagement-communautaire\/prix-et-accolades-de-yyj\/#breadcrumb","itemListElement":[{"@type":"ListItem","position":1,"name":"Home","item":"https:\/\/yyj.ca\/fr\/"},{"@type":"ListItem","position":2,"name":"Engagement communautaire","item":"https:\/\/yyj.ca\/fr\/engagement-communautaire\/"},{"@type":"ListItem","position":3,"name":"Prix et accolades de YYJ"}]},{"@type":"WebSite","@id":"https:\/\/yyj.ca\/fr\/#website","url":"https:\/\/yyj.ca\/fr\/","name":"Victoria Airport Authority","description":"Victoria International Airport","publisher":{"@id":"https:\/\/yyj.ca\/fr\/#organization"},"potentialAction":[{"@type":"SearchAction","target":{"@type":"EntryPoint","urlTemplate":"https:\/\/yyj.ca\/fr\/?s={search_term_string}"},"query-input":{"@type":"PropertyValueSpecification","valueRequired":true,"valueName":"search_term_string"}}],"inLanguage":"fr-FR"},{"@type":"Organization","@id":"https:\/\/yyj.ca\/fr\/#organization","name":"Victoria Inernational Airport","url":"https:\/\/yyj.ca\/fr\/","logo":{"@type":"ImageObject","inLanguage":"fr-FR","@id":"https:\/\/yyj.ca\/fr\/#\/schema\/logo\/image\/","url":"https:\/\/aeroportdevictoria.com\/wp-content\/uploads\/2023\/06\/yyj-logo.svg","contentUrl":"https:\/\/aeroportdevictoria.com\/wp-content\/uploads\/2023\/06\/yyj-logo.svg","width":378,"height":73,"caption":"Victoria Inernational Airport"},"image":{"@id":"https:\/\/yyj.ca\/fr\/#\/schema\/logo\/image\/"}}]}},"_links":{"self":[{"href":"https:\/\/yyj.ca\/fr\/wp-json\/wp\/v2\/pages\/6845","targetHints":{"allow":["GET"]}}],"collection":[{"href":"https:\/\/yyj.ca\/fr\/wp-json\/wp\/v2\/pages"}],"about":[{"href":"https:\/\/yyj.ca\/fr\/wp-json\/wp\/v2\/types\/page"}],"author":[{"embeddable":true,"href":"https:\/\/yyj.ca\/fr\/wp-json\/wp\/v2\/users\/1"}],"replies":[{"embeddable":true,"href":"https:\/\/yyj.ca\/fr\/wp-json\/wp\/v2\/comments?post=6845"}],"version-history":[{"count":0,"href":"https:\/\/yyj.ca\/fr\/wp-json\/wp\/v2\/pages\/6845\/revisions"}],"up":[{"embeddable":true,"href":"https:\/\/yyj.ca\/fr\/wp-json\/wp\/v2\/pages\/6953"}],"wp:attachment":[{"href":"https:\/\/yyj.ca\/fr\/wp-json\/wp\/v2\/media?parent=6845"}],"curies":[{"name":"wp","href":"https:\/\/api.w.org\/{rel}","templated":true}]}}