{"id":6843,"date":"2022-10-18T13:34:39","date_gmt":"2022-10-18T20:34:39","guid":{"rendered":"https:\/\/yyj.eclipsedev.tk\/environnement-et-developpement-durable\/"},"modified":"2025-01-28T11:22:05","modified_gmt":"2025-01-28T18:22:05","slug":"environnement-et-developpement-durable","status":"publish","type":"page","link":"https:\/\/yyj.ca\/fr\/environnement-et-developpement-durable\/","title":{"rendered":"Environnement et d\u00e9veloppement durable"},"content":{"rendered":"\n<section class=\"banner\">\n            <div class=\"image-wrap\">\n            <img fetchpriority=\"high\" decoding=\"async\" width=\"1400\" height=\"933\" src=\"https:\/\/yyj.ca\/wp-content\/uploads\/2023\/02\/YYJ_2023-172.jpg\" class=\"attachment-full size-full\" alt=\"\" loading=\"eager\" srcset=\"https:\/\/yyj.ca\/wp-content\/uploads\/2023\/02\/YYJ_2023-172.jpg 1400w, https:\/\/yyj.ca\/wp-content\/uploads\/2023\/02\/YYJ_2023-172-300x200.jpg 300w, https:\/\/yyj.ca\/wp-content\/uploads\/2023\/02\/YYJ_2023-172-1024x682.jpg 1024w\" sizes=\"(max-width: 1400px) 100vw, 1400px\" \/>        <\/div>\n        <div class=\"container large\">\n                    <h1>Environnement et d\u00e9veloppement durable<\/h1>\n                    <\/div>\n    <div class=\"banner-graphic\">\n        <img decoding=\"async\" src=\"\/wp-content\/themes\/eclipse360\/assets\/images\/banner-bottom.svg\" alt=\"banner-graphic\">\n    <\/div>\n<\/section>\n<section class=\"page-intro\">\n    <div class=\"container\">\n        <div class=\"content\"><p>Entour\u00e9 d&rsquo;environnements marins c\u00f4tiers, de cours d&rsquo;eau poissonneux et d&rsquo;imposants sapins de Douglas, le cadre unique de l&rsquo;A\u00e9roport international de Victoria nous rappelle chaque jour les \u00e9cosyst\u00e8mes et les communaut\u00e9s avec lesquels nous partageons cet espace. Nous avons beaucoup de raisons d&rsquo;\u00eatre reconnaissants. Nos programmes de surveillance de l&rsquo;environnement et nos travaux de restauration \u00e9cologique se d\u00e9veloppent chaque ann\u00e9e \u00e0 mesure que nous continuons \u00e0 apprendre sur les environnements qui nous entourent et sur nos partenaires communautaires. Au fur et \u00e0 mesure que nos installations a\u00e9roportuaires s&rsquo;agrandissent pour desservir la r\u00e9gion de l&rsquo;\u00eele du Sud, nous nous effor\u00e7ons de minimiser l&rsquo;impact sur l&rsquo;environnement, de rechercher des solutions cr\u00e9atives en mati\u00e8re de d\u00e9veloppement durable et de renforcer la r\u00e9silience de nos infrastructures pour l&rsquo;avenir. Les objectifs de d\u00e9veloppement durable (ODD) des Nations unies sont int\u00e9gr\u00e9s dans nos pratiques, car nous fixons des objectifs ambitieux conformes \u00e0 nos valeurs et \u00e0 nos principes directeurs, et nous nous effor\u00e7ons de devenir \u00e0 l&rsquo;avenir une entreprise \u00e0 \u00e9missions nettes nulles.<\/p>\n<\/div>\n    <\/div>\n<\/section>\n<section class=\"content-slider flex one-col\">\n                    <div class=\"container large\">\n                        <div class=\"slides\" data-animate>\n                            <div class=\"slide\">\n                    <a href=\"https:\/\/yyj.ca\/fr\/environnement-et-developpement-durable\/plan-de-developpement-durable\/\">                        <div class=\"image-wrap\">\n                                                    <img loading=\"lazy\" decoding=\"async\" width=\"800\" height=\"600\" src=\"https:\/\/yyj.ca\/wp-content\/uploads\/2023\/02\/AdobeStock_162906543.jpg\" class=\"attachment-medium-square size-medium-square\" alt=\"\" srcset=\"https:\/\/yyj.ca\/wp-content\/uploads\/2023\/02\/AdobeStock_162906543.jpg 800w, https:\/\/yyj.ca\/wp-content\/uploads\/2023\/02\/AdobeStock_162906543-300x225.jpg 300w\" sizes=\"auto, (max-width: 800px) 100vw, 800px\" \/>                                                <\/div>\n                        <div class=\"tile-content\">\n                                                            <h4>Plan de d\u00e9veloppement durable 2020-2024<\/h4>\n                                                    <\/div>\n                    <\/a>                <\/div>\n                            <div class=\"slide\">\n                    <a href=\"https:\/\/yyj.ca\/fr\/environnement-et-developpement-durable\/gestion-du-bruit\/\">                        <div class=\"image-wrap\">\n                                                    <img loading=\"lazy\" decoding=\"async\" width=\"1200\" height=\"720\" src=\"https:\/\/yyj.ca\/wp-content\/uploads\/2023\/02\/AdobeStock_150585380-1200x720.jpg\" class=\"attachment-medium-square size-medium-square\" alt=\"\" \/>                                                <\/div>\n                        <div class=\"tile-content\">\n                                                            <h4>Gestion du bruit<\/h4>\n                                                    <\/div>\n                    <\/a>                <\/div>\n                            <div class=\"slide\">\n                    <a href=\"https:\/\/yyj.ca\/fr\/environnement-et-developpement-durable\/jardin-des-pollinisateurs\/\">                        <div class=\"image-wrap\">\n                                                    <img loading=\"lazy\" decoding=\"async\" width=\"1200\" height=\"1200\" src=\"https:\/\/yyj.ca\/wp-content\/uploads\/2024\/08\/2-yellow-faced-bumble-bee-on-woolly-sunflower-1200x1200.jpg\" class=\"attachment-medium-square size-medium-square\" alt=\"\" srcset=\"https:\/\/yyj.ca\/wp-content\/uploads\/2024\/08\/2-yellow-faced-bumble-bee-on-woolly-sunflower-1200x1200.jpg 1200w, https:\/\/yyj.ca\/wp-content\/uploads\/2024\/08\/2-yellow-faced-bumble-bee-on-woolly-sunflower-150x150.jpg 150w, https:\/\/yyj.ca\/wp-content\/uploads\/2024\/08\/2-yellow-faced-bumble-bee-on-woolly-sunflower-400x400.jpg 400w, https:\/\/yyj.ca\/wp-content\/uploads\/2024\/08\/2-yellow-faced-bumble-bee-on-woolly-sunflower-800x800.jpg 800w, https:\/\/yyj.ca\/wp-content\/uploads\/2024\/08\/2-yellow-faced-bumble-bee-on-woolly-sunflower-1600x1600.jpg 1600w\" sizes=\"auto, (max-width: 1200px) 100vw, 1200px\" \/>                                                <\/div>\n                        <div class=\"tile-content\">\n                                                            <h4>Jardin pollinisateur YYJ<\/h4>\n                                                    <\/div>\n                    <\/a>                <\/div>\n                        <\/div>\n        <\/div>\n        <div class=\"flyouts\">\n                <div class=\"flyout flyout-slider flex\">\n                <div class=\"close\"><\/div>\n                <div class=\"image-wrap\">\n                                    <\/div>\n                <div class=\"content\">\n                    <div><\/div>\n                <\/div>\n            <\/div>\n                    <div class=\"flyout flyout-slider flex\">\n                <div class=\"close\"><\/div>\n                <div class=\"image-wrap\">\n                                    <\/div>\n                <div class=\"content\">\n                    <div><\/div>\n                <\/div>\n            <\/div>\n                    <div class=\"flyout flyout-slider flex\">\n                <div class=\"close\"><\/div>\n                <div class=\"image-wrap\">\n                                    <\/div>\n                <div class=\"content\">\n                    <div><\/div>\n                <\/div>\n            <\/div>\n            <div>\n<\/section>","protected":false},"excerpt":{"rendered":"","protected":false},"author":1,"featured_media":0,"parent":0,"menu_order":28,"comment_status":"closed","ping_status":"closed","template":"","meta":{"_acf_changed":false,"footnotes":""},"class_list":["post-6843","page","type-page","status-publish","hentry"],"acf":[],"yoast_head":"<!-- This site is optimized with the Yoast SEO plugin v27.3 - https:\/\/yoast.com\/product\/yoast-seo-wordpress\/ -->\n<title>Environnement et d\u00e9veloppement durable - Victoria Airport Authority<\/title>\n<meta name=\"robots\" content=\"index, follow, max-snippet:-1, max-image-preview:large, max-video-preview:-1\" \/>\n<link rel=\"canonical\" href=\"https:\/\/yyj.ca\/fr\/environnement-et-developpement-durable\/\" \/>\n<meta property=\"og:locale\" content=\"fr_FR\" \/>\n<meta property=\"og:type\" content=\"article\" \/>\n<meta property=\"og:title\" content=\"Environnement et d\u00e9veloppement durable - Victoria Airport Authority\" \/>\n<meta property=\"og:url\" content=\"https:\/\/yyj.ca\/fr\/environnement-et-developpement-durable\/\" \/>\n<meta property=\"og:site_name\" content=\"Victoria Airport Authority\" \/>\n<meta property=\"article:modified_time\" content=\"2025-01-28T18:22:05+00:00\" \/>\n<meta name=\"twitter:card\" content=\"summary_large_image\" \/>\n<script type=\"application\/ld+json\" class=\"yoast-schema-graph\">{\"@context\":\"https:\\\/\\\/schema.org\",\"@graph\":[{\"@type\":\"WebPage\",\"@id\":\"https:\\\/\\\/yyj.ca\\\/fr\\\/environnement-et-developpement-durable\\\/\",\"url\":\"https:\\\/\\\/yyj.ca\\\/fr\\\/environnement-et-developpement-durable\\\/\",\"name\":\"Environnement et d\u00e9veloppement durable - Victoria Airport Authority\",\"isPartOf\":{\"@id\":\"https:\\\/\\\/yyj.ca\\\/fr\\\/#website\"},\"datePublished\":\"2022-10-18T20:34:39+00:00\",\"dateModified\":\"2025-01-28T18:22:05+00:00\",\"breadcrumb\":{\"@id\":\"https:\\\/\\\/yyj.ca\\\/fr\\\/environnement-et-developpement-durable\\\/#breadcrumb\"},\"inLanguage\":\"fr-FR\",\"potentialAction\":[{\"@type\":\"ReadAction\",\"target\":[\"https:\\\/\\\/yyj.ca\\\/fr\\\/environnement-et-developpement-durable\\\/\"]}]},{\"@type\":\"BreadcrumbList\",\"@id\":\"https:\\\/\\\/yyj.ca\\\/fr\\\/environnement-et-developpement-durable\\\/#breadcrumb\",\"itemListElement\":[{\"@type\":\"ListItem\",\"position\":1,\"name\":\"Home\",\"item\":\"https:\\\/\\\/yyj.ca\\\/fr\\\/\"},{\"@type\":\"ListItem\",\"position\":2,\"name\":\"Environnement et d\u00e9veloppement durable\"}]},{\"@type\":\"WebSite\",\"@id\":\"https:\\\/\\\/yyj.ca\\\/fr\\\/#website\",\"url\":\"https:\\\/\\\/yyj.ca\\\/fr\\\/\",\"name\":\"Victoria Airport Authority\",\"description\":\"Victoria International Airport\",\"publisher\":{\"@id\":\"https:\\\/\\\/yyj.ca\\\/fr\\\/#organization\"},\"potentialAction\":[{\"@type\":\"SearchAction\",\"target\":{\"@type\":\"EntryPoint\",\"urlTemplate\":\"https:\\\/\\\/yyj.ca\\\/fr\\\/?s={search_term_string}\"},\"query-input\":{\"@type\":\"PropertyValueSpecification\",\"valueRequired\":true,\"valueName\":\"search_term_string\"}}],\"inLanguage\":\"fr-FR\"},{\"@type\":\"Organization\",\"@id\":\"https:\\\/\\\/yyj.ca\\\/fr\\\/#organization\",\"name\":\"Victoria Inernational Airport\",\"url\":\"https:\\\/\\\/yyj.ca\\\/fr\\\/\",\"logo\":{\"@type\":\"ImageObject\",\"inLanguage\":\"fr-FR\",\"@id\":\"https:\\\/\\\/yyj.ca\\\/fr\\\/#\\\/schema\\\/logo\\\/image\\\/\",\"url\":\"https:\\\/\\\/aeroportdevictoria.com\\\/wp-content\\\/uploads\\\/2023\\\/06\\\/yyj-logo.svg\",\"contentUrl\":\"https:\\\/\\\/aeroportdevictoria.com\\\/wp-content\\\/uploads\\\/2023\\\/06\\\/yyj-logo.svg\",\"width\":378,\"height\":73,\"caption\":\"Victoria Inernational Airport\"},\"image\":{\"@id\":\"https:\\\/\\\/yyj.ca\\\/fr\\\/#\\\/schema\\\/logo\\\/image\\\/\"}}]}<\/script>\n<!-- \/ Yoast SEO plugin. -->","yoast_head_json":{"title":"Environnement et d\u00e9veloppement durable - Victoria Airport Authority","robots":{"index":"index","follow":"follow","max-snippet":"max-snippet:-1","max-image-preview":"max-image-preview:large","max-video-preview":"max-video-preview:-1"},"canonical":"https:\/\/yyj.ca\/fr\/environnement-et-developpement-durable\/","og_locale":"fr_FR","og_type":"article","og_title":"Environnement et d\u00e9veloppement durable - Victoria Airport Authority","og_url":"https:\/\/yyj.ca\/fr\/environnement-et-developpement-durable\/","og_site_name":"Victoria Airport Authority","article_modified_time":"2025-01-28T18:22:05+00:00","twitter_card":"summary_large_image","schema":{"@context":"https:\/\/schema.org","@graph":[{"@type":"WebPage","@id":"https:\/\/yyj.ca\/fr\/environnement-et-developpement-durable\/","url":"https:\/\/yyj.ca\/fr\/environnement-et-developpement-durable\/","name":"Environnement et d\u00e9veloppement durable - Victoria Airport Authority","isPartOf":{"@id":"https:\/\/yyj.ca\/fr\/#website"},"datePublished":"2022-10-18T20:34:39+00:00","dateModified":"2025-01-28T18:22:05+00:00","breadcrumb":{"@id":"https:\/\/yyj.ca\/fr\/environnement-et-developpement-durable\/#breadcrumb"},"inLanguage":"fr-FR","potentialAction":[{"@type":"ReadAction","target":["https:\/\/yyj.ca\/fr\/environnement-et-developpement-durable\/"]}]},{"@type":"BreadcrumbList","@id":"https:\/\/yyj.ca\/fr\/environnement-et-developpement-durable\/#breadcrumb","itemListElement":[{"@type":"ListItem","position":1,"name":"Home","item":"https:\/\/yyj.ca\/fr\/"},{"@type":"ListItem","position":2,"name":"Environnement et d\u00e9veloppement durable"}]},{"@type":"WebSite","@id":"https:\/\/yyj.ca\/fr\/#website","url":"https:\/\/yyj.ca\/fr\/","name":"Victoria Airport Authority","description":"Victoria International Airport","publisher":{"@id":"https:\/\/yyj.ca\/fr\/#organization"},"potentialAction":[{"@type":"SearchAction","target":{"@type":"EntryPoint","urlTemplate":"https:\/\/yyj.ca\/fr\/?s={search_term_string}"},"query-input":{"@type":"PropertyValueSpecification","valueRequired":true,"valueName":"search_term_string"}}],"inLanguage":"fr-FR"},{"@type":"Organization","@id":"https:\/\/yyj.ca\/fr\/#organization","name":"Victoria Inernational Airport","url":"https:\/\/yyj.ca\/fr\/","logo":{"@type":"ImageObject","inLanguage":"fr-FR","@id":"https:\/\/yyj.ca\/fr\/#\/schema\/logo\/image\/","url":"https:\/\/aeroportdevictoria.com\/wp-content\/uploads\/2023\/06\/yyj-logo.svg","contentUrl":"https:\/\/aeroportdevictoria.com\/wp-content\/uploads\/2023\/06\/yyj-logo.svg","width":378,"height":73,"caption":"Victoria Inernational Airport"},"image":{"@id":"https:\/\/yyj.ca\/fr\/#\/schema\/logo\/image\/"}}]}},"_links":{"self":[{"href":"https:\/\/yyj.ca\/fr\/wp-json\/wp\/v2\/pages\/6843","targetHints":{"allow":["GET"]}}],"collection":[{"href":"https:\/\/yyj.ca\/fr\/wp-json\/wp\/v2\/pages"}],"about":[{"href":"https:\/\/yyj.ca\/fr\/wp-json\/wp\/v2\/types\/page"}],"author":[{"embeddable":true,"href":"https:\/\/yyj.ca\/fr\/wp-json\/wp\/v2\/users\/1"}],"replies":[{"embeddable":true,"href":"https:\/\/yyj.ca\/fr\/wp-json\/wp\/v2\/comments?post=6843"}],"version-history":[{"count":0,"href":"https:\/\/yyj.ca\/fr\/wp-json\/wp\/v2\/pages\/6843\/revisions"}],"wp:attachment":[{"href":"https:\/\/yyj.ca\/fr\/wp-json\/wp\/v2\/media?parent=6843"}],"curies":[{"name":"wp","href":"https:\/\/api.w.org\/{rel}","templated":true}]}}