{"id":6840,"date":"2022-10-05T15:49:04","date_gmt":"2022-10-05T22:49:04","guid":{"rendered":"https:\/\/yyj.eclipsedev.tk\/contact\/"},"modified":"2026-03-16T13:37:06","modified_gmt":"2026-03-16T20:37:06","slug":"contact","status":"publish","type":"page","link":"https:\/\/yyj.ca\/fr\/se-connecter-avec-yyj\/contact\/","title":{"rendered":"Questions g\u00e9n\u00e9rales"},"content":{"rendered":"\n<section class=\"banner\">\n            <div class=\"image-wrap\">\n            <img fetchpriority=\"high\" decoding=\"async\" width=\"1400\" height=\"933\" src=\"https:\/\/yyj.ca\/wp-content\/uploads\/2023\/03\/YYJ_2023-203.jpg\" class=\"attachment-full size-full\" alt=\"\" loading=\"eager\" srcset=\"https:\/\/yyj.ca\/wp-content\/uploads\/2023\/03\/YYJ_2023-203.jpg 1400w, https:\/\/yyj.ca\/wp-content\/uploads\/2023\/03\/YYJ_2023-203-300x200.jpg 300w, https:\/\/yyj.ca\/wp-content\/uploads\/2023\/03\/YYJ_2023-203-1024x682.jpg 1024w\" sizes=\"(max-width: 1400px) 100vw, 1400px\" \/>        <\/div>\n        <div class=\"container large\">\n                    <h2 class=\"overline\">Contact<\/h2>\n                    <h1>Questions g\u00e9n\u00e9rales<\/h1>\n                    <\/div>\n    <div class=\"banner-graphic\">\n        <img decoding=\"async\" src=\"\/wp-content\/themes\/eclipse360\/assets\/images\/banner-bottom.svg\" alt=\"banner-graphic\">\n    <\/div>\n<\/section>\n<section class=\"page-intro\">\n    <div class=\"container\">\n        <div class=\"content\"><h3>Vous avez une question, un commentaire ou une suggestion ?<\/h3>\n<p>Veuillez consulter notre <a href=\"https:\/\/yyj.ca\/fr\/se-connecter-avec-yyj\/foire-aux-questions-faq\/\">page FAQ<\/a> car il se peut que nous ayons d\u00e9j\u00e0 r\u00e9pondu \u00e0 votre question.<\/p>\n<p>If you have specific questions regarding the <a href=\"https:\/\/yyj.ca\/fr\/vols\/compagnies-aeriennes-et-destinations\/\">airlines<\/a> serving Victoria International Airport (YYJ), please contact them directly.<\/p>\n<p><a class=\"button\" href=\"#contactform\">Envoyez-nous un message<\/a><\/p>\n<h3>Soumettre une demande de renseignements sur le bruit<\/h3>\n<p>Pour signaler une plainte relative au bruit des a\u00e9ronefs \u00e0 l\u2019A\u00e9roport international de Victoria (YYJ), veuillez consulter la page \u00ab Gestion du bruit \u00bb afin de remplir le formulaire de d\u00e9claration d\u2019incident sonore et de l\u2019envoyer.<\/p>\n<p><a class=\"button\" href=\"https:\/\/yyj.ca\/fr\/environnement-et-developpement-durable\/gestion-du-bruit\/\">Gestion du bruit<\/a><\/p>\n<h3>Soumettre un probl\u00e8me de s\u00e9curit\u00e9<\/h3>\n<p>Que vous soyez un nouvel employ\u00e9 de l&rsquo;a\u00e9roport international de Victoria ou que vous vous int\u00e9ressiez aux divers programmes a\u00e9roportuaires et aux exigences r\u00e9glementaires en vigueur \u00e0 YYJ, notre plus grande priorit\u00e9 est d&rsquo;assurer en tout temps la s\u00e9curit\u00e9 des personnes, de la collectivit\u00e9 et des op\u00e9rations.<\/p>\n<p>Si vous souhaitez faire part d&rsquo;un probl\u00e8me de s\u00fbret\u00e9 ou de s\u00e9curit\u00e9, les soumissions sont contr\u00f4l\u00e9es du lundi au vendredi pendant les heures de bureau et vous pouvez vous attendre \u00e0 recevoir une r\u00e9ponse dans les 48 heures suivant votre soumission. En cas d&rsquo;urgence, veuillez appeler le 9-1-1. Si votre demande est urgente et qu&rsquo;une r\u00e9ponse imm\u00e9diate est n\u00e9cessaire, veuillez appeler le Centre des op\u00e9rations de s\u00e9curit\u00e9 au 250-953-7511.<\/p>\n<p><a class=\"button\" href=\"https:\/\/yyj.ca\/fr\/securite-des-aeroports\/#submit-concern\">Soumissions<\/a><\/p>\n<\/div>\n    <\/div>\n<\/section>\n\n<section class=\"accordions dark\">\n        <div class=\"container\">\n         \n                <div class=\"ac-inner\">\n                            <div class=\"accordion\">\n                    <h4 class=\"ac-trigger flex\">Bureau administratif<\/h4>\n                    <div class=\"ac-content\"><p>Phone: 250-953-7500<br \/>\nFax: 250-953-7509<\/p>\n<p>Hours: 8:00 am &#8211; 4:00 pm<\/p>\n<\/div>\n                <\/div>\n                            <div class=\"accordion\">\n                    <h4 class=\"ac-trigger flex\">S\u00e9curit\u00e9 des a\u00e9roports  <\/h4>\n                    <div class=\"ac-content\"><p>Phone: 250-953-7511<\/p>\n<p>Hours: 24\/7 assistance<\/p>\n<p>&nbsp;<\/p>\n<\/div>\n                <\/div>\n                            <div class=\"accordion\">\n                    <h4 class=\"ac-trigger flex\">Objets trouv\u00e9s<\/h4>\n                    <div class=\"ac-content\"><p><a href=\"https:\/\/yyj.ca\/fr\/informations-sur-les-voyages\/objets-trouves-2\/\">Objets trouv\u00e9s<\/a><\/p>\n<\/div>\n                <\/div>\n                            <div class=\"accordion\">\n                    <h4 class=\"ac-trigger flex\">Op\u00e9rations et maintenance c\u00f4t\u00e9 piste<\/h4>\n                    <div class=\"ac-content\"><p>Phone: 250-953-7536<br \/>\nFax: 250-953-7538<\/p>\n<p>Hours: 8:00 am &#8211; 4:00 pm<\/p>\n<\/div>\n                <\/div>\n                            <div class=\"accordion\">\n                    <h4 class=\"ac-trigger flex\">Bureau d&rsquo;information Red Coat<\/h4>\n                    <div class=\"ac-content\"><p>Phone: 250-953-7533<br \/>\nHours: Monday &#8211; Friday 8:30 am &#8211; 5:30 pm, Saturday 8:30 am &#8211; 2:30 pm, Sunday 10:00 am &#8211; 4:00 pm.<\/p>\n<\/div>\n                <\/div>\n                            <div class=\"accordion\">\n                    <h4 class=\"ac-trigger flex\">Adresse postale<\/h4>\n                    <div class=\"ac-content\"><p>Victoria International Airport<br \/>\n201-1640 Electra Blvd<br \/>\nSidney, BC V8L 5V4<\/p>\n<\/div>\n                <\/div>\n                            <div class=\"accordion\">\n                    <h4 class=\"ac-trigger flex\">Contact m\u00e9dia de l&rsquo;autorit\u00e9 a\u00e9roportuaire<\/h4>\n                    <div class=\"ac-content\"><p>Erin Brocklebank<br \/>\nManager, Communications and Engagement<br \/>\nMedia Contact Line: 250-953-7514<br \/>\n<a href=\"mailto:media@yyj.ca\">EMAIL<\/a><\/p>\n<\/div>\n                <\/div>\n                            <div class=\"accordion\">\n                    <h4 class=\"ac-trigger flex\">Tournage et visites<\/h4>\n                    <div class=\"ac-content\"><p>Pour l&rsquo;instant, il n&rsquo;y a pas de visites guid\u00e9es \u00e0 l&rsquo;a\u00e9roport.<\/p>\n<p>Les autorisations de tournage doivent \u00eatre approuv\u00e9es \u00e0 l&rsquo;avance par l&rsquo;autorit\u00e9 a\u00e9roportuaire de Victoria. Veuillez contacter : <a href=\"events@yyj.ca\">\u00c9v\u00e9nements \u00e0 l&rsquo;a\u00e9roport<\/a><\/p>\n<\/div>\n                <\/div>\n                            <div class=\"accordion\">\n                    <h4 class=\"ac-trigger flex\">Effectuer un paiement<\/h4>\n                    <div class=\"ac-content\"><p>L&rsquo;autorit\u00e9 a\u00e9roportuaire de Victoria accepte d\u00e9sormais les paiements par carte de cr\u00e9dit. Veuillez vous assurer de fournir toutes les informations n\u00e9cessaires ci-dessous pour que votre paiement soit correctement appliqu\u00e9 \u00e0 votre compte.<\/p>\n<p>Veuillez noter que nous ne percevons pas de paiements au nom de nos vendeurs et\/ou locataires.<\/p>\n<p>Paiement maximal : 2 500 dollars. Pour les paiements sup\u00e9rieurs \u00e0 2 500 $, veuillez contacter le service des comptes clients \u00e0 l&rsquo;adresse accountsreceivable@victoriaairport.com pour organiser le paiement.<\/p>\n<p><a class=\"button\" href=\"https:\/\/vortex.victoriaairport.com\/payment\">Effectuer un paiement<\/a><\/p>\n<\/div>\n                <\/div>\n                    <\/div>\n    <\/div>\n<\/section><section class=\"block_background light\" style=\"background-color: #003e52;\">\n        <div class=\"container moyen\">\n        \n\n<h3 class=\"wp-block-heading\">Autres num\u00e9ros de contact des agences a\u00e9roportuaires<\/h3>\n\n\n\n<figure class=\"wp-block-table\"><table><tbody><tr><td>Transport Canada &#8211; Centre de communication de l&rsquo;aviation civile<\/td><td class=\"has-text-align-right\" data-align=\"right\">1-800-305-2059<\/td><\/tr><tr><td>Minist\u00e8re de la D\u00e9fense nationale (MDN) 443 Squadron Commissionaires<\/td><td class=\"has-text-align-right\" data-align=\"right\">250-363-5443<\/td><\/tr><tr><td>Ligne d&rsquo;assistance de l&rsquo;Administration canadienne de la s\u00fbret\u00e9 du transport a\u00e9rien (ACSTA)<\/td><td class=\"has-text-align-right\" data-align=\"right\">1-888-294-2202<\/td><\/tr><tr><td>Agence des services frontaliers du Canada (ASFC)<\/td><td class=\"has-text-align-right\" data-align=\"right\">1-800-461-9999<\/td><\/tr><tr><td>Citoyennet\u00e9 et immigration Canada<\/td><td class=\"has-text-align-right\" data-align=\"right\">1-888-242-2100<\/td><\/tr><tr><td>Agence canadienne d&rsquo;inspection des aliments<\/td><td class=\"has-text-align-right\" data-align=\"right\">1-800-442-2342<\/td><\/tr><tr><td>Services de citoyennet\u00e9 et d&rsquo;immigration des \u00c9tats-Unis<\/td><td class=\"has-text-align-right\" data-align=\"right\">1-800-375-5283<\/td><\/tr><tr><td>Douanes et protection des fronti\u00e8res des \u00c9tats-Unis<\/td><td class=\"has-text-align-right\" data-align=\"right\">905-676-2606<\/td><\/tr><\/tbody><\/table><\/figure>\n\n\n    <\/div>\n<\/section><section class=\"block_background dark\" style=\"background-color: ;\">\n        <div class=\"container moyen\">\n        \n\n<h3 id=\"contactform\">Nous contacter<\/h3>\n<iframe loading=\"lazy\" id=\"contact_form\" src=\"https:\/\/vortex.victoriaairport.com\/forms-iframe\/contact\" title=\"Formulaire de contact\" width=\"100%\" height=\"740px\"><\/iframe>\n<script>\nfunction handleMessage(event) {\n  if(typeof event.data['task'] === 'undefined') return;\n  if(event.data['task'] == 'set_height') {\n    document.getElementById('contact_form').height = event.data['height'];\n  }\n  if(event.data['task'] == 'scroll_top') {\n    document.getElementById('contactform').scrollIntoView({ behavior: 'smooth' });\n  }\n}\nwindow.addEventListener('message', handleMessage);\n<\/script>\n\n\n    <\/div>\n<\/section>\n<iframe src=\"https:\/\/www.google.com\/maps\/embed?pb=!1m18!1m12!1m3!1d21091.06236061805!2d-123.44818572996971!3d48.64079179282577!2m3!1f0!2f0!3f0!3m2!1i1024!2i768!4f13.1!3m3!1m2!1s0x548f68603bf310ad%3A0xd3f3f57b7a482734!2sVictoria%20International%20Airport!5e0!3m2!1sen!2sca!4v1737733546655!5m2!1sen!2sca\" width=\"100%\" height=\"600\" style=\"border:0;\" allowfullscreen=\"\" loading=\"lazy\" referrerpolicy=\"no-referrer-when-downgrade\"><\/iframe>\n\n<figure class=\"wp-block-gallery has-nested-images columns-5 is-cropped wp-block-gallery-1 is-layout-flex wp-block-gallery-is-layout-flex\">\n<figure class=\"wp-block-image size-full\"><img loading=\"lazy\" decoding=\"async\" width=\"750\" height=\"611\" data-id=\"4173\" src=\"https:\/\/yyj.ca\/wp-content\/uploads\/2023\/02\/YYJ_SAMPLE_IMAGES-19.jpg\" alt=\"\" class=\"wp-image-4173\" srcset=\"https:\/\/yyj.ca\/wp-content\/uploads\/2023\/02\/YYJ_SAMPLE_IMAGES-19.jpg 750w, https:\/\/yyj.ca\/wp-content\/uploads\/2023\/02\/YYJ_SAMPLE_IMAGES-19-300x244.jpg 300w\" sizes=\"auto, (max-width: 750px) 100vw, 750px\" \/><\/figure>\n\n\n\n<figure class=\"wp-block-image size-full\"><img loading=\"lazy\" decoding=\"async\" width=\"750\" height=\"500\" data-id=\"4174\" src=\"https:\/\/yyj.ca\/wp-content\/uploads\/2023\/02\/YYJ_SAMPLE_IMAGES.jpg\" alt=\"\" class=\"wp-image-4174\" srcset=\"https:\/\/yyj.ca\/wp-content\/uploads\/2023\/02\/YYJ_SAMPLE_IMAGES.jpg 750w, https:\/\/yyj.ca\/wp-content\/uploads\/2023\/02\/YYJ_SAMPLE_IMAGES-300x200.jpg 300w\" sizes=\"auto, (max-width: 750px) 100vw, 750px\" \/><\/figure>\n\n\n\n<figure class=\"wp-block-image size-large\"><img loading=\"lazy\" decoding=\"async\" width=\"1024\" height=\"682\" data-id=\"4231\" src=\"https:\/\/yyj.ca\/wp-content\/uploads\/2023\/02\/YYJ_2023-229-1024x682.jpg\" alt=\"\" class=\"wp-image-4231\" srcset=\"https:\/\/yyj.ca\/wp-content\/uploads\/2023\/02\/YYJ_2023-229-1024x682.jpg 1024w, https:\/\/yyj.ca\/wp-content\/uploads\/2023\/02\/YYJ_2023-229-300x200.jpg 300w, https:\/\/yyj.ca\/wp-content\/uploads\/2023\/02\/YYJ_2023-229.jpg 1400w\" sizes=\"auto, (max-width: 1024px) 100vw, 1024px\" \/><\/figure>\n\n\n\n<figure class=\"wp-block-image size-full\"><img loading=\"lazy\" decoding=\"async\" width=\"750\" height=\"500\" data-id=\"4175\" src=\"https:\/\/yyj.ca\/wp-content\/uploads\/2023\/02\/YYJ_SAMPLE_IMAGES-6.jpg\" alt=\"\" class=\"wp-image-4175\" srcset=\"https:\/\/yyj.ca\/wp-content\/uploads\/2023\/02\/YYJ_SAMPLE_IMAGES-6.jpg 750w, https:\/\/yyj.ca\/wp-content\/uploads\/2023\/02\/YYJ_SAMPLE_IMAGES-6-300x200.jpg 300w\" sizes=\"auto, (max-width: 750px) 100vw, 750px\" \/><\/figure>\n\n\n\n<figure class=\"wp-block-image size-large\"><img loading=\"lazy\" decoding=\"async\" width=\"1024\" height=\"682\" data-id=\"4230\" src=\"https:\/\/yyj.ca\/wp-content\/uploads\/2023\/02\/YYJ_2023-30-1024x682.jpg\" alt=\"\" class=\"wp-image-4230\" srcset=\"https:\/\/yyj.ca\/wp-content\/uploads\/2023\/02\/YYJ_2023-30-1024x682.jpg 1024w, https:\/\/yyj.ca\/wp-content\/uploads\/2023\/02\/YYJ_2023-30-300x200.jpg 300w, https:\/\/yyj.ca\/wp-content\/uploads\/2023\/02\/YYJ_2023-30.jpg 1400w\" sizes=\"auto, (max-width: 1024px) 100vw, 1024px\" \/><\/figure>\n<\/figure>\n","protected":false},"excerpt":{"rendered":"","protected":false},"author":1,"featured_media":0,"parent":6975,"menu_order":76,"comment_status":"closed","ping_status":"closed","template":"","meta":{"_acf_changed":false,"footnotes":""},"class_list":["post-6840","page","type-page","status-publish","hentry"],"acf":[],"yoast_head":"<!-- This site is optimized with the Yoast SEO plugin v27.3 - https:\/\/yoast.com\/product\/yoast-seo-wordpress\/ -->\n<title>Questions g\u00e9n\u00e9rales - Victoria Airport Authority<\/title>\n<meta name=\"robots\" content=\"index, follow, max-snippet:-1, max-image-preview:large, max-video-preview:-1\" \/>\n<link rel=\"canonical\" href=\"https:\/\/yyj.ca\/fr\/se-connecter-avec-yyj\/contact\/\" \/>\n<meta property=\"og:locale\" content=\"fr_FR\" \/>\n<meta property=\"og:type\" content=\"article\" \/>\n<meta property=\"og:title\" content=\"Questions g\u00e9n\u00e9rales - Victoria Airport Authority\" \/>\n<meta property=\"og:url\" content=\"https:\/\/yyj.ca\/fr\/se-connecter-avec-yyj\/contact\/\" \/>\n<meta property=\"og:site_name\" content=\"Victoria Airport Authority\" \/>\n<meta property=\"article:modified_time\" content=\"2026-03-16T20:37:06+00:00\" \/>\n<meta name=\"twitter:card\" content=\"summary_large_image\" \/>\n<meta name=\"twitter:label1\" content=\"Dur\u00e9e de lecture estim\u00e9e\" \/>\n\t<meta name=\"twitter:data1\" content=\"2 minutes\" \/>\n<script type=\"application\/ld+json\" class=\"yoast-schema-graph\">{\"@context\":\"https:\\\/\\\/schema.org\",\"@graph\":[{\"@type\":\"WebPage\",\"@id\":\"https:\\\/\\\/yyj.ca\\\/fr\\\/se-connecter-avec-yyj\\\/contact\\\/\",\"url\":\"https:\\\/\\\/yyj.ca\\\/fr\\\/se-connecter-avec-yyj\\\/contact\\\/\",\"name\":\"Questions g\u00e9n\u00e9rales - Victoria Airport Authority\",\"isPartOf\":{\"@id\":\"https:\\\/\\\/yyj.ca\\\/fr\\\/#website\"},\"datePublished\":\"2022-10-05T22:49:04+00:00\",\"dateModified\":\"2026-03-16T20:37:06+00:00\",\"breadcrumb\":{\"@id\":\"https:\\\/\\\/yyj.ca\\\/fr\\\/se-connecter-avec-yyj\\\/contact\\\/#breadcrumb\"},\"inLanguage\":\"fr-FR\",\"potentialAction\":[{\"@type\":\"ReadAction\",\"target\":[\"https:\\\/\\\/yyj.ca\\\/fr\\\/se-connecter-avec-yyj\\\/contact\\\/\"]}]},{\"@type\":\"BreadcrumbList\",\"@id\":\"https:\\\/\\\/yyj.ca\\\/fr\\\/se-connecter-avec-yyj\\\/contact\\\/#breadcrumb\",\"itemListElement\":[{\"@type\":\"ListItem\",\"position\":1,\"name\":\"Home\",\"item\":\"https:\\\/\\\/yyj.ca\\\/fr\\\/\"},{\"@type\":\"ListItem\",\"position\":2,\"name\":\"Se connecter avec YYJ\",\"item\":\"https:\\\/\\\/yyj.ca\\\/fr\\\/se-connecter-avec-yyj\\\/\"},{\"@type\":\"ListItem\",\"position\":3,\"name\":\"Questions g\u00e9n\u00e9rales\"}]},{\"@type\":\"WebSite\",\"@id\":\"https:\\\/\\\/yyj.ca\\\/fr\\\/#website\",\"url\":\"https:\\\/\\\/yyj.ca\\\/fr\\\/\",\"name\":\"Victoria Airport Authority\",\"description\":\"Victoria International Airport\",\"publisher\":{\"@id\":\"https:\\\/\\\/yyj.ca\\\/fr\\\/#organization\"},\"potentialAction\":[{\"@type\":\"SearchAction\",\"target\":{\"@type\":\"EntryPoint\",\"urlTemplate\":\"https:\\\/\\\/yyj.ca\\\/fr\\\/?s={search_term_string}\"},\"query-input\":{\"@type\":\"PropertyValueSpecification\",\"valueRequired\":true,\"valueName\":\"search_term_string\"}}],\"inLanguage\":\"fr-FR\"},{\"@type\":\"Organization\",\"@id\":\"https:\\\/\\\/yyj.ca\\\/fr\\\/#organization\",\"name\":\"Victoria Inernational Airport\",\"url\":\"https:\\\/\\\/yyj.ca\\\/fr\\\/\",\"logo\":{\"@type\":\"ImageObject\",\"inLanguage\":\"fr-FR\",\"@id\":\"https:\\\/\\\/yyj.ca\\\/fr\\\/#\\\/schema\\\/logo\\\/image\\\/\",\"url\":\"https:\\\/\\\/aeroportdevictoria.com\\\/wp-content\\\/uploads\\\/2023\\\/06\\\/yyj-logo.svg\",\"contentUrl\":\"https:\\\/\\\/aeroportdevictoria.com\\\/wp-content\\\/uploads\\\/2023\\\/06\\\/yyj-logo.svg\",\"width\":378,\"height\":73,\"caption\":\"Victoria Inernational Airport\"},\"image\":{\"@id\":\"https:\\\/\\\/yyj.ca\\\/fr\\\/#\\\/schema\\\/logo\\\/image\\\/\"}}]}<\/script>\n<!-- \/ Yoast SEO plugin. -->","yoast_head_json":{"title":"Questions g\u00e9n\u00e9rales - Victoria Airport Authority","robots":{"index":"index","follow":"follow","max-snippet":"max-snippet:-1","max-image-preview":"max-image-preview:large","max-video-preview":"max-video-preview:-1"},"canonical":"https:\/\/yyj.ca\/fr\/se-connecter-avec-yyj\/contact\/","og_locale":"fr_FR","og_type":"article","og_title":"Questions g\u00e9n\u00e9rales - Victoria Airport Authority","og_url":"https:\/\/yyj.ca\/fr\/se-connecter-avec-yyj\/contact\/","og_site_name":"Victoria Airport Authority","article_modified_time":"2026-03-16T20:37:06+00:00","twitter_card":"summary_large_image","twitter_misc":{"Dur\u00e9e de lecture estim\u00e9e":"2 minutes"},"schema":{"@context":"https:\/\/schema.org","@graph":[{"@type":"WebPage","@id":"https:\/\/yyj.ca\/fr\/se-connecter-avec-yyj\/contact\/","url":"https:\/\/yyj.ca\/fr\/se-connecter-avec-yyj\/contact\/","name":"Questions g\u00e9n\u00e9rales - Victoria Airport Authority","isPartOf":{"@id":"https:\/\/yyj.ca\/fr\/#website"},"datePublished":"2022-10-05T22:49:04+00:00","dateModified":"2026-03-16T20:37:06+00:00","breadcrumb":{"@id":"https:\/\/yyj.ca\/fr\/se-connecter-avec-yyj\/contact\/#breadcrumb"},"inLanguage":"fr-FR","potentialAction":[{"@type":"ReadAction","target":["https:\/\/yyj.ca\/fr\/se-connecter-avec-yyj\/contact\/"]}]},{"@type":"BreadcrumbList","@id":"https:\/\/yyj.ca\/fr\/se-connecter-avec-yyj\/contact\/#breadcrumb","itemListElement":[{"@type":"ListItem","position":1,"name":"Home","item":"https:\/\/yyj.ca\/fr\/"},{"@type":"ListItem","position":2,"name":"Se connecter avec YYJ","item":"https:\/\/yyj.ca\/fr\/se-connecter-avec-yyj\/"},{"@type":"ListItem","position":3,"name":"Questions g\u00e9n\u00e9rales"}]},{"@type":"WebSite","@id":"https:\/\/yyj.ca\/fr\/#website","url":"https:\/\/yyj.ca\/fr\/","name":"Victoria Airport Authority","description":"Victoria International Airport","publisher":{"@id":"https:\/\/yyj.ca\/fr\/#organization"},"potentialAction":[{"@type":"SearchAction","target":{"@type":"EntryPoint","urlTemplate":"https:\/\/yyj.ca\/fr\/?s={search_term_string}"},"query-input":{"@type":"PropertyValueSpecification","valueRequired":true,"valueName":"search_term_string"}}],"inLanguage":"fr-FR"},{"@type":"Organization","@id":"https:\/\/yyj.ca\/fr\/#organization","name":"Victoria Inernational Airport","url":"https:\/\/yyj.ca\/fr\/","logo":{"@type":"ImageObject","inLanguage":"fr-FR","@id":"https:\/\/yyj.ca\/fr\/#\/schema\/logo\/image\/","url":"https:\/\/aeroportdevictoria.com\/wp-content\/uploads\/2023\/06\/yyj-logo.svg","contentUrl":"https:\/\/aeroportdevictoria.com\/wp-content\/uploads\/2023\/06\/yyj-logo.svg","width":378,"height":73,"caption":"Victoria Inernational Airport"},"image":{"@id":"https:\/\/yyj.ca\/fr\/#\/schema\/logo\/image\/"}}]}},"_links":{"self":[{"href":"https:\/\/yyj.ca\/fr\/wp-json\/wp\/v2\/pages\/6840","targetHints":{"allow":["GET"]}}],"collection":[{"href":"https:\/\/yyj.ca\/fr\/wp-json\/wp\/v2\/pages"}],"about":[{"href":"https:\/\/yyj.ca\/fr\/wp-json\/wp\/v2\/types\/page"}],"author":[{"embeddable":true,"href":"https:\/\/yyj.ca\/fr\/wp-json\/wp\/v2\/users\/1"}],"replies":[{"embeddable":true,"href":"https:\/\/yyj.ca\/fr\/wp-json\/wp\/v2\/comments?post=6840"}],"version-history":[{"count":0,"href":"https:\/\/yyj.ca\/fr\/wp-json\/wp\/v2\/pages\/6840\/revisions"}],"up":[{"embeddable":true,"href":"https:\/\/yyj.ca\/fr\/wp-json\/wp\/v2\/pages\/6975"}],"wp:attachment":[{"href":"https:\/\/yyj.ca\/fr\/wp-json\/wp\/v2\/media?parent=6840"}],"curies":[{"name":"wp","href":"https:\/\/api.w.org\/{rel}","templated":true}]}}