{"id":6836,"date":"2022-10-06T12:50:53","date_gmt":"2022-10-06T19:50:53","guid":{"rendered":"https:\/\/yyj.eclipsedev.tk\/se-rendre-a-yyj-et-en-repartir\/"},"modified":"2025-01-28T11:39:38","modified_gmt":"2025-01-28T18:39:38","slug":"se-rendre-a-yyj-et-en-repartir","status":"publish","type":"page","link":"https:\/\/yyj.ca\/fr\/stationnement-et-transport\/se-rendre-a-yyj-et-en-repartir\/","title":{"rendered":"Se rendre \u00e0 YYJ et en repartir"},"content":{"rendered":"\n<section class=\"banner\">\n            <div class=\"image-wrap\">\n            <img fetchpriority=\"high\" decoding=\"async\" width=\"1400\" height=\"933\" src=\"https:\/\/yyj.ca\/wp-content\/uploads\/2023\/03\/YYJ_2023-456.jpg\" class=\"attachment-full size-full\" alt=\"\" loading=\"eager\" srcset=\"https:\/\/yyj.ca\/wp-content\/uploads\/2023\/03\/YYJ_2023-456.jpg 1400w, https:\/\/yyj.ca\/wp-content\/uploads\/2023\/03\/YYJ_2023-456-300x200.jpg 300w, https:\/\/yyj.ca\/wp-content\/uploads\/2023\/03\/YYJ_2023-456-1024x682.jpg 1024w\" sizes=\"(max-width: 1400px) 100vw, 1400px\" \/>        <\/div>\n        <div class=\"container large\">\n                    <h2 class=\"overline\">Informations pour les voyageurs<\/h2>\n                    <h1>Se rendre \u00e0 YYJ et en repartir<\/h1>\n                    <\/div>\n    <div class=\"banner-graphic\">\n        <img decoding=\"async\" src=\"\/wp-content\/themes\/eclipse360\/assets\/images\/banner-bottom.svg\" alt=\"banner-graphic\">\n    <\/div>\n<\/section>\n<section class=\"page-intro\">\n    <div class=\"container\">\n        <div class=\"content\"><p>L&rsquo;a\u00e9rogare de l&rsquo;A\u00e9roport international de Victoria est situ\u00e9e \u00e0 :<\/p>\n<p>201-1640 Boul. Electra<br \/>\nSidney, CB V8L 5V4<\/p>\n<p>Pour les nouveaux conducteurs de la r\u00e9gion du Grand Victoria, nous avons inclus un ensemble de cartes pratiques pour vous aider \u00e0 naviguer dans les ronds-points de l&rsquo;\u00e9changeur de McTavish Road.<\/p>\n<\/div>\n    <\/div>\n<\/section>\n<section class=\"block_background light\" style=\"background-color: ;\">\n        <div class=\"container moyen\">\n        \n\n<iframe src=\"https:\/\/www.google.com\/maps\/embed?pb=!1m14!1m8!1m3!1d21091.062357618237!2d-123.4481857!3d48.6407918!3m2!1i1024!2i768!4f13.1!3m3!1m2!1s0x548f68603bf310ad%3A0xd3f3f57b7a482734!2sVictoria%20International%20Airport!5e0!3m2!1sfr!2sca!4v1737734641592!5m2!1sfr!2sca\" width=\"100%\" height=\"600\" style=\"border:0;\" allowfullscreen=\"\" loading=\"lazy\" referrerpolicy=\"no-referrer-when-downgrade\"><\/iframe>\n\n\n    <\/div>\n<\/section><section class=\"block_background dark\" style=\"background-color: ;\">\n    <div class=\"image-wrap\" data-animate-2><img loading=\"lazy\" decoding=\"async\" width=\"1920\" height=\"1061\" src=\"https:\/\/yyj.ca\/wp-content\/uploads\/2022\/11\/accordion-bg.svg\" class=\"attachment-full size-full\" alt=\"background image\" \/><\/div>    <div class=\"container moyen\">\n        \n\n<div style=\"height:30px\" aria-hidden=\"true\" class=\"wp-block-spacer\"><\/div>\n\n\n\n<h3 class=\"wp-block-heading\">\u00c9changeur de la route McTavish<\/h3>\n\n\n\n<p>Les cartes des itin\u00e9raires comprennent<\/p>\n\n\n\n<ul class=\"wp-block-list\">\n<li><a href=\"https:\/\/yyj.ca\/wp-content\/uploads\/2025\/02\/McTavish-Interchange-Directional-Maps-Airport-to-Sidney-Fr_Web.pdf\" target=\"_blank\" rel=\"noreferrer noopener\">To Victoria from Airport<\/a><\/li>\n\n\n\n<li><a href=\"https:\/\/yyj.ca\/wp-content\/uploads\/2025\/02\/McTavish-Interchange-Directional-Maps-Victoria-to-Airport-Fr_Web.pdf\" target=\"_blank\" rel=\"noreferrer noopener\">To Airport from Victoria<\/a><\/li>\n\n\n\n<li><a href=\"https:\/\/yyj.ca\/wp-content\/uploads\/2023\/04\/McTavish-Interchange-Directional-Maps-Airport-to-Sidney.pdf\" target=\"_blank\" rel=\"noreferrer noopener\">To Sidney &amp; Swartz Bay from Airport<\/a><\/li>\n\n\n\n<li><a href=\"https:\/\/yyj.ca\/wp-content\/uploads\/2025\/02\/McTavish-Interchange-Directional-Maps-Sidney-to-Airport-Fr_Web.pdf\" target=\"_blank\" rel=\"noreferrer noopener\">To Airport from Sidney &amp; Swartz Bay<\/a><\/li>\n<\/ul>\n\n\n    <\/div>\n<\/section>\n<figure class=\"wp-block-gallery has-nested-images columns-5 is-cropped wp-block-gallery-1 is-layout-flex wp-block-gallery-is-layout-flex\">\n<figure class=\"wp-block-image size-full\"><img loading=\"lazy\" decoding=\"async\" width=\"750\" height=\"611\" data-id=\"4173\" src=\"https:\/\/yyj.ca\/wp-content\/uploads\/2023\/02\/YYJ_SAMPLE_IMAGES-19.jpg\" alt=\"\" class=\"wp-image-4173\" srcset=\"https:\/\/yyj.ca\/wp-content\/uploads\/2023\/02\/YYJ_SAMPLE_IMAGES-19.jpg 750w, https:\/\/yyj.ca\/wp-content\/uploads\/2023\/02\/YYJ_SAMPLE_IMAGES-19-300x244.jpg 300w\" sizes=\"auto, (max-width: 750px) 100vw, 750px\" \/><\/figure>\n\n\n\n<figure class=\"wp-block-image size-full\"><img loading=\"lazy\" decoding=\"async\" width=\"750\" height=\"500\" data-id=\"4174\" src=\"https:\/\/yyj.ca\/wp-content\/uploads\/2023\/02\/YYJ_SAMPLE_IMAGES.jpg\" alt=\"\" class=\"wp-image-4174\" srcset=\"https:\/\/yyj.ca\/wp-content\/uploads\/2023\/02\/YYJ_SAMPLE_IMAGES.jpg 750w, https:\/\/yyj.ca\/wp-content\/uploads\/2023\/02\/YYJ_SAMPLE_IMAGES-300x200.jpg 300w\" sizes=\"auto, (max-width: 750px) 100vw, 750px\" \/><\/figure>\n\n\n\n<figure class=\"wp-block-image size-large\"><img loading=\"lazy\" decoding=\"async\" width=\"1024\" height=\"682\" data-id=\"4231\" src=\"https:\/\/yyj.ca\/wp-content\/uploads\/2023\/02\/YYJ_2023-229-1024x682.jpg\" alt=\"\" class=\"wp-image-4231\" srcset=\"https:\/\/yyj.ca\/wp-content\/uploads\/2023\/02\/YYJ_2023-229-1024x682.jpg 1024w, https:\/\/yyj.ca\/wp-content\/uploads\/2023\/02\/YYJ_2023-229-300x200.jpg 300w, https:\/\/yyj.ca\/wp-content\/uploads\/2023\/02\/YYJ_2023-229.jpg 1400w\" sizes=\"auto, (max-width: 1024px) 100vw, 1024px\" \/><\/figure>\n\n\n\n<figure class=\"wp-block-image size-full\"><img loading=\"lazy\" decoding=\"async\" width=\"750\" height=\"500\" data-id=\"4175\" src=\"https:\/\/yyj.ca\/wp-content\/uploads\/2023\/02\/YYJ_SAMPLE_IMAGES-6.jpg\" alt=\"\" class=\"wp-image-4175\" srcset=\"https:\/\/yyj.ca\/wp-content\/uploads\/2023\/02\/YYJ_SAMPLE_IMAGES-6.jpg 750w, https:\/\/yyj.ca\/wp-content\/uploads\/2023\/02\/YYJ_SAMPLE_IMAGES-6-300x200.jpg 300w\" sizes=\"auto, (max-width: 750px) 100vw, 750px\" \/><\/figure>\n\n\n\n<figure class=\"wp-block-image size-large\"><img loading=\"lazy\" decoding=\"async\" width=\"1024\" height=\"682\" data-id=\"4230\" src=\"https:\/\/yyj.ca\/wp-content\/uploads\/2023\/02\/YYJ_2023-30-1024x682.jpg\" alt=\"\" class=\"wp-image-4230\" srcset=\"https:\/\/yyj.ca\/wp-content\/uploads\/2023\/02\/YYJ_2023-30-1024x682.jpg 1024w, https:\/\/yyj.ca\/wp-content\/uploads\/2023\/02\/YYJ_2023-30-300x200.jpg 300w, https:\/\/yyj.ca\/wp-content\/uploads\/2023\/02\/YYJ_2023-30.jpg 1400w\" sizes=\"auto, (max-width: 1024px) 100vw, 1024px\" \/><\/figure>\n<\/figure>\n","protected":false},"excerpt":{"rendered":"","protected":false},"author":1,"featured_media":0,"parent":6909,"menu_order":66,"comment_status":"closed","ping_status":"closed","template":"","meta":{"_acf_changed":false,"footnotes":""},"class_list":["post-6836","page","type-page","status-publish","hentry"],"acf":[],"yoast_head":"<!-- This site is optimized with the Yoast SEO plugin v27.3 - https:\/\/yoast.com\/product\/yoast-seo-wordpress\/ -->\n<title>Se rendre \u00e0 YYJ et en repartir - Victoria Airport Authority<\/title>\n<meta name=\"robots\" content=\"index, follow, max-snippet:-1, max-image-preview:large, max-video-preview:-1\" \/>\n<link rel=\"canonical\" href=\"https:\/\/yyj.ca\/fr\/stationnement-et-transport\/se-rendre-a-yyj-et-en-repartir\/\" \/>\n<meta property=\"og:locale\" content=\"fr_FR\" \/>\n<meta property=\"og:type\" content=\"article\" \/>\n<meta property=\"og:title\" content=\"Se rendre \u00e0 YYJ et en repartir - Victoria Airport Authority\" \/>\n<meta property=\"og:url\" content=\"https:\/\/yyj.ca\/fr\/stationnement-et-transport\/se-rendre-a-yyj-et-en-repartir\/\" \/>\n<meta property=\"og:site_name\" content=\"Victoria Airport Authority\" \/>\n<meta property=\"article:modified_time\" content=\"2025-01-28T18:39:38+00:00\" \/>\n<meta name=\"twitter:card\" content=\"summary_large_image\" \/>\n<script type=\"application\/ld+json\" class=\"yoast-schema-graph\">{\"@context\":\"https:\\\/\\\/schema.org\",\"@graph\":[{\"@type\":\"WebPage\",\"@id\":\"https:\\\/\\\/yyj.ca\\\/fr\\\/stationnement-et-transport\\\/se-rendre-a-yyj-et-en-repartir\\\/\",\"url\":\"https:\\\/\\\/yyj.ca\\\/fr\\\/stationnement-et-transport\\\/se-rendre-a-yyj-et-en-repartir\\\/\",\"name\":\"Se rendre \u00e0 YYJ et en repartir - Victoria Airport Authority\",\"isPartOf\":{\"@id\":\"https:\\\/\\\/yyj.ca\\\/fr\\\/#website\"},\"datePublished\":\"2022-10-06T19:50:53+00:00\",\"dateModified\":\"2025-01-28T18:39:38+00:00\",\"breadcrumb\":{\"@id\":\"https:\\\/\\\/yyj.ca\\\/fr\\\/stationnement-et-transport\\\/se-rendre-a-yyj-et-en-repartir\\\/#breadcrumb\"},\"inLanguage\":\"fr-FR\",\"potentialAction\":[{\"@type\":\"ReadAction\",\"target\":[\"https:\\\/\\\/yyj.ca\\\/fr\\\/stationnement-et-transport\\\/se-rendre-a-yyj-et-en-repartir\\\/\"]}]},{\"@type\":\"BreadcrumbList\",\"@id\":\"https:\\\/\\\/yyj.ca\\\/fr\\\/stationnement-et-transport\\\/se-rendre-a-yyj-et-en-repartir\\\/#breadcrumb\",\"itemListElement\":[{\"@type\":\"ListItem\",\"position\":1,\"name\":\"Home\",\"item\":\"https:\\\/\\\/yyj.ca\\\/fr\\\/\"},{\"@type\":\"ListItem\",\"position\":2,\"name\":\"Stationnement et transport\",\"item\":\"https:\\\/\\\/yyj.ca\\\/fr\\\/stationnement-et-transport\\\/\"},{\"@type\":\"ListItem\",\"position\":3,\"name\":\"Se rendre \u00e0 YYJ et en repartir\"}]},{\"@type\":\"WebSite\",\"@id\":\"https:\\\/\\\/yyj.ca\\\/fr\\\/#website\",\"url\":\"https:\\\/\\\/yyj.ca\\\/fr\\\/\",\"name\":\"Victoria Airport Authority\",\"description\":\"Victoria International Airport\",\"publisher\":{\"@id\":\"https:\\\/\\\/yyj.ca\\\/fr\\\/#organization\"},\"potentialAction\":[{\"@type\":\"SearchAction\",\"target\":{\"@type\":\"EntryPoint\",\"urlTemplate\":\"https:\\\/\\\/yyj.ca\\\/fr\\\/?s={search_term_string}\"},\"query-input\":{\"@type\":\"PropertyValueSpecification\",\"valueRequired\":true,\"valueName\":\"search_term_string\"}}],\"inLanguage\":\"fr-FR\"},{\"@type\":\"Organization\",\"@id\":\"https:\\\/\\\/yyj.ca\\\/fr\\\/#organization\",\"name\":\"Victoria Inernational Airport\",\"url\":\"https:\\\/\\\/yyj.ca\\\/fr\\\/\",\"logo\":{\"@type\":\"ImageObject\",\"inLanguage\":\"fr-FR\",\"@id\":\"https:\\\/\\\/yyj.ca\\\/fr\\\/#\\\/schema\\\/logo\\\/image\\\/\",\"url\":\"https:\\\/\\\/aeroportdevictoria.com\\\/wp-content\\\/uploads\\\/2023\\\/06\\\/yyj-logo.svg\",\"contentUrl\":\"https:\\\/\\\/aeroportdevictoria.com\\\/wp-content\\\/uploads\\\/2023\\\/06\\\/yyj-logo.svg\",\"width\":378,\"height\":73,\"caption\":\"Victoria Inernational Airport\"},\"image\":{\"@id\":\"https:\\\/\\\/yyj.ca\\\/fr\\\/#\\\/schema\\\/logo\\\/image\\\/\"}}]}<\/script>\n<!-- \/ Yoast SEO plugin. -->","yoast_head_json":{"title":"Se rendre \u00e0 YYJ et en repartir - Victoria Airport Authority","robots":{"index":"index","follow":"follow","max-snippet":"max-snippet:-1","max-image-preview":"max-image-preview:large","max-video-preview":"max-video-preview:-1"},"canonical":"https:\/\/yyj.ca\/fr\/stationnement-et-transport\/se-rendre-a-yyj-et-en-repartir\/","og_locale":"fr_FR","og_type":"article","og_title":"Se rendre \u00e0 YYJ et en repartir - Victoria Airport Authority","og_url":"https:\/\/yyj.ca\/fr\/stationnement-et-transport\/se-rendre-a-yyj-et-en-repartir\/","og_site_name":"Victoria Airport Authority","article_modified_time":"2025-01-28T18:39:38+00:00","twitter_card":"summary_large_image","schema":{"@context":"https:\/\/schema.org","@graph":[{"@type":"WebPage","@id":"https:\/\/yyj.ca\/fr\/stationnement-et-transport\/se-rendre-a-yyj-et-en-repartir\/","url":"https:\/\/yyj.ca\/fr\/stationnement-et-transport\/se-rendre-a-yyj-et-en-repartir\/","name":"Se rendre \u00e0 YYJ et en repartir - Victoria Airport Authority","isPartOf":{"@id":"https:\/\/yyj.ca\/fr\/#website"},"datePublished":"2022-10-06T19:50:53+00:00","dateModified":"2025-01-28T18:39:38+00:00","breadcrumb":{"@id":"https:\/\/yyj.ca\/fr\/stationnement-et-transport\/se-rendre-a-yyj-et-en-repartir\/#breadcrumb"},"inLanguage":"fr-FR","potentialAction":[{"@type":"ReadAction","target":["https:\/\/yyj.ca\/fr\/stationnement-et-transport\/se-rendre-a-yyj-et-en-repartir\/"]}]},{"@type":"BreadcrumbList","@id":"https:\/\/yyj.ca\/fr\/stationnement-et-transport\/se-rendre-a-yyj-et-en-repartir\/#breadcrumb","itemListElement":[{"@type":"ListItem","position":1,"name":"Home","item":"https:\/\/yyj.ca\/fr\/"},{"@type":"ListItem","position":2,"name":"Stationnement et transport","item":"https:\/\/yyj.ca\/fr\/stationnement-et-transport\/"},{"@type":"ListItem","position":3,"name":"Se rendre \u00e0 YYJ et en repartir"}]},{"@type":"WebSite","@id":"https:\/\/yyj.ca\/fr\/#website","url":"https:\/\/yyj.ca\/fr\/","name":"Victoria Airport Authority","description":"Victoria International Airport","publisher":{"@id":"https:\/\/yyj.ca\/fr\/#organization"},"potentialAction":[{"@type":"SearchAction","target":{"@type":"EntryPoint","urlTemplate":"https:\/\/yyj.ca\/fr\/?s={search_term_string}"},"query-input":{"@type":"PropertyValueSpecification","valueRequired":true,"valueName":"search_term_string"}}],"inLanguage":"fr-FR"},{"@type":"Organization","@id":"https:\/\/yyj.ca\/fr\/#organization","name":"Victoria Inernational Airport","url":"https:\/\/yyj.ca\/fr\/","logo":{"@type":"ImageObject","inLanguage":"fr-FR","@id":"https:\/\/yyj.ca\/fr\/#\/schema\/logo\/image\/","url":"https:\/\/aeroportdevictoria.com\/wp-content\/uploads\/2023\/06\/yyj-logo.svg","contentUrl":"https:\/\/aeroportdevictoria.com\/wp-content\/uploads\/2023\/06\/yyj-logo.svg","width":378,"height":73,"caption":"Victoria Inernational Airport"},"image":{"@id":"https:\/\/yyj.ca\/fr\/#\/schema\/logo\/image\/"}}]}},"_links":{"self":[{"href":"https:\/\/yyj.ca\/fr\/wp-json\/wp\/v2\/pages\/6836","targetHints":{"allow":["GET"]}}],"collection":[{"href":"https:\/\/yyj.ca\/fr\/wp-json\/wp\/v2\/pages"}],"about":[{"href":"https:\/\/yyj.ca\/fr\/wp-json\/wp\/v2\/types\/page"}],"author":[{"embeddable":true,"href":"https:\/\/yyj.ca\/fr\/wp-json\/wp\/v2\/users\/1"}],"replies":[{"embeddable":true,"href":"https:\/\/yyj.ca\/fr\/wp-json\/wp\/v2\/comments?post=6836"}],"version-history":[{"count":0,"href":"https:\/\/yyj.ca\/fr\/wp-json\/wp\/v2\/pages\/6836\/revisions"}],"up":[{"embeddable":true,"href":"https:\/\/yyj.ca\/fr\/wp-json\/wp\/v2\/pages\/6909"}],"wp:attachment":[{"href":"https:\/\/yyj.ca\/fr\/wp-json\/wp\/v2\/media?parent=6836"}],"curies":[{"name":"wp","href":"https:\/\/api.w.org\/{rel}","templated":true}]}}