{"id":6832,"date":"2022-10-06T12:47:42","date_gmt":"2022-10-06T19:47:42","guid":{"rendered":"https:\/\/yyj.eclipsedev.tk\/services-et-equipements\/"},"modified":"2025-01-28T10:18:54","modified_gmt":"2025-01-28T17:18:54","slug":"services-et-equipements","status":"publish","type":"page","link":"https:\/\/yyj.ca\/fr\/services-et-equipements\/","title":{"rendered":"Services et \u00e9quipements"},"content":{"rendered":"\n<section class=\"banner\">\n            <div class=\"image-wrap\">\n            <img fetchpriority=\"high\" decoding=\"async\" width=\"1613\" height=\"1075\" src=\"https:\/\/yyj.ca\/wp-content\/uploads\/2023\/02\/YYJ_2023-26.jpg\" class=\"attachment-full size-full\" alt=\"\" loading=\"eager\" srcset=\"https:\/\/yyj.ca\/wp-content\/uploads\/2023\/02\/YYJ_2023-26.jpg 1613w, https:\/\/yyj.ca\/wp-content\/uploads\/2023\/02\/YYJ_2023-26-300x200.jpg 300w, https:\/\/yyj.ca\/wp-content\/uploads\/2023\/02\/YYJ_2023-26-1024x682.jpg 1024w, https:\/\/yyj.ca\/wp-content\/uploads\/2023\/02\/YYJ_2023-26-1536x1024.jpg 1536w\" sizes=\"(max-width: 1613px) 100vw, 1613px\" \/>        <\/div>\n        <div class=\"container large\">\n                    <h2 class=\"overline\">Informations pour les voyageurs<\/h2>\n                    <h1>Services et \u00e9quipements<\/h1>\n                    <\/div>\n    <div class=\"banner-graphic\">\n        <img decoding=\"async\" src=\"\/wp-content\/themes\/eclipse360\/assets\/images\/banner-bottom.svg\" alt=\"banner-graphic\">\n    <\/div>\n<\/section>\n<section class=\"block_background dark\" style=\"background-color: ;\">\n        <div class=\"container moyen\">\n        \n\n<h2 class=\"wp-block-heading has-text-align-center\">Carte du terminal<\/h2>\n\n\n<div class=\"wp-block-image\">\n<figure class=\"aligncenter size-full is-resized\"><img loading=\"lazy\" decoding=\"async\" src=\"https:\/\/yyj.ca\/wp-content\/uploads\/2022\/11\/YYJ-Airport-Terminal-Map.jpg\" alt=\"\" class=\"wp-image-3673\" width=\"1100\" height=\"805\"\/><\/figure>\n<\/div>\n\n\n<div class=\"wp-block-buttons is-content-justification-center is-layout-flex wp-container-core-buttons-is-layout-16018d1d wp-block-buttons-is-layout-flex\">\n<div class=\"wp-block-button\"><a class=\"wp-block-button__link wp-element-button\" href=\"https:\/\/yyj.ca\/wp-content\/uploads\/2022\/11\/YYJ-Airport-Terminal-Map.pdf\" target=\"_blank\" rel=\"noreferrer noopener\">T\u00e9l\u00e9charger le PDF<\/a><\/div>\n<\/div>\n\n\n    <\/div>\n<\/section><section class=\"team-members flyout-grid\">\n    <h3 class=\"container large\">Ressources utiles<\/h3>\n    <div class=\"container large l-tiles\">\n                                <div class=\"member l-tile grid-item\" data-animate>\n                            <div class=\"image-wrap\">\n                    <img loading=\"lazy\" decoding=\"async\" width=\"302\" height=\"421\" src=\"https:\/\/yyj.ca\/wp-content\/uploads\/2023\/03\/HelpfulResouces_Information-Assistance.svg\" class=\"attachment-small-square size-small-square\" alt=\"HelpfulResouces_Information &amp; Assistance\" \/>                <\/div>\n                <div class=\"content\">\n                    <h4>Information et assistance<\/h4>\n                <\/div>\n                            <\/div>\n                                             <a href=\"https:\/\/yyj.ca\/travel-info\/international-currency-exchange\/\" class=\"member l-tile grid-item\" data-animate>\n                            <div class=\"image-wrap\">\n                    <img loading=\"lazy\" decoding=\"async\" width=\"302\" height=\"421\" src=\"https:\/\/yyj.ca\/wp-content\/uploads\/2023\/03\/HelpfulResouces_International-Currency-Exchange.svg\" class=\"attachment-small-square size-small-square\" alt=\"HelpfulResouces_International Currency Exchange\" \/>                <\/div>\n                <div class=\"content\">\n                    <h4>Change de devises<\/h4>\n                <\/div>\n                            <\/a>\n                                             <a href=\"https:\/\/yyj.ca\/travel-info\/bicycle-information\/\" class=\"member l-tile grid-item\" data-animate>\n                            <div class=\"image-wrap\">\n                    <img loading=\"lazy\" decoding=\"async\" width=\"302\" height=\"421\" src=\"https:\/\/yyj.ca\/wp-content\/uploads\/2023\/03\/HelpfulResouces_Bicycle-Information.svg\" class=\"attachment-small-square size-small-square\" alt=\"HelpfulResouces_Bicycle Information\" \/>                <\/div>\n                <div class=\"content\">\n                    <h4>Informations sur les bicyclettes<\/h4>\n                <\/div>\n                            <\/a>\n                                             <a href=\"https:\/\/yyj.ca\/travel-info\/lost-and-found\/\" class=\"member l-tile grid-item\" data-animate>\n                            <div class=\"image-wrap\">\n                    <img loading=\"lazy\" decoding=\"async\" width=\"302\" height=\"421\" src=\"https:\/\/yyj.ca\/wp-content\/uploads\/2023\/03\/HelpfulResouces_Lost-Found.svg\" class=\"attachment-small-square size-small-square\" alt=\"HelpfulResouces_Lost &amp; Found\" \/>                <\/div>\n                <div class=\"content\">\n                    <h4>Objets perdus et trouv\u00e9s<\/h4>\n                <\/div>\n                            <\/a>\n                                             <div class=\"member l-tile grid-item\" data-animate>\n                            <div class=\"image-wrap\">\n                    <img loading=\"lazy\" decoding=\"async\" width=\"302\" height=\"421\" src=\"https:\/\/yyj.ca\/wp-content\/uploads\/2023\/03\/HelpfulResouces_Nexus.svg\" class=\"attachment-small-square size-small-square\" alt=\"HelpfulResouces_Nexus\" \/>                <\/div>\n                <div class=\"content\">\n                    <h4>Nexus<\/h4>\n                <\/div>\n                            <\/div>\n                                             <a href=\"https:\/\/yyj.ca\/travel-info\/telus-wifi\/\" class=\"member l-tile grid-item\" data-animate>\n                            <div class=\"image-wrap\">\n                    <img loading=\"lazy\" decoding=\"async\" width=\"302\" height=\"421\" src=\"https:\/\/yyj.ca\/wp-content\/uploads\/2023\/03\/HelpfulResouces_Telus-Wifi.svg\" class=\"attachment-small-square size-small-square\" alt=\"HelpfulResouces_Telus Wifi\" \/>                <\/div>\n                <div class=\"content\">\n                    <h4>Wifi gratuit<\/h4>\n                <\/div>\n                            <\/a>\n                                             <a href=\"https:\/\/yyj.ca\/travel-info\/pet-relief-areas-animals-pets-policy\/\" class=\"member l-tile grid-item\" data-animate>\n                            <div class=\"image-wrap\">\n                    <img loading=\"lazy\" decoding=\"async\" width=\"302\" height=\"421\" src=\"https:\/\/yyj.ca\/wp-content\/uploads\/2023\/03\/HelpfulResouces_Pet-Relief-Area.svg\" class=\"attachment-small-square size-small-square\" alt=\"HelpfulResouces_Pet Relief Area\" \/>                <\/div>\n                <div class=\"content\">\n                    <h4>Zones et politiques d&rsquo;aide aux animaux<\/h4>\n                <\/div>\n                            <\/a>\n                                             <div class=\"member l-tile grid-item\" data-animate>\n                            <div class=\"image-wrap\">\n                    <img loading=\"lazy\" decoding=\"async\" width=\"302\" height=\"421\" src=\"https:\/\/yyj.ca\/wp-content\/uploads\/2023\/03\/HelpfulResouces_No-Smoking-Policy.svg\" class=\"attachment-small-square size-small-square\" alt=\"HelpfulResouces_No Smoking Policy\" \/>                <\/div>\n                <div class=\"content\">\n                    <h4>Politique anti-tabac<\/h4>\n                <\/div>\n                            <\/div>\n                              <div class=\"flyouts\">\n                            <div class=\"flyout\">\n                    <div class=\"close\"><\/div>\n                    <div class=\"image-wrap\">\n                        <img loading=\"lazy\" decoding=\"async\" width=\"302\" height=\"421\" src=\"https:\/\/yyj.ca\/wp-content\/uploads\/2023\/03\/HelpfulResouces_Information-Assistance.svg\" class=\"attachment-medium-square size-medium-square\" alt=\"HelpfulResouces_Information &amp; Assistance\" \/>                    <\/div>\n                    <div class=\"content\">\n                        <h3>Information et assistance<\/h3>\n                        <div class=\"text\"><p>Nos b\u00e9n\u00e9voles en blouse rouge sont sur place tous les jours pour apporter une aide pr\u00e9cieuse et assurer un accueil chaleureux \u00e0 l&rsquo;a\u00e9roport. Vous les trouverez au bureau d&rsquo;information situ\u00e9 dans la zone des arriv\u00e9es, juste avant les carrousels \u00e0 bagages.<\/p>\n<p>Nos agents charg\u00e9s de l&rsquo;engagement et de la s\u00e9curit\u00e9 des passagers (PESO) soutiennent notre <a href=\"https:\/\/aeroportdevictoria.com\/informations-sur-les-voyages\/services-daccessibilite\/\">programme d&rsquo;assistance sur le trottoir<\/a> et fournissent une assistance. Ils se trouvent au comptoir du service client\u00e8le de l&rsquo;a\u00e9roport, situ\u00e9 dans la zone d&rsquo;enregistrement des d\u00e9parts.<\/p>\n<\/div>\n                    <\/div>\n                <\/div>\n                            <div class=\"flyout\">\n                    <div class=\"close\"><\/div>\n                    <div class=\"image-wrap\">\n                        <img loading=\"lazy\" decoding=\"async\" width=\"302\" height=\"421\" src=\"https:\/\/yyj.ca\/wp-content\/uploads\/2023\/03\/HelpfulResouces_International-Currency-Exchange.svg\" class=\"attachment-medium-square size-medium-square\" alt=\"HelpfulResouces_International Currency Exchange\" \/>                    <\/div>\n                    <div class=\"content\">\n                        <h3>Change de devises<\/h3>\n                        <div class=\"text\"><\/div>\n                    <\/div>\n                <\/div>\n                            <div class=\"flyout\">\n                    <div class=\"close\"><\/div>\n                    <div class=\"image-wrap\">\n                        <img loading=\"lazy\" decoding=\"async\" width=\"302\" height=\"421\" src=\"https:\/\/yyj.ca\/wp-content\/uploads\/2023\/03\/HelpfulResouces_Bicycle-Information.svg\" class=\"attachment-medium-square size-medium-square\" alt=\"HelpfulResouces_Bicycle Information\" \/>                    <\/div>\n                    <div class=\"content\">\n                        <h3>Informations sur les bicyclettes<\/h3>\n                        <div class=\"text\"><\/div>\n                    <\/div>\n                <\/div>\n                            <div class=\"flyout\">\n                    <div class=\"close\"><\/div>\n                    <div class=\"image-wrap\">\n                        <img loading=\"lazy\" decoding=\"async\" width=\"302\" height=\"421\" src=\"https:\/\/yyj.ca\/wp-content\/uploads\/2023\/03\/HelpfulResouces_Lost-Found.svg\" class=\"attachment-medium-square size-medium-square\" alt=\"HelpfulResouces_Lost &amp; Found\" \/>                    <\/div>\n                    <div class=\"content\">\n                        <h3>Objets perdus et trouv\u00e9s<\/h3>\n                        <div class=\"text\"><\/div>\n                    <\/div>\n                <\/div>\n                            <div class=\"flyout\">\n                    <div class=\"close\"><\/div>\n                    <div class=\"image-wrap\">\n                        <img loading=\"lazy\" decoding=\"async\" width=\"302\" height=\"421\" src=\"https:\/\/yyj.ca\/wp-content\/uploads\/2023\/03\/HelpfulResouces_Nexus.svg\" class=\"attachment-medium-square size-medium-square\" alt=\"HelpfulResouces_Nexus\" \/>                    <\/div>\n                    <div class=\"content\">\n                        <h3>Nexus<\/h3>\n                        <div class=\"text\"><p>\u00c0 l&rsquo;A\u00e9roport international de Victoria, les titulaires de cartes NEXUS peuvent acc\u00e9der \u00e0 une voie sp\u00e9ciale de contr\u00f4le de s\u00e9curit\u00e9 avant l&#8217;embarquement. Les titulaires de la carte NEXUS peuvent acc\u00e9der \u00e0 un couloir sp\u00e9cial de contr\u00f4le de s\u00e9curit\u00e9 avant l&#8217;embarquement parce qu&rsquo;ils ont re\u00e7u une autorisation pr\u00e9alable et sont consid\u00e9r\u00e9s comme des voyageurs de confiance. Pr\u00e9sentez votre carte NEXUS au point de contr\u00f4le de s\u00e9curit\u00e9 et vous serez dirig\u00e9 vers la voie rapide ! Que vous voyagiez au Canada, aux \u00c9tats-Unis ou vers toute autre destination internationale, NEXUS rend votre exp\u00e9rience a\u00e9roportuaire encore plus pratique.<\/p>\n<p>Pour demander une carte NEXUS, consultez le <a href=\"http:\/\/www.cbsa-asfc.gc.ca\/menu-eng.html\">site web de l&rsquo;ASFC<\/a>. Le co\u00fbt d&rsquo;une carte NEXUS est de 50 dollars canadiens ou 50 dollars am\u00e9ricains par demandeur, ce qui donne droit \u00e0 une adh\u00e9sion de cinq ans apr\u00e8s approbation.<\/p>\n<p><img loading=\"lazy\" decoding=\"async\" class=\"alignnone size-full wp-image-5208\" src=\"https:\/\/yyj.ca\/wp-content\/uploads\/2023\/04\/nexus.jpeg\" alt=\"\" width=\"500\" height=\"281\" srcset=\"https:\/\/yyj.ca\/wp-content\/uploads\/2023\/04\/nexus.jpeg 500w, https:\/\/yyj.ca\/wp-content\/uploads\/2023\/04\/nexus-300x169.jpeg 300w\" sizes=\"auto, (max-width: 500px) 100vw, 500px\" \/><\/p>\n<\/div>\n                    <\/div>\n                <\/div>\n                            <div class=\"flyout\">\n                    <div class=\"close\"><\/div>\n                    <div class=\"image-wrap\">\n                        <img loading=\"lazy\" decoding=\"async\" width=\"302\" height=\"421\" src=\"https:\/\/yyj.ca\/wp-content\/uploads\/2023\/03\/HelpfulResouces_Telus-Wifi.svg\" class=\"attachment-medium-square size-medium-square\" alt=\"HelpfulResouces_Telus Wifi\" \/>                    <\/div>\n                    <div class=\"content\">\n                        <h3>Wifi gratuit<\/h3>\n                        <div class=\"text\"><\/div>\n                    <\/div>\n                <\/div>\n                            <div class=\"flyout\">\n                    <div class=\"close\"><\/div>\n                    <div class=\"image-wrap\">\n                        <img loading=\"lazy\" decoding=\"async\" width=\"302\" height=\"421\" src=\"https:\/\/yyj.ca\/wp-content\/uploads\/2023\/03\/HelpfulResouces_Pet-Relief-Area.svg\" class=\"attachment-medium-square size-medium-square\" alt=\"HelpfulResouces_Pet Relief Area\" \/>                    <\/div>\n                    <div class=\"content\">\n                        <h3>Zones et politiques d&rsquo;aide aux animaux<\/h3>\n                        <div class=\"text\"><\/div>\n                    <\/div>\n                <\/div>\n                            <div class=\"flyout\">\n                    <div class=\"close\"><\/div>\n                    <div class=\"image-wrap\">\n                        <img loading=\"lazy\" decoding=\"async\" width=\"302\" height=\"421\" src=\"https:\/\/yyj.ca\/wp-content\/uploads\/2023\/03\/HelpfulResouces_No-Smoking-Policy.svg\" class=\"attachment-medium-square size-medium-square\" alt=\"HelpfulResouces_No Smoking Policy\" \/>                    <\/div>\n                    <div class=\"content\">\n                        <h3>Politique anti-tabac<\/h3>\n                        <div class=\"text\"><p>Notre <a href=\"https:\/\/yyj.ca\/wp-content\/uploads\/2023\/01\/No-Smoking-Sec-Ops-Notice-18-10-11-1.pdf\">politique anti-tabac<\/a> interdit de fumer dans toutes les zones de l&rsquo;a\u00e9roport, sauf aux endroits d\u00e9sign\u00e9s. Deux abris pour fumeurs situ\u00e9s dans le parking de courte dur\u00e9e sont les seules zones d\u00e9sign\u00e9es o\u00f9 il est permis de fumer sur le site de l&rsquo;a\u00e9roport.<\/p>\n<\/div>\n                    <\/div>\n                <\/div>\n                    <\/div>\n    <\/div>\n<\/section><section class=\"cta\" style=\"background-color: #76BD21;\">\n    <div class=\"container flex\">\n        <div class=\"text\">D\u00e9couvrez d&rsquo;autres FAQ int\u00e9ressantes sur l&rsquo;a\u00e9roport YYJ<\/div>\n        <a class=\"button\" href=\"https:\/\/aeroportdevictoria.com\/se-connecter-avec-yyj\/foire-aux-questions-faq\/\">Voir les FAQ<\/a>\n    <\/div>\n<\/section>\n<figure class=\"wp-block-gallery has-nested-images columns-5 is-cropped wp-block-gallery-1 is-layout-flex wp-block-gallery-is-layout-flex\">\n<figure class=\"wp-block-image size-large\"><img loading=\"lazy\" decoding=\"async\" width=\"1920\" height=\"1080\" data-id=\"3465\" src=\"https:\/\/yyj.ca\/wp-content\/uploads\/2022\/10\/banner-image.jpg\" alt=\"\" class=\"wp-image-3465\" srcset=\"https:\/\/yyj.ca\/wp-content\/uploads\/2022\/10\/banner-image.jpg 1920w, https:\/\/yyj.ca\/wp-content\/uploads\/2022\/10\/banner-image-300x169.jpg 300w, https:\/\/yyj.ca\/wp-content\/uploads\/2022\/10\/banner-image-1024x576.jpg 1024w, https:\/\/yyj.ca\/wp-content\/uploads\/2022\/10\/banner-image-1536x864.jpg 1536w\" sizes=\"auto, (max-width: 1920px) 100vw, 1920px\" \/><\/figure>\n\n\n\n<figure class=\"wp-block-image size-large\"><img loading=\"lazy\" decoding=\"async\" width=\"768\" height=\"683\" data-id=\"3509\" src=\"https:\/\/yyj.ca\/wp-content\/uploads\/2022\/10\/things.jpg\" alt=\"\" class=\"wp-image-3509\" srcset=\"https:\/\/yyj.ca\/wp-content\/uploads\/2022\/10\/things.jpg 768w, https:\/\/yyj.ca\/wp-content\/uploads\/2022\/10\/things-300x267.jpg 300w\" sizes=\"auto, (max-width: 768px) 100vw, 768px\" \/><\/figure>\n\n\n\n<figure class=\"wp-block-image size-large\"><img loading=\"lazy\" decoding=\"async\" width=\"768\" height=\"617\" data-id=\"3510\" src=\"https:\/\/yyj.ca\/wp-content\/uploads\/2022\/10\/trav-info-1.jpg\" alt=\"\" class=\"wp-image-3510\" srcset=\"https:\/\/yyj.ca\/wp-content\/uploads\/2022\/10\/trav-info-1.jpg 768w, https:\/\/yyj.ca\/wp-content\/uploads\/2022\/10\/trav-info-1-300x241.jpg 300w\" sizes=\"auto, (max-width: 768px) 100vw, 768px\" \/><\/figure>\n\n\n\n<figure class=\"wp-block-image size-large\"><img loading=\"lazy\" decoding=\"async\" width=\"768\" height=\"534\" data-id=\"3511\" src=\"https:\/\/yyj.ca\/wp-content\/uploads\/2022\/10\/service-1.jpg\" alt=\"\" class=\"wp-image-3511\" srcset=\"https:\/\/yyj.ca\/wp-content\/uploads\/2022\/10\/service-1.jpg 768w, https:\/\/yyj.ca\/wp-content\/uploads\/2022\/10\/service-1-300x209.jpg 300w\" sizes=\"auto, (max-width: 768px) 100vw, 768px\" \/><\/figure>\n\n\n\n<figure class=\"wp-block-image size-large\"><img loading=\"lazy\" decoding=\"async\" width=\"768\" height=\"599\" data-id=\"3512\" src=\"https:\/\/yyj.ca\/wp-content\/uploads\/2022\/10\/parking-1.jpg\" alt=\"\" class=\"wp-image-3512\" srcset=\"https:\/\/yyj.ca\/wp-content\/uploads\/2022\/10\/parking-1.jpg 768w, https:\/\/yyj.ca\/wp-content\/uploads\/2022\/10\/parking-1-300x234.jpg 300w\" sizes=\"auto, (max-width: 768px) 100vw, 768px\" \/><\/figure>\n<\/figure>\n","protected":false},"excerpt":{"rendered":"","protected":false},"author":1,"featured_media":0,"parent":0,"menu_order":72,"comment_status":"closed","ping_status":"closed","template":"","meta":{"_acf_changed":false,"footnotes":""},"class_list":["post-6832","page","type-page","status-publish","hentry"],"acf":[],"yoast_head":"<!-- This site is optimized with the Yoast SEO plugin v27.3 - https:\/\/yoast.com\/product\/yoast-seo-wordpress\/ -->\n<title>Services et \u00e9quipements - Victoria Airport Authority %<\/title>\n<meta name=\"robots\" content=\"index, follow, max-snippet:-1, max-image-preview:large, max-video-preview:-1\" \/>\n<link rel=\"canonical\" href=\"https:\/\/yyj.ca\/fr\/services-et-equipements\/\" \/>\n<meta property=\"og:locale\" content=\"fr_FR\" \/>\n<meta property=\"og:type\" content=\"article\" \/>\n<meta property=\"og:title\" content=\"Services et \u00e9quipements - Victoria Airport Authority %\" \/>\n<meta property=\"og:url\" content=\"https:\/\/yyj.ca\/fr\/services-et-equipements\/\" \/>\n<meta property=\"og:site_name\" content=\"Victoria Airport Authority\" \/>\n<meta property=\"article:modified_time\" content=\"2025-01-28T17:18:54+00:00\" \/>\n<meta property=\"og:image\" content=\"https:\/\/yyj.ca\/wp-content\/uploads\/2022\/11\/YYJ-Airport-Terminal-Map.jpg\" \/>\n<meta name=\"twitter:card\" content=\"summary_large_image\" \/>\n<meta name=\"twitter:label1\" content=\"Dur\u00e9e de lecture estim\u00e9e\" \/>\n\t<meta name=\"twitter:data1\" content=\"2 minutes\" \/>\n<script type=\"application\/ld+json\" class=\"yoast-schema-graph\">{\"@context\":\"https:\\\/\\\/schema.org\",\"@graph\":[{\"@type\":\"WebPage\",\"@id\":\"https:\\\/\\\/yyj.ca\\\/fr\\\/services-et-equipements\\\/\",\"url\":\"https:\\\/\\\/yyj.ca\\\/fr\\\/services-et-equipements\\\/\",\"name\":\"Services et \u00e9quipements - Victoria Airport Authority %\",\"isPartOf\":{\"@id\":\"https:\\\/\\\/yyj.ca\\\/fr\\\/#website\"},\"primaryImageOfPage\":{\"@id\":\"https:\\\/\\\/yyj.ca\\\/fr\\\/services-et-equipements\\\/#primaryimage\"},\"image\":{\"@id\":\"https:\\\/\\\/yyj.ca\\\/fr\\\/services-et-equipements\\\/#primaryimage\"},\"thumbnailUrl\":\"https:\\\/\\\/yyj.ca\\\/wp-content\\\/uploads\\\/2022\\\/11\\\/YYJ-Airport-Terminal-Map.jpg\",\"datePublished\":\"2022-10-06T19:47:42+00:00\",\"dateModified\":\"2025-01-28T17:18:54+00:00\",\"breadcrumb\":{\"@id\":\"https:\\\/\\\/yyj.ca\\\/fr\\\/services-et-equipements\\\/#breadcrumb\"},\"inLanguage\":\"fr-FR\",\"potentialAction\":[{\"@type\":\"ReadAction\",\"target\":[\"https:\\\/\\\/yyj.ca\\\/fr\\\/services-et-equipements\\\/\"]}]},{\"@type\":\"ImageObject\",\"inLanguage\":\"fr-FR\",\"@id\":\"https:\\\/\\\/yyj.ca\\\/fr\\\/services-et-equipements\\\/#primaryimage\",\"url\":\"https:\\\/\\\/yyj.ca\\\/wp-content\\\/uploads\\\/2022\\\/11\\\/YYJ-Airport-Terminal-Map.jpg\",\"contentUrl\":\"https:\\\/\\\/yyj.ca\\\/wp-content\\\/uploads\\\/2022\\\/11\\\/YYJ-Airport-Terminal-Map.jpg\"},{\"@type\":\"BreadcrumbList\",\"@id\":\"https:\\\/\\\/yyj.ca\\\/fr\\\/services-et-equipements\\\/#breadcrumb\",\"itemListElement\":[{\"@type\":\"ListItem\",\"position\":1,\"name\":\"Home\",\"item\":\"https:\\\/\\\/yyj.ca\\\/fr\\\/\"},{\"@type\":\"ListItem\",\"position\":2,\"name\":\"Services et \u00e9quipements\"}]},{\"@type\":\"WebSite\",\"@id\":\"https:\\\/\\\/yyj.ca\\\/fr\\\/#website\",\"url\":\"https:\\\/\\\/yyj.ca\\\/fr\\\/\",\"name\":\"Victoria Airport Authority\",\"description\":\"Victoria International Airport\",\"publisher\":{\"@id\":\"https:\\\/\\\/yyj.ca\\\/fr\\\/#organization\"},\"potentialAction\":[{\"@type\":\"SearchAction\",\"target\":{\"@type\":\"EntryPoint\",\"urlTemplate\":\"https:\\\/\\\/yyj.ca\\\/fr\\\/?s={search_term_string}\"},\"query-input\":{\"@type\":\"PropertyValueSpecification\",\"valueRequired\":true,\"valueName\":\"search_term_string\"}}],\"inLanguage\":\"fr-FR\"},{\"@type\":\"Organization\",\"@id\":\"https:\\\/\\\/yyj.ca\\\/fr\\\/#organization\",\"name\":\"Victoria Inernational Airport\",\"url\":\"https:\\\/\\\/yyj.ca\\\/fr\\\/\",\"logo\":{\"@type\":\"ImageObject\",\"inLanguage\":\"fr-FR\",\"@id\":\"https:\\\/\\\/yyj.ca\\\/fr\\\/#\\\/schema\\\/logo\\\/image\\\/\",\"url\":\"https:\\\/\\\/aeroportdevictoria.com\\\/wp-content\\\/uploads\\\/2023\\\/06\\\/yyj-logo.svg\",\"contentUrl\":\"https:\\\/\\\/aeroportdevictoria.com\\\/wp-content\\\/uploads\\\/2023\\\/06\\\/yyj-logo.svg\",\"width\":378,\"height\":73,\"caption\":\"Victoria Inernational Airport\"},\"image\":{\"@id\":\"https:\\\/\\\/yyj.ca\\\/fr\\\/#\\\/schema\\\/logo\\\/image\\\/\"}}]}<\/script>\n<!-- \/ Yoast SEO plugin. -->","yoast_head_json":{"title":"Services et \u00e9quipements - Victoria Airport Authority %","robots":{"index":"index","follow":"follow","max-snippet":"max-snippet:-1","max-image-preview":"max-image-preview:large","max-video-preview":"max-video-preview:-1"},"canonical":"https:\/\/yyj.ca\/fr\/services-et-equipements\/","og_locale":"fr_FR","og_type":"article","og_title":"Services et \u00e9quipements - Victoria Airport Authority %","og_url":"https:\/\/yyj.ca\/fr\/services-et-equipements\/","og_site_name":"Victoria Airport Authority","article_modified_time":"2025-01-28T17:18:54+00:00","og_image":[{"url":"https:\/\/yyj.ca\/wp-content\/uploads\/2022\/11\/YYJ-Airport-Terminal-Map.jpg","type":"","width":"","height":""}],"twitter_card":"summary_large_image","twitter_misc":{"Dur\u00e9e de lecture estim\u00e9e":"2 minutes"},"schema":{"@context":"https:\/\/schema.org","@graph":[{"@type":"WebPage","@id":"https:\/\/yyj.ca\/fr\/services-et-equipements\/","url":"https:\/\/yyj.ca\/fr\/services-et-equipements\/","name":"Services et \u00e9quipements - Victoria Airport Authority %","isPartOf":{"@id":"https:\/\/yyj.ca\/fr\/#website"},"primaryImageOfPage":{"@id":"https:\/\/yyj.ca\/fr\/services-et-equipements\/#primaryimage"},"image":{"@id":"https:\/\/yyj.ca\/fr\/services-et-equipements\/#primaryimage"},"thumbnailUrl":"https:\/\/yyj.ca\/wp-content\/uploads\/2022\/11\/YYJ-Airport-Terminal-Map.jpg","datePublished":"2022-10-06T19:47:42+00:00","dateModified":"2025-01-28T17:18:54+00:00","breadcrumb":{"@id":"https:\/\/yyj.ca\/fr\/services-et-equipements\/#breadcrumb"},"inLanguage":"fr-FR","potentialAction":[{"@type":"ReadAction","target":["https:\/\/yyj.ca\/fr\/services-et-equipements\/"]}]},{"@type":"ImageObject","inLanguage":"fr-FR","@id":"https:\/\/yyj.ca\/fr\/services-et-equipements\/#primaryimage","url":"https:\/\/yyj.ca\/wp-content\/uploads\/2022\/11\/YYJ-Airport-Terminal-Map.jpg","contentUrl":"https:\/\/yyj.ca\/wp-content\/uploads\/2022\/11\/YYJ-Airport-Terminal-Map.jpg"},{"@type":"BreadcrumbList","@id":"https:\/\/yyj.ca\/fr\/services-et-equipements\/#breadcrumb","itemListElement":[{"@type":"ListItem","position":1,"name":"Home","item":"https:\/\/yyj.ca\/fr\/"},{"@type":"ListItem","position":2,"name":"Services et \u00e9quipements"}]},{"@type":"WebSite","@id":"https:\/\/yyj.ca\/fr\/#website","url":"https:\/\/yyj.ca\/fr\/","name":"Victoria Airport Authority","description":"Victoria International Airport","publisher":{"@id":"https:\/\/yyj.ca\/fr\/#organization"},"potentialAction":[{"@type":"SearchAction","target":{"@type":"EntryPoint","urlTemplate":"https:\/\/yyj.ca\/fr\/?s={search_term_string}"},"query-input":{"@type":"PropertyValueSpecification","valueRequired":true,"valueName":"search_term_string"}}],"inLanguage":"fr-FR"},{"@type":"Organization","@id":"https:\/\/yyj.ca\/fr\/#organization","name":"Victoria Inernational Airport","url":"https:\/\/yyj.ca\/fr\/","logo":{"@type":"ImageObject","inLanguage":"fr-FR","@id":"https:\/\/yyj.ca\/fr\/#\/schema\/logo\/image\/","url":"https:\/\/aeroportdevictoria.com\/wp-content\/uploads\/2023\/06\/yyj-logo.svg","contentUrl":"https:\/\/aeroportdevictoria.com\/wp-content\/uploads\/2023\/06\/yyj-logo.svg","width":378,"height":73,"caption":"Victoria Inernational Airport"},"image":{"@id":"https:\/\/yyj.ca\/fr\/#\/schema\/logo\/image\/"}}]}},"_links":{"self":[{"href":"https:\/\/yyj.ca\/fr\/wp-json\/wp\/v2\/pages\/6832","targetHints":{"allow":["GET"]}}],"collection":[{"href":"https:\/\/yyj.ca\/fr\/wp-json\/wp\/v2\/pages"}],"about":[{"href":"https:\/\/yyj.ca\/fr\/wp-json\/wp\/v2\/types\/page"}],"author":[{"embeddable":true,"href":"https:\/\/yyj.ca\/fr\/wp-json\/wp\/v2\/users\/1"}],"replies":[{"embeddable":true,"href":"https:\/\/yyj.ca\/fr\/wp-json\/wp\/v2\/comments?post=6832"}],"version-history":[{"count":0,"href":"https:\/\/yyj.ca\/fr\/wp-json\/wp\/v2\/pages\/6832\/revisions"}],"wp:attachment":[{"href":"https:\/\/yyj.ca\/fr\/wp-json\/wp\/v2\/media?parent=6832"}],"curies":[{"name":"wp","href":"https:\/\/api.w.org\/{rel}","templated":true}]}}