{"id":10872,"date":"2024-08-16T14:15:50","date_gmt":"2024-08-16T21:15:50","guid":{"rendered":"https:\/\/yyj.ca\/environnement-et-developpement-durable\/jardin-des-pollinisateurs\/"},"modified":"2024-08-18T11:01:16","modified_gmt":"2024-08-18T18:01:16","slug":"jardin-des-pollinisateurs","status":"publish","type":"page","link":"https:\/\/yyj.ca\/fr\/environnement-et-developpement-durable\/jardin-des-pollinisateurs\/","title":{"rendered":"Jardin pollinisateur YYJ"},"content":{"rendered":"\n<section class=\"banner\">\n            <div class=\"image-wrap\">\n            <img fetchpriority=\"high\" decoding=\"async\" width=\"2560\" height=\"1707\" src=\"https:\/\/yyj.ca\/wp-content\/uploads\/2024\/08\/Bumble-bee-on-Woolly-Sunflower-2-scaled.jpg\" class=\"attachment-full size-full\" alt=\"\" loading=\"eager\" srcset=\"https:\/\/yyj.ca\/wp-content\/uploads\/2024\/08\/Bumble-bee-on-Woolly-Sunflower-2-scaled.jpg 2560w, https:\/\/yyj.ca\/wp-content\/uploads\/2024\/08\/Bumble-bee-on-Woolly-Sunflower-2-300x200.jpg 300w, https:\/\/yyj.ca\/wp-content\/uploads\/2024\/08\/Bumble-bee-on-Woolly-Sunflower-2-1024x683.jpg 1024w, https:\/\/yyj.ca\/wp-content\/uploads\/2024\/08\/Bumble-bee-on-Woolly-Sunflower-2-1536x1024.jpg 1536w, https:\/\/yyj.ca\/wp-content\/uploads\/2024\/08\/Bumble-bee-on-Woolly-Sunflower-2-2048x1365.jpg 2048w\" sizes=\"(max-width: 2560px) 100vw, 2560px\" \/>        <\/div>\n        <div class=\"container large\">\n                    <h1>Visitez le jardin des pollinisateurs de YYJ<\/h1>\n                    <\/div>\n    <div class=\"banner-graphic\">\n        <img decoding=\"async\" src=\"\/wp-content\/themes\/eclipse360\/assets\/images\/banner-bottom.svg\" alt=\"banner-graphic\">\n    <\/div>\n<\/section>\n<section class=\"page-intro\">\n    <div class=\"container\">\n        <div class=\"content\"><p>Visitez notre jardin communautaire pour pollinisateurs, un lieu d&rsquo;apprentissage, de jeu et de c\u00e9l\u00e9bration de la biodiversit\u00e9 des plantes indig\u00e8nes et des esp\u00e8ces de pollinisateurs ! Au jardin, vous vous trouvez sur le territoire traditionnel du peuple W\u0331S\u00c1NE\u0106, qui g\u00e8re cette r\u00e9gion depuis des temps imm\u00e9moriaux et dont la relation avec la terre continue de nous instruire et de nous inspirer aujourd&rsquo;hui encore. Ce jardin, install\u00e9 en 2022, a \u00e9t\u00e9 con\u00e7u pour contribuer \u00e0 la r\u00e9g\u00e9n\u00e9ration de l&rsquo;\u00e9cosyst\u00e8me du ch\u00eane de Garry, culturellement important, qui prosp\u00e9rait autrefois sur les terres du YYJ. Observez l&rsquo;\u00e9volution du jardin tout au long de la saison. En \u00e9t\u00e9, observez les abeilles et les papillons qui volent de fleur en fleur. En hiver, marchez doucement car les pollinisateurs sont en dormance dans les d\u00e9bris de feuilles, les troncs d&rsquo;arbre et les nids souterrains. Consultez notre guide du jardin pour en savoir plus sur les esp\u00e8ces de plantes indig\u00e8nes que vous pouvez trouver dans le jardin. Profitez-en !<\/p>\n<\/div>\n    <\/div>\n<\/section>\n<section class=\"block_background dark\" style=\"background-color: ;\">\n        <div class=\"container moyen\">\n        \n\n<p><a href=\"https:\/\/aeroportdevictoria.com\/wp-content\/uploads\/2024\/08\/YYJ-Pollinator-Garden-Brochure.pdf\">Guide des plantes pollinisatrices (EN)<\/a><\/p>\n\n\n\n<p><a href=\"https:\/\/aeroportdevictoria.com\/wp-content\/uploads\/2024\/08\/YYJ-Pollinator-Garden-Brochure-French.pdf\">Guide du Jardin des Pollinisateurs (FR)<\/a><\/p>\n\n\n    <\/div>\n<\/section>","protected":false},"excerpt":{"rendered":"","protected":false},"author":10,"featured_media":0,"parent":6843,"menu_order":0,"comment_status":"closed","ping_status":"closed","template":"","meta":{"_acf_changed":false,"footnotes":""},"class_list":["post-10872","page","type-page","status-publish","hentry"],"acf":[],"yoast_head":"<!-- This site is optimized with the Yoast SEO plugin v27.3 - https:\/\/yoast.com\/product\/yoast-seo-wordpress\/ -->\n<title>Jardin pollinisateur YYJ - Victoria Airport Authority<\/title>\n<meta name=\"robots\" content=\"index, follow, max-snippet:-1, max-image-preview:large, max-video-preview:-1\" \/>\n<link rel=\"canonical\" href=\"https:\/\/yyj.ca\/fr\/environnement-et-developpement-durable\/jardin-des-pollinisateurs\/\" \/>\n<meta property=\"og:locale\" content=\"fr_FR\" \/>\n<meta property=\"og:type\" content=\"article\" \/>\n<meta property=\"og:title\" content=\"Jardin pollinisateur YYJ - Victoria Airport Authority\" \/>\n<meta property=\"og:url\" content=\"https:\/\/yyj.ca\/fr\/environnement-et-developpement-durable\/jardin-des-pollinisateurs\/\" \/>\n<meta property=\"og:site_name\" content=\"Victoria Airport Authority\" \/>\n<meta property=\"article:modified_time\" content=\"2024-08-18T18:01:16+00:00\" \/>\n<meta name=\"twitter:card\" content=\"summary_large_image\" \/>\n<script type=\"application\/ld+json\" class=\"yoast-schema-graph\">{\"@context\":\"https:\\\/\\\/schema.org\",\"@graph\":[{\"@type\":\"WebPage\",\"@id\":\"https:\\\/\\\/yyj.ca\\\/fr\\\/environnement-et-developpement-durable\\\/jardin-des-pollinisateurs\\\/\",\"url\":\"https:\\\/\\\/yyj.ca\\\/fr\\\/environnement-et-developpement-durable\\\/jardin-des-pollinisateurs\\\/\",\"name\":\"Jardin pollinisateur YYJ - Victoria Airport Authority\",\"isPartOf\":{\"@id\":\"https:\\\/\\\/yyj.ca\\\/fr\\\/#website\"},\"datePublished\":\"2024-08-16T21:15:50+00:00\",\"dateModified\":\"2024-08-18T18:01:16+00:00\",\"breadcrumb\":{\"@id\":\"https:\\\/\\\/yyj.ca\\\/fr\\\/environnement-et-developpement-durable\\\/jardin-des-pollinisateurs\\\/#breadcrumb\"},\"inLanguage\":\"fr-FR\",\"potentialAction\":[{\"@type\":\"ReadAction\",\"target\":[\"https:\\\/\\\/yyj.ca\\\/fr\\\/environnement-et-developpement-durable\\\/jardin-des-pollinisateurs\\\/\"]}]},{\"@type\":\"BreadcrumbList\",\"@id\":\"https:\\\/\\\/yyj.ca\\\/fr\\\/environnement-et-developpement-durable\\\/jardin-des-pollinisateurs\\\/#breadcrumb\",\"itemListElement\":[{\"@type\":\"ListItem\",\"position\":1,\"name\":\"Home\",\"item\":\"https:\\\/\\\/yyj.ca\\\/fr\\\/\"},{\"@type\":\"ListItem\",\"position\":2,\"name\":\"Environnement et d\u00e9veloppement durable\",\"item\":\"https:\\\/\\\/yyj.ca\\\/fr\\\/environnement-et-developpement-durable\\\/\"},{\"@type\":\"ListItem\",\"position\":3,\"name\":\"Jardin pollinisateur YYJ\"}]},{\"@type\":\"WebSite\",\"@id\":\"https:\\\/\\\/yyj.ca\\\/fr\\\/#website\",\"url\":\"https:\\\/\\\/yyj.ca\\\/fr\\\/\",\"name\":\"Victoria Airport Authority\",\"description\":\"Victoria International Airport\",\"publisher\":{\"@id\":\"https:\\\/\\\/yyj.ca\\\/fr\\\/#organization\"},\"potentialAction\":[{\"@type\":\"SearchAction\",\"target\":{\"@type\":\"EntryPoint\",\"urlTemplate\":\"https:\\\/\\\/yyj.ca\\\/fr\\\/?s={search_term_string}\"},\"query-input\":{\"@type\":\"PropertyValueSpecification\",\"valueRequired\":true,\"valueName\":\"search_term_string\"}}],\"inLanguage\":\"fr-FR\"},{\"@type\":\"Organization\",\"@id\":\"https:\\\/\\\/yyj.ca\\\/fr\\\/#organization\",\"name\":\"Victoria Inernational Airport\",\"url\":\"https:\\\/\\\/yyj.ca\\\/fr\\\/\",\"logo\":{\"@type\":\"ImageObject\",\"inLanguage\":\"fr-FR\",\"@id\":\"https:\\\/\\\/yyj.ca\\\/fr\\\/#\\\/schema\\\/logo\\\/image\\\/\",\"url\":\"https:\\\/\\\/aeroportdevictoria.com\\\/wp-content\\\/uploads\\\/2023\\\/06\\\/yyj-logo.svg\",\"contentUrl\":\"https:\\\/\\\/aeroportdevictoria.com\\\/wp-content\\\/uploads\\\/2023\\\/06\\\/yyj-logo.svg\",\"width\":378,\"height\":73,\"caption\":\"Victoria Inernational Airport\"},\"image\":{\"@id\":\"https:\\\/\\\/yyj.ca\\\/fr\\\/#\\\/schema\\\/logo\\\/image\\\/\"}}]}<\/script>\n<!-- \/ Yoast SEO plugin. -->","yoast_head_json":{"title":"Jardin pollinisateur YYJ - Victoria Airport Authority","robots":{"index":"index","follow":"follow","max-snippet":"max-snippet:-1","max-image-preview":"max-image-preview:large","max-video-preview":"max-video-preview:-1"},"canonical":"https:\/\/yyj.ca\/fr\/environnement-et-developpement-durable\/jardin-des-pollinisateurs\/","og_locale":"fr_FR","og_type":"article","og_title":"Jardin pollinisateur YYJ - Victoria Airport Authority","og_url":"https:\/\/yyj.ca\/fr\/environnement-et-developpement-durable\/jardin-des-pollinisateurs\/","og_site_name":"Victoria Airport Authority","article_modified_time":"2024-08-18T18:01:16+00:00","twitter_card":"summary_large_image","schema":{"@context":"https:\/\/schema.org","@graph":[{"@type":"WebPage","@id":"https:\/\/yyj.ca\/fr\/environnement-et-developpement-durable\/jardin-des-pollinisateurs\/","url":"https:\/\/yyj.ca\/fr\/environnement-et-developpement-durable\/jardin-des-pollinisateurs\/","name":"Jardin pollinisateur YYJ - Victoria Airport Authority","isPartOf":{"@id":"https:\/\/yyj.ca\/fr\/#website"},"datePublished":"2024-08-16T21:15:50+00:00","dateModified":"2024-08-18T18:01:16+00:00","breadcrumb":{"@id":"https:\/\/yyj.ca\/fr\/environnement-et-developpement-durable\/jardin-des-pollinisateurs\/#breadcrumb"},"inLanguage":"fr-FR","potentialAction":[{"@type":"ReadAction","target":["https:\/\/yyj.ca\/fr\/environnement-et-developpement-durable\/jardin-des-pollinisateurs\/"]}]},{"@type":"BreadcrumbList","@id":"https:\/\/yyj.ca\/fr\/environnement-et-developpement-durable\/jardin-des-pollinisateurs\/#breadcrumb","itemListElement":[{"@type":"ListItem","position":1,"name":"Home","item":"https:\/\/yyj.ca\/fr\/"},{"@type":"ListItem","position":2,"name":"Environnement et d\u00e9veloppement durable","item":"https:\/\/yyj.ca\/fr\/environnement-et-developpement-durable\/"},{"@type":"ListItem","position":3,"name":"Jardin pollinisateur YYJ"}]},{"@type":"WebSite","@id":"https:\/\/yyj.ca\/fr\/#website","url":"https:\/\/yyj.ca\/fr\/","name":"Victoria Airport Authority","description":"Victoria International Airport","publisher":{"@id":"https:\/\/yyj.ca\/fr\/#organization"},"potentialAction":[{"@type":"SearchAction","target":{"@type":"EntryPoint","urlTemplate":"https:\/\/yyj.ca\/fr\/?s={search_term_string}"},"query-input":{"@type":"PropertyValueSpecification","valueRequired":true,"valueName":"search_term_string"}}],"inLanguage":"fr-FR"},{"@type":"Organization","@id":"https:\/\/yyj.ca\/fr\/#organization","name":"Victoria Inernational Airport","url":"https:\/\/yyj.ca\/fr\/","logo":{"@type":"ImageObject","inLanguage":"fr-FR","@id":"https:\/\/yyj.ca\/fr\/#\/schema\/logo\/image\/","url":"https:\/\/aeroportdevictoria.com\/wp-content\/uploads\/2023\/06\/yyj-logo.svg","contentUrl":"https:\/\/aeroportdevictoria.com\/wp-content\/uploads\/2023\/06\/yyj-logo.svg","width":378,"height":73,"caption":"Victoria Inernational Airport"},"image":{"@id":"https:\/\/yyj.ca\/fr\/#\/schema\/logo\/image\/"}}]}},"_links":{"self":[{"href":"https:\/\/yyj.ca\/fr\/wp-json\/wp\/v2\/pages\/10872","targetHints":{"allow":["GET"]}}],"collection":[{"href":"https:\/\/yyj.ca\/fr\/wp-json\/wp\/v2\/pages"}],"about":[{"href":"https:\/\/yyj.ca\/fr\/wp-json\/wp\/v2\/types\/page"}],"author":[{"embeddable":true,"href":"https:\/\/yyj.ca\/fr\/wp-json\/wp\/v2\/users\/10"}],"replies":[{"embeddable":true,"href":"https:\/\/yyj.ca\/fr\/wp-json\/wp\/v2\/comments?post=10872"}],"version-history":[{"count":0,"href":"https:\/\/yyj.ca\/fr\/wp-json\/wp\/v2\/pages\/10872\/revisions"}],"up":[{"embeddable":true,"href":"https:\/\/yyj.ca\/fr\/wp-json\/wp\/v2\/pages\/6843"}],"wp:attachment":[{"href":"https:\/\/yyj.ca\/fr\/wp-json\/wp\/v2\/media?parent=10872"}],"curies":[{"name":"wp","href":"https:\/\/api.w.org\/{rel}","templated":true}]}}