{"id":10771,"date":"2022-10-06T14:19:29","date_gmt":"2022-10-06T21:19:29","guid":{"rendered":"https:\/\/yyj.ca\/notre-avenir\/projets-et-planification\/"},"modified":"2026-03-30T11:30:00","modified_gmt":"2026-03-30T18:30:00","slug":"projets-et-planification","status":"publish","type":"page","link":"https:\/\/yyj.ca\/fr\/notre-avenir\/projets-et-planification\/","title":{"rendered":"Projets et planification"},"content":{"rendered":"\n<section class=\"banner\">\n            <div class=\"image-wrap\">\n            <img fetchpriority=\"high\" decoding=\"async\" width=\"2560\" height=\"1702\" src=\"https:\/\/yyj.ca\/wp-content\/uploads\/2024\/06\/DSC_0125-scaled.jpg\" class=\"attachment-full size-full\" alt=\"\" loading=\"eager\" srcset=\"https:\/\/yyj.ca\/wp-content\/uploads\/2024\/06\/DSC_0125-scaled.jpg 2560w, https:\/\/yyj.ca\/wp-content\/uploads\/2024\/06\/DSC_0125-300x199.jpg 300w, https:\/\/yyj.ca\/wp-content\/uploads\/2024\/06\/DSC_0125-1024x681.jpg 1024w, https:\/\/yyj.ca\/wp-content\/uploads\/2024\/06\/DSC_0125-1536x1021.jpg 1536w, https:\/\/yyj.ca\/wp-content\/uploads\/2024\/06\/DSC_0125-2048x1362.jpg 2048w\" sizes=\"(max-width: 2560px) 100vw, 2560px\" \/>        <\/div>\n        <div class=\"container large\">\n                    <h2 class=\"overline\">SOCI\u00c9T\u00c9<\/h2>\n                    <h1>PROJETS DE CONSTRUCTION<\/h1>\n                    <\/div>\n    <div class=\"banner-graphic\">\n        <img decoding=\"async\" src=\"\/wp-content\/themes\/eclipse360\/assets\/images\/banner-bottom.svg\" alt=\"banner-graphic\">\n    <\/div>\n<\/section>\n\n\n<div class=\"wp-block-image\">\n<figure class=\"aligncenter size-full\"><img decoding=\"async\" src=\"https:\/\/yyj.ca\/wp-content\/uploads\/2026\/03\/DWG_2026-02-04_Capital-Project-Web-Map-scaled.jpg\" alt=\"\" class=\"wp-image-13146\"\/><\/figure>\n<\/div>\n\n\n<section class=\"accordions dark\">\n        <div class=\"container\">\n                    <h2>Mise \u00e0 jour des projets &#8211; Projets 2026<\/h2>\n         \n                    <div class=\"intro\"><p>D\u00e9couvrez les projets en cours \u00e0 YYJ et leur impact sur l&rsquo;a\u00e9roport et la communaut\u00e9.<\/p>\n<\/div>\n                <div class=\"ac-inner\">\n                            <div class=\"accordion\">\n                    <h4 class=\"ac-trigger flex\">1 \u2013 Remplacement des c\u00e2bles et conduits du syst\u00e8me d\u2019atterrissage aux instruments (ILS)<\/h4>\n                    <div class=\"ac-content\"><p>Aper\u00e7u\u00a0: Le c\u00e2blage \u00e9lectrique du syst\u00e8me d\u2019atterrissage aux instruments arrive en fin de vie utile et sera remplac\u00e9.<\/p>\n<p>Avantages\u00a0: Assure un guidage \u00e0 l\u2019atterrissage fiable, r\u00e9duit au minimum les risques d\u2019interruption de service et maintient la s\u00e9curit\u00e9 des activit\u00e9s par mauvais temps.<\/p>\n<p>\u00c9ch\u00e9ancier : La planification et la conception ont commenc\u00e9 en 2025, et la construction est pr\u00e9vue en 2026.<\/p>\n<\/div>\n                <\/div>\n                            <div class=\"accordion\">\n                    <h4 class=\"ac-trigger flex\">2 \u2013 Remplacement des panneaux de signalisation de l\u2019a\u00e9rodrome<\/h4>\n                    <div class=\"ac-content\"><p>Aper\u00e7u\u00a0: Tous les panneaux de signalisation de l\u2019a\u00e9rodrome sont mis \u00e0 jour afin de se conformer aux normes actuelles de Transports Canada.<\/p>\n<p>Avantages\u00a0: Am\u00e9liore la s\u00e9curit\u00e9 et la clart\u00e9 de l\u2019exploitation a\u00e9rienne pour garantir une conformit\u00e9 totale \u00e0 la r\u00e9glementation.<\/p>\n<p>\u00c9ch\u00e9ancier\u00a0: La construction aura lieu au printemps et \u00e0 l\u2019\u00e9t\u00e9 2026.<\/p>\n<p class=\"p1\">\n<\/div>\n                <\/div>\n                            <div class=\"accordion\">\n                    <h4 class=\"ac-trigger flex\">3 \u2013 Remplacement des tuyaux de drainage apr\u00e8s leur cycle de vie \u2013 B\u00e2timent de fret<\/h4>\n                    <div class=\"ac-content\"><p>Aper\u00e7u : Certaines parties du syst\u00e8me d\u2019\u00e9vacuation des eaux pluviales \u00e0 proximit\u00e9 du b\u00e2timent de fret, dont certaines ont plus de 70 ans, seront remplac\u00e9es afin d\u2019assurer un drainage fiable.<\/p>\n<p>Avantages : Permet de r\u00e9duire le risque d\u2019inondation, d\u2019am\u00e9liorer la qualit\u00e9 de l\u2019eau et d\u2019am\u00e9liorer le rendement \u00e0 long terme du syst\u00e8me.<\/p>\n<p>\u00c9ch\u00e9ancier : La construction est pr\u00e9vue au printemps et \u00e0 l\u2019\u00e9t\u00e9 2026.<\/p>\n<\/div>\n                <\/div>\n                            <div class=\"accordion\">\n                    <h4 class=\"ac-trigger flex\">4 \u2013 Remplacement des syst\u00e8mes de drainage apr\u00e8s leur cycle de vie de l\u2019a\u00e9rodrome au ruisseau Kelset<\/h4>\n                    <div class=\"ac-content\"><p>Aper\u00e7u : Les sections vieillissantes du syst\u00e8me d\u2019\u00e9vacuation des eaux pluviales de l\u2019a\u00e9rodrome seront remplac\u00e9es afin d\u2019assurer un drainage fiable et de prot\u00e9ger les cours d\u2019eau en aval.<\/p>\n<p>Avantages : Permet de r\u00e9duire le risque d\u2019inondation, d\u2019am\u00e9liorer la qualit\u00e9 de l\u2019eau et d\u2019am\u00e9liorer<\/p>\n<p>la r\u00e9silience \u00e0 long terme de l\u2019infrastructure de l\u2019a\u00e9rodrome. \u00c9ch\u00e9ancier : La construction est pr\u00e9vue au printemps et \u00e0 l\u2019\u00e9t\u00e9 2027.<\/p>\n<\/div>\n                <\/div>\n                            <div class=\"accordion\">\n                    <h4 class=\"ac-trigger flex\">5 \u2013 Restauration de la rive est de \u023eE\u1e48TEN (ruisseau Tenten)<\/h4>\n                    <div class=\"ac-content\"><p>Aper\u00e7u\u00a0: Restauration d\u2019un tron\u00e7on de 100\u00a0m\u00e8tres du ruisseau, qui comprend le contr\u00f4le de l\u2019\u00e9rosion, la restauration d\u2019\u00e9l\u00e9ments favorables \u00e0 l\u2019habitat comme des rapides et des bassins et la plantation d\u2019esp\u00e8ces indig\u00e8nes.<\/p>\n<p>Avantages\u00a0: Pr\u00e9vient l\u2019\u00e9rosion, am\u00e9liore l\u2019habitat des poissons et de la faune et favorise la biodiversit\u00e9.<\/p>\n<p>\u00c9ch\u00e9ancier\u00a0: Ce projet sera mis en \u0153uvre en 2026.<\/p>\n<\/div>\n                <\/div>\n                            <div class=\"accordion\">\n                    <h4 class=\"ac-trigger flex\">6 \u2013 Agrandissement de la salle d\u2019embarquement de l\u2019\u00e9tage sup\u00e9rieur<\/h4>\n                    <div class=\"ac-content\"><p>Aper\u00e7u : On agrandira la salle d\u2019embarquement de l\u2019\u00e9tage sup\u00e9rieur afin de r\u00e9duire l\u2019affluence et d\u2019am\u00e9liorer l\u2019exp\u00e9rience g\u00e9n\u00e9rale des personnes qui voyagent. Le projet pr\u00e9voit l\u2019agrandissement des bureaux existants, l\u2019ajout de nouveaux services de restauration et de commerce de d\u00e9tail, la r\u00e9novation des toilettes et une mise \u00e0 niveau sismique de la partie la plus ancienne de l\u2019a\u00e9rogare.<\/p>\n<p>Avantages : Permet d\u2019am\u00e9liorer le confort et la circulation des passag\u00e8res et passagers, d\u2019augmenter le nombre de toilettes, d\u2019ajouter des commodit\u00e9s et de renforcer le b\u00e2timent de l\u2019a\u00e9rogare afin d\u2019assurer la s\u00e9curit\u00e9 et la fiabilit\u00e9 \u00e0 long terme.<\/p>\n<p>\u00c9ch\u00e9ancier : La construction commencera en 2026, et la mise en service est pr\u00e9vue pour 2027.<\/p>\n<\/div>\n                <\/div>\n                            <div class=\"accordion\">\n                    <h4 class=\"ac-trigger flex\">7 \u2013 Remplacement de l\u2019\u00e9clairage p\u00e9riph\u00e9rique de la piste 09-27<\/h4>\n                    <div class=\"ac-content\"><p>Aper\u00e7u\u00a0: On remplacera les c\u00e2bles et conduits vieillissants de l\u2019\u00e9clairage p\u00e9riph\u00e9rique et on ajoutera de nouvelles fosses de tirage et de nouveaux piquets. On installera \u00e9galement un syst\u00e8me d\u2019information m\u00e9t\u00e9orologique pour la piste.<\/p>\n<p>Avantages\u00a0: Permet un \u00e9clairage plus fiable de la piste, r\u00e9duit les co\u00fbts d\u2019entretien et am\u00e9liore les rapports sur l\u2019\u00e9tat des pistes.<\/p>\n<p>\u00c9ch\u00e9ancier : La construction est pr\u00e9vue au printemps et \u00e0 l\u2019\u00e9t\u00e9 2026.<\/p>\n<\/div>\n                <\/div>\n                            <div class=\"accordion\">\n                    <h4 class=\"ac-trigger flex\">8 \u2013 Am\u00e9lioration de la s\u00e9curit\u00e9 de la trajectoire de vol<\/h4>\n                    <div class=\"ac-content\"><p>Aper\u00e7u\u00a0: On apportera des am\u00e9liorations en mati\u00e8re de s\u00e9curit\u00e9 aux all\u00e9es pi\u00e9tonnes et aux pistes cyclables autour de l\u2019a\u00e9roport.<\/p>\n<p>Avantages\u00a0: On r\u00e9parera des tron\u00e7ons des all\u00e9es et pistes, de nouveaux panneaux de signalisation orienteront les usag\u00e8res et usagers et des marquages s\u00e9pareront les cyclistes et les pi\u00e9tonnes et pi\u00e9tons afin d\u2019am\u00e9liorer la s\u00e9curit\u00e9 et l\u2019accessibilit\u00e9.<\/p>\n<p>\u00c9ch\u00e9ancier : La mise en \u0153uvre est pr\u00e9vue pour 2026.<\/p>\n<\/div>\n                <\/div>\n                    <\/div>\n    <\/div>\n<\/section>\n\n\n<figure class=\"wp-block-gallery has-nested-images columns-5 is-cropped wp-block-gallery-1 is-layout-flex wp-block-gallery-is-layout-flex\">\n<figure class=\"wp-block-image size-full\"><img loading=\"lazy\" decoding=\"async\" width=\"750\" height=\"611\" data-id=\"4173\" src=\"https:\/\/yyj.ca\/wp-content\/uploads\/2023\/02\/YYJ_SAMPLE_IMAGES-19.jpg\" alt=\"\" class=\"wp-image-4173\" srcset=\"https:\/\/yyj.ca\/wp-content\/uploads\/2023\/02\/YYJ_SAMPLE_IMAGES-19.jpg 750w, https:\/\/yyj.ca\/wp-content\/uploads\/2023\/02\/YYJ_SAMPLE_IMAGES-19-300x244.jpg 300w\" sizes=\"auto, (max-width: 750px) 100vw, 750px\" \/><\/figure>\n\n\n\n<figure class=\"wp-block-image size-full\"><img loading=\"lazy\" decoding=\"async\" width=\"750\" height=\"500\" data-id=\"4174\" src=\"https:\/\/yyj.ca\/wp-content\/uploads\/2023\/02\/YYJ_SAMPLE_IMAGES.jpg\" alt=\"\" class=\"wp-image-4174\" srcset=\"https:\/\/yyj.ca\/wp-content\/uploads\/2023\/02\/YYJ_SAMPLE_IMAGES.jpg 750w, https:\/\/yyj.ca\/wp-content\/uploads\/2023\/02\/YYJ_SAMPLE_IMAGES-300x200.jpg 300w\" sizes=\"auto, (max-width: 750px) 100vw, 750px\" \/><\/figure>\n\n\n\n<figure class=\"wp-block-image size-large\"><img loading=\"lazy\" decoding=\"async\" width=\"1024\" height=\"682\" data-id=\"4231\" src=\"https:\/\/yyj.ca\/wp-content\/uploads\/2023\/02\/YYJ_2023-229-1024x682.jpg\" alt=\"\" class=\"wp-image-4231\" srcset=\"https:\/\/yyj.ca\/wp-content\/uploads\/2023\/02\/YYJ_2023-229-1024x682.jpg 1024w, https:\/\/yyj.ca\/wp-content\/uploads\/2023\/02\/YYJ_2023-229-300x200.jpg 300w, https:\/\/yyj.ca\/wp-content\/uploads\/2023\/02\/YYJ_2023-229.jpg 1400w\" sizes=\"auto, (max-width: 1024px) 100vw, 1024px\" \/><\/figure>\n\n\n\n<figure class=\"wp-block-image size-full\"><img loading=\"lazy\" decoding=\"async\" width=\"750\" height=\"500\" data-id=\"4175\" src=\"https:\/\/yyj.ca\/wp-content\/uploads\/2023\/02\/YYJ_SAMPLE_IMAGES-6.jpg\" alt=\"\" class=\"wp-image-4175\" srcset=\"https:\/\/yyj.ca\/wp-content\/uploads\/2023\/02\/YYJ_SAMPLE_IMAGES-6.jpg 750w, https:\/\/yyj.ca\/wp-content\/uploads\/2023\/02\/YYJ_SAMPLE_IMAGES-6-300x200.jpg 300w\" sizes=\"auto, (max-width: 750px) 100vw, 750px\" \/><\/figure>\n\n\n\n<figure class=\"wp-block-image size-large\"><img loading=\"lazy\" decoding=\"async\" width=\"1024\" height=\"682\" data-id=\"4230\" src=\"https:\/\/yyj.ca\/wp-content\/uploads\/2023\/02\/YYJ_2023-30-1024x682.jpg\" alt=\"\" class=\"wp-image-4230\" srcset=\"https:\/\/yyj.ca\/wp-content\/uploads\/2023\/02\/YYJ_2023-30-1024x682.jpg 1024w, https:\/\/yyj.ca\/wp-content\/uploads\/2023\/02\/YYJ_2023-30-300x200.jpg 300w, https:\/\/yyj.ca\/wp-content\/uploads\/2023\/02\/YYJ_2023-30.jpg 1400w\" sizes=\"auto, (max-width: 1024px) 100vw, 1024px\" \/><\/figure>\n<\/figure>\n","protected":false},"excerpt":{"rendered":"","protected":false},"author":1,"featured_media":0,"parent":6951,"menu_order":23,"comment_status":"closed","ping_status":"closed","template":"","meta":{"_acf_changed":false,"footnotes":""},"class_list":["post-10771","page","type-page","status-publish","hentry"],"acf":[],"yoast_head":"<!-- This site is optimized with the Yoast SEO plugin v27.3 - https:\/\/yoast.com\/product\/yoast-seo-wordpress\/ -->\n<title>Projets et planification - Victoria Airport Authority<\/title>\n<meta name=\"robots\" content=\"index, follow, max-snippet:-1, max-image-preview:large, max-video-preview:-1\" \/>\n<link rel=\"canonical\" href=\"https:\/\/yyj.ca\/fr\/notre-avenir\/projets-et-planification\/\" \/>\n<meta property=\"og:locale\" content=\"fr_FR\" \/>\n<meta property=\"og:type\" content=\"article\" \/>\n<meta property=\"og:title\" content=\"Projets et planification - Victoria Airport Authority\" \/>\n<meta property=\"og:url\" content=\"https:\/\/yyj.ca\/fr\/notre-avenir\/projets-et-planification\/\" \/>\n<meta property=\"og:site_name\" content=\"Victoria Airport Authority\" \/>\n<meta property=\"article:modified_time\" content=\"2026-03-30T18:30:00+00:00\" \/>\n<meta property=\"og:image\" content=\"https:\/\/yyj.ca\/wp-content\/uploads\/2026\/03\/DWG_2026-02-04_Capital-Project-Web-Map-scaled.jpg\" \/>\n<meta name=\"twitter:card\" content=\"summary_large_image\" \/>\n<meta name=\"twitter:label1\" content=\"Dur\u00e9e de lecture estim\u00e9e\" \/>\n\t<meta name=\"twitter:data1\" content=\"2 minutes\" \/>\n<script type=\"application\/ld+json\" class=\"yoast-schema-graph\">{\"@context\":\"https:\\\/\\\/schema.org\",\"@graph\":[{\"@type\":\"WebPage\",\"@id\":\"https:\\\/\\\/yyj.ca\\\/fr\\\/notre-avenir\\\/projets-et-planification\\\/\",\"url\":\"https:\\\/\\\/yyj.ca\\\/fr\\\/notre-avenir\\\/projets-et-planification\\\/\",\"name\":\"Projets et planification - Victoria Airport Authority\",\"isPartOf\":{\"@id\":\"https:\\\/\\\/yyj.ca\\\/fr\\\/#website\"},\"primaryImageOfPage\":{\"@id\":\"https:\\\/\\\/yyj.ca\\\/fr\\\/notre-avenir\\\/projets-et-planification\\\/#primaryimage\"},\"image\":{\"@id\":\"https:\\\/\\\/yyj.ca\\\/fr\\\/notre-avenir\\\/projets-et-planification\\\/#primaryimage\"},\"thumbnailUrl\":\"https:\\\/\\\/yyj.ca\\\/wp-content\\\/uploads\\\/2026\\\/03\\\/DWG_2026-02-04_Capital-Project-Web-Map-scaled.jpg\",\"datePublished\":\"2022-10-06T21:19:29+00:00\",\"dateModified\":\"2026-03-30T18:30:00+00:00\",\"breadcrumb\":{\"@id\":\"https:\\\/\\\/yyj.ca\\\/fr\\\/notre-avenir\\\/projets-et-planification\\\/#breadcrumb\"},\"inLanguage\":\"fr-FR\",\"potentialAction\":[{\"@type\":\"ReadAction\",\"target\":[\"https:\\\/\\\/yyj.ca\\\/fr\\\/notre-avenir\\\/projets-et-planification\\\/\"]}]},{\"@type\":\"ImageObject\",\"inLanguage\":\"fr-FR\",\"@id\":\"https:\\\/\\\/yyj.ca\\\/fr\\\/notre-avenir\\\/projets-et-planification\\\/#primaryimage\",\"url\":\"https:\\\/\\\/yyj.ca\\\/wp-content\\\/uploads\\\/2026\\\/03\\\/DWG_2026-02-04_Capital-Project-Web-Map-scaled.jpg\",\"contentUrl\":\"https:\\\/\\\/yyj.ca\\\/wp-content\\\/uploads\\\/2026\\\/03\\\/DWG_2026-02-04_Capital-Project-Web-Map-scaled.jpg\"},{\"@type\":\"BreadcrumbList\",\"@id\":\"https:\\\/\\\/yyj.ca\\\/fr\\\/notre-avenir\\\/projets-et-planification\\\/#breadcrumb\",\"itemListElement\":[{\"@type\":\"ListItem\",\"position\":1,\"name\":\"Home\",\"item\":\"https:\\\/\\\/yyj.ca\\\/fr\\\/\"},{\"@type\":\"ListItem\",\"position\":2,\"name\":\"Notre avenir\",\"item\":\"https:\\\/\\\/yyj.ca\\\/fr\\\/notre-avenir\\\/\"},{\"@type\":\"ListItem\",\"position\":3,\"name\":\"Projets et planification\"}]},{\"@type\":\"WebSite\",\"@id\":\"https:\\\/\\\/yyj.ca\\\/fr\\\/#website\",\"url\":\"https:\\\/\\\/yyj.ca\\\/fr\\\/\",\"name\":\"Victoria Airport Authority\",\"description\":\"Victoria International Airport\",\"publisher\":{\"@id\":\"https:\\\/\\\/yyj.ca\\\/fr\\\/#organization\"},\"potentialAction\":[{\"@type\":\"SearchAction\",\"target\":{\"@type\":\"EntryPoint\",\"urlTemplate\":\"https:\\\/\\\/yyj.ca\\\/fr\\\/?s={search_term_string}\"},\"query-input\":{\"@type\":\"PropertyValueSpecification\",\"valueRequired\":true,\"valueName\":\"search_term_string\"}}],\"inLanguage\":\"fr-FR\"},{\"@type\":\"Organization\",\"@id\":\"https:\\\/\\\/yyj.ca\\\/fr\\\/#organization\",\"name\":\"Victoria Inernational Airport\",\"url\":\"https:\\\/\\\/yyj.ca\\\/fr\\\/\",\"logo\":{\"@type\":\"ImageObject\",\"inLanguage\":\"fr-FR\",\"@id\":\"https:\\\/\\\/yyj.ca\\\/fr\\\/#\\\/schema\\\/logo\\\/image\\\/\",\"url\":\"https:\\\/\\\/aeroportdevictoria.com\\\/wp-content\\\/uploads\\\/2023\\\/06\\\/yyj-logo.svg\",\"contentUrl\":\"https:\\\/\\\/aeroportdevictoria.com\\\/wp-content\\\/uploads\\\/2023\\\/06\\\/yyj-logo.svg\",\"width\":378,\"height\":73,\"caption\":\"Victoria Inernational Airport\"},\"image\":{\"@id\":\"https:\\\/\\\/yyj.ca\\\/fr\\\/#\\\/schema\\\/logo\\\/image\\\/\"}}]}<\/script>\n<!-- \/ Yoast SEO plugin. -->","yoast_head_json":{"title":"Projets et planification - Victoria Airport Authority","robots":{"index":"index","follow":"follow","max-snippet":"max-snippet:-1","max-image-preview":"max-image-preview:large","max-video-preview":"max-video-preview:-1"},"canonical":"https:\/\/yyj.ca\/fr\/notre-avenir\/projets-et-planification\/","og_locale":"fr_FR","og_type":"article","og_title":"Projets et planification - Victoria Airport Authority","og_url":"https:\/\/yyj.ca\/fr\/notre-avenir\/projets-et-planification\/","og_site_name":"Victoria Airport Authority","article_modified_time":"2026-03-30T18:30:00+00:00","og_image":[{"url":"https:\/\/yyj.ca\/wp-content\/uploads\/2026\/03\/DWG_2026-02-04_Capital-Project-Web-Map-scaled.jpg","type":"","width":"","height":""}],"twitter_card":"summary_large_image","twitter_misc":{"Dur\u00e9e de lecture estim\u00e9e":"2 minutes"},"schema":{"@context":"https:\/\/schema.org","@graph":[{"@type":"WebPage","@id":"https:\/\/yyj.ca\/fr\/notre-avenir\/projets-et-planification\/","url":"https:\/\/yyj.ca\/fr\/notre-avenir\/projets-et-planification\/","name":"Projets et planification - Victoria Airport Authority","isPartOf":{"@id":"https:\/\/yyj.ca\/fr\/#website"},"primaryImageOfPage":{"@id":"https:\/\/yyj.ca\/fr\/notre-avenir\/projets-et-planification\/#primaryimage"},"image":{"@id":"https:\/\/yyj.ca\/fr\/notre-avenir\/projets-et-planification\/#primaryimage"},"thumbnailUrl":"https:\/\/yyj.ca\/wp-content\/uploads\/2026\/03\/DWG_2026-02-04_Capital-Project-Web-Map-scaled.jpg","datePublished":"2022-10-06T21:19:29+00:00","dateModified":"2026-03-30T18:30:00+00:00","breadcrumb":{"@id":"https:\/\/yyj.ca\/fr\/notre-avenir\/projets-et-planification\/#breadcrumb"},"inLanguage":"fr-FR","potentialAction":[{"@type":"ReadAction","target":["https:\/\/yyj.ca\/fr\/notre-avenir\/projets-et-planification\/"]}]},{"@type":"ImageObject","inLanguage":"fr-FR","@id":"https:\/\/yyj.ca\/fr\/notre-avenir\/projets-et-planification\/#primaryimage","url":"https:\/\/yyj.ca\/wp-content\/uploads\/2026\/03\/DWG_2026-02-04_Capital-Project-Web-Map-scaled.jpg","contentUrl":"https:\/\/yyj.ca\/wp-content\/uploads\/2026\/03\/DWG_2026-02-04_Capital-Project-Web-Map-scaled.jpg"},{"@type":"BreadcrumbList","@id":"https:\/\/yyj.ca\/fr\/notre-avenir\/projets-et-planification\/#breadcrumb","itemListElement":[{"@type":"ListItem","position":1,"name":"Home","item":"https:\/\/yyj.ca\/fr\/"},{"@type":"ListItem","position":2,"name":"Notre avenir","item":"https:\/\/yyj.ca\/fr\/notre-avenir\/"},{"@type":"ListItem","position":3,"name":"Projets et planification"}]},{"@type":"WebSite","@id":"https:\/\/yyj.ca\/fr\/#website","url":"https:\/\/yyj.ca\/fr\/","name":"Victoria Airport Authority","description":"Victoria International Airport","publisher":{"@id":"https:\/\/yyj.ca\/fr\/#organization"},"potentialAction":[{"@type":"SearchAction","target":{"@type":"EntryPoint","urlTemplate":"https:\/\/yyj.ca\/fr\/?s={search_term_string}"},"query-input":{"@type":"PropertyValueSpecification","valueRequired":true,"valueName":"search_term_string"}}],"inLanguage":"fr-FR"},{"@type":"Organization","@id":"https:\/\/yyj.ca\/fr\/#organization","name":"Victoria Inernational Airport","url":"https:\/\/yyj.ca\/fr\/","logo":{"@type":"ImageObject","inLanguage":"fr-FR","@id":"https:\/\/yyj.ca\/fr\/#\/schema\/logo\/image\/","url":"https:\/\/aeroportdevictoria.com\/wp-content\/uploads\/2023\/06\/yyj-logo.svg","contentUrl":"https:\/\/aeroportdevictoria.com\/wp-content\/uploads\/2023\/06\/yyj-logo.svg","width":378,"height":73,"caption":"Victoria Inernational Airport"},"image":{"@id":"https:\/\/yyj.ca\/fr\/#\/schema\/logo\/image\/"}}]}},"_links":{"self":[{"href":"https:\/\/yyj.ca\/fr\/wp-json\/wp\/v2\/pages\/10771","targetHints":{"allow":["GET"]}}],"collection":[{"href":"https:\/\/yyj.ca\/fr\/wp-json\/wp\/v2\/pages"}],"about":[{"href":"https:\/\/yyj.ca\/fr\/wp-json\/wp\/v2\/types\/page"}],"author":[{"embeddable":true,"href":"https:\/\/yyj.ca\/fr\/wp-json\/wp\/v2\/users\/1"}],"replies":[{"embeddable":true,"href":"https:\/\/yyj.ca\/fr\/wp-json\/wp\/v2\/comments?post=10771"}],"version-history":[{"count":2,"href":"https:\/\/yyj.ca\/fr\/wp-json\/wp\/v2\/pages\/10771\/revisions"}],"predecessor-version":[{"id":13148,"href":"https:\/\/yyj.ca\/fr\/wp-json\/wp\/v2\/pages\/10771\/revisions\/13148"}],"up":[{"embeddable":true,"href":"https:\/\/yyj.ca\/fr\/wp-json\/wp\/v2\/pages\/6951"}],"wp:attachment":[{"href":"https:\/\/yyj.ca\/fr\/wp-json\/wp\/v2\/media?parent=10771"}],"curies":[{"name":"wp","href":"https:\/\/api.w.org\/{rel}","templated":true}]}}