{"id":3277,"date":"2022-10-06T13:13:23","date_gmt":"2022-10-06T20:13:23","guid":{"rendered":"https:\/\/yyj.eclipsedev.tk\/?page_id=3277"},"modified":"2026-02-04T15:48:41","modified_gmt":"2026-02-04T22:48:41","slug":"the-wsanec-first-nations","status":"publish","type":"page","link":"https:\/\/yyj.ca\/en\/environment-sustainability\/the-wsanec-first-nations\/","title":{"rendered":"The W\u0331S\u00c1NE\u0106 Nation"},"content":{"rendered":"\n<section class=\"banner\">\n            <div class=\"image-wrap\">\n            <img fetchpriority=\"high\" decoding=\"async\" width=\"1156\" height=\"768\" src=\"https:\/\/yyj.ca\/wp-content\/uploads\/2023\/04\/YYJ-2015-23-Medium.jpg\" class=\"attachment-full size-full\" alt=\"\" loading=\"eager\" srcset=\"https:\/\/yyj.ca\/wp-content\/uploads\/2023\/04\/YYJ-2015-23-Medium.jpg 1156w, https:\/\/yyj.ca\/wp-content\/uploads\/2023\/04\/YYJ-2015-23-Medium-300x199.jpg 300w, https:\/\/yyj.ca\/wp-content\/uploads\/2023\/04\/YYJ-2015-23-Medium-1024x680.jpg 1024w\" sizes=\"(max-width: 1156px) 100vw, 1156px\" \/>        <\/div>\n        <div class=\"container large\">\n                    <h2 class=\"overline\">Community<\/h2>\n                    <h1>THE W\u0331S\u00c1NE\u0106 NATION<\/h1>\n                    <\/div>\n    <div class=\"banner-graphic\">\n        <img decoding=\"async\" src=\"\/wp-content\/themes\/eclipse360\/assets\/images\/banner-bottom.svg\" alt=\"banner-graphic\">\n    <\/div>\n<\/section>\n<section class=\"page-intro\">\n    <div class=\"container\">\n        <div class=\"content\"><p>The Victoria International Airport is located on the homelands of the W\u0331S\u00c1NE\u0106 People, whose relationship to the land and waters of the Saanich Peninsula has existed since time immemorial and continues today.<\/p>\n<p>For thousands of years, this area was shaped by a Garry oak meadow ecosystem that supported grasslands, woodlands, and wildflower fields, including camas meadows that bloom each spring. This landscape remains deeply connected to the cultural, environmental, and spiritual traditions of the W\u0331S\u00c1NE\u0106 People.<\/p>\n<p>Victoria International Airport works in partnership with the W\u0331S\u00c1NE\u0106 First Nations to support a respectful, long-term relationship grounded in recognition of Indigenous rights, stewardship of the land, and shared interest in the airport as a regional economic generator, and future partnerships tied to its operations a.<\/p>\n<p>This relationship is guided by the Friendship Agreement between the Victoria Airport Authority and the W\u0331S\u00c1NE\u0106 First Nations, which provides a formal framework for collaboration, governance, and engagement. Through this Agreement, the airport is committed to advancing reconciliation in practical and meaningful ways, consistent with the Truth and Reconciliation Commission\u2019s Call to Action #92.<\/p>\n<p><strong>Friendship Agreement with the <\/strong><strong>W\u0331S\u00c1NE\u0106 First Nations<br \/>\n<\/strong><\/p>\n<p>Four W\u0331S\u00c1NE\u0106 First Nations \u2014 BO\u1e30E\u0106EN (Pauquachin), W\u0331JO\u023dE\u023dP (Tsartlip), S\u023e\u00c1UTW\u0331 (Tsawout), and W\u0331S\u00cd,\u1e34EM (Tseycum) \u2014 and the Victoria Airport Authority (VAA), operator of Victoria International Airport (YYJ), entered into a 15-year Friendship Agreement on February 4, 2026. The Agreement establishes a long-term, collaborative relationship grounded in respect (\u00c1TOL), cooperation (\u0106\u023aINEUEL), and partnership (HIWESTEL).<\/p>\n<p>Developed through several years of dialogue and relationship-building, the Friendship Agreement provides a practical framework for how VAA and the W\u0331S\u00c1NE\u0106 First Nations will work together on airport operations, future development, and shared priorities over time. It represents an incremental but meaningful step toward reconciliation that is forward-looking, operationally focused, and grounded in mutual respect.<\/p>\n<p><strong>What the Friendship Agreement Supports<\/strong><\/p>\n<p>The Friendship Agreement establishes formal structures and processes to guide collaboration between the Victoria Airport Authority and the W\u0331S\u00c1NE\u0106 First Nations, including:<\/p>\n<p><strong>Governance and Collaboration<\/strong><br \/>\nClear governance tables and engagement processes to support ongoing communication, consultation and coordination related to airport operations and future development.<\/p>\n<p><strong>Culture, Heritage, and Placemaking<\/strong><br \/>\nProtection of cultural and archaeological values, cultural awareness training, and expanded visibility of W\u0331S\u00c1NE\u0106 culture, artwork, and SEN\u0106O\u0166EN language across airport facilities and lands.<\/p>\n<p><strong>Employment, Training, and Business Opportunities<\/strong><br \/>\nSupport for employment, training, education, and business opportunities for W\u0331S\u00c1NE\u0106 members, including strengthened Indigenous procurement practices at YYJ.<\/p>\n<p><strong>Environmental Stewardship<\/strong><br \/>\nCollaboration on environmental stewardship initiatives that integrate W\u0331S\u00c1NE\u0106 Traditional Knowledge into environmental planning, restoration, and sustainability efforts.<\/p>\n<p><strong>Long-Term Economic Participation<\/strong><br \/>\nEconomic contributions linked to airport revenue that support W\u0331S\u00c1NE\u0106 community priorities over the life of the Agreement.<\/p>\n<p><a href=\"https:\/\/yyj.ca\/wp-content\/uploads\/2026\/02\/VAA-and-W\u0331SANEC-Friendship-Agreement_BACKGROUNDER.pdf\">BACKGROUNDER<\/a><br \/>\n<a href=\"https:\/\/yyj.ca\/wp-content\/uploads\/2026\/02\/VAA-and-W\u0331SANEC-Friendship-Agreement-Media-Release.pdf\">RELEASE<\/a><\/p>\n<p>&nbsp;<\/p>\n<\/div>\n    <\/div>\n<\/section>\n\n\n\n<figure class=\"wp-block-gallery has-nested-images columns-5 is-cropped wp-block-gallery-1 is-layout-flex wp-block-gallery-is-layout-flex\">\n<figure class=\"wp-block-image size-full\"><img loading=\"lazy\" decoding=\"async\" width=\"750\" height=\"611\" data-id=\"4173\" src=\"https:\/\/yyj.ca\/wp-content\/uploads\/2023\/02\/YYJ_SAMPLE_IMAGES-19.jpg\" alt=\"\" class=\"wp-image-4173\" srcset=\"https:\/\/yyj.ca\/wp-content\/uploads\/2023\/02\/YYJ_SAMPLE_IMAGES-19.jpg 750w, https:\/\/yyj.ca\/wp-content\/uploads\/2023\/02\/YYJ_SAMPLE_IMAGES-19-300x244.jpg 300w\" sizes=\"auto, (max-width: 750px) 100vw, 750px\" \/><\/figure>\n\n\n\n<figure class=\"wp-block-image size-full\"><img loading=\"lazy\" decoding=\"async\" width=\"750\" height=\"500\" data-id=\"4174\" src=\"https:\/\/yyj.ca\/wp-content\/uploads\/2023\/02\/YYJ_SAMPLE_IMAGES.jpg\" alt=\"\" class=\"wp-image-4174\" srcset=\"https:\/\/yyj.ca\/wp-content\/uploads\/2023\/02\/YYJ_SAMPLE_IMAGES.jpg 750w, https:\/\/yyj.ca\/wp-content\/uploads\/2023\/02\/YYJ_SAMPLE_IMAGES-300x200.jpg 300w\" sizes=\"auto, (max-width: 750px) 100vw, 750px\" \/><\/figure>\n\n\n\n<figure class=\"wp-block-image size-large\"><img loading=\"lazy\" decoding=\"async\" width=\"1024\" height=\"682\" data-id=\"4231\" src=\"https:\/\/yyj.ca\/wp-content\/uploads\/2023\/02\/YYJ_2023-229-1024x682.jpg\" alt=\"\" class=\"wp-image-4231\" srcset=\"https:\/\/yyj.ca\/wp-content\/uploads\/2023\/02\/YYJ_2023-229-1024x682.jpg 1024w, https:\/\/yyj.ca\/wp-content\/uploads\/2023\/02\/YYJ_2023-229-300x200.jpg 300w, https:\/\/yyj.ca\/wp-content\/uploads\/2023\/02\/YYJ_2023-229.jpg 1400w\" sizes=\"auto, (max-width: 1024px) 100vw, 1024px\" \/><\/figure>\n\n\n\n<figure class=\"wp-block-image size-full\"><img loading=\"lazy\" decoding=\"async\" width=\"750\" height=\"500\" data-id=\"4175\" src=\"https:\/\/yyj.ca\/wp-content\/uploads\/2023\/02\/YYJ_SAMPLE_IMAGES-6.jpg\" alt=\"\" class=\"wp-image-4175\" srcset=\"https:\/\/yyj.ca\/wp-content\/uploads\/2023\/02\/YYJ_SAMPLE_IMAGES-6.jpg 750w, https:\/\/yyj.ca\/wp-content\/uploads\/2023\/02\/YYJ_SAMPLE_IMAGES-6-300x200.jpg 300w\" sizes=\"auto, (max-width: 750px) 100vw, 750px\" \/><\/figure>\n\n\n\n<figure class=\"wp-block-image size-large\"><img loading=\"lazy\" decoding=\"async\" width=\"1024\" height=\"682\" data-id=\"4230\" src=\"https:\/\/yyj.ca\/wp-content\/uploads\/2023\/02\/YYJ_2023-30-1024x682.jpg\" alt=\"\" class=\"wp-image-4230\" srcset=\"https:\/\/yyj.ca\/wp-content\/uploads\/2023\/02\/YYJ_2023-30-1024x682.jpg 1024w, https:\/\/yyj.ca\/wp-content\/uploads\/2023\/02\/YYJ_2023-30-300x200.jpg 300w, https:\/\/yyj.ca\/wp-content\/uploads\/2023\/02\/YYJ_2023-30.jpg 1400w\" sizes=\"auto, (max-width: 1024px) 100vw, 1024px\" \/><\/figure>\n<\/figure>\n","protected":false},"excerpt":{"rendered":"","protected":false},"author":1,"featured_media":0,"parent":3435,"menu_order":57,"comment_status":"closed","ping_status":"closed","template":"","meta":{"_acf_changed":false,"footnotes":""},"class_list":["post-3277","page","type-page","status-publish","hentry"],"acf":[],"yoast_head":"<!-- This site is optimized with the Yoast SEO plugin v27.3 - https:\/\/yoast.com\/product\/yoast-seo-wordpress\/ -->\n<title>The W\u0331S\u00c1NE\u0106 Nation - Victoria Airport Authority<\/title>\n<meta name=\"robots\" content=\"index, follow, max-snippet:-1, max-image-preview:large, max-video-preview:-1\" \/>\n<link rel=\"canonical\" href=\"https:\/\/yyj.ca\/en\/environment-sustainability\/the-wsanec-first-nations\/\" \/>\n<meta property=\"og:locale\" content=\"en_US\" \/>\n<meta property=\"og:type\" content=\"article\" \/>\n<meta property=\"og:title\" content=\"The W\u0331S\u00c1NE\u0106 Nation - Victoria Airport Authority\" \/>\n<meta property=\"og:url\" content=\"https:\/\/yyj.ca\/en\/environment-sustainability\/the-wsanec-first-nations\/\" \/>\n<meta property=\"og:site_name\" content=\"Victoria Airport Authority\" \/>\n<meta property=\"article:modified_time\" content=\"2026-02-04T22:48:41+00:00\" \/>\n<meta name=\"twitter:card\" content=\"summary_large_image\" \/>\n<meta name=\"twitter:label1\" content=\"Est. reading time\" \/>\n\t<meta name=\"twitter:data1\" content=\"1 minute\" \/>\n<script type=\"application\/ld+json\" class=\"yoast-schema-graph\">{\"@context\":\"https:\\\/\\\/schema.org\",\"@graph\":[{\"@type\":\"WebPage\",\"@id\":\"https:\\\/\\\/yyj.ca\\\/en\\\/environment-sustainability\\\/the-wsanec-first-nations\\\/\",\"url\":\"https:\\\/\\\/yyj.ca\\\/en\\\/environment-sustainability\\\/the-wsanec-first-nations\\\/\",\"name\":\"The W\u0331S\u00c1NE\u0106 Nation - Victoria Airport Authority\",\"isPartOf\":{\"@id\":\"https:\\\/\\\/yyj.ca\\\/en\\\/#website\"},\"datePublished\":\"2022-10-06T20:13:23+00:00\",\"dateModified\":\"2026-02-04T22:48:41+00:00\",\"breadcrumb\":{\"@id\":\"https:\\\/\\\/yyj.ca\\\/en\\\/environment-sustainability\\\/the-wsanec-first-nations\\\/#breadcrumb\"},\"inLanguage\":\"en-US\",\"potentialAction\":[{\"@type\":\"ReadAction\",\"target\":[\"https:\\\/\\\/yyj.ca\\\/en\\\/environment-sustainability\\\/the-wsanec-first-nations\\\/\"]}]},{\"@type\":\"BreadcrumbList\",\"@id\":\"https:\\\/\\\/yyj.ca\\\/en\\\/environment-sustainability\\\/the-wsanec-first-nations\\\/#breadcrumb\",\"itemListElement\":[{\"@type\":\"ListItem\",\"position\":1,\"name\":\"Home\",\"item\":\"https:\\\/\\\/yyj.ca\\\/en\\\/\"},{\"@type\":\"ListItem\",\"position\":2,\"name\":\"Environment &amp; Sustainability\",\"item\":\"https:\\\/\\\/yyj.ca\\\/en\\\/environment-sustainability\\\/\"},{\"@type\":\"ListItem\",\"position\":3,\"name\":\"The W\u0331S\u00c1NE\u0106 Nation\"}]},{\"@type\":\"WebSite\",\"@id\":\"https:\\\/\\\/yyj.ca\\\/en\\\/#website\",\"url\":\"https:\\\/\\\/yyj.ca\\\/en\\\/\",\"name\":\"Victoria Airport Authority\",\"description\":\"Victoria International Airport\",\"publisher\":{\"@id\":\"https:\\\/\\\/yyj.ca\\\/en\\\/#organization\"},\"potentialAction\":[{\"@type\":\"SearchAction\",\"target\":{\"@type\":\"EntryPoint\",\"urlTemplate\":\"https:\\\/\\\/yyj.ca\\\/en\\\/?s={search_term_string}\"},\"query-input\":{\"@type\":\"PropertyValueSpecification\",\"valueRequired\":true,\"valueName\":\"search_term_string\"}}],\"inLanguage\":\"en-US\"},{\"@type\":\"Organization\",\"@id\":\"https:\\\/\\\/yyj.ca\\\/en\\\/#organization\",\"name\":\"Victoria Inernational Airport\",\"url\":\"https:\\\/\\\/yyj.ca\\\/en\\\/\",\"logo\":{\"@type\":\"ImageObject\",\"inLanguage\":\"en-US\",\"@id\":\"https:\\\/\\\/yyj.ca\\\/en\\\/#\\\/schema\\\/logo\\\/image\\\/\",\"url\":\"https:\\\/\\\/aeroportdevictoria.com\\\/wp-content\\\/uploads\\\/2023\\\/06\\\/yyj-logo.svg\",\"contentUrl\":\"https:\\\/\\\/aeroportdevictoria.com\\\/wp-content\\\/uploads\\\/2023\\\/06\\\/yyj-logo.svg\",\"width\":378,\"height\":73,\"caption\":\"Victoria Inernational Airport\"},\"image\":{\"@id\":\"https:\\\/\\\/yyj.ca\\\/en\\\/#\\\/schema\\\/logo\\\/image\\\/\"}}]}<\/script>\n<!-- \/ Yoast SEO plugin. -->","yoast_head_json":{"title":"The W\u0331S\u00c1NE\u0106 Nation - Victoria Airport Authority","robots":{"index":"index","follow":"follow","max-snippet":"max-snippet:-1","max-image-preview":"max-image-preview:large","max-video-preview":"max-video-preview:-1"},"canonical":"https:\/\/yyj.ca\/en\/environment-sustainability\/the-wsanec-first-nations\/","og_locale":"en_US","og_type":"article","og_title":"The W\u0331S\u00c1NE\u0106 Nation - Victoria Airport Authority","og_url":"https:\/\/yyj.ca\/en\/environment-sustainability\/the-wsanec-first-nations\/","og_site_name":"Victoria Airport Authority","article_modified_time":"2026-02-04T22:48:41+00:00","twitter_card":"summary_large_image","twitter_misc":{"Est. reading time":"1 minute"},"schema":{"@context":"https:\/\/schema.org","@graph":[{"@type":"WebPage","@id":"https:\/\/yyj.ca\/en\/environment-sustainability\/the-wsanec-first-nations\/","url":"https:\/\/yyj.ca\/en\/environment-sustainability\/the-wsanec-first-nations\/","name":"The W\u0331S\u00c1NE\u0106 Nation - Victoria Airport Authority","isPartOf":{"@id":"https:\/\/yyj.ca\/en\/#website"},"datePublished":"2022-10-06T20:13:23+00:00","dateModified":"2026-02-04T22:48:41+00:00","breadcrumb":{"@id":"https:\/\/yyj.ca\/en\/environment-sustainability\/the-wsanec-first-nations\/#breadcrumb"},"inLanguage":"en-US","potentialAction":[{"@type":"ReadAction","target":["https:\/\/yyj.ca\/en\/environment-sustainability\/the-wsanec-first-nations\/"]}]},{"@type":"BreadcrumbList","@id":"https:\/\/yyj.ca\/en\/environment-sustainability\/the-wsanec-first-nations\/#breadcrumb","itemListElement":[{"@type":"ListItem","position":1,"name":"Home","item":"https:\/\/yyj.ca\/en\/"},{"@type":"ListItem","position":2,"name":"Environment &amp; Sustainability","item":"https:\/\/yyj.ca\/en\/environment-sustainability\/"},{"@type":"ListItem","position":3,"name":"The W\u0331S\u00c1NE\u0106 Nation"}]},{"@type":"WebSite","@id":"https:\/\/yyj.ca\/en\/#website","url":"https:\/\/yyj.ca\/en\/","name":"Victoria Airport Authority","description":"Victoria International Airport","publisher":{"@id":"https:\/\/yyj.ca\/en\/#organization"},"potentialAction":[{"@type":"SearchAction","target":{"@type":"EntryPoint","urlTemplate":"https:\/\/yyj.ca\/en\/?s={search_term_string}"},"query-input":{"@type":"PropertyValueSpecification","valueRequired":true,"valueName":"search_term_string"}}],"inLanguage":"en-US"},{"@type":"Organization","@id":"https:\/\/yyj.ca\/en\/#organization","name":"Victoria Inernational Airport","url":"https:\/\/yyj.ca\/en\/","logo":{"@type":"ImageObject","inLanguage":"en-US","@id":"https:\/\/yyj.ca\/en\/#\/schema\/logo\/image\/","url":"https:\/\/aeroportdevictoria.com\/wp-content\/uploads\/2023\/06\/yyj-logo.svg","contentUrl":"https:\/\/aeroportdevictoria.com\/wp-content\/uploads\/2023\/06\/yyj-logo.svg","width":378,"height":73,"caption":"Victoria Inernational Airport"},"image":{"@id":"https:\/\/yyj.ca\/en\/#\/schema\/logo\/image\/"}}]}},"_links":{"self":[{"href":"https:\/\/yyj.ca\/en\/wp-json\/wp\/v2\/pages\/3277","targetHints":{"allow":["GET"]}}],"collection":[{"href":"https:\/\/yyj.ca\/en\/wp-json\/wp\/v2\/pages"}],"about":[{"href":"https:\/\/yyj.ca\/en\/wp-json\/wp\/v2\/types\/page"}],"author":[{"embeddable":true,"href":"https:\/\/yyj.ca\/en\/wp-json\/wp\/v2\/users\/1"}],"replies":[{"embeddable":true,"href":"https:\/\/yyj.ca\/en\/wp-json\/wp\/v2\/comments?post=3277"}],"version-history":[{"count":0,"href":"https:\/\/yyj.ca\/en\/wp-json\/wp\/v2\/pages\/3277\/revisions"}],"up":[{"embeddable":true,"href":"https:\/\/yyj.ca\/en\/wp-json\/wp\/v2\/pages\/3435"}],"wp:attachment":[{"href":"https:\/\/yyj.ca\/en\/wp-json\/wp\/v2\/media?parent=3277"}],"curies":[{"name":"wp","href":"https:\/\/api.w.org\/{rel}","templated":true}]}}