{"id":11502,"date":"2025-01-10T16:51:01","date_gmt":"2025-01-10T23:51:01","guid":{"rendered":"https:\/\/yyj.ca\/?page_id=11502"},"modified":"2025-01-10T16:53:19","modified_gmt":"2025-01-10T23:53:19","slug":"oceanspray","status":"publish","type":"page","link":"https:\/\/yyj.ca\/en\/environment-sustainability\/oceanspray\/","title":{"rendered":"Oceanspray"},"content":{"rendered":"\n<section class=\"banner\">\n            <div class=\"image-wrap\">\n            <img fetchpriority=\"high\" decoding=\"async\" width=\"1140\" height=\"1140\" src=\"https:\/\/yyj.ca\/wp-content\/uploads\/2025\/01\/holodiscusdiscolor_Custom_1400x.webp\" class=\"attachment-full size-full\" alt=\"\" loading=\"eager\" srcset=\"https:\/\/yyj.ca\/wp-content\/uploads\/2025\/01\/holodiscusdiscolor_Custom_1400x.webp 1140w, https:\/\/yyj.ca\/wp-content\/uploads\/2025\/01\/holodiscusdiscolor_Custom_1400x-300x300.webp 300w, https:\/\/yyj.ca\/wp-content\/uploads\/2025\/01\/holodiscusdiscolor_Custom_1400x-1024x1024.webp 1024w, https:\/\/yyj.ca\/wp-content\/uploads\/2025\/01\/holodiscusdiscolor_Custom_1400x-150x150.webp 150w, https:\/\/yyj.ca\/wp-content\/uploads\/2025\/01\/holodiscusdiscolor_Custom_1400x-400x400.webp 400w, https:\/\/yyj.ca\/wp-content\/uploads\/2025\/01\/holodiscusdiscolor_Custom_1400x-800x800.webp 800w, https:\/\/yyj.ca\/wp-content\/uploads\/2025\/01\/holodiscusdiscolor_Custom_1400x-600x600.webp 600w\" sizes=\"(max-width: 1140px) 100vw, 1140px\" \/>        <\/div>\n        <div class=\"container large\">\n                    <h1>Oceanspray<\/h1>\n                    <\/div>\n    <div class=\"banner-graphic\">\n        <img decoding=\"async\" src=\"\/wp-content\/themes\/eclipse360\/assets\/images\/banner-bottom.svg\" alt=\"banner-graphic\">\n    <\/div>\n<\/section>\n<section class=\"page-intro\">\n    <div class=\"container\">\n        <div class=\"content\"><p>Oceanspray (Holodiscus discolor)<br \/>\nSEN\u0106O\u0166EN (Saanich First Nations Language): K\u00c1\u023eE\u023d\u0106 <\/p>\n<p>Oceanspray (K\u00c1\u023eE\u023d\u0106)  is a deciduous shrub that bloom in late spring to early summer with clusters of white flowers, resembling sea foam. It prefers dry, well-drained soils and can often be found in open forests and rocky bluffs. This plant is a valuable resource for pollinators and is host to several species of butterflies, moths and birds. There is cultural significance with the hard wood used for tools, and the bark and leaves having medicinal properties. When K\u00c1\u023eE\u023d\u0106  was in full bloom it was an indicator species as the best time to start fishing for Sockeye Salmon. <\/p>\n<p>Light conditions: Full sun to partial shade<br \/>\nBlooms: June &#8211; July<br \/>\nHabitat: Forests, woodlands, rocky slopes<br \/>\nSowing times: Early spring or late fall (from seed).  Propagate through hardwood cutting, layering, or root division.<br \/>\nComplementary plants: Tall Oregon-grape, Nootka Rose, Salal, Great Camas<\/p>\n<p>View our full garden guide below.<\/p>\n<\/div>\n    <\/div>\n<\/section>\n\n\n<section class=\"block_background dark\" style=\"background-color: ;\">\n        <div class=\"container medium\">\n        \n    <\/div>\n<\/section>\n\n\n<p><\/p>\n\n\n\n<div class=\"wp-block-file\"><a id=\"wp-block-file--media-901fe89a-5ba8-457d-a93f-1ccbaa5c8a15\" href=\"https:\/\/yyj.ca\/wp-content\/uploads\/2025\/01\/YYJ-Pollinator-Garden-Brochure.pdf\" target=\"_blank\" rel=\"noreferrer noopener\">YYJ Pollinator Garden Brochure<\/a><\/div>\n\n\n\n<div class=\"wp-block-file\"><a id=\"wp-block-file--media-0792022d-c4ad-4d1d-bad7-b841813caca5\" href=\"https:\/\/yyj.ca\/wp-content\/uploads\/2025\/01\/YYJ-Pollinator-Garden-Brochure-FR.pdf\" target=\"_blank\" rel=\"noreferrer noopener\">YYJ Pollinator Garden Brochure FR<\/a><\/div>\n\n\n\n<p><\/p>\n","protected":false},"excerpt":{"rendered":"","protected":false},"author":10,"featured_media":0,"parent":3435,"menu_order":0,"comment_status":"closed","ping_status":"closed","template":"","meta":{"_acf_changed":false,"footnotes":""},"class_list":["post-11502","page","type-page","status-publish","hentry"],"acf":[],"yoast_head":"<!-- This site is optimized with the Yoast SEO plugin v27.3 - https:\/\/yoast.com\/product\/yoast-seo-wordpress\/ -->\n<title>Oceanspray - Victoria Airport Authority<\/title>\n<meta name=\"robots\" content=\"index, follow, max-snippet:-1, max-image-preview:large, max-video-preview:-1\" \/>\n<link rel=\"canonical\" href=\"https:\/\/yyj.ca\/en\/environment-sustainability\/oceanspray\/\" \/>\n<meta property=\"og:locale\" content=\"en_US\" \/>\n<meta property=\"og:type\" content=\"article\" \/>\n<meta property=\"og:title\" content=\"Oceanspray - Victoria Airport Authority\" \/>\n<meta property=\"og:url\" content=\"https:\/\/yyj.ca\/en\/environment-sustainability\/oceanspray\/\" \/>\n<meta property=\"og:site_name\" content=\"Victoria Airport Authority\" \/>\n<meta property=\"article:modified_time\" content=\"2025-01-10T23:53:19+00:00\" \/>\n<meta name=\"twitter:card\" content=\"summary_large_image\" \/>\n<meta name=\"twitter:label1\" content=\"Est. reading time\" \/>\n\t<meta name=\"twitter:data1\" content=\"1 minute\" \/>\n<script type=\"application\/ld+json\" class=\"yoast-schema-graph\">{\"@context\":\"https:\\\/\\\/schema.org\",\"@graph\":[{\"@type\":\"WebPage\",\"@id\":\"https:\\\/\\\/yyj.ca\\\/en\\\/environment-sustainability\\\/oceanspray\\\/\",\"url\":\"https:\\\/\\\/yyj.ca\\\/en\\\/environment-sustainability\\\/oceanspray\\\/\",\"name\":\"Oceanspray - Victoria Airport Authority\",\"isPartOf\":{\"@id\":\"https:\\\/\\\/yyj.ca\\\/en\\\/#website\"},\"datePublished\":\"2025-01-10T23:51:01+00:00\",\"dateModified\":\"2025-01-10T23:53:19+00:00\",\"breadcrumb\":{\"@id\":\"https:\\\/\\\/yyj.ca\\\/en\\\/environment-sustainability\\\/oceanspray\\\/#breadcrumb\"},\"inLanguage\":\"en-US\",\"potentialAction\":[{\"@type\":\"ReadAction\",\"target\":[\"https:\\\/\\\/yyj.ca\\\/en\\\/environment-sustainability\\\/oceanspray\\\/\"]}]},{\"@type\":\"BreadcrumbList\",\"@id\":\"https:\\\/\\\/yyj.ca\\\/en\\\/environment-sustainability\\\/oceanspray\\\/#breadcrumb\",\"itemListElement\":[{\"@type\":\"ListItem\",\"position\":1,\"name\":\"Home\",\"item\":\"https:\\\/\\\/yyj.ca\\\/en\\\/\"},{\"@type\":\"ListItem\",\"position\":2,\"name\":\"Environment &amp; Sustainability\",\"item\":\"https:\\\/\\\/yyj.ca\\\/en\\\/environment-sustainability\\\/\"},{\"@type\":\"ListItem\",\"position\":3,\"name\":\"Oceanspray\"}]},{\"@type\":\"WebSite\",\"@id\":\"https:\\\/\\\/yyj.ca\\\/en\\\/#website\",\"url\":\"https:\\\/\\\/yyj.ca\\\/en\\\/\",\"name\":\"Victoria Airport Authority\",\"description\":\"Victoria International Airport\",\"publisher\":{\"@id\":\"https:\\\/\\\/yyj.ca\\\/en\\\/#organization\"},\"potentialAction\":[{\"@type\":\"SearchAction\",\"target\":{\"@type\":\"EntryPoint\",\"urlTemplate\":\"https:\\\/\\\/yyj.ca\\\/en\\\/?s={search_term_string}\"},\"query-input\":{\"@type\":\"PropertyValueSpecification\",\"valueRequired\":true,\"valueName\":\"search_term_string\"}}],\"inLanguage\":\"en-US\"},{\"@type\":\"Organization\",\"@id\":\"https:\\\/\\\/yyj.ca\\\/en\\\/#organization\",\"name\":\"Victoria Inernational Airport\",\"url\":\"https:\\\/\\\/yyj.ca\\\/en\\\/\",\"logo\":{\"@type\":\"ImageObject\",\"inLanguage\":\"en-US\",\"@id\":\"https:\\\/\\\/yyj.ca\\\/en\\\/#\\\/schema\\\/logo\\\/image\\\/\",\"url\":\"https:\\\/\\\/aeroportdevictoria.com\\\/wp-content\\\/uploads\\\/2023\\\/06\\\/yyj-logo.svg\",\"contentUrl\":\"https:\\\/\\\/aeroportdevictoria.com\\\/wp-content\\\/uploads\\\/2023\\\/06\\\/yyj-logo.svg\",\"width\":378,\"height\":73,\"caption\":\"Victoria Inernational Airport\"},\"image\":{\"@id\":\"https:\\\/\\\/yyj.ca\\\/en\\\/#\\\/schema\\\/logo\\\/image\\\/\"}}]}<\/script>\n<!-- \/ Yoast SEO plugin. -->","yoast_head_json":{"title":"Oceanspray - Victoria Airport Authority","robots":{"index":"index","follow":"follow","max-snippet":"max-snippet:-1","max-image-preview":"max-image-preview:large","max-video-preview":"max-video-preview:-1"},"canonical":"https:\/\/yyj.ca\/en\/environment-sustainability\/oceanspray\/","og_locale":"en_US","og_type":"article","og_title":"Oceanspray - Victoria Airport Authority","og_url":"https:\/\/yyj.ca\/en\/environment-sustainability\/oceanspray\/","og_site_name":"Victoria Airport Authority","article_modified_time":"2025-01-10T23:53:19+00:00","twitter_card":"summary_large_image","twitter_misc":{"Est. reading time":"1 minute"},"schema":{"@context":"https:\/\/schema.org","@graph":[{"@type":"WebPage","@id":"https:\/\/yyj.ca\/en\/environment-sustainability\/oceanspray\/","url":"https:\/\/yyj.ca\/en\/environment-sustainability\/oceanspray\/","name":"Oceanspray - Victoria Airport Authority","isPartOf":{"@id":"https:\/\/yyj.ca\/en\/#website"},"datePublished":"2025-01-10T23:51:01+00:00","dateModified":"2025-01-10T23:53:19+00:00","breadcrumb":{"@id":"https:\/\/yyj.ca\/en\/environment-sustainability\/oceanspray\/#breadcrumb"},"inLanguage":"en-US","potentialAction":[{"@type":"ReadAction","target":["https:\/\/yyj.ca\/en\/environment-sustainability\/oceanspray\/"]}]},{"@type":"BreadcrumbList","@id":"https:\/\/yyj.ca\/en\/environment-sustainability\/oceanspray\/#breadcrumb","itemListElement":[{"@type":"ListItem","position":1,"name":"Home","item":"https:\/\/yyj.ca\/en\/"},{"@type":"ListItem","position":2,"name":"Environment &amp; Sustainability","item":"https:\/\/yyj.ca\/en\/environment-sustainability\/"},{"@type":"ListItem","position":3,"name":"Oceanspray"}]},{"@type":"WebSite","@id":"https:\/\/yyj.ca\/en\/#website","url":"https:\/\/yyj.ca\/en\/","name":"Victoria Airport Authority","description":"Victoria International Airport","publisher":{"@id":"https:\/\/yyj.ca\/en\/#organization"},"potentialAction":[{"@type":"SearchAction","target":{"@type":"EntryPoint","urlTemplate":"https:\/\/yyj.ca\/en\/?s={search_term_string}"},"query-input":{"@type":"PropertyValueSpecification","valueRequired":true,"valueName":"search_term_string"}}],"inLanguage":"en-US"},{"@type":"Organization","@id":"https:\/\/yyj.ca\/en\/#organization","name":"Victoria Inernational Airport","url":"https:\/\/yyj.ca\/en\/","logo":{"@type":"ImageObject","inLanguage":"en-US","@id":"https:\/\/yyj.ca\/en\/#\/schema\/logo\/image\/","url":"https:\/\/aeroportdevictoria.com\/wp-content\/uploads\/2023\/06\/yyj-logo.svg","contentUrl":"https:\/\/aeroportdevictoria.com\/wp-content\/uploads\/2023\/06\/yyj-logo.svg","width":378,"height":73,"caption":"Victoria Inernational Airport"},"image":{"@id":"https:\/\/yyj.ca\/en\/#\/schema\/logo\/image\/"}}]}},"_links":{"self":[{"href":"https:\/\/yyj.ca\/en\/wp-json\/wp\/v2\/pages\/11502","targetHints":{"allow":["GET"]}}],"collection":[{"href":"https:\/\/yyj.ca\/en\/wp-json\/wp\/v2\/pages"}],"about":[{"href":"https:\/\/yyj.ca\/en\/wp-json\/wp\/v2\/types\/page"}],"author":[{"embeddable":true,"href":"https:\/\/yyj.ca\/en\/wp-json\/wp\/v2\/users\/10"}],"replies":[{"embeddable":true,"href":"https:\/\/yyj.ca\/en\/wp-json\/wp\/v2\/comments?post=11502"}],"version-history":[{"count":0,"href":"https:\/\/yyj.ca\/en\/wp-json\/wp\/v2\/pages\/11502\/revisions"}],"up":[{"embeddable":true,"href":"https:\/\/yyj.ca\/en\/wp-json\/wp\/v2\/pages\/3435"}],"wp:attachment":[{"href":"https:\/\/yyj.ca\/en\/wp-json\/wp\/v2\/media?parent=11502"}],"curies":[{"name":"wp","href":"https:\/\/api.w.org\/{rel}","templated":true}]}}