{"id":11224,"date":"2024-11-04T14:30:18","date_gmt":"2024-11-04T21:30:18","guid":{"rendered":"https:\/\/yyj.ca\/?page_id=11224"},"modified":"2025-01-13T10:23:43","modified_gmt":"2025-01-13T17:23:43","slug":"common-camas","status":"publish","type":"page","link":"https:\/\/yyj.ca\/en\/environment-sustainability\/common-camas\/","title":{"rendered":"Common Camas"},"content":{"rendered":"\n<section class=\"banner\">\n            <div class=\"image-wrap\">\n            <img fetchpriority=\"high\" decoding=\"async\" width=\"1140\" height=\"1140\" src=\"https:\/\/yyj.ca\/wp-content\/uploads\/2025\/01\/Camassiaquamash_Custom_1400x.webp\" class=\"attachment-full size-full\" alt=\"\" loading=\"eager\" srcset=\"https:\/\/yyj.ca\/wp-content\/uploads\/2025\/01\/Camassiaquamash_Custom_1400x.webp 1140w, https:\/\/yyj.ca\/wp-content\/uploads\/2025\/01\/Camassiaquamash_Custom_1400x-300x300.webp 300w, https:\/\/yyj.ca\/wp-content\/uploads\/2025\/01\/Camassiaquamash_Custom_1400x-1024x1024.webp 1024w, https:\/\/yyj.ca\/wp-content\/uploads\/2025\/01\/Camassiaquamash_Custom_1400x-150x150.webp 150w, https:\/\/yyj.ca\/wp-content\/uploads\/2025\/01\/Camassiaquamash_Custom_1400x-400x400.webp 400w, https:\/\/yyj.ca\/wp-content\/uploads\/2025\/01\/Camassiaquamash_Custom_1400x-800x800.webp 800w, https:\/\/yyj.ca\/wp-content\/uploads\/2025\/01\/Camassiaquamash_Custom_1400x-600x600.webp 600w\" sizes=\"(max-width: 1140px) 100vw, 1140px\" \/>        <\/div>\n        <div class=\"container large\">\n                    <h1>Common Camas <\/h1>\n                    <\/div>\n    <div class=\"banner-graphic\">\n        <img decoding=\"async\" src=\"\/wp-content\/themes\/eclipse360\/assets\/images\/banner-bottom.svg\" alt=\"banner-graphic\">\n    <\/div>\n<\/section>\n<section class=\"page-intro\">\n    <div class=\"container\">\n        <div class=\"content\"><p>Common Camas (Camassia quamash)<br \/>\nSEN\u0106O\u0166EN (Saanich First Nations Language): \u1e30\u023dO\u00b8EL<\/p>\n<p>Common Camas (\u1e30\u023dO\u00b8EL) is a native perennial wildflower that features star-shaped blue\/purple flowers. It thrives in moist meadows and prairies, preferring well-drained, loamy clay soils. The plant is well-adapted to the seasonal rain patterns to the Vancouver Island area, and goes into dormancy during the dry summer conditions. \u1e30\u023dO\u00b8EL plays an important ecologic role by providing nectar for pollinators. W\u0331S\u00c1NE\u0106 peoples traditionally harvest the \u1e30\u023dO\u00b8EL bulbs as an important and significant root vegetable food source, high in carbohydrates with a sweet, nutty flavor. It is also part of rituals and gatherings, such as the W\u0331S\u00c1NE\u0106 PEN\u00c1W\u0331E\u1e48 &#8211; Moon of the Camas Harvest.  The harvest marks a time where families travelled to camas harvest locations.  \u1e30\u023dO\u00b8EL harvest plots provide edible camas bulbs as well as fresh gull eggs laid in \u1e30\u023dO\u00b8EL fields.   <a href=\"https:\/\/wsanec.com\/penaw%cc%b1e%e1%b9%89-moon-of-the-camas-harvest\/\">Learn more about the Moon of the Camas Harvest here.<\/a><\/p>\n<p>\u1e30\u023dO\u00b8EL requires 2-5 years to mature before providing beautiful visible blooms when grown from seed, varying on growing conditions.  Young bulbs were planted in YYJ Pollinator Garden in 2022, and we patiently wait for these beautiful flowers to be observed. Please enjoy the beauty of this plant from afar as harvesting requires traditional knowledge and sustainable practices.<\/p>\n<p>Light conditions: Full sun<br \/>\nBlooms: April-June<br \/>\nHabitat: Meadow<br \/>\nSowing time: Sow in fall for spring germination, cold stratification needed.<br \/>\nComplementary plants: California Oatgrass, Western Buttercup, Woolly Sunflower, Yarrow, Field Chickweed<\/p>\n<p>View our full garden guide below.<\/p>\n<\/div>\n    <\/div>\n<\/section>\n\n\n<section class=\"block_background dark\" style=\"background-color: ;\">\n        <div class=\"container medium\">\n        \n\n<div class=\"wp-block-file\"><a id=\"wp-block-file--media-ddc49f91-7816-45a7-9e27-dd15f1e02c51\" href=\"https:\/\/yyj.ca\/wp-content\/uploads\/2024\/08\/YYJ-Pollinator-Garden-Brochure.pdf\">YYJ Pollinator Garden Brochure<\/a><\/div>\n\n\n\n<div class=\"wp-block-file\"><a id=\"wp-block-file--media-85093e44-7045-4070-bbff-d7e531ae76f3\" href=\"https:\/\/yyj.ca\/wp-content\/uploads\/2024\/08\/YYJ-Pollinator-Garden-Brochure-French.pdf\">YYJ Pollinator Garden Brochure French<\/a><\/div>\n\n\n    <\/div>\n<\/section>\n\n\n<p><\/p>\n","protected":false},"excerpt":{"rendered":"","protected":false},"author":10,"featured_media":0,"parent":3435,"menu_order":0,"comment_status":"closed","ping_status":"closed","template":"","meta":{"_acf_changed":false,"footnotes":""},"class_list":["post-11224","page","type-page","status-publish","hentry"],"acf":[],"yoast_head":"<!-- This site is optimized with the Yoast SEO plugin v27.3 - https:\/\/yoast.com\/product\/yoast-seo-wordpress\/ -->\n<title>Common Camas - Victoria Airport Authority<\/title>\n<meta name=\"robots\" content=\"index, follow, max-snippet:-1, max-image-preview:large, max-video-preview:-1\" \/>\n<link rel=\"canonical\" href=\"https:\/\/yyj.ca\/en\/environment-sustainability\/common-camas\/\" \/>\n<meta property=\"og:locale\" content=\"en_US\" \/>\n<meta property=\"og:type\" content=\"article\" \/>\n<meta property=\"og:title\" content=\"Common Camas - Victoria Airport Authority\" \/>\n<meta property=\"og:url\" content=\"https:\/\/yyj.ca\/en\/environment-sustainability\/common-camas\/\" \/>\n<meta property=\"og:site_name\" content=\"Victoria Airport Authority\" \/>\n<meta property=\"article:modified_time\" content=\"2025-01-13T17:23:43+00:00\" \/>\n<meta name=\"twitter:card\" content=\"summary_large_image\" \/>\n<meta name=\"twitter:label1\" content=\"Est. reading time\" \/>\n\t<meta name=\"twitter:data1\" content=\"1 minute\" \/>\n<script type=\"application\/ld+json\" class=\"yoast-schema-graph\">{\"@context\":\"https:\\\/\\\/schema.org\",\"@graph\":[{\"@type\":\"WebPage\",\"@id\":\"https:\\\/\\\/yyj.ca\\\/en\\\/environment-sustainability\\\/common-camas\\\/\",\"url\":\"https:\\\/\\\/yyj.ca\\\/en\\\/environment-sustainability\\\/common-camas\\\/\",\"name\":\"Common Camas - Victoria Airport Authority\",\"isPartOf\":{\"@id\":\"https:\\\/\\\/yyj.ca\\\/en\\\/#website\"},\"datePublished\":\"2024-11-04T21:30:18+00:00\",\"dateModified\":\"2025-01-13T17:23:43+00:00\",\"breadcrumb\":{\"@id\":\"https:\\\/\\\/yyj.ca\\\/en\\\/environment-sustainability\\\/common-camas\\\/#breadcrumb\"},\"inLanguage\":\"en-US\",\"potentialAction\":[{\"@type\":\"ReadAction\",\"target\":[\"https:\\\/\\\/yyj.ca\\\/en\\\/environment-sustainability\\\/common-camas\\\/\"]}]},{\"@type\":\"BreadcrumbList\",\"@id\":\"https:\\\/\\\/yyj.ca\\\/en\\\/environment-sustainability\\\/common-camas\\\/#breadcrumb\",\"itemListElement\":[{\"@type\":\"ListItem\",\"position\":1,\"name\":\"Home\",\"item\":\"https:\\\/\\\/yyj.ca\\\/en\\\/\"},{\"@type\":\"ListItem\",\"position\":2,\"name\":\"Environment &amp; Sustainability\",\"item\":\"https:\\\/\\\/yyj.ca\\\/en\\\/environment-sustainability\\\/\"},{\"@type\":\"ListItem\",\"position\":3,\"name\":\"Common Camas\"}]},{\"@type\":\"WebSite\",\"@id\":\"https:\\\/\\\/yyj.ca\\\/en\\\/#website\",\"url\":\"https:\\\/\\\/yyj.ca\\\/en\\\/\",\"name\":\"Victoria Airport Authority\",\"description\":\"Victoria International Airport\",\"publisher\":{\"@id\":\"https:\\\/\\\/yyj.ca\\\/en\\\/#organization\"},\"potentialAction\":[{\"@type\":\"SearchAction\",\"target\":{\"@type\":\"EntryPoint\",\"urlTemplate\":\"https:\\\/\\\/yyj.ca\\\/en\\\/?s={search_term_string}\"},\"query-input\":{\"@type\":\"PropertyValueSpecification\",\"valueRequired\":true,\"valueName\":\"search_term_string\"}}],\"inLanguage\":\"en-US\"},{\"@type\":\"Organization\",\"@id\":\"https:\\\/\\\/yyj.ca\\\/en\\\/#organization\",\"name\":\"Victoria Inernational Airport\",\"url\":\"https:\\\/\\\/yyj.ca\\\/en\\\/\",\"logo\":{\"@type\":\"ImageObject\",\"inLanguage\":\"en-US\",\"@id\":\"https:\\\/\\\/yyj.ca\\\/en\\\/#\\\/schema\\\/logo\\\/image\\\/\",\"url\":\"https:\\\/\\\/aeroportdevictoria.com\\\/wp-content\\\/uploads\\\/2023\\\/06\\\/yyj-logo.svg\",\"contentUrl\":\"https:\\\/\\\/aeroportdevictoria.com\\\/wp-content\\\/uploads\\\/2023\\\/06\\\/yyj-logo.svg\",\"width\":378,\"height\":73,\"caption\":\"Victoria Inernational Airport\"},\"image\":{\"@id\":\"https:\\\/\\\/yyj.ca\\\/en\\\/#\\\/schema\\\/logo\\\/image\\\/\"}}]}<\/script>\n<!-- \/ Yoast SEO plugin. -->","yoast_head_json":{"title":"Common Camas - Victoria Airport Authority","robots":{"index":"index","follow":"follow","max-snippet":"max-snippet:-1","max-image-preview":"max-image-preview:large","max-video-preview":"max-video-preview:-1"},"canonical":"https:\/\/yyj.ca\/en\/environment-sustainability\/common-camas\/","og_locale":"en_US","og_type":"article","og_title":"Common Camas - Victoria Airport Authority","og_url":"https:\/\/yyj.ca\/en\/environment-sustainability\/common-camas\/","og_site_name":"Victoria Airport Authority","article_modified_time":"2025-01-13T17:23:43+00:00","twitter_card":"summary_large_image","twitter_misc":{"Est. reading time":"1 minute"},"schema":{"@context":"https:\/\/schema.org","@graph":[{"@type":"WebPage","@id":"https:\/\/yyj.ca\/en\/environment-sustainability\/common-camas\/","url":"https:\/\/yyj.ca\/en\/environment-sustainability\/common-camas\/","name":"Common Camas - Victoria Airport Authority","isPartOf":{"@id":"https:\/\/yyj.ca\/en\/#website"},"datePublished":"2024-11-04T21:30:18+00:00","dateModified":"2025-01-13T17:23:43+00:00","breadcrumb":{"@id":"https:\/\/yyj.ca\/en\/environment-sustainability\/common-camas\/#breadcrumb"},"inLanguage":"en-US","potentialAction":[{"@type":"ReadAction","target":["https:\/\/yyj.ca\/en\/environment-sustainability\/common-camas\/"]}]},{"@type":"BreadcrumbList","@id":"https:\/\/yyj.ca\/en\/environment-sustainability\/common-camas\/#breadcrumb","itemListElement":[{"@type":"ListItem","position":1,"name":"Home","item":"https:\/\/yyj.ca\/en\/"},{"@type":"ListItem","position":2,"name":"Environment &amp; Sustainability","item":"https:\/\/yyj.ca\/en\/environment-sustainability\/"},{"@type":"ListItem","position":3,"name":"Common Camas"}]},{"@type":"WebSite","@id":"https:\/\/yyj.ca\/en\/#website","url":"https:\/\/yyj.ca\/en\/","name":"Victoria Airport Authority","description":"Victoria International Airport","publisher":{"@id":"https:\/\/yyj.ca\/en\/#organization"},"potentialAction":[{"@type":"SearchAction","target":{"@type":"EntryPoint","urlTemplate":"https:\/\/yyj.ca\/en\/?s={search_term_string}"},"query-input":{"@type":"PropertyValueSpecification","valueRequired":true,"valueName":"search_term_string"}}],"inLanguage":"en-US"},{"@type":"Organization","@id":"https:\/\/yyj.ca\/en\/#organization","name":"Victoria Inernational Airport","url":"https:\/\/yyj.ca\/en\/","logo":{"@type":"ImageObject","inLanguage":"en-US","@id":"https:\/\/yyj.ca\/en\/#\/schema\/logo\/image\/","url":"https:\/\/aeroportdevictoria.com\/wp-content\/uploads\/2023\/06\/yyj-logo.svg","contentUrl":"https:\/\/aeroportdevictoria.com\/wp-content\/uploads\/2023\/06\/yyj-logo.svg","width":378,"height":73,"caption":"Victoria Inernational Airport"},"image":{"@id":"https:\/\/yyj.ca\/en\/#\/schema\/logo\/image\/"}}]}},"_links":{"self":[{"href":"https:\/\/yyj.ca\/en\/wp-json\/wp\/v2\/pages\/11224","targetHints":{"allow":["GET"]}}],"collection":[{"href":"https:\/\/yyj.ca\/en\/wp-json\/wp\/v2\/pages"}],"about":[{"href":"https:\/\/yyj.ca\/en\/wp-json\/wp\/v2\/types\/page"}],"author":[{"embeddable":true,"href":"https:\/\/yyj.ca\/en\/wp-json\/wp\/v2\/users\/10"}],"replies":[{"embeddable":true,"href":"https:\/\/yyj.ca\/en\/wp-json\/wp\/v2\/comments?post=11224"}],"version-history":[{"count":0,"href":"https:\/\/yyj.ca\/en\/wp-json\/wp\/v2\/pages\/11224\/revisions"}],"up":[{"embeddable":true,"href":"https:\/\/yyj.ca\/en\/wp-json\/wp\/v2\/pages\/3435"}],"wp:attachment":[{"href":"https:\/\/yyj.ca\/en\/wp-json\/wp\/v2\/media?parent=11224"}],"curies":[{"name":"wp","href":"https:\/\/api.w.org\/{rel}","templated":true}]}}